{"id":668,"date":"2024-02-28T02:38:59","date_gmt":"2024-02-27T23:38:59","guid":{"rendered":"https:\/\/astrologelvan.shop\/?post_type=product&#038;p=668"},"modified":"2026-03-18T11:14:53","modified_gmt":"2026-03-18T08:14:53","slug":"her-sey-mumkun-bas-melek-cebrail-prehnit-dogal-tas-bileklik","status":"publish","type":"product","link":"https:\/\/astrologelvan.com\/magaza\/urun\/her-sey-mumkun-bas-melek-cebrail-prehnit-dogal-tas-bileklik\/","title":{"rendered":"HER \u015eEY M\u00dcMK\u00dcN \u2013 BA\u015e MELEK CEBRA\u0130L (PREHN\u0130T) DO\u011eAL TA\u015e B\u0130LEKL\u0130K"},"content":{"rendered":"<p>Do\u011fal ta\u015f kolyelerimizin tasar\u0131mlar\u0131nda do\u011frudan cilde temas etmesini sa\u011fl\u0131yoruz. B\u00f6ylece do\u011fal ta\u015f kolyenizi takt\u0131k\u00e7a v\u00fccudunuzun titre\u015fimlerine ba\u011flan\u0131r ve size denge ve uyum getirir.<\/p>\n<p>&nbsp;<\/p>\n<p><strong>Tak\u0131lar\u0131n\u0131z\u0131n uzun s\u00fcre kullanabilmesi i\u00e7in; Parf\u00fcm, su, s\u0131v\u0131, dezenfektan, krem v.b. gibi maddelerle temas etmemesi, du\u015f-banyo s\u0131ras\u0131nda \u00e7\u0131kart\u0131lmas\u0131 gerekmektedir. Ki\u015finin ter-ten yap\u0131s\u0131na g\u00f6re de etkilenmektedir. Tak\u0131lar\u0131n\u0131z\u0131 kullanmad\u0131\u011f\u0131n\u0131z zamanlarda kesesinde saklaman\u0131z\u0131 \u00f6neririz.<\/strong><\/p>\n<p><strong>Do\u011fal ta\u015flar\u0131n belirli titre\u015fimlere ve frekanslara sahip oldu\u011fu bilinmektedir. Bu nedenle v\u00fccudumuzda ve auram\u0131zda birtak\u0131m iyi etkileri oldu\u011fu s\u00f6ylenmektedir. Ta\u015flar\u0131n \u00f6zelliklerinin bilimsel kesinli\u011fi yoktur. Astrologelvan ma\u011fazas\u0131ndaki t\u00fcm ta\u015flar orijinal, ger\u00e7ek do\u011fal ta\u015flard\u0131r. T\u0131bbi konularda doktora dan\u0131\u015fman\u0131z\u0131 tavsiye ederiz. Ta\u015flar\u0131n tedavi edici \u00f6zelli\u011fi yoktur, sadece ki\u015fisel enerjimizi y\u00fckseltmekte ve astrolojik olarak da temsil etti\u011fi gezegenlerin etkilerini artt\u0131rmakta oldu\u011fu kabul edilir. \u00d6rne\u011fin; pembe kuvars ta\u015f\u0131 a\u015fk ve sevgi gezegeni Ven\u00fcs&#8217;\u00fcn ta\u015f\u0131d\u0131r ve bu sebeple \u00fczerinde ta\u015f\u0131yan ki\u015finin a\u015fk ve sevgi frekans\u0131n\u0131 y\u00fckseltti\u011fi bilinir.<\/strong><\/p>\n<p>&nbsp;<\/p>\n","protected":false},"excerpt":{"rendered":"<p style=\"font-weight: 400\">Evrende her s\u0327eyin bir titres\u0327imi vard\u0131r ve say\u0131lar\u0131 kullanarak hayat\u0131n her alan\u0131nda do\u0308nu\u0308s\u0327u\u0308m yas\u0327ayabilir. Yani baz\u0131 say\u0131 dizilimlerini beraber okudug\u0306umuzda; dog\u0306ru frekansa gec\u0327iyor ve hayat\u0131m\u0131za pozitifi c\u0327ekiyor, kendimizi \u00a0d\u00f6n\u00fc\u015ft\u00fcrebiliyoruz.<\/p>\n<p style=\"font-weight: 400\">Diledi\u011finiz\u00a0\u015feyin kolayca ger\u00e7ekle\u015fti\u011finin ve bunun m\u00fcmk\u00fcn oldu\u011funu zihninizde imgeleyin, niyetinizi kurun ve sekanslar\u0131 tekrarlay\u0131n.<\/p>\n<p style=\"font-weight: 400\">Say\u0131 sekans\u0131n\u0131z\u0131 yan\u0131n\u0131zda ta\u015f\u0131d\u0131\u011f\u0131n\u0131z s\u00fcrece aktif olacakt\u0131r.<\/p>\n","protected":false},"featured_media":5236,"comment_status":"open","ping_status":"closed","template":"","meta":[],"product_brand":[],"product_cat":[92,258,259],"product_tag":[39,93,398,399,40,63],"class_list":{"0":"post-668","1":"product","2":"type-product","3":"status-publish","4":"has-post-thumbnail","6":"product_cat-bas-melek-cebrail-prehnit","7":"product_cat-bileklik","8":"product_cat-bileklikler","9":"product_tag-astrolog-elvan","10":"product_tag-bas-melek-cebrail-melek-saci-dogal-tas-kolye","11":"product_tag-cebrail-tasi-kolye","12":"product_tag-dogal-prehnit-tasi-mucizevi-melek-tasi","13":"product_tag-dogal-tas","14":"product_tag-dogal-tas-kolye","16":"first","17":"outofstock","18":"taxable","19":"shipping-taxable","20":"purchasable","21":"product-type-simple"},"yoast_head":"<!-- This site is optimized with the Yoast SEO plugin v27.3 - https:\/\/yoast.com\/product\/yoast-seo-wordpress\/ -->\n<title>HER \u015eEY M\u00dcMK\u00dcN \u2013 BA\u015e MELEK CEBRA\u0130L (PREHN\u0130T) DO\u011eAL TA\u015e B\u0130LEKL\u0130K - Astrolog Elvan<\/title>\n<meta name=\"robots\" content=\"index, follow, max-snippet:-1, max-image-preview:large, max-video-preview:-1\" \/>\n<link rel=\"canonical\" href=\"https:\/\/astrologelvan.com\/magaza\/urun\/her-sey-mumkun-bas-melek-cebrail-prehnit-dogal-tas-bileklik\/\" \/>\n<meta property=\"og:locale\" content=\"tr_TR\" \/>\n<meta property=\"og:type\" content=\"article\" \/>\n<meta property=\"og:title\" content=\"HER \u015eEY M\u00dcMK\u00dcN \u2013 BA\u015e MELEK CEBRA\u0130L (PREHN\u0130T) DO\u011eAL TA\u015e B\u0130LEKL\u0130K - Astrolog Elvan\" \/>\n<meta property=\"og:description\" content=\"Evrende her s\u0327eyin bir titres\u0327imi vard\u0131r ve say\u0131lar\u0131 kullanarak hayat\u0131n her alan\u0131nda do\u0308nu\u0308s\u0327u\u0308m yas\u0327ayabilir. Yani baz\u0131 say\u0131 dizilimlerini beraber okudug\u0306umuzda; dog\u0306ru frekansa gec\u0327iyor ve hayat\u0131m\u0131za pozitifi c\u0327ekiyor, kendimizi \u00a0d\u00f6n\u00fc\u015ft\u00fcrebiliyoruz. Diledi\u011finiz\u00a0\u015feyin kolayca ger\u00e7ekle\u015fti\u011finin ve bunun m\u00fcmk\u00fcn oldu\u011funu zihninizde imgeleyin, niyetinizi kurun ve sekanslar\u0131 tekrarlay\u0131n. Say\u0131 sekans\u0131n\u0131z\u0131 yan\u0131n\u0131zda ta\u015f\u0131d\u0131\u011f\u0131n\u0131z s\u00fcrece aktif olacakt\u0131r.\" \/>\n<meta property=\"og:url\" content=\"https:\/\/astrologelvan.com\/magaza\/urun\/her-sey-mumkun-bas-melek-cebrail-prehnit-dogal-tas-bileklik\/\" \/>\n<meta property=\"og:site_name\" content=\"Astrolog Elvan\" \/>\n<meta property=\"article:modified_time\" content=\"2026-03-18T08:14:53+00:00\" \/>\n<meta property=\"og:image\" content=\"https:\/\/astrologelvan.com\/magaza\/wp-content\/uploads\/2024\/02\/1-54.jpg\" \/>\n\t<meta property=\"og:image:width\" content=\"1600\" \/>\n\t<meta property=\"og:image:height\" content=\"1600\" \/>\n\t<meta property=\"og:image:type\" content=\"image\/jpeg\" \/>\n<meta name=\"twitter:card\" content=\"summary_large_image\" \/>\n<meta name=\"twitter:label1\" content=\"Tahmini okuma s\u00fcresi\" \/>\n\t<meta name=\"twitter:data1\" content=\"2 dakika\" \/>\n<script type=\"application\/ld+json\" class=\"yoast-schema-graph\">{\"@context\":\"https:\\\/\\\/schema.org\",\"@graph\":[{\"@type\":[\"WebPage\",\"ItemPage\"],\"@id\":\"https:\\\/\\\/astrologelvan.com\\\/magaza\\\/urun\\\/her-sey-mumkun-bas-melek-cebrail-prehnit-dogal-tas-bileklik\\\/\",\"url\":\"https:\\\/\\\/astrologelvan.com\\\/magaza\\\/urun\\\/her-sey-mumkun-bas-melek-cebrail-prehnit-dogal-tas-bileklik\\\/\",\"name\":\"HER \u015eEY M\u00dcMK\u00dcN \u2013 BA\u015e MELEK CEBRA\u0130L (PREHN\u0130T) DO\u011eAL TA\u015e B\u0130LEKL\u0130K - Astrolog Elvan\",\"isPartOf\":{\"@id\":\"https:\\\/\\\/astrologelvan.com\\\/magaza\\\/#website\"},\"primaryImageOfPage\":{\"@id\":\"https:\\\/\\\/astrologelvan.com\\\/magaza\\\/urun\\\/her-sey-mumkun-bas-melek-cebrail-prehnit-dogal-tas-bileklik\\\/#primaryimage\"},\"image\":{\"@id\":\"https:\\\/\\\/astrologelvan.com\\\/magaza\\\/urun\\\/her-sey-mumkun-bas-melek-cebrail-prehnit-dogal-tas-bileklik\\\/#primaryimage\"},\"thumbnailUrl\":\"https:\\\/\\\/astrologelvan.com\\\/magaza\\\/wp-content\\\/uploads\\\/2024\\\/02\\\/1-54.jpg\",\"datePublished\":\"2024-02-27T23:38:59+00:00\",\"dateModified\":\"2026-03-18T08:14:53+00:00\",\"breadcrumb\":{\"@id\":\"https:\\\/\\\/astrologelvan.com\\\/magaza\\\/urun\\\/her-sey-mumkun-bas-melek-cebrail-prehnit-dogal-tas-bileklik\\\/#breadcrumb\"},\"inLanguage\":\"tr\",\"potentialAction\":[{\"@type\":\"ReadAction\",\"target\":[\"https:\\\/\\\/astrologelvan.com\\\/magaza\\\/urun\\\/her-sey-mumkun-bas-melek-cebrail-prehnit-dogal-tas-bileklik\\\/\"]}]},{\"@type\":\"ImageObject\",\"inLanguage\":\"tr\",\"@id\":\"https:\\\/\\\/astrologelvan.com\\\/magaza\\\/urun\\\/her-sey-mumkun-bas-melek-cebrail-prehnit-dogal-tas-bileklik\\\/#primaryimage\",\"url\":\"https:\\\/\\\/astrologelvan.com\\\/magaza\\\/wp-content\\\/uploads\\\/2024\\\/02\\\/1-54.jpg\",\"contentUrl\":\"https:\\\/\\\/astrologelvan.com\\\/magaza\\\/wp-content\\\/uploads\\\/2024\\\/02\\\/1-54.jpg\",\"width\":1600,\"height\":1600},{\"@type\":\"BreadcrumbList\",\"@id\":\"https:\\\/\\\/astrologelvan.com\\\/magaza\\\/urun\\\/her-sey-mumkun-bas-melek-cebrail-prehnit-dogal-tas-bileklik\\\/#breadcrumb\",\"itemListElement\":[{\"@type\":\"ListItem\",\"position\":1,\"name\":\"Anasayfa\",\"item\":\"https:\\\/\\\/astrologelvan.com\\\/magaza\\\/\"},{\"@type\":\"ListItem\",\"position\":2,\"name\":\"Ma\u011faza\",\"item\":\"https:\\\/\\\/astrologelvan.com\\\/magaza\\\/magaza\\\/\"},{\"@type\":\"ListItem\",\"position\":3,\"name\":\"HER \u015eEY M\u00dcMK\u00dcN \u2013 BA\u015e MELEK CEBRA\u0130L (PREHN\u0130T) DO\u011eAL TA\u015e B\u0130LEKL\u0130K\"}]},{\"@type\":\"WebSite\",\"@id\":\"https:\\\/\\\/astrologelvan.com\\\/magaza\\\/#website\",\"url\":\"https:\\\/\\\/astrologelvan.com\\\/magaza\\\/\",\"name\":\"Astrolog Elvan\",\"description\":\"\",\"potentialAction\":[{\"@type\":\"SearchAction\",\"target\":{\"@type\":\"EntryPoint\",\"urlTemplate\":\"https:\\\/\\\/astrologelvan.com\\\/magaza\\\/?s={search_term_string}\"},\"query-input\":{\"@type\":\"PropertyValueSpecification\",\"valueRequired\":true,\"valueName\":\"search_term_string\"}}],\"inLanguage\":\"tr\"}]}<\/script>\n<!-- \/ Yoast SEO plugin. -->","yoast_head_json":{"title":"HER \u015eEY M\u00dcMK\u00dcN \u2013 BA\u015e MELEK CEBRA\u0130L (PREHN\u0130T) DO\u011eAL TA\u015e B\u0130LEKL\u0130K - Astrolog Elvan","robots":{"index":"index","follow":"follow","max-snippet":"max-snippet:-1","max-image-preview":"max-image-preview:large","max-video-preview":"max-video-preview:-1"},"canonical":"https:\/\/astrologelvan.com\/magaza\/urun\/her-sey-mumkun-bas-melek-cebrail-prehnit-dogal-tas-bileklik\/","og_locale":"tr_TR","og_type":"article","og_title":"HER \u015eEY M\u00dcMK\u00dcN \u2013 BA\u015e MELEK CEBRA\u0130L (PREHN\u0130T) DO\u011eAL TA\u015e B\u0130LEKL\u0130K - Astrolog Elvan","og_description":"Evrende her s\u0327eyin bir titres\u0327imi vard\u0131r ve say\u0131lar\u0131 kullanarak hayat\u0131n her alan\u0131nda do\u0308nu\u0308s\u0327u\u0308m yas\u0327ayabilir. Yani baz\u0131 say\u0131 dizilimlerini beraber okudug\u0306umuzda; dog\u0306ru frekansa gec\u0327iyor ve hayat\u0131m\u0131za pozitifi c\u0327ekiyor, kendimizi \u00a0d\u00f6n\u00fc\u015ft\u00fcrebiliyoruz. Diledi\u011finiz\u00a0\u015feyin kolayca ger\u00e7ekle\u015fti\u011finin ve bunun m\u00fcmk\u00fcn oldu\u011funu zihninizde imgeleyin, niyetinizi kurun ve sekanslar\u0131 tekrarlay\u0131n. Say\u0131 sekans\u0131n\u0131z\u0131 yan\u0131n\u0131zda ta\u015f\u0131d\u0131\u011f\u0131n\u0131z s\u00fcrece aktif olacakt\u0131r.","og_url":"https:\/\/astrologelvan.com\/magaza\/urun\/her-sey-mumkun-bas-melek-cebrail-prehnit-dogal-tas-bileklik\/","og_site_name":"Astrolog Elvan","article_modified_time":"2026-03-18T08:14:53+00:00","og_image":[{"width":1600,"height":1600,"url":"https:\/\/astrologelvan.com\/magaza\/wp-content\/uploads\/2024\/02\/1-54.jpg","type":"image\/jpeg"}],"twitter_card":"summary_large_image","twitter_misc":{"Tahmini okuma s\u00fcresi":"2 dakika"},"schema":{"@context":"https:\/\/schema.org","@graph":[{"@type":["WebPage","ItemPage"],"@id":"https:\/\/astrologelvan.com\/magaza\/urun\/her-sey-mumkun-bas-melek-cebrail-prehnit-dogal-tas-bileklik\/","url":"https:\/\/astrologelvan.com\/magaza\/urun\/her-sey-mumkun-bas-melek-cebrail-prehnit-dogal-tas-bileklik\/","name":"HER \u015eEY M\u00dcMK\u00dcN \u2013 BA\u015e MELEK CEBRA\u0130L (PREHN\u0130T) DO\u011eAL TA\u015e B\u0130LEKL\u0130K - Astrolog Elvan","isPartOf":{"@id":"https:\/\/astrologelvan.com\/magaza\/#website"},"primaryImageOfPage":{"@id":"https:\/\/astrologelvan.com\/magaza\/urun\/her-sey-mumkun-bas-melek-cebrail-prehnit-dogal-tas-bileklik\/#primaryimage"},"image":{"@id":"https:\/\/astrologelvan.com\/magaza\/urun\/her-sey-mumkun-bas-melek-cebrail-prehnit-dogal-tas-bileklik\/#primaryimage"},"thumbnailUrl":"https:\/\/astrologelvan.com\/magaza\/wp-content\/uploads\/2024\/02\/1-54.jpg","datePublished":"2024-02-27T23:38:59+00:00","dateModified":"2026-03-18T08:14:53+00:00","breadcrumb":{"@id":"https:\/\/astrologelvan.com\/magaza\/urun\/her-sey-mumkun-bas-melek-cebrail-prehnit-dogal-tas-bileklik\/#breadcrumb"},"inLanguage":"tr","potentialAction":[{"@type":"ReadAction","target":["https:\/\/astrologelvan.com\/magaza\/urun\/her-sey-mumkun-bas-melek-cebrail-prehnit-dogal-tas-bileklik\/"]}]},{"@type":"ImageObject","inLanguage":"tr","@id":"https:\/\/astrologelvan.com\/magaza\/urun\/her-sey-mumkun-bas-melek-cebrail-prehnit-dogal-tas-bileklik\/#primaryimage","url":"https:\/\/astrologelvan.com\/magaza\/wp-content\/uploads\/2024\/02\/1-54.jpg","contentUrl":"https:\/\/astrologelvan.com\/magaza\/wp-content\/uploads\/2024\/02\/1-54.jpg","width":1600,"height":1600},{"@type":"BreadcrumbList","@id":"https:\/\/astrologelvan.com\/magaza\/urun\/her-sey-mumkun-bas-melek-cebrail-prehnit-dogal-tas-bileklik\/#breadcrumb","itemListElement":[{"@type":"ListItem","position":1,"name":"Anasayfa","item":"https:\/\/astrologelvan.com\/magaza\/"},{"@type":"ListItem","position":2,"name":"Ma\u011faza","item":"https:\/\/astrologelvan.com\/magaza\/magaza\/"},{"@type":"ListItem","position":3,"name":"HER \u015eEY M\u00dcMK\u00dcN \u2013 BA\u015e MELEK CEBRA\u0130L (PREHN\u0130T) DO\u011eAL TA\u015e B\u0130LEKL\u0130K"}]},{"@type":"WebSite","@id":"https:\/\/astrologelvan.com\/magaza\/#website","url":"https:\/\/astrologelvan.com\/magaza\/","name":"Astrolog Elvan","description":"","potentialAction":[{"@type":"SearchAction","target":{"@type":"EntryPoint","urlTemplate":"https:\/\/astrologelvan.com\/magaza\/?s={search_term_string}"},"query-input":{"@type":"PropertyValueSpecification","valueRequired":true,"valueName":"search_term_string"}}],"inLanguage":"tr"}]}},"_links":{"self":[{"href":"https:\/\/astrologelvan.com\/magaza\/wp-json\/wp\/v2\/product\/668","targetHints":{"allow":["GET"]}}],"collection":[{"href":"https:\/\/astrologelvan.com\/magaza\/wp-json\/wp\/v2\/product"}],"about":[{"href":"https:\/\/astrologelvan.com\/magaza\/wp-json\/wp\/v2\/types\/product"}],"replies":[{"embeddable":true,"href":"https:\/\/astrologelvan.com\/magaza\/wp-json\/wp\/v2\/comments?post=668"}],"wp:featuredmedia":[{"embeddable":true,"href":"https:\/\/astrologelvan.com\/magaza\/wp-json\/wp\/v2\/media\/5236"}],"wp:attachment":[{"href":"https:\/\/astrologelvan.com\/magaza\/wp-json\/wp\/v2\/media?parent=668"}],"wp:term":[{"taxonomy":"product_brand","embeddable":true,"href":"https:\/\/astrologelvan.com\/magaza\/wp-json\/wp\/v2\/product_brand?post=668"},{"taxonomy":"product_cat","embeddable":true,"href":"https:\/\/astrologelvan.com\/magaza\/wp-json\/wp\/v2\/product_cat?post=668"},{"taxonomy":"product_tag","embeddable":true,"href":"https:\/\/astrologelvan.com\/magaza\/wp-json\/wp\/v2\/product_tag?post=668"}],"curies":[{"name":"wp","href":"https:\/\/api.w.org\/{rel}","templated":true}]}}