{"id":659,"date":"2024-02-28T02:38:32","date_gmt":"2024-02-27T23:38:32","guid":{"rendered":"https:\/\/astrologelvan.shop\/?post_type=product&#038;p=659"},"modified":"2026-02-26T21:26:57","modified_gmt":"2026-02-26T18:26:57","slug":"925-ayar-gumus-uzeri-altin-kaplama-larimar-atlantis-tasi-kolye","status":"publish","type":"product","link":"https:\/\/astrologelvan.com\/magaza\/urun\/925-ayar-gumus-uzeri-altin-kaplama-larimar-atlantis-tasi-kolye\/","title":{"rendered":"LAR\u0130MAR (ATLANT\u0130S) TA\u015eI KOLYE  | 925 AYAR G\u00dcM\u00dc\u015e \u00dcZER\u0130 ALTIN KAPLAMA"},"content":{"rendered":"<p style=\"text-align: left\">G\u00fcm\u00fc\u015f a\u011f\u0131rl\u0131\u011f\u0131 :<strong>5,5 gr<\/strong><\/p>\n<p><strong>3,5<\/strong> &#8211; <strong>4 gr<\/strong> ortalama ta\u015f a\u011f\u0131rl\u0131\u011f\u0131<\/p>\n<p>Zincir <strong>45+15 cm<\/strong><\/p>\n<p>Do\u011fal ta\u015f kolyelerimizin tasar\u0131mlar\u0131nda do\u011frudan cilde temas etmesini sa\u011fl\u0131yoruz. B\u00f6ylece do\u011fal ta\u015f kolyenizi takt\u0131k\u00e7a v\u00fccudunuzun titre\u015fimlerine ba\u011flan\u0131r ve size denge ve uyum getirir.<\/p>\n<p><b>G\u00fcm\u00fc\u015f kararmas\u0131 iadeye tabi de\u011fildir. Do\u011fal y\u00f6ntemlerle ya da sol\u00fcsyon kullanarak kararan g\u00fcm\u00fc\u015f\u00fc yeniden parlatman\u0131z m\u00fcmk\u00fcnd\u00fcr.<\/b><\/p>\n<p><strong>Tak\u0131lar\u0131n\u0131z\u0131n uzun s\u00fcre kullanabilmesi i\u00e7in; Parf\u00fcm, su, s\u0131v\u0131, dezenfektan, krem v.b. gibi maddelerle temas etmemesi, du\u015f-banyo s\u0131ras\u0131nda \u00e7\u0131kart\u0131lmas\u0131 gerekmektedir. Ki\u015finin ter-ten yap\u0131s\u0131na g\u00f6re de etkilenmektedir. Tak\u0131lar\u0131n\u0131z\u0131 kullanmad\u0131\u011f\u0131n\u0131z zamanlarda kesesinde saklaman\u0131z\u0131 \u00f6neririz.<\/strong><\/p>\n<p><strong>Do\u011fal ta\u015flar\u0131n belirli titre\u015fimlere ve frekanslara sahip oldu\u011fu bilinmektedir. Bu nedenle v\u00fccudumuzda ve auram\u0131zda birtak\u0131m iyi etkileri oldu\u011fu s\u00f6ylenmektedir. Ta\u015flar\u0131n \u00f6zelliklerinin bilimsel kesinli\u011fi yoktur. Astrologelvan ma\u011fazas\u0131ndaki t\u00fcm ta\u015flar orijinal, ger\u00e7ek do\u011fal ta\u015flard\u0131r. T\u0131bbi konularda doktora dan\u0131\u015fman\u0131z\u0131 tavsiye ederiz. Ta\u015flar\u0131n tedavi edici \u00f6zelli\u011fi yoktur, sadece ki\u015fisel enerjimizi y\u00fckseltmekte ve astrolojik olarak da temsil etti\u011fi gezegenlerin etkilerini artt\u0131rmakta oldu\u011fu kabul edilir. \u00d6rne\u011fin; pembe kuvars ta\u015f\u0131 a\u015fk ve sevgi gezegeni Ven\u00fcs&#8217;\u00fcn ta\u015f\u0131d\u0131r ve bu sebeple \u00fczerinde ta\u015f\u0131yan ki\u015finin a\u015fk ve sevgi frekans\u0131n\u0131 y\u00fckseltti\u011fi bilinir.<\/strong><\/p>\n","protected":false},"excerpt":{"rendered":"<p>Dominik Cumhuriyeti\u2019nde ya\u015fayan T\u00fcccar Miguel Mendez taraf\u0131ndan ke\u015ffedilmi\u015ftir. Mendez\u2019in k\u0131z\u0131n\u0131n isminin ilk harfleri ile \u0130spanyolca deniz anlam\u0131ndaki \u201cmar\u201d kelimelerinin birle\u015fimidir. Kay\u0131p k\u0131ta Atlantis\u2019in bir par\u00e7as\u0131 oldu\u011funa inan\u0131l\u0131r. \u00dczerinde ta\u015f\u0131yan ki\u015finin Atlantis\u2019in kadim bilgeli\u011fine sahip olabilece\u011fi ya da hayat\u0131na y\u00f6n verecek mesajlar\u0131 evrensel i\u015faretlerle alabilece\u011fi s\u00f6ylenir.<\/p>\n<p>V\u00fccutta halk aras\u0131nda \u201ciman tahtas\u0131\u201d diye ge\u00e7en b\u00f6lgede asl\u0131nda tim\u00fcs bezi vard\u0131r. Tiroid bezinin alt\u0131nda bulunur ve larimar ta\u015f\u0131 tim\u00fcs\u00fc aktive etmeyi sa\u011flar.<\/p>\n<p>&nbsp;<\/p>\n","protected":false},"featured_media":733,"comment_status":"open","ping_status":"closed","template":"","meta":[],"product_brand":[],"product_cat":[321,255,48,411,129],"product_tag":[329,303,39,412,413,40,331,63,290,414,415],"class_list":{"0":"post-659","1":"product","2":"type-product","3":"status-publish","4":"has-post-thumbnail","6":"product_cat-altin-kaplama-kolye","7":"product_cat-gumus-kolye","8":"product_cat-kolyeler","9":"product_cat-larimar-atlantis-tasi","10":"product_cat-ozel-kolye-serisi","11":"product_tag-925-ayar-gumus","12":"product_tag-altin-kaplama-gumus-kolye","13":"product_tag-astrolog-elvan","14":"product_tag-atlantis-tasi","15":"product_tag-atlantis-tasi-kolye","16":"product_tag-dogal-tas","17":"product_tag-dogal-tas-gumus-kolye","18":"product_tag-dogal-tas-kolye","19":"product_tag-gumus-kolye","20":"product_tag-larimar-tasi","21":"product_tag-larimar-tasi-kolye","23":"first","24":"instock","25":"purchasable","26":"product-type-simple"},"yoast_head":"<!-- This site is optimized with the Yoast SEO plugin v27.3 - https:\/\/yoast.com\/product\/yoast-seo-wordpress\/ -->\n<title>LAR\u0130MAR (ATLANT\u0130S) TA\u015eI KOLYE | 925 AYAR G\u00dcM\u00dc\u015e \u00dcZER\u0130 ALTIN KAPLAMA - Astrolog Elvan<\/title>\n<meta name=\"robots\" content=\"index, follow, max-snippet:-1, max-image-preview:large, max-video-preview:-1\" \/>\n<link rel=\"canonical\" href=\"https:\/\/astrologelvan.com\/magaza\/urun\/925-ayar-gumus-uzeri-altin-kaplama-larimar-atlantis-tasi-kolye\/\" \/>\n<meta property=\"og:locale\" content=\"tr_TR\" \/>\n<meta property=\"og:type\" content=\"article\" \/>\n<meta property=\"og:title\" content=\"LAR\u0130MAR (ATLANT\u0130S) TA\u015eI KOLYE | 925 AYAR G\u00dcM\u00dc\u015e \u00dcZER\u0130 ALTIN KAPLAMA - Astrolog Elvan\" \/>\n<meta property=\"og:description\" content=\"Dominik Cumhuriyeti\u2019nde ya\u015fayan T\u00fcccar Miguel Mendez taraf\u0131ndan ke\u015ffedilmi\u015ftir. Mendez\u2019in k\u0131z\u0131n\u0131n isminin ilk harfleri ile \u0130spanyolca deniz anlam\u0131ndaki \u201cmar\u201d kelimelerinin birle\u015fimidir. Kay\u0131p k\u0131ta Atlantis\u2019in bir par\u00e7as\u0131 oldu\u011funa inan\u0131l\u0131r. \u00dczerinde ta\u015f\u0131yan ki\u015finin Atlantis\u2019in kadim bilgeli\u011fine sahip olabilece\u011fi ya da hayat\u0131na y\u00f6n verecek mesajlar\u0131 evrensel i\u015faretlerle alabilece\u011fi s\u00f6ylenir.  V\u00fccutta halk aras\u0131nda \u201ciman tahtas\u0131\u201d diye ge\u00e7en b\u00f6lgede asl\u0131nda tim\u00fcs bezi vard\u0131r. Tiroid bezinin alt\u0131nda bulunur ve larimar ta\u015f\u0131 tim\u00fcs\u00fc aktive etmeyi sa\u011flar.  &nbsp;\" \/>\n<meta property=\"og:url\" content=\"https:\/\/astrologelvan.com\/magaza\/urun\/925-ayar-gumus-uzeri-altin-kaplama-larimar-atlantis-tasi-kolye\/\" \/>\n<meta property=\"og:site_name\" content=\"Astrolog Elvan\" \/>\n<meta property=\"article:modified_time\" content=\"2026-02-26T18:26:57+00:00\" \/>\n<meta property=\"og:image\" content=\"https:\/\/astrologelvan.com\/magaza\/wp-content\/uploads\/2024\/02\/925-Ayar-Gumus-Uzeri-Altin-Kaplama-Larimar-Atlantis-Tasi-Kolye3-scaled-1.jpg\" \/>\n\t<meta property=\"og:image:width\" content=\"1920\" \/>\n\t<meta property=\"og:image:height\" content=\"2560\" \/>\n\t<meta property=\"og:image:type\" content=\"image\/jpeg\" \/>\n<meta name=\"twitter:card\" content=\"summary_large_image\" \/>\n<meta name=\"twitter:label1\" content=\"Tahmini okuma s\u00fcresi\" \/>\n\t<meta name=\"twitter:data1\" content=\"2 dakika\" \/>\n<script type=\"application\/ld+json\" class=\"yoast-schema-graph\">{\"@context\":\"https:\\\/\\\/schema.org\",\"@graph\":[{\"@type\":[\"WebPage\",\"ItemPage\"],\"@id\":\"https:\\\/\\\/astrologelvan.com\\\/magaza\\\/urun\\\/925-ayar-gumus-uzeri-altin-kaplama-larimar-atlantis-tasi-kolye\\\/\",\"url\":\"https:\\\/\\\/astrologelvan.com\\\/magaza\\\/urun\\\/925-ayar-gumus-uzeri-altin-kaplama-larimar-atlantis-tasi-kolye\\\/\",\"name\":\"LAR\u0130MAR (ATLANT\u0130S) TA\u015eI KOLYE | 925 AYAR G\u00dcM\u00dc\u015e \u00dcZER\u0130 ALTIN KAPLAMA - Astrolog Elvan\",\"isPartOf\":{\"@id\":\"https:\\\/\\\/astrologelvan.com\\\/magaza\\\/#website\"},\"primaryImageOfPage\":{\"@id\":\"https:\\\/\\\/astrologelvan.com\\\/magaza\\\/urun\\\/925-ayar-gumus-uzeri-altin-kaplama-larimar-atlantis-tasi-kolye\\\/#primaryimage\"},\"image\":{\"@id\":\"https:\\\/\\\/astrologelvan.com\\\/magaza\\\/urun\\\/925-ayar-gumus-uzeri-altin-kaplama-larimar-atlantis-tasi-kolye\\\/#primaryimage\"},\"thumbnailUrl\":\"https:\\\/\\\/astrologelvan.com\\\/magaza\\\/wp-content\\\/uploads\\\/2024\\\/02\\\/925-Ayar-Gumus-Uzeri-Altin-Kaplama-Larimar-Atlantis-Tasi-Kolye3-scaled-1.jpg\",\"datePublished\":\"2024-02-27T23:38:32+00:00\",\"dateModified\":\"2026-02-26T18:26:57+00:00\",\"breadcrumb\":{\"@id\":\"https:\\\/\\\/astrologelvan.com\\\/magaza\\\/urun\\\/925-ayar-gumus-uzeri-altin-kaplama-larimar-atlantis-tasi-kolye\\\/#breadcrumb\"},\"inLanguage\":\"tr\",\"potentialAction\":[{\"@type\":\"ReadAction\",\"target\":[\"https:\\\/\\\/astrologelvan.com\\\/magaza\\\/urun\\\/925-ayar-gumus-uzeri-altin-kaplama-larimar-atlantis-tasi-kolye\\\/\"]}]},{\"@type\":\"ImageObject\",\"inLanguage\":\"tr\",\"@id\":\"https:\\\/\\\/astrologelvan.com\\\/magaza\\\/urun\\\/925-ayar-gumus-uzeri-altin-kaplama-larimar-atlantis-tasi-kolye\\\/#primaryimage\",\"url\":\"https:\\\/\\\/astrologelvan.com\\\/magaza\\\/wp-content\\\/uploads\\\/2024\\\/02\\\/925-Ayar-Gumus-Uzeri-Altin-Kaplama-Larimar-Atlantis-Tasi-Kolye3-scaled-1.jpg\",\"contentUrl\":\"https:\\\/\\\/astrologelvan.com\\\/magaza\\\/wp-content\\\/uploads\\\/2024\\\/02\\\/925-Ayar-Gumus-Uzeri-Altin-Kaplama-Larimar-Atlantis-Tasi-Kolye3-scaled-1.jpg\",\"width\":1920,\"height\":2560},{\"@type\":\"BreadcrumbList\",\"@id\":\"https:\\\/\\\/astrologelvan.com\\\/magaza\\\/urun\\\/925-ayar-gumus-uzeri-altin-kaplama-larimar-atlantis-tasi-kolye\\\/#breadcrumb\",\"itemListElement\":[{\"@type\":\"ListItem\",\"position\":1,\"name\":\"Anasayfa\",\"item\":\"https:\\\/\\\/astrologelvan.com\\\/magaza\\\/\"},{\"@type\":\"ListItem\",\"position\":2,\"name\":\"Ma\u011faza\",\"item\":\"https:\\\/\\\/astrologelvan.com\\\/magaza\\\/magaza\\\/\"},{\"@type\":\"ListItem\",\"position\":3,\"name\":\"LAR\u0130MAR (ATLANT\u0130S) TA\u015eI KOLYE | 925 AYAR G\u00dcM\u00dc\u015e \u00dcZER\u0130 ALTIN KAPLAMA\"}]},{\"@type\":\"WebSite\",\"@id\":\"https:\\\/\\\/astrologelvan.com\\\/magaza\\\/#website\",\"url\":\"https:\\\/\\\/astrologelvan.com\\\/magaza\\\/\",\"name\":\"Astrolog Elvan\",\"description\":\"\",\"potentialAction\":[{\"@type\":\"SearchAction\",\"target\":{\"@type\":\"EntryPoint\",\"urlTemplate\":\"https:\\\/\\\/astrologelvan.com\\\/magaza\\\/?s={search_term_string}\"},\"query-input\":{\"@type\":\"PropertyValueSpecification\",\"valueRequired\":true,\"valueName\":\"search_term_string\"}}],\"inLanguage\":\"tr\"}]}<\/script>\n<!-- \/ Yoast SEO plugin. -->","yoast_head_json":{"title":"LAR\u0130MAR (ATLANT\u0130S) TA\u015eI KOLYE | 925 AYAR G\u00dcM\u00dc\u015e \u00dcZER\u0130 ALTIN KAPLAMA - Astrolog Elvan","robots":{"index":"index","follow":"follow","max-snippet":"max-snippet:-1","max-image-preview":"max-image-preview:large","max-video-preview":"max-video-preview:-1"},"canonical":"https:\/\/astrologelvan.com\/magaza\/urun\/925-ayar-gumus-uzeri-altin-kaplama-larimar-atlantis-tasi-kolye\/","og_locale":"tr_TR","og_type":"article","og_title":"LAR\u0130MAR (ATLANT\u0130S) TA\u015eI KOLYE | 925 AYAR G\u00dcM\u00dc\u015e \u00dcZER\u0130 ALTIN KAPLAMA - Astrolog Elvan","og_description":"Dominik Cumhuriyeti\u2019nde ya\u015fayan T\u00fcccar Miguel Mendez taraf\u0131ndan ke\u015ffedilmi\u015ftir. Mendez\u2019in k\u0131z\u0131n\u0131n isminin ilk harfleri ile \u0130spanyolca deniz anlam\u0131ndaki \u201cmar\u201d kelimelerinin birle\u015fimidir. Kay\u0131p k\u0131ta Atlantis\u2019in bir par\u00e7as\u0131 oldu\u011funa inan\u0131l\u0131r. \u00dczerinde ta\u015f\u0131yan ki\u015finin Atlantis\u2019in kadim bilgeli\u011fine sahip olabilece\u011fi ya da hayat\u0131na y\u00f6n verecek mesajlar\u0131 evrensel i\u015faretlerle alabilece\u011fi s\u00f6ylenir.  V\u00fccutta halk aras\u0131nda \u201ciman tahtas\u0131\u201d diye ge\u00e7en b\u00f6lgede asl\u0131nda tim\u00fcs bezi vard\u0131r. Tiroid bezinin alt\u0131nda bulunur ve larimar ta\u015f\u0131 tim\u00fcs\u00fc aktive etmeyi sa\u011flar.  &nbsp;","og_url":"https:\/\/astrologelvan.com\/magaza\/urun\/925-ayar-gumus-uzeri-altin-kaplama-larimar-atlantis-tasi-kolye\/","og_site_name":"Astrolog Elvan","article_modified_time":"2026-02-26T18:26:57+00:00","og_image":[{"width":1920,"height":2560,"url":"https:\/\/astrologelvan.com\/magaza\/wp-content\/uploads\/2024\/02\/925-Ayar-Gumus-Uzeri-Altin-Kaplama-Larimar-Atlantis-Tasi-Kolye3-scaled-1.jpg","type":"image\/jpeg"}],"twitter_card":"summary_large_image","twitter_misc":{"Tahmini okuma s\u00fcresi":"2 dakika"},"schema":{"@context":"https:\/\/schema.org","@graph":[{"@type":["WebPage","ItemPage"],"@id":"https:\/\/astrologelvan.com\/magaza\/urun\/925-ayar-gumus-uzeri-altin-kaplama-larimar-atlantis-tasi-kolye\/","url":"https:\/\/astrologelvan.com\/magaza\/urun\/925-ayar-gumus-uzeri-altin-kaplama-larimar-atlantis-tasi-kolye\/","name":"LAR\u0130MAR (ATLANT\u0130S) TA\u015eI KOLYE | 925 AYAR G\u00dcM\u00dc\u015e \u00dcZER\u0130 ALTIN KAPLAMA - Astrolog Elvan","isPartOf":{"@id":"https:\/\/astrologelvan.com\/magaza\/#website"},"primaryImageOfPage":{"@id":"https:\/\/astrologelvan.com\/magaza\/urun\/925-ayar-gumus-uzeri-altin-kaplama-larimar-atlantis-tasi-kolye\/#primaryimage"},"image":{"@id":"https:\/\/astrologelvan.com\/magaza\/urun\/925-ayar-gumus-uzeri-altin-kaplama-larimar-atlantis-tasi-kolye\/#primaryimage"},"thumbnailUrl":"https:\/\/astrologelvan.com\/magaza\/wp-content\/uploads\/2024\/02\/925-Ayar-Gumus-Uzeri-Altin-Kaplama-Larimar-Atlantis-Tasi-Kolye3-scaled-1.jpg","datePublished":"2024-02-27T23:38:32+00:00","dateModified":"2026-02-26T18:26:57+00:00","breadcrumb":{"@id":"https:\/\/astrologelvan.com\/magaza\/urun\/925-ayar-gumus-uzeri-altin-kaplama-larimar-atlantis-tasi-kolye\/#breadcrumb"},"inLanguage":"tr","potentialAction":[{"@type":"ReadAction","target":["https:\/\/astrologelvan.com\/magaza\/urun\/925-ayar-gumus-uzeri-altin-kaplama-larimar-atlantis-tasi-kolye\/"]}]},{"@type":"ImageObject","inLanguage":"tr","@id":"https:\/\/astrologelvan.com\/magaza\/urun\/925-ayar-gumus-uzeri-altin-kaplama-larimar-atlantis-tasi-kolye\/#primaryimage","url":"https:\/\/astrologelvan.com\/magaza\/wp-content\/uploads\/2024\/02\/925-Ayar-Gumus-Uzeri-Altin-Kaplama-Larimar-Atlantis-Tasi-Kolye3-scaled-1.jpg","contentUrl":"https:\/\/astrologelvan.com\/magaza\/wp-content\/uploads\/2024\/02\/925-Ayar-Gumus-Uzeri-Altin-Kaplama-Larimar-Atlantis-Tasi-Kolye3-scaled-1.jpg","width":1920,"height":2560},{"@type":"BreadcrumbList","@id":"https:\/\/astrologelvan.com\/magaza\/urun\/925-ayar-gumus-uzeri-altin-kaplama-larimar-atlantis-tasi-kolye\/#breadcrumb","itemListElement":[{"@type":"ListItem","position":1,"name":"Anasayfa","item":"https:\/\/astrologelvan.com\/magaza\/"},{"@type":"ListItem","position":2,"name":"Ma\u011faza","item":"https:\/\/astrologelvan.com\/magaza\/magaza\/"},{"@type":"ListItem","position":3,"name":"LAR\u0130MAR (ATLANT\u0130S) TA\u015eI KOLYE | 925 AYAR G\u00dcM\u00dc\u015e \u00dcZER\u0130 ALTIN KAPLAMA"}]},{"@type":"WebSite","@id":"https:\/\/astrologelvan.com\/magaza\/#website","url":"https:\/\/astrologelvan.com\/magaza\/","name":"Astrolog Elvan","description":"","potentialAction":[{"@type":"SearchAction","target":{"@type":"EntryPoint","urlTemplate":"https:\/\/astrologelvan.com\/magaza\/?s={search_term_string}"},"query-input":{"@type":"PropertyValueSpecification","valueRequired":true,"valueName":"search_term_string"}}],"inLanguage":"tr"}]}},"_links":{"self":[{"href":"https:\/\/astrologelvan.com\/magaza\/wp-json\/wp\/v2\/product\/659","targetHints":{"allow":["GET"]}}],"collection":[{"href":"https:\/\/astrologelvan.com\/magaza\/wp-json\/wp\/v2\/product"}],"about":[{"href":"https:\/\/astrologelvan.com\/magaza\/wp-json\/wp\/v2\/types\/product"}],"replies":[{"embeddable":true,"href":"https:\/\/astrologelvan.com\/magaza\/wp-json\/wp\/v2\/comments?post=659"}],"wp:featuredmedia":[{"embeddable":true,"href":"https:\/\/astrologelvan.com\/magaza\/wp-json\/wp\/v2\/media\/733"}],"wp:attachment":[{"href":"https:\/\/astrologelvan.com\/magaza\/wp-json\/wp\/v2\/media?parent=659"}],"wp:term":[{"taxonomy":"product_brand","embeddable":true,"href":"https:\/\/astrologelvan.com\/magaza\/wp-json\/wp\/v2\/product_brand?post=659"},{"taxonomy":"product_cat","embeddable":true,"href":"https:\/\/astrologelvan.com\/magaza\/wp-json\/wp\/v2\/product_cat?post=659"},{"taxonomy":"product_tag","embeddable":true,"href":"https:\/\/astrologelvan.com\/magaza\/wp-json\/wp\/v2\/product_tag?post=659"}],"curies":[{"name":"wp","href":"https:\/\/api.w.org\/{rel}","templated":true}]}}