{"id":645,"date":"2024-02-28T02:37:42","date_gmt":"2024-02-27T23:37:42","guid":{"rendered":"https:\/\/astrologelvan.shop\/?post_type=product&#038;p=645"},"modified":"2025-10-06T08:14:57","modified_gmt":"2025-10-06T05:14:57","slug":"2023-donusum-ritueli-astrolog-elvan-imzali-donusum-ajandasi-set","status":"publish","type":"product","link":"https:\/\/astrologelvan.com\/magaza\/urun\/2023-donusum-ritueli-astrolog-elvan-imzali-donusum-ajandasi-set\/","title":{"rendered":"2023 D\u00d6N\u00dc\u015e\u00dcM R\u0130T\u00dcEL\u0130 &#038; ASTROLOG ELVAN \u0130MZALI D\u00d6N\u00dc\u015e\u00dcM AJANDASI SET"},"content":{"rendered":"<p><strong>Yeni y\u0131l Paketi!<\/strong><\/p>\n<p>2023 D\u00f6n\u00fc\u015f\u00fcm Ajandas\u0131 &amp; 2023 D\u00f6n\u00fc\u015f\u00fcm Rit\u00fceli bir arada!<\/p>\n<p><strong>2023 D\u00f6n\u00fc\u015f\u00fcm Ajandas\u0131<\/strong><\/p>\n<p>2023 hepimiz i\u00e7in d\u00f6n\u00fc\u015f\u00fcm y\u0131l\u0131 olacak. Bu ajanda ile her g\u00fcn\u00fcn g\u00f6ksel etkisini ve tavsiyesini \u00f6\u011freneceksiniz. \u00d6zel Tarot a\u00e7\u0131l\u0131m\u0131 ile her ay se\u00e7ti\u011finiz karta \u00f6zel bir kehanet sizi bekliyor. Ajandada her ay\u0131n do\u011fal ta\u015flar\u0131n\u0131 bilecek ve \u00fczerinizde o do\u011fal ta\u015flar\u0131 ta\u015f\u0131rsan\u0131z g\u00f6ksel enerjiyi maksimum kullanacaks\u0131n\u0131z. Ayr\u0131ca astrolojik olarak ihtiyac\u0131n\u0131z olan g\u00fcnlere size \u00f6zel his y\u00fcklemeleri yap\u0131ld\u0131. 2023 y\u0131l\u0131nda ihtiyac\u0131n\u0131z olan d\u00f6n\u00fc\u015f\u00fcm enerjisini\u00a0<strong>D\u00d6N\u00dc\u015e\u00dcM AJANDASI<\/strong>\u00a0ile sa\u011flayacaks\u0131n\u0131z.<\/p>\n<p><strong>2023 D\u00f6n\u00fc\u015f\u00fcm Rit\u00fceli<\/strong><\/p>\n<p>Bu rit\u00fceli; 2023\u2019\u00fcn Ocak ay\u0131nda en sihirli g\u00fcnlerde yapabilirsin.<\/p>\n<p>3, 8, 13, 21, 22, 27, 30 Ocak tarihlerinden birini se\u00e7 ba\u015flamak i\u00e7in. Sadece bir gece yapacaks\u0131n. Enerjinin en yo\u011fun oldu\u011fu ve ruhunun iyi hissetti\u011fi geceyi se\u00e7 tarihler aras\u0131ndan.<\/p>\n<p>Kutuda; lavanta, \u00fczerlik ve defneden olu\u015fan bir t\u00fcts\u00fc, istiridye kabu\u011fu, miss kokulu do\u011fal bal mumu, krizopras ta\u015fl\u0131 kolye, bir \u00e7ikolata ve seni \u00e7ocuklu\u011fundaki b\u00fcy\u00fcl\u00fc y\u0131lba\u015f\u0131lar\u0131na g\u00f6t\u00fcrecek bir kartpostal var.<\/p>\n<p><strong>2023\u2019te diledi\u011finin seni bulmas\u0131 i\u00e7in hemen rit\u00fceli sat\u0131n al! Yapman gereken her \u015fey kutuda yaz\u0131yor!<\/strong><\/p>\n","protected":false},"excerpt":{"rendered":"<p><strong>Yeni y\u0131l Paketi!<\/strong><\/p>\n<p>2023 D\u00f6n\u00fc\u015f\u00fcm Ajandas\u0131 &amp; 2023 D\u00f6n\u00fc\u015f\u00fcm Rit\u00fceli bir arada!<\/p>\n","protected":false},"featured_media":699,"comment_status":"closed","ping_status":"closed","template":"","meta":[],"product_brand":[],"product_cat":[388,35,410],"product_tag":[407,39,408,243,41,42,409],"class_list":{"0":"post-645","1":"product","2":"type-product","3":"status-publish","4":"has-post-thumbnail","6":"product_cat-astroloji-ajandasi","7":"product_cat-rituel-kitleri","8":"product_cat-setler","9":"product_tag-2023-ritueli","10":"product_tag-astrolog-elvan","11":"product_tag-kit","12":"product_tag-rituel","13":"product_tag-rituel-kiti","14":"product_tag-tutsu","15":"product_tag-tutsuluk","17":"first","18":"outofstock","19":"taxable","20":"shipping-taxable","21":"purchasable","22":"product-type-simple"},"yoast_head":"<!-- This site is optimized with the Yoast SEO plugin v27.3 - https:\/\/yoast.com\/product\/yoast-seo-wordpress\/ -->\n<title>2023 D\u00d6N\u00dc\u015e\u00dcM R\u0130T\u00dcEL\u0130 &amp; ASTROLOG ELVAN \u0130MZALI D\u00d6N\u00dc\u015e\u00dcM AJANDASI SET - Astrolog Elvan<\/title>\n<meta name=\"robots\" content=\"index, follow, max-snippet:-1, max-image-preview:large, max-video-preview:-1\" \/>\n<link rel=\"canonical\" href=\"https:\/\/astrologelvan.com\/magaza\/urun\/2023-donusum-ritueli-astrolog-elvan-imzali-donusum-ajandasi-set\/\" \/>\n<meta property=\"og:locale\" content=\"tr_TR\" \/>\n<meta property=\"og:type\" content=\"article\" \/>\n<meta property=\"og:title\" content=\"2023 D\u00d6N\u00dc\u015e\u00dcM R\u0130T\u00dcEL\u0130 &amp; ASTROLOG ELVAN \u0130MZALI D\u00d6N\u00dc\u015e\u00dcM AJANDASI SET - Astrolog Elvan\" \/>\n<meta property=\"og:description\" content=\"Yeni y\u0131l Paketi!  2023 D\u00f6n\u00fc\u015f\u00fcm Ajandas\u0131 &amp; 2023 D\u00f6n\u00fc\u015f\u00fcm Rit\u00fceli bir arada!\" \/>\n<meta property=\"og:url\" content=\"https:\/\/astrologelvan.com\/magaza\/urun\/2023-donusum-ritueli-astrolog-elvan-imzali-donusum-ajandasi-set\/\" \/>\n<meta property=\"og:site_name\" content=\"Astrolog Elvan\" \/>\n<meta property=\"article:modified_time\" content=\"2025-10-06T05:14:57+00:00\" \/>\n<meta property=\"og:image\" content=\"https:\/\/astrologelvan.com\/magaza\/wp-content\/uploads\/2024\/02\/2023-Donusum-Ritueli-.jpg\" \/>\n\t<meta property=\"og:image:width\" content=\"1080\" \/>\n\t<meta property=\"og:image:height\" content=\"1440\" \/>\n\t<meta property=\"og:image:type\" content=\"image\/jpeg\" \/>\n<meta name=\"twitter:card\" content=\"summary_large_image\" \/>\n<meta name=\"twitter:label1\" content=\"Tahmini okuma s\u00fcresi\" \/>\n\t<meta name=\"twitter:data1\" content=\"1 dakika\" \/>\n<script type=\"application\/ld+json\" class=\"yoast-schema-graph\">{\"@context\":\"https:\\\/\\\/schema.org\",\"@graph\":[{\"@type\":[\"WebPage\",\"ItemPage\"],\"@id\":\"https:\\\/\\\/astrologelvan.com\\\/magaza\\\/urun\\\/2023-donusum-ritueli-astrolog-elvan-imzali-donusum-ajandasi-set\\\/\",\"url\":\"https:\\\/\\\/astrologelvan.com\\\/magaza\\\/urun\\\/2023-donusum-ritueli-astrolog-elvan-imzali-donusum-ajandasi-set\\\/\",\"name\":\"2023 D\u00d6N\u00dc\u015e\u00dcM R\u0130T\u00dcEL\u0130 & ASTROLOG ELVAN \u0130MZALI D\u00d6N\u00dc\u015e\u00dcM AJANDASI SET - Astrolog Elvan\",\"isPartOf\":{\"@id\":\"https:\\\/\\\/astrologelvan.com\\\/magaza\\\/#website\"},\"primaryImageOfPage\":{\"@id\":\"https:\\\/\\\/astrologelvan.com\\\/magaza\\\/urun\\\/2023-donusum-ritueli-astrolog-elvan-imzali-donusum-ajandasi-set\\\/#primaryimage\"},\"image\":{\"@id\":\"https:\\\/\\\/astrologelvan.com\\\/magaza\\\/urun\\\/2023-donusum-ritueli-astrolog-elvan-imzali-donusum-ajandasi-set\\\/#primaryimage\"},\"thumbnailUrl\":\"https:\\\/\\\/astrologelvan.com\\\/magaza\\\/wp-content\\\/uploads\\\/2024\\\/02\\\/2023-Donusum-Ritueli-.jpg\",\"datePublished\":\"2024-02-27T23:37:42+00:00\",\"dateModified\":\"2025-10-06T05:14:57+00:00\",\"breadcrumb\":{\"@id\":\"https:\\\/\\\/astrologelvan.com\\\/magaza\\\/urun\\\/2023-donusum-ritueli-astrolog-elvan-imzali-donusum-ajandasi-set\\\/#breadcrumb\"},\"inLanguage\":\"tr\",\"potentialAction\":[{\"@type\":\"ReadAction\",\"target\":[\"https:\\\/\\\/astrologelvan.com\\\/magaza\\\/urun\\\/2023-donusum-ritueli-astrolog-elvan-imzali-donusum-ajandasi-set\\\/\"]}]},{\"@type\":\"ImageObject\",\"inLanguage\":\"tr\",\"@id\":\"https:\\\/\\\/astrologelvan.com\\\/magaza\\\/urun\\\/2023-donusum-ritueli-astrolog-elvan-imzali-donusum-ajandasi-set\\\/#primaryimage\",\"url\":\"https:\\\/\\\/astrologelvan.com\\\/magaza\\\/wp-content\\\/uploads\\\/2024\\\/02\\\/2023-Donusum-Ritueli-.jpg\",\"contentUrl\":\"https:\\\/\\\/astrologelvan.com\\\/magaza\\\/wp-content\\\/uploads\\\/2024\\\/02\\\/2023-Donusum-Ritueli-.jpg\",\"width\":1080,\"height\":1440},{\"@type\":\"BreadcrumbList\",\"@id\":\"https:\\\/\\\/astrologelvan.com\\\/magaza\\\/urun\\\/2023-donusum-ritueli-astrolog-elvan-imzali-donusum-ajandasi-set\\\/#breadcrumb\",\"itemListElement\":[{\"@type\":\"ListItem\",\"position\":1,\"name\":\"Anasayfa\",\"item\":\"https:\\\/\\\/astrologelvan.com\\\/magaza\\\/\"},{\"@type\":\"ListItem\",\"position\":2,\"name\":\"Ma\u011faza\",\"item\":\"https:\\\/\\\/astrologelvan.com\\\/magaza\\\/magaza\\\/\"},{\"@type\":\"ListItem\",\"position\":3,\"name\":\"2023 D\u00d6N\u00dc\u015e\u00dcM R\u0130T\u00dcEL\u0130 &#038; ASTROLOG ELVAN \u0130MZALI D\u00d6N\u00dc\u015e\u00dcM AJANDASI SET\"}]},{\"@type\":\"WebSite\",\"@id\":\"https:\\\/\\\/astrologelvan.com\\\/magaza\\\/#website\",\"url\":\"https:\\\/\\\/astrologelvan.com\\\/magaza\\\/\",\"name\":\"Astrolog Elvan\",\"description\":\"\",\"potentialAction\":[{\"@type\":\"SearchAction\",\"target\":{\"@type\":\"EntryPoint\",\"urlTemplate\":\"https:\\\/\\\/astrologelvan.com\\\/magaza\\\/?s={search_term_string}\"},\"query-input\":{\"@type\":\"PropertyValueSpecification\",\"valueRequired\":true,\"valueName\":\"search_term_string\"}}],\"inLanguage\":\"tr\"}]}<\/script>\n<!-- \/ Yoast SEO plugin. -->","yoast_head_json":{"title":"2023 D\u00d6N\u00dc\u015e\u00dcM R\u0130T\u00dcEL\u0130 & ASTROLOG ELVAN \u0130MZALI D\u00d6N\u00dc\u015e\u00dcM AJANDASI SET - Astrolog Elvan","robots":{"index":"index","follow":"follow","max-snippet":"max-snippet:-1","max-image-preview":"max-image-preview:large","max-video-preview":"max-video-preview:-1"},"canonical":"https:\/\/astrologelvan.com\/magaza\/urun\/2023-donusum-ritueli-astrolog-elvan-imzali-donusum-ajandasi-set\/","og_locale":"tr_TR","og_type":"article","og_title":"2023 D\u00d6N\u00dc\u015e\u00dcM R\u0130T\u00dcEL\u0130 & ASTROLOG ELVAN \u0130MZALI D\u00d6N\u00dc\u015e\u00dcM AJANDASI SET - Astrolog Elvan","og_description":"Yeni y\u0131l Paketi!  2023 D\u00f6n\u00fc\u015f\u00fcm Ajandas\u0131 &amp; 2023 D\u00f6n\u00fc\u015f\u00fcm Rit\u00fceli bir arada!","og_url":"https:\/\/astrologelvan.com\/magaza\/urun\/2023-donusum-ritueli-astrolog-elvan-imzali-donusum-ajandasi-set\/","og_site_name":"Astrolog Elvan","article_modified_time":"2025-10-06T05:14:57+00:00","og_image":[{"width":1080,"height":1440,"url":"https:\/\/astrologelvan.com\/magaza\/wp-content\/uploads\/2024\/02\/2023-Donusum-Ritueli-.jpg","type":"image\/jpeg"}],"twitter_card":"summary_large_image","twitter_misc":{"Tahmini okuma s\u00fcresi":"1 dakika"},"schema":{"@context":"https:\/\/schema.org","@graph":[{"@type":["WebPage","ItemPage"],"@id":"https:\/\/astrologelvan.com\/magaza\/urun\/2023-donusum-ritueli-astrolog-elvan-imzali-donusum-ajandasi-set\/","url":"https:\/\/astrologelvan.com\/magaza\/urun\/2023-donusum-ritueli-astrolog-elvan-imzali-donusum-ajandasi-set\/","name":"2023 D\u00d6N\u00dc\u015e\u00dcM R\u0130T\u00dcEL\u0130 & ASTROLOG ELVAN \u0130MZALI D\u00d6N\u00dc\u015e\u00dcM AJANDASI SET - Astrolog Elvan","isPartOf":{"@id":"https:\/\/astrologelvan.com\/magaza\/#website"},"primaryImageOfPage":{"@id":"https:\/\/astrologelvan.com\/magaza\/urun\/2023-donusum-ritueli-astrolog-elvan-imzali-donusum-ajandasi-set\/#primaryimage"},"image":{"@id":"https:\/\/astrologelvan.com\/magaza\/urun\/2023-donusum-ritueli-astrolog-elvan-imzali-donusum-ajandasi-set\/#primaryimage"},"thumbnailUrl":"https:\/\/astrologelvan.com\/magaza\/wp-content\/uploads\/2024\/02\/2023-Donusum-Ritueli-.jpg","datePublished":"2024-02-27T23:37:42+00:00","dateModified":"2025-10-06T05:14:57+00:00","breadcrumb":{"@id":"https:\/\/astrologelvan.com\/magaza\/urun\/2023-donusum-ritueli-astrolog-elvan-imzali-donusum-ajandasi-set\/#breadcrumb"},"inLanguage":"tr","potentialAction":[{"@type":"ReadAction","target":["https:\/\/astrologelvan.com\/magaza\/urun\/2023-donusum-ritueli-astrolog-elvan-imzali-donusum-ajandasi-set\/"]}]},{"@type":"ImageObject","inLanguage":"tr","@id":"https:\/\/astrologelvan.com\/magaza\/urun\/2023-donusum-ritueli-astrolog-elvan-imzali-donusum-ajandasi-set\/#primaryimage","url":"https:\/\/astrologelvan.com\/magaza\/wp-content\/uploads\/2024\/02\/2023-Donusum-Ritueli-.jpg","contentUrl":"https:\/\/astrologelvan.com\/magaza\/wp-content\/uploads\/2024\/02\/2023-Donusum-Ritueli-.jpg","width":1080,"height":1440},{"@type":"BreadcrumbList","@id":"https:\/\/astrologelvan.com\/magaza\/urun\/2023-donusum-ritueli-astrolog-elvan-imzali-donusum-ajandasi-set\/#breadcrumb","itemListElement":[{"@type":"ListItem","position":1,"name":"Anasayfa","item":"https:\/\/astrologelvan.com\/magaza\/"},{"@type":"ListItem","position":2,"name":"Ma\u011faza","item":"https:\/\/astrologelvan.com\/magaza\/magaza\/"},{"@type":"ListItem","position":3,"name":"2023 D\u00d6N\u00dc\u015e\u00dcM R\u0130T\u00dcEL\u0130 &#038; ASTROLOG ELVAN \u0130MZALI D\u00d6N\u00dc\u015e\u00dcM AJANDASI SET"}]},{"@type":"WebSite","@id":"https:\/\/astrologelvan.com\/magaza\/#website","url":"https:\/\/astrologelvan.com\/magaza\/","name":"Astrolog Elvan","description":"","potentialAction":[{"@type":"SearchAction","target":{"@type":"EntryPoint","urlTemplate":"https:\/\/astrologelvan.com\/magaza\/?s={search_term_string}"},"query-input":{"@type":"PropertyValueSpecification","valueRequired":true,"valueName":"search_term_string"}}],"inLanguage":"tr"}]}},"_links":{"self":[{"href":"https:\/\/astrologelvan.com\/magaza\/wp-json\/wp\/v2\/product\/645","targetHints":{"allow":["GET"]}}],"collection":[{"href":"https:\/\/astrologelvan.com\/magaza\/wp-json\/wp\/v2\/product"}],"about":[{"href":"https:\/\/astrologelvan.com\/magaza\/wp-json\/wp\/v2\/types\/product"}],"replies":[{"embeddable":true,"href":"https:\/\/astrologelvan.com\/magaza\/wp-json\/wp\/v2\/comments?post=645"}],"wp:featuredmedia":[{"embeddable":true,"href":"https:\/\/astrologelvan.com\/magaza\/wp-json\/wp\/v2\/media\/699"}],"wp:attachment":[{"href":"https:\/\/astrologelvan.com\/magaza\/wp-json\/wp\/v2\/media?parent=645"}],"wp:term":[{"taxonomy":"product_brand","embeddable":true,"href":"https:\/\/astrologelvan.com\/magaza\/wp-json\/wp\/v2\/product_brand?post=645"},{"taxonomy":"product_cat","embeddable":true,"href":"https:\/\/astrologelvan.com\/magaza\/wp-json\/wp\/v2\/product_cat?post=645"},{"taxonomy":"product_tag","embeddable":true,"href":"https:\/\/astrologelvan.com\/magaza\/wp-json\/wp\/v2\/product_tag?post=645"}],"curies":[{"name":"wp","href":"https:\/\/api.w.org\/{rel}","templated":true}]}}