{"id":639,"date":"2024-02-28T02:37:19","date_gmt":"2024-02-27T23:37:19","guid":{"rendered":"https:\/\/astrologelvan.shop\/?post_type=product&#038;p=639"},"modified":"2025-10-06T08:14:57","modified_gmt":"2025-10-06T05:14:57","slug":"925-ayar-ankh-sonsuz-yasamin-anahtari-kolye","status":"publish","type":"product","link":"https:\/\/astrologelvan.com\/magaza\/urun\/925-ayar-ankh-sonsuz-yasamin-anahtari-kolye\/","title":{"rendered":"925 AYAR ANKH (SONSUZ YA\u015eAMIN ANAHTARI) KOLYE"},"content":{"rendered":"<p>&nbsp;<\/p>\n<hr \/>\n<p><img loading=\"lazy\" decoding=\"async\" class=\"aligncenter size-full wp-image-46741\" src=\"https:\/\/astrologelvan.com\/magaza\/wp-content\/uploads\/2022\/10\/ancient-series.jpg\" alt=\"\" width=\"1148\" height=\"272\" \/><\/p>\n<p>Do\u011fal ta\u015f kolyelerimizin tasar\u0131mlar\u0131nda do\u011frudan cilde temas etmesini sa\u011fl\u0131yoruz. B\u00f6ylece do\u011fal ta\u015f kolyenizi takt\u0131k\u00e7a v\u00fccudunuzun titre\u015fimlerine ba\u011flan\u0131r ve size denge ve uyum getirir.<\/p>\n<p><b>G\u00fcm\u00fc\u015f kararmas\u0131 iadeye tabi de\u011fildir. Do\u011fal y\u00f6ntemlerle ya da sol\u00fcsyon kullanarak kararan g\u00fcm\u00fc\u015f\u00fc yeniden parlatman\u0131z m\u00fcmk\u00fcnd\u00fcr.<\/b><\/p>\n<p><strong>Tak\u0131lar\u0131n\u0131z\u0131n uzun s\u00fcre kullanabilmesi i\u00e7in; Parf\u00fcm, su, s\u0131v\u0131, dezenfektan, krem v.b. gibi maddelerle temas etmemesi, du\u015f-banyo s\u0131ras\u0131nda \u00e7\u0131kart\u0131lmas\u0131 gerekmektedir. Ki\u015finin ter-ten yap\u0131s\u0131na g\u00f6re de etkilenmektedir. Tak\u0131lar\u0131n\u0131z\u0131 kullanmad\u0131\u011f\u0131n\u0131z zamanlarda kesesinde saklaman\u0131z\u0131 \u00f6neririz.<\/strong><\/p>\n<p><strong>Do\u011fal ta\u015flar\u0131n belirli titre\u015fimlere ve frekanslara sahip oldu\u011fu bilinmektedir. Bu nedenle v\u00fccudumuzda ve auram\u0131zda birtak\u0131m iyi etkileri oldu\u011fu s\u00f6ylenmektedir. Ta\u015flar\u0131n \u00f6zelliklerinin bilimsel kesinli\u011fi yoktur. Astrologelvan ma\u011fazas\u0131ndaki t\u00fcm ta\u015flar orijinal, ger\u00e7ek do\u011fal ta\u015flard\u0131r. T\u0131bbi konularda doktora dan\u0131\u015fman\u0131z\u0131 tavsiye ederiz. Ta\u015flar\u0131n tedavi edici \u00f6zelli\u011fi yoktur, sadece ki\u015fisel enerjimizi y\u00fckseltmekte ve astrolojik olarak da temsil etti\u011fi gezegenlerin etkilerini artt\u0131rmakta oldu\u011fu kabul edilir. \u00d6rne\u011fin; pembe kuvars ta\u015f\u0131 a\u015fk ve sevgi gezegeni Ven\u00fcs\u2019\u00fcn ta\u015f\u0131d\u0131r ve bu sebeple \u00fczerinde ta\u015f\u0131yan ki\u015finin a\u015fk ve sevgi frekans\u0131n\u0131 y\u00fckseltti\u011fi bilinir.<\/strong><\/p>\n","protected":false},"excerpt":{"rendered":"<p>&nbsp;<\/p>\n<p><strong>Ancient Edition 925 Ayar G\u00fcm\u00fc\u015f \u2013 \u0130talyan Deri Kolye Ucu<\/strong><\/p>\n<p>Ankh, Nil Nehri\u2019nin anahtar\u0131. M\u0131s\u0131r tarihinin en eski ve g\u00fc\u00e7l\u00fc sembollerinden. Kad\u0131n ve erke\u011fin birlikteli\u011fini anlat\u0131r. Sonsuz ya\u015fam d\u00f6ng\u00fcs\u00fcn\u00fc ve yeniden hayata gelmeyi temsil eder. T harfinin bir daire ile birle\u015fiminden olu\u015fur. T harfi, iki alem aras\u0131ndaki ileti\u015fimi ve ba\u011flant\u0131y\u0131 anlat\u0131r. Antik M\u0131s\u0131r\u2019da \u00f6l\u00fcler Ankh sembol\u00fc ile g\u00f6m\u00fcl\u00fcrlerdi. Daire ise g\u00f6ksel alemi sembolize eder.<\/p>\n<p>Ankh sembol\u00fc, ger\u00e7e\u011fi g\u00f6rmekle alakal\u0131d\u0131r. Bize anlat\u0131landan fazlas\u0131n\u0131 bilmek, s\u00f6ylenilenlerin \u00f6tesini g\u00f6rmek. Ruhsal amac\u0131m\u0131z\u0131 bulmaya yard\u0131mc\u0131 olur. Spirit\u00fcel bilgeli\u011fin bir i\u015fareti olarak ta\u015f\u0131d\u0131\u011f\u0131n\u0131zda g\u00fcnden g\u00fcne i\u00e7inizdeki de\u011fi\u015fime \u015fahit olacaks\u0131n\u0131z.<\/p>\n<p>\u00dcr\u00fcn \u00d6zellikleri:<\/p>\n<p>\u0130talyan Deri Uzunlu\u011fu 50 cm<\/p>\n<p>Ortalama 4 gr 925 Ayar G\u00fcm\u00fc\u015f \u00dczeri Alt\u0131n Kaplama Kolye Ucu<\/p>\n<p>3986497851<\/p>\n","protected":false},"featured_media":3922,"comment_status":"open","ping_status":"closed","template":"","meta":[],"product_brand":[],"product_cat":[250],"product_tag":[394,290],"class_list":{"0":"post-639","1":"product","2":"type-product","3":"status-publish","4":"has-post-thumbnail","6":"product_cat-ancient-series","7":"product_tag-ancient-kolye","8":"product_tag-gumus-kolye","10":"first","11":"instock","12":"purchasable","13":"product-type-simple"},"yoast_head":"<!-- This site is optimized with the Yoast SEO plugin v27.3 - https:\/\/yoast.com\/product\/yoast-seo-wordpress\/ -->\n<title>925 AYAR ANKH (SONSUZ YA\u015eAMIN ANAHTARI) KOLYE - Astrolog Elvan<\/title>\n<meta name=\"description\" content=\"Nefertiti, M\u0131s\u0131r\u2019\u0131n en g\u00fc\u00e7l\u00fc ve g\u00fczelli\u011fi as\u0131rlard\u0131r konu\u015fulan krali\u00e7esi\u2026 Ancient Edititon\u2019\u0131n ilk g\u00f6z a\u011fr\u0131s\u0131\u2026 Astrolog Elvan ve ekibi iftiharla sunar!\" \/>\n<meta name=\"robots\" content=\"index, follow, max-snippet:-1, max-image-preview:large, max-video-preview:-1\" \/>\n<link rel=\"canonical\" href=\"https:\/\/astrologelvan.com\/magaza\/urun\/925-ayar-ankh-sonsuz-yasamin-anahtari-kolye\/\" \/>\n<meta property=\"og:locale\" content=\"tr_TR\" \/>\n<meta property=\"og:type\" content=\"article\" \/>\n<meta property=\"og:title\" content=\"925 AYAR ANKH (SONSUZ YA\u015eAMIN ANAHTARI) KOLYE - Astrolog Elvan\" \/>\n<meta property=\"og:description\" content=\"Nefertiti, M\u0131s\u0131r\u2019\u0131n en g\u00fc\u00e7l\u00fc ve g\u00fczelli\u011fi as\u0131rlard\u0131r konu\u015fulan krali\u00e7esi\u2026 Ancient Edititon\u2019\u0131n ilk g\u00f6z a\u011fr\u0131s\u0131\u2026 Astrolog Elvan ve ekibi iftiharla sunar!\" \/>\n<meta property=\"og:url\" content=\"https:\/\/astrologelvan.com\/magaza\/urun\/925-ayar-ankh-sonsuz-yasamin-anahtari-kolye\/\" \/>\n<meta property=\"og:site_name\" content=\"Astrolog Elvan\" \/>\n<meta property=\"article:modified_time\" content=\"2025-10-06T05:14:57+00:00\" \/>\n<meta property=\"og:image\" content=\"https:\/\/astrologelvan.com\/magaza\/wp-content\/uploads\/2024\/02\/1-4.jpg\" \/>\n\t<meta property=\"og:image:width\" content=\"1600\" \/>\n\t<meta property=\"og:image:height\" content=\"1600\" \/>\n\t<meta property=\"og:image:type\" content=\"image\/jpeg\" \/>\n<meta name=\"twitter:card\" content=\"summary_large_image\" \/>\n<meta name=\"twitter:label1\" content=\"Tahmini okuma s\u00fcresi\" \/>\n\t<meta name=\"twitter:data1\" content=\"2 dakika\" \/>\n<script type=\"application\/ld+json\" class=\"yoast-schema-graph\">{\"@context\":\"https:\\\/\\\/schema.org\",\"@graph\":[{\"@type\":[\"WebPage\",\"ItemPage\"],\"@id\":\"https:\\\/\\\/astrologelvan.com\\\/magaza\\\/urun\\\/925-ayar-ankh-sonsuz-yasamin-anahtari-kolye\\\/\",\"url\":\"https:\\\/\\\/astrologelvan.com\\\/magaza\\\/urun\\\/925-ayar-ankh-sonsuz-yasamin-anahtari-kolye\\\/\",\"name\":\"925 AYAR ANKH (SONSUZ YA\u015eAMIN ANAHTARI) KOLYE - Astrolog Elvan\",\"isPartOf\":{\"@id\":\"https:\\\/\\\/astrologelvan.com\\\/magaza\\\/#website\"},\"primaryImageOfPage\":{\"@id\":\"https:\\\/\\\/astrologelvan.com\\\/magaza\\\/urun\\\/925-ayar-ankh-sonsuz-yasamin-anahtari-kolye\\\/#primaryimage\"},\"image\":{\"@id\":\"https:\\\/\\\/astrologelvan.com\\\/magaza\\\/urun\\\/925-ayar-ankh-sonsuz-yasamin-anahtari-kolye\\\/#primaryimage\"},\"thumbnailUrl\":\"https:\\\/\\\/astrologelvan.com\\\/magaza\\\/wp-content\\\/uploads\\\/2024\\\/02\\\/1-4.jpg\",\"datePublished\":\"2024-02-27T23:37:19+00:00\",\"dateModified\":\"2025-10-06T05:14:57+00:00\",\"description\":\"Nefertiti, M\u0131s\u0131r\u2019\u0131n en g\u00fc\u00e7l\u00fc ve g\u00fczelli\u011fi as\u0131rlard\u0131r konu\u015fulan krali\u00e7esi\u2026 Ancient Edititon\u2019\u0131n ilk g\u00f6z a\u011fr\u0131s\u0131\u2026 Astrolog Elvan ve ekibi iftiharla sunar!\",\"breadcrumb\":{\"@id\":\"https:\\\/\\\/astrologelvan.com\\\/magaza\\\/urun\\\/925-ayar-ankh-sonsuz-yasamin-anahtari-kolye\\\/#breadcrumb\"},\"inLanguage\":\"tr\",\"potentialAction\":[{\"@type\":\"ReadAction\",\"target\":[\"https:\\\/\\\/astrologelvan.com\\\/magaza\\\/urun\\\/925-ayar-ankh-sonsuz-yasamin-anahtari-kolye\\\/\"]}]},{\"@type\":\"ImageObject\",\"inLanguage\":\"tr\",\"@id\":\"https:\\\/\\\/astrologelvan.com\\\/magaza\\\/urun\\\/925-ayar-ankh-sonsuz-yasamin-anahtari-kolye\\\/#primaryimage\",\"url\":\"https:\\\/\\\/astrologelvan.com\\\/magaza\\\/wp-content\\\/uploads\\\/2024\\\/02\\\/1-4.jpg\",\"contentUrl\":\"https:\\\/\\\/astrologelvan.com\\\/magaza\\\/wp-content\\\/uploads\\\/2024\\\/02\\\/1-4.jpg\",\"width\":1600,\"height\":1600},{\"@type\":\"BreadcrumbList\",\"@id\":\"https:\\\/\\\/astrologelvan.com\\\/magaza\\\/urun\\\/925-ayar-ankh-sonsuz-yasamin-anahtari-kolye\\\/#breadcrumb\",\"itemListElement\":[{\"@type\":\"ListItem\",\"position\":1,\"name\":\"Anasayfa\",\"item\":\"https:\\\/\\\/astrologelvan.com\\\/magaza\\\/\"},{\"@type\":\"ListItem\",\"position\":2,\"name\":\"Ma\u011faza\",\"item\":\"https:\\\/\\\/astrologelvan.com\\\/magaza\\\/magaza\\\/\"},{\"@type\":\"ListItem\",\"position\":3,\"name\":\"925 AYAR ANKH (SONSUZ YA\u015eAMIN ANAHTARI) KOLYE\"}]},{\"@type\":\"WebSite\",\"@id\":\"https:\\\/\\\/astrologelvan.com\\\/magaza\\\/#website\",\"url\":\"https:\\\/\\\/astrologelvan.com\\\/magaza\\\/\",\"name\":\"Astrolog Elvan\",\"description\":\"\",\"potentialAction\":[{\"@type\":\"SearchAction\",\"target\":{\"@type\":\"EntryPoint\",\"urlTemplate\":\"https:\\\/\\\/astrologelvan.com\\\/magaza\\\/?s={search_term_string}\"},\"query-input\":{\"@type\":\"PropertyValueSpecification\",\"valueRequired\":true,\"valueName\":\"search_term_string\"}}],\"inLanguage\":\"tr\"}]}<\/script>\n<!-- \/ Yoast SEO plugin. -->","yoast_head_json":{"title":"925 AYAR ANKH (SONSUZ YA\u015eAMIN ANAHTARI) KOLYE - Astrolog Elvan","description":"Nefertiti, M\u0131s\u0131r\u2019\u0131n en g\u00fc\u00e7l\u00fc ve g\u00fczelli\u011fi as\u0131rlard\u0131r konu\u015fulan krali\u00e7esi\u2026 Ancient Edititon\u2019\u0131n ilk g\u00f6z a\u011fr\u0131s\u0131\u2026 Astrolog Elvan ve ekibi iftiharla sunar!","robots":{"index":"index","follow":"follow","max-snippet":"max-snippet:-1","max-image-preview":"max-image-preview:large","max-video-preview":"max-video-preview:-1"},"canonical":"https:\/\/astrologelvan.com\/magaza\/urun\/925-ayar-ankh-sonsuz-yasamin-anahtari-kolye\/","og_locale":"tr_TR","og_type":"article","og_title":"925 AYAR ANKH (SONSUZ YA\u015eAMIN ANAHTARI) KOLYE - Astrolog Elvan","og_description":"Nefertiti, M\u0131s\u0131r\u2019\u0131n en g\u00fc\u00e7l\u00fc ve g\u00fczelli\u011fi as\u0131rlard\u0131r konu\u015fulan krali\u00e7esi\u2026 Ancient Edititon\u2019\u0131n ilk g\u00f6z a\u011fr\u0131s\u0131\u2026 Astrolog Elvan ve ekibi iftiharla sunar!","og_url":"https:\/\/astrologelvan.com\/magaza\/urun\/925-ayar-ankh-sonsuz-yasamin-anahtari-kolye\/","og_site_name":"Astrolog Elvan","article_modified_time":"2025-10-06T05:14:57+00:00","og_image":[{"width":1600,"height":1600,"url":"https:\/\/astrologelvan.com\/magaza\/wp-content\/uploads\/2024\/02\/1-4.jpg","type":"image\/jpeg"}],"twitter_card":"summary_large_image","twitter_misc":{"Tahmini okuma s\u00fcresi":"2 dakika"},"schema":{"@context":"https:\/\/schema.org","@graph":[{"@type":["WebPage","ItemPage"],"@id":"https:\/\/astrologelvan.com\/magaza\/urun\/925-ayar-ankh-sonsuz-yasamin-anahtari-kolye\/","url":"https:\/\/astrologelvan.com\/magaza\/urun\/925-ayar-ankh-sonsuz-yasamin-anahtari-kolye\/","name":"925 AYAR ANKH (SONSUZ YA\u015eAMIN ANAHTARI) KOLYE - Astrolog Elvan","isPartOf":{"@id":"https:\/\/astrologelvan.com\/magaza\/#website"},"primaryImageOfPage":{"@id":"https:\/\/astrologelvan.com\/magaza\/urun\/925-ayar-ankh-sonsuz-yasamin-anahtari-kolye\/#primaryimage"},"image":{"@id":"https:\/\/astrologelvan.com\/magaza\/urun\/925-ayar-ankh-sonsuz-yasamin-anahtari-kolye\/#primaryimage"},"thumbnailUrl":"https:\/\/astrologelvan.com\/magaza\/wp-content\/uploads\/2024\/02\/1-4.jpg","datePublished":"2024-02-27T23:37:19+00:00","dateModified":"2025-10-06T05:14:57+00:00","description":"Nefertiti, M\u0131s\u0131r\u2019\u0131n en g\u00fc\u00e7l\u00fc ve g\u00fczelli\u011fi as\u0131rlard\u0131r konu\u015fulan krali\u00e7esi\u2026 Ancient Edititon\u2019\u0131n ilk g\u00f6z a\u011fr\u0131s\u0131\u2026 Astrolog Elvan ve ekibi iftiharla sunar!","breadcrumb":{"@id":"https:\/\/astrologelvan.com\/magaza\/urun\/925-ayar-ankh-sonsuz-yasamin-anahtari-kolye\/#breadcrumb"},"inLanguage":"tr","potentialAction":[{"@type":"ReadAction","target":["https:\/\/astrologelvan.com\/magaza\/urun\/925-ayar-ankh-sonsuz-yasamin-anahtari-kolye\/"]}]},{"@type":"ImageObject","inLanguage":"tr","@id":"https:\/\/astrologelvan.com\/magaza\/urun\/925-ayar-ankh-sonsuz-yasamin-anahtari-kolye\/#primaryimage","url":"https:\/\/astrologelvan.com\/magaza\/wp-content\/uploads\/2024\/02\/1-4.jpg","contentUrl":"https:\/\/astrologelvan.com\/magaza\/wp-content\/uploads\/2024\/02\/1-4.jpg","width":1600,"height":1600},{"@type":"BreadcrumbList","@id":"https:\/\/astrologelvan.com\/magaza\/urun\/925-ayar-ankh-sonsuz-yasamin-anahtari-kolye\/#breadcrumb","itemListElement":[{"@type":"ListItem","position":1,"name":"Anasayfa","item":"https:\/\/astrologelvan.com\/magaza\/"},{"@type":"ListItem","position":2,"name":"Ma\u011faza","item":"https:\/\/astrologelvan.com\/magaza\/magaza\/"},{"@type":"ListItem","position":3,"name":"925 AYAR ANKH (SONSUZ YA\u015eAMIN ANAHTARI) KOLYE"}]},{"@type":"WebSite","@id":"https:\/\/astrologelvan.com\/magaza\/#website","url":"https:\/\/astrologelvan.com\/magaza\/","name":"Astrolog Elvan","description":"","potentialAction":[{"@type":"SearchAction","target":{"@type":"EntryPoint","urlTemplate":"https:\/\/astrologelvan.com\/magaza\/?s={search_term_string}"},"query-input":{"@type":"PropertyValueSpecification","valueRequired":true,"valueName":"search_term_string"}}],"inLanguage":"tr"}]}},"_links":{"self":[{"href":"https:\/\/astrologelvan.com\/magaza\/wp-json\/wp\/v2\/product\/639","targetHints":{"allow":["GET"]}}],"collection":[{"href":"https:\/\/astrologelvan.com\/magaza\/wp-json\/wp\/v2\/product"}],"about":[{"href":"https:\/\/astrologelvan.com\/magaza\/wp-json\/wp\/v2\/types\/product"}],"replies":[{"embeddable":true,"href":"https:\/\/astrologelvan.com\/magaza\/wp-json\/wp\/v2\/comments?post=639"}],"wp:featuredmedia":[{"embeddable":true,"href":"https:\/\/astrologelvan.com\/magaza\/wp-json\/wp\/v2\/media\/3922"}],"wp:attachment":[{"href":"https:\/\/astrologelvan.com\/magaza\/wp-json\/wp\/v2\/media?parent=639"}],"wp:term":[{"taxonomy":"product_brand","embeddable":true,"href":"https:\/\/astrologelvan.com\/magaza\/wp-json\/wp\/v2\/product_brand?post=639"},{"taxonomy":"product_cat","embeddable":true,"href":"https:\/\/astrologelvan.com\/magaza\/wp-json\/wp\/v2\/product_cat?post=639"},{"taxonomy":"product_tag","embeddable":true,"href":"https:\/\/astrologelvan.com\/magaza\/wp-json\/wp\/v2\/product_tag?post=639"}],"curies":[{"name":"wp","href":"https:\/\/api.w.org\/{rel}","templated":true}]}}