{"id":624,"date":"2024-02-28T02:36:32","date_gmt":"2024-02-27T23:36:32","guid":{"rendered":"https:\/\/astrologelvan.shop\/?post_type=product&#038;p=624"},"modified":"2025-10-06T08:14:57","modified_gmt":"2025-10-06T05:14:57","slug":"baltik-kehribari-bebek-kolye","status":"publish","type":"product","link":"https:\/\/astrologelvan.com\/magaza\/urun\/baltik-kehribari-bebek-kolye\/","title":{"rendered":"BALTIK KEHR\u0130BARI BEBEK KOLYE"},"content":{"rendered":"<p><strong>Kolye uzunlu\u011fu 35 cm<\/strong><\/p>\n<p>Do\u011fal ta\u015f kolyelerimizin tasar\u0131mlar\u0131nda do\u011frudan cilde temas etmesini sa\u011fl\u0131yoruz. B\u00f6ylece do\u011fal ta\u015f kolyenizi takt\u0131k\u00e7a v\u00fccudunuzun titre\u015fimlerine ba\u011flan\u0131r ve size denge ve uyum getirir.<\/p>\n<p><strong>Tak\u0131lar\u0131n\u0131z\u0131n uzun s\u00fcre kullanabilmesi i\u00e7in; Parf\u00fcm, su, s\u0131v\u0131, dezenfektan, krem v.b. gibi maddelerle temas etmemesi, du\u015f-banyo s\u0131ras\u0131nda \u00e7\u0131kart\u0131lmas\u0131 gerekmektedir. Ki\u015finin ter-ten yap\u0131s\u0131na g\u00f6re de etkilenmektedir. Tak\u0131lar\u0131n\u0131z\u0131 kullanmad\u0131\u011f\u0131n\u0131z zamanlarda kesesinde saklaman\u0131z\u0131 \u00f6neririz.<\/strong><\/p>\n<p><strong>Do\u011fal ta\u015flar\u0131n belirli titre\u015fimlere ve frekanslara sahip oldu\u011fu bilinmektedir. Bu nedenle v\u00fccudumuzda ve auram\u0131zda birtak\u0131m iyi etkileri oldu\u011fu s\u00f6ylenmektedir. Ta\u015flar\u0131n \u00f6zelliklerinin bilimsel kesinli\u011fi yoktur. Astrologelvan ma\u011fazas\u0131ndaki t\u00fcm ta\u015flar orijinal, ger\u00e7ek do\u011fal ta\u015flard\u0131r. T\u0131bbi konularda doktora dan\u0131\u015fman\u0131z\u0131 tavsiye ederiz. Ta\u015flar\u0131n tedavi edici \u00f6zelli\u011fi yoktur, sadece ki\u015fisel enerjimizi y\u00fckseltmekte ve astrolojik olarak da temsil etti\u011fi gezegenlerin etkilerini artt\u0131rmakta oldu\u011fu kabul edilir. \u00d6rne\u011fin; pembe kuvars ta\u015f\u0131 a\u015fk ve sevgi gezegeni Ven\u00fcs&#8217;\u00fcn ta\u015f\u0131d\u0131r ve bu sebeple \u00fczerinde ta\u015f\u0131yan ki\u015finin a\u015fk ve sevgi frekans\u0131n\u0131 y\u00fckseltti\u011fi bilinir.<\/strong><\/p>\n<p>&nbsp;<\/p>\n<p>&nbsp;<\/p>\n","protected":false},"excerpt":{"rendered":"<ul style=\"font-weight: 400;\">\n<li>Bebeklerin di\u015f \u00e7\u0131karma d\u00f6nemi itibariyle kullan\u0131lmas\u0131 \u00f6nerilmektedir.<\/li>\n<li>Y\u00fczy\u0131llard\u0131r geleneksel olarak kullan\u0131lan kehribar\u0131n sanc\u0131 azaltma, salya \u00f6nleme, sakinle\u015ftirici ve ate\u015f d\u00fc\u015f\u00fcr\u00fcc\u00fc olarak kullan\u0131ld\u0131\u011f\u0131 bilinmektedir.<\/li>\n<li>\u00d6zellikle de bebeklerin huysuz olduklar\u0131 d\u00f6nemlerde kehribar ta\u015f\u0131n\u0131n kullan\u0131lmas\u0131 tavsiye edilir.<\/li>\n<\/ul>\n<p>Kehribar, do\u011fada kendi kendine olu\u015fan bir ta\u015ft\u0131r. 50 milyon y\u0131l \u00f6nce; Pinus succinifera a\u011fa\u00e7lar\u0131n\u0131n salg\u0131lad\u0131\u011f\u0131 re\u00e7ineler zamanla kehribara d\u00f6n\u00fc\u015fm\u00fc\u015ft\u00fcr. \u0130\u00e7erisinde fosiller bulundu\u011fu i\u00e7in ve \u00e7ok uzun y\u0131llarda olu\u015ftu\u011fu i\u00e7in \u00e7ok k\u0131ymetlidir.<\/p>\n<p>A\u011fr\u0131lara iyi geldi\u011fi s\u00f6ylenir. Sinir sistemi \u00fczerine g\u00fc\u00e7lendirici etkisi oldu\u011fu s\u00f6ylenir.<\/p>\n<p>Eski zamanlarda insanlar bu ta\u015f\u0131 koruma muskas\u0131 olarak kullanm\u0131\u015flard\u0131r. K\u00f6t\u00fc ruhlardan ve enerjiden korudu\u011funa, yolculuklar\u0131nda yol g\u00f6sterici oldu\u011funa inan\u0131lm\u0131\u015ft\u0131r.<\/p>\n<p>Yeni do\u011fan bebeklerin be\u015fi\u011fine kehribar ta\u015f\u0131 konulmas\u0131n\u0131n bebe\u011fi k\u00f6t\u00fc ruhlardan koruyarak, h\u0131zl\u0131 b\u00fcy\u00fcmesine yard\u0131mc\u0131 oldu\u011fu s\u00f6ylenir<\/p>\n<p>&nbsp;<\/p>\n<p><strong>Kehribarlar\u0131m\u0131z orijinal olup sertifikas\u0131 ile g\u00f6nderilecektir.<\/strong><\/p>\n","protected":false},"featured_media":10281,"comment_status":"open","ping_status":"closed","template":"","meta":[],"product_brand":[],"product_cat":[349,48],"product_tag":[39,263,351,352,353,355,356,357,358],"class_list":{"0":"post-624","1":"product","2":"type-product","3":"status-publish","4":"has-post-thumbnail","6":"product_cat-kehribar-taslari","7":"product_cat-kolyeler","8":"product_tag-astrolog-elvan","9":"product_tag-bileklik","10":"product_tag-bileklikler","11":"product_tag-dogal-kehribar-bileklik","12":"product_tag-dogal-kehribar-tasi","13":"product_tag-kehribar","14":"product_tag-kehribar-bileklik","15":"product_tag-kehribar-bilezik","16":"product_tag-kehribar-tasi","18":"first","19":"outofstock","20":"taxable","21":"shipping-taxable","22":"purchasable","23":"product-type-simple"},"yoast_head":"<!-- This site is optimized with the Yoast SEO plugin v27.3 - https:\/\/yoast.com\/product\/yoast-seo-wordpress\/ -->\n<title>BALTIK KEHR\u0130BARI BEBEK KOLYE - Astrolog Elvan<\/title>\n<meta name=\"robots\" content=\"index, follow, max-snippet:-1, max-image-preview:large, max-video-preview:-1\" \/>\n<link rel=\"canonical\" href=\"https:\/\/astrologelvan.com\/magaza\/urun\/baltik-kehribari-bebek-kolye\/\" \/>\n<meta property=\"og:locale\" content=\"tr_TR\" \/>\n<meta property=\"og:type\" content=\"article\" \/>\n<meta property=\"og:title\" content=\"BALTIK KEHR\u0130BARI BEBEK KOLYE - Astrolog Elvan\" \/>\n<meta property=\"og:description\" content=\"Bebeklerin di\u015f \u00e7\u0131karma d\u00f6nemi itibariyle kullan\u0131lmas\u0131 \u00f6nerilmektedir.  Y\u00fczy\u0131llard\u0131r geleneksel olarak kullan\u0131lan kehribar\u0131n sanc\u0131 azaltma, salya \u00f6nleme, sakinle\u015ftirici ve ate\u015f d\u00fc\u015f\u00fcr\u00fcc\u00fc olarak kullan\u0131ld\u0131\u011f\u0131 bilinmektedir.  \u00d6zellikle de bebeklerin huysuz olduklar\u0131 d\u00f6nemlerde kehribar ta\u015f\u0131n\u0131n kullan\u0131lmas\u0131 tavsiye edilir.  Kehribar, do\u011fada kendi kendine olu\u015fan bir ta\u015ft\u0131r. 50 milyon y\u0131l \u00f6nce; Pinus succinifera a\u011fa\u00e7lar\u0131n\u0131n salg\u0131lad\u0131\u011f\u0131 re\u00e7ineler zamanla kehribara d\u00f6n\u00fc\u015fm\u00fc\u015ft\u00fcr. \u0130\u00e7erisinde fosiller bulundu\u011fu i\u00e7in ve \u00e7ok uzun y\u0131llarda olu\u015ftu\u011fu i\u00e7in \u00e7ok k\u0131ymetlidir.  A\u011fr\u0131lara iyi geldi\u011fi s\u00f6ylenir. Sinir sistemi \u00fczerine g\u00fc\u00e7lendirici etkisi oldu\u011fu s\u00f6ylenir.  Eski zamanlarda insanlar bu ta\u015f\u0131 koruma muskas\u0131 olarak kullanm\u0131\u015flard\u0131r. K\u00f6t\u00fc ruhlardan ve enerjiden korudu\u011funa, yolculuklar\u0131nda yol g\u00f6sterici oldu\u011funa inan\u0131lm\u0131\u015ft\u0131r.  Yeni do\u011fan bebeklerin be\u015fi\u011fine kehribar ta\u015f\u0131 konulmas\u0131n\u0131n bebe\u011fi k\u00f6t\u00fc ruhlardan koruyarak, h\u0131zl\u0131 b\u00fcy\u00fcmesine yard\u0131mc\u0131 oldu\u011fu s\u00f6ylenir  &nbsp;  Kehribarlar\u0131m\u0131z orijinal olup sertifikas\u0131 ile g\u00f6nderilecektir.\" \/>\n<meta property=\"og:url\" content=\"https:\/\/astrologelvan.com\/magaza\/urun\/baltik-kehribari-bebek-kolye\/\" \/>\n<meta property=\"og:site_name\" content=\"Astrolog Elvan\" \/>\n<meta property=\"article:modified_time\" content=\"2025-10-06T05:14:57+00:00\" \/>\n<meta property=\"og:image\" content=\"https:\/\/astrologelvan.com\/magaza\/wp-content\/uploads\/2024\/02\/1-158.jpg\" \/>\n\t<meta property=\"og:image:width\" content=\"1600\" \/>\n\t<meta property=\"og:image:height\" content=\"1600\" \/>\n\t<meta property=\"og:image:type\" content=\"image\/jpeg\" \/>\n<meta name=\"twitter:card\" content=\"summary_large_image\" \/>\n<meta name=\"twitter:label1\" content=\"Tahmini okuma s\u00fcresi\" \/>\n\t<meta name=\"twitter:data1\" content=\"2 dakika\" \/>\n<script type=\"application\/ld+json\" class=\"yoast-schema-graph\">{\"@context\":\"https:\\\/\\\/schema.org\",\"@graph\":[{\"@type\":[\"WebPage\",\"ItemPage\"],\"@id\":\"https:\\\/\\\/astrologelvan.com\\\/magaza\\\/urun\\\/baltik-kehribari-bebek-kolye\\\/\",\"url\":\"https:\\\/\\\/astrologelvan.com\\\/magaza\\\/urun\\\/baltik-kehribari-bebek-kolye\\\/\",\"name\":\"BALTIK KEHR\u0130BARI BEBEK KOLYE - Astrolog Elvan\",\"isPartOf\":{\"@id\":\"https:\\\/\\\/astrologelvan.com\\\/magaza\\\/#website\"},\"primaryImageOfPage\":{\"@id\":\"https:\\\/\\\/astrologelvan.com\\\/magaza\\\/urun\\\/baltik-kehribari-bebek-kolye\\\/#primaryimage\"},\"image\":{\"@id\":\"https:\\\/\\\/astrologelvan.com\\\/magaza\\\/urun\\\/baltik-kehribari-bebek-kolye\\\/#primaryimage\"},\"thumbnailUrl\":\"https:\\\/\\\/astrologelvan.com\\\/magaza\\\/wp-content\\\/uploads\\\/2024\\\/02\\\/1-158.jpg\",\"datePublished\":\"2024-02-27T23:36:32+00:00\",\"dateModified\":\"2025-10-06T05:14:57+00:00\",\"breadcrumb\":{\"@id\":\"https:\\\/\\\/astrologelvan.com\\\/magaza\\\/urun\\\/baltik-kehribari-bebek-kolye\\\/#breadcrumb\"},\"inLanguage\":\"tr\",\"potentialAction\":[{\"@type\":\"ReadAction\",\"target\":[\"https:\\\/\\\/astrologelvan.com\\\/magaza\\\/urun\\\/baltik-kehribari-bebek-kolye\\\/\"]}]},{\"@type\":\"ImageObject\",\"inLanguage\":\"tr\",\"@id\":\"https:\\\/\\\/astrologelvan.com\\\/magaza\\\/urun\\\/baltik-kehribari-bebek-kolye\\\/#primaryimage\",\"url\":\"https:\\\/\\\/astrologelvan.com\\\/magaza\\\/wp-content\\\/uploads\\\/2024\\\/02\\\/1-158.jpg\",\"contentUrl\":\"https:\\\/\\\/astrologelvan.com\\\/magaza\\\/wp-content\\\/uploads\\\/2024\\\/02\\\/1-158.jpg\",\"width\":1600,\"height\":1600},{\"@type\":\"BreadcrumbList\",\"@id\":\"https:\\\/\\\/astrologelvan.com\\\/magaza\\\/urun\\\/baltik-kehribari-bebek-kolye\\\/#breadcrumb\",\"itemListElement\":[{\"@type\":\"ListItem\",\"position\":1,\"name\":\"Anasayfa\",\"item\":\"https:\\\/\\\/astrologelvan.com\\\/magaza\\\/\"},{\"@type\":\"ListItem\",\"position\":2,\"name\":\"Ma\u011faza\",\"item\":\"https:\\\/\\\/astrologelvan.com\\\/magaza\\\/magaza\\\/\"},{\"@type\":\"ListItem\",\"position\":3,\"name\":\"BALTIK KEHR\u0130BARI BEBEK KOLYE\"}]},{\"@type\":\"WebSite\",\"@id\":\"https:\\\/\\\/astrologelvan.com\\\/magaza\\\/#website\",\"url\":\"https:\\\/\\\/astrologelvan.com\\\/magaza\\\/\",\"name\":\"Astrolog Elvan\",\"description\":\"\",\"potentialAction\":[{\"@type\":\"SearchAction\",\"target\":{\"@type\":\"EntryPoint\",\"urlTemplate\":\"https:\\\/\\\/astrologelvan.com\\\/magaza\\\/?s={search_term_string}\"},\"query-input\":{\"@type\":\"PropertyValueSpecification\",\"valueRequired\":true,\"valueName\":\"search_term_string\"}}],\"inLanguage\":\"tr\"}]}<\/script>\n<!-- \/ Yoast SEO plugin. -->","yoast_head_json":{"title":"BALTIK KEHR\u0130BARI BEBEK KOLYE - Astrolog Elvan","robots":{"index":"index","follow":"follow","max-snippet":"max-snippet:-1","max-image-preview":"max-image-preview:large","max-video-preview":"max-video-preview:-1"},"canonical":"https:\/\/astrologelvan.com\/magaza\/urun\/baltik-kehribari-bebek-kolye\/","og_locale":"tr_TR","og_type":"article","og_title":"BALTIK KEHR\u0130BARI BEBEK KOLYE - Astrolog Elvan","og_description":"Bebeklerin di\u015f \u00e7\u0131karma d\u00f6nemi itibariyle kullan\u0131lmas\u0131 \u00f6nerilmektedir.  Y\u00fczy\u0131llard\u0131r geleneksel olarak kullan\u0131lan kehribar\u0131n sanc\u0131 azaltma, salya \u00f6nleme, sakinle\u015ftirici ve ate\u015f d\u00fc\u015f\u00fcr\u00fcc\u00fc olarak kullan\u0131ld\u0131\u011f\u0131 bilinmektedir.  \u00d6zellikle de bebeklerin huysuz olduklar\u0131 d\u00f6nemlerde kehribar ta\u015f\u0131n\u0131n kullan\u0131lmas\u0131 tavsiye edilir.  Kehribar, do\u011fada kendi kendine olu\u015fan bir ta\u015ft\u0131r. 50 milyon y\u0131l \u00f6nce; Pinus succinifera a\u011fa\u00e7lar\u0131n\u0131n salg\u0131lad\u0131\u011f\u0131 re\u00e7ineler zamanla kehribara d\u00f6n\u00fc\u015fm\u00fc\u015ft\u00fcr. \u0130\u00e7erisinde fosiller bulundu\u011fu i\u00e7in ve \u00e7ok uzun y\u0131llarda olu\u015ftu\u011fu i\u00e7in \u00e7ok k\u0131ymetlidir.  A\u011fr\u0131lara iyi geldi\u011fi s\u00f6ylenir. Sinir sistemi \u00fczerine g\u00fc\u00e7lendirici etkisi oldu\u011fu s\u00f6ylenir.  Eski zamanlarda insanlar bu ta\u015f\u0131 koruma muskas\u0131 olarak kullanm\u0131\u015flard\u0131r. K\u00f6t\u00fc ruhlardan ve enerjiden korudu\u011funa, yolculuklar\u0131nda yol g\u00f6sterici oldu\u011funa inan\u0131lm\u0131\u015ft\u0131r.  Yeni do\u011fan bebeklerin be\u015fi\u011fine kehribar ta\u015f\u0131 konulmas\u0131n\u0131n bebe\u011fi k\u00f6t\u00fc ruhlardan koruyarak, h\u0131zl\u0131 b\u00fcy\u00fcmesine yard\u0131mc\u0131 oldu\u011fu s\u00f6ylenir  &nbsp;  Kehribarlar\u0131m\u0131z orijinal olup sertifikas\u0131 ile g\u00f6nderilecektir.","og_url":"https:\/\/astrologelvan.com\/magaza\/urun\/baltik-kehribari-bebek-kolye\/","og_site_name":"Astrolog Elvan","article_modified_time":"2025-10-06T05:14:57+00:00","og_image":[{"width":1600,"height":1600,"url":"https:\/\/astrologelvan.com\/magaza\/wp-content\/uploads\/2024\/02\/1-158.jpg","type":"image\/jpeg"}],"twitter_card":"summary_large_image","twitter_misc":{"Tahmini okuma s\u00fcresi":"2 dakika"},"schema":{"@context":"https:\/\/schema.org","@graph":[{"@type":["WebPage","ItemPage"],"@id":"https:\/\/astrologelvan.com\/magaza\/urun\/baltik-kehribari-bebek-kolye\/","url":"https:\/\/astrologelvan.com\/magaza\/urun\/baltik-kehribari-bebek-kolye\/","name":"BALTIK KEHR\u0130BARI BEBEK KOLYE - Astrolog Elvan","isPartOf":{"@id":"https:\/\/astrologelvan.com\/magaza\/#website"},"primaryImageOfPage":{"@id":"https:\/\/astrologelvan.com\/magaza\/urun\/baltik-kehribari-bebek-kolye\/#primaryimage"},"image":{"@id":"https:\/\/astrologelvan.com\/magaza\/urun\/baltik-kehribari-bebek-kolye\/#primaryimage"},"thumbnailUrl":"https:\/\/astrologelvan.com\/magaza\/wp-content\/uploads\/2024\/02\/1-158.jpg","datePublished":"2024-02-27T23:36:32+00:00","dateModified":"2025-10-06T05:14:57+00:00","breadcrumb":{"@id":"https:\/\/astrologelvan.com\/magaza\/urun\/baltik-kehribari-bebek-kolye\/#breadcrumb"},"inLanguage":"tr","potentialAction":[{"@type":"ReadAction","target":["https:\/\/astrologelvan.com\/magaza\/urun\/baltik-kehribari-bebek-kolye\/"]}]},{"@type":"ImageObject","inLanguage":"tr","@id":"https:\/\/astrologelvan.com\/magaza\/urun\/baltik-kehribari-bebek-kolye\/#primaryimage","url":"https:\/\/astrologelvan.com\/magaza\/wp-content\/uploads\/2024\/02\/1-158.jpg","contentUrl":"https:\/\/astrologelvan.com\/magaza\/wp-content\/uploads\/2024\/02\/1-158.jpg","width":1600,"height":1600},{"@type":"BreadcrumbList","@id":"https:\/\/astrologelvan.com\/magaza\/urun\/baltik-kehribari-bebek-kolye\/#breadcrumb","itemListElement":[{"@type":"ListItem","position":1,"name":"Anasayfa","item":"https:\/\/astrologelvan.com\/magaza\/"},{"@type":"ListItem","position":2,"name":"Ma\u011faza","item":"https:\/\/astrologelvan.com\/magaza\/magaza\/"},{"@type":"ListItem","position":3,"name":"BALTIK KEHR\u0130BARI BEBEK KOLYE"}]},{"@type":"WebSite","@id":"https:\/\/astrologelvan.com\/magaza\/#website","url":"https:\/\/astrologelvan.com\/magaza\/","name":"Astrolog Elvan","description":"","potentialAction":[{"@type":"SearchAction","target":{"@type":"EntryPoint","urlTemplate":"https:\/\/astrologelvan.com\/magaza\/?s={search_term_string}"},"query-input":{"@type":"PropertyValueSpecification","valueRequired":true,"valueName":"search_term_string"}}],"inLanguage":"tr"}]}},"_links":{"self":[{"href":"https:\/\/astrologelvan.com\/magaza\/wp-json\/wp\/v2\/product\/624","targetHints":{"allow":["GET"]}}],"collection":[{"href":"https:\/\/astrologelvan.com\/magaza\/wp-json\/wp\/v2\/product"}],"about":[{"href":"https:\/\/astrologelvan.com\/magaza\/wp-json\/wp\/v2\/types\/product"}],"replies":[{"embeddable":true,"href":"https:\/\/astrologelvan.com\/magaza\/wp-json\/wp\/v2\/comments?post=624"}],"wp:featuredmedia":[{"embeddable":true,"href":"https:\/\/astrologelvan.com\/magaza\/wp-json\/wp\/v2\/media\/10281"}],"wp:attachment":[{"href":"https:\/\/astrologelvan.com\/magaza\/wp-json\/wp\/v2\/media?parent=624"}],"wp:term":[{"taxonomy":"product_brand","embeddable":true,"href":"https:\/\/astrologelvan.com\/magaza\/wp-json\/wp\/v2\/product_brand?post=624"},{"taxonomy":"product_cat","embeddable":true,"href":"https:\/\/astrologelvan.com\/magaza\/wp-json\/wp\/v2\/product_cat?post=624"},{"taxonomy":"product_tag","embeddable":true,"href":"https:\/\/astrologelvan.com\/magaza\/wp-json\/wp\/v2\/product_tag?post=624"}],"curies":[{"name":"wp","href":"https:\/\/api.w.org\/{rel}","templated":true}]}}