{"id":616,"date":"2024-02-28T02:36:09","date_gmt":"2024-02-27T23:36:09","guid":{"rendered":"https:\/\/astrologelvan.shop\/?post_type=product&#038;p=616"},"modified":"2026-04-19T17:03:27","modified_gmt":"2026-04-19T14:03:27","slug":"925-ayar-kubera-para-mantra-kolyesi","status":"publish","type":"product","link":"https:\/\/astrologelvan.com\/magaza\/urun\/925-ayar-kubera-para-mantra-kolyesi\/","title":{"rendered":"KUBERA PARA MANTRA KOLYES\u0130 | 925 AYAR G\u00dcM\u00dc\u015e"},"content":{"rendered":"<p><b>\u00dcr\u00fcn \u00d6zellikleri<\/b><\/p>\n<p>Kubera A\u011f\u0131rl\u0131\u011f\u0131: 3,3 Gram<\/p>\n<p>Zincir A\u011f\u0131rl\u0131\u011f\u0131: 1,5 Gram<\/p>\n<p>Kubera En: 25 MM<\/p>\n<p>Kubera Boy: 21 MM<\/p>\n<p>Zincir Uzunlu\u011fu: 60 CM<\/p>\n<p>925 Ayar G\u00fcm\u00fc\u015f Kolye<\/p>\n<p>&nbsp;<\/p>\n<p>Do\u011fal ta\u015f kolyelerimizin tasar\u0131mlar\u0131nda do\u011frudan cilde temas etmesini sa\u011fl\u0131yoruz. B\u00f6ylece do\u011fal ta\u015f kolyenizi takt\u0131k\u00e7a v\u00fccudunuzun titre\u015fimlerine ba\u011flan\u0131r ve size denge ve uyum getirir.<\/p>\n<p><b>G\u00fcm\u00fc\u015f kararmas\u0131 iadeye tabi de\u011fildir. Do\u011fal y\u00f6ntemlerle ya da sol\u00fcsyon kullanarak kararan g\u00fcm\u00fc\u015f\u00fc yeniden parlatman\u0131z m\u00fcmk\u00fcnd\u00fcr.<\/b><\/p>\n<p><strong>Tak\u0131lar\u0131n\u0131z\u0131n uzun s\u00fcre kullanabilmesi i\u00e7in; Parf\u00fcm, su, s\u0131v\u0131, dezenfektan, krem v.b. gibi maddelerle temas etmemesi, du\u015f-banyo s\u0131ras\u0131nda \u00e7\u0131kart\u0131lmas\u0131 gerekmektedir. Ki\u015finin ter-ten yap\u0131s\u0131na g\u00f6re de etkilenmektedir. Tak\u0131lar\u0131n\u0131z\u0131 kullanmad\u0131\u011f\u0131n\u0131z zamanlarda kesesinde saklaman\u0131z\u0131 \u00f6neririz.<\/strong><\/p>\n<p><strong>Do\u011fal ta\u015flar\u0131n belirli titre\u015fimlere ve frekanslara sahip oldu\u011fu bilinmektedir. Bu nedenle v\u00fccudumuzda ve auram\u0131zda birtak\u0131m iyi etkileri oldu\u011fu s\u00f6ylenmektedir. Ta\u015flar\u0131n \u00f6zelliklerinin bilimsel kesinli\u011fi yoktur. Astrologelvan ma\u011fazas\u0131ndaki t\u00fcm ta\u015flar orijinal, ger\u00e7ek do\u011fal ta\u015flard\u0131r. T\u0131bbi konularda doktora dan\u0131\u015fman\u0131z\u0131 tavsiye ederiz. Ta\u015flar\u0131n tedavi edici \u00f6zelli\u011fi yoktur, sadece ki\u015fisel enerjimizi y\u00fckseltmekte ve astrolojik olarak da temsil etti\u011fi gezegenlerin etkilerini artt\u0131rmakta oldu\u011fu kabul edilir. \u00d6rne\u011fin; pembe kuvars ta\u015f\u0131 a\u015fk ve sevgi gezegeni Ven\u00fcs\u2019\u00fcn ta\u015f\u0131d\u0131r ve bu sebeple \u00fczerinde ta\u015f\u0131yan ki\u015finin a\u015fk ve sevgi frekans\u0131n\u0131 y\u00fckseltti\u011fi bilinir.<\/strong><\/p>\n","protected":false},"excerpt":{"rendered":"<p><strong>Bu \u00fcr\u00fcn el yap\u0131m\u0131 olmas\u0131 sebebiyle at\u00f6lyemizin yo\u011funluk durumuna g\u00f6re temin edilmektedir. Sipari\u015flerinizin size ula\u015fmas\u0131 10-15 i\u015f g\u00fcn\u00fcn\u00fc bulmaktad\u0131r.<\/strong><\/p>\n<p>Hint ve Karma Astrolojisinde mantralar hayat\u0131n\u0131z\u0131 d\u00fczene sokmak i\u00e7in \u00e7ok etkilidir. \u00d6zellikle de Kubera\u2019n\u0131n g\u00fcc\u00fc! Bu mantra kolyesini \u201cHayat\u0131ma sonsuz bollu\u011fu, bereketi, paray\u0131 ve ba\u015far\u0131y\u0131 \u00e7ekiyorum. Kubera\u2019n\u0131n hediyeleri kabul ediyorum\u201d diye kodlayarak tak\u0131n. Ve 72 g\u00fcn boyunca ta\u015f\u0131y\u0131n. \u0130\u015fin s\u0131rr\u0131 72 say\u0131s\u0131nda.<\/p>\n<p style=\"font-weight: 400\">Kubera Mantras\u0131ndaki say\u0131lar\u0131 a\u015fa\u011f\u0131dan yukar\u0131, sa\u011fdan sola toplad\u0131\u011f\u0131n\u0131zda hep 72\u2019yi verir. 72 karma astrolojisinde \u00e7ok \u00f6zel bir a\u00e7\u0131d\u0131r. Ge\u00e7mi\u015f ya\u015famdan getirdi\u011finiz \u00f6zel yeteneklerinizi ve hediyeleri anlat\u0131r. Hakedi\u015flerinizdir. Kubera say\u0131lar\u0131n\u0131n \u00e7al\u0131\u015fma prensibi de b\u00f6yledir. 72 g\u00fcn boyunca \u00fczerinizde ta\u015f\u0131d\u0131\u011f\u0131n\u0131zda ve\u00a0 bu say\u0131lar\u0131 hayat\u0131n\u0131za dahil etti\u011finizde bolluk ve bereketinizin ne kadar katland\u0131\u011f\u0131na \u015fa\u015f\u0131racaks\u0131n\u0131z. Zihin her \u015feyi yarat\u0131r unutmay\u0131n, \u00f6nemli olan do\u011fru y\u00f6ntemle kodlamak.<\/p>\n<p style=\"font-weight: 400\">(925 Ayar G\u00fcm\u00fc\u015f)<\/p>\n<p style=\"font-weight: 400\">Mont\u00fcr el i\u015f\u00e7ili\u011fidir.<\/p>\n<p>Mine i\u015flemelidir.<\/p>\n<p>&nbsp;<\/p>\n","protected":false},"featured_media":92503,"comment_status":"open","ping_status":"closed","template":"","meta":[],"product_brand":[596],"product_cat":[255,48,503,129,8106],"product_tag":[290,395,396,397],"class_list":{"0":"post-616","1":"product","2":"type-product","3":"status-publish","4":"has-post-thumbnail","6":"product_brand-astrolog-elvan","7":"product_cat-gumus-kolye","8":"product_cat-kolyeler","9":"product_cat-kubera","10":"product_cat-ozel-kolye-serisi","11":"product_cat--gumus-kolyeler","12":"product_tag-gumus-kolye","13":"product_tag-kubera","14":"product_tag-mantra","15":"product_tag-sekans","17":"first","18":"instock","19":"purchasable","20":"product-type-simple"},"yoast_head":"<!-- This site is optimized with the Yoast SEO plugin v27.3 - https:\/\/yoast.com\/product\/yoast-seo-wordpress\/ -->\n<title>KUBERA PARA MANTRA KOLYES\u0130 | 925 AYAR G\u00dcM\u00dc\u015e - Astrolog Elvan<\/title>\n<meta name=\"description\" content=\"Nefertiti, M\u0131s\u0131r\u2019\u0131n en g\u00fc\u00e7l\u00fc ve g\u00fczelli\u011fi as\u0131rlard\u0131r konu\u015fulan krali\u00e7esi\u2026 Ancient Edititon\u2019\u0131n ilk g\u00f6z a\u011fr\u0131s\u0131\u2026 Astrolog Elvan ve ekibi iftiharla sunar!\" \/>\n<meta name=\"robots\" content=\"index, follow, max-snippet:-1, max-image-preview:large, max-video-preview:-1\" \/>\n<link rel=\"canonical\" href=\"https:\/\/astrologelvan.com\/magaza\/urun\/925-ayar-kubera-para-mantra-kolyesi\/\" \/>\n<meta property=\"og:locale\" content=\"tr_TR\" \/>\n<meta property=\"og:type\" content=\"article\" \/>\n<meta property=\"og:title\" content=\"KUBERA PARA MANTRA KOLYES\u0130 | 925 AYAR G\u00dcM\u00dc\u015e - Astrolog Elvan\" \/>\n<meta property=\"og:description\" content=\"Nefertiti, M\u0131s\u0131r\u2019\u0131n en g\u00fc\u00e7l\u00fc ve g\u00fczelli\u011fi as\u0131rlard\u0131r konu\u015fulan krali\u00e7esi\u2026 Ancient Edititon\u2019\u0131n ilk g\u00f6z a\u011fr\u0131s\u0131\u2026 Astrolog Elvan ve ekibi iftiharla sunar!\" \/>\n<meta property=\"og:url\" content=\"https:\/\/astrologelvan.com\/magaza\/urun\/925-ayar-kubera-para-mantra-kolyesi\/\" \/>\n<meta property=\"og:site_name\" content=\"Astrolog Elvan\" \/>\n<meta property=\"article:modified_time\" content=\"2026-04-19T14:03:27+00:00\" \/>\n<meta property=\"og:image\" content=\"https:\/\/astrologelvan.com\/magaza\/wp-content\/uploads\/2024\/02\/7-5.jpg\" \/>\n\t<meta property=\"og:image:width\" content=\"591\" \/>\n\t<meta property=\"og:image:height\" content=\"887\" \/>\n\t<meta property=\"og:image:type\" content=\"image\/jpeg\" \/>\n<meta name=\"twitter:card\" content=\"summary_large_image\" \/>\n<meta name=\"twitter:label1\" content=\"Tahmini okuma s\u00fcresi\" \/>\n\t<meta name=\"twitter:data1\" content=\"2 dakika\" \/>\n<script type=\"application\/ld+json\" class=\"yoast-schema-graph\">{\"@context\":\"https:\\\/\\\/schema.org\",\"@graph\":[{\"@type\":[\"WebPage\",\"ItemPage\"],\"@id\":\"https:\\\/\\\/astrologelvan.com\\\/magaza\\\/urun\\\/925-ayar-kubera-para-mantra-kolyesi\\\/\",\"url\":\"https:\\\/\\\/astrologelvan.com\\\/magaza\\\/urun\\\/925-ayar-kubera-para-mantra-kolyesi\\\/\",\"name\":\"KUBERA PARA MANTRA KOLYES\u0130 | 925 AYAR G\u00dcM\u00dc\u015e - Astrolog Elvan\",\"isPartOf\":{\"@id\":\"https:\\\/\\\/astrologelvan.com\\\/magaza\\\/#website\"},\"primaryImageOfPage\":{\"@id\":\"https:\\\/\\\/astrologelvan.com\\\/magaza\\\/urun\\\/925-ayar-kubera-para-mantra-kolyesi\\\/#primaryimage\"},\"image\":{\"@id\":\"https:\\\/\\\/astrologelvan.com\\\/magaza\\\/urun\\\/925-ayar-kubera-para-mantra-kolyesi\\\/#primaryimage\"},\"thumbnailUrl\":\"https:\\\/\\\/astrologelvan.com\\\/magaza\\\/wp-content\\\/uploads\\\/2024\\\/02\\\/7-5.jpg\",\"datePublished\":\"2024-02-27T23:36:09+00:00\",\"dateModified\":\"2026-04-19T14:03:27+00:00\",\"description\":\"Nefertiti, M\u0131s\u0131r\u2019\u0131n en g\u00fc\u00e7l\u00fc ve g\u00fczelli\u011fi as\u0131rlard\u0131r konu\u015fulan krali\u00e7esi\u2026 Ancient Edititon\u2019\u0131n ilk g\u00f6z a\u011fr\u0131s\u0131\u2026 Astrolog Elvan ve ekibi iftiharla sunar!\",\"breadcrumb\":{\"@id\":\"https:\\\/\\\/astrologelvan.com\\\/magaza\\\/urun\\\/925-ayar-kubera-para-mantra-kolyesi\\\/#breadcrumb\"},\"inLanguage\":\"tr\",\"potentialAction\":[{\"@type\":\"ReadAction\",\"target\":[\"https:\\\/\\\/astrologelvan.com\\\/magaza\\\/urun\\\/925-ayar-kubera-para-mantra-kolyesi\\\/\"]}]},{\"@type\":\"ImageObject\",\"inLanguage\":\"tr\",\"@id\":\"https:\\\/\\\/astrologelvan.com\\\/magaza\\\/urun\\\/925-ayar-kubera-para-mantra-kolyesi\\\/#primaryimage\",\"url\":\"https:\\\/\\\/astrologelvan.com\\\/magaza\\\/wp-content\\\/uploads\\\/2024\\\/02\\\/7-5.jpg\",\"contentUrl\":\"https:\\\/\\\/astrologelvan.com\\\/magaza\\\/wp-content\\\/uploads\\\/2024\\\/02\\\/7-5.jpg\",\"width\":591,\"height\":887,\"caption\":\"Edited with Lens Distortions v6.9.2\"},{\"@type\":\"BreadcrumbList\",\"@id\":\"https:\\\/\\\/astrologelvan.com\\\/magaza\\\/urun\\\/925-ayar-kubera-para-mantra-kolyesi\\\/#breadcrumb\",\"itemListElement\":[{\"@type\":\"ListItem\",\"position\":1,\"name\":\"Anasayfa\",\"item\":\"https:\\\/\\\/astrologelvan.com\\\/magaza\\\/\"},{\"@type\":\"ListItem\",\"position\":2,\"name\":\"Ma\u011faza\",\"item\":\"https:\\\/\\\/astrologelvan.com\\\/magaza\\\/magaza\\\/\"},{\"@type\":\"ListItem\",\"position\":3,\"name\":\"KUBERA PARA MANTRA KOLYES\u0130 | 925 AYAR G\u00dcM\u00dc\u015e\"}]},{\"@type\":\"WebSite\",\"@id\":\"https:\\\/\\\/astrologelvan.com\\\/magaza\\\/#website\",\"url\":\"https:\\\/\\\/astrologelvan.com\\\/magaza\\\/\",\"name\":\"Astrolog Elvan\",\"description\":\"\",\"potentialAction\":[{\"@type\":\"SearchAction\",\"target\":{\"@type\":\"EntryPoint\",\"urlTemplate\":\"https:\\\/\\\/astrologelvan.com\\\/magaza\\\/?s={search_term_string}\"},\"query-input\":{\"@type\":\"PropertyValueSpecification\",\"valueRequired\":true,\"valueName\":\"search_term_string\"}}],\"inLanguage\":\"tr\"}]}<\/script>\n<!-- \/ Yoast SEO plugin. -->","yoast_head_json":{"title":"KUBERA PARA MANTRA KOLYES\u0130 | 925 AYAR G\u00dcM\u00dc\u015e - Astrolog Elvan","description":"Nefertiti, M\u0131s\u0131r\u2019\u0131n en g\u00fc\u00e7l\u00fc ve g\u00fczelli\u011fi as\u0131rlard\u0131r konu\u015fulan krali\u00e7esi\u2026 Ancient Edititon\u2019\u0131n ilk g\u00f6z a\u011fr\u0131s\u0131\u2026 Astrolog Elvan ve ekibi iftiharla sunar!","robots":{"index":"index","follow":"follow","max-snippet":"max-snippet:-1","max-image-preview":"max-image-preview:large","max-video-preview":"max-video-preview:-1"},"canonical":"https:\/\/astrologelvan.com\/magaza\/urun\/925-ayar-kubera-para-mantra-kolyesi\/","og_locale":"tr_TR","og_type":"article","og_title":"KUBERA PARA MANTRA KOLYES\u0130 | 925 AYAR G\u00dcM\u00dc\u015e - Astrolog Elvan","og_description":"Nefertiti, M\u0131s\u0131r\u2019\u0131n en g\u00fc\u00e7l\u00fc ve g\u00fczelli\u011fi as\u0131rlard\u0131r konu\u015fulan krali\u00e7esi\u2026 Ancient Edititon\u2019\u0131n ilk g\u00f6z a\u011fr\u0131s\u0131\u2026 Astrolog Elvan ve ekibi iftiharla sunar!","og_url":"https:\/\/astrologelvan.com\/magaza\/urun\/925-ayar-kubera-para-mantra-kolyesi\/","og_site_name":"Astrolog Elvan","article_modified_time":"2026-04-19T14:03:27+00:00","og_image":[{"width":591,"height":887,"url":"https:\/\/astrologelvan.com\/magaza\/wp-content\/uploads\/2024\/02\/7-5.jpg","type":"image\/jpeg"}],"twitter_card":"summary_large_image","twitter_misc":{"Tahmini okuma s\u00fcresi":"2 dakika"},"schema":{"@context":"https:\/\/schema.org","@graph":[{"@type":["WebPage","ItemPage"],"@id":"https:\/\/astrologelvan.com\/magaza\/urun\/925-ayar-kubera-para-mantra-kolyesi\/","url":"https:\/\/astrologelvan.com\/magaza\/urun\/925-ayar-kubera-para-mantra-kolyesi\/","name":"KUBERA PARA MANTRA KOLYES\u0130 | 925 AYAR G\u00dcM\u00dc\u015e - Astrolog Elvan","isPartOf":{"@id":"https:\/\/astrologelvan.com\/magaza\/#website"},"primaryImageOfPage":{"@id":"https:\/\/astrologelvan.com\/magaza\/urun\/925-ayar-kubera-para-mantra-kolyesi\/#primaryimage"},"image":{"@id":"https:\/\/astrologelvan.com\/magaza\/urun\/925-ayar-kubera-para-mantra-kolyesi\/#primaryimage"},"thumbnailUrl":"https:\/\/astrologelvan.com\/magaza\/wp-content\/uploads\/2024\/02\/7-5.jpg","datePublished":"2024-02-27T23:36:09+00:00","dateModified":"2026-04-19T14:03:27+00:00","description":"Nefertiti, M\u0131s\u0131r\u2019\u0131n en g\u00fc\u00e7l\u00fc ve g\u00fczelli\u011fi as\u0131rlard\u0131r konu\u015fulan krali\u00e7esi\u2026 Ancient Edititon\u2019\u0131n ilk g\u00f6z a\u011fr\u0131s\u0131\u2026 Astrolog Elvan ve ekibi iftiharla sunar!","breadcrumb":{"@id":"https:\/\/astrologelvan.com\/magaza\/urun\/925-ayar-kubera-para-mantra-kolyesi\/#breadcrumb"},"inLanguage":"tr","potentialAction":[{"@type":"ReadAction","target":["https:\/\/astrologelvan.com\/magaza\/urun\/925-ayar-kubera-para-mantra-kolyesi\/"]}]},{"@type":"ImageObject","inLanguage":"tr","@id":"https:\/\/astrologelvan.com\/magaza\/urun\/925-ayar-kubera-para-mantra-kolyesi\/#primaryimage","url":"https:\/\/astrologelvan.com\/magaza\/wp-content\/uploads\/2024\/02\/7-5.jpg","contentUrl":"https:\/\/astrologelvan.com\/magaza\/wp-content\/uploads\/2024\/02\/7-5.jpg","width":591,"height":887,"caption":"Edited with Lens Distortions v6.9.2"},{"@type":"BreadcrumbList","@id":"https:\/\/astrologelvan.com\/magaza\/urun\/925-ayar-kubera-para-mantra-kolyesi\/#breadcrumb","itemListElement":[{"@type":"ListItem","position":1,"name":"Anasayfa","item":"https:\/\/astrologelvan.com\/magaza\/"},{"@type":"ListItem","position":2,"name":"Ma\u011faza","item":"https:\/\/astrologelvan.com\/magaza\/magaza\/"},{"@type":"ListItem","position":3,"name":"KUBERA PARA MANTRA KOLYES\u0130 | 925 AYAR G\u00dcM\u00dc\u015e"}]},{"@type":"WebSite","@id":"https:\/\/astrologelvan.com\/magaza\/#website","url":"https:\/\/astrologelvan.com\/magaza\/","name":"Astrolog Elvan","description":"","potentialAction":[{"@type":"SearchAction","target":{"@type":"EntryPoint","urlTemplate":"https:\/\/astrologelvan.com\/magaza\/?s={search_term_string}"},"query-input":{"@type":"PropertyValueSpecification","valueRequired":true,"valueName":"search_term_string"}}],"inLanguage":"tr"}]}},"_links":{"self":[{"href":"https:\/\/astrologelvan.com\/magaza\/wp-json\/wp\/v2\/product\/616","targetHints":{"allow":["GET"]}}],"collection":[{"href":"https:\/\/astrologelvan.com\/magaza\/wp-json\/wp\/v2\/product"}],"about":[{"href":"https:\/\/astrologelvan.com\/magaza\/wp-json\/wp\/v2\/types\/product"}],"replies":[{"embeddable":true,"href":"https:\/\/astrologelvan.com\/magaza\/wp-json\/wp\/v2\/comments?post=616"}],"wp:featuredmedia":[{"embeddable":true,"href":"https:\/\/astrologelvan.com\/magaza\/wp-json\/wp\/v2\/media\/92503"}],"wp:attachment":[{"href":"https:\/\/astrologelvan.com\/magaza\/wp-json\/wp\/v2\/media?parent=616"}],"wp:term":[{"taxonomy":"product_brand","embeddable":true,"href":"https:\/\/astrologelvan.com\/magaza\/wp-json\/wp\/v2\/product_brand?post=616"},{"taxonomy":"product_cat","embeddable":true,"href":"https:\/\/astrologelvan.com\/magaza\/wp-json\/wp\/v2\/product_cat?post=616"},{"taxonomy":"product_tag","embeddable":true,"href":"https:\/\/astrologelvan.com\/magaza\/wp-json\/wp\/v2\/product_tag?post=616"}],"curies":[{"name":"wp","href":"https:\/\/api.w.org\/{rel}","templated":true}]}}