{"id":608,"date":"2024-02-28T02:35:47","date_gmt":"2024-02-27T23:35:47","guid":{"rendered":"https:\/\/astrologelvan.shop\/?post_type=product&#038;p=608"},"modified":"2025-12-02T02:04:42","modified_gmt":"2025-12-01T23:04:42","slug":"925-ayar-gumus-uzeri-altin-kaplama-aytasi-kolye","status":"publish","type":"product","link":"https:\/\/astrologelvan.com\/magaza\/urun\/925-ayar-gumus-uzeri-altin-kaplama-aytasi-kolye\/","title":{"rendered":"AYTA\u015eI KOLYE  | 925 AYAR G\u00dcM\u00dc\u015e \u00dcZER\u0130 ALTIN KAPLAMA"},"content":{"rendered":"<p><strong>\u00dcr\u00fcn\u00fcn \u00d6zellikleri<\/strong><\/p>\n<p><span style=\"font-weight: 400\">45+15 CM 925 ayar g\u00fcm\u00fc\u015f ayarlanabilir zincir.<\/span><\/p>\n<p><span style=\"font-weight: 400\">Mont\u00fcr el i\u015f\u00e7ili\u011fidir<\/span><\/p>\n<p><span style=\"font-weight: 400\">925 Ayar g\u00fcm\u00fc\u015f<\/span><\/p>\n<p><span style=\"font-weight: 400\">3,80gr do\u011fal ta\u015f a\u011f\u0131rl\u0131\u011f\u0131<\/span><\/p>\n<p><span style=\"font-weight: 400\">1,3 gr zincir a\u011f\u0131rl\u0131\u011f\u0131<\/span><\/p>\n<p>Do\u011fal ta\u015f kolyelerimizin tasar\u0131mlar\u0131nda do\u011frudan cilde temas etmesini sa\u011fl\u0131yoruz. B\u00f6ylece do\u011fal ta\u015f kolyenizi takt\u0131k\u00e7a v\u00fccudunuzun titre\u015fimlerine ba\u011flan\u0131r ve size denge ve uyum getirir.<\/p>\n<p><b>G\u00fcm\u00fc\u015f kararmas\u0131 iadeye tabi de\u011fildir. Do\u011fal y\u00f6ntemlerle ya da sol\u00fcsyon kullanarak kararan g\u00fcm\u00fc\u015f\u00fc yeniden parlatman\u0131z m\u00fcmk\u00fcnd\u00fcr.<\/b><\/p>\n<p><strong>Tak\u0131lar\u0131n\u0131z\u0131n uzun s\u00fcre kullanabilmesi i\u00e7in; Parf\u00fcm, su, s\u0131v\u0131, dezenfektan, krem v.b. gibi maddelerle temas etmemesi, du\u015f-banyo s\u0131ras\u0131nda \u00e7\u0131kart\u0131lmas\u0131 gerekmektedir. Ki\u015finin ter-ten yap\u0131s\u0131na g\u00f6re de etkilenmektedir. Tak\u0131lar\u0131n\u0131z\u0131 kullanmad\u0131\u011f\u0131n\u0131z zamanlarda kesesinde saklaman\u0131z\u0131 \u00f6neririz.<\/strong><\/p>\n<p><strong>Do\u011fal ta\u015flar\u0131n belirli titre\u015fimlere ve frekanslara sahip oldu\u011fu bilinmektedir. Bu nedenle v\u00fccudumuzda ve auram\u0131zda birtak\u0131m iyi etkileri oldu\u011fu s\u00f6ylenmektedir. Ta\u015flar\u0131n \u00f6zelliklerinin bilimsel kesinli\u011fi yoktur. Astrologelvan ma\u011fazas\u0131ndaki t\u00fcm ta\u015flar orijinal, ger\u00e7ek do\u011fal ta\u015flard\u0131r. T\u0131bbi konularda doktora dan\u0131\u015fman\u0131z\u0131 tavsiye ederiz. Ta\u015flar\u0131n tedavi edici \u00f6zelli\u011fi yoktur, sadece ki\u015fisel enerjimizi y\u00fckseltmekte ve astrolojik olarak da temsil etti\u011fi gezegenlerin etkilerini artt\u0131rmakta oldu\u011fu kabul edilir. \u00d6rne\u011fin; pembe kuvars ta\u015f\u0131 a\u015fk ve sevgi gezegeni Ven\u00fcs&#8217;\u00fcn ta\u015f\u0131d\u0131r ve bu sebeple \u00fczerinde ta\u015f\u0131yan ki\u015finin a\u015fk ve sevgi frekans\u0131n\u0131 y\u00fckseltti\u011fi bilinir.<\/strong><\/p>\n","protected":false},"excerpt":{"rendered":"<p><span style=\"font-weight: 400\">Ruhunun \u0131\u015f\u0131\u011f\u0131n\u0131 g\u00f6r:<\/span><\/p>\n<p><span style=\"font-weight: 400\">Ay ta\u015f\u0131; duygular\u0131m\u0131z\u0131 ifade etmeyi kolayla\u015ft\u0131ran ana ta\u015ft\u0131r. Duygular\u0131m\u0131z\u0131 kontrol edip, dengelemeye yarar. \u00d6zellikle a\u011flayamayanlar i\u00e7in tetikleyici bir ta\u015ft\u0131r. Takt\u0131ktan bir g\u00fcn sonra a\u011flamaya ba\u015flayabilirsiniz. Asl\u0131nda bu birikmi\u015f ve bast\u0131r\u0131lm\u0131\u015f duygular\u0131n\u0131z\u0131n d\u0131\u015fa vurulmas\u0131d\u0131r. Ayta\u015f\u0131n\u0131 takt\u0131k\u00e7a sezgileriniz g\u00fc\u00e7lenir. Size g\u00f6sterilenlerin ard\u0131ndaki ger\u00e7e\u011fi g\u00f6r\u00fcrs\u00fcn\u00fcz. Strese ve gerginli\u011fe \u00e7ok iyi gelir. \u00d6zellikle dolunay zamanlar\u0131nda takabilirsiniz.<\/span><\/p>\n","protected":false},"featured_media":669,"comment_status":"open","ping_status":"closed","template":"","meta":[],"product_brand":[],"product_cat":[321,153,255,48,129],"product_tag":[329,39,154,332,40,331,63,290],"class_list":{"0":"post-608","1":"product","2":"type-product","3":"status-publish","4":"has-post-thumbnail","6":"product_cat-altin-kaplama-kolye","7":"product_cat-aytasi","8":"product_cat-gumus-kolye","9":"product_cat-kolyeler","10":"product_cat-ozel-kolye-serisi","11":"product_tag-925-ayar-gumus","12":"product_tag-astrolog-elvan","13":"product_tag-aytasi-kolye","14":"product_tag-dogal-aytasi","15":"product_tag-dogal-tas","16":"product_tag-dogal-tas-gumus-kolye","17":"product_tag-dogal-tas-kolye","18":"product_tag-gumus-kolye","20":"first","21":"outofstock","22":"purchasable","23":"product-type-simple"},"yoast_head":"<!-- This site is optimized with the Yoast SEO plugin v27.3 - https:\/\/yoast.com\/product\/yoast-seo-wordpress\/ -->\n<title>AYTA\u015eI KOLYE | 925 AYAR G\u00dcM\u00dc\u015e \u00dcZER\u0130 ALTIN KAPLAMA - Astrolog Elvan<\/title>\n<meta name=\"robots\" content=\"index, follow, max-snippet:-1, max-image-preview:large, max-video-preview:-1\" \/>\n<link rel=\"canonical\" href=\"https:\/\/astrologelvan.com\/magaza\/urun\/925-ayar-gumus-uzeri-altin-kaplama-aytasi-kolye\/\" \/>\n<meta property=\"og:locale\" content=\"tr_TR\" \/>\n<meta property=\"og:type\" content=\"article\" \/>\n<meta property=\"og:title\" content=\"AYTA\u015eI KOLYE | 925 AYAR G\u00dcM\u00dc\u015e \u00dcZER\u0130 ALTIN KAPLAMA - Astrolog Elvan\" \/>\n<meta property=\"og:description\" content=\"Ruhunun \u0131\u015f\u0131\u011f\u0131n\u0131 g\u00f6r:  Ay ta\u015f\u0131; duygular\u0131m\u0131z\u0131 ifade etmeyi kolayla\u015ft\u0131ran ana ta\u015ft\u0131r. Duygular\u0131m\u0131z\u0131 kontrol edip, dengelemeye yarar. \u00d6zellikle a\u011flayamayanlar i\u00e7in tetikleyici bir ta\u015ft\u0131r. Takt\u0131ktan bir g\u00fcn sonra a\u011flamaya ba\u015flayabilirsiniz. Asl\u0131nda bu birikmi\u015f ve bast\u0131r\u0131lm\u0131\u015f duygular\u0131n\u0131z\u0131n d\u0131\u015fa vurulmas\u0131d\u0131r. Ayta\u015f\u0131n\u0131 takt\u0131k\u00e7a sezgileriniz g\u00fc\u00e7lenir. Size g\u00f6sterilenlerin ard\u0131ndaki ger\u00e7e\u011fi g\u00f6r\u00fcrs\u00fcn\u00fcz. Strese ve gerginli\u011fe \u00e7ok iyi gelir. \u00d6zellikle dolunay zamanlar\u0131nda takabilirsiniz.\" \/>\n<meta property=\"og:url\" content=\"https:\/\/astrologelvan.com\/magaza\/urun\/925-ayar-gumus-uzeri-altin-kaplama-aytasi-kolye\/\" \/>\n<meta property=\"og:site_name\" content=\"Astrolog Elvan\" \/>\n<meta property=\"article:modified_time\" content=\"2025-12-01T23:04:42+00:00\" \/>\n<meta property=\"og:image\" content=\"https:\/\/astrologelvan.com\/magaza\/wp-content\/uploads\/2024\/02\/925-Ayar-Gumus-Uzeri-Altin-Kaplama-Aytasi-Kolye.jpg\" \/>\n\t<meta property=\"og:image:width\" content=\"1080\" \/>\n\t<meta property=\"og:image:height\" content=\"1080\" \/>\n\t<meta property=\"og:image:type\" content=\"image\/jpeg\" \/>\n<meta name=\"twitter:card\" content=\"summary_large_image\" \/>\n<meta name=\"twitter:label1\" content=\"Tahmini okuma s\u00fcresi\" \/>\n\t<meta name=\"twitter:data1\" content=\"2 dakika\" \/>\n<script type=\"application\/ld+json\" class=\"yoast-schema-graph\">{\"@context\":\"https:\\\/\\\/schema.org\",\"@graph\":[{\"@type\":[\"WebPage\",\"ItemPage\"],\"@id\":\"https:\\\/\\\/astrologelvan.com\\\/magaza\\\/urun\\\/925-ayar-gumus-uzeri-altin-kaplama-aytasi-kolye\\\/\",\"url\":\"https:\\\/\\\/astrologelvan.com\\\/magaza\\\/urun\\\/925-ayar-gumus-uzeri-altin-kaplama-aytasi-kolye\\\/\",\"name\":\"AYTA\u015eI KOLYE | 925 AYAR G\u00dcM\u00dc\u015e \u00dcZER\u0130 ALTIN KAPLAMA - Astrolog Elvan\",\"isPartOf\":{\"@id\":\"https:\\\/\\\/astrologelvan.com\\\/magaza\\\/#website\"},\"primaryImageOfPage\":{\"@id\":\"https:\\\/\\\/astrologelvan.com\\\/magaza\\\/urun\\\/925-ayar-gumus-uzeri-altin-kaplama-aytasi-kolye\\\/#primaryimage\"},\"image\":{\"@id\":\"https:\\\/\\\/astrologelvan.com\\\/magaza\\\/urun\\\/925-ayar-gumus-uzeri-altin-kaplama-aytasi-kolye\\\/#primaryimage\"},\"thumbnailUrl\":\"https:\\\/\\\/astrologelvan.com\\\/magaza\\\/wp-content\\\/uploads\\\/2024\\\/02\\\/925-Ayar-Gumus-Uzeri-Altin-Kaplama-Aytasi-Kolye.jpg\",\"datePublished\":\"2024-02-27T23:35:47+00:00\",\"dateModified\":\"2025-12-01T23:04:42+00:00\",\"breadcrumb\":{\"@id\":\"https:\\\/\\\/astrologelvan.com\\\/magaza\\\/urun\\\/925-ayar-gumus-uzeri-altin-kaplama-aytasi-kolye\\\/#breadcrumb\"},\"inLanguage\":\"tr\",\"potentialAction\":[{\"@type\":\"ReadAction\",\"target\":[\"https:\\\/\\\/astrologelvan.com\\\/magaza\\\/urun\\\/925-ayar-gumus-uzeri-altin-kaplama-aytasi-kolye\\\/\"]}]},{\"@type\":\"ImageObject\",\"inLanguage\":\"tr\",\"@id\":\"https:\\\/\\\/astrologelvan.com\\\/magaza\\\/urun\\\/925-ayar-gumus-uzeri-altin-kaplama-aytasi-kolye\\\/#primaryimage\",\"url\":\"https:\\\/\\\/astrologelvan.com\\\/magaza\\\/wp-content\\\/uploads\\\/2024\\\/02\\\/925-Ayar-Gumus-Uzeri-Altin-Kaplama-Aytasi-Kolye.jpg\",\"contentUrl\":\"https:\\\/\\\/astrologelvan.com\\\/magaza\\\/wp-content\\\/uploads\\\/2024\\\/02\\\/925-Ayar-Gumus-Uzeri-Altin-Kaplama-Aytasi-Kolye.jpg\",\"width\":1080,\"height\":1080},{\"@type\":\"BreadcrumbList\",\"@id\":\"https:\\\/\\\/astrologelvan.com\\\/magaza\\\/urun\\\/925-ayar-gumus-uzeri-altin-kaplama-aytasi-kolye\\\/#breadcrumb\",\"itemListElement\":[{\"@type\":\"ListItem\",\"position\":1,\"name\":\"Anasayfa\",\"item\":\"https:\\\/\\\/astrologelvan.com\\\/magaza\\\/\"},{\"@type\":\"ListItem\",\"position\":2,\"name\":\"Ma\u011faza\",\"item\":\"https:\\\/\\\/astrologelvan.com\\\/magaza\\\/magaza\\\/\"},{\"@type\":\"ListItem\",\"position\":3,\"name\":\"AYTA\u015eI KOLYE | 925 AYAR G\u00dcM\u00dc\u015e \u00dcZER\u0130 ALTIN KAPLAMA\"}]},{\"@type\":\"WebSite\",\"@id\":\"https:\\\/\\\/astrologelvan.com\\\/magaza\\\/#website\",\"url\":\"https:\\\/\\\/astrologelvan.com\\\/magaza\\\/\",\"name\":\"Astrolog Elvan\",\"description\":\"\",\"potentialAction\":[{\"@type\":\"SearchAction\",\"target\":{\"@type\":\"EntryPoint\",\"urlTemplate\":\"https:\\\/\\\/astrologelvan.com\\\/magaza\\\/?s={search_term_string}\"},\"query-input\":{\"@type\":\"PropertyValueSpecification\",\"valueRequired\":true,\"valueName\":\"search_term_string\"}}],\"inLanguage\":\"tr\"}]}<\/script>\n<!-- \/ Yoast SEO plugin. -->","yoast_head_json":{"title":"AYTA\u015eI KOLYE | 925 AYAR G\u00dcM\u00dc\u015e \u00dcZER\u0130 ALTIN KAPLAMA - Astrolog Elvan","robots":{"index":"index","follow":"follow","max-snippet":"max-snippet:-1","max-image-preview":"max-image-preview:large","max-video-preview":"max-video-preview:-1"},"canonical":"https:\/\/astrologelvan.com\/magaza\/urun\/925-ayar-gumus-uzeri-altin-kaplama-aytasi-kolye\/","og_locale":"tr_TR","og_type":"article","og_title":"AYTA\u015eI KOLYE | 925 AYAR G\u00dcM\u00dc\u015e \u00dcZER\u0130 ALTIN KAPLAMA - Astrolog Elvan","og_description":"Ruhunun \u0131\u015f\u0131\u011f\u0131n\u0131 g\u00f6r:  Ay ta\u015f\u0131; duygular\u0131m\u0131z\u0131 ifade etmeyi kolayla\u015ft\u0131ran ana ta\u015ft\u0131r. Duygular\u0131m\u0131z\u0131 kontrol edip, dengelemeye yarar. \u00d6zellikle a\u011flayamayanlar i\u00e7in tetikleyici bir ta\u015ft\u0131r. Takt\u0131ktan bir g\u00fcn sonra a\u011flamaya ba\u015flayabilirsiniz. Asl\u0131nda bu birikmi\u015f ve bast\u0131r\u0131lm\u0131\u015f duygular\u0131n\u0131z\u0131n d\u0131\u015fa vurulmas\u0131d\u0131r. Ayta\u015f\u0131n\u0131 takt\u0131k\u00e7a sezgileriniz g\u00fc\u00e7lenir. Size g\u00f6sterilenlerin ard\u0131ndaki ger\u00e7e\u011fi g\u00f6r\u00fcrs\u00fcn\u00fcz. Strese ve gerginli\u011fe \u00e7ok iyi gelir. \u00d6zellikle dolunay zamanlar\u0131nda takabilirsiniz.","og_url":"https:\/\/astrologelvan.com\/magaza\/urun\/925-ayar-gumus-uzeri-altin-kaplama-aytasi-kolye\/","og_site_name":"Astrolog Elvan","article_modified_time":"2025-12-01T23:04:42+00:00","og_image":[{"width":1080,"height":1080,"url":"https:\/\/astrologelvan.com\/magaza\/wp-content\/uploads\/2024\/02\/925-Ayar-Gumus-Uzeri-Altin-Kaplama-Aytasi-Kolye.jpg","type":"image\/jpeg"}],"twitter_card":"summary_large_image","twitter_misc":{"Tahmini okuma s\u00fcresi":"2 dakika"},"schema":{"@context":"https:\/\/schema.org","@graph":[{"@type":["WebPage","ItemPage"],"@id":"https:\/\/astrologelvan.com\/magaza\/urun\/925-ayar-gumus-uzeri-altin-kaplama-aytasi-kolye\/","url":"https:\/\/astrologelvan.com\/magaza\/urun\/925-ayar-gumus-uzeri-altin-kaplama-aytasi-kolye\/","name":"AYTA\u015eI KOLYE | 925 AYAR G\u00dcM\u00dc\u015e \u00dcZER\u0130 ALTIN KAPLAMA - Astrolog Elvan","isPartOf":{"@id":"https:\/\/astrologelvan.com\/magaza\/#website"},"primaryImageOfPage":{"@id":"https:\/\/astrologelvan.com\/magaza\/urun\/925-ayar-gumus-uzeri-altin-kaplama-aytasi-kolye\/#primaryimage"},"image":{"@id":"https:\/\/astrologelvan.com\/magaza\/urun\/925-ayar-gumus-uzeri-altin-kaplama-aytasi-kolye\/#primaryimage"},"thumbnailUrl":"https:\/\/astrologelvan.com\/magaza\/wp-content\/uploads\/2024\/02\/925-Ayar-Gumus-Uzeri-Altin-Kaplama-Aytasi-Kolye.jpg","datePublished":"2024-02-27T23:35:47+00:00","dateModified":"2025-12-01T23:04:42+00:00","breadcrumb":{"@id":"https:\/\/astrologelvan.com\/magaza\/urun\/925-ayar-gumus-uzeri-altin-kaplama-aytasi-kolye\/#breadcrumb"},"inLanguage":"tr","potentialAction":[{"@type":"ReadAction","target":["https:\/\/astrologelvan.com\/magaza\/urun\/925-ayar-gumus-uzeri-altin-kaplama-aytasi-kolye\/"]}]},{"@type":"ImageObject","inLanguage":"tr","@id":"https:\/\/astrologelvan.com\/magaza\/urun\/925-ayar-gumus-uzeri-altin-kaplama-aytasi-kolye\/#primaryimage","url":"https:\/\/astrologelvan.com\/magaza\/wp-content\/uploads\/2024\/02\/925-Ayar-Gumus-Uzeri-Altin-Kaplama-Aytasi-Kolye.jpg","contentUrl":"https:\/\/astrologelvan.com\/magaza\/wp-content\/uploads\/2024\/02\/925-Ayar-Gumus-Uzeri-Altin-Kaplama-Aytasi-Kolye.jpg","width":1080,"height":1080},{"@type":"BreadcrumbList","@id":"https:\/\/astrologelvan.com\/magaza\/urun\/925-ayar-gumus-uzeri-altin-kaplama-aytasi-kolye\/#breadcrumb","itemListElement":[{"@type":"ListItem","position":1,"name":"Anasayfa","item":"https:\/\/astrologelvan.com\/magaza\/"},{"@type":"ListItem","position":2,"name":"Ma\u011faza","item":"https:\/\/astrologelvan.com\/magaza\/magaza\/"},{"@type":"ListItem","position":3,"name":"AYTA\u015eI KOLYE | 925 AYAR G\u00dcM\u00dc\u015e \u00dcZER\u0130 ALTIN KAPLAMA"}]},{"@type":"WebSite","@id":"https:\/\/astrologelvan.com\/magaza\/#website","url":"https:\/\/astrologelvan.com\/magaza\/","name":"Astrolog Elvan","description":"","potentialAction":[{"@type":"SearchAction","target":{"@type":"EntryPoint","urlTemplate":"https:\/\/astrologelvan.com\/magaza\/?s={search_term_string}"},"query-input":{"@type":"PropertyValueSpecification","valueRequired":true,"valueName":"search_term_string"}}],"inLanguage":"tr"}]}},"_links":{"self":[{"href":"https:\/\/astrologelvan.com\/magaza\/wp-json\/wp\/v2\/product\/608","targetHints":{"allow":["GET"]}}],"collection":[{"href":"https:\/\/astrologelvan.com\/magaza\/wp-json\/wp\/v2\/product"}],"about":[{"href":"https:\/\/astrologelvan.com\/magaza\/wp-json\/wp\/v2\/types\/product"}],"replies":[{"embeddable":true,"href":"https:\/\/astrologelvan.com\/magaza\/wp-json\/wp\/v2\/comments?post=608"}],"wp:featuredmedia":[{"embeddable":true,"href":"https:\/\/astrologelvan.com\/magaza\/wp-json\/wp\/v2\/media\/669"}],"wp:attachment":[{"href":"https:\/\/astrologelvan.com\/magaza\/wp-json\/wp\/v2\/media?parent=608"}],"wp:term":[{"taxonomy":"product_brand","embeddable":true,"href":"https:\/\/astrologelvan.com\/magaza\/wp-json\/wp\/v2\/product_brand?post=608"},{"taxonomy":"product_cat","embeddable":true,"href":"https:\/\/astrologelvan.com\/magaza\/wp-json\/wp\/v2\/product_cat?post=608"},{"taxonomy":"product_tag","embeddable":true,"href":"https:\/\/astrologelvan.com\/magaza\/wp-json\/wp\/v2\/product_tag?post=608"}],"curies":[{"name":"wp","href":"https:\/\/api.w.org\/{rel}","templated":true}]}}