{"id":607,"date":"2024-02-28T02:35:47","date_gmt":"2024-02-27T23:35:47","guid":{"rendered":"https:\/\/astrologelvan.shop\/?post_type=product&#038;p=607"},"modified":"2026-01-13T18:28:44","modified_gmt":"2026-01-13T15:28:44","slug":"925-ayar-gumus-nefertiti-kolye-limited-edition","status":"publish","type":"product","link":"https:\/\/astrologelvan.com\/magaza\/urun\/925-ayar-gumus-nefertiti-kolye-limited-edition\/","title":{"rendered":"NEFERT\u0130T\u0130 KOLYE LIMITED EDITION | 925 AYAR G\u00dcM\u00dc\u015e"},"content":{"rendered":"<p><img loading=\"lazy\" decoding=\"async\" class=\"aligncenter size-full wp-image-46741\" src=\"https:\/\/astrologelvan.com\/magaza\/wp-content\/uploads\/2022\/10\/ancient-series.jpg\" alt=\"\" width=\"1148\" height=\"272\" \/><\/p>\n<p><strong>\u00dcr\u00fcn \u00d6zellikleri:<\/strong><\/p>\n<p>Kolyenin A\u011f\u0131rl\u0131\u011f\u0131: 10,7 Gram<\/p>\n<p>Zincir uzunlu\u011fu: 55 cm<\/p>\n<p>925 ayar g\u00fcm\u00fc\u015f \u00fczeri alt\u0131n kaplama<\/p>\n<p>Mont\u00fcr El \u0130\u015f\u00e7ili\u011fidir.<\/p>\n","protected":false},"excerpt":{"rendered":"<p class=\"p1\"><strong>Nefertiti<\/strong>, M\u0131s\u0131r\u2019\u0131n en g\u00fc\u00e7l\u00fc ve g\u00fczelli\u011fi as\u0131rlard\u0131r konu\u015fulan krali\u00e7esi\u2026<\/p>\n<p class=\"p1\"><strong>Ancient Edititon<\/strong>\u2019\u0131n ilk g\u00f6z a\u011fr\u0131s\u0131\u2026<strong> Astrolog Elvan ve ekibi iftiharla sunar!<\/strong><\/p>\n<p class=\"p1\"><strong>Nefertiti<\/strong> ad\u0131; \u201cG\u00fczelden gelen\u201d anlam\u0131na gelir. Mitanni Kral\u0131\u2019n\u0131n elleri \u015fifa da\u011f\u0131tan k\u0131z\u0131 <strong>Nefertiti<\/strong>\u2026<span class=\"Apple-converted-space\">\u00a0 <\/span>M\u0131s\u0131r Firavunu Amenhotep IV\u2019in e\u015fi. Nil\u2019in H\u00fck\u00fcmdar\u0131 ve Tanr\u0131lar\u0131n K\u0131z\u0131 olarak bilinen <strong>Nefertiti<\/strong>&#8230;<span class=\"Apple-converted-space\">\u00a0<\/span><\/p>\n<p class=\"p1\">Krali\u00e7eleri bile g\u00fczelli\u011fi ile b\u00fcy\u00fclemi\u015fti. Hem cesur hem de \u00e7ok zekiydi. M\u0131s\u0131r\u2019\u0131n en reformcu krali\u00e7esi olarak tarihe ge\u00e7ti.<span class=\"Apple-converted-space\">\u00a0<\/span><\/p>\n<p class=\"p1\"><strong>Nefertiti<\/strong>, eski M\u0131s\u0131r tarihinde benzeri g\u00f6r\u00fclmemi\u015f bir g\u00fc\u00e7 elde etmi\u015fti hatta firavun ile e\u015fit stat\u00fcde oldu\u011funa inan\u0131l\u0131yordu.<\/p>\n<p class=\"p1\">G\u00f6rd\u00fc\u011f\u00fcn bu kolye;\u00a0Berlin Neues M\u00fczesi\u2019ndeki b\u00fcst\u00fcn\u00fcn birebir hali.<span class=\"Apple-converted-space\">\u00a0<\/span><\/p>\n<p class=\"p1\"><strong>Nefertiti\u2019nin<\/strong> enerjisi ile yoluna devam etmek isteyen g\u00fczel, cesur ve zeki kad\u0131nlardan ilhamla tasarlad\u0131k\u2026<\/p>\n<p>3986497851<\/p>\n","protected":false},"featured_media":92499,"comment_status":"open","ping_status":"closed","template":"","meta":[],"product_brand":[],"product_cat":[559],"product_tag":[394,290],"class_list":{"0":"post-607","1":"product","2":"type-product","3":"status-publish","4":"has-post-thumbnail","6":"product_cat-nefertiti-serisi","7":"product_tag-ancient-kolye","8":"product_tag-gumus-kolye","10":"first","11":"instock","12":"purchasable","13":"product-type-simple"},"yoast_head":"<!-- This site is optimized with the Yoast SEO plugin v27.3 - https:\/\/yoast.com\/product\/yoast-seo-wordpress\/ -->\n<title>NEFERT\u0130T\u0130 KOLYE LIMITED EDITION | 925 AYAR G\u00dcM\u00dc\u015e - Astrolog Elvan<\/title>\n<meta name=\"description\" content=\"Nefertiti, M\u0131s\u0131r\u2019\u0131n en g\u00fc\u00e7l\u00fc ve g\u00fczelli\u011fi as\u0131rlard\u0131r konu\u015fulan krali\u00e7esi\u2026 Ancient Edititon\u2019\u0131n ilk g\u00f6z a\u011fr\u0131s\u0131\u2026 Astrolog Elvan ve ekibi iftiharla sunar!\" \/>\n<meta name=\"robots\" content=\"index, follow, max-snippet:-1, max-image-preview:large, max-video-preview:-1\" \/>\n<link rel=\"canonical\" href=\"https:\/\/astrologelvan.com\/magaza\/urun\/925-ayar-gumus-nefertiti-kolye-limited-edition\/\" \/>\n<meta property=\"og:locale\" content=\"tr_TR\" \/>\n<meta property=\"og:type\" content=\"article\" \/>\n<meta property=\"og:title\" content=\"NEFERT\u0130T\u0130 KOLYE LIMITED EDITION | 925 AYAR G\u00dcM\u00dc\u015e - Astrolog Elvan\" \/>\n<meta property=\"og:description\" content=\"Nefertiti, M\u0131s\u0131r\u2019\u0131n en g\u00fc\u00e7l\u00fc ve g\u00fczelli\u011fi as\u0131rlard\u0131r konu\u015fulan krali\u00e7esi\u2026 Ancient Edititon\u2019\u0131n ilk g\u00f6z a\u011fr\u0131s\u0131\u2026 Astrolog Elvan ve ekibi iftiharla sunar!\" \/>\n<meta property=\"og:url\" content=\"https:\/\/astrologelvan.com\/magaza\/urun\/925-ayar-gumus-nefertiti-kolye-limited-edition\/\" \/>\n<meta property=\"og:site_name\" content=\"Astrolog Elvan\" \/>\n<meta property=\"article:modified_time\" content=\"2026-01-13T15:28:44+00:00\" \/>\n<meta property=\"og:image\" content=\"https:\/\/astrologelvan.com\/magaza\/wp-content\/uploads\/2024\/02\/2-164.jpg\" \/>\n\t<meta property=\"og:image:width\" content=\"591\" \/>\n\t<meta property=\"og:image:height\" content=\"887\" \/>\n\t<meta property=\"og:image:type\" content=\"image\/jpeg\" \/>\n<meta name=\"twitter:card\" content=\"summary_large_image\" \/>\n<meta name=\"twitter:label1\" content=\"Tahmini okuma s\u00fcresi\" \/>\n\t<meta name=\"twitter:data1\" content=\"1 dakika\" \/>\n<script type=\"application\/ld+json\" class=\"yoast-schema-graph\">{\"@context\":\"https:\\\/\\\/schema.org\",\"@graph\":[{\"@type\":[\"WebPage\",\"ItemPage\"],\"@id\":\"https:\\\/\\\/astrologelvan.com\\\/magaza\\\/urun\\\/925-ayar-gumus-nefertiti-kolye-limited-edition\\\/\",\"url\":\"https:\\\/\\\/astrologelvan.com\\\/magaza\\\/urun\\\/925-ayar-gumus-nefertiti-kolye-limited-edition\\\/\",\"name\":\"NEFERT\u0130T\u0130 KOLYE LIMITED EDITION | 925 AYAR G\u00dcM\u00dc\u015e - Astrolog Elvan\",\"isPartOf\":{\"@id\":\"https:\\\/\\\/astrologelvan.com\\\/magaza\\\/#website\"},\"primaryImageOfPage\":{\"@id\":\"https:\\\/\\\/astrologelvan.com\\\/magaza\\\/urun\\\/925-ayar-gumus-nefertiti-kolye-limited-edition\\\/#primaryimage\"},\"image\":{\"@id\":\"https:\\\/\\\/astrologelvan.com\\\/magaza\\\/urun\\\/925-ayar-gumus-nefertiti-kolye-limited-edition\\\/#primaryimage\"},\"thumbnailUrl\":\"https:\\\/\\\/astrologelvan.com\\\/magaza\\\/wp-content\\\/uploads\\\/2024\\\/02\\\/2-164.jpg\",\"datePublished\":\"2024-02-27T23:35:47+00:00\",\"dateModified\":\"2026-01-13T15:28:44+00:00\",\"description\":\"Nefertiti, M\u0131s\u0131r\u2019\u0131n en g\u00fc\u00e7l\u00fc ve g\u00fczelli\u011fi as\u0131rlard\u0131r konu\u015fulan krali\u00e7esi\u2026 Ancient Edititon\u2019\u0131n ilk g\u00f6z a\u011fr\u0131s\u0131\u2026 Astrolog Elvan ve ekibi iftiharla sunar!\",\"breadcrumb\":{\"@id\":\"https:\\\/\\\/astrologelvan.com\\\/magaza\\\/urun\\\/925-ayar-gumus-nefertiti-kolye-limited-edition\\\/#breadcrumb\"},\"inLanguage\":\"tr\",\"potentialAction\":[{\"@type\":\"ReadAction\",\"target\":[\"https:\\\/\\\/astrologelvan.com\\\/magaza\\\/urun\\\/925-ayar-gumus-nefertiti-kolye-limited-edition\\\/\"]}]},{\"@type\":\"ImageObject\",\"inLanguage\":\"tr\",\"@id\":\"https:\\\/\\\/astrologelvan.com\\\/magaza\\\/urun\\\/925-ayar-gumus-nefertiti-kolye-limited-edition\\\/#primaryimage\",\"url\":\"https:\\\/\\\/astrologelvan.com\\\/magaza\\\/wp-content\\\/uploads\\\/2024\\\/02\\\/2-164.jpg\",\"contentUrl\":\"https:\\\/\\\/astrologelvan.com\\\/magaza\\\/wp-content\\\/uploads\\\/2024\\\/02\\\/2-164.jpg\",\"width\":591,\"height\":887,\"caption\":\"Edited with Lens Distortions v6.9.2\"},{\"@type\":\"BreadcrumbList\",\"@id\":\"https:\\\/\\\/astrologelvan.com\\\/magaza\\\/urun\\\/925-ayar-gumus-nefertiti-kolye-limited-edition\\\/#breadcrumb\",\"itemListElement\":[{\"@type\":\"ListItem\",\"position\":1,\"name\":\"Anasayfa\",\"item\":\"https:\\\/\\\/astrologelvan.com\\\/magaza\\\/\"},{\"@type\":\"ListItem\",\"position\":2,\"name\":\"Ma\u011faza\",\"item\":\"https:\\\/\\\/astrologelvan.com\\\/magaza\\\/magaza\\\/\"},{\"@type\":\"ListItem\",\"position\":3,\"name\":\"NEFERT\u0130T\u0130 KOLYE LIMITED EDITION | 925 AYAR G\u00dcM\u00dc\u015e\"}]},{\"@type\":\"WebSite\",\"@id\":\"https:\\\/\\\/astrologelvan.com\\\/magaza\\\/#website\",\"url\":\"https:\\\/\\\/astrologelvan.com\\\/magaza\\\/\",\"name\":\"Astrolog Elvan\",\"description\":\"\",\"potentialAction\":[{\"@type\":\"SearchAction\",\"target\":{\"@type\":\"EntryPoint\",\"urlTemplate\":\"https:\\\/\\\/astrologelvan.com\\\/magaza\\\/?s={search_term_string}\"},\"query-input\":{\"@type\":\"PropertyValueSpecification\",\"valueRequired\":true,\"valueName\":\"search_term_string\"}}],\"inLanguage\":\"tr\"}]}<\/script>\n<!-- \/ Yoast SEO plugin. -->","yoast_head_json":{"title":"NEFERT\u0130T\u0130 KOLYE LIMITED EDITION | 925 AYAR G\u00dcM\u00dc\u015e - Astrolog Elvan","description":"Nefertiti, M\u0131s\u0131r\u2019\u0131n en g\u00fc\u00e7l\u00fc ve g\u00fczelli\u011fi as\u0131rlard\u0131r konu\u015fulan krali\u00e7esi\u2026 Ancient Edititon\u2019\u0131n ilk g\u00f6z a\u011fr\u0131s\u0131\u2026 Astrolog Elvan ve ekibi iftiharla sunar!","robots":{"index":"index","follow":"follow","max-snippet":"max-snippet:-1","max-image-preview":"max-image-preview:large","max-video-preview":"max-video-preview:-1"},"canonical":"https:\/\/astrologelvan.com\/magaza\/urun\/925-ayar-gumus-nefertiti-kolye-limited-edition\/","og_locale":"tr_TR","og_type":"article","og_title":"NEFERT\u0130T\u0130 KOLYE LIMITED EDITION | 925 AYAR G\u00dcM\u00dc\u015e - Astrolog Elvan","og_description":"Nefertiti, M\u0131s\u0131r\u2019\u0131n en g\u00fc\u00e7l\u00fc ve g\u00fczelli\u011fi as\u0131rlard\u0131r konu\u015fulan krali\u00e7esi\u2026 Ancient Edititon\u2019\u0131n ilk g\u00f6z a\u011fr\u0131s\u0131\u2026 Astrolog Elvan ve ekibi iftiharla sunar!","og_url":"https:\/\/astrologelvan.com\/magaza\/urun\/925-ayar-gumus-nefertiti-kolye-limited-edition\/","og_site_name":"Astrolog Elvan","article_modified_time":"2026-01-13T15:28:44+00:00","og_image":[{"width":591,"height":887,"url":"https:\/\/astrologelvan.com\/magaza\/wp-content\/uploads\/2024\/02\/2-164.jpg","type":"image\/jpeg"}],"twitter_card":"summary_large_image","twitter_misc":{"Tahmini okuma s\u00fcresi":"1 dakika"},"schema":{"@context":"https:\/\/schema.org","@graph":[{"@type":["WebPage","ItemPage"],"@id":"https:\/\/astrologelvan.com\/magaza\/urun\/925-ayar-gumus-nefertiti-kolye-limited-edition\/","url":"https:\/\/astrologelvan.com\/magaza\/urun\/925-ayar-gumus-nefertiti-kolye-limited-edition\/","name":"NEFERT\u0130T\u0130 KOLYE LIMITED EDITION | 925 AYAR G\u00dcM\u00dc\u015e - Astrolog Elvan","isPartOf":{"@id":"https:\/\/astrologelvan.com\/magaza\/#website"},"primaryImageOfPage":{"@id":"https:\/\/astrologelvan.com\/magaza\/urun\/925-ayar-gumus-nefertiti-kolye-limited-edition\/#primaryimage"},"image":{"@id":"https:\/\/astrologelvan.com\/magaza\/urun\/925-ayar-gumus-nefertiti-kolye-limited-edition\/#primaryimage"},"thumbnailUrl":"https:\/\/astrologelvan.com\/magaza\/wp-content\/uploads\/2024\/02\/2-164.jpg","datePublished":"2024-02-27T23:35:47+00:00","dateModified":"2026-01-13T15:28:44+00:00","description":"Nefertiti, M\u0131s\u0131r\u2019\u0131n en g\u00fc\u00e7l\u00fc ve g\u00fczelli\u011fi as\u0131rlard\u0131r konu\u015fulan krali\u00e7esi\u2026 Ancient Edititon\u2019\u0131n ilk g\u00f6z a\u011fr\u0131s\u0131\u2026 Astrolog Elvan ve ekibi iftiharla sunar!","breadcrumb":{"@id":"https:\/\/astrologelvan.com\/magaza\/urun\/925-ayar-gumus-nefertiti-kolye-limited-edition\/#breadcrumb"},"inLanguage":"tr","potentialAction":[{"@type":"ReadAction","target":["https:\/\/astrologelvan.com\/magaza\/urun\/925-ayar-gumus-nefertiti-kolye-limited-edition\/"]}]},{"@type":"ImageObject","inLanguage":"tr","@id":"https:\/\/astrologelvan.com\/magaza\/urun\/925-ayar-gumus-nefertiti-kolye-limited-edition\/#primaryimage","url":"https:\/\/astrologelvan.com\/magaza\/wp-content\/uploads\/2024\/02\/2-164.jpg","contentUrl":"https:\/\/astrologelvan.com\/magaza\/wp-content\/uploads\/2024\/02\/2-164.jpg","width":591,"height":887,"caption":"Edited with Lens Distortions v6.9.2"},{"@type":"BreadcrumbList","@id":"https:\/\/astrologelvan.com\/magaza\/urun\/925-ayar-gumus-nefertiti-kolye-limited-edition\/#breadcrumb","itemListElement":[{"@type":"ListItem","position":1,"name":"Anasayfa","item":"https:\/\/astrologelvan.com\/magaza\/"},{"@type":"ListItem","position":2,"name":"Ma\u011faza","item":"https:\/\/astrologelvan.com\/magaza\/magaza\/"},{"@type":"ListItem","position":3,"name":"NEFERT\u0130T\u0130 KOLYE LIMITED EDITION | 925 AYAR G\u00dcM\u00dc\u015e"}]},{"@type":"WebSite","@id":"https:\/\/astrologelvan.com\/magaza\/#website","url":"https:\/\/astrologelvan.com\/magaza\/","name":"Astrolog Elvan","description":"","potentialAction":[{"@type":"SearchAction","target":{"@type":"EntryPoint","urlTemplate":"https:\/\/astrologelvan.com\/magaza\/?s={search_term_string}"},"query-input":{"@type":"PropertyValueSpecification","valueRequired":true,"valueName":"search_term_string"}}],"inLanguage":"tr"}]}},"_links":{"self":[{"href":"https:\/\/astrologelvan.com\/magaza\/wp-json\/wp\/v2\/product\/607","targetHints":{"allow":["GET"]}}],"collection":[{"href":"https:\/\/astrologelvan.com\/magaza\/wp-json\/wp\/v2\/product"}],"about":[{"href":"https:\/\/astrologelvan.com\/magaza\/wp-json\/wp\/v2\/types\/product"}],"replies":[{"embeddable":true,"href":"https:\/\/astrologelvan.com\/magaza\/wp-json\/wp\/v2\/comments?post=607"}],"wp:featuredmedia":[{"embeddable":true,"href":"https:\/\/astrologelvan.com\/magaza\/wp-json\/wp\/v2\/media\/92499"}],"wp:attachment":[{"href":"https:\/\/astrologelvan.com\/magaza\/wp-json\/wp\/v2\/media?parent=607"}],"wp:term":[{"taxonomy":"product_brand","embeddable":true,"href":"https:\/\/astrologelvan.com\/magaza\/wp-json\/wp\/v2\/product_brand?post=607"},{"taxonomy":"product_cat","embeddable":true,"href":"https:\/\/astrologelvan.com\/magaza\/wp-json\/wp\/v2\/product_cat?post=607"},{"taxonomy":"product_tag","embeddable":true,"href":"https:\/\/astrologelvan.com\/magaza\/wp-json\/wp\/v2\/product_tag?post=607"}],"curies":[{"name":"wp","href":"https:\/\/api.w.org\/{rel}","templated":true}]}}