{"id":600,"date":"2024-02-28T02:35:20","date_gmt":"2024-02-27T23:35:20","guid":{"rendered":"https:\/\/astrologelvan.shop\/?post_type=product&#038;p=600"},"modified":"2026-02-25T15:21:22","modified_gmt":"2026-02-25T12:21:22","slug":"yesil-fuksit-fuchsite-dogal-tas-bileklik","status":"publish","type":"product","link":"https:\/\/astrologelvan.com\/magaza\/urun\/yesil-fuksit-fuchsite-dogal-tas-bileklik\/","title":{"rendered":"YE\u015e\u0130L FUKS\u0130T (FUCHS\u0130TE) DO\u011eAL TA\u015e B\u0130LEKL\u0130K"},"content":{"rendered":"<p class=\"p1\"><b>Temizleme;<\/b><\/p>\n<p class=\"p2\">Mohs sertlik cetveline g\u00f6re sertlik derecesi \u00e7ok d\u00fc\u015f\u00fck (2,5 \u2013 3) olan bu ta\u015f\u0131 su yada topra\u011fa g\u00f6merek temizli\u011fini yapman\u0131z\u0131 pek \u00f6nermiyoruz. Dozunda uygulama yap\u0131lmad\u0131\u011f\u0131 takdirde \u00f6zellikle su i\u00e7erisinde \u00e7\u00f6z\u00fcnme yada par\u00e7alanma gibi sorunlarla kar\u015f\u0131la\u015fabilirsiniz. Ta\u015f\u0131n\u0131z\u0131n hasar g\u00f6rmemesi i\u00e7in t\u00fcts\u00fcleyebilir, selenit ta\u015f\u0131 \u00fczerine b\u0131rakabilirsiniz.<\/p>\n<p>&nbsp;<\/p>\n<p>Do\u011fal ta\u015f kolyelerimizin tasar\u0131mlar\u0131nda do\u011frudan cilde temas etmesini sa\u011fl\u0131yoruz. B\u00f6ylece do\u011fal ta\u015f kolyenizi takt\u0131k\u00e7a v\u00fccudunuzun titre\u015fimlerine ba\u011flan\u0131r ve size denge ve uyum getirir.<\/p>\n<p>&nbsp;<\/p>\n<p>&nbsp;<\/p>\n<p><strong>Tak\u0131lar\u0131n\u0131z\u0131n uzun s\u00fcre kullanabilmesi i\u00e7in; Parf\u00fcm, su, s\u0131v\u0131, dezenfektan, krem v.b. gibi maddelerle temas etmemesi, du\u015f-banyo s\u0131ras\u0131nda \u00e7\u0131kart\u0131lmas\u0131 gerekmektedir. Ki\u015finin ter-ten yap\u0131s\u0131na g\u00f6re de etkilenmektedir. Tak\u0131lar\u0131n\u0131z\u0131 kullanmad\u0131\u011f\u0131n\u0131z zamanlarda kesesinde saklaman\u0131z\u0131 \u00f6neririz.<\/strong><\/p>\n<p><strong>Do\u011fal ta\u015flar\u0131n belirli titre\u015fimlere ve frekanslara sahip oldu\u011fu bilinmektedir. Bu nedenle v\u00fccudumuzda ve auram\u0131zda birtak\u0131m iyi etkileri oldu\u011fu s\u00f6ylenmektedir. Ta\u015flar\u0131n \u00f6zelliklerinin bilimsel kesinli\u011fi yoktur. Astrologelvan ma\u011fazas\u0131ndaki t\u00fcm ta\u015flar orijinal, ger\u00e7ek do\u011fal ta\u015flard\u0131r. T\u0131bbi konularda doktora dan\u0131\u015fman\u0131z\u0131 tavsiye ederiz. Ta\u015flar\u0131n tedavi edici \u00f6zelli\u011fi yoktur, sadece ki\u015fisel enerjimizi y\u00fckseltmekte ve astrolojik olarak da temsil etti\u011fi gezegenlerin etkilerini artt\u0131rmakta oldu\u011fu kabul edilir. \u00d6rne\u011fin; pembe kuvars ta\u015f\u0131 a\u015fk ve sevgi gezegeni Ven\u00fcs&#8217;\u00fcn ta\u015f\u0131d\u0131r ve bu sebeple \u00fczerinde ta\u015f\u0131yan ki\u015finin a\u015fk ve sevgi frekans\u0131n\u0131 y\u00fckseltti\u011fi bilinir.<\/strong><\/p>\n<p>&nbsp;<\/p>\n","protected":false},"excerpt":{"rendered":"<ul class=\"ul1\">\n<li class=\"li1\">Meditasyon esnas\u0131ndaki dingin ve olumlu enerjiyi en y\u00fcksek seviyeye ta\u015f\u0131d\u0131\u011f\u0131 i\u00e7in s\u0131kl\u0131kla bu faaliyetlerde kullan\u0131l\u0131r.<\/li>\n<li class=\"li1\">\u00d6zellikle kendinizi bir \u00e7\u0131kmazda bulup karar verme a\u015famas\u0131nda hissetti\u011finizde fuksit ta\u015f\u0131 stresi azalt\u0131p, beden ve ruhu rahatlatarak uyumlanmas\u0131na en do\u011fru karara bilgiye ula\u015fman\u0131za yard\u0131mc\u0131 olur.<\/li>\n<li class=\"li1\">Hasta odalar\u0131nda fuksit ta\u015f\u0131 bulundurmak, hem hastay\u0131 hem de refakat eden ki\u015fiyi rahatlatarak daha bilin\u00e7li davranmaya ve daha olumlu d\u00fc\u015f\u00fcnmeye yard\u0131m eder.<\/li>\n<\/ul>\n<ul class=\"ul1\">\n<li class=\"li1\">Uyku konusunda ya\u015fanan s\u0131k\u0131nt\u0131lar\u0131n giderilmesine fayda sa\u011flar.<\/li>\n<li class=\"li1\">Alerjilere kar\u015f\u0131 etkilidir.<\/li>\n<\/ul>\n<p class=\"p2\">\n","protected":false},"featured_media":5250,"comment_status":"open","ping_status":"closed","template":"","meta":[],"product_brand":[],"product_cat":[258,259,391],"product_tag":[39,40,392,393],"class_list":{"0":"post-600","1":"product","2":"type-product","3":"status-publish","4":"has-post-thumbnail","6":"product_cat-bileklik","7":"product_cat-bileklikler","8":"product_cat-fuksit-tasi","9":"product_tag-astrolog-elvan","10":"product_tag-dogal-tas","11":"product_tag-fuksit","12":"product_tag-yesil-fuksit-fuchsite-dogal-tas-bileklik","14":"first","15":"instock","16":"taxable","17":"shipping-taxable","18":"purchasable","19":"product-type-simple"},"yoast_head":"<!-- This site is optimized with the Yoast SEO plugin v27.3 - https:\/\/yoast.com\/product\/yoast-seo-wordpress\/ -->\n<title>YE\u015e\u0130L FUKS\u0130T (FUCHS\u0130TE) DO\u011eAL TA\u015e B\u0130LEKL\u0130K - Astrolog Elvan<\/title>\n<meta name=\"robots\" content=\"index, follow, max-snippet:-1, max-image-preview:large, max-video-preview:-1\" \/>\n<link rel=\"canonical\" href=\"https:\/\/astrologelvan.com\/magaza\/urun\/yesil-fuksit-fuchsite-dogal-tas-bileklik\/\" \/>\n<meta property=\"og:locale\" content=\"tr_TR\" \/>\n<meta property=\"og:type\" content=\"article\" \/>\n<meta property=\"og:title\" content=\"YE\u015e\u0130L FUKS\u0130T (FUCHS\u0130TE) DO\u011eAL TA\u015e B\u0130LEKL\u0130K - Astrolog Elvan\" \/>\n<meta property=\"og:description\" content=\"Meditasyon esnas\u0131ndaki dingin ve olumlu enerjiyi en y\u00fcksek seviyeye ta\u015f\u0131d\u0131\u011f\u0131 i\u00e7in s\u0131kl\u0131kla bu faaliyetlerde kullan\u0131l\u0131r.  \u00d6zellikle kendinizi bir \u00e7\u0131kmazda bulup karar verme a\u015famas\u0131nda hissetti\u011finizde fuksit ta\u015f\u0131 stresi azalt\u0131p, beden ve ruhu rahatlatarak uyumlanmas\u0131na en do\u011fru karara bilgiye ula\u015fman\u0131za yard\u0131mc\u0131 olur.  Hasta odalar\u0131nda fuksit ta\u015f\u0131 bulundurmak, hem hastay\u0131 hem de refakat eden ki\u015fiyi rahatlatarak daha bilin\u00e7li davranmaya ve daha olumlu d\u00fc\u015f\u00fcnmeye yard\u0131m eder.    Uyku konusunda ya\u015fanan s\u0131k\u0131nt\u0131lar\u0131n giderilmesine fayda sa\u011flar.  Alerjilere kar\u015f\u0131 etkilidir.\" \/>\n<meta property=\"og:url\" content=\"https:\/\/astrologelvan.com\/magaza\/urun\/yesil-fuksit-fuchsite-dogal-tas-bileklik\/\" \/>\n<meta property=\"og:site_name\" content=\"Astrolog Elvan\" \/>\n<meta property=\"article:modified_time\" content=\"2026-02-25T12:21:22+00:00\" \/>\n<meta property=\"og:image\" content=\"https:\/\/astrologelvan.com\/magaza\/wp-content\/uploads\/2024\/02\/1-59.jpg\" \/>\n\t<meta property=\"og:image:width\" content=\"1600\" \/>\n\t<meta property=\"og:image:height\" content=\"1600\" \/>\n\t<meta property=\"og:image:type\" content=\"image\/jpeg\" \/>\n<meta name=\"twitter:card\" content=\"summary_large_image\" \/>\n<meta name=\"twitter:label1\" content=\"Tahmini okuma s\u00fcresi\" \/>\n\t<meta name=\"twitter:data1\" content=\"2 dakika\" \/>\n<script type=\"application\/ld+json\" class=\"yoast-schema-graph\">{\"@context\":\"https:\\\/\\\/schema.org\",\"@graph\":[{\"@type\":[\"WebPage\",\"ItemPage\"],\"@id\":\"https:\\\/\\\/astrologelvan.com\\\/magaza\\\/urun\\\/yesil-fuksit-fuchsite-dogal-tas-bileklik\\\/\",\"url\":\"https:\\\/\\\/astrologelvan.com\\\/magaza\\\/urun\\\/yesil-fuksit-fuchsite-dogal-tas-bileklik\\\/\",\"name\":\"YE\u015e\u0130L FUKS\u0130T (FUCHS\u0130TE) DO\u011eAL TA\u015e B\u0130LEKL\u0130K - Astrolog Elvan\",\"isPartOf\":{\"@id\":\"https:\\\/\\\/astrologelvan.com\\\/magaza\\\/#website\"},\"primaryImageOfPage\":{\"@id\":\"https:\\\/\\\/astrologelvan.com\\\/magaza\\\/urun\\\/yesil-fuksit-fuchsite-dogal-tas-bileklik\\\/#primaryimage\"},\"image\":{\"@id\":\"https:\\\/\\\/astrologelvan.com\\\/magaza\\\/urun\\\/yesil-fuksit-fuchsite-dogal-tas-bileklik\\\/#primaryimage\"},\"thumbnailUrl\":\"https:\\\/\\\/astrologelvan.com\\\/magaza\\\/wp-content\\\/uploads\\\/2024\\\/02\\\/1-59.jpg\",\"datePublished\":\"2024-02-27T23:35:20+00:00\",\"dateModified\":\"2026-02-25T12:21:22+00:00\",\"breadcrumb\":{\"@id\":\"https:\\\/\\\/astrologelvan.com\\\/magaza\\\/urun\\\/yesil-fuksit-fuchsite-dogal-tas-bileklik\\\/#breadcrumb\"},\"inLanguage\":\"tr\",\"potentialAction\":[{\"@type\":\"ReadAction\",\"target\":[\"https:\\\/\\\/astrologelvan.com\\\/magaza\\\/urun\\\/yesil-fuksit-fuchsite-dogal-tas-bileklik\\\/\"]}]},{\"@type\":\"ImageObject\",\"inLanguage\":\"tr\",\"@id\":\"https:\\\/\\\/astrologelvan.com\\\/magaza\\\/urun\\\/yesil-fuksit-fuchsite-dogal-tas-bileklik\\\/#primaryimage\",\"url\":\"https:\\\/\\\/astrologelvan.com\\\/magaza\\\/wp-content\\\/uploads\\\/2024\\\/02\\\/1-59.jpg\",\"contentUrl\":\"https:\\\/\\\/astrologelvan.com\\\/magaza\\\/wp-content\\\/uploads\\\/2024\\\/02\\\/1-59.jpg\",\"width\":1600,\"height\":1600},{\"@type\":\"BreadcrumbList\",\"@id\":\"https:\\\/\\\/astrologelvan.com\\\/magaza\\\/urun\\\/yesil-fuksit-fuchsite-dogal-tas-bileklik\\\/#breadcrumb\",\"itemListElement\":[{\"@type\":\"ListItem\",\"position\":1,\"name\":\"Anasayfa\",\"item\":\"https:\\\/\\\/astrologelvan.com\\\/magaza\\\/\"},{\"@type\":\"ListItem\",\"position\":2,\"name\":\"Ma\u011faza\",\"item\":\"https:\\\/\\\/astrologelvan.com\\\/magaza\\\/magaza\\\/\"},{\"@type\":\"ListItem\",\"position\":3,\"name\":\"YE\u015e\u0130L FUKS\u0130T (FUCHS\u0130TE) DO\u011eAL TA\u015e B\u0130LEKL\u0130K\"}]},{\"@type\":\"WebSite\",\"@id\":\"https:\\\/\\\/astrologelvan.com\\\/magaza\\\/#website\",\"url\":\"https:\\\/\\\/astrologelvan.com\\\/magaza\\\/\",\"name\":\"Astrolog Elvan\",\"description\":\"\",\"potentialAction\":[{\"@type\":\"SearchAction\",\"target\":{\"@type\":\"EntryPoint\",\"urlTemplate\":\"https:\\\/\\\/astrologelvan.com\\\/magaza\\\/?s={search_term_string}\"},\"query-input\":{\"@type\":\"PropertyValueSpecification\",\"valueRequired\":true,\"valueName\":\"search_term_string\"}}],\"inLanguage\":\"tr\"}]}<\/script>\n<!-- \/ Yoast SEO plugin. -->","yoast_head_json":{"title":"YE\u015e\u0130L FUKS\u0130T (FUCHS\u0130TE) DO\u011eAL TA\u015e B\u0130LEKL\u0130K - Astrolog Elvan","robots":{"index":"index","follow":"follow","max-snippet":"max-snippet:-1","max-image-preview":"max-image-preview:large","max-video-preview":"max-video-preview:-1"},"canonical":"https:\/\/astrologelvan.com\/magaza\/urun\/yesil-fuksit-fuchsite-dogal-tas-bileklik\/","og_locale":"tr_TR","og_type":"article","og_title":"YE\u015e\u0130L FUKS\u0130T (FUCHS\u0130TE) DO\u011eAL TA\u015e B\u0130LEKL\u0130K - Astrolog Elvan","og_description":"Meditasyon esnas\u0131ndaki dingin ve olumlu enerjiyi en y\u00fcksek seviyeye ta\u015f\u0131d\u0131\u011f\u0131 i\u00e7in s\u0131kl\u0131kla bu faaliyetlerde kullan\u0131l\u0131r.  \u00d6zellikle kendinizi bir \u00e7\u0131kmazda bulup karar verme a\u015famas\u0131nda hissetti\u011finizde fuksit ta\u015f\u0131 stresi azalt\u0131p, beden ve ruhu rahatlatarak uyumlanmas\u0131na en do\u011fru karara bilgiye ula\u015fman\u0131za yard\u0131mc\u0131 olur.  Hasta odalar\u0131nda fuksit ta\u015f\u0131 bulundurmak, hem hastay\u0131 hem de refakat eden ki\u015fiyi rahatlatarak daha bilin\u00e7li davranmaya ve daha olumlu d\u00fc\u015f\u00fcnmeye yard\u0131m eder.    Uyku konusunda ya\u015fanan s\u0131k\u0131nt\u0131lar\u0131n giderilmesine fayda sa\u011flar.  Alerjilere kar\u015f\u0131 etkilidir.","og_url":"https:\/\/astrologelvan.com\/magaza\/urun\/yesil-fuksit-fuchsite-dogal-tas-bileklik\/","og_site_name":"Astrolog Elvan","article_modified_time":"2026-02-25T12:21:22+00:00","og_image":[{"width":1600,"height":1600,"url":"https:\/\/astrologelvan.com\/magaza\/wp-content\/uploads\/2024\/02\/1-59.jpg","type":"image\/jpeg"}],"twitter_card":"summary_large_image","twitter_misc":{"Tahmini okuma s\u00fcresi":"2 dakika"},"schema":{"@context":"https:\/\/schema.org","@graph":[{"@type":["WebPage","ItemPage"],"@id":"https:\/\/astrologelvan.com\/magaza\/urun\/yesil-fuksit-fuchsite-dogal-tas-bileklik\/","url":"https:\/\/astrologelvan.com\/magaza\/urun\/yesil-fuksit-fuchsite-dogal-tas-bileklik\/","name":"YE\u015e\u0130L FUKS\u0130T (FUCHS\u0130TE) DO\u011eAL TA\u015e B\u0130LEKL\u0130K - Astrolog Elvan","isPartOf":{"@id":"https:\/\/astrologelvan.com\/magaza\/#website"},"primaryImageOfPage":{"@id":"https:\/\/astrologelvan.com\/magaza\/urun\/yesil-fuksit-fuchsite-dogal-tas-bileklik\/#primaryimage"},"image":{"@id":"https:\/\/astrologelvan.com\/magaza\/urun\/yesil-fuksit-fuchsite-dogal-tas-bileklik\/#primaryimage"},"thumbnailUrl":"https:\/\/astrologelvan.com\/magaza\/wp-content\/uploads\/2024\/02\/1-59.jpg","datePublished":"2024-02-27T23:35:20+00:00","dateModified":"2026-02-25T12:21:22+00:00","breadcrumb":{"@id":"https:\/\/astrologelvan.com\/magaza\/urun\/yesil-fuksit-fuchsite-dogal-tas-bileklik\/#breadcrumb"},"inLanguage":"tr","potentialAction":[{"@type":"ReadAction","target":["https:\/\/astrologelvan.com\/magaza\/urun\/yesil-fuksit-fuchsite-dogal-tas-bileklik\/"]}]},{"@type":"ImageObject","inLanguage":"tr","@id":"https:\/\/astrologelvan.com\/magaza\/urun\/yesil-fuksit-fuchsite-dogal-tas-bileklik\/#primaryimage","url":"https:\/\/astrologelvan.com\/magaza\/wp-content\/uploads\/2024\/02\/1-59.jpg","contentUrl":"https:\/\/astrologelvan.com\/magaza\/wp-content\/uploads\/2024\/02\/1-59.jpg","width":1600,"height":1600},{"@type":"BreadcrumbList","@id":"https:\/\/astrologelvan.com\/magaza\/urun\/yesil-fuksit-fuchsite-dogal-tas-bileklik\/#breadcrumb","itemListElement":[{"@type":"ListItem","position":1,"name":"Anasayfa","item":"https:\/\/astrologelvan.com\/magaza\/"},{"@type":"ListItem","position":2,"name":"Ma\u011faza","item":"https:\/\/astrologelvan.com\/magaza\/magaza\/"},{"@type":"ListItem","position":3,"name":"YE\u015e\u0130L FUKS\u0130T (FUCHS\u0130TE) DO\u011eAL TA\u015e B\u0130LEKL\u0130K"}]},{"@type":"WebSite","@id":"https:\/\/astrologelvan.com\/magaza\/#website","url":"https:\/\/astrologelvan.com\/magaza\/","name":"Astrolog Elvan","description":"","potentialAction":[{"@type":"SearchAction","target":{"@type":"EntryPoint","urlTemplate":"https:\/\/astrologelvan.com\/magaza\/?s={search_term_string}"},"query-input":{"@type":"PropertyValueSpecification","valueRequired":true,"valueName":"search_term_string"}}],"inLanguage":"tr"}]}},"_links":{"self":[{"href":"https:\/\/astrologelvan.com\/magaza\/wp-json\/wp\/v2\/product\/600","targetHints":{"allow":["GET"]}}],"collection":[{"href":"https:\/\/astrologelvan.com\/magaza\/wp-json\/wp\/v2\/product"}],"about":[{"href":"https:\/\/astrologelvan.com\/magaza\/wp-json\/wp\/v2\/types\/product"}],"replies":[{"embeddable":true,"href":"https:\/\/astrologelvan.com\/magaza\/wp-json\/wp\/v2\/comments?post=600"}],"wp:featuredmedia":[{"embeddable":true,"href":"https:\/\/astrologelvan.com\/magaza\/wp-json\/wp\/v2\/media\/5250"}],"wp:attachment":[{"href":"https:\/\/astrologelvan.com\/magaza\/wp-json\/wp\/v2\/media?parent=600"}],"wp:term":[{"taxonomy":"product_brand","embeddable":true,"href":"https:\/\/astrologelvan.com\/magaza\/wp-json\/wp\/v2\/product_brand?post=600"},{"taxonomy":"product_cat","embeddable":true,"href":"https:\/\/astrologelvan.com\/magaza\/wp-json\/wp\/v2\/product_cat?post=600"},{"taxonomy":"product_tag","embeddable":true,"href":"https:\/\/astrologelvan.com\/magaza\/wp-json\/wp\/v2\/product_tag?post=600"}],"curies":[{"name":"wp","href":"https:\/\/api.w.org\/{rel}","templated":true}]}}