{"id":592,"date":"2024-02-28T02:34:57","date_gmt":"2024-02-27T23:34:57","guid":{"rendered":"https:\/\/astrologelvan.shop\/?post_type=product&#038;p=592"},"modified":"2025-12-14T15:36:50","modified_gmt":"2025-12-14T12:36:50","slug":"2023-donusum-ajandasi","status":"publish","type":"product","link":"https:\/\/astrologelvan.com\/magaza\/urun\/2023-donusum-ajandasi\/","title":{"rendered":"2023 D\u00d6N\u00dc\u015e\u00dcM AJANDASI"},"content":{"rendered":"<p>2023 hepimiz i\u00e7in d\u00f6n\u00fc\u015f\u00fcm y\u0131l\u0131 olacak. Bu ajanda ile her g\u00fcn\u00fcn g\u00f6ksel etkisini ve tavsiyesini \u00f6\u011freneceksiniz. \u00d6zel Tarot a\u00e7\u0131l\u0131m\u0131 ile her ay se\u00e7ti\u011finiz karta \u00f6zel bir kehanet sizi bekliyor. Ajandada her ay\u0131n do\u011fal ta\u015flar\u0131n\u0131 bilecek ve \u00fczerinizde o do\u011fal ta\u015flar\u0131 ta\u015f\u0131rsan\u0131z g\u00f6ksel enerjiyi maksimum kullanacaks\u0131n\u0131z. Ayr\u0131ca astrolojik olarak ihtiyac\u0131n\u0131z olan g\u00fcnlere size \u00f6zel his y\u00fcklemeleri yap\u0131ld\u0131. 2023 y\u0131l\u0131nda ihtiyac\u0131n\u0131z olan d\u00f6n\u00fc\u015f\u00fcm enerjisini <strong>D\u00d6N\u00dc\u015e\u00dcM AJANDASI<\/strong> ile sa\u011flayacaks\u0131n\u0131z.<\/p>\n<p class=\"p1\">\u0130\u00e7erik: Elvan Lapis<\/p>\n<p class=\"p1\">Edit\u00f6rler: B\u00fc\u015fra Demirci, Tutku Tezcan, Ceren Dereg\u00f6z\u00fc, Ra\u015fad Haciyev, Serdar \u015eena\u015fc\u0131, Yasemin Bener.<\/p>\n<p class=\"p1\">Tasar\u0131m: Mert Sabuncu<\/p>\n<p class=\"p1\">Kapak \u0130llustrasyon: Beril \u0130rman<\/p>\n","protected":false},"excerpt":{"rendered":"<h4><strong>\u00d6n sat\u0131\u015f i\u00e7in 20 i\u015f g\u00fcn\u00fcnde size iletilecektir!<\/strong><\/h4>\n<p>&nbsp;<\/p>\n<h6>Bu ajanday\u0131 sat\u0131n alanlara \u00f6zel his y\u00fcklemesi yap\u0131lm\u0131\u015ft\u0131r.<\/p>\n<p>Her ajanday\u0131 a\u00e7\u0131p kapad\u0131\u011f\u0131nda hayat\u0131na mucizeler ya\u011fmas\u0131, diledi\u011fin t\u00fcm olumlu dileklerin ger\u00e7ek olmas\u0131, 2023 y\u0131l\u0131 boyunca her g\u00fcn \u00e7ok \u015fansl\u0131 oldu\u011funu hissetmen ve Astrolog Elvan\u2019\u0131n da t\u00fcm bunlara tan\u0131k olmas\u0131n\u0131n m\u00fcmk\u00fcn kolay ve g\u00fcvenli oldu\u011funu, \u015fans, mucizeler ve hayallerine kavu\u015fabilmenin Yaradan tan\u0131m\u0131 ve perspektifini y\u00fckledik. Bu hissi bilmek istersen sadece ajanday\u0131 eline ald\u0131\u011f\u0131nda \u201cEvet\u201d de.<\/p>\n<p>Ajanday\u0131 her eline ald\u0131\u011f\u0131nda bedeninin her bir h\u00fccresi ve hayat\u0131n\u0131n her bir alan\u0131nda ko\u015fulsuz sevgi ile dolman ve bunu hissetmen m\u00fcmk\u00fcn. Bilmek istersen bu hissi \u201cEvet\u201d de.<\/p>\n<p>Ayr\u0131ca baz\u0131 \u00f6zel g\u00fcnlere o g\u00fcn\u00fcn g\u00f6ksel enerjisine uygun hisler y\u00fckledik. T\u00fcm hisleri bir kere \u201cEvet, kabul ediyorum\u201d demen yeterlidir. His y\u00fcklemen alan h\u0131z\u0131nda ger\u00e7ekle\u015fiyor.<\/p>\n<p>7 Ocak; Duygusal dengede olma hissi<\/p>\n<p>21 Ocak; Cesaretle hedeflerini ger\u00e7ekle\u015ftirece\u011fini bilme hissi<\/p>\n<p>5 \u015eubat; B\u0131rakman\u0131n rahatl\u0131\u011f\u0131 ve hafifli\u011fini hissetmek<\/p>\n<p>20 \u015eubat; Ko\u015fulsuzca sevildi\u011fini hissetmek<\/p>\n<p>27 \u015eubat \u2013 5 Mart haftas\u0131 mucizelerle kar\u015f\u0131la\u015fma ve enerjinin y\u00fckseldi\u011fini bilme hissi<\/p>\n<p>20 Nisan; Hayat\u0131nda yepyeni bir sayfa a\u00e7man\u0131n heyecan\u0131n\u0131 bilseydin bu sana hangi sonsuz olas\u0131l\u0131k ve f\u0131rsatlar\u0131 g\u00f6sterirdi?<\/p>\n<p>5 May\u0131s; Sa\u011fl\u0131kl\u0131 ve dengede olma hissi<\/p>\n<p>19 May\u0131s; \u0130lahi olanla ileti\u015fime ge\u00e7me ve ko\u015fulsuz sevgiyi hissetme<\/p>\n<p>6 Temmuz; \u0130lahi \u015fifalanma ve mucize kap\u0131lar\u0131n\u0131n sonuna kadar a\u00e7\u0131ld\u0131\u011f\u0131n\u0131 bilme hissi<\/p>\n<p>1 A\u011fustos; Zor zamanlar\u0131n ge\u00e7ece\u011fini bilme hissi, d\u00f6n\u00fc\u015f\u00fcmle gelecek yeni ba\u015flang\u0131\u00e7lara haz\u0131r olma ve dinginlik<\/p>\n<p>8 A\u011fustos; Sonsuz bereket ve bolluk<\/p>\n<p>14 Ekim; Hakk\u0131n\u0131 ald\u0131\u011f\u0131n bilme hissi, ili\u015fkide sonsuz sevgiyi, alma verme dengesini kurdu\u011funu bilme hissi<\/p>\n<p>28 Ekim; Tutulman\u0131n negatif etkisini evrende \u00e7\u00f6z\u00fcnd\u00fcrme ve yeni f\u0131rsatlar\u0131 kar\u015f\u0131lama hissi<\/p>\n<p>13 Aral\u0131k; Sorunlar\u0131n\u0131 \u00e7\u00f6zme, destek g\u00f6rme ve \u00f6nemsenme hissi<\/h6>\n","protected":false},"featured_media":654,"comment_status":"open","ping_status":"closed","template":"","meta":[],"product_brand":[],"product_cat":[388],"product_tag":[389],"class_list":{"0":"post-592","1":"product","2":"type-product","3":"status-publish","4":"has-post-thumbnail","6":"product_cat-astroloji-ajandasi","7":"product_tag-astroloji-ajanda","9":"first","10":"outofstock","11":"taxable","12":"shipping-taxable","13":"purchasable","14":"product-type-simple"},"yoast_head":"<!-- This site is optimized with the Yoast SEO plugin v27.3 - https:\/\/yoast.com\/product\/yoast-seo-wordpress\/ -->\n<title>2023 D\u00d6N\u00dc\u015e\u00dcM AJANDASI - Astrolog Elvan<\/title>\n<meta name=\"description\" content=\"2022 Y\u0131l\u0131 Astrolojik Ajandas\u0131. B\u00fct\u00fcn bir y\u0131l\u0131 sizin i\u00e7in bu ajanda i\u00e7erisinde derledik. Y\u0131l\u0131n her g\u00fcn\u00fc sizi ne bekliyor? Hemen \u00f6\u011frenin!\" \/>\n<meta name=\"robots\" content=\"index, follow, max-snippet:-1, max-image-preview:large, max-video-preview:-1\" \/>\n<link rel=\"canonical\" href=\"https:\/\/astrologelvan.com\/magaza\/urun\/2023-donusum-ajandasi\/\" \/>\n<meta property=\"og:locale\" content=\"tr_TR\" \/>\n<meta property=\"og:type\" content=\"article\" \/>\n<meta property=\"og:title\" content=\"2023 D\u00d6N\u00dc\u015e\u00dcM AJANDASI - Astrolog Elvan\" \/>\n<meta property=\"og:description\" content=\"2022 Y\u0131l\u0131 Astrolojik Ajandas\u0131. B\u00fct\u00fcn bir y\u0131l\u0131 sizin i\u00e7in bu ajanda i\u00e7erisinde derledik. Y\u0131l\u0131n her g\u00fcn\u00fc sizi ne bekliyor? Hemen \u00f6\u011frenin!\" \/>\n<meta property=\"og:url\" content=\"https:\/\/astrologelvan.com\/magaza\/urun\/2023-donusum-ajandasi\/\" \/>\n<meta property=\"og:site_name\" content=\"Astrolog Elvan\" \/>\n<meta property=\"article:modified_time\" content=\"2025-12-14T12:36:50+00:00\" \/>\n<meta property=\"og:image\" content=\"https:\/\/astrologelvan.com\/magaza\/wp-content\/uploads\/2024\/02\/Astrolog-Elvan-Donusum-2023-Astroloji-Ajandasi.jpg\" \/>\n\t<meta property=\"og:image:width\" content=\"1080\" \/>\n\t<meta property=\"og:image:height\" content=\"1080\" \/>\n\t<meta property=\"og:image:type\" content=\"image\/jpeg\" \/>\n<meta name=\"twitter:card\" content=\"summary_large_image\" \/>\n<meta name=\"twitter:label1\" content=\"Tahmini okuma s\u00fcresi\" \/>\n\t<meta name=\"twitter:data1\" content=\"1 dakika\" \/>\n<script type=\"application\/ld+json\" class=\"yoast-schema-graph\">{\"@context\":\"https:\\\/\\\/schema.org\",\"@graph\":[{\"@type\":[\"WebPage\",\"ItemPage\"],\"@id\":\"https:\\\/\\\/astrologelvan.com\\\/magaza\\\/urun\\\/2023-donusum-ajandasi\\\/\",\"url\":\"https:\\\/\\\/astrologelvan.com\\\/magaza\\\/urun\\\/2023-donusum-ajandasi\\\/\",\"name\":\"2023 D\u00d6N\u00dc\u015e\u00dcM AJANDASI - Astrolog Elvan\",\"isPartOf\":{\"@id\":\"https:\\\/\\\/astrologelvan.com\\\/magaza\\\/#website\"},\"primaryImageOfPage\":{\"@id\":\"https:\\\/\\\/astrologelvan.com\\\/magaza\\\/urun\\\/2023-donusum-ajandasi\\\/#primaryimage\"},\"image\":{\"@id\":\"https:\\\/\\\/astrologelvan.com\\\/magaza\\\/urun\\\/2023-donusum-ajandasi\\\/#primaryimage\"},\"thumbnailUrl\":\"https:\\\/\\\/astrologelvan.com\\\/magaza\\\/wp-content\\\/uploads\\\/2024\\\/02\\\/Astrolog-Elvan-Donusum-2023-Astroloji-Ajandasi.jpg\",\"datePublished\":\"2024-02-27T23:34:57+00:00\",\"dateModified\":\"2025-12-14T12:36:50+00:00\",\"description\":\"2022 Y\u0131l\u0131 Astrolojik Ajandas\u0131. B\u00fct\u00fcn bir y\u0131l\u0131 sizin i\u00e7in bu ajanda i\u00e7erisinde derledik. Y\u0131l\u0131n her g\u00fcn\u00fc sizi ne bekliyor? Hemen \u00f6\u011frenin!\",\"breadcrumb\":{\"@id\":\"https:\\\/\\\/astrologelvan.com\\\/magaza\\\/urun\\\/2023-donusum-ajandasi\\\/#breadcrumb\"},\"inLanguage\":\"tr\",\"potentialAction\":[{\"@type\":\"ReadAction\",\"target\":[\"https:\\\/\\\/astrologelvan.com\\\/magaza\\\/urun\\\/2023-donusum-ajandasi\\\/\"]}]},{\"@type\":\"ImageObject\",\"inLanguage\":\"tr\",\"@id\":\"https:\\\/\\\/astrologelvan.com\\\/magaza\\\/urun\\\/2023-donusum-ajandasi\\\/#primaryimage\",\"url\":\"https:\\\/\\\/astrologelvan.com\\\/magaza\\\/wp-content\\\/uploads\\\/2024\\\/02\\\/Astrolog-Elvan-Donusum-2023-Astroloji-Ajandasi.jpg\",\"contentUrl\":\"https:\\\/\\\/astrologelvan.com\\\/magaza\\\/wp-content\\\/uploads\\\/2024\\\/02\\\/Astrolog-Elvan-Donusum-2023-Astroloji-Ajandasi.jpg\",\"width\":1080,\"height\":1080},{\"@type\":\"BreadcrumbList\",\"@id\":\"https:\\\/\\\/astrologelvan.com\\\/magaza\\\/urun\\\/2023-donusum-ajandasi\\\/#breadcrumb\",\"itemListElement\":[{\"@type\":\"ListItem\",\"position\":1,\"name\":\"Anasayfa\",\"item\":\"https:\\\/\\\/astrologelvan.com\\\/magaza\\\/\"},{\"@type\":\"ListItem\",\"position\":2,\"name\":\"Ma\u011faza\",\"item\":\"https:\\\/\\\/astrologelvan.com\\\/magaza\\\/magaza\\\/\"},{\"@type\":\"ListItem\",\"position\":3,\"name\":\"2023 D\u00d6N\u00dc\u015e\u00dcM AJANDASI\"}]},{\"@type\":\"WebSite\",\"@id\":\"https:\\\/\\\/astrologelvan.com\\\/magaza\\\/#website\",\"url\":\"https:\\\/\\\/astrologelvan.com\\\/magaza\\\/\",\"name\":\"Astrolog Elvan\",\"description\":\"\",\"potentialAction\":[{\"@type\":\"SearchAction\",\"target\":{\"@type\":\"EntryPoint\",\"urlTemplate\":\"https:\\\/\\\/astrologelvan.com\\\/magaza\\\/?s={search_term_string}\"},\"query-input\":{\"@type\":\"PropertyValueSpecification\",\"valueRequired\":true,\"valueName\":\"search_term_string\"}}],\"inLanguage\":\"tr\"}]}<\/script>\n<!-- \/ Yoast SEO plugin. -->","yoast_head_json":{"title":"2023 D\u00d6N\u00dc\u015e\u00dcM AJANDASI - Astrolog Elvan","description":"2022 Y\u0131l\u0131 Astrolojik Ajandas\u0131. B\u00fct\u00fcn bir y\u0131l\u0131 sizin i\u00e7in bu ajanda i\u00e7erisinde derledik. Y\u0131l\u0131n her g\u00fcn\u00fc sizi ne bekliyor? Hemen \u00f6\u011frenin!","robots":{"index":"index","follow":"follow","max-snippet":"max-snippet:-1","max-image-preview":"max-image-preview:large","max-video-preview":"max-video-preview:-1"},"canonical":"https:\/\/astrologelvan.com\/magaza\/urun\/2023-donusum-ajandasi\/","og_locale":"tr_TR","og_type":"article","og_title":"2023 D\u00d6N\u00dc\u015e\u00dcM AJANDASI - Astrolog Elvan","og_description":"2022 Y\u0131l\u0131 Astrolojik Ajandas\u0131. B\u00fct\u00fcn bir y\u0131l\u0131 sizin i\u00e7in bu ajanda i\u00e7erisinde derledik. Y\u0131l\u0131n her g\u00fcn\u00fc sizi ne bekliyor? Hemen \u00f6\u011frenin!","og_url":"https:\/\/astrologelvan.com\/magaza\/urun\/2023-donusum-ajandasi\/","og_site_name":"Astrolog Elvan","article_modified_time":"2025-12-14T12:36:50+00:00","og_image":[{"width":1080,"height":1080,"url":"https:\/\/astrologelvan.com\/magaza\/wp-content\/uploads\/2024\/02\/Astrolog-Elvan-Donusum-2023-Astroloji-Ajandasi.jpg","type":"image\/jpeg"}],"twitter_card":"summary_large_image","twitter_misc":{"Tahmini okuma s\u00fcresi":"1 dakika"},"schema":{"@context":"https:\/\/schema.org","@graph":[{"@type":["WebPage","ItemPage"],"@id":"https:\/\/astrologelvan.com\/magaza\/urun\/2023-donusum-ajandasi\/","url":"https:\/\/astrologelvan.com\/magaza\/urun\/2023-donusum-ajandasi\/","name":"2023 D\u00d6N\u00dc\u015e\u00dcM AJANDASI - Astrolog Elvan","isPartOf":{"@id":"https:\/\/astrologelvan.com\/magaza\/#website"},"primaryImageOfPage":{"@id":"https:\/\/astrologelvan.com\/magaza\/urun\/2023-donusum-ajandasi\/#primaryimage"},"image":{"@id":"https:\/\/astrologelvan.com\/magaza\/urun\/2023-donusum-ajandasi\/#primaryimage"},"thumbnailUrl":"https:\/\/astrologelvan.com\/magaza\/wp-content\/uploads\/2024\/02\/Astrolog-Elvan-Donusum-2023-Astroloji-Ajandasi.jpg","datePublished":"2024-02-27T23:34:57+00:00","dateModified":"2025-12-14T12:36:50+00:00","description":"2022 Y\u0131l\u0131 Astrolojik Ajandas\u0131. B\u00fct\u00fcn bir y\u0131l\u0131 sizin i\u00e7in bu ajanda i\u00e7erisinde derledik. Y\u0131l\u0131n her g\u00fcn\u00fc sizi ne bekliyor? Hemen \u00f6\u011frenin!","breadcrumb":{"@id":"https:\/\/astrologelvan.com\/magaza\/urun\/2023-donusum-ajandasi\/#breadcrumb"},"inLanguage":"tr","potentialAction":[{"@type":"ReadAction","target":["https:\/\/astrologelvan.com\/magaza\/urun\/2023-donusum-ajandasi\/"]}]},{"@type":"ImageObject","inLanguage":"tr","@id":"https:\/\/astrologelvan.com\/magaza\/urun\/2023-donusum-ajandasi\/#primaryimage","url":"https:\/\/astrologelvan.com\/magaza\/wp-content\/uploads\/2024\/02\/Astrolog-Elvan-Donusum-2023-Astroloji-Ajandasi.jpg","contentUrl":"https:\/\/astrologelvan.com\/magaza\/wp-content\/uploads\/2024\/02\/Astrolog-Elvan-Donusum-2023-Astroloji-Ajandasi.jpg","width":1080,"height":1080},{"@type":"BreadcrumbList","@id":"https:\/\/astrologelvan.com\/magaza\/urun\/2023-donusum-ajandasi\/#breadcrumb","itemListElement":[{"@type":"ListItem","position":1,"name":"Anasayfa","item":"https:\/\/astrologelvan.com\/magaza\/"},{"@type":"ListItem","position":2,"name":"Ma\u011faza","item":"https:\/\/astrologelvan.com\/magaza\/magaza\/"},{"@type":"ListItem","position":3,"name":"2023 D\u00d6N\u00dc\u015e\u00dcM AJANDASI"}]},{"@type":"WebSite","@id":"https:\/\/astrologelvan.com\/magaza\/#website","url":"https:\/\/astrologelvan.com\/magaza\/","name":"Astrolog Elvan","description":"","potentialAction":[{"@type":"SearchAction","target":{"@type":"EntryPoint","urlTemplate":"https:\/\/astrologelvan.com\/magaza\/?s={search_term_string}"},"query-input":{"@type":"PropertyValueSpecification","valueRequired":true,"valueName":"search_term_string"}}],"inLanguage":"tr"}]}},"_links":{"self":[{"href":"https:\/\/astrologelvan.com\/magaza\/wp-json\/wp\/v2\/product\/592","targetHints":{"allow":["GET"]}}],"collection":[{"href":"https:\/\/astrologelvan.com\/magaza\/wp-json\/wp\/v2\/product"}],"about":[{"href":"https:\/\/astrologelvan.com\/magaza\/wp-json\/wp\/v2\/types\/product"}],"replies":[{"embeddable":true,"href":"https:\/\/astrologelvan.com\/magaza\/wp-json\/wp\/v2\/comments?post=592"}],"wp:featuredmedia":[{"embeddable":true,"href":"https:\/\/astrologelvan.com\/magaza\/wp-json\/wp\/v2\/media\/654"}],"wp:attachment":[{"href":"https:\/\/astrologelvan.com\/magaza\/wp-json\/wp\/v2\/media?parent=592"}],"wp:term":[{"taxonomy":"product_brand","embeddable":true,"href":"https:\/\/astrologelvan.com\/magaza\/wp-json\/wp\/v2\/product_brand?post=592"},{"taxonomy":"product_cat","embeddable":true,"href":"https:\/\/astrologelvan.com\/magaza\/wp-json\/wp\/v2\/product_cat?post=592"},{"taxonomy":"product_tag","embeddable":true,"href":"https:\/\/astrologelvan.com\/magaza\/wp-json\/wp\/v2\/product_tag?post=592"}],"curies":[{"name":"wp","href":"https:\/\/api.w.org\/{rel}","templated":true}]}}