{"id":578,"date":"2024-02-28T02:34:02","date_gmt":"2024-02-27T23:34:02","guid":{"rendered":"https:\/\/astrologelvan.shop\/?post_type=product&#038;p=578"},"modified":"2026-03-01T20:11:32","modified_gmt":"2026-03-01T17:11:32","slug":"925-ayar-gumus-malahit-tasi-kolye","status":"publish","type":"product","link":"https:\/\/astrologelvan.com\/magaza\/urun\/925-ayar-gumus-malahit-tasi-kolye\/","title":{"rendered":"MALAH\u0130T TA\u015eI KOLYE | 925 AYAR G\u00dcM\u00dc\u015e"},"content":{"rendered":"<p>45+15 CM<\/p>\n<p>925 ayar g\u00fcm\u00fc\u015f ayarlanabilir zincir.<\/p>\n<p>Mont\u00fcr el i\u015f\u00e7ili\u011fidir<\/p>\n<p>925 Ayar g\u00fcm\u00fc\u015f.<\/p>\n<p>Ortalama 7,7 gr<\/p>\n<p>do\u011fal ta\u015f a\u011f\u0131rl\u0131\u011f\u0131 1,3 gr zincir a\u011f\u0131rl\u0131\u011f\u0131<\/p>\n","protected":false},"excerpt":{"rendered":"<p>Sa\u011fl\u0131k ta\u015f\u0131 olarakta bilinir.<\/p>\n<p>\u00d6zellikle a\u011fr\u0131yan b\u00f6lge \u00fczerine koyulunca A\u011fr\u0131lar\u0131n azalmas\u0131na yard\u0131mc\u0131 oldu\u011fu s\u00f6ylenir.<\/p>\n<p>Sakinle\u015ftirici bir enerji verir.<\/p>\n<p>\u00d6zellikle uyku problemi \u00e7ekenler kullanabilir.<\/p>\n<p>Antik Yunan da ki\u015finin kalbini kar\u015f\u0131 tarafa a\u00e7mak i\u00e7in verdi\u011fi bir hediyeydi.<\/p>\n<p>M\u0131s\u0131rl\u0131larda bu ta\u015f\u0131n cazibesine vurulmu\u015ftu. Malahiti S\u00fcvey\u015f madenlerinden \u00e7\u0131kar\u0131rlard\u0131.Ta\u015f\u0131n rengi Kleopatran\u0131n makyaj\u0131nda g\u00f6z far\u0131na ilham olmu\u015ftu.<\/p>\n<p>Mide rahats\u0131zl\u0131klar\u0131n\u0131 yat\u0131\u015ft\u0131rmaya yard\u0131mc\u0131 oldu\u011fu s\u00f6ylenir. \u00c7ok eski zamanlardan beri \u015fifac\u0131lar taraf\u0131ndan negatif enerjilere kar\u015f\u0131 koruma ve ki\u015finin \u00fczerinde herhangi bir lanet yada beddua varsa bunu kald\u0131rmak i\u00e7in \u00e7ok eski zamanlardan beri \u015fifac\u0131lar taraf\u0131ndan negatif enerjilere kar\u015f\u0131 koruma ve ki\u015finin \u00fczerinde herhangi bir lanet yada beddua varsa bunu kald\u0131rmak i\u00e7in de kullan\u0131l\u0131rd\u0131<\/p>\n","protected":false},"featured_media":10233,"comment_status":"open","ping_status":"closed","template":"","meta":[],"product_brand":[],"product_cat":[26,255,48,382],"product_tag":[290,383],"class_list":{"0":"post-578","1":"product","2":"type-product","3":"status-publish","4":"has-post-thumbnail","6":"product_cat-genel","7":"product_cat-gumus-kolye","8":"product_cat-kolyeler","9":"product_cat-malahit-tasi","10":"product_tag-gumus-kolye","11":"product_tag-malahit-tasi","13":"first","14":"instock","15":"purchasable","16":"product-type-simple"},"yoast_head":"<!-- This site is optimized with the Yoast SEO plugin v27.3 - https:\/\/yoast.com\/product\/yoast-seo-wordpress\/ -->\n<title>MALAH\u0130T TA\u015eI KOLYE | 925 AYAR G\u00dcM\u00dc\u015e - Astrolog Elvan<\/title>\n<meta name=\"robots\" content=\"index, follow, max-snippet:-1, max-image-preview:large, max-video-preview:-1\" \/>\n<link rel=\"canonical\" href=\"https:\/\/astrologelvan.com\/magaza\/urun\/925-ayar-gumus-malahit-tasi-kolye\/\" \/>\n<meta property=\"og:locale\" content=\"tr_TR\" \/>\n<meta property=\"og:type\" content=\"article\" \/>\n<meta property=\"og:title\" content=\"MALAH\u0130T TA\u015eI KOLYE | 925 AYAR G\u00dcM\u00dc\u015e - Astrolog Elvan\" \/>\n<meta property=\"og:description\" content=\"Sa\u011fl\u0131k ta\u015f\u0131 olarakta bilinir.  \u00d6zellikle a\u011fr\u0131yan b\u00f6lge \u00fczerine koyulunca A\u011fr\u0131lar\u0131n azalmas\u0131na yard\u0131mc\u0131 oldu\u011fu s\u00f6ylenir.  Sakinle\u015ftirici bir enerji verir.  \u00d6zellikle uyku problemi \u00e7ekenler kullanabilir.  Antik Yunan da ki\u015finin kalbini kar\u015f\u0131 tarafa a\u00e7mak i\u00e7in verdi\u011fi bir hediyeydi.  M\u0131s\u0131rl\u0131larda bu ta\u015f\u0131n cazibesine vurulmu\u015ftu. Malahiti S\u00fcvey\u015f madenlerinden \u00e7\u0131kar\u0131rlard\u0131.Ta\u015f\u0131n rengi Kleopatran\u0131n makyaj\u0131nda g\u00f6z far\u0131na ilham olmu\u015ftu.  Mide rahats\u0131zl\u0131klar\u0131n\u0131 yat\u0131\u015ft\u0131rmaya yard\u0131mc\u0131 oldu\u011fu s\u00f6ylenir. \u00c7ok eski zamanlardan beri \u015fifac\u0131lar taraf\u0131ndan negatif enerjilere kar\u015f\u0131 koruma ve ki\u015finin \u00fczerinde herhangi bir lanet yada beddua varsa bunu kald\u0131rmak i\u00e7in \u00e7ok eski zamanlardan beri \u015fifac\u0131lar taraf\u0131ndan negatif enerjilere kar\u015f\u0131 koruma ve ki\u015finin \u00fczerinde herhangi bir lanet yada beddua varsa bunu kald\u0131rmak i\u00e7in de kullan\u0131l\u0131rd\u0131\" \/>\n<meta property=\"og:url\" content=\"https:\/\/astrologelvan.com\/magaza\/urun\/925-ayar-gumus-malahit-tasi-kolye\/\" \/>\n<meta property=\"og:site_name\" content=\"Astrolog Elvan\" \/>\n<meta property=\"article:modified_time\" content=\"2026-03-01T17:11:32+00:00\" \/>\n<meta property=\"og:image\" content=\"https:\/\/astrologelvan.com\/magaza\/wp-content\/uploads\/2024\/02\/1-141-scaled.jpg\" \/>\n\t<meta property=\"og:image:width\" content=\"2560\" \/>\n\t<meta property=\"og:image:height\" content=\"2560\" \/>\n\t<meta property=\"og:image:type\" content=\"image\/jpeg\" \/>\n<meta name=\"twitter:card\" content=\"summary_large_image\" \/>\n<meta name=\"twitter:label1\" content=\"Tahmini okuma s\u00fcresi\" \/>\n\t<meta name=\"twitter:data1\" content=\"1 dakika\" \/>\n<script type=\"application\/ld+json\" class=\"yoast-schema-graph\">{\"@context\":\"https:\\\/\\\/schema.org\",\"@graph\":[{\"@type\":[\"WebPage\",\"ItemPage\"],\"@id\":\"https:\\\/\\\/astrologelvan.com\\\/magaza\\\/urun\\\/925-ayar-gumus-malahit-tasi-kolye\\\/\",\"url\":\"https:\\\/\\\/astrologelvan.com\\\/magaza\\\/urun\\\/925-ayar-gumus-malahit-tasi-kolye\\\/\",\"name\":\"MALAH\u0130T TA\u015eI KOLYE | 925 AYAR G\u00dcM\u00dc\u015e - Astrolog Elvan\",\"isPartOf\":{\"@id\":\"https:\\\/\\\/astrologelvan.com\\\/magaza\\\/#website\"},\"primaryImageOfPage\":{\"@id\":\"https:\\\/\\\/astrologelvan.com\\\/magaza\\\/urun\\\/925-ayar-gumus-malahit-tasi-kolye\\\/#primaryimage\"},\"image\":{\"@id\":\"https:\\\/\\\/astrologelvan.com\\\/magaza\\\/urun\\\/925-ayar-gumus-malahit-tasi-kolye\\\/#primaryimage\"},\"thumbnailUrl\":\"https:\\\/\\\/astrologelvan.com\\\/magaza\\\/wp-content\\\/uploads\\\/2024\\\/02\\\/1-141-scaled.jpg\",\"datePublished\":\"2024-02-27T23:34:02+00:00\",\"dateModified\":\"2026-03-01T17:11:32+00:00\",\"breadcrumb\":{\"@id\":\"https:\\\/\\\/astrologelvan.com\\\/magaza\\\/urun\\\/925-ayar-gumus-malahit-tasi-kolye\\\/#breadcrumb\"},\"inLanguage\":\"tr\",\"potentialAction\":[{\"@type\":\"ReadAction\",\"target\":[\"https:\\\/\\\/astrologelvan.com\\\/magaza\\\/urun\\\/925-ayar-gumus-malahit-tasi-kolye\\\/\"]}]},{\"@type\":\"ImageObject\",\"inLanguage\":\"tr\",\"@id\":\"https:\\\/\\\/astrologelvan.com\\\/magaza\\\/urun\\\/925-ayar-gumus-malahit-tasi-kolye\\\/#primaryimage\",\"url\":\"https:\\\/\\\/astrologelvan.com\\\/magaza\\\/wp-content\\\/uploads\\\/2024\\\/02\\\/1-141-scaled.jpg\",\"contentUrl\":\"https:\\\/\\\/astrologelvan.com\\\/magaza\\\/wp-content\\\/uploads\\\/2024\\\/02\\\/1-141-scaled.jpg\",\"width\":2560,\"height\":2560},{\"@type\":\"BreadcrumbList\",\"@id\":\"https:\\\/\\\/astrologelvan.com\\\/magaza\\\/urun\\\/925-ayar-gumus-malahit-tasi-kolye\\\/#breadcrumb\",\"itemListElement\":[{\"@type\":\"ListItem\",\"position\":1,\"name\":\"Anasayfa\",\"item\":\"https:\\\/\\\/astrologelvan.com\\\/magaza\\\/\"},{\"@type\":\"ListItem\",\"position\":2,\"name\":\"Ma\u011faza\",\"item\":\"https:\\\/\\\/astrologelvan.com\\\/magaza\\\/magaza\\\/\"},{\"@type\":\"ListItem\",\"position\":3,\"name\":\"MALAH\u0130T TA\u015eI KOLYE | 925 AYAR G\u00dcM\u00dc\u015e\"}]},{\"@type\":\"WebSite\",\"@id\":\"https:\\\/\\\/astrologelvan.com\\\/magaza\\\/#website\",\"url\":\"https:\\\/\\\/astrologelvan.com\\\/magaza\\\/\",\"name\":\"Astrolog Elvan\",\"description\":\"\",\"potentialAction\":[{\"@type\":\"SearchAction\",\"target\":{\"@type\":\"EntryPoint\",\"urlTemplate\":\"https:\\\/\\\/astrologelvan.com\\\/magaza\\\/?s={search_term_string}\"},\"query-input\":{\"@type\":\"PropertyValueSpecification\",\"valueRequired\":true,\"valueName\":\"search_term_string\"}}],\"inLanguage\":\"tr\"}]}<\/script>\n<!-- \/ Yoast SEO plugin. -->","yoast_head_json":{"title":"MALAH\u0130T TA\u015eI KOLYE | 925 AYAR G\u00dcM\u00dc\u015e - Astrolog Elvan","robots":{"index":"index","follow":"follow","max-snippet":"max-snippet:-1","max-image-preview":"max-image-preview:large","max-video-preview":"max-video-preview:-1"},"canonical":"https:\/\/astrologelvan.com\/magaza\/urun\/925-ayar-gumus-malahit-tasi-kolye\/","og_locale":"tr_TR","og_type":"article","og_title":"MALAH\u0130T TA\u015eI KOLYE | 925 AYAR G\u00dcM\u00dc\u015e - Astrolog Elvan","og_description":"Sa\u011fl\u0131k ta\u015f\u0131 olarakta bilinir.  \u00d6zellikle a\u011fr\u0131yan b\u00f6lge \u00fczerine koyulunca A\u011fr\u0131lar\u0131n azalmas\u0131na yard\u0131mc\u0131 oldu\u011fu s\u00f6ylenir.  Sakinle\u015ftirici bir enerji verir.  \u00d6zellikle uyku problemi \u00e7ekenler kullanabilir.  Antik Yunan da ki\u015finin kalbini kar\u015f\u0131 tarafa a\u00e7mak i\u00e7in verdi\u011fi bir hediyeydi.  M\u0131s\u0131rl\u0131larda bu ta\u015f\u0131n cazibesine vurulmu\u015ftu. Malahiti S\u00fcvey\u015f madenlerinden \u00e7\u0131kar\u0131rlard\u0131.Ta\u015f\u0131n rengi Kleopatran\u0131n makyaj\u0131nda g\u00f6z far\u0131na ilham olmu\u015ftu.  Mide rahats\u0131zl\u0131klar\u0131n\u0131 yat\u0131\u015ft\u0131rmaya yard\u0131mc\u0131 oldu\u011fu s\u00f6ylenir. \u00c7ok eski zamanlardan beri \u015fifac\u0131lar taraf\u0131ndan negatif enerjilere kar\u015f\u0131 koruma ve ki\u015finin \u00fczerinde herhangi bir lanet yada beddua varsa bunu kald\u0131rmak i\u00e7in \u00e7ok eski zamanlardan beri \u015fifac\u0131lar taraf\u0131ndan negatif enerjilere kar\u015f\u0131 koruma ve ki\u015finin \u00fczerinde herhangi bir lanet yada beddua varsa bunu kald\u0131rmak i\u00e7in de kullan\u0131l\u0131rd\u0131","og_url":"https:\/\/astrologelvan.com\/magaza\/urun\/925-ayar-gumus-malahit-tasi-kolye\/","og_site_name":"Astrolog Elvan","article_modified_time":"2026-03-01T17:11:32+00:00","og_image":[{"width":2560,"height":2560,"url":"https:\/\/astrologelvan.com\/magaza\/wp-content\/uploads\/2024\/02\/1-141-scaled.jpg","type":"image\/jpeg"}],"twitter_card":"summary_large_image","twitter_misc":{"Tahmini okuma s\u00fcresi":"1 dakika"},"schema":{"@context":"https:\/\/schema.org","@graph":[{"@type":["WebPage","ItemPage"],"@id":"https:\/\/astrologelvan.com\/magaza\/urun\/925-ayar-gumus-malahit-tasi-kolye\/","url":"https:\/\/astrologelvan.com\/magaza\/urun\/925-ayar-gumus-malahit-tasi-kolye\/","name":"MALAH\u0130T TA\u015eI KOLYE | 925 AYAR G\u00dcM\u00dc\u015e - Astrolog Elvan","isPartOf":{"@id":"https:\/\/astrologelvan.com\/magaza\/#website"},"primaryImageOfPage":{"@id":"https:\/\/astrologelvan.com\/magaza\/urun\/925-ayar-gumus-malahit-tasi-kolye\/#primaryimage"},"image":{"@id":"https:\/\/astrologelvan.com\/magaza\/urun\/925-ayar-gumus-malahit-tasi-kolye\/#primaryimage"},"thumbnailUrl":"https:\/\/astrologelvan.com\/magaza\/wp-content\/uploads\/2024\/02\/1-141-scaled.jpg","datePublished":"2024-02-27T23:34:02+00:00","dateModified":"2026-03-01T17:11:32+00:00","breadcrumb":{"@id":"https:\/\/astrologelvan.com\/magaza\/urun\/925-ayar-gumus-malahit-tasi-kolye\/#breadcrumb"},"inLanguage":"tr","potentialAction":[{"@type":"ReadAction","target":["https:\/\/astrologelvan.com\/magaza\/urun\/925-ayar-gumus-malahit-tasi-kolye\/"]}]},{"@type":"ImageObject","inLanguage":"tr","@id":"https:\/\/astrologelvan.com\/magaza\/urun\/925-ayar-gumus-malahit-tasi-kolye\/#primaryimage","url":"https:\/\/astrologelvan.com\/magaza\/wp-content\/uploads\/2024\/02\/1-141-scaled.jpg","contentUrl":"https:\/\/astrologelvan.com\/magaza\/wp-content\/uploads\/2024\/02\/1-141-scaled.jpg","width":2560,"height":2560},{"@type":"BreadcrumbList","@id":"https:\/\/astrologelvan.com\/magaza\/urun\/925-ayar-gumus-malahit-tasi-kolye\/#breadcrumb","itemListElement":[{"@type":"ListItem","position":1,"name":"Anasayfa","item":"https:\/\/astrologelvan.com\/magaza\/"},{"@type":"ListItem","position":2,"name":"Ma\u011faza","item":"https:\/\/astrologelvan.com\/magaza\/magaza\/"},{"@type":"ListItem","position":3,"name":"MALAH\u0130T TA\u015eI KOLYE | 925 AYAR G\u00dcM\u00dc\u015e"}]},{"@type":"WebSite","@id":"https:\/\/astrologelvan.com\/magaza\/#website","url":"https:\/\/astrologelvan.com\/magaza\/","name":"Astrolog Elvan","description":"","potentialAction":[{"@type":"SearchAction","target":{"@type":"EntryPoint","urlTemplate":"https:\/\/astrologelvan.com\/magaza\/?s={search_term_string}"},"query-input":{"@type":"PropertyValueSpecification","valueRequired":true,"valueName":"search_term_string"}}],"inLanguage":"tr"}]}},"_links":{"self":[{"href":"https:\/\/astrologelvan.com\/magaza\/wp-json\/wp\/v2\/product\/578","targetHints":{"allow":["GET"]}}],"collection":[{"href":"https:\/\/astrologelvan.com\/magaza\/wp-json\/wp\/v2\/product"}],"about":[{"href":"https:\/\/astrologelvan.com\/magaza\/wp-json\/wp\/v2\/types\/product"}],"replies":[{"embeddable":true,"href":"https:\/\/astrologelvan.com\/magaza\/wp-json\/wp\/v2\/comments?post=578"}],"wp:featuredmedia":[{"embeddable":true,"href":"https:\/\/astrologelvan.com\/magaza\/wp-json\/wp\/v2\/media\/10233"}],"wp:attachment":[{"href":"https:\/\/astrologelvan.com\/magaza\/wp-json\/wp\/v2\/media?parent=578"}],"wp:term":[{"taxonomy":"product_brand","embeddable":true,"href":"https:\/\/astrologelvan.com\/magaza\/wp-json\/wp\/v2\/product_brand?post=578"},{"taxonomy":"product_cat","embeddable":true,"href":"https:\/\/astrologelvan.com\/magaza\/wp-json\/wp\/v2\/product_cat?post=578"},{"taxonomy":"product_tag","embeddable":true,"href":"https:\/\/astrologelvan.com\/magaza\/wp-json\/wp\/v2\/product_tag?post=578"}],"curies":[{"name":"wp","href":"https:\/\/api.w.org\/{rel}","templated":true}]}}