{"id":5709,"date":"2024-04-03T16:50:03","date_gmt":"2024-04-03T13:50:03","guid":{"rendered":"https:\/\/astrologelvan.com\/magaza\/?post_type=product&#038;p=5709"},"modified":"2025-10-06T08:15:14","modified_gmt":"2025-10-06T05:15:14","slug":"herkimer-elmas-kolye","status":"publish","type":"product","link":"https:\/\/astrologelvan.com\/magaza\/urun\/herkimer-elmas-kolye\/","title":{"rendered":"HERK\u0130MER ELMAS KOLYE"},"content":{"rendered":"<p><strong>\u00dcr\u00fcn \u00d6zellikleri:<\/strong><\/p>\n<p class=\"p1\">Kolye Uzunlu\u011fu: 45 CM<\/p>\n<p class=\"p1\">Kolye A\u011f\u0131rl\u0131\u011f\u0131: 15 Gram<\/p>\n<p>925 Ayar G\u00fcm\u00fc\u015f<\/p>\n<p>Elmas Kolye<\/p>\n","protected":false},"excerpt":{"rendered":"<p>&nbsp;<\/p>\n<ul class=\"i8Z77e\">\n<li class=\"TrT0Xe\"><b>Elmas<\/b>, zihinsel ve duygusal yaralar\u0131 iyile\u015ftirir; korkular\u0131 uzakla\u015ft\u0131r\u0131r ve yeni ba\u015flang\u0131\u00e7lara te\u015fvik eder.<\/li>\n<li class=\"TrT0Xe\">Yarat\u0131c\u0131 enerjisi olduk\u00e7a g\u00fc\u00e7l\u00fc olan bir kristaldir.<\/li>\n<li class=\"TrT0Xe\">\u0130li\u015fkilere netlik, sevgi ve g\u00fc\u00e7 kazand\u0131r\u0131r.<\/li>\n<li class=\"TrT0Xe\">Etraf\u0131ndaki her t\u00fcr enerjiyi y\u00fckseltme \u00f6zelli\u011fine sahiptir.<\/li>\n<li class=\"TrT0Xe\">Ki\u015finin \u00f6zg\u00fcvenini artt\u0131r\u0131r.<\/li>\n<\/ul>\n","protected":false},"featured_media":32974,"comment_status":"open","ping_status":"closed","template":"","meta":[],"product_brand":[],"product_cat":[26],"product_tag":[],"class_list":{"0":"post-5709","1":"product","2":"type-product","3":"status-publish","4":"has-post-thumbnail","6":"product_cat-genel","8":"first","9":"outofstock","10":"taxable","11":"shipping-taxable","12":"purchasable","13":"product-type-simple"},"yoast_head":"<!-- This site is optimized with the Yoast SEO plugin v27.3 - https:\/\/yoast.com\/product\/yoast-seo-wordpress\/ -->\n<title>HERK\u0130MER ELMAS KOLYE - Astrolog Elvan<\/title>\n<meta name=\"robots\" content=\"index, follow, max-snippet:-1, max-image-preview:large, max-video-preview:-1\" \/>\n<link rel=\"canonical\" href=\"https:\/\/astrologelvan.com\/magaza\/urun\/herkimer-elmas-kolye\/\" \/>\n<meta property=\"og:locale\" content=\"tr_TR\" \/>\n<meta property=\"og:type\" content=\"article\" \/>\n<meta property=\"og:title\" content=\"HERK\u0130MER ELMAS KOLYE - Astrolog Elvan\" \/>\n<meta property=\"og:description\" content=\"&nbsp;   Elmas, zihinsel ve duygusal yaralar\u0131 iyile\u015ftirir; korkular\u0131 uzakla\u015ft\u0131r\u0131r ve yeni ba\u015flang\u0131\u00e7lara te\u015fvik eder.  Yarat\u0131c\u0131 enerjisi olduk\u00e7a g\u00fc\u00e7l\u00fc olan bir kristaldir.  \u0130li\u015fkilere netlik, sevgi ve g\u00fc\u00e7 kazand\u0131r\u0131r.  Etraf\u0131ndaki her t\u00fcr enerjiyi y\u00fckseltme \u00f6zelli\u011fine sahiptir.  Ki\u015finin \u00f6zg\u00fcvenini artt\u0131r\u0131r.\" \/>\n<meta property=\"og:url\" content=\"https:\/\/astrologelvan.com\/magaza\/urun\/herkimer-elmas-kolye\/\" \/>\n<meta property=\"og:site_name\" content=\"Astrolog Elvan\" \/>\n<meta property=\"article:modified_time\" content=\"2025-10-06T05:15:14+00:00\" \/>\n<meta property=\"og:image\" content=\"https:\/\/astrologelvan.com\/magaza\/wp-content\/uploads\/2024\/04\/1-18-2.webp\" \/>\n\t<meta property=\"og:image:width\" content=\"1600\" \/>\n\t<meta property=\"og:image:height\" content=\"1600\" \/>\n\t<meta property=\"og:image:type\" content=\"image\/webp\" \/>\n<meta name=\"twitter:card\" content=\"summary_large_image\" \/>\n<meta name=\"twitter:label1\" content=\"Tahmini okuma s\u00fcresi\" \/>\n\t<meta name=\"twitter:data1\" content=\"1 dakika\" \/>\n<script type=\"application\/ld+json\" class=\"yoast-schema-graph\">{\"@context\":\"https:\\\/\\\/schema.org\",\"@graph\":[{\"@type\":[\"WebPage\",\"ItemPage\"],\"@id\":\"https:\\\/\\\/astrologelvan.com\\\/magaza\\\/urun\\\/herkimer-elmas-kolye\\\/\",\"url\":\"https:\\\/\\\/astrologelvan.com\\\/magaza\\\/urun\\\/herkimer-elmas-kolye\\\/\",\"name\":\"HERK\u0130MER ELMAS KOLYE - Astrolog Elvan\",\"isPartOf\":{\"@id\":\"https:\\\/\\\/astrologelvan.com\\\/magaza\\\/#website\"},\"primaryImageOfPage\":{\"@id\":\"https:\\\/\\\/astrologelvan.com\\\/magaza\\\/urun\\\/herkimer-elmas-kolye\\\/#primaryimage\"},\"image\":{\"@id\":\"https:\\\/\\\/astrologelvan.com\\\/magaza\\\/urun\\\/herkimer-elmas-kolye\\\/#primaryimage\"},\"thumbnailUrl\":\"https:\\\/\\\/astrologelvan.com\\\/magaza\\\/wp-content\\\/uploads\\\/2024\\\/04\\\/1-18-2.webp\",\"datePublished\":\"2024-04-03T13:50:03+00:00\",\"dateModified\":\"2025-10-06T05:15:14+00:00\",\"breadcrumb\":{\"@id\":\"https:\\\/\\\/astrologelvan.com\\\/magaza\\\/urun\\\/herkimer-elmas-kolye\\\/#breadcrumb\"},\"inLanguage\":\"tr\",\"potentialAction\":[{\"@type\":\"ReadAction\",\"target\":[\"https:\\\/\\\/astrologelvan.com\\\/magaza\\\/urun\\\/herkimer-elmas-kolye\\\/\"]}]},{\"@type\":\"ImageObject\",\"inLanguage\":\"tr\",\"@id\":\"https:\\\/\\\/astrologelvan.com\\\/magaza\\\/urun\\\/herkimer-elmas-kolye\\\/#primaryimage\",\"url\":\"https:\\\/\\\/astrologelvan.com\\\/magaza\\\/wp-content\\\/uploads\\\/2024\\\/04\\\/1-18-2.webp\",\"contentUrl\":\"https:\\\/\\\/astrologelvan.com\\\/magaza\\\/wp-content\\\/uploads\\\/2024\\\/04\\\/1-18-2.webp\",\"width\":1600,\"height\":1600},{\"@type\":\"BreadcrumbList\",\"@id\":\"https:\\\/\\\/astrologelvan.com\\\/magaza\\\/urun\\\/herkimer-elmas-kolye\\\/#breadcrumb\",\"itemListElement\":[{\"@type\":\"ListItem\",\"position\":1,\"name\":\"Anasayfa\",\"item\":\"https:\\\/\\\/astrologelvan.com\\\/magaza\\\/\"},{\"@type\":\"ListItem\",\"position\":2,\"name\":\"Ma\u011faza\",\"item\":\"https:\\\/\\\/astrologelvan.com\\\/magaza\\\/magaza\\\/\"},{\"@type\":\"ListItem\",\"position\":3,\"name\":\"HERK\u0130MER ELMAS KOLYE\"}]},{\"@type\":\"WebSite\",\"@id\":\"https:\\\/\\\/astrologelvan.com\\\/magaza\\\/#website\",\"url\":\"https:\\\/\\\/astrologelvan.com\\\/magaza\\\/\",\"name\":\"Astrolog Elvan\",\"description\":\"\",\"potentialAction\":[{\"@type\":\"SearchAction\",\"target\":{\"@type\":\"EntryPoint\",\"urlTemplate\":\"https:\\\/\\\/astrologelvan.com\\\/magaza\\\/?s={search_term_string}\"},\"query-input\":{\"@type\":\"PropertyValueSpecification\",\"valueRequired\":true,\"valueName\":\"search_term_string\"}}],\"inLanguage\":\"tr\"}]}<\/script>\n<!-- \/ Yoast SEO plugin. -->","yoast_head_json":{"title":"HERK\u0130MER ELMAS KOLYE - Astrolog Elvan","robots":{"index":"index","follow":"follow","max-snippet":"max-snippet:-1","max-image-preview":"max-image-preview:large","max-video-preview":"max-video-preview:-1"},"canonical":"https:\/\/astrologelvan.com\/magaza\/urun\/herkimer-elmas-kolye\/","og_locale":"tr_TR","og_type":"article","og_title":"HERK\u0130MER ELMAS KOLYE - Astrolog Elvan","og_description":"&nbsp;   Elmas, zihinsel ve duygusal yaralar\u0131 iyile\u015ftirir; korkular\u0131 uzakla\u015ft\u0131r\u0131r ve yeni ba\u015flang\u0131\u00e7lara te\u015fvik eder.  Yarat\u0131c\u0131 enerjisi olduk\u00e7a g\u00fc\u00e7l\u00fc olan bir kristaldir.  \u0130li\u015fkilere netlik, sevgi ve g\u00fc\u00e7 kazand\u0131r\u0131r.  Etraf\u0131ndaki her t\u00fcr enerjiyi y\u00fckseltme \u00f6zelli\u011fine sahiptir.  Ki\u015finin \u00f6zg\u00fcvenini artt\u0131r\u0131r.","og_url":"https:\/\/astrologelvan.com\/magaza\/urun\/herkimer-elmas-kolye\/","og_site_name":"Astrolog Elvan","article_modified_time":"2025-10-06T05:15:14+00:00","og_image":[{"width":1600,"height":1600,"url":"https:\/\/astrologelvan.com\/magaza\/wp-content\/uploads\/2024\/04\/1-18-2.webp","type":"image\/webp"}],"twitter_card":"summary_large_image","twitter_misc":{"Tahmini okuma s\u00fcresi":"1 dakika"},"schema":{"@context":"https:\/\/schema.org","@graph":[{"@type":["WebPage","ItemPage"],"@id":"https:\/\/astrologelvan.com\/magaza\/urun\/herkimer-elmas-kolye\/","url":"https:\/\/astrologelvan.com\/magaza\/urun\/herkimer-elmas-kolye\/","name":"HERK\u0130MER ELMAS KOLYE - Astrolog Elvan","isPartOf":{"@id":"https:\/\/astrologelvan.com\/magaza\/#website"},"primaryImageOfPage":{"@id":"https:\/\/astrologelvan.com\/magaza\/urun\/herkimer-elmas-kolye\/#primaryimage"},"image":{"@id":"https:\/\/astrologelvan.com\/magaza\/urun\/herkimer-elmas-kolye\/#primaryimage"},"thumbnailUrl":"https:\/\/astrologelvan.com\/magaza\/wp-content\/uploads\/2024\/04\/1-18-2.webp","datePublished":"2024-04-03T13:50:03+00:00","dateModified":"2025-10-06T05:15:14+00:00","breadcrumb":{"@id":"https:\/\/astrologelvan.com\/magaza\/urun\/herkimer-elmas-kolye\/#breadcrumb"},"inLanguage":"tr","potentialAction":[{"@type":"ReadAction","target":["https:\/\/astrologelvan.com\/magaza\/urun\/herkimer-elmas-kolye\/"]}]},{"@type":"ImageObject","inLanguage":"tr","@id":"https:\/\/astrologelvan.com\/magaza\/urun\/herkimer-elmas-kolye\/#primaryimage","url":"https:\/\/astrologelvan.com\/magaza\/wp-content\/uploads\/2024\/04\/1-18-2.webp","contentUrl":"https:\/\/astrologelvan.com\/magaza\/wp-content\/uploads\/2024\/04\/1-18-2.webp","width":1600,"height":1600},{"@type":"BreadcrumbList","@id":"https:\/\/astrologelvan.com\/magaza\/urun\/herkimer-elmas-kolye\/#breadcrumb","itemListElement":[{"@type":"ListItem","position":1,"name":"Anasayfa","item":"https:\/\/astrologelvan.com\/magaza\/"},{"@type":"ListItem","position":2,"name":"Ma\u011faza","item":"https:\/\/astrologelvan.com\/magaza\/magaza\/"},{"@type":"ListItem","position":3,"name":"HERK\u0130MER ELMAS KOLYE"}]},{"@type":"WebSite","@id":"https:\/\/astrologelvan.com\/magaza\/#website","url":"https:\/\/astrologelvan.com\/magaza\/","name":"Astrolog Elvan","description":"","potentialAction":[{"@type":"SearchAction","target":{"@type":"EntryPoint","urlTemplate":"https:\/\/astrologelvan.com\/magaza\/?s={search_term_string}"},"query-input":{"@type":"PropertyValueSpecification","valueRequired":true,"valueName":"search_term_string"}}],"inLanguage":"tr"}]}},"_links":{"self":[{"href":"https:\/\/astrologelvan.com\/magaza\/wp-json\/wp\/v2\/product\/5709","targetHints":{"allow":["GET"]}}],"collection":[{"href":"https:\/\/astrologelvan.com\/magaza\/wp-json\/wp\/v2\/product"}],"about":[{"href":"https:\/\/astrologelvan.com\/magaza\/wp-json\/wp\/v2\/types\/product"}],"replies":[{"embeddable":true,"href":"https:\/\/astrologelvan.com\/magaza\/wp-json\/wp\/v2\/comments?post=5709"}],"wp:featuredmedia":[{"embeddable":true,"href":"https:\/\/astrologelvan.com\/magaza\/wp-json\/wp\/v2\/media\/32974"}],"wp:attachment":[{"href":"https:\/\/astrologelvan.com\/magaza\/wp-json\/wp\/v2\/media?parent=5709"}],"wp:term":[{"taxonomy":"product_brand","embeddable":true,"href":"https:\/\/astrologelvan.com\/magaza\/wp-json\/wp\/v2\/product_brand?post=5709"},{"taxonomy":"product_cat","embeddable":true,"href":"https:\/\/astrologelvan.com\/magaza\/wp-json\/wp\/v2\/product_cat?post=5709"},{"taxonomy":"product_tag","embeddable":true,"href":"https:\/\/astrologelvan.com\/magaza\/wp-json\/wp\/v2\/product_tag?post=5709"}],"curies":[{"name":"wp","href":"https:\/\/api.w.org\/{rel}","templated":true}]}}