{"id":5687,"date":"2024-04-03T10:35:15","date_gmt":"2024-04-03T07:35:15","guid":{"rendered":"https:\/\/astrologelvan.com\/magaza\/?post_type=product&#038;p=5687"},"modified":"2026-04-01T11:54:14","modified_gmt":"2026-04-01T08:54:14","slug":"unicorn-charm","status":"publish","type":"product","link":"https:\/\/astrologelvan.com\/magaza\/urun\/unicorn-charm\/","title":{"rendered":"UN\u0130CORN CHARM"},"content":{"rendered":"<p><strong>\u00dcr\u00fcn \u00d6zellikleri:<\/strong><\/p>\n<p>\u00dcr\u00fcn A\u011f\u0131rl\u0131\u011f\u0131: 1,3 Gram<\/p>\n","protected":false},"excerpt":{"rendered":"<div>B\u00fct\u00fcn unicornlar (tek boynuzlu atlar) ayd\u0131nlanmam\u0131za yard\u0131mc\u0131 olur ve daha y\u00fcksek boyutlara ge\u00e7memizi sa\u011flar.<\/div>\n<div><\/div>\n<div>Unicornlar kozmik d\u00fczeyde bir grup bilincidir. K\u00e2inat\u0131n etraf\u0131nda dola\u015f\u0131p ne\u015fe ve bereket sa\u00e7an saf elmas beyaz\u0131 renginde yo\u011fun bir \u0131\u015f\u0131k k\u00fcmesi hayal edin. Bu, unicorn enerjisidir. Bu unicorn charm sana temiz kalple ve b\u00fct\u00fcn\u00fcn hayr\u0131na diledi\u011fin her dile\u011fini getirmeye yard\u0131mc\u0131 olacak.<\/div>\n<div><\/div>\n<div>\u00dczerinde ta\u015f\u0131d\u0131\u011f\u0131n s\u00fcrece daha y\u00fcksek bir kozmik enerji alan\u0131nda oldu\u011funu fark edeceksin.<\/div>\n<div>Unicornlar tamamen ayd\u0131nlanm\u0131\u015ft\u0131r, bu sebeple al\u0131nlar\u0131ndaki \u00fc\u00e7\u00fcnc\u00fc g\u00f6z sonuna kadar a\u00e7\u0131kt\u0131r ve o kadar parlak bir \u0131\u015f\u0131k sa\u00e7ar ki bu \u0131\u015f\u0131k kat\u0131 bir cisim gibi g\u00f6r\u00fcn\u00fcr ve spiral bir boynuz \u015feklini al\u0131r. Unicorn charm\u0131 takt\u0131k\u00e7a 3. g\u00f6z\u00fcn\u00fcn de aktive oldu\u011funu g\u00f6receksin. Unicorn enerjisi ile hayat\u0131na mucizeleri \u00e7ekmeye haz\u0131rs\u0131n.<\/div>\n","protected":false},"featured_media":5688,"comment_status":"open","ping_status":"closed","template":"","meta":[],"product_brand":[],"product_cat":[370,26,432],"product_tag":[],"class_list":{"0":"post-5687","1":"product","2":"type-product","3":"status-publish","4":"has-post-thumbnail","6":"product_cat-charmlar","7":"product_cat-genel","8":"product_cat-unicorn-serisi","10":"first","11":"outofstock","12":"purchasable","13":"product-type-simple"},"yoast_head":"<!-- This site is optimized with the Yoast SEO plugin v27.3 - https:\/\/yoast.com\/product\/yoast-seo-wordpress\/ -->\n<title>UN\u0130CORN CHARM - Astrolog Elvan<\/title>\n<meta name=\"robots\" content=\"index, follow, max-snippet:-1, max-image-preview:large, max-video-preview:-1\" \/>\n<link rel=\"canonical\" href=\"https:\/\/astrologelvan.com\/magaza\/urun\/unicorn-charm\/\" \/>\n<meta property=\"og:locale\" content=\"tr_TR\" \/>\n<meta property=\"og:type\" content=\"article\" \/>\n<meta property=\"og:title\" content=\"UN\u0130CORN CHARM - Astrolog Elvan\" \/>\n<meta property=\"og:description\" content=\"B\u00fct\u00fcn unicornlar (tek boynuzlu atlar) ayd\u0131nlanmam\u0131za yard\u0131mc\u0131 olur ve daha y\u00fcksek boyutlara ge\u00e7memizi sa\u011flar.  Unicornlar kozmik d\u00fczeyde bir grup bilincidir. K\u00e2inat\u0131n etraf\u0131nda dola\u015f\u0131p ne\u015fe ve bereket sa\u00e7an saf elmas beyaz\u0131 renginde yo\u011fun bir \u0131\u015f\u0131k k\u00fcmesi hayal edin. Bu, unicorn enerjisidir. Bu unicorn charm sana temiz kalple ve b\u00fct\u00fcn\u00fcn hayr\u0131na diledi\u011fin her dile\u011fini getirmeye yard\u0131mc\u0131 olacak.  \u00dczerinde ta\u015f\u0131d\u0131\u011f\u0131n s\u00fcrece daha y\u00fcksek bir kozmik enerji alan\u0131nda oldu\u011funu fark edeceksin. Unicornlar tamamen ayd\u0131nlanm\u0131\u015ft\u0131r, bu sebeple al\u0131nlar\u0131ndaki \u00fc\u00e7\u00fcnc\u00fc g\u00f6z sonuna kadar a\u00e7\u0131kt\u0131r ve o kadar parlak bir \u0131\u015f\u0131k sa\u00e7ar ki bu \u0131\u015f\u0131k kat\u0131 bir cisim gibi g\u00f6r\u00fcn\u00fcr ve spiral bir boynuz \u015feklini al\u0131r. Unicorn charm\u0131 takt\u0131k\u00e7a 3. g\u00f6z\u00fcn\u00fcn de aktive oldu\u011funu g\u00f6receksin. Unicorn enerjisi ile hayat\u0131na mucizeleri \u00e7ekmeye haz\u0131rs\u0131n.\" \/>\n<meta property=\"og:url\" content=\"https:\/\/astrologelvan.com\/magaza\/urun\/unicorn-charm\/\" \/>\n<meta property=\"og:site_name\" content=\"Astrolog Elvan\" \/>\n<meta property=\"article:modified_time\" content=\"2026-04-01T08:54:14+00:00\" \/>\n<meta property=\"og:image\" content=\"https:\/\/astrologelvan.com\/magaza\/wp-content\/uploads\/2024\/04\/3.jpg\" \/>\n\t<meta property=\"og:image:width\" content=\"1600\" \/>\n\t<meta property=\"og:image:height\" content=\"1600\" \/>\n\t<meta property=\"og:image:type\" content=\"image\/jpeg\" \/>\n<meta name=\"twitter:card\" content=\"summary_large_image\" \/>\n<meta name=\"twitter:label1\" content=\"Tahmini okuma s\u00fcresi\" \/>\n\t<meta name=\"twitter:data1\" content=\"1 dakika\" \/>\n<script type=\"application\/ld+json\" class=\"yoast-schema-graph\">{\"@context\":\"https:\\\/\\\/schema.org\",\"@graph\":[{\"@type\":[\"WebPage\",\"ItemPage\"],\"@id\":\"https:\\\/\\\/astrologelvan.com\\\/magaza\\\/urun\\\/unicorn-charm\\\/\",\"url\":\"https:\\\/\\\/astrologelvan.com\\\/magaza\\\/urun\\\/unicorn-charm\\\/\",\"name\":\"UN\u0130CORN CHARM - Astrolog Elvan\",\"isPartOf\":{\"@id\":\"https:\\\/\\\/astrologelvan.com\\\/magaza\\\/#website\"},\"primaryImageOfPage\":{\"@id\":\"https:\\\/\\\/astrologelvan.com\\\/magaza\\\/urun\\\/unicorn-charm\\\/#primaryimage\"},\"image\":{\"@id\":\"https:\\\/\\\/astrologelvan.com\\\/magaza\\\/urun\\\/unicorn-charm\\\/#primaryimage\"},\"thumbnailUrl\":\"https:\\\/\\\/astrologelvan.com\\\/magaza\\\/wp-content\\\/uploads\\\/2024\\\/04\\\/3.jpg\",\"datePublished\":\"2024-04-03T07:35:15+00:00\",\"dateModified\":\"2026-04-01T08:54:14+00:00\",\"breadcrumb\":{\"@id\":\"https:\\\/\\\/astrologelvan.com\\\/magaza\\\/urun\\\/unicorn-charm\\\/#breadcrumb\"},\"inLanguage\":\"tr\",\"potentialAction\":[{\"@type\":\"ReadAction\",\"target\":[\"https:\\\/\\\/astrologelvan.com\\\/magaza\\\/urun\\\/unicorn-charm\\\/\"]}]},{\"@type\":\"ImageObject\",\"inLanguage\":\"tr\",\"@id\":\"https:\\\/\\\/astrologelvan.com\\\/magaza\\\/urun\\\/unicorn-charm\\\/#primaryimage\",\"url\":\"https:\\\/\\\/astrologelvan.com\\\/magaza\\\/wp-content\\\/uploads\\\/2024\\\/04\\\/3.jpg\",\"contentUrl\":\"https:\\\/\\\/astrologelvan.com\\\/magaza\\\/wp-content\\\/uploads\\\/2024\\\/04\\\/3.jpg\",\"width\":1600,\"height\":1600},{\"@type\":\"BreadcrumbList\",\"@id\":\"https:\\\/\\\/astrologelvan.com\\\/magaza\\\/urun\\\/unicorn-charm\\\/#breadcrumb\",\"itemListElement\":[{\"@type\":\"ListItem\",\"position\":1,\"name\":\"Anasayfa\",\"item\":\"https:\\\/\\\/astrologelvan.com\\\/magaza\\\/\"},{\"@type\":\"ListItem\",\"position\":2,\"name\":\"Ma\u011faza\",\"item\":\"https:\\\/\\\/astrologelvan.com\\\/magaza\\\/magaza\\\/\"},{\"@type\":\"ListItem\",\"position\":3,\"name\":\"UN\u0130CORN CHARM\"}]},{\"@type\":\"WebSite\",\"@id\":\"https:\\\/\\\/astrologelvan.com\\\/magaza\\\/#website\",\"url\":\"https:\\\/\\\/astrologelvan.com\\\/magaza\\\/\",\"name\":\"Astrolog Elvan\",\"description\":\"\",\"potentialAction\":[{\"@type\":\"SearchAction\",\"target\":{\"@type\":\"EntryPoint\",\"urlTemplate\":\"https:\\\/\\\/astrologelvan.com\\\/magaza\\\/?s={search_term_string}\"},\"query-input\":{\"@type\":\"PropertyValueSpecification\",\"valueRequired\":true,\"valueName\":\"search_term_string\"}}],\"inLanguage\":\"tr\"}]}<\/script>\n<!-- \/ Yoast SEO plugin. -->","yoast_head_json":{"title":"UN\u0130CORN CHARM - Astrolog Elvan","robots":{"index":"index","follow":"follow","max-snippet":"max-snippet:-1","max-image-preview":"max-image-preview:large","max-video-preview":"max-video-preview:-1"},"canonical":"https:\/\/astrologelvan.com\/magaza\/urun\/unicorn-charm\/","og_locale":"tr_TR","og_type":"article","og_title":"UN\u0130CORN CHARM - Astrolog Elvan","og_description":"B\u00fct\u00fcn unicornlar (tek boynuzlu atlar) ayd\u0131nlanmam\u0131za yard\u0131mc\u0131 olur ve daha y\u00fcksek boyutlara ge\u00e7memizi sa\u011flar.  Unicornlar kozmik d\u00fczeyde bir grup bilincidir. K\u00e2inat\u0131n etraf\u0131nda dola\u015f\u0131p ne\u015fe ve bereket sa\u00e7an saf elmas beyaz\u0131 renginde yo\u011fun bir \u0131\u015f\u0131k k\u00fcmesi hayal edin. Bu, unicorn enerjisidir. Bu unicorn charm sana temiz kalple ve b\u00fct\u00fcn\u00fcn hayr\u0131na diledi\u011fin her dile\u011fini getirmeye yard\u0131mc\u0131 olacak.  \u00dczerinde ta\u015f\u0131d\u0131\u011f\u0131n s\u00fcrece daha y\u00fcksek bir kozmik enerji alan\u0131nda oldu\u011funu fark edeceksin. Unicornlar tamamen ayd\u0131nlanm\u0131\u015ft\u0131r, bu sebeple al\u0131nlar\u0131ndaki \u00fc\u00e7\u00fcnc\u00fc g\u00f6z sonuna kadar a\u00e7\u0131kt\u0131r ve o kadar parlak bir \u0131\u015f\u0131k sa\u00e7ar ki bu \u0131\u015f\u0131k kat\u0131 bir cisim gibi g\u00f6r\u00fcn\u00fcr ve spiral bir boynuz \u015feklini al\u0131r. Unicorn charm\u0131 takt\u0131k\u00e7a 3. g\u00f6z\u00fcn\u00fcn de aktive oldu\u011funu g\u00f6receksin. Unicorn enerjisi ile hayat\u0131na mucizeleri \u00e7ekmeye haz\u0131rs\u0131n.","og_url":"https:\/\/astrologelvan.com\/magaza\/urun\/unicorn-charm\/","og_site_name":"Astrolog Elvan","article_modified_time":"2026-04-01T08:54:14+00:00","og_image":[{"width":1600,"height":1600,"url":"https:\/\/astrologelvan.com\/magaza\/wp-content\/uploads\/2024\/04\/3.jpg","type":"image\/jpeg"}],"twitter_card":"summary_large_image","twitter_misc":{"Tahmini okuma s\u00fcresi":"1 dakika"},"schema":{"@context":"https:\/\/schema.org","@graph":[{"@type":["WebPage","ItemPage"],"@id":"https:\/\/astrologelvan.com\/magaza\/urun\/unicorn-charm\/","url":"https:\/\/astrologelvan.com\/magaza\/urun\/unicorn-charm\/","name":"UN\u0130CORN CHARM - Astrolog Elvan","isPartOf":{"@id":"https:\/\/astrologelvan.com\/magaza\/#website"},"primaryImageOfPage":{"@id":"https:\/\/astrologelvan.com\/magaza\/urun\/unicorn-charm\/#primaryimage"},"image":{"@id":"https:\/\/astrologelvan.com\/magaza\/urun\/unicorn-charm\/#primaryimage"},"thumbnailUrl":"https:\/\/astrologelvan.com\/magaza\/wp-content\/uploads\/2024\/04\/3.jpg","datePublished":"2024-04-03T07:35:15+00:00","dateModified":"2026-04-01T08:54:14+00:00","breadcrumb":{"@id":"https:\/\/astrologelvan.com\/magaza\/urun\/unicorn-charm\/#breadcrumb"},"inLanguage":"tr","potentialAction":[{"@type":"ReadAction","target":["https:\/\/astrologelvan.com\/magaza\/urun\/unicorn-charm\/"]}]},{"@type":"ImageObject","inLanguage":"tr","@id":"https:\/\/astrologelvan.com\/magaza\/urun\/unicorn-charm\/#primaryimage","url":"https:\/\/astrologelvan.com\/magaza\/wp-content\/uploads\/2024\/04\/3.jpg","contentUrl":"https:\/\/astrologelvan.com\/magaza\/wp-content\/uploads\/2024\/04\/3.jpg","width":1600,"height":1600},{"@type":"BreadcrumbList","@id":"https:\/\/astrologelvan.com\/magaza\/urun\/unicorn-charm\/#breadcrumb","itemListElement":[{"@type":"ListItem","position":1,"name":"Anasayfa","item":"https:\/\/astrologelvan.com\/magaza\/"},{"@type":"ListItem","position":2,"name":"Ma\u011faza","item":"https:\/\/astrologelvan.com\/magaza\/magaza\/"},{"@type":"ListItem","position":3,"name":"UN\u0130CORN CHARM"}]},{"@type":"WebSite","@id":"https:\/\/astrologelvan.com\/magaza\/#website","url":"https:\/\/astrologelvan.com\/magaza\/","name":"Astrolog Elvan","description":"","potentialAction":[{"@type":"SearchAction","target":{"@type":"EntryPoint","urlTemplate":"https:\/\/astrologelvan.com\/magaza\/?s={search_term_string}"},"query-input":{"@type":"PropertyValueSpecification","valueRequired":true,"valueName":"search_term_string"}}],"inLanguage":"tr"}]}},"_links":{"self":[{"href":"https:\/\/astrologelvan.com\/magaza\/wp-json\/wp\/v2\/product\/5687","targetHints":{"allow":["GET"]}}],"collection":[{"href":"https:\/\/astrologelvan.com\/magaza\/wp-json\/wp\/v2\/product"}],"about":[{"href":"https:\/\/astrologelvan.com\/magaza\/wp-json\/wp\/v2\/types\/product"}],"replies":[{"embeddable":true,"href":"https:\/\/astrologelvan.com\/magaza\/wp-json\/wp\/v2\/comments?post=5687"}],"wp:featuredmedia":[{"embeddable":true,"href":"https:\/\/astrologelvan.com\/magaza\/wp-json\/wp\/v2\/media\/5688"}],"wp:attachment":[{"href":"https:\/\/astrologelvan.com\/magaza\/wp-json\/wp\/v2\/media?parent=5687"}],"wp:term":[{"taxonomy":"product_brand","embeddable":true,"href":"https:\/\/astrologelvan.com\/magaza\/wp-json\/wp\/v2\/product_brand?post=5687"},{"taxonomy":"product_cat","embeddable":true,"href":"https:\/\/astrologelvan.com\/magaza\/wp-json\/wp\/v2\/product_cat?post=5687"},{"taxonomy":"product_tag","embeddable":true,"href":"https:\/\/astrologelvan.com\/magaza\/wp-json\/wp\/v2\/product_tag?post=5687"}],"curies":[{"name":"wp","href":"https:\/\/api.w.org\/{rel}","templated":true}]}}