{"id":56217,"date":"2025-03-12T16:53:11","date_gmt":"2025-03-12T13:53:11","guid":{"rendered":"https:\/\/astrologelvan.com\/magaza\/?post_type=product&#038;p=56217"},"modified":"2025-10-06T08:15:45","modified_gmt":"2025-10-06T05:15:45","slug":"bolluk-bereket-ve-zenginlik-bilinci-atolyesi-elvan-lapis","status":"publish","type":"product","link":"https:\/\/astrologelvan.com\/magaza\/urun\/bolluk-bereket-ve-zenginlik-bilinci-atolyesi-elvan-lapis\/","title":{"rendered":"Bolluk &#038; Bereket ve Zenginlik Bilinci At\u00f6lyesi |\u00a0Elvan Lapis"},"content":{"rendered":"","protected":false},"excerpt":{"rendered":"<p class=\"alt-font\"><strong><span style=\"font-size: 110%; color: #ce5b99;\">Yaradan\u2019\u0131n zenginlik ve servet enerjisine uyumlan!<\/span><\/strong><\/p>\n<p>Bazen ne kadar kazansan\u0131z da para geliyor ve gidiyor dedi\u011finiz zamanlar vard\u0131r i\u015fte o zamanlar ilahi ak\u0131\u015ftan uzakla\u015ft\u0131\u011f\u0131n\u0131z, Yaradan\u2019\u0131n zenginlik bilincini bloke etti\u011finiz zamanlard\u0131r. Bazen bir t\u00fcrl\u00fc istedi\u011finiz bolluk size gelmez. Ne kadar \u00e7abalasan\u0131z da \u201c<strong>Neden kazanam\u0131yorum?<\/strong>\u201d dedi\u011finiz g\u00fcnler vard\u0131r.<\/p>\n<p>E\u011fer bu d\u00f6nemlerden birinden ge\u00e7iyorsan\u0131z, bu at\u00f6lye tam da size g\u00f6re! Yaradan, sizin k\u0131tl\u0131k i\u00e7inde olman\u0131z\u0131 istemez. Ve asl\u0131nda paraya dair korkular\u0131m\u0131z\u0131n \u00e7o\u011fu, atalar\u0131m\u0131z\u0131n hayatta kalma benli\u011fi ile bize aktar\u0131lm\u0131\u015f olabilir. Gelin bu at\u00f6lye ile paraya, bollu\u011fa, zenginli\u011fe dair blokajlar\u0131n\u0131z\u0131 ar\u0131nd\u0131ral\u0131m. Yaradan\u2019\u0131n zenginlik ve servet enerjisine uyumlanal\u0131m.<\/p>\n<p><strong>At\u00f6lye i\u00e7eri\u011fi<\/strong><\/p>\n<ul>\n<li><span style=\"color: #9134b0;\">Alan, beden temizli\u011fi, c\u00fczdanlar\u0131n\u0131z\u0131n ve banka hesaplar\u0131n\u0131z\u0131n enerji temizli\u011fi<\/span><\/li>\n<li><span style=\"color: #9134b0;\">Zenginlik bilinci \u00fczerine blokajlar\u0131 fark etme<\/span><\/li>\n<li><span style=\"color: #9134b0;\">Ya\u015fam\u0131n her alan\u0131nda nas\u0131l bollu\u011fa ula\u015faca\u011f\u0131z, \u00e7\u00f6z\u00fcmler<\/span><\/li>\n<li><span style=\"color: #9134b0;\">Feng Shui ile 2025 y\u0131l\u0131nda evinizde bolluk enerjisini aktive etme t\u00fcyolar\u0131<\/span><\/li>\n<li><span style=\"color: #9134b0;\">ThetaHealing ile \u00f6rnek bir kaz\u0131<\/span><\/li>\n<li><span style=\"color: #9134b0;\">ThetaHealing ile k\u00f6k inan\u00e7lar\u0131 de\u011fi\u015ftirme ve his y\u00fckleme<\/span><\/li>\n<li><span style=\"color: #9134b0;\"><strong>JAAS dosyas\u0131 ile hayat\u0131m\u0131z\u0131n her alan\u0131nda zenginlik ve bollu\u011fa ula\u015fman\u0131n \u00f6n\u00fcndeki t\u00fcm engel ve blokajlar\u0131n ar\u0131nd\u0131r\u0131lmas\u0131<\/strong><\/span><\/li>\n<\/ul>\n<p>At\u00f6lye 21 Mart gecesi T\u00fcrkiye saati ile 21:00\u2019da zoom \u00fczerinden Elvan Lapis e\u015fli\u011finde canl\u0131 olarak yap\u0131lacak.<\/p>\n<p>Sipari\u015flerinizi olu\u015ftururken aktif kulland\u0131\u011f\u0131n\u0131z telefon numaran\u0131z\u0131 ve e-mail adresinizi girmelisiniz.<br \/>\n<strong>At\u00f6lye kat\u0131l\u0131m linkleri<\/strong>\u00a0<u>belirtti\u011finiz numaraya SMS olarak, belirtti\u011finiz e-mail adresine e-mail olarak g\u00f6nderilecektir.<\/u><br \/>\nSMS ve E-mail adresinizi do\u011fru yazd\u0131\u011f\u0131n\u0131za ve SMS ve E-mail kutunuzun dolu olmamas\u0131na dikkat ediniz.<\/p>\n<p>At\u00f6lye kay\u0131tlar\u0131 sat\u0131n alan ki\u015filere canl\u0131 yay\u0131n sonras\u0131ndaki g\u00fcnlerde yine ayn\u0131 kanallardan iletilecektir.<br \/>\n<strong>Her at\u00f6lye kayd\u0131 bir ki\u015fi i\u00e7in ge\u00e7erlidir, yasal olarak bir ba\u015fkas\u0131 ile payla\u015f\u0131lamaz.<\/strong><\/p>\n<div class=\"sales-counter\" style=\" margin: 1em 0; padding: 10px; background-color: #fff; border: 1px solid #ddd;\">\u2728 \u015eimdiye Kadar 334 Ki\u015fi Yerini Ay\u0131rd\u0131!<\/div>\n","protected":false},"featured_media":60025,"comment_status":"open","ping_status":"closed","template":"","meta":[],"product_brand":[596],"product_cat":[494],"product_tag":[648,497,650,514,169,649],"class_list":{"0":"post-56217","1":"product","2":"type-product","3":"status-publish","4":"has-post-thumbnail","6":"product_brand-astrolog-elvan","7":"product_cat-atolyeler","8":"product_tag-atole","9":"product_tag-bereket","10":"product_tag-bilinc","11":"product_tag-bolluk","12":"product_tag-lapis","13":"product_tag-zenginlik","15":"first","16":"outofstock","17":"taxable","18":"shipping-taxable","19":"purchasable","20":"product-type-variable"},"yoast_head":"<!-- This site is optimized with the Yoast SEO plugin v27.3 - https:\/\/yoast.com\/product\/yoast-seo-wordpress\/ -->\n<title>Bolluk &amp; Bereket ve Zenginlik Bilinci At\u00f6lyesi |\u00a0Elvan Lapis - Astrolog Elvan<\/title>\n<meta name=\"robots\" content=\"index, follow, max-snippet:-1, max-image-preview:large, max-video-preview:-1\" \/>\n<link rel=\"canonical\" href=\"https:\/\/astrologelvan.com\/magaza\/urun\/bolluk-bereket-ve-zenginlik-bilinci-atolyesi-elvan-lapis\/\" \/>\n<meta property=\"og:locale\" content=\"tr_TR\" \/>\n<meta property=\"og:type\" content=\"article\" \/>\n<meta property=\"og:title\" content=\"Bolluk &amp; Bereket ve Zenginlik Bilinci At\u00f6lyesi |\u00a0Elvan Lapis - Astrolog Elvan\" \/>\n<meta property=\"og:description\" content=\"Yaradan\u2019\u0131n zenginlik ve servet enerjisine uyumlan! Bazen ne kadar kazansan\u0131z da para geliyor ve gidiyor dedi\u011finiz zamanlar vard\u0131r i\u015fte o zamanlar ilahi ak\u0131\u015ftan uzakla\u015ft\u0131\u011f\u0131n\u0131z, Yaradan\u2019\u0131n zenginlik bilincini bloke etti\u011finiz zamanlard\u0131r. Bazen bir t\u00fcrl\u00fc istedi\u011finiz bolluk size gelmez. Ne kadar \u00e7abalasan\u0131z da \u201cNeden kazanam\u0131yorum?\u201d dedi\u011finiz g\u00fcnler vard\u0131r.  E\u011fer bu d\u00f6nemlerden birinden ge\u00e7iyorsan\u0131z, bu at\u00f6lye tam da size g\u00f6re! Yaradan, sizin k\u0131tl\u0131k i\u00e7inde olman\u0131z\u0131 istemez. Ve asl\u0131nda paraya dair korkular\u0131m\u0131z\u0131n \u00e7o\u011fu, atalar\u0131m\u0131z\u0131n hayatta kalma benli\u011fi ile bize aktar\u0131lm\u0131\u015f olabilir. Gelin bu at\u00f6lye ile paraya, bollu\u011fa, zenginli\u011fe dair blokajlar\u0131n\u0131z\u0131 ar\u0131nd\u0131ral\u0131m. Yaradan\u2019\u0131n zenginlik ve servet enerjisine uyumlanal\u0131m.  At\u00f6lye i\u00e7eri\u011fi   Alan, beden temizli\u011fi, c\u00fczdanlar\u0131n\u0131z\u0131n ve banka hesaplar\u0131n\u0131z\u0131n enerji temizli\u011fi  Zenginlik bilinci \u00fczerine blokajlar\u0131 fark etme  Ya\u015fam\u0131n her alan\u0131nda nas\u0131l bollu\u011fa ula\u015faca\u011f\u0131z, \u00e7\u00f6z\u00fcmler  Feng Shui ile 2025 y\u0131l\u0131nda evinizde bolluk enerjisini aktive etme t\u00fcyolar\u0131  ThetaHealing ile \u00f6rnek bir kaz\u0131  ThetaHealing ile k\u00f6k inan\u00e7lar\u0131 de\u011fi\u015ftirme ve his y\u00fckleme  JAAS dosyas\u0131 ile hayat\u0131m\u0131z\u0131n her alan\u0131nda zenginlik ve bollu\u011fa ula\u015fman\u0131n \u00f6n\u00fcndeki t\u00fcm engel ve blokajlar\u0131n ar\u0131nd\u0131r\u0131lmas\u0131  At\u00f6lye 21 Mart gecesi T\u00fcrkiye saati ile 21:00\u2019da zoom \u00fczerinden Elvan Lapis e\u015fli\u011finde canl\u0131 olarak yap\u0131lacak.  Sipari\u015flerinizi olu\u015ftururken aktif kulland\u0131\u011f\u0131n\u0131z telefon numaran\u0131z\u0131 ve e-mail adresinizi girmelisiniz. At\u00f6lye kat\u0131l\u0131m linkleri\u00a0belirtti\u011finiz numaraya SMS olarak, belirtti\u011finiz e-mail adresine e-mail olarak g\u00f6nderilecektir. SMS ve E-mail adresinizi do\u011fru yazd\u0131\u011f\u0131n\u0131za ve SMS ve E-mail kutunuzun dolu olmamas\u0131na dikkat ediniz.  At\u00f6lye kay\u0131tlar\u0131 sat\u0131n alan ki\u015filere canl\u0131 yay\u0131n sonras\u0131ndaki g\u00fcnlerde yine ayn\u0131 kanallardan iletilecektir. Her at\u00f6lye kayd\u0131 bir ki\u015fi i\u00e7in ge\u00e7erlidir, yasal olarak bir ba\u015fkas\u0131 ile payla\u015f\u0131lamaz.\" \/>\n<meta property=\"og:url\" content=\"https:\/\/astrologelvan.com\/magaza\/urun\/bolluk-bereket-ve-zenginlik-bilinci-atolyesi-elvan-lapis\/\" \/>\n<meta property=\"og:site_name\" content=\"Astrolog Elvan\" \/>\n<meta property=\"article:modified_time\" content=\"2025-10-06T05:15:45+00:00\" \/>\n<meta property=\"og:image\" content=\"https:\/\/astrologelvan.com\/magaza\/wp-content\/uploads\/2025\/03\/urun-1.jpg\" \/>\n\t<meta property=\"og:image:width\" content=\"1000\" \/>\n\t<meta property=\"og:image:height\" content=\"1300\" \/>\n\t<meta property=\"og:image:type\" content=\"image\/jpeg\" \/>\n<meta name=\"twitter:card\" content=\"summary_large_image\" \/>\n<meta name=\"twitter:label1\" content=\"Tahmini okuma s\u00fcresi\" \/>\n\t<meta name=\"twitter:data1\" content=\"1 dakika\" \/>\n<script type=\"application\/ld+json\" class=\"yoast-schema-graph\">{\"@context\":\"https:\\\/\\\/schema.org\",\"@graph\":[{\"@type\":[\"WebPage\",\"ItemPage\"],\"@id\":\"https:\\\/\\\/astrologelvan.com\\\/magaza\\\/urun\\\/bolluk-bereket-ve-zenginlik-bilinci-atolyesi-elvan-lapis\\\/\",\"url\":\"https:\\\/\\\/astrologelvan.com\\\/magaza\\\/urun\\\/bolluk-bereket-ve-zenginlik-bilinci-atolyesi-elvan-lapis\\\/\",\"name\":\"Bolluk & Bereket ve Zenginlik Bilinci At\u00f6lyesi |\u00a0Elvan Lapis - Astrolog Elvan\",\"isPartOf\":{\"@id\":\"https:\\\/\\\/astrologelvan.com\\\/magaza\\\/#website\"},\"primaryImageOfPage\":{\"@id\":\"https:\\\/\\\/astrologelvan.com\\\/magaza\\\/urun\\\/bolluk-bereket-ve-zenginlik-bilinci-atolyesi-elvan-lapis\\\/#primaryimage\"},\"image\":{\"@id\":\"https:\\\/\\\/astrologelvan.com\\\/magaza\\\/urun\\\/bolluk-bereket-ve-zenginlik-bilinci-atolyesi-elvan-lapis\\\/#primaryimage\"},\"thumbnailUrl\":\"https:\\\/\\\/astrologelvan.com\\\/magaza\\\/wp-content\\\/uploads\\\/2025\\\/03\\\/urun-1.jpg\",\"datePublished\":\"2025-03-12T13:53:11+00:00\",\"dateModified\":\"2025-10-06T05:15:45+00:00\",\"breadcrumb\":{\"@id\":\"https:\\\/\\\/astrologelvan.com\\\/magaza\\\/urun\\\/bolluk-bereket-ve-zenginlik-bilinci-atolyesi-elvan-lapis\\\/#breadcrumb\"},\"inLanguage\":\"tr\",\"potentialAction\":[{\"@type\":\"ReadAction\",\"target\":[\"https:\\\/\\\/astrologelvan.com\\\/magaza\\\/urun\\\/bolluk-bereket-ve-zenginlik-bilinci-atolyesi-elvan-lapis\\\/\"]}]},{\"@type\":\"ImageObject\",\"inLanguage\":\"tr\",\"@id\":\"https:\\\/\\\/astrologelvan.com\\\/magaza\\\/urun\\\/bolluk-bereket-ve-zenginlik-bilinci-atolyesi-elvan-lapis\\\/#primaryimage\",\"url\":\"https:\\\/\\\/astrologelvan.com\\\/magaza\\\/wp-content\\\/uploads\\\/2025\\\/03\\\/urun-1.jpg\",\"contentUrl\":\"https:\\\/\\\/astrologelvan.com\\\/magaza\\\/wp-content\\\/uploads\\\/2025\\\/03\\\/urun-1.jpg\",\"width\":1000,\"height\":1300},{\"@type\":\"BreadcrumbList\",\"@id\":\"https:\\\/\\\/astrologelvan.com\\\/magaza\\\/urun\\\/bolluk-bereket-ve-zenginlik-bilinci-atolyesi-elvan-lapis\\\/#breadcrumb\",\"itemListElement\":[{\"@type\":\"ListItem\",\"position\":1,\"name\":\"Anasayfa\",\"item\":\"https:\\\/\\\/astrologelvan.com\\\/magaza\\\/\"},{\"@type\":\"ListItem\",\"position\":2,\"name\":\"Ma\u011faza\",\"item\":\"https:\\\/\\\/astrologelvan.com\\\/magaza\\\/magaza\\\/\"},{\"@type\":\"ListItem\",\"position\":3,\"name\":\"Bolluk &#038; Bereket ve Zenginlik Bilinci At\u00f6lyesi |\u00a0Elvan Lapis\"}]},{\"@type\":\"WebSite\",\"@id\":\"https:\\\/\\\/astrologelvan.com\\\/magaza\\\/#website\",\"url\":\"https:\\\/\\\/astrologelvan.com\\\/magaza\\\/\",\"name\":\"Astrolog Elvan\",\"description\":\"\",\"potentialAction\":[{\"@type\":\"SearchAction\",\"target\":{\"@type\":\"EntryPoint\",\"urlTemplate\":\"https:\\\/\\\/astrologelvan.com\\\/magaza\\\/?s={search_term_string}\"},\"query-input\":{\"@type\":\"PropertyValueSpecification\",\"valueRequired\":true,\"valueName\":\"search_term_string\"}}],\"inLanguage\":\"tr\"}]}<\/script>\n<!-- \/ Yoast SEO plugin. -->","yoast_head_json":{"title":"Bolluk & Bereket ve Zenginlik Bilinci At\u00f6lyesi |\u00a0Elvan Lapis - Astrolog Elvan","robots":{"index":"index","follow":"follow","max-snippet":"max-snippet:-1","max-image-preview":"max-image-preview:large","max-video-preview":"max-video-preview:-1"},"canonical":"https:\/\/astrologelvan.com\/magaza\/urun\/bolluk-bereket-ve-zenginlik-bilinci-atolyesi-elvan-lapis\/","og_locale":"tr_TR","og_type":"article","og_title":"Bolluk & Bereket ve Zenginlik Bilinci At\u00f6lyesi |\u00a0Elvan Lapis - Astrolog Elvan","og_description":"Yaradan\u2019\u0131n zenginlik ve servet enerjisine uyumlan! Bazen ne kadar kazansan\u0131z da para geliyor ve gidiyor dedi\u011finiz zamanlar vard\u0131r i\u015fte o zamanlar ilahi ak\u0131\u015ftan uzakla\u015ft\u0131\u011f\u0131n\u0131z, Yaradan\u2019\u0131n zenginlik bilincini bloke etti\u011finiz zamanlard\u0131r. Bazen bir t\u00fcrl\u00fc istedi\u011finiz bolluk size gelmez. Ne kadar \u00e7abalasan\u0131z da \u201cNeden kazanam\u0131yorum?\u201d dedi\u011finiz g\u00fcnler vard\u0131r.  E\u011fer bu d\u00f6nemlerden birinden ge\u00e7iyorsan\u0131z, bu at\u00f6lye tam da size g\u00f6re! Yaradan, sizin k\u0131tl\u0131k i\u00e7inde olman\u0131z\u0131 istemez. Ve asl\u0131nda paraya dair korkular\u0131m\u0131z\u0131n \u00e7o\u011fu, atalar\u0131m\u0131z\u0131n hayatta kalma benli\u011fi ile bize aktar\u0131lm\u0131\u015f olabilir. Gelin bu at\u00f6lye ile paraya, bollu\u011fa, zenginli\u011fe dair blokajlar\u0131n\u0131z\u0131 ar\u0131nd\u0131ral\u0131m. Yaradan\u2019\u0131n zenginlik ve servet enerjisine uyumlanal\u0131m.  At\u00f6lye i\u00e7eri\u011fi   Alan, beden temizli\u011fi, c\u00fczdanlar\u0131n\u0131z\u0131n ve banka hesaplar\u0131n\u0131z\u0131n enerji temizli\u011fi  Zenginlik bilinci \u00fczerine blokajlar\u0131 fark etme  Ya\u015fam\u0131n her alan\u0131nda nas\u0131l bollu\u011fa ula\u015faca\u011f\u0131z, \u00e7\u00f6z\u00fcmler  Feng Shui ile 2025 y\u0131l\u0131nda evinizde bolluk enerjisini aktive etme t\u00fcyolar\u0131  ThetaHealing ile \u00f6rnek bir kaz\u0131  ThetaHealing ile k\u00f6k inan\u00e7lar\u0131 de\u011fi\u015ftirme ve his y\u00fckleme  JAAS dosyas\u0131 ile hayat\u0131m\u0131z\u0131n her alan\u0131nda zenginlik ve bollu\u011fa ula\u015fman\u0131n \u00f6n\u00fcndeki t\u00fcm engel ve blokajlar\u0131n ar\u0131nd\u0131r\u0131lmas\u0131  At\u00f6lye 21 Mart gecesi T\u00fcrkiye saati ile 21:00\u2019da zoom \u00fczerinden Elvan Lapis e\u015fli\u011finde canl\u0131 olarak yap\u0131lacak.  Sipari\u015flerinizi olu\u015ftururken aktif kulland\u0131\u011f\u0131n\u0131z telefon numaran\u0131z\u0131 ve e-mail adresinizi girmelisiniz. At\u00f6lye kat\u0131l\u0131m linkleri\u00a0belirtti\u011finiz numaraya SMS olarak, belirtti\u011finiz e-mail adresine e-mail olarak g\u00f6nderilecektir. SMS ve E-mail adresinizi do\u011fru yazd\u0131\u011f\u0131n\u0131za ve SMS ve E-mail kutunuzun dolu olmamas\u0131na dikkat ediniz.  At\u00f6lye kay\u0131tlar\u0131 sat\u0131n alan ki\u015filere canl\u0131 yay\u0131n sonras\u0131ndaki g\u00fcnlerde yine ayn\u0131 kanallardan iletilecektir. Her at\u00f6lye kayd\u0131 bir ki\u015fi i\u00e7in ge\u00e7erlidir, yasal olarak bir ba\u015fkas\u0131 ile payla\u015f\u0131lamaz.","og_url":"https:\/\/astrologelvan.com\/magaza\/urun\/bolluk-bereket-ve-zenginlik-bilinci-atolyesi-elvan-lapis\/","og_site_name":"Astrolog Elvan","article_modified_time":"2025-10-06T05:15:45+00:00","og_image":[{"width":1000,"height":1300,"url":"https:\/\/astrologelvan.com\/magaza\/wp-content\/uploads\/2025\/03\/urun-1.jpg","type":"image\/jpeg"}],"twitter_card":"summary_large_image","twitter_misc":{"Tahmini okuma s\u00fcresi":"1 dakika"},"schema":{"@context":"https:\/\/schema.org","@graph":[{"@type":["WebPage","ItemPage"],"@id":"https:\/\/astrologelvan.com\/magaza\/urun\/bolluk-bereket-ve-zenginlik-bilinci-atolyesi-elvan-lapis\/","url":"https:\/\/astrologelvan.com\/magaza\/urun\/bolluk-bereket-ve-zenginlik-bilinci-atolyesi-elvan-lapis\/","name":"Bolluk & Bereket ve Zenginlik Bilinci At\u00f6lyesi |\u00a0Elvan Lapis - Astrolog Elvan","isPartOf":{"@id":"https:\/\/astrologelvan.com\/magaza\/#website"},"primaryImageOfPage":{"@id":"https:\/\/astrologelvan.com\/magaza\/urun\/bolluk-bereket-ve-zenginlik-bilinci-atolyesi-elvan-lapis\/#primaryimage"},"image":{"@id":"https:\/\/astrologelvan.com\/magaza\/urun\/bolluk-bereket-ve-zenginlik-bilinci-atolyesi-elvan-lapis\/#primaryimage"},"thumbnailUrl":"https:\/\/astrologelvan.com\/magaza\/wp-content\/uploads\/2025\/03\/urun-1.jpg","datePublished":"2025-03-12T13:53:11+00:00","dateModified":"2025-10-06T05:15:45+00:00","breadcrumb":{"@id":"https:\/\/astrologelvan.com\/magaza\/urun\/bolluk-bereket-ve-zenginlik-bilinci-atolyesi-elvan-lapis\/#breadcrumb"},"inLanguage":"tr","potentialAction":[{"@type":"ReadAction","target":["https:\/\/astrologelvan.com\/magaza\/urun\/bolluk-bereket-ve-zenginlik-bilinci-atolyesi-elvan-lapis\/"]}]},{"@type":"ImageObject","inLanguage":"tr","@id":"https:\/\/astrologelvan.com\/magaza\/urun\/bolluk-bereket-ve-zenginlik-bilinci-atolyesi-elvan-lapis\/#primaryimage","url":"https:\/\/astrologelvan.com\/magaza\/wp-content\/uploads\/2025\/03\/urun-1.jpg","contentUrl":"https:\/\/astrologelvan.com\/magaza\/wp-content\/uploads\/2025\/03\/urun-1.jpg","width":1000,"height":1300},{"@type":"BreadcrumbList","@id":"https:\/\/astrologelvan.com\/magaza\/urun\/bolluk-bereket-ve-zenginlik-bilinci-atolyesi-elvan-lapis\/#breadcrumb","itemListElement":[{"@type":"ListItem","position":1,"name":"Anasayfa","item":"https:\/\/astrologelvan.com\/magaza\/"},{"@type":"ListItem","position":2,"name":"Ma\u011faza","item":"https:\/\/astrologelvan.com\/magaza\/magaza\/"},{"@type":"ListItem","position":3,"name":"Bolluk &#038; Bereket ve Zenginlik Bilinci At\u00f6lyesi |\u00a0Elvan Lapis"}]},{"@type":"WebSite","@id":"https:\/\/astrologelvan.com\/magaza\/#website","url":"https:\/\/astrologelvan.com\/magaza\/","name":"Astrolog Elvan","description":"","potentialAction":[{"@type":"SearchAction","target":{"@type":"EntryPoint","urlTemplate":"https:\/\/astrologelvan.com\/magaza\/?s={search_term_string}"},"query-input":{"@type":"PropertyValueSpecification","valueRequired":true,"valueName":"search_term_string"}}],"inLanguage":"tr"}]}},"_links":{"self":[{"href":"https:\/\/astrologelvan.com\/magaza\/wp-json\/wp\/v2\/product\/56217","targetHints":{"allow":["GET"]}}],"collection":[{"href":"https:\/\/astrologelvan.com\/magaza\/wp-json\/wp\/v2\/product"}],"about":[{"href":"https:\/\/astrologelvan.com\/magaza\/wp-json\/wp\/v2\/types\/product"}],"replies":[{"embeddable":true,"href":"https:\/\/astrologelvan.com\/magaza\/wp-json\/wp\/v2\/comments?post=56217"}],"wp:featuredmedia":[{"embeddable":true,"href":"https:\/\/astrologelvan.com\/magaza\/wp-json\/wp\/v2\/media\/60025"}],"wp:attachment":[{"href":"https:\/\/astrologelvan.com\/magaza\/wp-json\/wp\/v2\/media?parent=56217"}],"wp:term":[{"taxonomy":"product_brand","embeddable":true,"href":"https:\/\/astrologelvan.com\/magaza\/wp-json\/wp\/v2\/product_brand?post=56217"},{"taxonomy":"product_cat","embeddable":true,"href":"https:\/\/astrologelvan.com\/magaza\/wp-json\/wp\/v2\/product_cat?post=56217"},{"taxonomy":"product_tag","embeddable":true,"href":"https:\/\/astrologelvan.com\/magaza\/wp-json\/wp\/v2\/product_tag?post=56217"}],"curies":[{"name":"wp","href":"https:\/\/api.w.org\/{rel}","templated":true}]}}