{"id":560,"date":"2024-02-28T02:32:11","date_gmt":"2024-02-27T23:32:11","guid":{"rendered":"https:\/\/astrologelvan.shop\/?post_type=product&#038;p=560"},"modified":"2026-04-03T13:54:49","modified_gmt":"2026-04-03T10:54:49","slug":"925-ayar-gumus-uzeri-altin-kaplama-kyanit-ruya-tasi-kolye","status":"publish","type":"product","link":"https:\/\/astrologelvan.com\/magaza\/urun\/925-ayar-gumus-uzeri-altin-kaplama-kyanit-ruya-tasi-kolye\/","title":{"rendered":"KYAN\u0130T (R\u00dcYA TA\u015eI) KOLYE  | 925 AYAR G\u00dcM\u00dc\u015e \u00dcZER\u0130 ALTIN KAPLAMA"},"content":{"rendered":"<ul class=\"ul1\">\n<li class=\"li1\">Kyanit ta\u015f\u0131 r\u00fcyalarla ba\u011flant\u0131l\u0131 \u00e7al\u0131\u015f\u0131r.<\/li>\n<li class=\"li1\">\u00d6zellikle uyku problemleri olanlar\u0131n 21 g\u00fcn boyunca takmas\u0131n\u0131 \u00f6neririz.<\/li>\n<li class=\"li1\">Titre\u015fimi \u00e7ok y\u00fcksektir.<\/li>\n<li class=\"li1\">Takt\u0131\u011f\u0131n\u0131zda g\u00f6rd\u00fc\u011f\u00fcn\u00fcz r\u00fcyalar haberci olabilir.<\/li>\n<li class=\"li1\">Sezgilerinizi g\u00fc\u00e7lendirir.<\/li>\n<li class=\"li1\">Uyku d\u00fczeninizi dengeler.<\/li>\n<li class=\"li1\">Ki\u015finin kendini ifade etme yetene\u011fini ve ileti\u015fim becerisini geli\u015ftirmeye yard\u0131mc\u0131 olur.<\/li>\n<li class=\"li1\">Bu sebeple topluluk i\u00e7erisinde bir konu\u015fmaya yapaca\u011f\u0131n\u0131z zaman Kyanit<span class=\"Apple-converted-space\">\u00a0 <\/span>ta\u015f\u0131n\u0131 \u00fczerinizde bulundurursan\u0131z o toplulu\u011fu etkilersiniz.<\/li>\n<li class=\"li1\">Antik d\u00f6nemde Kyanit ta\u015f\u0131 pusula olarak kullan\u0131lm\u0131\u015f, ka\u015fiflerin yolunu bulmas\u0131 i\u00e7in yard\u0131mc\u0131 olmu\u015ftur.<\/li>\n<li class=\"li1\">Nepal, Brezilya, \u0130svi\u00e7re ve Kenya\u2019da \u00e7\u0131kmaktad\u0131r.<\/li>\n<\/ul>\n<p>Do\u011fal ta\u015f kolyelerimizin tasar\u0131mlar\u0131nda do\u011frudan cilde temas etmesini sa\u011fl\u0131yoruz. B\u00f6ylece do\u011fal ta\u015f kolyenizi takt\u0131k\u00e7a v\u00fccudunuzun titre\u015fimlerine ba\u011flan\u0131r ve size denge ve uyum getirir.<\/p>\n<p>&nbsp;<\/p>\n<p><strong>Tak\u0131lar\u0131n\u0131z\u0131n uzun s\u00fcre kullanabilmesi i\u00e7in; Parf\u00fcm, su, s\u0131v\u0131, dezenfektan, krem v.b. gibi maddelerle temas etmemesi, du\u015f-banyo s\u0131ras\u0131nda \u00e7\u0131kart\u0131lmas\u0131 gerekmektedir. Ki\u015finin ter-ten yap\u0131s\u0131na g\u00f6re de etkilenmektedir. Tak\u0131lar\u0131n\u0131z\u0131 kullanmad\u0131\u011f\u0131n\u0131z zamanlarda kesesinde saklaman\u0131z\u0131 \u00f6neririz.<\/strong><\/p>\n<p><strong>Do\u011fal ta\u015flar\u0131n belirli titre\u015fimlere ve frekanslara sahip oldu\u011fu bilinmektedir. Bu nedenle v\u00fccudumuzda ve auram\u0131zda birtak\u0131m iyi etkileri oldu\u011fu s\u00f6ylenmektedir. Ta\u015flar\u0131n \u00f6zelliklerinin bilimsel kesinli\u011fi yoktur. Astrologelvan ma\u011fazas\u0131ndaki t\u00fcm ta\u015flar orijinal, ger\u00e7ek do\u011fal ta\u015flard\u0131r. T\u0131bbi konularda doktora dan\u0131\u015fman\u0131z\u0131 tavsiye ederiz. Ta\u015flar\u0131n tedavi edici \u00f6zelli\u011fi yoktur, sadece ki\u015fisel enerjimizi y\u00fckseltmekte ve astrolojik olarak da temsil etti\u011fi gezegenlerin etkilerini artt\u0131rmakta oldu\u011fu kabul edilir. \u00d6rne\u011fin; pembe kuvars ta\u015f\u0131 a\u015fk ve sevgi gezegeni Ven\u00fcs&#8217;\u00fcn ta\u015f\u0131d\u0131r ve bu sebeple \u00fczerinde ta\u015f\u0131yan ki\u015finin a\u015fk ve sevgi frekans\u0131n\u0131 y\u00fckseltti\u011fi bilinir.<\/strong><\/p>\n","protected":false},"excerpt":{"rendered":"<p class=\"p1\">Kyanit ta\u015f\u0131 r\u00fcyalarla ba\u011flant\u0131l\u0131 \u00e7al\u0131\u015f\u0131r. \u00d6zellikle uyku problemleri olanlar\u0131n 21 g\u00fcn boyunca takmas\u0131n\u0131 \u00f6neririz. Titre\u015fimi \u00e7ok y\u00fcksektir. Takt\u0131\u011f\u0131n\u0131zda g\u00f6rd\u00fc\u011f\u00fcn\u00fcz r\u00fcyalar haberci olabilir. Sezgilerinizi g\u00fc\u00e7lendirir. Uyku d\u00fczeninizi dengeler.<\/p>\n<p class=\"p3\"><strong>\u00dcr\u00fcn\u00fcn \u00d6zellikleri<\/strong><\/p>\n<p class=\"p3\"><strong>45+15 CM 925 ayar g\u00fcm\u00fc\u015f \u00fczeri 14 ayar alt\u0131n kaplama ayarlanabilir zincir.<\/strong><\/p>\n<p><strong>Mont\u00fcr el i\u015f\u00e7ili\u011fidir<\/strong><\/p>\n<p><strong>925 Ayar g\u00fcm\u00fc\u015f \u00fczeri alt\u0131n kaplamad\u0131r.<\/strong><\/p>\n<p><strong>Ortalama 4,5 gr do\u011fal ta\u015f a\u011f\u0131rl\u0131\u011f\u0131<\/strong><\/p>\n<p><strong>1,3 gr zincir a\u011f\u0131rl\u0131\u011f\u0131<\/strong><\/p>\n","protected":false},"featured_media":10247,"comment_status":"open","ping_status":"closed","template":"","meta":[],"product_brand":[596],"product_cat":[198,8106],"product_tag":[39,199,200,201,202,203,63,204,205,206],"class_list":{"0":"post-560","1":"product","2":"type-product","3":"status-publish","4":"has-post-thumbnail","6":"product_brand-astrolog-elvan","7":"product_cat-kyanit-tasi","8":"product_cat--gumus-kolyeler","9":"product_tag-astrolog-elvan","10":"product_tag-dogal-form-kyanit-kolye","11":"product_tag-dogal-form-kyanit-tasi","12":"product_tag-dogal-kyanit","13":"product_tag-dogal-kyanit-tasi","14":"product_tag-dogal-kyanit-tasi-kolye","15":"product_tag-dogal-tas-kolye","16":"product_tag-kyanit-ruya-tasi-kolye","17":"product_tag-ruya-tasi","18":"product_tag-ruya-tasi-kolyesi","20":"first","21":"instock","22":"purchasable","23":"product-type-simple"},"yoast_head":"<!-- This site is optimized with the Yoast SEO plugin v27.3 - https:\/\/yoast.com\/product\/yoast-seo-wordpress\/ -->\n<title>KYAN\u0130T (R\u00dcYA TA\u015eI) KOLYE | 925 AYAR G\u00dcM\u00dc\u015e \u00dcZER\u0130 ALTIN KAPLAMA - Astrolog Elvan<\/title>\n<meta name=\"robots\" content=\"index, follow, max-snippet:-1, max-image-preview:large, max-video-preview:-1\" \/>\n<link rel=\"canonical\" href=\"https:\/\/astrologelvan.com\/magaza\/urun\/925-ayar-gumus-uzeri-altin-kaplama-kyanit-ruya-tasi-kolye\/\" \/>\n<meta property=\"og:locale\" content=\"tr_TR\" \/>\n<meta property=\"og:type\" content=\"article\" \/>\n<meta property=\"og:title\" content=\"KYAN\u0130T (R\u00dcYA TA\u015eI) KOLYE | 925 AYAR G\u00dcM\u00dc\u015e \u00dcZER\u0130 ALTIN KAPLAMA - Astrolog Elvan\" \/>\n<meta property=\"og:description\" content=\"Kyanit ta\u015f\u0131 r\u00fcyalarla ba\u011flant\u0131l\u0131 \u00e7al\u0131\u015f\u0131r. \u00d6zellikle uyku problemleri olanlar\u0131n 21 g\u00fcn boyunca takmas\u0131n\u0131 \u00f6neririz. Titre\u015fimi \u00e7ok y\u00fcksektir. Takt\u0131\u011f\u0131n\u0131zda g\u00f6rd\u00fc\u011f\u00fcn\u00fcz r\u00fcyalar haberci olabilir. Sezgilerinizi g\u00fc\u00e7lendirir. Uyku d\u00fczeninizi dengeler. \u00dcr\u00fcn\u00fcn \u00d6zellikleri 45+15 CM 925 ayar g\u00fcm\u00fc\u015f \u00fczeri 14 ayar alt\u0131n kaplama ayarlanabilir zincir. Mont\u00fcr el i\u015f\u00e7ili\u011fidir  925 Ayar g\u00fcm\u00fc\u015f \u00fczeri alt\u0131n kaplamad\u0131r.  Ortalama 4,5 gr do\u011fal ta\u015f a\u011f\u0131rl\u0131\u011f\u0131  1,3 gr zincir a\u011f\u0131rl\u0131\u011f\u0131\" \/>\n<meta property=\"og:url\" content=\"https:\/\/astrologelvan.com\/magaza\/urun\/925-ayar-gumus-uzeri-altin-kaplama-kyanit-ruya-tasi-kolye\/\" \/>\n<meta property=\"og:site_name\" content=\"Astrolog Elvan\" \/>\n<meta property=\"article:modified_time\" content=\"2026-04-03T10:54:49+00:00\" \/>\n<meta property=\"og:image\" content=\"https:\/\/astrologelvan.com\/magaza\/wp-content\/uploads\/2024\/02\/1-147-scaled.jpg\" \/>\n\t<meta property=\"og:image:width\" content=\"2560\" \/>\n\t<meta property=\"og:image:height\" content=\"2560\" \/>\n\t<meta property=\"og:image:type\" content=\"image\/jpeg\" \/>\n<meta name=\"twitter:card\" content=\"summary_large_image\" \/>\n<meta name=\"twitter:label1\" content=\"Tahmini okuma s\u00fcresi\" \/>\n\t<meta name=\"twitter:data1\" content=\"2 dakika\" \/>\n<script type=\"application\/ld+json\" class=\"yoast-schema-graph\">{\"@context\":\"https:\\\/\\\/schema.org\",\"@graph\":[{\"@type\":[\"WebPage\",\"ItemPage\"],\"@id\":\"https:\\\/\\\/astrologelvan.com\\\/magaza\\\/urun\\\/925-ayar-gumus-uzeri-altin-kaplama-kyanit-ruya-tasi-kolye\\\/\",\"url\":\"https:\\\/\\\/astrologelvan.com\\\/magaza\\\/urun\\\/925-ayar-gumus-uzeri-altin-kaplama-kyanit-ruya-tasi-kolye\\\/\",\"name\":\"KYAN\u0130T (R\u00dcYA TA\u015eI) KOLYE | 925 AYAR G\u00dcM\u00dc\u015e \u00dcZER\u0130 ALTIN KAPLAMA - Astrolog Elvan\",\"isPartOf\":{\"@id\":\"https:\\\/\\\/astrologelvan.com\\\/magaza\\\/#website\"},\"primaryImageOfPage\":{\"@id\":\"https:\\\/\\\/astrologelvan.com\\\/magaza\\\/urun\\\/925-ayar-gumus-uzeri-altin-kaplama-kyanit-ruya-tasi-kolye\\\/#primaryimage\"},\"image\":{\"@id\":\"https:\\\/\\\/astrologelvan.com\\\/magaza\\\/urun\\\/925-ayar-gumus-uzeri-altin-kaplama-kyanit-ruya-tasi-kolye\\\/#primaryimage\"},\"thumbnailUrl\":\"https:\\\/\\\/astrologelvan.com\\\/magaza\\\/wp-content\\\/uploads\\\/2024\\\/02\\\/1-147-scaled.jpg\",\"datePublished\":\"2024-02-27T23:32:11+00:00\",\"dateModified\":\"2026-04-03T10:54:49+00:00\",\"breadcrumb\":{\"@id\":\"https:\\\/\\\/astrologelvan.com\\\/magaza\\\/urun\\\/925-ayar-gumus-uzeri-altin-kaplama-kyanit-ruya-tasi-kolye\\\/#breadcrumb\"},\"inLanguage\":\"tr\",\"potentialAction\":[{\"@type\":\"ReadAction\",\"target\":[\"https:\\\/\\\/astrologelvan.com\\\/magaza\\\/urun\\\/925-ayar-gumus-uzeri-altin-kaplama-kyanit-ruya-tasi-kolye\\\/\"]}]},{\"@type\":\"ImageObject\",\"inLanguage\":\"tr\",\"@id\":\"https:\\\/\\\/astrologelvan.com\\\/magaza\\\/urun\\\/925-ayar-gumus-uzeri-altin-kaplama-kyanit-ruya-tasi-kolye\\\/#primaryimage\",\"url\":\"https:\\\/\\\/astrologelvan.com\\\/magaza\\\/wp-content\\\/uploads\\\/2024\\\/02\\\/1-147-scaled.jpg\",\"contentUrl\":\"https:\\\/\\\/astrologelvan.com\\\/magaza\\\/wp-content\\\/uploads\\\/2024\\\/02\\\/1-147-scaled.jpg\",\"width\":2560,\"height\":2560},{\"@type\":\"BreadcrumbList\",\"@id\":\"https:\\\/\\\/astrologelvan.com\\\/magaza\\\/urun\\\/925-ayar-gumus-uzeri-altin-kaplama-kyanit-ruya-tasi-kolye\\\/#breadcrumb\",\"itemListElement\":[{\"@type\":\"ListItem\",\"position\":1,\"name\":\"Anasayfa\",\"item\":\"https:\\\/\\\/astrologelvan.com\\\/magaza\\\/\"},{\"@type\":\"ListItem\",\"position\":2,\"name\":\"Ma\u011faza\",\"item\":\"https:\\\/\\\/astrologelvan.com\\\/magaza\\\/magaza\\\/\"},{\"@type\":\"ListItem\",\"position\":3,\"name\":\"KYAN\u0130T (R\u00dcYA TA\u015eI) KOLYE | 925 AYAR G\u00dcM\u00dc\u015e \u00dcZER\u0130 ALTIN KAPLAMA\"}]},{\"@type\":\"WebSite\",\"@id\":\"https:\\\/\\\/astrologelvan.com\\\/magaza\\\/#website\",\"url\":\"https:\\\/\\\/astrologelvan.com\\\/magaza\\\/\",\"name\":\"Astrolog Elvan\",\"description\":\"\",\"potentialAction\":[{\"@type\":\"SearchAction\",\"target\":{\"@type\":\"EntryPoint\",\"urlTemplate\":\"https:\\\/\\\/astrologelvan.com\\\/magaza\\\/?s={search_term_string}\"},\"query-input\":{\"@type\":\"PropertyValueSpecification\",\"valueRequired\":true,\"valueName\":\"search_term_string\"}}],\"inLanguage\":\"tr\"}]}<\/script>\n<!-- \/ Yoast SEO plugin. -->","yoast_head_json":{"title":"KYAN\u0130T (R\u00dcYA TA\u015eI) KOLYE | 925 AYAR G\u00dcM\u00dc\u015e \u00dcZER\u0130 ALTIN KAPLAMA - Astrolog Elvan","robots":{"index":"index","follow":"follow","max-snippet":"max-snippet:-1","max-image-preview":"max-image-preview:large","max-video-preview":"max-video-preview:-1"},"canonical":"https:\/\/astrologelvan.com\/magaza\/urun\/925-ayar-gumus-uzeri-altin-kaplama-kyanit-ruya-tasi-kolye\/","og_locale":"tr_TR","og_type":"article","og_title":"KYAN\u0130T (R\u00dcYA TA\u015eI) KOLYE | 925 AYAR G\u00dcM\u00dc\u015e \u00dcZER\u0130 ALTIN KAPLAMA - Astrolog Elvan","og_description":"Kyanit ta\u015f\u0131 r\u00fcyalarla ba\u011flant\u0131l\u0131 \u00e7al\u0131\u015f\u0131r. \u00d6zellikle uyku problemleri olanlar\u0131n 21 g\u00fcn boyunca takmas\u0131n\u0131 \u00f6neririz. Titre\u015fimi \u00e7ok y\u00fcksektir. Takt\u0131\u011f\u0131n\u0131zda g\u00f6rd\u00fc\u011f\u00fcn\u00fcz r\u00fcyalar haberci olabilir. Sezgilerinizi g\u00fc\u00e7lendirir. Uyku d\u00fczeninizi dengeler. \u00dcr\u00fcn\u00fcn \u00d6zellikleri 45+15 CM 925 ayar g\u00fcm\u00fc\u015f \u00fczeri 14 ayar alt\u0131n kaplama ayarlanabilir zincir. Mont\u00fcr el i\u015f\u00e7ili\u011fidir  925 Ayar g\u00fcm\u00fc\u015f \u00fczeri alt\u0131n kaplamad\u0131r.  Ortalama 4,5 gr do\u011fal ta\u015f a\u011f\u0131rl\u0131\u011f\u0131  1,3 gr zincir a\u011f\u0131rl\u0131\u011f\u0131","og_url":"https:\/\/astrologelvan.com\/magaza\/urun\/925-ayar-gumus-uzeri-altin-kaplama-kyanit-ruya-tasi-kolye\/","og_site_name":"Astrolog Elvan","article_modified_time":"2026-04-03T10:54:49+00:00","og_image":[{"width":2560,"height":2560,"url":"https:\/\/astrologelvan.com\/magaza\/wp-content\/uploads\/2024\/02\/1-147-scaled.jpg","type":"image\/jpeg"}],"twitter_card":"summary_large_image","twitter_misc":{"Tahmini okuma s\u00fcresi":"2 dakika"},"schema":{"@context":"https:\/\/schema.org","@graph":[{"@type":["WebPage","ItemPage"],"@id":"https:\/\/astrologelvan.com\/magaza\/urun\/925-ayar-gumus-uzeri-altin-kaplama-kyanit-ruya-tasi-kolye\/","url":"https:\/\/astrologelvan.com\/magaza\/urun\/925-ayar-gumus-uzeri-altin-kaplama-kyanit-ruya-tasi-kolye\/","name":"KYAN\u0130T (R\u00dcYA TA\u015eI) KOLYE | 925 AYAR G\u00dcM\u00dc\u015e \u00dcZER\u0130 ALTIN KAPLAMA - Astrolog Elvan","isPartOf":{"@id":"https:\/\/astrologelvan.com\/magaza\/#website"},"primaryImageOfPage":{"@id":"https:\/\/astrologelvan.com\/magaza\/urun\/925-ayar-gumus-uzeri-altin-kaplama-kyanit-ruya-tasi-kolye\/#primaryimage"},"image":{"@id":"https:\/\/astrologelvan.com\/magaza\/urun\/925-ayar-gumus-uzeri-altin-kaplama-kyanit-ruya-tasi-kolye\/#primaryimage"},"thumbnailUrl":"https:\/\/astrologelvan.com\/magaza\/wp-content\/uploads\/2024\/02\/1-147-scaled.jpg","datePublished":"2024-02-27T23:32:11+00:00","dateModified":"2026-04-03T10:54:49+00:00","breadcrumb":{"@id":"https:\/\/astrologelvan.com\/magaza\/urun\/925-ayar-gumus-uzeri-altin-kaplama-kyanit-ruya-tasi-kolye\/#breadcrumb"},"inLanguage":"tr","potentialAction":[{"@type":"ReadAction","target":["https:\/\/astrologelvan.com\/magaza\/urun\/925-ayar-gumus-uzeri-altin-kaplama-kyanit-ruya-tasi-kolye\/"]}]},{"@type":"ImageObject","inLanguage":"tr","@id":"https:\/\/astrologelvan.com\/magaza\/urun\/925-ayar-gumus-uzeri-altin-kaplama-kyanit-ruya-tasi-kolye\/#primaryimage","url":"https:\/\/astrologelvan.com\/magaza\/wp-content\/uploads\/2024\/02\/1-147-scaled.jpg","contentUrl":"https:\/\/astrologelvan.com\/magaza\/wp-content\/uploads\/2024\/02\/1-147-scaled.jpg","width":2560,"height":2560},{"@type":"BreadcrumbList","@id":"https:\/\/astrologelvan.com\/magaza\/urun\/925-ayar-gumus-uzeri-altin-kaplama-kyanit-ruya-tasi-kolye\/#breadcrumb","itemListElement":[{"@type":"ListItem","position":1,"name":"Anasayfa","item":"https:\/\/astrologelvan.com\/magaza\/"},{"@type":"ListItem","position":2,"name":"Ma\u011faza","item":"https:\/\/astrologelvan.com\/magaza\/magaza\/"},{"@type":"ListItem","position":3,"name":"KYAN\u0130T (R\u00dcYA TA\u015eI) KOLYE | 925 AYAR G\u00dcM\u00dc\u015e \u00dcZER\u0130 ALTIN KAPLAMA"}]},{"@type":"WebSite","@id":"https:\/\/astrologelvan.com\/magaza\/#website","url":"https:\/\/astrologelvan.com\/magaza\/","name":"Astrolog Elvan","description":"","potentialAction":[{"@type":"SearchAction","target":{"@type":"EntryPoint","urlTemplate":"https:\/\/astrologelvan.com\/magaza\/?s={search_term_string}"},"query-input":{"@type":"PropertyValueSpecification","valueRequired":true,"valueName":"search_term_string"}}],"inLanguage":"tr"}]}},"_links":{"self":[{"href":"https:\/\/astrologelvan.com\/magaza\/wp-json\/wp\/v2\/product\/560","targetHints":{"allow":["GET"]}}],"collection":[{"href":"https:\/\/astrologelvan.com\/magaza\/wp-json\/wp\/v2\/product"}],"about":[{"href":"https:\/\/astrologelvan.com\/magaza\/wp-json\/wp\/v2\/types\/product"}],"replies":[{"embeddable":true,"href":"https:\/\/astrologelvan.com\/magaza\/wp-json\/wp\/v2\/comments?post=560"}],"wp:featuredmedia":[{"embeddable":true,"href":"https:\/\/astrologelvan.com\/magaza\/wp-json\/wp\/v2\/media\/10247"}],"wp:attachment":[{"href":"https:\/\/astrologelvan.com\/magaza\/wp-json\/wp\/v2\/media?parent=560"}],"wp:term":[{"taxonomy":"product_brand","embeddable":true,"href":"https:\/\/astrologelvan.com\/magaza\/wp-json\/wp\/v2\/product_brand?post=560"},{"taxonomy":"product_cat","embeddable":true,"href":"https:\/\/astrologelvan.com\/magaza\/wp-json\/wp\/v2\/product_cat?post=560"},{"taxonomy":"product_tag","embeddable":true,"href":"https:\/\/astrologelvan.com\/magaza\/wp-json\/wp\/v2\/product_tag?post=560"}],"curies":[{"name":"wp","href":"https:\/\/api.w.org\/{rel}","templated":true}]}}