{"id":557,"date":"2024-02-28T02:32:11","date_gmt":"2024-02-27T23:32:11","guid":{"rendered":"https:\/\/astrologelvan.shop\/?post_type=product&#038;p=557"},"modified":"2025-10-06T08:14:55","modified_gmt":"2025-10-06T05:14:55","slug":"91119919111-925-ayar-gumus-charm-aura-dengeleyici-sayi-sekansi","status":"publish","type":"product","link":"https:\/\/astrologelvan.com\/magaza\/urun\/91119919111-925-ayar-gumus-charm-aura-dengeleyici-sayi-sekansi\/","title":{"rendered":"91119919111 &#8211; 925 AYAR G\u00dcM\u00dc\u015e CHARM (AURA DENGELEY\u0130C\u0130 SAYI SEKANSI)"},"content":{"rendered":"","protected":false},"excerpt":{"rendered":"<div>\n<div>\n<div>\n<div>Dokuzbirbirbirdokuzdokuzbirdokuzbirbirbir\u00a0diye okunur. Kolye ya da bilekliklerinize takabilirsiniz. Auran\u0131z dengede olmad\u0131\u011f\u0131nda kendinizi yorgun, sinirli, \u00f6fkeli, mutsuz hissedebilirsiniz. T\u00fcm bu duygular, auray\u0131 d\u00fczenli dengeledi\u011finizde yok olur. G\u00fcn i\u00e7erisinde tekrarlaman\u0131z\u00a0tavsiye edilir.<\/div>\n<\/div>\n<\/div>\n<\/div>\n","protected":false},"featured_media":619,"comment_status":"open","ping_status":"closed","template":"","meta":[],"product_brand":[],"product_cat":[370,261],"product_tag":[371,39,372],"class_list":{"0":"post-557","1":"product","2":"type-product","3":"status-publish","4":"has-post-thumbnail","6":"product_cat-charmlar","7":"product_cat-sayi-sekansli-dogal-taslar","8":"product_tag-925-ayar","9":"product_tag-astrolog-elvan","10":"product_tag-charm","12":"first","13":"instock","14":"purchasable","15":"product-type-simple"},"yoast_head":"<!-- This site is optimized with the Yoast SEO plugin v27.3 - https:\/\/yoast.com\/product\/yoast-seo-wordpress\/ -->\n<title>91119919111 - 925 ayar G\u00fcm\u00fc\u015f Charm (Aura Dengeleyici Say\u0131 Sekans\u0131<\/title>\n<meta name=\"description\" content=\"Dokuzbirbirbirdokuzdokuzbirdokuzbirbirbir diye okunur. Kolye ya da bilekliklerinize takabilirsiniz. Auran\u0131z dengede olmad\u0131\u011f\u0131nda kendinizi yorgun, sinirli, \u00f6fkeli, mutsuz hissedebilirsiniz. T\u00fcm bu duygular, auray\u0131 d\u00fczenli dengeledi\u011finizde yok olur. G\u00fcn i\u00e7erisinde tekrarlaman\u0131z tavsiye edilir.\" \/>\n<meta name=\"robots\" content=\"index, follow, max-snippet:-1, max-image-preview:large, max-video-preview:-1\" \/>\n<link rel=\"canonical\" href=\"https:\/\/astrologelvan.com\/magaza\/urun\/91119919111-925-ayar-gumus-charm-aura-dengeleyici-sayi-sekansi\/\" \/>\n<meta property=\"og:locale\" content=\"tr_TR\" \/>\n<meta property=\"og:type\" content=\"article\" \/>\n<meta property=\"og:title\" content=\"91119919111 - 925 ayar G\u00fcm\u00fc\u015f Charm (Aura Dengeleyici Say\u0131 Sekans\u0131\" \/>\n<meta property=\"og:description\" content=\"Dokuzbirbirbirdokuzdokuzbirdokuzbirbirbir diye okunur. Kolye ya da bilekliklerinize takabilirsiniz. Auran\u0131z dengede olmad\u0131\u011f\u0131nda kendinizi yorgun, sinirli, \u00f6fkeli, mutsuz hissedebilirsiniz. T\u00fcm bu duygular, auray\u0131 d\u00fczenli dengeledi\u011finizde yok olur. G\u00fcn i\u00e7erisinde tekrarlaman\u0131z tavsiye edilir.\" \/>\n<meta property=\"og:url\" content=\"https:\/\/astrologelvan.com\/magaza\/urun\/91119919111-925-ayar-gumus-charm-aura-dengeleyici-sayi-sekansi\/\" \/>\n<meta property=\"og:site_name\" content=\"Astrolog Elvan\" \/>\n<meta property=\"article:modified_time\" content=\"2025-10-06T05:14:55+00:00\" \/>\n<meta property=\"og:image\" content=\"https:\/\/astrologelvan.com\/magaza\/wp-content\/uploads\/2024\/02\/325D5FDD-819D-4142-9D3B-6615482DC61C.jpeg\" \/>\n\t<meta property=\"og:image:width\" content=\"720\" \/>\n\t<meta property=\"og:image:height\" content=\"720\" \/>\n\t<meta property=\"og:image:type\" content=\"image\/jpeg\" \/>\n<meta name=\"twitter:card\" content=\"summary_large_image\" \/>\n<script type=\"application\/ld+json\" class=\"yoast-schema-graph\">{\"@context\":\"https:\\\/\\\/schema.org\",\"@graph\":[{\"@type\":[\"WebPage\",\"ItemPage\"],\"@id\":\"https:\\\/\\\/astrologelvan.com\\\/magaza\\\/urun\\\/91119919111-925-ayar-gumus-charm-aura-dengeleyici-sayi-sekansi\\\/\",\"url\":\"https:\\\/\\\/astrologelvan.com\\\/magaza\\\/urun\\\/91119919111-925-ayar-gumus-charm-aura-dengeleyici-sayi-sekansi\\\/\",\"name\":\"91119919111 - 925 ayar G\u00fcm\u00fc\u015f Charm (Aura Dengeleyici Say\u0131 Sekans\u0131\",\"isPartOf\":{\"@id\":\"https:\\\/\\\/astrologelvan.com\\\/magaza\\\/#website\"},\"primaryImageOfPage\":{\"@id\":\"https:\\\/\\\/astrologelvan.com\\\/magaza\\\/urun\\\/91119919111-925-ayar-gumus-charm-aura-dengeleyici-sayi-sekansi\\\/#primaryimage\"},\"image\":{\"@id\":\"https:\\\/\\\/astrologelvan.com\\\/magaza\\\/urun\\\/91119919111-925-ayar-gumus-charm-aura-dengeleyici-sayi-sekansi\\\/#primaryimage\"},\"thumbnailUrl\":\"https:\\\/\\\/astrologelvan.com\\\/magaza\\\/wp-content\\\/uploads\\\/2024\\\/02\\\/325D5FDD-819D-4142-9D3B-6615482DC61C.jpeg\",\"datePublished\":\"2024-02-27T23:32:11+00:00\",\"dateModified\":\"2025-10-06T05:14:55+00:00\",\"description\":\"Dokuzbirbirbirdokuzdokuzbirdokuzbirbirbir diye okunur. Kolye ya da bilekliklerinize takabilirsiniz. Auran\u0131z dengede olmad\u0131\u011f\u0131nda kendinizi yorgun, sinirli, \u00f6fkeli, mutsuz hissedebilirsiniz. T\u00fcm bu duygular, auray\u0131 d\u00fczenli dengeledi\u011finizde yok olur. G\u00fcn i\u00e7erisinde tekrarlaman\u0131z tavsiye edilir.\",\"breadcrumb\":{\"@id\":\"https:\\\/\\\/astrologelvan.com\\\/magaza\\\/urun\\\/91119919111-925-ayar-gumus-charm-aura-dengeleyici-sayi-sekansi\\\/#breadcrumb\"},\"inLanguage\":\"tr\",\"potentialAction\":[{\"@type\":\"ReadAction\",\"target\":[\"https:\\\/\\\/astrologelvan.com\\\/magaza\\\/urun\\\/91119919111-925-ayar-gumus-charm-aura-dengeleyici-sayi-sekansi\\\/\"]}]},{\"@type\":\"ImageObject\",\"inLanguage\":\"tr\",\"@id\":\"https:\\\/\\\/astrologelvan.com\\\/magaza\\\/urun\\\/91119919111-925-ayar-gumus-charm-aura-dengeleyici-sayi-sekansi\\\/#primaryimage\",\"url\":\"https:\\\/\\\/astrologelvan.com\\\/magaza\\\/wp-content\\\/uploads\\\/2024\\\/02\\\/325D5FDD-819D-4142-9D3B-6615482DC61C.jpeg\",\"contentUrl\":\"https:\\\/\\\/astrologelvan.com\\\/magaza\\\/wp-content\\\/uploads\\\/2024\\\/02\\\/325D5FDD-819D-4142-9D3B-6615482DC61C.jpeg\",\"width\":720,\"height\":720},{\"@type\":\"BreadcrumbList\",\"@id\":\"https:\\\/\\\/astrologelvan.com\\\/magaza\\\/urun\\\/91119919111-925-ayar-gumus-charm-aura-dengeleyici-sayi-sekansi\\\/#breadcrumb\",\"itemListElement\":[{\"@type\":\"ListItem\",\"position\":1,\"name\":\"Anasayfa\",\"item\":\"https:\\\/\\\/astrologelvan.com\\\/magaza\\\/\"},{\"@type\":\"ListItem\",\"position\":2,\"name\":\"Ma\u011faza\",\"item\":\"https:\\\/\\\/astrologelvan.com\\\/magaza\\\/magaza\\\/\"},{\"@type\":\"ListItem\",\"position\":3,\"name\":\"91119919111 &#8211; 925 AYAR G\u00dcM\u00dc\u015e CHARM (AURA DENGELEY\u0130C\u0130 SAYI SEKANSI)\"}]},{\"@type\":\"WebSite\",\"@id\":\"https:\\\/\\\/astrologelvan.com\\\/magaza\\\/#website\",\"url\":\"https:\\\/\\\/astrologelvan.com\\\/magaza\\\/\",\"name\":\"Astrolog Elvan\",\"description\":\"\",\"potentialAction\":[{\"@type\":\"SearchAction\",\"target\":{\"@type\":\"EntryPoint\",\"urlTemplate\":\"https:\\\/\\\/astrologelvan.com\\\/magaza\\\/?s={search_term_string}\"},\"query-input\":{\"@type\":\"PropertyValueSpecification\",\"valueRequired\":true,\"valueName\":\"search_term_string\"}}],\"inLanguage\":\"tr\"}]}<\/script>\n<!-- \/ Yoast SEO plugin. -->","yoast_head_json":{"title":"91119919111 - 925 ayar G\u00fcm\u00fc\u015f Charm (Aura Dengeleyici Say\u0131 Sekans\u0131","description":"Dokuzbirbirbirdokuzdokuzbirdokuzbirbirbir diye okunur. Kolye ya da bilekliklerinize takabilirsiniz. Auran\u0131z dengede olmad\u0131\u011f\u0131nda kendinizi yorgun, sinirli, \u00f6fkeli, mutsuz hissedebilirsiniz. T\u00fcm bu duygular, auray\u0131 d\u00fczenli dengeledi\u011finizde yok olur. G\u00fcn i\u00e7erisinde tekrarlaman\u0131z tavsiye edilir.","robots":{"index":"index","follow":"follow","max-snippet":"max-snippet:-1","max-image-preview":"max-image-preview:large","max-video-preview":"max-video-preview:-1"},"canonical":"https:\/\/astrologelvan.com\/magaza\/urun\/91119919111-925-ayar-gumus-charm-aura-dengeleyici-sayi-sekansi\/","og_locale":"tr_TR","og_type":"article","og_title":"91119919111 - 925 ayar G\u00fcm\u00fc\u015f Charm (Aura Dengeleyici Say\u0131 Sekans\u0131","og_description":"Dokuzbirbirbirdokuzdokuzbirdokuzbirbirbir diye okunur. Kolye ya da bilekliklerinize takabilirsiniz. Auran\u0131z dengede olmad\u0131\u011f\u0131nda kendinizi yorgun, sinirli, \u00f6fkeli, mutsuz hissedebilirsiniz. T\u00fcm bu duygular, auray\u0131 d\u00fczenli dengeledi\u011finizde yok olur. G\u00fcn i\u00e7erisinde tekrarlaman\u0131z tavsiye edilir.","og_url":"https:\/\/astrologelvan.com\/magaza\/urun\/91119919111-925-ayar-gumus-charm-aura-dengeleyici-sayi-sekansi\/","og_site_name":"Astrolog Elvan","article_modified_time":"2025-10-06T05:14:55+00:00","og_image":[{"width":720,"height":720,"url":"https:\/\/astrologelvan.com\/magaza\/wp-content\/uploads\/2024\/02\/325D5FDD-819D-4142-9D3B-6615482DC61C.jpeg","type":"image\/jpeg"}],"twitter_card":"summary_large_image","schema":{"@context":"https:\/\/schema.org","@graph":[{"@type":["WebPage","ItemPage"],"@id":"https:\/\/astrologelvan.com\/magaza\/urun\/91119919111-925-ayar-gumus-charm-aura-dengeleyici-sayi-sekansi\/","url":"https:\/\/astrologelvan.com\/magaza\/urun\/91119919111-925-ayar-gumus-charm-aura-dengeleyici-sayi-sekansi\/","name":"91119919111 - 925 ayar G\u00fcm\u00fc\u015f Charm (Aura Dengeleyici Say\u0131 Sekans\u0131","isPartOf":{"@id":"https:\/\/astrologelvan.com\/magaza\/#website"},"primaryImageOfPage":{"@id":"https:\/\/astrologelvan.com\/magaza\/urun\/91119919111-925-ayar-gumus-charm-aura-dengeleyici-sayi-sekansi\/#primaryimage"},"image":{"@id":"https:\/\/astrologelvan.com\/magaza\/urun\/91119919111-925-ayar-gumus-charm-aura-dengeleyici-sayi-sekansi\/#primaryimage"},"thumbnailUrl":"https:\/\/astrologelvan.com\/magaza\/wp-content\/uploads\/2024\/02\/325D5FDD-819D-4142-9D3B-6615482DC61C.jpeg","datePublished":"2024-02-27T23:32:11+00:00","dateModified":"2025-10-06T05:14:55+00:00","description":"Dokuzbirbirbirdokuzdokuzbirdokuzbirbirbir diye okunur. Kolye ya da bilekliklerinize takabilirsiniz. Auran\u0131z dengede olmad\u0131\u011f\u0131nda kendinizi yorgun, sinirli, \u00f6fkeli, mutsuz hissedebilirsiniz. T\u00fcm bu duygular, auray\u0131 d\u00fczenli dengeledi\u011finizde yok olur. G\u00fcn i\u00e7erisinde tekrarlaman\u0131z tavsiye edilir.","breadcrumb":{"@id":"https:\/\/astrologelvan.com\/magaza\/urun\/91119919111-925-ayar-gumus-charm-aura-dengeleyici-sayi-sekansi\/#breadcrumb"},"inLanguage":"tr","potentialAction":[{"@type":"ReadAction","target":["https:\/\/astrologelvan.com\/magaza\/urun\/91119919111-925-ayar-gumus-charm-aura-dengeleyici-sayi-sekansi\/"]}]},{"@type":"ImageObject","inLanguage":"tr","@id":"https:\/\/astrologelvan.com\/magaza\/urun\/91119919111-925-ayar-gumus-charm-aura-dengeleyici-sayi-sekansi\/#primaryimage","url":"https:\/\/astrologelvan.com\/magaza\/wp-content\/uploads\/2024\/02\/325D5FDD-819D-4142-9D3B-6615482DC61C.jpeg","contentUrl":"https:\/\/astrologelvan.com\/magaza\/wp-content\/uploads\/2024\/02\/325D5FDD-819D-4142-9D3B-6615482DC61C.jpeg","width":720,"height":720},{"@type":"BreadcrumbList","@id":"https:\/\/astrologelvan.com\/magaza\/urun\/91119919111-925-ayar-gumus-charm-aura-dengeleyici-sayi-sekansi\/#breadcrumb","itemListElement":[{"@type":"ListItem","position":1,"name":"Anasayfa","item":"https:\/\/astrologelvan.com\/magaza\/"},{"@type":"ListItem","position":2,"name":"Ma\u011faza","item":"https:\/\/astrologelvan.com\/magaza\/magaza\/"},{"@type":"ListItem","position":3,"name":"91119919111 &#8211; 925 AYAR G\u00dcM\u00dc\u015e CHARM (AURA DENGELEY\u0130C\u0130 SAYI SEKANSI)"}]},{"@type":"WebSite","@id":"https:\/\/astrologelvan.com\/magaza\/#website","url":"https:\/\/astrologelvan.com\/magaza\/","name":"Astrolog Elvan","description":"","potentialAction":[{"@type":"SearchAction","target":{"@type":"EntryPoint","urlTemplate":"https:\/\/astrologelvan.com\/magaza\/?s={search_term_string}"},"query-input":{"@type":"PropertyValueSpecification","valueRequired":true,"valueName":"search_term_string"}}],"inLanguage":"tr"}]}},"_links":{"self":[{"href":"https:\/\/astrologelvan.com\/magaza\/wp-json\/wp\/v2\/product\/557","targetHints":{"allow":["GET"]}}],"collection":[{"href":"https:\/\/astrologelvan.com\/magaza\/wp-json\/wp\/v2\/product"}],"about":[{"href":"https:\/\/astrologelvan.com\/magaza\/wp-json\/wp\/v2\/types\/product"}],"replies":[{"embeddable":true,"href":"https:\/\/astrologelvan.com\/magaza\/wp-json\/wp\/v2\/comments?post=557"}],"wp:featuredmedia":[{"embeddable":true,"href":"https:\/\/astrologelvan.com\/magaza\/wp-json\/wp\/v2\/media\/619"}],"wp:attachment":[{"href":"https:\/\/astrologelvan.com\/magaza\/wp-json\/wp\/v2\/media?parent=557"}],"wp:term":[{"taxonomy":"product_brand","embeddable":true,"href":"https:\/\/astrologelvan.com\/magaza\/wp-json\/wp\/v2\/product_brand?post=557"},{"taxonomy":"product_cat","embeddable":true,"href":"https:\/\/astrologelvan.com\/magaza\/wp-json\/wp\/v2\/product_cat?post=557"},{"taxonomy":"product_tag","embeddable":true,"href":"https:\/\/astrologelvan.com\/magaza\/wp-json\/wp\/v2\/product_tag?post=557"}],"curies":[{"name":"wp","href":"https:\/\/api.w.org\/{rel}","templated":true}]}}