{"id":551,"date":"2024-02-28T02:31:45","date_gmt":"2024-02-27T23:31:45","guid":{"rendered":"https:\/\/astrologelvan.shop\/?post_type=product&#038;p=551"},"modified":"2026-02-05T17:02:19","modified_gmt":"2026-02-05T14:02:19","slug":"91688-925-ayar-gumus-charm-engelleri-blokajlari-kaldirma-sekansi","status":"publish","type":"product","link":"https:\/\/astrologelvan.com\/magaza\/urun\/91688-925-ayar-gumus-charm-engelleri-blokajlari-kaldirma-sekansi\/","title":{"rendered":"91688 &#8211; 925 AYAR G\u00dcM\u00dc\u015e CHARM (ENGELLER\u0130 \/ BLOKAJLARI KALDIRMA SEKANSI)"},"content":{"rendered":"","protected":false},"excerpt":{"rendered":"<div>\n<div>Dokuzbiralt\u0131sekizsekizsekiz\u00a0diye okunur.<b>\u00a0<\/b>Kolye ya da bilekliklerinize takabilirsiniz. T\u00fcm sekanslar\u0131 takarken birlikte kullanman\u0131z etkiyi artt\u0131r\u0131r. Bir i\u015fe\u00a0 ba\u015flarken \u00f6n\u00fcndeki engelleri kald\u0131rmak i\u00e7in kullanabilirsiniz. Olduk\u00e7a etkili bir sekanst\u0131r.<\/div>\n<div><\/div>\n<\/div>\n","protected":false},"featured_media":612,"comment_status":"open","ping_status":"closed","template":"","meta":[],"product_brand":[],"product_cat":[370],"product_tag":[371,39,372],"class_list":{"0":"post-551","1":"product","2":"type-product","3":"status-publish","4":"has-post-thumbnail","6":"product_cat-charmlar","7":"product_tag-925-ayar","8":"product_tag-astrolog-elvan","9":"product_tag-charm","11":"first","12":"instock","13":"purchasable","14":"product-type-simple"},"yoast_head":"<!-- This site is optimized with the Yoast SEO plugin v27.3 - https:\/\/yoast.com\/product\/yoast-seo-wordpress\/ -->\n<title>91688 - 925 ayar G\u00fcm\u00fc\u015f Charm (Engelleri \/ Blokajlar\u0131 Kald\u0131rma Sekans\u0131)<\/title>\n<meta name=\"description\" content=\"Dokuzbiralt\u0131sekizsekizsekiz diye okunur. Kolye ya da bilekliklerinize takabilirsiniz. T\u00fcm sekanslar\u0131 takarken birlikte kullanman\u0131z etkiyi artt\u0131r\u0131r. Bir i\u015fe ba\u015flarken \u00f6n\u00fcndeki engelleri kald\u0131rmak i\u00e7in kullanabilirsiniz. Olduk\u00e7a etkili bir sekanst\u0131r.\" \/>\n<meta name=\"robots\" content=\"index, follow, max-snippet:-1, max-image-preview:large, max-video-preview:-1\" \/>\n<link rel=\"canonical\" href=\"https:\/\/astrologelvan.com\/magaza\/urun\/91688-925-ayar-gumus-charm-engelleri-blokajlari-kaldirma-sekansi\/\" \/>\n<meta property=\"og:locale\" content=\"tr_TR\" \/>\n<meta property=\"og:type\" content=\"article\" \/>\n<meta property=\"og:title\" content=\"91688 - 925 ayar G\u00fcm\u00fc\u015f Charm (Engelleri \/ Blokajlar\u0131 Kald\u0131rma Sekans\u0131)\" \/>\n<meta property=\"og:description\" content=\"Dokuzbiralt\u0131sekizsekizsekiz diye okunur. Kolye ya da bilekliklerinize takabilirsiniz. T\u00fcm sekanslar\u0131 takarken birlikte kullanman\u0131z etkiyi artt\u0131r\u0131r. Bir i\u015fe ba\u015flarken \u00f6n\u00fcndeki engelleri kald\u0131rmak i\u00e7in kullanabilirsiniz. Olduk\u00e7a etkili bir sekanst\u0131r.\" \/>\n<meta property=\"og:url\" content=\"https:\/\/astrologelvan.com\/magaza\/urun\/91688-925-ayar-gumus-charm-engelleri-blokajlari-kaldirma-sekansi\/\" \/>\n<meta property=\"og:site_name\" content=\"Astrolog Elvan\" \/>\n<meta property=\"article:modified_time\" content=\"2026-02-05T14:02:19+00:00\" \/>\n<meta property=\"og:image\" content=\"https:\/\/astrologelvan.com\/magaza\/wp-content\/uploads\/2024\/02\/03858764-B422-418E-91F2-7560BE586621.jpeg\" \/>\n\t<meta property=\"og:image:width\" content=\"720\" \/>\n\t<meta property=\"og:image:height\" content=\"720\" \/>\n\t<meta property=\"og:image:type\" content=\"image\/jpeg\" \/>\n<meta name=\"twitter:card\" content=\"summary_large_image\" \/>\n<meta name=\"twitter:label1\" content=\"Tahmini okuma s\u00fcresi\" \/>\n\t<meta name=\"twitter:data1\" content=\"1 dakika\" \/>\n<script type=\"application\/ld+json\" class=\"yoast-schema-graph\">{\"@context\":\"https:\\\/\\\/schema.org\",\"@graph\":[{\"@type\":[\"WebPage\",\"ItemPage\"],\"@id\":\"https:\\\/\\\/astrologelvan.com\\\/magaza\\\/urun\\\/91688-925-ayar-gumus-charm-engelleri-blokajlari-kaldirma-sekansi\\\/\",\"url\":\"https:\\\/\\\/astrologelvan.com\\\/magaza\\\/urun\\\/91688-925-ayar-gumus-charm-engelleri-blokajlari-kaldirma-sekansi\\\/\",\"name\":\"91688 - 925 ayar G\u00fcm\u00fc\u015f Charm (Engelleri \\\/ Blokajlar\u0131 Kald\u0131rma Sekans\u0131)\",\"isPartOf\":{\"@id\":\"https:\\\/\\\/astrologelvan.com\\\/magaza\\\/#website\"},\"primaryImageOfPage\":{\"@id\":\"https:\\\/\\\/astrologelvan.com\\\/magaza\\\/urun\\\/91688-925-ayar-gumus-charm-engelleri-blokajlari-kaldirma-sekansi\\\/#primaryimage\"},\"image\":{\"@id\":\"https:\\\/\\\/astrologelvan.com\\\/magaza\\\/urun\\\/91688-925-ayar-gumus-charm-engelleri-blokajlari-kaldirma-sekansi\\\/#primaryimage\"},\"thumbnailUrl\":\"https:\\\/\\\/astrologelvan.com\\\/magaza\\\/wp-content\\\/uploads\\\/2024\\\/02\\\/03858764-B422-418E-91F2-7560BE586621.jpeg\",\"datePublished\":\"2024-02-27T23:31:45+00:00\",\"dateModified\":\"2026-02-05T14:02:19+00:00\",\"description\":\"Dokuzbiralt\u0131sekizsekizsekiz diye okunur. Kolye ya da bilekliklerinize takabilirsiniz. T\u00fcm sekanslar\u0131 takarken birlikte kullanman\u0131z etkiyi artt\u0131r\u0131r. Bir i\u015fe ba\u015flarken \u00f6n\u00fcndeki engelleri kald\u0131rmak i\u00e7in kullanabilirsiniz. Olduk\u00e7a etkili bir sekanst\u0131r.\",\"breadcrumb\":{\"@id\":\"https:\\\/\\\/astrologelvan.com\\\/magaza\\\/urun\\\/91688-925-ayar-gumus-charm-engelleri-blokajlari-kaldirma-sekansi\\\/#breadcrumb\"},\"inLanguage\":\"tr\",\"potentialAction\":[{\"@type\":\"ReadAction\",\"target\":[\"https:\\\/\\\/astrologelvan.com\\\/magaza\\\/urun\\\/91688-925-ayar-gumus-charm-engelleri-blokajlari-kaldirma-sekansi\\\/\"]}]},{\"@type\":\"ImageObject\",\"inLanguage\":\"tr\",\"@id\":\"https:\\\/\\\/astrologelvan.com\\\/magaza\\\/urun\\\/91688-925-ayar-gumus-charm-engelleri-blokajlari-kaldirma-sekansi\\\/#primaryimage\",\"url\":\"https:\\\/\\\/astrologelvan.com\\\/magaza\\\/wp-content\\\/uploads\\\/2024\\\/02\\\/03858764-B422-418E-91F2-7560BE586621.jpeg\",\"contentUrl\":\"https:\\\/\\\/astrologelvan.com\\\/magaza\\\/wp-content\\\/uploads\\\/2024\\\/02\\\/03858764-B422-418E-91F2-7560BE586621.jpeg\",\"width\":720,\"height\":720},{\"@type\":\"BreadcrumbList\",\"@id\":\"https:\\\/\\\/astrologelvan.com\\\/magaza\\\/urun\\\/91688-925-ayar-gumus-charm-engelleri-blokajlari-kaldirma-sekansi\\\/#breadcrumb\",\"itemListElement\":[{\"@type\":\"ListItem\",\"position\":1,\"name\":\"Anasayfa\",\"item\":\"https:\\\/\\\/astrologelvan.com\\\/magaza\\\/\"},{\"@type\":\"ListItem\",\"position\":2,\"name\":\"Ma\u011faza\",\"item\":\"https:\\\/\\\/astrologelvan.com\\\/magaza\\\/magaza\\\/\"},{\"@type\":\"ListItem\",\"position\":3,\"name\":\"91688 &#8211; 925 AYAR G\u00dcM\u00dc\u015e CHARM (ENGELLER\u0130 \\\/ BLOKAJLARI KALDIRMA SEKANSI)\"}]},{\"@type\":\"WebSite\",\"@id\":\"https:\\\/\\\/astrologelvan.com\\\/magaza\\\/#website\",\"url\":\"https:\\\/\\\/astrologelvan.com\\\/magaza\\\/\",\"name\":\"Astrolog Elvan\",\"description\":\"\",\"potentialAction\":[{\"@type\":\"SearchAction\",\"target\":{\"@type\":\"EntryPoint\",\"urlTemplate\":\"https:\\\/\\\/astrologelvan.com\\\/magaza\\\/?s={search_term_string}\"},\"query-input\":{\"@type\":\"PropertyValueSpecification\",\"valueRequired\":true,\"valueName\":\"search_term_string\"}}],\"inLanguage\":\"tr\"}]}<\/script>\n<!-- \/ Yoast SEO plugin. -->","yoast_head_json":{"title":"91688 - 925 ayar G\u00fcm\u00fc\u015f Charm (Engelleri \/ Blokajlar\u0131 Kald\u0131rma Sekans\u0131)","description":"Dokuzbiralt\u0131sekizsekizsekiz diye okunur. Kolye ya da bilekliklerinize takabilirsiniz. T\u00fcm sekanslar\u0131 takarken birlikte kullanman\u0131z etkiyi artt\u0131r\u0131r. Bir i\u015fe ba\u015flarken \u00f6n\u00fcndeki engelleri kald\u0131rmak i\u00e7in kullanabilirsiniz. Olduk\u00e7a etkili bir sekanst\u0131r.","robots":{"index":"index","follow":"follow","max-snippet":"max-snippet:-1","max-image-preview":"max-image-preview:large","max-video-preview":"max-video-preview:-1"},"canonical":"https:\/\/astrologelvan.com\/magaza\/urun\/91688-925-ayar-gumus-charm-engelleri-blokajlari-kaldirma-sekansi\/","og_locale":"tr_TR","og_type":"article","og_title":"91688 - 925 ayar G\u00fcm\u00fc\u015f Charm (Engelleri \/ Blokajlar\u0131 Kald\u0131rma Sekans\u0131)","og_description":"Dokuzbiralt\u0131sekizsekizsekiz diye okunur. Kolye ya da bilekliklerinize takabilirsiniz. T\u00fcm sekanslar\u0131 takarken birlikte kullanman\u0131z etkiyi artt\u0131r\u0131r. Bir i\u015fe ba\u015flarken \u00f6n\u00fcndeki engelleri kald\u0131rmak i\u00e7in kullanabilirsiniz. Olduk\u00e7a etkili bir sekanst\u0131r.","og_url":"https:\/\/astrologelvan.com\/magaza\/urun\/91688-925-ayar-gumus-charm-engelleri-blokajlari-kaldirma-sekansi\/","og_site_name":"Astrolog Elvan","article_modified_time":"2026-02-05T14:02:19+00:00","og_image":[{"width":720,"height":720,"url":"https:\/\/astrologelvan.com\/magaza\/wp-content\/uploads\/2024\/02\/03858764-B422-418E-91F2-7560BE586621.jpeg","type":"image\/jpeg"}],"twitter_card":"summary_large_image","twitter_misc":{"Tahmini okuma s\u00fcresi":"1 dakika"},"schema":{"@context":"https:\/\/schema.org","@graph":[{"@type":["WebPage","ItemPage"],"@id":"https:\/\/astrologelvan.com\/magaza\/urun\/91688-925-ayar-gumus-charm-engelleri-blokajlari-kaldirma-sekansi\/","url":"https:\/\/astrologelvan.com\/magaza\/urun\/91688-925-ayar-gumus-charm-engelleri-blokajlari-kaldirma-sekansi\/","name":"91688 - 925 ayar G\u00fcm\u00fc\u015f Charm (Engelleri \/ Blokajlar\u0131 Kald\u0131rma Sekans\u0131)","isPartOf":{"@id":"https:\/\/astrologelvan.com\/magaza\/#website"},"primaryImageOfPage":{"@id":"https:\/\/astrologelvan.com\/magaza\/urun\/91688-925-ayar-gumus-charm-engelleri-blokajlari-kaldirma-sekansi\/#primaryimage"},"image":{"@id":"https:\/\/astrologelvan.com\/magaza\/urun\/91688-925-ayar-gumus-charm-engelleri-blokajlari-kaldirma-sekansi\/#primaryimage"},"thumbnailUrl":"https:\/\/astrologelvan.com\/magaza\/wp-content\/uploads\/2024\/02\/03858764-B422-418E-91F2-7560BE586621.jpeg","datePublished":"2024-02-27T23:31:45+00:00","dateModified":"2026-02-05T14:02:19+00:00","description":"Dokuzbiralt\u0131sekizsekizsekiz diye okunur. Kolye ya da bilekliklerinize takabilirsiniz. T\u00fcm sekanslar\u0131 takarken birlikte kullanman\u0131z etkiyi artt\u0131r\u0131r. Bir i\u015fe ba\u015flarken \u00f6n\u00fcndeki engelleri kald\u0131rmak i\u00e7in kullanabilirsiniz. Olduk\u00e7a etkili bir sekanst\u0131r.","breadcrumb":{"@id":"https:\/\/astrologelvan.com\/magaza\/urun\/91688-925-ayar-gumus-charm-engelleri-blokajlari-kaldirma-sekansi\/#breadcrumb"},"inLanguage":"tr","potentialAction":[{"@type":"ReadAction","target":["https:\/\/astrologelvan.com\/magaza\/urun\/91688-925-ayar-gumus-charm-engelleri-blokajlari-kaldirma-sekansi\/"]}]},{"@type":"ImageObject","inLanguage":"tr","@id":"https:\/\/astrologelvan.com\/magaza\/urun\/91688-925-ayar-gumus-charm-engelleri-blokajlari-kaldirma-sekansi\/#primaryimage","url":"https:\/\/astrologelvan.com\/magaza\/wp-content\/uploads\/2024\/02\/03858764-B422-418E-91F2-7560BE586621.jpeg","contentUrl":"https:\/\/astrologelvan.com\/magaza\/wp-content\/uploads\/2024\/02\/03858764-B422-418E-91F2-7560BE586621.jpeg","width":720,"height":720},{"@type":"BreadcrumbList","@id":"https:\/\/astrologelvan.com\/magaza\/urun\/91688-925-ayar-gumus-charm-engelleri-blokajlari-kaldirma-sekansi\/#breadcrumb","itemListElement":[{"@type":"ListItem","position":1,"name":"Anasayfa","item":"https:\/\/astrologelvan.com\/magaza\/"},{"@type":"ListItem","position":2,"name":"Ma\u011faza","item":"https:\/\/astrologelvan.com\/magaza\/magaza\/"},{"@type":"ListItem","position":3,"name":"91688 &#8211; 925 AYAR G\u00dcM\u00dc\u015e CHARM (ENGELLER\u0130 \/ BLOKAJLARI KALDIRMA SEKANSI)"}]},{"@type":"WebSite","@id":"https:\/\/astrologelvan.com\/magaza\/#website","url":"https:\/\/astrologelvan.com\/magaza\/","name":"Astrolog Elvan","description":"","potentialAction":[{"@type":"SearchAction","target":{"@type":"EntryPoint","urlTemplate":"https:\/\/astrologelvan.com\/magaza\/?s={search_term_string}"},"query-input":{"@type":"PropertyValueSpecification","valueRequired":true,"valueName":"search_term_string"}}],"inLanguage":"tr"}]}},"_links":{"self":[{"href":"https:\/\/astrologelvan.com\/magaza\/wp-json\/wp\/v2\/product\/551","targetHints":{"allow":["GET"]}}],"collection":[{"href":"https:\/\/astrologelvan.com\/magaza\/wp-json\/wp\/v2\/product"}],"about":[{"href":"https:\/\/astrologelvan.com\/magaza\/wp-json\/wp\/v2\/types\/product"}],"replies":[{"embeddable":true,"href":"https:\/\/astrologelvan.com\/magaza\/wp-json\/wp\/v2\/comments?post=551"}],"wp:featuredmedia":[{"embeddable":true,"href":"https:\/\/astrologelvan.com\/magaza\/wp-json\/wp\/v2\/media\/612"}],"wp:attachment":[{"href":"https:\/\/astrologelvan.com\/magaza\/wp-json\/wp\/v2\/media?parent=551"}],"wp:term":[{"taxonomy":"product_brand","embeddable":true,"href":"https:\/\/astrologelvan.com\/magaza\/wp-json\/wp\/v2\/product_brand?post=551"},{"taxonomy":"product_cat","embeddable":true,"href":"https:\/\/astrologelvan.com\/magaza\/wp-json\/wp\/v2\/product_cat?post=551"},{"taxonomy":"product_tag","embeddable":true,"href":"https:\/\/astrologelvan.com\/magaza\/wp-json\/wp\/v2\/product_tag?post=551"}],"curies":[{"name":"wp","href":"https:\/\/api.w.org\/{rel}","templated":true}]}}