{"id":545,"date":"2024-02-28T02:31:19","date_gmt":"2024-02-27T23:31:19","guid":{"rendered":"https:\/\/astrologelvan.shop\/?post_type=product&#038;p=545"},"modified":"2026-02-25T23:19:22","modified_gmt":"2026-02-25T20:19:22","slug":"741-925-ayar-gumus-charm-iyilestirmeyi-hizlandirma-sekansi","status":"publish","type":"product","link":"https:\/\/astrologelvan.com\/magaza\/urun\/741-925-ayar-gumus-charm-iyilestirmeyi-hizlandirma-sekansi\/","title":{"rendered":"741  &#8211; 925 AYAR G\u00dcM\u00dc\u015e CHARM &#8211; (\u0130Y\u0130LE\u015eT\u0130RMEY\u0130 HIZLANDIRMA SEKANSI)"},"content":{"rendered":"","protected":false},"excerpt":{"rendered":"<div>\n<div>Yedid\u00f6rtbir\u00a0diye okunur. Kolye ya da bilekliklerinize takabilirsiniz. Herhangi bir rahats\u0131zl\u0131k durumunda iyile\u015ftirmeyi h\u0131zland\u0131rmas\u0131\u00a0i\u00e7in okunur.<\/div>\n<div>Not: Tedavi yerine ge\u00e7mez.<\/div>\n<\/div>\n","protected":false},"featured_media":605,"comment_status":"open","ping_status":"closed","template":"","meta":[],"product_brand":[],"product_cat":[370,261],"product_tag":[371,39,372],"class_list":{"0":"post-545","1":"product","2":"type-product","3":"status-publish","4":"has-post-thumbnail","6":"product_cat-charmlar","7":"product_cat-sayi-sekansli-dogal-taslar","8":"product_tag-925-ayar","9":"product_tag-astrolog-elvan","10":"product_tag-charm","12":"first","13":"instock","14":"purchasable","15":"product-type-simple"},"yoast_head":"<!-- This site is optimized with the Yoast SEO plugin v27.3 - https:\/\/yoast.com\/product\/yoast-seo-wordpress\/ -->\n<title>741 - 925 ayar G\u00fcm\u00fc\u015f Charm - (\u0130yile\u015ftirmeyi H\u0131zland\u0131rma Sekans\u0131)<\/title>\n<meta name=\"description\" content=\"Yedid\u00f6rtbir diye okunur. Kolye ya da bilekliklerinize takabilirsiniz. Herhangi bir rahats\u0131zl\u0131k durumunda iyile\u015ftirmeyi h\u0131zland\u0131rmas\u0131 i\u00e7in okunur. Not: Tedavi yerine ge\u00e7mez.\" \/>\n<meta name=\"robots\" content=\"index, follow, max-snippet:-1, max-image-preview:large, max-video-preview:-1\" \/>\n<link rel=\"canonical\" href=\"https:\/\/astrologelvan.com\/magaza\/urun\/741-925-ayar-gumus-charm-iyilestirmeyi-hizlandirma-sekansi\/\" \/>\n<meta property=\"og:locale\" content=\"tr_TR\" \/>\n<meta property=\"og:type\" content=\"article\" \/>\n<meta property=\"og:title\" content=\"741 - 925 ayar G\u00fcm\u00fc\u015f Charm - (\u0130yile\u015ftirmeyi H\u0131zland\u0131rma Sekans\u0131)\" \/>\n<meta property=\"og:description\" content=\"Yedid\u00f6rtbir diye okunur. Kolye ya da bilekliklerinize takabilirsiniz. Herhangi bir rahats\u0131zl\u0131k durumunda iyile\u015ftirmeyi h\u0131zland\u0131rmas\u0131 i\u00e7in okunur. Not: Tedavi yerine ge\u00e7mez.\" \/>\n<meta property=\"og:url\" content=\"https:\/\/astrologelvan.com\/magaza\/urun\/741-925-ayar-gumus-charm-iyilestirmeyi-hizlandirma-sekansi\/\" \/>\n<meta property=\"og:site_name\" content=\"Astrolog Elvan\" \/>\n<meta property=\"article:modified_time\" content=\"2026-02-25T20:19:22+00:00\" \/>\n<meta property=\"og:image\" content=\"https:\/\/astrologelvan.com\/magaza\/wp-content\/uploads\/2024\/02\/48AD79E7-DABA-4783-B85F-8EC9DC438FF2.jpeg\" \/>\n\t<meta property=\"og:image:width\" content=\"720\" \/>\n\t<meta property=\"og:image:height\" content=\"720\" \/>\n\t<meta property=\"og:image:type\" content=\"image\/jpeg\" \/>\n<meta name=\"twitter:card\" content=\"summary_large_image\" \/>\n<meta name=\"twitter:label1\" content=\"Tahmini okuma s\u00fcresi\" \/>\n\t<meta name=\"twitter:data1\" content=\"1 dakika\" \/>\n<script type=\"application\/ld+json\" class=\"yoast-schema-graph\">{\"@context\":\"https:\\\/\\\/schema.org\",\"@graph\":[{\"@type\":[\"WebPage\",\"ItemPage\"],\"@id\":\"https:\\\/\\\/astrologelvan.com\\\/magaza\\\/urun\\\/741-925-ayar-gumus-charm-iyilestirmeyi-hizlandirma-sekansi\\\/\",\"url\":\"https:\\\/\\\/astrologelvan.com\\\/magaza\\\/urun\\\/741-925-ayar-gumus-charm-iyilestirmeyi-hizlandirma-sekansi\\\/\",\"name\":\"741 - 925 ayar G\u00fcm\u00fc\u015f Charm - (\u0130yile\u015ftirmeyi H\u0131zland\u0131rma Sekans\u0131)\",\"isPartOf\":{\"@id\":\"https:\\\/\\\/astrologelvan.com\\\/magaza\\\/#website\"},\"primaryImageOfPage\":{\"@id\":\"https:\\\/\\\/astrologelvan.com\\\/magaza\\\/urun\\\/741-925-ayar-gumus-charm-iyilestirmeyi-hizlandirma-sekansi\\\/#primaryimage\"},\"image\":{\"@id\":\"https:\\\/\\\/astrologelvan.com\\\/magaza\\\/urun\\\/741-925-ayar-gumus-charm-iyilestirmeyi-hizlandirma-sekansi\\\/#primaryimage\"},\"thumbnailUrl\":\"https:\\\/\\\/astrologelvan.com\\\/magaza\\\/wp-content\\\/uploads\\\/2024\\\/02\\\/48AD79E7-DABA-4783-B85F-8EC9DC438FF2.jpeg\",\"datePublished\":\"2024-02-27T23:31:19+00:00\",\"dateModified\":\"2026-02-25T20:19:22+00:00\",\"description\":\"Yedid\u00f6rtbir diye okunur. Kolye ya da bilekliklerinize takabilirsiniz. Herhangi bir rahats\u0131zl\u0131k durumunda iyile\u015ftirmeyi h\u0131zland\u0131rmas\u0131 i\u00e7in okunur. Not: Tedavi yerine ge\u00e7mez.\",\"breadcrumb\":{\"@id\":\"https:\\\/\\\/astrologelvan.com\\\/magaza\\\/urun\\\/741-925-ayar-gumus-charm-iyilestirmeyi-hizlandirma-sekansi\\\/#breadcrumb\"},\"inLanguage\":\"tr\",\"potentialAction\":[{\"@type\":\"ReadAction\",\"target\":[\"https:\\\/\\\/astrologelvan.com\\\/magaza\\\/urun\\\/741-925-ayar-gumus-charm-iyilestirmeyi-hizlandirma-sekansi\\\/\"]}]},{\"@type\":\"ImageObject\",\"inLanguage\":\"tr\",\"@id\":\"https:\\\/\\\/astrologelvan.com\\\/magaza\\\/urun\\\/741-925-ayar-gumus-charm-iyilestirmeyi-hizlandirma-sekansi\\\/#primaryimage\",\"url\":\"https:\\\/\\\/astrologelvan.com\\\/magaza\\\/wp-content\\\/uploads\\\/2024\\\/02\\\/48AD79E7-DABA-4783-B85F-8EC9DC438FF2.jpeg\",\"contentUrl\":\"https:\\\/\\\/astrologelvan.com\\\/magaza\\\/wp-content\\\/uploads\\\/2024\\\/02\\\/48AD79E7-DABA-4783-B85F-8EC9DC438FF2.jpeg\",\"width\":720,\"height\":720},{\"@type\":\"BreadcrumbList\",\"@id\":\"https:\\\/\\\/astrologelvan.com\\\/magaza\\\/urun\\\/741-925-ayar-gumus-charm-iyilestirmeyi-hizlandirma-sekansi\\\/#breadcrumb\",\"itemListElement\":[{\"@type\":\"ListItem\",\"position\":1,\"name\":\"Anasayfa\",\"item\":\"https:\\\/\\\/astrologelvan.com\\\/magaza\\\/\"},{\"@type\":\"ListItem\",\"position\":2,\"name\":\"Ma\u011faza\",\"item\":\"https:\\\/\\\/astrologelvan.com\\\/magaza\\\/magaza\\\/\"},{\"@type\":\"ListItem\",\"position\":3,\"name\":\"741 &#8211; 925 AYAR G\u00dcM\u00dc\u015e CHARM &#8211; (\u0130Y\u0130LE\u015eT\u0130RMEY\u0130 HIZLANDIRMA SEKANSI)\"}]},{\"@type\":\"WebSite\",\"@id\":\"https:\\\/\\\/astrologelvan.com\\\/magaza\\\/#website\",\"url\":\"https:\\\/\\\/astrologelvan.com\\\/magaza\\\/\",\"name\":\"Astrolog Elvan\",\"description\":\"\",\"potentialAction\":[{\"@type\":\"SearchAction\",\"target\":{\"@type\":\"EntryPoint\",\"urlTemplate\":\"https:\\\/\\\/astrologelvan.com\\\/magaza\\\/?s={search_term_string}\"},\"query-input\":{\"@type\":\"PropertyValueSpecification\",\"valueRequired\":true,\"valueName\":\"search_term_string\"}}],\"inLanguage\":\"tr\"}]}<\/script>\n<!-- \/ Yoast SEO plugin. -->","yoast_head_json":{"title":"741 - 925 ayar G\u00fcm\u00fc\u015f Charm - (\u0130yile\u015ftirmeyi H\u0131zland\u0131rma Sekans\u0131)","description":"Yedid\u00f6rtbir diye okunur. Kolye ya da bilekliklerinize takabilirsiniz. Herhangi bir rahats\u0131zl\u0131k durumunda iyile\u015ftirmeyi h\u0131zland\u0131rmas\u0131 i\u00e7in okunur. Not: Tedavi yerine ge\u00e7mez.","robots":{"index":"index","follow":"follow","max-snippet":"max-snippet:-1","max-image-preview":"max-image-preview:large","max-video-preview":"max-video-preview:-1"},"canonical":"https:\/\/astrologelvan.com\/magaza\/urun\/741-925-ayar-gumus-charm-iyilestirmeyi-hizlandirma-sekansi\/","og_locale":"tr_TR","og_type":"article","og_title":"741 - 925 ayar G\u00fcm\u00fc\u015f Charm - (\u0130yile\u015ftirmeyi H\u0131zland\u0131rma Sekans\u0131)","og_description":"Yedid\u00f6rtbir diye okunur. Kolye ya da bilekliklerinize takabilirsiniz. Herhangi bir rahats\u0131zl\u0131k durumunda iyile\u015ftirmeyi h\u0131zland\u0131rmas\u0131 i\u00e7in okunur. Not: Tedavi yerine ge\u00e7mez.","og_url":"https:\/\/astrologelvan.com\/magaza\/urun\/741-925-ayar-gumus-charm-iyilestirmeyi-hizlandirma-sekansi\/","og_site_name":"Astrolog Elvan","article_modified_time":"2026-02-25T20:19:22+00:00","og_image":[{"width":720,"height":720,"url":"https:\/\/astrologelvan.com\/magaza\/wp-content\/uploads\/2024\/02\/48AD79E7-DABA-4783-B85F-8EC9DC438FF2.jpeg","type":"image\/jpeg"}],"twitter_card":"summary_large_image","twitter_misc":{"Tahmini okuma s\u00fcresi":"1 dakika"},"schema":{"@context":"https:\/\/schema.org","@graph":[{"@type":["WebPage","ItemPage"],"@id":"https:\/\/astrologelvan.com\/magaza\/urun\/741-925-ayar-gumus-charm-iyilestirmeyi-hizlandirma-sekansi\/","url":"https:\/\/astrologelvan.com\/magaza\/urun\/741-925-ayar-gumus-charm-iyilestirmeyi-hizlandirma-sekansi\/","name":"741 - 925 ayar G\u00fcm\u00fc\u015f Charm - (\u0130yile\u015ftirmeyi H\u0131zland\u0131rma Sekans\u0131)","isPartOf":{"@id":"https:\/\/astrologelvan.com\/magaza\/#website"},"primaryImageOfPage":{"@id":"https:\/\/astrologelvan.com\/magaza\/urun\/741-925-ayar-gumus-charm-iyilestirmeyi-hizlandirma-sekansi\/#primaryimage"},"image":{"@id":"https:\/\/astrologelvan.com\/magaza\/urun\/741-925-ayar-gumus-charm-iyilestirmeyi-hizlandirma-sekansi\/#primaryimage"},"thumbnailUrl":"https:\/\/astrologelvan.com\/magaza\/wp-content\/uploads\/2024\/02\/48AD79E7-DABA-4783-B85F-8EC9DC438FF2.jpeg","datePublished":"2024-02-27T23:31:19+00:00","dateModified":"2026-02-25T20:19:22+00:00","description":"Yedid\u00f6rtbir diye okunur. Kolye ya da bilekliklerinize takabilirsiniz. Herhangi bir rahats\u0131zl\u0131k durumunda iyile\u015ftirmeyi h\u0131zland\u0131rmas\u0131 i\u00e7in okunur. Not: Tedavi yerine ge\u00e7mez.","breadcrumb":{"@id":"https:\/\/astrologelvan.com\/magaza\/urun\/741-925-ayar-gumus-charm-iyilestirmeyi-hizlandirma-sekansi\/#breadcrumb"},"inLanguage":"tr","potentialAction":[{"@type":"ReadAction","target":["https:\/\/astrologelvan.com\/magaza\/urun\/741-925-ayar-gumus-charm-iyilestirmeyi-hizlandirma-sekansi\/"]}]},{"@type":"ImageObject","inLanguage":"tr","@id":"https:\/\/astrologelvan.com\/magaza\/urun\/741-925-ayar-gumus-charm-iyilestirmeyi-hizlandirma-sekansi\/#primaryimage","url":"https:\/\/astrologelvan.com\/magaza\/wp-content\/uploads\/2024\/02\/48AD79E7-DABA-4783-B85F-8EC9DC438FF2.jpeg","contentUrl":"https:\/\/astrologelvan.com\/magaza\/wp-content\/uploads\/2024\/02\/48AD79E7-DABA-4783-B85F-8EC9DC438FF2.jpeg","width":720,"height":720},{"@type":"BreadcrumbList","@id":"https:\/\/astrologelvan.com\/magaza\/urun\/741-925-ayar-gumus-charm-iyilestirmeyi-hizlandirma-sekansi\/#breadcrumb","itemListElement":[{"@type":"ListItem","position":1,"name":"Anasayfa","item":"https:\/\/astrologelvan.com\/magaza\/"},{"@type":"ListItem","position":2,"name":"Ma\u011faza","item":"https:\/\/astrologelvan.com\/magaza\/magaza\/"},{"@type":"ListItem","position":3,"name":"741 &#8211; 925 AYAR G\u00dcM\u00dc\u015e CHARM &#8211; (\u0130Y\u0130LE\u015eT\u0130RMEY\u0130 HIZLANDIRMA SEKANSI)"}]},{"@type":"WebSite","@id":"https:\/\/astrologelvan.com\/magaza\/#website","url":"https:\/\/astrologelvan.com\/magaza\/","name":"Astrolog Elvan","description":"","potentialAction":[{"@type":"SearchAction","target":{"@type":"EntryPoint","urlTemplate":"https:\/\/astrologelvan.com\/magaza\/?s={search_term_string}"},"query-input":{"@type":"PropertyValueSpecification","valueRequired":true,"valueName":"search_term_string"}}],"inLanguage":"tr"}]}},"_links":{"self":[{"href":"https:\/\/astrologelvan.com\/magaza\/wp-json\/wp\/v2\/product\/545","targetHints":{"allow":["GET"]}}],"collection":[{"href":"https:\/\/astrologelvan.com\/magaza\/wp-json\/wp\/v2\/product"}],"about":[{"href":"https:\/\/astrologelvan.com\/magaza\/wp-json\/wp\/v2\/types\/product"}],"replies":[{"embeddable":true,"href":"https:\/\/astrologelvan.com\/magaza\/wp-json\/wp\/v2\/comments?post=545"}],"wp:featuredmedia":[{"embeddable":true,"href":"https:\/\/astrologelvan.com\/magaza\/wp-json\/wp\/v2\/media\/605"}],"wp:attachment":[{"href":"https:\/\/astrologelvan.com\/magaza\/wp-json\/wp\/v2\/media?parent=545"}],"wp:term":[{"taxonomy":"product_brand","embeddable":true,"href":"https:\/\/astrologelvan.com\/magaza\/wp-json\/wp\/v2\/product_brand?post=545"},{"taxonomy":"product_cat","embeddable":true,"href":"https:\/\/astrologelvan.com\/magaza\/wp-json\/wp\/v2\/product_cat?post=545"},{"taxonomy":"product_tag","embeddable":true,"href":"https:\/\/astrologelvan.com\/magaza\/wp-json\/wp\/v2\/product_tag?post=545"}],"curies":[{"name":"wp","href":"https:\/\/api.w.org\/{rel}","templated":true}]}}