{"id":54163,"date":"2025-03-05T00:06:14","date_gmt":"2025-03-04T21:06:14","guid":{"rendered":"https:\/\/astrologelvan.com\/magaza\/?post_type=product&#038;p=54163"},"modified":"2025-10-06T08:15:44","modified_gmt":"2025-10-06T05:15:44","slug":"harikalar-ajandasi-2025-1","status":"publish","type":"product","link":"https:\/\/astrologelvan.com\/magaza\/urun\/harikalar-ajandasi-2025-1\/","title":{"rendered":"\ud83e\uddda\ud83c\udffd\u200d\u2642\ufe0f HAR\u0130KALAR AJANDASI 2025 &#8211; 10. BASKI"},"content":{"rendered":"","protected":false},"excerpt":{"rendered":"<p><strong>\u00dcr\u00fcn\u00fcn iadesi ve iptali yoktur.<\/strong><\/p>\n<p>Ger\u00e7ekte karanl\u0131k yoktur. Sadece \u0131\u015f\u0131k vard\u0131r.<br \/>\nI\u015f\u0131k yok oldu\u011funda ortaya \u00e7\u0131kan \u015feye insanlar karanl\u0131k demi\u015fler oysa biz ona \u0131\u015f\u0131ks\u0131zl\u0131k deriz.<br \/>\nFelaketler, ac\u0131lar asl\u0131nda kendimizin en harika versiyonuna ula\u015famad\u0131\u011f\u0131m\u0131zda ortaya \u00e7\u0131kan tan\u0131mlard\u0131r ve ger\u00e7ekte sadece \u2018harika\u2019 olan sen vars\u0131n!<\/p>\n<p>I\u015f\u0131\u011f\u0131n\u0131 kaybetmedi\u011fin s\u00fcrece de hep \u00f6yle kalacaks\u0131n.<br \/>\n2025 Harikalar Ajandas\u0131 i\u015fte bu d\u00fc\u015f\u00fcnceden yola \u00e7\u0131karak \u00f6zenle haz\u0131rland\u0131 ve \u015fimdi sihirli sayfalar\u0131yla hayat\u0131nda harikalar yaratmaya haz\u0131r!<\/p>\n<p>Kendinin en iyi versiyonuyla 2025\u2019de \u0131\u015f\u0131k sa\u00e7mak isteyen herkes <strong>ThetaHealing<\/strong> ile muhte\u015fem hisler y\u00fckl\u00fc bu ajanday\u0131 hemen als\u0131n! Unutma, karanl\u0131k yok art\u0131k sadece \u0131\u015f\u0131k var!<\/p>\n<p><strong>3986497851<br \/>\n54121381948<br \/>\n<\/strong><\/p>\n","protected":false},"featured_media":54167,"comment_status":"open","ping_status":"closed","template":"","meta":[],"product_brand":[],"product_cat":[388],"product_tag":[],"class_list":{"0":"post-54163","1":"product","2":"type-product","3":"status-publish","4":"has-post-thumbnail","6":"product_cat-astroloji-ajandasi","8":"first","9":"outofstock","10":"taxable","11":"shipping-taxable","12":"purchasable","13":"product-type-simple"},"yoast_head":"<!-- This site is optimized with the Yoast SEO plugin v27.3 - https:\/\/yoast.com\/product\/yoast-seo-wordpress\/ -->\n<title>\ud83e\uddda\ud83c\udffd\u200d\u2642\ufe0f HAR\u0130KALAR AJANDASI 2025 - 10. BASKI - Astrolog Elvan<\/title>\n<meta name=\"robots\" content=\"index, follow, max-snippet:-1, max-image-preview:large, max-video-preview:-1\" \/>\n<link rel=\"canonical\" href=\"https:\/\/astrologelvan.com\/magaza\/urun\/harikalar-ajandasi-2025-1\/\" \/>\n<meta property=\"og:locale\" content=\"tr_TR\" \/>\n<meta property=\"og:type\" content=\"article\" \/>\n<meta property=\"og:title\" content=\"\ud83e\uddda\ud83c\udffd\u200d\u2642\ufe0f HAR\u0130KALAR AJANDASI 2025 - 10. BASKI - Astrolog Elvan\" \/>\n<meta property=\"og:description\" content=\"\u00dcr\u00fcn\u00fcn iadesi ve iptali yoktur.  Ger\u00e7ekte karanl\u0131k yoktur. Sadece \u0131\u015f\u0131k vard\u0131r. I\u015f\u0131k yok oldu\u011funda ortaya \u00e7\u0131kan \u015feye insanlar karanl\u0131k demi\u015fler oysa biz ona \u0131\u015f\u0131ks\u0131zl\u0131k deriz. Felaketler, ac\u0131lar asl\u0131nda kendimizin en harika versiyonuna ula\u015famad\u0131\u011f\u0131m\u0131zda ortaya \u00e7\u0131kan tan\u0131mlard\u0131r ve ger\u00e7ekte sadece \u2018harika\u2019 olan sen vars\u0131n!  I\u015f\u0131\u011f\u0131n\u0131 kaybetmedi\u011fin s\u00fcrece de hep \u00f6yle kalacaks\u0131n. 2025 Harikalar Ajandas\u0131 i\u015fte bu d\u00fc\u015f\u00fcnceden yola \u00e7\u0131karak \u00f6zenle haz\u0131rland\u0131 ve \u015fimdi sihirli sayfalar\u0131yla hayat\u0131nda harikalar yaratmaya haz\u0131r!  Kendinin en iyi versiyonuyla 2025\u2019de \u0131\u015f\u0131k sa\u00e7mak isteyen herkes ThetaHealing ile muhte\u015fem hisler y\u00fckl\u00fc bu ajanday\u0131 hemen als\u0131n! Unutma, karanl\u0131k yok art\u0131k sadece \u0131\u015f\u0131k var!  3986497851 54121381948\" \/>\n<meta property=\"og:url\" content=\"https:\/\/astrologelvan.com\/magaza\/urun\/harikalar-ajandasi-2025-1\/\" \/>\n<meta property=\"og:site_name\" content=\"Astrolog Elvan\" \/>\n<meta property=\"article:modified_time\" content=\"2025-10-06T05:15:44+00:00\" \/>\n<meta property=\"og:image\" content=\"https:\/\/astrologelvan.com\/magaza\/wp-content\/uploads\/2025\/03\/IMG_9682-scaled-e1729790260876-1.webp\" \/>\n\t<meta property=\"og:image:width\" content=\"1442\" \/>\n\t<meta property=\"og:image:height\" content=\"1920\" \/>\n\t<meta property=\"og:image:type\" content=\"image\/webp\" \/>\n<meta name=\"twitter:card\" content=\"summary_large_image\" \/>\n<meta name=\"twitter:label1\" content=\"Tahmini okuma s\u00fcresi\" \/>\n\t<meta name=\"twitter:data1\" content=\"1 dakika\" \/>\n<script type=\"application\/ld+json\" class=\"yoast-schema-graph\">{\"@context\":\"https:\\\/\\\/schema.org\",\"@graph\":[{\"@type\":[\"WebPage\",\"ItemPage\"],\"@id\":\"https:\\\/\\\/astrologelvan.com\\\/magaza\\\/urun\\\/harikalar-ajandasi-2025-1\\\/\",\"url\":\"https:\\\/\\\/astrologelvan.com\\\/magaza\\\/urun\\\/harikalar-ajandasi-2025-1\\\/\",\"name\":\"\ud83e\uddda\ud83c\udffd\u200d\u2642\ufe0f HAR\u0130KALAR AJANDASI 2025 - 10. BASKI - Astrolog Elvan\",\"isPartOf\":{\"@id\":\"https:\\\/\\\/astrologelvan.com\\\/magaza\\\/#website\"},\"primaryImageOfPage\":{\"@id\":\"https:\\\/\\\/astrologelvan.com\\\/magaza\\\/urun\\\/harikalar-ajandasi-2025-1\\\/#primaryimage\"},\"image\":{\"@id\":\"https:\\\/\\\/astrologelvan.com\\\/magaza\\\/urun\\\/harikalar-ajandasi-2025-1\\\/#primaryimage\"},\"thumbnailUrl\":\"https:\\\/\\\/astrologelvan.com\\\/magaza\\\/wp-content\\\/uploads\\\/2025\\\/03\\\/IMG_9682-scaled-e1729790260876-1.webp\",\"datePublished\":\"2025-03-04T21:06:14+00:00\",\"dateModified\":\"2025-10-06T05:15:44+00:00\",\"breadcrumb\":{\"@id\":\"https:\\\/\\\/astrologelvan.com\\\/magaza\\\/urun\\\/harikalar-ajandasi-2025-1\\\/#breadcrumb\"},\"inLanguage\":\"tr\",\"potentialAction\":[{\"@type\":\"ReadAction\",\"target\":[\"https:\\\/\\\/astrologelvan.com\\\/magaza\\\/urun\\\/harikalar-ajandasi-2025-1\\\/\"]}]},{\"@type\":\"ImageObject\",\"inLanguage\":\"tr\",\"@id\":\"https:\\\/\\\/astrologelvan.com\\\/magaza\\\/urun\\\/harikalar-ajandasi-2025-1\\\/#primaryimage\",\"url\":\"https:\\\/\\\/astrologelvan.com\\\/magaza\\\/wp-content\\\/uploads\\\/2025\\\/03\\\/IMG_9682-scaled-e1729790260876-1.webp\",\"contentUrl\":\"https:\\\/\\\/astrologelvan.com\\\/magaza\\\/wp-content\\\/uploads\\\/2025\\\/03\\\/IMG_9682-scaled-e1729790260876-1.webp\",\"width\":1442,\"height\":1920},{\"@type\":\"BreadcrumbList\",\"@id\":\"https:\\\/\\\/astrologelvan.com\\\/magaza\\\/urun\\\/harikalar-ajandasi-2025-1\\\/#breadcrumb\",\"itemListElement\":[{\"@type\":\"ListItem\",\"position\":1,\"name\":\"Anasayfa\",\"item\":\"https:\\\/\\\/astrologelvan.com\\\/magaza\\\/\"},{\"@type\":\"ListItem\",\"position\":2,\"name\":\"Ma\u011faza\",\"item\":\"https:\\\/\\\/astrologelvan.com\\\/magaza\\\/magaza\\\/\"},{\"@type\":\"ListItem\",\"position\":3,\"name\":\"\ud83e\uddda\ud83c\udffd\u200d\u2642\ufe0f HAR\u0130KALAR AJANDASI 2025 &#8211; 10. BASKI\"}]},{\"@type\":\"WebSite\",\"@id\":\"https:\\\/\\\/astrologelvan.com\\\/magaza\\\/#website\",\"url\":\"https:\\\/\\\/astrologelvan.com\\\/magaza\\\/\",\"name\":\"Astrolog Elvan\",\"description\":\"\",\"potentialAction\":[{\"@type\":\"SearchAction\",\"target\":{\"@type\":\"EntryPoint\",\"urlTemplate\":\"https:\\\/\\\/astrologelvan.com\\\/magaza\\\/?s={search_term_string}\"},\"query-input\":{\"@type\":\"PropertyValueSpecification\",\"valueRequired\":true,\"valueName\":\"search_term_string\"}}],\"inLanguage\":\"tr\"}]}<\/script>\n<!-- \/ Yoast SEO plugin. -->","yoast_head_json":{"title":"\ud83e\uddda\ud83c\udffd\u200d\u2642\ufe0f HAR\u0130KALAR AJANDASI 2025 - 10. BASKI - Astrolog Elvan","robots":{"index":"index","follow":"follow","max-snippet":"max-snippet:-1","max-image-preview":"max-image-preview:large","max-video-preview":"max-video-preview:-1"},"canonical":"https:\/\/astrologelvan.com\/magaza\/urun\/harikalar-ajandasi-2025-1\/","og_locale":"tr_TR","og_type":"article","og_title":"\ud83e\uddda\ud83c\udffd\u200d\u2642\ufe0f HAR\u0130KALAR AJANDASI 2025 - 10. BASKI - Astrolog Elvan","og_description":"\u00dcr\u00fcn\u00fcn iadesi ve iptali yoktur.  Ger\u00e7ekte karanl\u0131k yoktur. Sadece \u0131\u015f\u0131k vard\u0131r. I\u015f\u0131k yok oldu\u011funda ortaya \u00e7\u0131kan \u015feye insanlar karanl\u0131k demi\u015fler oysa biz ona \u0131\u015f\u0131ks\u0131zl\u0131k deriz. Felaketler, ac\u0131lar asl\u0131nda kendimizin en harika versiyonuna ula\u015famad\u0131\u011f\u0131m\u0131zda ortaya \u00e7\u0131kan tan\u0131mlard\u0131r ve ger\u00e7ekte sadece \u2018harika\u2019 olan sen vars\u0131n!  I\u015f\u0131\u011f\u0131n\u0131 kaybetmedi\u011fin s\u00fcrece de hep \u00f6yle kalacaks\u0131n. 2025 Harikalar Ajandas\u0131 i\u015fte bu d\u00fc\u015f\u00fcnceden yola \u00e7\u0131karak \u00f6zenle haz\u0131rland\u0131 ve \u015fimdi sihirli sayfalar\u0131yla hayat\u0131nda harikalar yaratmaya haz\u0131r!  Kendinin en iyi versiyonuyla 2025\u2019de \u0131\u015f\u0131k sa\u00e7mak isteyen herkes ThetaHealing ile muhte\u015fem hisler y\u00fckl\u00fc bu ajanday\u0131 hemen als\u0131n! Unutma, karanl\u0131k yok art\u0131k sadece \u0131\u015f\u0131k var!  3986497851 54121381948","og_url":"https:\/\/astrologelvan.com\/magaza\/urun\/harikalar-ajandasi-2025-1\/","og_site_name":"Astrolog Elvan","article_modified_time":"2025-10-06T05:15:44+00:00","og_image":[{"width":1442,"height":1920,"url":"https:\/\/astrologelvan.com\/magaza\/wp-content\/uploads\/2025\/03\/IMG_9682-scaled-e1729790260876-1.webp","type":"image\/webp"}],"twitter_card":"summary_large_image","twitter_misc":{"Tahmini okuma s\u00fcresi":"1 dakika"},"schema":{"@context":"https:\/\/schema.org","@graph":[{"@type":["WebPage","ItemPage"],"@id":"https:\/\/astrologelvan.com\/magaza\/urun\/harikalar-ajandasi-2025-1\/","url":"https:\/\/astrologelvan.com\/magaza\/urun\/harikalar-ajandasi-2025-1\/","name":"\ud83e\uddda\ud83c\udffd\u200d\u2642\ufe0f HAR\u0130KALAR AJANDASI 2025 - 10. BASKI - Astrolog Elvan","isPartOf":{"@id":"https:\/\/astrologelvan.com\/magaza\/#website"},"primaryImageOfPage":{"@id":"https:\/\/astrologelvan.com\/magaza\/urun\/harikalar-ajandasi-2025-1\/#primaryimage"},"image":{"@id":"https:\/\/astrologelvan.com\/magaza\/urun\/harikalar-ajandasi-2025-1\/#primaryimage"},"thumbnailUrl":"https:\/\/astrologelvan.com\/magaza\/wp-content\/uploads\/2025\/03\/IMG_9682-scaled-e1729790260876-1.webp","datePublished":"2025-03-04T21:06:14+00:00","dateModified":"2025-10-06T05:15:44+00:00","breadcrumb":{"@id":"https:\/\/astrologelvan.com\/magaza\/urun\/harikalar-ajandasi-2025-1\/#breadcrumb"},"inLanguage":"tr","potentialAction":[{"@type":"ReadAction","target":["https:\/\/astrologelvan.com\/magaza\/urun\/harikalar-ajandasi-2025-1\/"]}]},{"@type":"ImageObject","inLanguage":"tr","@id":"https:\/\/astrologelvan.com\/magaza\/urun\/harikalar-ajandasi-2025-1\/#primaryimage","url":"https:\/\/astrologelvan.com\/magaza\/wp-content\/uploads\/2025\/03\/IMG_9682-scaled-e1729790260876-1.webp","contentUrl":"https:\/\/astrologelvan.com\/magaza\/wp-content\/uploads\/2025\/03\/IMG_9682-scaled-e1729790260876-1.webp","width":1442,"height":1920},{"@type":"BreadcrumbList","@id":"https:\/\/astrologelvan.com\/magaza\/urun\/harikalar-ajandasi-2025-1\/#breadcrumb","itemListElement":[{"@type":"ListItem","position":1,"name":"Anasayfa","item":"https:\/\/astrologelvan.com\/magaza\/"},{"@type":"ListItem","position":2,"name":"Ma\u011faza","item":"https:\/\/astrologelvan.com\/magaza\/magaza\/"},{"@type":"ListItem","position":3,"name":"\ud83e\uddda\ud83c\udffd\u200d\u2642\ufe0f HAR\u0130KALAR AJANDASI 2025 &#8211; 10. BASKI"}]},{"@type":"WebSite","@id":"https:\/\/astrologelvan.com\/magaza\/#website","url":"https:\/\/astrologelvan.com\/magaza\/","name":"Astrolog Elvan","description":"","potentialAction":[{"@type":"SearchAction","target":{"@type":"EntryPoint","urlTemplate":"https:\/\/astrologelvan.com\/magaza\/?s={search_term_string}"},"query-input":{"@type":"PropertyValueSpecification","valueRequired":true,"valueName":"search_term_string"}}],"inLanguage":"tr"}]}},"_links":{"self":[{"href":"https:\/\/astrologelvan.com\/magaza\/wp-json\/wp\/v2\/product\/54163","targetHints":{"allow":["GET"]}}],"collection":[{"href":"https:\/\/astrologelvan.com\/magaza\/wp-json\/wp\/v2\/product"}],"about":[{"href":"https:\/\/astrologelvan.com\/magaza\/wp-json\/wp\/v2\/types\/product"}],"replies":[{"embeddable":true,"href":"https:\/\/astrologelvan.com\/magaza\/wp-json\/wp\/v2\/comments?post=54163"}],"wp:featuredmedia":[{"embeddable":true,"href":"https:\/\/astrologelvan.com\/magaza\/wp-json\/wp\/v2\/media\/54167"}],"wp:attachment":[{"href":"https:\/\/astrologelvan.com\/magaza\/wp-json\/wp\/v2\/media?parent=54163"}],"wp:term":[{"taxonomy":"product_brand","embeddable":true,"href":"https:\/\/astrologelvan.com\/magaza\/wp-json\/wp\/v2\/product_brand?post=54163"},{"taxonomy":"product_cat","embeddable":true,"href":"https:\/\/astrologelvan.com\/magaza\/wp-json\/wp\/v2\/product_cat?post=54163"},{"taxonomy":"product_tag","embeddable":true,"href":"https:\/\/astrologelvan.com\/magaza\/wp-json\/wp\/v2\/product_tag?post=54163"}],"curies":[{"name":"wp","href":"https:\/\/api.w.org\/{rel}","templated":true}]}}