{"id":528,"date":"2024-02-28T02:30:04","date_gmt":"2024-02-27T23:30:04","guid":{"rendered":"https:\/\/astrologelvan.shop\/?post_type=product&#038;p=528"},"modified":"2025-10-06T08:14:55","modified_gmt":"2025-10-06T05:14:55","slug":"blokajlari-engelleri-kaldirma-bilekligi-dogal-ametist-tasi","status":"publish","type":"product","link":"https:\/\/astrologelvan.com\/magaza\/urun\/blokajlari-engelleri-kaldirma-bilekligi-dogal-ametist-tasi\/","title":{"rendered":"BLOKAJLARI \/ ENGELLER\u0130 KALDIRMA B\u0130LEKL\u0130\u011e\u0130 &#8211; DO\u011eAL AMET\u0130ST TA\u015eI"},"content":{"rendered":"<p>Do\u011fal ta\u015f kolyelerimizin tasar\u0131mlar\u0131nda do\u011frudan cilde temas etmesini sa\u011fl\u0131yoruz. B\u00f6ylece do\u011fal ta\u015f kolyenizi takt\u0131k\u00e7a v\u00fccudunuzun titre\u015fimlerine ba\u011flan\u0131r ve size denge ve uyum getirir.<\/p>\n<p><b>G\u00fcm\u00fc\u015f kararmas\u0131 iadeye tabi de\u011fildir. Do\u011fal y\u00f6ntemlerle ya da sol\u00fcsyon kullanarak kararan g\u00fcm\u00fc\u015f\u00fc yeniden parlatman\u0131z m\u00fcmk\u00fcnd\u00fcr.<\/b><\/p>\n<p><strong>Tak\u0131lar\u0131n\u0131z\u0131n uzun s\u00fcre kullanabilmesi i\u00e7in; Parf\u00fcm, su, s\u0131v\u0131, dezenfektan, krem v.b. gibi maddelerle temas etmemesi, du\u015f-banyo s\u0131ras\u0131nda \u00e7\u0131kart\u0131lmas\u0131 gerekmektedir. Ki\u015finin ter-ten yap\u0131s\u0131na g\u00f6re de etkilenmektedir. Tak\u0131lar\u0131n\u0131z\u0131 kullanmad\u0131\u011f\u0131n\u0131z zamanlarda kesesinde saklaman\u0131z\u0131 \u00f6neririz.<\/strong><\/p>\n<p><strong>Do\u011fal ta\u015flar\u0131n belirli titre\u015fimlere ve frekanslara sahip oldu\u011fu bilinmektedir. Bu nedenle v\u00fccudumuzda ve auram\u0131zda birtak\u0131m iyi etkileri oldu\u011fu s\u00f6ylenmektedir. Ta\u015flar\u0131n \u00f6zelliklerinin bilimsel kesinli\u011fi yoktur. Astrologelvan ma\u011fazas\u0131ndaki t\u00fcm ta\u015flar orijinal, ger\u00e7ek do\u011fal ta\u015flard\u0131r. T\u0131bbi konularda doktora dan\u0131\u015fman\u0131z\u0131 tavsiye ederiz. Ta\u015flar\u0131n tedavi edici \u00f6zelli\u011fi yoktur, sadece ki\u015fisel enerjimizi y\u00fckseltmekte ve astrolojik olarak da temsil etti\u011fi gezegenlerin etkilerini artt\u0131rmakta oldu\u011fu kabul edilir. \u00d6rne\u011fin; pembe kuvars ta\u015f\u0131 a\u015fk ve sevgi gezegeni Ven\u00fcs&#8217;\u00fcn ta\u015f\u0131d\u0131r ve bu sebeple \u00fczerinde ta\u015f\u0131yan ki\u015finin a\u015fk ve sevgi frekans\u0131n\u0131 y\u00fckseltti\u011fi bilinir.<\/strong><\/p>\n","protected":false},"excerpt":{"rendered":"<p>Grabovoi say\u0131 sistemine g\u00f6re 91688 say\u0131s\u0131n\u0131 hayat\u0131m\u0131za dahil edersek, zihnimizin bize koydu\u011fu engeller ve blokajlar kalkacakt\u0131r. Bu \u015fekilde enerjimiz y\u00fckselecek ve arzu etti\u011fimiz her ne ise \u00f6n\u00fcndeki engellerin kalkmas\u0131na vesile olacakt\u0131r.<\/p>\n<p>Ametist ta\u015f\u0131 zihinsel enerjiyi dengeleyen bir ta\u015ft\u0131r. 91688 say\u0131 sekans\u0131 ile birlikte ametist bilekli\u011fi takt\u0131\u011f\u0131n\u0131zda \u00f6n\u00fcn\u00fczdeki engellerin kolayl\u0131kla kalkt\u0131\u011f\u0131n\u0131 fark edeceksiniz.<\/p>\n","protected":false},"featured_media":5227,"comment_status":"open","ping_status":"closed","template":"","meta":[],"product_brand":[],"product_cat":[47,258,348,259,52,261],"product_tag":[365,39,366,40,362,367,363],"class_list":{"0":"post-528","1":"product","2":"type-product","3":"status-publish","4":"has-post-thumbnail","6":"product_cat-ametist-serisi","7":"product_cat-bileklik","8":"product_cat-bileklikler-erkekler-icin-dogal-taslar","9":"product_cat-bileklikler","10":"product_cat-dogal-taslar","11":"product_cat-sayi-sekansli-dogal-taslar","12":"product_tag-ametist-bileklik","13":"product_tag-astrolog-elvan","14":"product_tag-blokaj-kaldirma","15":"product_tag-dogal-tas","16":"product_tag-sayi-sekansli","17":"product_tag-sayi-sekansli-ametist","18":"product_tag-sayi-sekansli-bileklikler","20":"first","21":"outofstock","22":"taxable","23":"shipping-taxable","24":"purchasable","25":"product-type-simple"},"yoast_head":"<!-- This site is optimized with the Yoast SEO plugin v27.3 - https:\/\/yoast.com\/product\/yoast-seo-wordpress\/ -->\n<title>BLOKAJLARI \/ ENGELLER\u0130 KALDIRMA B\u0130LEKL\u0130\u011e\u0130 - DO\u011eAL AMET\u0130ST TA\u015eI - Astrolog Elvan<\/title>\n<meta name=\"description\" content=\"Grabovoi say\u0131 sistemine g\u00f6re 91688 say\u0131s\u0131n\u0131 hayat\u0131m\u0131za dahil edersek, zihnimizin bize koydu\u011fu engeller ve blokajlar kalkacakt\u0131r. Say\u0131 Sekansl\u0131\" \/>\n<meta name=\"robots\" content=\"index, follow, max-snippet:-1, max-image-preview:large, max-video-preview:-1\" \/>\n<link rel=\"canonical\" href=\"https:\/\/astrologelvan.com\/magaza\/urun\/blokajlari-engelleri-kaldirma-bilekligi-dogal-ametist-tasi\/\" \/>\n<meta property=\"og:locale\" content=\"tr_TR\" \/>\n<meta property=\"og:type\" content=\"article\" \/>\n<meta property=\"og:title\" content=\"BLOKAJLARI \/ ENGELLER\u0130 KALDIRMA B\u0130LEKL\u0130\u011e\u0130 - DO\u011eAL AMET\u0130ST TA\u015eI - Astrolog Elvan\" \/>\n<meta property=\"og:description\" content=\"Grabovoi say\u0131 sistemine g\u00f6re 91688 say\u0131s\u0131n\u0131 hayat\u0131m\u0131za dahil edersek, zihnimizin bize koydu\u011fu engeller ve blokajlar kalkacakt\u0131r. Say\u0131 Sekansl\u0131\" \/>\n<meta property=\"og:url\" content=\"https:\/\/astrologelvan.com\/magaza\/urun\/blokajlari-engelleri-kaldirma-bilekligi-dogal-ametist-tasi\/\" \/>\n<meta property=\"og:site_name\" content=\"Astrolog Elvan\" \/>\n<meta property=\"article:modified_time\" content=\"2025-10-06T05:14:55+00:00\" \/>\n<meta property=\"og:image\" content=\"https:\/\/astrologelvan.com\/magaza\/wp-content\/uploads\/2024\/02\/1-50.jpg\" \/>\n\t<meta property=\"og:image:width\" content=\"1600\" \/>\n\t<meta property=\"og:image:height\" content=\"1600\" \/>\n\t<meta property=\"og:image:type\" content=\"image\/jpeg\" \/>\n<meta name=\"twitter:card\" content=\"summary_large_image\" \/>\n<meta name=\"twitter:label1\" content=\"Tahmini okuma s\u00fcresi\" \/>\n\t<meta name=\"twitter:data1\" content=\"2 dakika\" \/>\n<script type=\"application\/ld+json\" class=\"yoast-schema-graph\">{\"@context\":\"https:\\\/\\\/schema.org\",\"@graph\":[{\"@type\":[\"WebPage\",\"ItemPage\"],\"@id\":\"https:\\\/\\\/astrologelvan.com\\\/magaza\\\/urun\\\/blokajlari-engelleri-kaldirma-bilekligi-dogal-ametist-tasi\\\/\",\"url\":\"https:\\\/\\\/astrologelvan.com\\\/magaza\\\/urun\\\/blokajlari-engelleri-kaldirma-bilekligi-dogal-ametist-tasi\\\/\",\"name\":\"BLOKAJLARI \\\/ ENGELLER\u0130 KALDIRMA B\u0130LEKL\u0130\u011e\u0130 - DO\u011eAL AMET\u0130ST TA\u015eI - Astrolog Elvan\",\"isPartOf\":{\"@id\":\"https:\\\/\\\/astrologelvan.com\\\/magaza\\\/#website\"},\"primaryImageOfPage\":{\"@id\":\"https:\\\/\\\/astrologelvan.com\\\/magaza\\\/urun\\\/blokajlari-engelleri-kaldirma-bilekligi-dogal-ametist-tasi\\\/#primaryimage\"},\"image\":{\"@id\":\"https:\\\/\\\/astrologelvan.com\\\/magaza\\\/urun\\\/blokajlari-engelleri-kaldirma-bilekligi-dogal-ametist-tasi\\\/#primaryimage\"},\"thumbnailUrl\":\"https:\\\/\\\/astrologelvan.com\\\/magaza\\\/wp-content\\\/uploads\\\/2024\\\/02\\\/1-50.jpg\",\"datePublished\":\"2024-02-27T23:30:04+00:00\",\"dateModified\":\"2025-10-06T05:14:55+00:00\",\"description\":\"Grabovoi say\u0131 sistemine g\u00f6re 91688 say\u0131s\u0131n\u0131 hayat\u0131m\u0131za dahil edersek, zihnimizin bize koydu\u011fu engeller ve blokajlar kalkacakt\u0131r. Say\u0131 Sekansl\u0131\",\"breadcrumb\":{\"@id\":\"https:\\\/\\\/astrologelvan.com\\\/magaza\\\/urun\\\/blokajlari-engelleri-kaldirma-bilekligi-dogal-ametist-tasi\\\/#breadcrumb\"},\"inLanguage\":\"tr\",\"potentialAction\":[{\"@type\":\"ReadAction\",\"target\":[\"https:\\\/\\\/astrologelvan.com\\\/magaza\\\/urun\\\/blokajlari-engelleri-kaldirma-bilekligi-dogal-ametist-tasi\\\/\"]}]},{\"@type\":\"ImageObject\",\"inLanguage\":\"tr\",\"@id\":\"https:\\\/\\\/astrologelvan.com\\\/magaza\\\/urun\\\/blokajlari-engelleri-kaldirma-bilekligi-dogal-ametist-tasi\\\/#primaryimage\",\"url\":\"https:\\\/\\\/astrologelvan.com\\\/magaza\\\/wp-content\\\/uploads\\\/2024\\\/02\\\/1-50.jpg\",\"contentUrl\":\"https:\\\/\\\/astrologelvan.com\\\/magaza\\\/wp-content\\\/uploads\\\/2024\\\/02\\\/1-50.jpg\",\"width\":1600,\"height\":1600},{\"@type\":\"BreadcrumbList\",\"@id\":\"https:\\\/\\\/astrologelvan.com\\\/magaza\\\/urun\\\/blokajlari-engelleri-kaldirma-bilekligi-dogal-ametist-tasi\\\/#breadcrumb\",\"itemListElement\":[{\"@type\":\"ListItem\",\"position\":1,\"name\":\"Anasayfa\",\"item\":\"https:\\\/\\\/astrologelvan.com\\\/magaza\\\/\"},{\"@type\":\"ListItem\",\"position\":2,\"name\":\"Ma\u011faza\",\"item\":\"https:\\\/\\\/astrologelvan.com\\\/magaza\\\/magaza\\\/\"},{\"@type\":\"ListItem\",\"position\":3,\"name\":\"BLOKAJLARI \\\/ ENGELLER\u0130 KALDIRMA B\u0130LEKL\u0130\u011e\u0130 &#8211; DO\u011eAL AMET\u0130ST TA\u015eI\"}]},{\"@type\":\"WebSite\",\"@id\":\"https:\\\/\\\/astrologelvan.com\\\/magaza\\\/#website\",\"url\":\"https:\\\/\\\/astrologelvan.com\\\/magaza\\\/\",\"name\":\"Astrolog Elvan\",\"description\":\"\",\"potentialAction\":[{\"@type\":\"SearchAction\",\"target\":{\"@type\":\"EntryPoint\",\"urlTemplate\":\"https:\\\/\\\/astrologelvan.com\\\/magaza\\\/?s={search_term_string}\"},\"query-input\":{\"@type\":\"PropertyValueSpecification\",\"valueRequired\":true,\"valueName\":\"search_term_string\"}}],\"inLanguage\":\"tr\"}]}<\/script>\n<!-- \/ Yoast SEO plugin. -->","yoast_head_json":{"title":"BLOKAJLARI \/ ENGELLER\u0130 KALDIRMA B\u0130LEKL\u0130\u011e\u0130 - DO\u011eAL AMET\u0130ST TA\u015eI - Astrolog Elvan","description":"Grabovoi say\u0131 sistemine g\u00f6re 91688 say\u0131s\u0131n\u0131 hayat\u0131m\u0131za dahil edersek, zihnimizin bize koydu\u011fu engeller ve blokajlar kalkacakt\u0131r. Say\u0131 Sekansl\u0131","robots":{"index":"index","follow":"follow","max-snippet":"max-snippet:-1","max-image-preview":"max-image-preview:large","max-video-preview":"max-video-preview:-1"},"canonical":"https:\/\/astrologelvan.com\/magaza\/urun\/blokajlari-engelleri-kaldirma-bilekligi-dogal-ametist-tasi\/","og_locale":"tr_TR","og_type":"article","og_title":"BLOKAJLARI \/ ENGELLER\u0130 KALDIRMA B\u0130LEKL\u0130\u011e\u0130 - DO\u011eAL AMET\u0130ST TA\u015eI - Astrolog Elvan","og_description":"Grabovoi say\u0131 sistemine g\u00f6re 91688 say\u0131s\u0131n\u0131 hayat\u0131m\u0131za dahil edersek, zihnimizin bize koydu\u011fu engeller ve blokajlar kalkacakt\u0131r. Say\u0131 Sekansl\u0131","og_url":"https:\/\/astrologelvan.com\/magaza\/urun\/blokajlari-engelleri-kaldirma-bilekligi-dogal-ametist-tasi\/","og_site_name":"Astrolog Elvan","article_modified_time":"2025-10-06T05:14:55+00:00","og_image":[{"width":1600,"height":1600,"url":"https:\/\/astrologelvan.com\/magaza\/wp-content\/uploads\/2024\/02\/1-50.jpg","type":"image\/jpeg"}],"twitter_card":"summary_large_image","twitter_misc":{"Tahmini okuma s\u00fcresi":"2 dakika"},"schema":{"@context":"https:\/\/schema.org","@graph":[{"@type":["WebPage","ItemPage"],"@id":"https:\/\/astrologelvan.com\/magaza\/urun\/blokajlari-engelleri-kaldirma-bilekligi-dogal-ametist-tasi\/","url":"https:\/\/astrologelvan.com\/magaza\/urun\/blokajlari-engelleri-kaldirma-bilekligi-dogal-ametist-tasi\/","name":"BLOKAJLARI \/ ENGELLER\u0130 KALDIRMA B\u0130LEKL\u0130\u011e\u0130 - DO\u011eAL AMET\u0130ST TA\u015eI - Astrolog Elvan","isPartOf":{"@id":"https:\/\/astrologelvan.com\/magaza\/#website"},"primaryImageOfPage":{"@id":"https:\/\/astrologelvan.com\/magaza\/urun\/blokajlari-engelleri-kaldirma-bilekligi-dogal-ametist-tasi\/#primaryimage"},"image":{"@id":"https:\/\/astrologelvan.com\/magaza\/urun\/blokajlari-engelleri-kaldirma-bilekligi-dogal-ametist-tasi\/#primaryimage"},"thumbnailUrl":"https:\/\/astrologelvan.com\/magaza\/wp-content\/uploads\/2024\/02\/1-50.jpg","datePublished":"2024-02-27T23:30:04+00:00","dateModified":"2025-10-06T05:14:55+00:00","description":"Grabovoi say\u0131 sistemine g\u00f6re 91688 say\u0131s\u0131n\u0131 hayat\u0131m\u0131za dahil edersek, zihnimizin bize koydu\u011fu engeller ve blokajlar kalkacakt\u0131r. Say\u0131 Sekansl\u0131","breadcrumb":{"@id":"https:\/\/astrologelvan.com\/magaza\/urun\/blokajlari-engelleri-kaldirma-bilekligi-dogal-ametist-tasi\/#breadcrumb"},"inLanguage":"tr","potentialAction":[{"@type":"ReadAction","target":["https:\/\/astrologelvan.com\/magaza\/urun\/blokajlari-engelleri-kaldirma-bilekligi-dogal-ametist-tasi\/"]}]},{"@type":"ImageObject","inLanguage":"tr","@id":"https:\/\/astrologelvan.com\/magaza\/urun\/blokajlari-engelleri-kaldirma-bilekligi-dogal-ametist-tasi\/#primaryimage","url":"https:\/\/astrologelvan.com\/magaza\/wp-content\/uploads\/2024\/02\/1-50.jpg","contentUrl":"https:\/\/astrologelvan.com\/magaza\/wp-content\/uploads\/2024\/02\/1-50.jpg","width":1600,"height":1600},{"@type":"BreadcrumbList","@id":"https:\/\/astrologelvan.com\/magaza\/urun\/blokajlari-engelleri-kaldirma-bilekligi-dogal-ametist-tasi\/#breadcrumb","itemListElement":[{"@type":"ListItem","position":1,"name":"Anasayfa","item":"https:\/\/astrologelvan.com\/magaza\/"},{"@type":"ListItem","position":2,"name":"Ma\u011faza","item":"https:\/\/astrologelvan.com\/magaza\/magaza\/"},{"@type":"ListItem","position":3,"name":"BLOKAJLARI \/ ENGELLER\u0130 KALDIRMA B\u0130LEKL\u0130\u011e\u0130 &#8211; DO\u011eAL AMET\u0130ST TA\u015eI"}]},{"@type":"WebSite","@id":"https:\/\/astrologelvan.com\/magaza\/#website","url":"https:\/\/astrologelvan.com\/magaza\/","name":"Astrolog Elvan","description":"","potentialAction":[{"@type":"SearchAction","target":{"@type":"EntryPoint","urlTemplate":"https:\/\/astrologelvan.com\/magaza\/?s={search_term_string}"},"query-input":{"@type":"PropertyValueSpecification","valueRequired":true,"valueName":"search_term_string"}}],"inLanguage":"tr"}]}},"_links":{"self":[{"href":"https:\/\/astrologelvan.com\/magaza\/wp-json\/wp\/v2\/product\/528","targetHints":{"allow":["GET"]}}],"collection":[{"href":"https:\/\/astrologelvan.com\/magaza\/wp-json\/wp\/v2\/product"}],"about":[{"href":"https:\/\/astrologelvan.com\/magaza\/wp-json\/wp\/v2\/types\/product"}],"replies":[{"embeddable":true,"href":"https:\/\/astrologelvan.com\/magaza\/wp-json\/wp\/v2\/comments?post=528"}],"wp:featuredmedia":[{"embeddable":true,"href":"https:\/\/astrologelvan.com\/magaza\/wp-json\/wp\/v2\/media\/5227"}],"wp:attachment":[{"href":"https:\/\/astrologelvan.com\/magaza\/wp-json\/wp\/v2\/media?parent=528"}],"wp:term":[{"taxonomy":"product_brand","embeddable":true,"href":"https:\/\/astrologelvan.com\/magaza\/wp-json\/wp\/v2\/product_brand?post=528"},{"taxonomy":"product_cat","embeddable":true,"href":"https:\/\/astrologelvan.com\/magaza\/wp-json\/wp\/v2\/product_cat?post=528"},{"taxonomy":"product_tag","embeddable":true,"href":"https:\/\/astrologelvan.com\/magaza\/wp-json\/wp\/v2\/product_tag?post=528"}],"curies":[{"name":"wp","href":"https:\/\/api.w.org\/{rel}","templated":true}]}}