{"id":5187,"date":"2024-03-29T14:55:46","date_gmt":"2024-03-29T11:55:46","guid":{"rendered":"https:\/\/astrologelvan.com\/magaza\/?post_type=product&#038;p=5187"},"modified":"2025-12-09T20:07:08","modified_gmt":"2025-12-09T17:07:08","slug":"9-mukhi-yuzlu-rudraksha","status":"publish","type":"product","link":"https:\/\/astrologelvan.com\/magaza\/urun\/9-mukhi-yuzlu-rudraksha\/","title":{"rendered":"9 MUKH\u0130 (Y\u00dcZL\u00dc) RUDRAKSHA"},"content":{"rendered":"<p><strong>\u00dcr\u00fcn \u00d6zellikleri:<\/strong><\/p>\n<p>\u00dcr\u00fcn A\u011f\u0131rl\u0131\u011f\u0131: 1.71 Gram<\/p>\n","protected":false},"excerpt":{"rendered":"<p><strong>RUHRAKSHA TOHUMU KOLYE (H\u0130ND\u0130STAN)<\/strong><\/p>\n<p><strong>\u00d6zel Sertifikal\u0131<\/strong><\/p>\n<p>Kutsal Rudraksha A\u011fac\u0131, ayd\u0131nlanman\u0131n \u0131\u015f\u0131\u011f\u0131 ve sembol\u00fc olarak g\u00f6r\u00fcl\u00fcr. Ve birden fazla y\u00fcz\u00fc vard\u0131r. Ne kadar \u00e7ok y\u00fcz\u00fc varsa o derece k\u0131ymetli ve az bulunur. Rudraksha\u2019n\u0131n y\u00fczleri spirit\u00fcalizm\u2019de \u00e7ok farkl\u0131 anlamlara i\u015faret eder. Ama hepsi ayd\u0131nlanma yolunda sizin rehberiniz olacakt\u0131r \u00e7\u00fcnk\u00fc her bir rudraksha tohumu manevi d\u00fcnyan\u0131n rehberi olarak g\u00f6r\u00fcl\u00fcr. Mutlaka mesaj\u0131na g\u00f6re bir tane \u00fczerinizde ta\u015f\u0131mal\u0131s\u0131n\u0131z. Size \u015fans ve koruma (ruhsal) getirecektir.<\/p>\n<p><strong>Cesaret, dayan\u0131kl\u0131l\u0131k, \u015fan, \u015f\u00f6hret, kad\u0131nlar i\u00e7in koruma, g\u00f6r\u00fcn\u00fcrl\u00fck<\/strong><br \/>\nDurga\u2019n\u0131n 9 y\u00fcz\u00fcn\u00fc sembolize eder. Hindu mitolojisine g\u00f6re, dokuz form, iblis kral Mahishasura ile yap\u0131lan dokuz g\u00fcnl\u00fck sava\u015f s\u0131ras\u0131nda Durga&#8217;n\u0131n dokuz a\u015famas\u0131 olarak kabul edilir; burada onuncu g\u00fcn, Vijayadashami (lafzen &#8220;zafer g\u00fcn\u00fc&#8221;) olarak kutlan\u0131r. Hindular&#8217;\u0131n en \u00f6nemli bayramlar\u0131ndan biri olarak kabul edilir. \u00d6zellikle kad\u0131nlar\u0131n takmas\u0131 \u00f6nerilir ve kad\u0131na koruma verdi\u011fi d\u00fc\u015f\u00fcn\u00fcl\u00fcr.<br \/>\n<strong>Sembol\u00fc:<\/strong> Rahu (Kuzey Ay D\u00fc\u011f\u00fcm\u00fc)<br \/>\n<strong>Matras\u0131:<\/strong> Aum Hreem Hoom Namah<\/p>\n","protected":false},"featured_media":5188,"comment_status":"open","ping_status":"closed","template":"","meta":[],"product_brand":[],"product_cat":[26],"product_tag":[],"class_list":{"0":"post-5187","1":"product","2":"type-product","3":"status-publish","4":"has-post-thumbnail","6":"product_cat-genel","8":"first","9":"instock","10":"taxable","11":"shipping-taxable","12":"purchasable","13":"product-type-simple"},"yoast_head":"<!-- This site is optimized with the Yoast SEO plugin v27.3 - https:\/\/yoast.com\/product\/yoast-seo-wordpress\/ -->\n<title>9 MUKH\u0130 (Y\u00dcZL\u00dc) RUDRAKSHA - Astrolog Elvan<\/title>\n<meta name=\"robots\" content=\"index, follow, max-snippet:-1, max-image-preview:large, max-video-preview:-1\" \/>\n<link rel=\"canonical\" href=\"https:\/\/astrologelvan.com\/magaza\/urun\/9-mukhi-yuzlu-rudraksha\/\" \/>\n<meta property=\"og:locale\" content=\"tr_TR\" \/>\n<meta property=\"og:type\" content=\"article\" \/>\n<meta property=\"og:title\" content=\"9 MUKH\u0130 (Y\u00dcZL\u00dc) RUDRAKSHA - Astrolog Elvan\" \/>\n<meta property=\"og:description\" content=\"RUHRAKSHA TOHUMU KOLYE (H\u0130ND\u0130STAN)  \u00d6zel Sertifikal\u0131  Kutsal Rudraksha A\u011fac\u0131, ayd\u0131nlanman\u0131n \u0131\u015f\u0131\u011f\u0131 ve sembol\u00fc olarak g\u00f6r\u00fcl\u00fcr. Ve birden fazla y\u00fcz\u00fc vard\u0131r. Ne kadar \u00e7ok y\u00fcz\u00fc varsa o derece k\u0131ymetli ve az bulunur. Rudraksha\u2019n\u0131n y\u00fczleri spirit\u00fcalizm\u2019de \u00e7ok farkl\u0131 anlamlara i\u015faret eder. Ama hepsi ayd\u0131nlanma yolunda sizin rehberiniz olacakt\u0131r \u00e7\u00fcnk\u00fc her bir rudraksha tohumu manevi d\u00fcnyan\u0131n rehberi olarak g\u00f6r\u00fcl\u00fcr. Mutlaka mesaj\u0131na g\u00f6re bir tane \u00fczerinizde ta\u015f\u0131mal\u0131s\u0131n\u0131z. Size \u015fans ve koruma (ruhsal) getirecektir.  Cesaret, dayan\u0131kl\u0131l\u0131k, \u015fan, \u015f\u00f6hret, kad\u0131nlar i\u00e7in koruma, g\u00f6r\u00fcn\u00fcrl\u00fck Durga\u2019n\u0131n 9 y\u00fcz\u00fcn\u00fc sembolize eder. Hindu mitolojisine g\u00f6re, dokuz form, iblis kral Mahishasura ile yap\u0131lan dokuz g\u00fcnl\u00fck sava\u015f s\u0131ras\u0131nda Durga&#039;n\u0131n dokuz a\u015famas\u0131 olarak kabul edilir; burada onuncu g\u00fcn, Vijayadashami (lafzen &quot;zafer g\u00fcn\u00fc&quot;) olarak kutlan\u0131r. Hindular&#039;\u0131n en \u00f6nemli bayramlar\u0131ndan biri olarak kabul edilir. \u00d6zellikle kad\u0131nlar\u0131n takmas\u0131 \u00f6nerilir ve kad\u0131na koruma verdi\u011fi d\u00fc\u015f\u00fcn\u00fcl\u00fcr. Sembol\u00fc: Rahu (Kuzey Ay D\u00fc\u011f\u00fcm\u00fc) Matras\u0131: Aum Hreem Hoom Namah\" \/>\n<meta property=\"og:url\" content=\"https:\/\/astrologelvan.com\/magaza\/urun\/9-mukhi-yuzlu-rudraksha\/\" \/>\n<meta property=\"og:site_name\" content=\"Astrolog Elvan\" \/>\n<meta property=\"article:modified_time\" content=\"2025-12-09T17:07:08+00:00\" \/>\n<meta property=\"og:image\" content=\"https:\/\/astrologelvan.com\/magaza\/wp-content\/uploads\/2024\/03\/9-scaled.jpg\" \/>\n\t<meta property=\"og:image:width\" content=\"2560\" \/>\n\t<meta property=\"og:image:height\" content=\"1920\" \/>\n\t<meta property=\"og:image:type\" content=\"image\/jpeg\" \/>\n<meta name=\"twitter:card\" content=\"summary_large_image\" \/>\n<meta name=\"twitter:label1\" content=\"Tahmini okuma s\u00fcresi\" \/>\n\t<meta name=\"twitter:data1\" content=\"1 dakika\" \/>\n<script type=\"application\/ld+json\" class=\"yoast-schema-graph\">{\"@context\":\"https:\\\/\\\/schema.org\",\"@graph\":[{\"@type\":[\"WebPage\",\"ItemPage\"],\"@id\":\"https:\\\/\\\/astrologelvan.com\\\/magaza\\\/urun\\\/9-mukhi-yuzlu-rudraksha\\\/\",\"url\":\"https:\\\/\\\/astrologelvan.com\\\/magaza\\\/urun\\\/9-mukhi-yuzlu-rudraksha\\\/\",\"name\":\"9 MUKH\u0130 (Y\u00dcZL\u00dc) RUDRAKSHA - Astrolog Elvan\",\"isPartOf\":{\"@id\":\"https:\\\/\\\/astrologelvan.com\\\/magaza\\\/#website\"},\"primaryImageOfPage\":{\"@id\":\"https:\\\/\\\/astrologelvan.com\\\/magaza\\\/urun\\\/9-mukhi-yuzlu-rudraksha\\\/#primaryimage\"},\"image\":{\"@id\":\"https:\\\/\\\/astrologelvan.com\\\/magaza\\\/urun\\\/9-mukhi-yuzlu-rudraksha\\\/#primaryimage\"},\"thumbnailUrl\":\"https:\\\/\\\/astrologelvan.com\\\/magaza\\\/wp-content\\\/uploads\\\/2024\\\/03\\\/9-scaled.jpg\",\"datePublished\":\"2024-03-29T11:55:46+00:00\",\"dateModified\":\"2025-12-09T17:07:08+00:00\",\"breadcrumb\":{\"@id\":\"https:\\\/\\\/astrologelvan.com\\\/magaza\\\/urun\\\/9-mukhi-yuzlu-rudraksha\\\/#breadcrumb\"},\"inLanguage\":\"tr\",\"potentialAction\":[{\"@type\":\"ReadAction\",\"target\":[\"https:\\\/\\\/astrologelvan.com\\\/magaza\\\/urun\\\/9-mukhi-yuzlu-rudraksha\\\/\"]}]},{\"@type\":\"ImageObject\",\"inLanguage\":\"tr\",\"@id\":\"https:\\\/\\\/astrologelvan.com\\\/magaza\\\/urun\\\/9-mukhi-yuzlu-rudraksha\\\/#primaryimage\",\"url\":\"https:\\\/\\\/astrologelvan.com\\\/magaza\\\/wp-content\\\/uploads\\\/2024\\\/03\\\/9-scaled.jpg\",\"contentUrl\":\"https:\\\/\\\/astrologelvan.com\\\/magaza\\\/wp-content\\\/uploads\\\/2024\\\/03\\\/9-scaled.jpg\",\"width\":2560,\"height\":1920},{\"@type\":\"BreadcrumbList\",\"@id\":\"https:\\\/\\\/astrologelvan.com\\\/magaza\\\/urun\\\/9-mukhi-yuzlu-rudraksha\\\/#breadcrumb\",\"itemListElement\":[{\"@type\":\"ListItem\",\"position\":1,\"name\":\"Anasayfa\",\"item\":\"https:\\\/\\\/astrologelvan.com\\\/magaza\\\/\"},{\"@type\":\"ListItem\",\"position\":2,\"name\":\"Ma\u011faza\",\"item\":\"https:\\\/\\\/astrologelvan.com\\\/magaza\\\/magaza\\\/\"},{\"@type\":\"ListItem\",\"position\":3,\"name\":\"9 MUKH\u0130 (Y\u00dcZL\u00dc) RUDRAKSHA\"}]},{\"@type\":\"WebSite\",\"@id\":\"https:\\\/\\\/astrologelvan.com\\\/magaza\\\/#website\",\"url\":\"https:\\\/\\\/astrologelvan.com\\\/magaza\\\/\",\"name\":\"Astrolog Elvan\",\"description\":\"\",\"potentialAction\":[{\"@type\":\"SearchAction\",\"target\":{\"@type\":\"EntryPoint\",\"urlTemplate\":\"https:\\\/\\\/astrologelvan.com\\\/magaza\\\/?s={search_term_string}\"},\"query-input\":{\"@type\":\"PropertyValueSpecification\",\"valueRequired\":true,\"valueName\":\"search_term_string\"}}],\"inLanguage\":\"tr\"}]}<\/script>\n<!-- \/ Yoast SEO plugin. -->","yoast_head_json":{"title":"9 MUKH\u0130 (Y\u00dcZL\u00dc) RUDRAKSHA - Astrolog Elvan","robots":{"index":"index","follow":"follow","max-snippet":"max-snippet:-1","max-image-preview":"max-image-preview:large","max-video-preview":"max-video-preview:-1"},"canonical":"https:\/\/astrologelvan.com\/magaza\/urun\/9-mukhi-yuzlu-rudraksha\/","og_locale":"tr_TR","og_type":"article","og_title":"9 MUKH\u0130 (Y\u00dcZL\u00dc) RUDRAKSHA - Astrolog Elvan","og_description":"RUHRAKSHA TOHUMU KOLYE (H\u0130ND\u0130STAN)  \u00d6zel Sertifikal\u0131  Kutsal Rudraksha A\u011fac\u0131, ayd\u0131nlanman\u0131n \u0131\u015f\u0131\u011f\u0131 ve sembol\u00fc olarak g\u00f6r\u00fcl\u00fcr. Ve birden fazla y\u00fcz\u00fc vard\u0131r. Ne kadar \u00e7ok y\u00fcz\u00fc varsa o derece k\u0131ymetli ve az bulunur. Rudraksha\u2019n\u0131n y\u00fczleri spirit\u00fcalizm\u2019de \u00e7ok farkl\u0131 anlamlara i\u015faret eder. Ama hepsi ayd\u0131nlanma yolunda sizin rehberiniz olacakt\u0131r \u00e7\u00fcnk\u00fc her bir rudraksha tohumu manevi d\u00fcnyan\u0131n rehberi olarak g\u00f6r\u00fcl\u00fcr. Mutlaka mesaj\u0131na g\u00f6re bir tane \u00fczerinizde ta\u015f\u0131mal\u0131s\u0131n\u0131z. Size \u015fans ve koruma (ruhsal) getirecektir.  Cesaret, dayan\u0131kl\u0131l\u0131k, \u015fan, \u015f\u00f6hret, kad\u0131nlar i\u00e7in koruma, g\u00f6r\u00fcn\u00fcrl\u00fck Durga\u2019n\u0131n 9 y\u00fcz\u00fcn\u00fc sembolize eder. Hindu mitolojisine g\u00f6re, dokuz form, iblis kral Mahishasura ile yap\u0131lan dokuz g\u00fcnl\u00fck sava\u015f s\u0131ras\u0131nda Durga'n\u0131n dokuz a\u015famas\u0131 olarak kabul edilir; burada onuncu g\u00fcn, Vijayadashami (lafzen \"zafer g\u00fcn\u00fc\") olarak kutlan\u0131r. Hindular'\u0131n en \u00f6nemli bayramlar\u0131ndan biri olarak kabul edilir. \u00d6zellikle kad\u0131nlar\u0131n takmas\u0131 \u00f6nerilir ve kad\u0131na koruma verdi\u011fi d\u00fc\u015f\u00fcn\u00fcl\u00fcr. Sembol\u00fc: Rahu (Kuzey Ay D\u00fc\u011f\u00fcm\u00fc) Matras\u0131: Aum Hreem Hoom Namah","og_url":"https:\/\/astrologelvan.com\/magaza\/urun\/9-mukhi-yuzlu-rudraksha\/","og_site_name":"Astrolog Elvan","article_modified_time":"2025-12-09T17:07:08+00:00","og_image":[{"width":2560,"height":1920,"url":"https:\/\/astrologelvan.com\/magaza\/wp-content\/uploads\/2024\/03\/9-scaled.jpg","type":"image\/jpeg"}],"twitter_card":"summary_large_image","twitter_misc":{"Tahmini okuma s\u00fcresi":"1 dakika"},"schema":{"@context":"https:\/\/schema.org","@graph":[{"@type":["WebPage","ItemPage"],"@id":"https:\/\/astrologelvan.com\/magaza\/urun\/9-mukhi-yuzlu-rudraksha\/","url":"https:\/\/astrologelvan.com\/magaza\/urun\/9-mukhi-yuzlu-rudraksha\/","name":"9 MUKH\u0130 (Y\u00dcZL\u00dc) RUDRAKSHA - Astrolog Elvan","isPartOf":{"@id":"https:\/\/astrologelvan.com\/magaza\/#website"},"primaryImageOfPage":{"@id":"https:\/\/astrologelvan.com\/magaza\/urun\/9-mukhi-yuzlu-rudraksha\/#primaryimage"},"image":{"@id":"https:\/\/astrologelvan.com\/magaza\/urun\/9-mukhi-yuzlu-rudraksha\/#primaryimage"},"thumbnailUrl":"https:\/\/astrologelvan.com\/magaza\/wp-content\/uploads\/2024\/03\/9-scaled.jpg","datePublished":"2024-03-29T11:55:46+00:00","dateModified":"2025-12-09T17:07:08+00:00","breadcrumb":{"@id":"https:\/\/astrologelvan.com\/magaza\/urun\/9-mukhi-yuzlu-rudraksha\/#breadcrumb"},"inLanguage":"tr","potentialAction":[{"@type":"ReadAction","target":["https:\/\/astrologelvan.com\/magaza\/urun\/9-mukhi-yuzlu-rudraksha\/"]}]},{"@type":"ImageObject","inLanguage":"tr","@id":"https:\/\/astrologelvan.com\/magaza\/urun\/9-mukhi-yuzlu-rudraksha\/#primaryimage","url":"https:\/\/astrologelvan.com\/magaza\/wp-content\/uploads\/2024\/03\/9-scaled.jpg","contentUrl":"https:\/\/astrologelvan.com\/magaza\/wp-content\/uploads\/2024\/03\/9-scaled.jpg","width":2560,"height":1920},{"@type":"BreadcrumbList","@id":"https:\/\/astrologelvan.com\/magaza\/urun\/9-mukhi-yuzlu-rudraksha\/#breadcrumb","itemListElement":[{"@type":"ListItem","position":1,"name":"Anasayfa","item":"https:\/\/astrologelvan.com\/magaza\/"},{"@type":"ListItem","position":2,"name":"Ma\u011faza","item":"https:\/\/astrologelvan.com\/magaza\/magaza\/"},{"@type":"ListItem","position":3,"name":"9 MUKH\u0130 (Y\u00dcZL\u00dc) RUDRAKSHA"}]},{"@type":"WebSite","@id":"https:\/\/astrologelvan.com\/magaza\/#website","url":"https:\/\/astrologelvan.com\/magaza\/","name":"Astrolog Elvan","description":"","potentialAction":[{"@type":"SearchAction","target":{"@type":"EntryPoint","urlTemplate":"https:\/\/astrologelvan.com\/magaza\/?s={search_term_string}"},"query-input":{"@type":"PropertyValueSpecification","valueRequired":true,"valueName":"search_term_string"}}],"inLanguage":"tr"}]}},"_links":{"self":[{"href":"https:\/\/astrologelvan.com\/magaza\/wp-json\/wp\/v2\/product\/5187","targetHints":{"allow":["GET"]}}],"collection":[{"href":"https:\/\/astrologelvan.com\/magaza\/wp-json\/wp\/v2\/product"}],"about":[{"href":"https:\/\/astrologelvan.com\/magaza\/wp-json\/wp\/v2\/types\/product"}],"replies":[{"embeddable":true,"href":"https:\/\/astrologelvan.com\/magaza\/wp-json\/wp\/v2\/comments?post=5187"}],"wp:featuredmedia":[{"embeddable":true,"href":"https:\/\/astrologelvan.com\/magaza\/wp-json\/wp\/v2\/media\/5188"}],"wp:attachment":[{"href":"https:\/\/astrologelvan.com\/magaza\/wp-json\/wp\/v2\/media?parent=5187"}],"wp:term":[{"taxonomy":"product_brand","embeddable":true,"href":"https:\/\/astrologelvan.com\/magaza\/wp-json\/wp\/v2\/product_brand?post=5187"},{"taxonomy":"product_cat","embeddable":true,"href":"https:\/\/astrologelvan.com\/magaza\/wp-json\/wp\/v2\/product_cat?post=5187"},{"taxonomy":"product_tag","embeddable":true,"href":"https:\/\/astrologelvan.com\/magaza\/wp-json\/wp\/v2\/product_tag?post=5187"}],"curies":[{"name":"wp","href":"https:\/\/api.w.org\/{rel}","templated":true}]}}