{"id":5170,"date":"2024-03-29T14:19:55","date_gmt":"2024-03-29T11:19:55","guid":{"rendered":"https:\/\/astrologelvan.com\/magaza\/?post_type=product&#038;p=5170"},"modified":"2025-12-01T09:42:24","modified_gmt":"2025-12-01T06:42:24","slug":"2-mukhi-yuzlu-rudraksha-kolye","status":"publish","type":"product","link":"https:\/\/astrologelvan.com\/magaza\/urun\/2-mukhi-yuzlu-rudraksha-kolye\/","title":{"rendered":"2 MUKH\u0130 (Y\u00dcZL\u00dc) RUDRAKSHA KOLYE"},"content":{"rendered":"<p><strong>\u00dcr\u00fcn \u00d6zellikleri:<\/strong><\/p>\n<p>\u00dcr\u00fcn A\u011f\u0131rl\u0131\u011f\u0131: 5.95 Gram<\/p>\n<p>&nbsp;<\/p>\n<p>&nbsp;<\/p>\n","protected":false},"excerpt":{"rendered":"<p><strong>RUHRAKSHA TOHUMU KOLYE (H\u0130ND\u0130STAN)<\/strong><\/p>\n<p><strong>\u00d6zel Sertifikal\u0131<\/strong><\/p>\n<p>Kutsal Rudraksha A\u011fac\u0131, ayd\u0131nlanman\u0131n \u0131\u015f\u0131\u011f\u0131 ve sembol\u00fc olarak g\u00f6r\u00fcl\u00fcr. Ve birden fazla y\u00fcz\u00fc vard\u0131r. Ne kadar \u00e7ok y\u00fcz\u00fc varsa o derece k\u0131ymetli ve az bulunur. Rudraksha\u2019n\u0131n y\u00fczleri spirit\u00fcalizm\u2019de \u00e7ok farkl\u0131 anlamlara i\u015faret eder. Ama hepsi ayd\u0131nlanma yolunda sizin rehberiniz olacakt\u0131r \u00e7\u00fcnk\u00fc her bir rudraksha tohumu manevi d\u00fcnyan\u0131n rehberi olarak g\u00f6r\u00fcl\u00fcr. Mutlaka mesaj\u0131na g\u00f6re bir tane \u00fczerinizde ta\u015f\u0131mal\u0131s\u0131n\u0131z. Size \u015fans ve koruma (ruhsal) getirecektir.<\/p>\n<p><strong>A\u015fk, bir olma, duygular\u0131 dengeleme<\/strong><\/p>\n<p>Lord Ardhanarishvara ile ili\u015fkilendirilir. Evrenin eril ve di\u015fil enerjilerinin (Purusha ve Prakriti) sentezini temsil eder. \u0130kili ili\u015fkilerde denge, a\u015fk\u0131 ve sevgiyi bulma, ikiden bir olma ve birlik bilinci ile sembolize edilir.<\/p>\n<p><strong>Mantras\u0131: <\/strong>Om namah.<\/p>\n<p><strong>Gezegeni:<\/strong> Ay<\/p>\n<p><strong>Stress, mide sorunu, depresyon ile ilgili destekledi\u011fi d\u00fc\u015f\u00fcn\u00fcl\u00fcr.<\/strong><\/p>\n","protected":false},"featured_media":5171,"comment_status":"open","ping_status":"closed","template":"","meta":[],"product_brand":[],"product_cat":[26],"product_tag":[],"class_list":{"0":"post-5170","1":"product","2":"type-product","3":"status-publish","4":"has-post-thumbnail","6":"product_cat-genel","8":"first","9":"instock","10":"taxable","11":"shipping-taxable","12":"purchasable","13":"product-type-simple"},"yoast_head":"<!-- This site is optimized with the Yoast SEO plugin v27.3 - https:\/\/yoast.com\/product\/yoast-seo-wordpress\/ -->\n<title>2 MUKH\u0130 (Y\u00dcZL\u00dc) RUDRAKSHA KOLYE - Astrolog Elvan<\/title>\n<meta name=\"robots\" content=\"index, follow, max-snippet:-1, max-image-preview:large, max-video-preview:-1\" \/>\n<link rel=\"canonical\" href=\"https:\/\/astrologelvan.com\/magaza\/urun\/2-mukhi-yuzlu-rudraksha-kolye\/\" \/>\n<meta property=\"og:locale\" content=\"tr_TR\" \/>\n<meta property=\"og:type\" content=\"article\" \/>\n<meta property=\"og:title\" content=\"2 MUKH\u0130 (Y\u00dcZL\u00dc) RUDRAKSHA KOLYE - Astrolog Elvan\" \/>\n<meta property=\"og:description\" content=\"RUHRAKSHA TOHUMU KOLYE (H\u0130ND\u0130STAN)  \u00d6zel Sertifikal\u0131  Kutsal Rudraksha A\u011fac\u0131, ayd\u0131nlanman\u0131n \u0131\u015f\u0131\u011f\u0131 ve sembol\u00fc olarak g\u00f6r\u00fcl\u00fcr. Ve birden fazla y\u00fcz\u00fc vard\u0131r. Ne kadar \u00e7ok y\u00fcz\u00fc varsa o derece k\u0131ymetli ve az bulunur. Rudraksha\u2019n\u0131n y\u00fczleri spirit\u00fcalizm\u2019de \u00e7ok farkl\u0131 anlamlara i\u015faret eder. Ama hepsi ayd\u0131nlanma yolunda sizin rehberiniz olacakt\u0131r \u00e7\u00fcnk\u00fc her bir rudraksha tohumu manevi d\u00fcnyan\u0131n rehberi olarak g\u00f6r\u00fcl\u00fcr. Mutlaka mesaj\u0131na g\u00f6re bir tane \u00fczerinizde ta\u015f\u0131mal\u0131s\u0131n\u0131z. Size \u015fans ve koruma (ruhsal) getirecektir.  A\u015fk, bir olma, duygular\u0131 dengeleme  Lord Ardhanarishvara ile ili\u015fkilendirilir. Evrenin eril ve di\u015fil enerjilerinin (Purusha ve Prakriti) sentezini temsil eder. \u0130kili ili\u015fkilerde denge, a\u015fk\u0131 ve sevgiyi bulma, ikiden bir olma ve birlik bilinci ile sembolize edilir.  Mantras\u0131: Om namah.  Gezegeni: Ay  Stress, mide sorunu, depresyon ile ilgili destekledi\u011fi d\u00fc\u015f\u00fcn\u00fcl\u00fcr.\" \/>\n<meta property=\"og:url\" content=\"https:\/\/astrologelvan.com\/magaza\/urun\/2-mukhi-yuzlu-rudraksha-kolye\/\" \/>\n<meta property=\"og:site_name\" content=\"Astrolog Elvan\" \/>\n<meta property=\"article:modified_time\" content=\"2025-12-01T06:42:24+00:00\" \/>\n<meta property=\"og:image\" content=\"https:\/\/astrologelvan.com\/magaza\/wp-content\/uploads\/2024\/03\/2-2-1-scaled.jpg\" \/>\n\t<meta property=\"og:image:width\" content=\"2560\" \/>\n\t<meta property=\"og:image:height\" content=\"1920\" \/>\n\t<meta property=\"og:image:type\" content=\"image\/jpeg\" \/>\n<meta name=\"twitter:card\" content=\"summary_large_image\" \/>\n<meta name=\"twitter:label1\" content=\"Tahmini okuma s\u00fcresi\" \/>\n\t<meta name=\"twitter:data1\" content=\"1 dakika\" \/>\n<script type=\"application\/ld+json\" class=\"yoast-schema-graph\">{\"@context\":\"https:\\\/\\\/schema.org\",\"@graph\":[{\"@type\":[\"WebPage\",\"ItemPage\"],\"@id\":\"https:\\\/\\\/astrologelvan.com\\\/magaza\\\/urun\\\/2-mukhi-yuzlu-rudraksha-kolye\\\/\",\"url\":\"https:\\\/\\\/astrologelvan.com\\\/magaza\\\/urun\\\/2-mukhi-yuzlu-rudraksha-kolye\\\/\",\"name\":\"2 MUKH\u0130 (Y\u00dcZL\u00dc) RUDRAKSHA KOLYE - Astrolog Elvan\",\"isPartOf\":{\"@id\":\"https:\\\/\\\/astrologelvan.com\\\/magaza\\\/#website\"},\"primaryImageOfPage\":{\"@id\":\"https:\\\/\\\/astrologelvan.com\\\/magaza\\\/urun\\\/2-mukhi-yuzlu-rudraksha-kolye\\\/#primaryimage\"},\"image\":{\"@id\":\"https:\\\/\\\/astrologelvan.com\\\/magaza\\\/urun\\\/2-mukhi-yuzlu-rudraksha-kolye\\\/#primaryimage\"},\"thumbnailUrl\":\"https:\\\/\\\/astrologelvan.com\\\/magaza\\\/wp-content\\\/uploads\\\/2024\\\/03\\\/2-2-1-scaled.jpg\",\"datePublished\":\"2024-03-29T11:19:55+00:00\",\"dateModified\":\"2025-12-01T06:42:24+00:00\",\"breadcrumb\":{\"@id\":\"https:\\\/\\\/astrologelvan.com\\\/magaza\\\/urun\\\/2-mukhi-yuzlu-rudraksha-kolye\\\/#breadcrumb\"},\"inLanguage\":\"tr\",\"potentialAction\":[{\"@type\":\"ReadAction\",\"target\":[\"https:\\\/\\\/astrologelvan.com\\\/magaza\\\/urun\\\/2-mukhi-yuzlu-rudraksha-kolye\\\/\"]}]},{\"@type\":\"ImageObject\",\"inLanguage\":\"tr\",\"@id\":\"https:\\\/\\\/astrologelvan.com\\\/magaza\\\/urun\\\/2-mukhi-yuzlu-rudraksha-kolye\\\/#primaryimage\",\"url\":\"https:\\\/\\\/astrologelvan.com\\\/magaza\\\/wp-content\\\/uploads\\\/2024\\\/03\\\/2-2-1-scaled.jpg\",\"contentUrl\":\"https:\\\/\\\/astrologelvan.com\\\/magaza\\\/wp-content\\\/uploads\\\/2024\\\/03\\\/2-2-1-scaled.jpg\",\"width\":2560,\"height\":1920},{\"@type\":\"BreadcrumbList\",\"@id\":\"https:\\\/\\\/astrologelvan.com\\\/magaza\\\/urun\\\/2-mukhi-yuzlu-rudraksha-kolye\\\/#breadcrumb\",\"itemListElement\":[{\"@type\":\"ListItem\",\"position\":1,\"name\":\"Anasayfa\",\"item\":\"https:\\\/\\\/astrologelvan.com\\\/magaza\\\/\"},{\"@type\":\"ListItem\",\"position\":2,\"name\":\"Ma\u011faza\",\"item\":\"https:\\\/\\\/astrologelvan.com\\\/magaza\\\/magaza\\\/\"},{\"@type\":\"ListItem\",\"position\":3,\"name\":\"2 MUKH\u0130 (Y\u00dcZL\u00dc) RUDRAKSHA KOLYE\"}]},{\"@type\":\"WebSite\",\"@id\":\"https:\\\/\\\/astrologelvan.com\\\/magaza\\\/#website\",\"url\":\"https:\\\/\\\/astrologelvan.com\\\/magaza\\\/\",\"name\":\"Astrolog Elvan\",\"description\":\"\",\"potentialAction\":[{\"@type\":\"SearchAction\",\"target\":{\"@type\":\"EntryPoint\",\"urlTemplate\":\"https:\\\/\\\/astrologelvan.com\\\/magaza\\\/?s={search_term_string}\"},\"query-input\":{\"@type\":\"PropertyValueSpecification\",\"valueRequired\":true,\"valueName\":\"search_term_string\"}}],\"inLanguage\":\"tr\"}]}<\/script>\n<!-- \/ Yoast SEO plugin. -->","yoast_head_json":{"title":"2 MUKH\u0130 (Y\u00dcZL\u00dc) RUDRAKSHA KOLYE - Astrolog Elvan","robots":{"index":"index","follow":"follow","max-snippet":"max-snippet:-1","max-image-preview":"max-image-preview:large","max-video-preview":"max-video-preview:-1"},"canonical":"https:\/\/astrologelvan.com\/magaza\/urun\/2-mukhi-yuzlu-rudraksha-kolye\/","og_locale":"tr_TR","og_type":"article","og_title":"2 MUKH\u0130 (Y\u00dcZL\u00dc) RUDRAKSHA KOLYE - Astrolog Elvan","og_description":"RUHRAKSHA TOHUMU KOLYE (H\u0130ND\u0130STAN)  \u00d6zel Sertifikal\u0131  Kutsal Rudraksha A\u011fac\u0131, ayd\u0131nlanman\u0131n \u0131\u015f\u0131\u011f\u0131 ve sembol\u00fc olarak g\u00f6r\u00fcl\u00fcr. Ve birden fazla y\u00fcz\u00fc vard\u0131r. Ne kadar \u00e7ok y\u00fcz\u00fc varsa o derece k\u0131ymetli ve az bulunur. Rudraksha\u2019n\u0131n y\u00fczleri spirit\u00fcalizm\u2019de \u00e7ok farkl\u0131 anlamlara i\u015faret eder. Ama hepsi ayd\u0131nlanma yolunda sizin rehberiniz olacakt\u0131r \u00e7\u00fcnk\u00fc her bir rudraksha tohumu manevi d\u00fcnyan\u0131n rehberi olarak g\u00f6r\u00fcl\u00fcr. Mutlaka mesaj\u0131na g\u00f6re bir tane \u00fczerinizde ta\u015f\u0131mal\u0131s\u0131n\u0131z. Size \u015fans ve koruma (ruhsal) getirecektir.  A\u015fk, bir olma, duygular\u0131 dengeleme  Lord Ardhanarishvara ile ili\u015fkilendirilir. Evrenin eril ve di\u015fil enerjilerinin (Purusha ve Prakriti) sentezini temsil eder. \u0130kili ili\u015fkilerde denge, a\u015fk\u0131 ve sevgiyi bulma, ikiden bir olma ve birlik bilinci ile sembolize edilir.  Mantras\u0131: Om namah.  Gezegeni: Ay  Stress, mide sorunu, depresyon ile ilgili destekledi\u011fi d\u00fc\u015f\u00fcn\u00fcl\u00fcr.","og_url":"https:\/\/astrologelvan.com\/magaza\/urun\/2-mukhi-yuzlu-rudraksha-kolye\/","og_site_name":"Astrolog Elvan","article_modified_time":"2025-12-01T06:42:24+00:00","og_image":[{"width":2560,"height":1920,"url":"https:\/\/astrologelvan.com\/magaza\/wp-content\/uploads\/2024\/03\/2-2-1-scaled.jpg","type":"image\/jpeg"}],"twitter_card":"summary_large_image","twitter_misc":{"Tahmini okuma s\u00fcresi":"1 dakika"},"schema":{"@context":"https:\/\/schema.org","@graph":[{"@type":["WebPage","ItemPage"],"@id":"https:\/\/astrologelvan.com\/magaza\/urun\/2-mukhi-yuzlu-rudraksha-kolye\/","url":"https:\/\/astrologelvan.com\/magaza\/urun\/2-mukhi-yuzlu-rudraksha-kolye\/","name":"2 MUKH\u0130 (Y\u00dcZL\u00dc) RUDRAKSHA KOLYE - Astrolog Elvan","isPartOf":{"@id":"https:\/\/astrologelvan.com\/magaza\/#website"},"primaryImageOfPage":{"@id":"https:\/\/astrologelvan.com\/magaza\/urun\/2-mukhi-yuzlu-rudraksha-kolye\/#primaryimage"},"image":{"@id":"https:\/\/astrologelvan.com\/magaza\/urun\/2-mukhi-yuzlu-rudraksha-kolye\/#primaryimage"},"thumbnailUrl":"https:\/\/astrologelvan.com\/magaza\/wp-content\/uploads\/2024\/03\/2-2-1-scaled.jpg","datePublished":"2024-03-29T11:19:55+00:00","dateModified":"2025-12-01T06:42:24+00:00","breadcrumb":{"@id":"https:\/\/astrologelvan.com\/magaza\/urun\/2-mukhi-yuzlu-rudraksha-kolye\/#breadcrumb"},"inLanguage":"tr","potentialAction":[{"@type":"ReadAction","target":["https:\/\/astrologelvan.com\/magaza\/urun\/2-mukhi-yuzlu-rudraksha-kolye\/"]}]},{"@type":"ImageObject","inLanguage":"tr","@id":"https:\/\/astrologelvan.com\/magaza\/urun\/2-mukhi-yuzlu-rudraksha-kolye\/#primaryimage","url":"https:\/\/astrologelvan.com\/magaza\/wp-content\/uploads\/2024\/03\/2-2-1-scaled.jpg","contentUrl":"https:\/\/astrologelvan.com\/magaza\/wp-content\/uploads\/2024\/03\/2-2-1-scaled.jpg","width":2560,"height":1920},{"@type":"BreadcrumbList","@id":"https:\/\/astrologelvan.com\/magaza\/urun\/2-mukhi-yuzlu-rudraksha-kolye\/#breadcrumb","itemListElement":[{"@type":"ListItem","position":1,"name":"Anasayfa","item":"https:\/\/astrologelvan.com\/magaza\/"},{"@type":"ListItem","position":2,"name":"Ma\u011faza","item":"https:\/\/astrologelvan.com\/magaza\/magaza\/"},{"@type":"ListItem","position":3,"name":"2 MUKH\u0130 (Y\u00dcZL\u00dc) RUDRAKSHA KOLYE"}]},{"@type":"WebSite","@id":"https:\/\/astrologelvan.com\/magaza\/#website","url":"https:\/\/astrologelvan.com\/magaza\/","name":"Astrolog Elvan","description":"","potentialAction":[{"@type":"SearchAction","target":{"@type":"EntryPoint","urlTemplate":"https:\/\/astrologelvan.com\/magaza\/?s={search_term_string}"},"query-input":{"@type":"PropertyValueSpecification","valueRequired":true,"valueName":"search_term_string"}}],"inLanguage":"tr"}]}},"_links":{"self":[{"href":"https:\/\/astrologelvan.com\/magaza\/wp-json\/wp\/v2\/product\/5170","targetHints":{"allow":["GET"]}}],"collection":[{"href":"https:\/\/astrologelvan.com\/magaza\/wp-json\/wp\/v2\/product"}],"about":[{"href":"https:\/\/astrologelvan.com\/magaza\/wp-json\/wp\/v2\/types\/product"}],"replies":[{"embeddable":true,"href":"https:\/\/astrologelvan.com\/magaza\/wp-json\/wp\/v2\/comments?post=5170"}],"wp:featuredmedia":[{"embeddable":true,"href":"https:\/\/astrologelvan.com\/magaza\/wp-json\/wp\/v2\/media\/5171"}],"wp:attachment":[{"href":"https:\/\/astrologelvan.com\/magaza\/wp-json\/wp\/v2\/media?parent=5170"}],"wp:term":[{"taxonomy":"product_brand","embeddable":true,"href":"https:\/\/astrologelvan.com\/magaza\/wp-json\/wp\/v2\/product_brand?post=5170"},{"taxonomy":"product_cat","embeddable":true,"href":"https:\/\/astrologelvan.com\/magaza\/wp-json\/wp\/v2\/product_cat?post=5170"},{"taxonomy":"product_tag","embeddable":true,"href":"https:\/\/astrologelvan.com\/magaza\/wp-json\/wp\/v2\/product_tag?post=5170"}],"curies":[{"name":"wp","href":"https:\/\/api.w.org\/{rel}","templated":true}]}}