{"id":51311,"date":"2025-02-21T21:37:19","date_gmt":"2025-02-21T18:37:19","guid":{"rendered":"https:\/\/astrologelvan.com\/magaza\/?post_type=product&#038;p=51311"},"modified":"2026-02-12T15:26:18","modified_gmt":"2026-02-12T12:26:18","slug":"rodonit-ozel-seri-kolye","status":"publish","type":"product","link":"https:\/\/astrologelvan.com\/magaza\/urun\/rodonit-ozel-seri-kolye\/","title":{"rendered":"Rodonit \u00d6zel Seri Kolye"},"content":{"rendered":"","protected":false},"excerpt":{"rendered":"<p>Detoks ta\u015f\u0131 olarak bilinen Rodonit v\u00fccudun g\u00fc\u00e7lenmesini destekler.<br \/>\n\u0130li\u015fkilere bar\u0131\u015f getirmeye yard\u0131mc\u0131 olur.<br \/>\nPembenin \u00f6zg\u00fcn bir tonuna sahip olan ta\u015f, siyah veya kahverengi damarlara sahip olarak bulunur.<br \/>\nKar\u015f\u0131l\u0131ks\u0131z sevgiyi temsil eden pembe ta\u015flardan biri olan Rodonit, enerji dengelemeye yard\u0131mc\u0131 alan\u0131nda etkili bir kristaldir.<br \/>\nKalp \u00e7akras\u0131 ile yak\u0131ndan ili\u015fkilidir.<br \/>\n\u015eifal\u0131 enerjisi y\u00fcksektir ve \u00e7akra ta\u015f\u0131 olarak kullan\u0131labilir.<\/p>\n","protected":false},"featured_media":51312,"comment_status":"open","ping_status":"closed","template":"","meta":[],"product_brand":[],"product_cat":[26,48,129,474],"product_tag":[],"class_list":{"0":"post-51311","1":"product","2":"type-product","3":"status-publish","4":"has-post-thumbnail","6":"product_cat-genel","7":"product_cat-kolyeler","8":"product_cat-ozel-kolye-serisi","9":"product_cat-rodonit-tasi","11":"first","12":"instock","13":"purchasable","14":"product-type-simple"},"yoast_head":"<!-- This site is optimized with the Yoast SEO plugin v27.3 - https:\/\/yoast.com\/product\/yoast-seo-wordpress\/ -->\n<title>Rodonit \u00d6zel Seri Kolye - Astrolog Elvan<\/title>\n<meta name=\"robots\" content=\"index, follow, max-snippet:-1, max-image-preview:large, max-video-preview:-1\" \/>\n<link rel=\"canonical\" href=\"https:\/\/astrologelvan.com\/magaza\/urun\/rodonit-ozel-seri-kolye\/\" \/>\n<meta property=\"og:locale\" content=\"tr_TR\" \/>\n<meta property=\"og:type\" content=\"article\" \/>\n<meta property=\"og:title\" content=\"Rodonit \u00d6zel Seri Kolye - Astrolog Elvan\" \/>\n<meta property=\"og:description\" content=\"Detoks ta\u015f\u0131 olarak bilinen Rodonit v\u00fccudun g\u00fc\u00e7lenmesini destekler. \u0130li\u015fkilere bar\u0131\u015f getirmeye yard\u0131mc\u0131 olur. Pembenin \u00f6zg\u00fcn bir tonuna sahip olan ta\u015f, siyah veya kahverengi damarlara sahip olarak bulunur. Kar\u015f\u0131l\u0131ks\u0131z sevgiyi temsil eden pembe ta\u015flardan biri olan Rodonit, enerji dengelemeye yard\u0131mc\u0131 alan\u0131nda etkili bir kristaldir. Kalp \u00e7akras\u0131 ile yak\u0131ndan ili\u015fkilidir. \u015eifal\u0131 enerjisi y\u00fcksektir ve \u00e7akra ta\u015f\u0131 olarak kullan\u0131labilir.\" \/>\n<meta property=\"og:url\" content=\"https:\/\/astrologelvan.com\/magaza\/urun\/rodonit-ozel-seri-kolye\/\" \/>\n<meta property=\"og:site_name\" content=\"Astrolog Elvan\" \/>\n<meta property=\"article:modified_time\" content=\"2026-02-12T12:26:18+00:00\" \/>\n<meta property=\"og:image\" content=\"https:\/\/astrologelvan.com\/magaza\/wp-content\/uploads\/2025\/02\/7-scaled.jpg\" \/>\n\t<meta property=\"og:image:width\" content=\"1707\" \/>\n\t<meta property=\"og:image:height\" content=\"2560\" \/>\n\t<meta property=\"og:image:type\" content=\"image\/jpeg\" \/>\n<meta name=\"twitter:card\" content=\"summary_large_image\" \/>\n<meta name=\"twitter:label1\" content=\"Tahmini okuma s\u00fcresi\" \/>\n\t<meta name=\"twitter:data1\" content=\"1 dakika\" \/>\n<script type=\"application\/ld+json\" class=\"yoast-schema-graph\">{\"@context\":\"https:\\\/\\\/schema.org\",\"@graph\":[{\"@type\":[\"WebPage\",\"ItemPage\"],\"@id\":\"https:\\\/\\\/astrologelvan.com\\\/magaza\\\/urun\\\/rodonit-ozel-seri-kolye\\\/\",\"url\":\"https:\\\/\\\/astrologelvan.com\\\/magaza\\\/urun\\\/rodonit-ozel-seri-kolye\\\/\",\"name\":\"Rodonit \u00d6zel Seri Kolye - Astrolog Elvan\",\"isPartOf\":{\"@id\":\"https:\\\/\\\/astrologelvan.com\\\/magaza\\\/#website\"},\"primaryImageOfPage\":{\"@id\":\"https:\\\/\\\/astrologelvan.com\\\/magaza\\\/urun\\\/rodonit-ozel-seri-kolye\\\/#primaryimage\"},\"image\":{\"@id\":\"https:\\\/\\\/astrologelvan.com\\\/magaza\\\/urun\\\/rodonit-ozel-seri-kolye\\\/#primaryimage\"},\"thumbnailUrl\":\"https:\\\/\\\/astrologelvan.com\\\/magaza\\\/wp-content\\\/uploads\\\/2025\\\/02\\\/7-scaled.jpg\",\"datePublished\":\"2025-02-21T18:37:19+00:00\",\"dateModified\":\"2026-02-12T12:26:18+00:00\",\"breadcrumb\":{\"@id\":\"https:\\\/\\\/astrologelvan.com\\\/magaza\\\/urun\\\/rodonit-ozel-seri-kolye\\\/#breadcrumb\"},\"inLanguage\":\"tr\",\"potentialAction\":[{\"@type\":\"ReadAction\",\"target\":[\"https:\\\/\\\/astrologelvan.com\\\/magaza\\\/urun\\\/rodonit-ozel-seri-kolye\\\/\"]}]},{\"@type\":\"ImageObject\",\"inLanguage\":\"tr\",\"@id\":\"https:\\\/\\\/astrologelvan.com\\\/magaza\\\/urun\\\/rodonit-ozel-seri-kolye\\\/#primaryimage\",\"url\":\"https:\\\/\\\/astrologelvan.com\\\/magaza\\\/wp-content\\\/uploads\\\/2025\\\/02\\\/7-scaled.jpg\",\"contentUrl\":\"https:\\\/\\\/astrologelvan.com\\\/magaza\\\/wp-content\\\/uploads\\\/2025\\\/02\\\/7-scaled.jpg\",\"width\":1707,\"height\":2560},{\"@type\":\"BreadcrumbList\",\"@id\":\"https:\\\/\\\/astrologelvan.com\\\/magaza\\\/urun\\\/rodonit-ozel-seri-kolye\\\/#breadcrumb\",\"itemListElement\":[{\"@type\":\"ListItem\",\"position\":1,\"name\":\"Anasayfa\",\"item\":\"https:\\\/\\\/astrologelvan.com\\\/magaza\\\/\"},{\"@type\":\"ListItem\",\"position\":2,\"name\":\"Ma\u011faza\",\"item\":\"https:\\\/\\\/astrologelvan.com\\\/magaza\\\/magaza\\\/\"},{\"@type\":\"ListItem\",\"position\":3,\"name\":\"Rodonit \u00d6zel Seri Kolye\"}]},{\"@type\":\"WebSite\",\"@id\":\"https:\\\/\\\/astrologelvan.com\\\/magaza\\\/#website\",\"url\":\"https:\\\/\\\/astrologelvan.com\\\/magaza\\\/\",\"name\":\"Astrolog Elvan\",\"description\":\"\",\"potentialAction\":[{\"@type\":\"SearchAction\",\"target\":{\"@type\":\"EntryPoint\",\"urlTemplate\":\"https:\\\/\\\/astrologelvan.com\\\/magaza\\\/?s={search_term_string}\"},\"query-input\":{\"@type\":\"PropertyValueSpecification\",\"valueRequired\":true,\"valueName\":\"search_term_string\"}}],\"inLanguage\":\"tr\"}]}<\/script>\n<!-- \/ Yoast SEO plugin. -->","yoast_head_json":{"title":"Rodonit \u00d6zel Seri Kolye - Astrolog Elvan","robots":{"index":"index","follow":"follow","max-snippet":"max-snippet:-1","max-image-preview":"max-image-preview:large","max-video-preview":"max-video-preview:-1"},"canonical":"https:\/\/astrologelvan.com\/magaza\/urun\/rodonit-ozel-seri-kolye\/","og_locale":"tr_TR","og_type":"article","og_title":"Rodonit \u00d6zel Seri Kolye - Astrolog Elvan","og_description":"Detoks ta\u015f\u0131 olarak bilinen Rodonit v\u00fccudun g\u00fc\u00e7lenmesini destekler. \u0130li\u015fkilere bar\u0131\u015f getirmeye yard\u0131mc\u0131 olur. Pembenin \u00f6zg\u00fcn bir tonuna sahip olan ta\u015f, siyah veya kahverengi damarlara sahip olarak bulunur. Kar\u015f\u0131l\u0131ks\u0131z sevgiyi temsil eden pembe ta\u015flardan biri olan Rodonit, enerji dengelemeye yard\u0131mc\u0131 alan\u0131nda etkili bir kristaldir. Kalp \u00e7akras\u0131 ile yak\u0131ndan ili\u015fkilidir. \u015eifal\u0131 enerjisi y\u00fcksektir ve \u00e7akra ta\u015f\u0131 olarak kullan\u0131labilir.","og_url":"https:\/\/astrologelvan.com\/magaza\/urun\/rodonit-ozel-seri-kolye\/","og_site_name":"Astrolog Elvan","article_modified_time":"2026-02-12T12:26:18+00:00","og_image":[{"width":1707,"height":2560,"url":"https:\/\/astrologelvan.com\/magaza\/wp-content\/uploads\/2025\/02\/7-scaled.jpg","type":"image\/jpeg"}],"twitter_card":"summary_large_image","twitter_misc":{"Tahmini okuma s\u00fcresi":"1 dakika"},"schema":{"@context":"https:\/\/schema.org","@graph":[{"@type":["WebPage","ItemPage"],"@id":"https:\/\/astrologelvan.com\/magaza\/urun\/rodonit-ozel-seri-kolye\/","url":"https:\/\/astrologelvan.com\/magaza\/urun\/rodonit-ozel-seri-kolye\/","name":"Rodonit \u00d6zel Seri Kolye - Astrolog Elvan","isPartOf":{"@id":"https:\/\/astrologelvan.com\/magaza\/#website"},"primaryImageOfPage":{"@id":"https:\/\/astrologelvan.com\/magaza\/urun\/rodonit-ozel-seri-kolye\/#primaryimage"},"image":{"@id":"https:\/\/astrologelvan.com\/magaza\/urun\/rodonit-ozel-seri-kolye\/#primaryimage"},"thumbnailUrl":"https:\/\/astrologelvan.com\/magaza\/wp-content\/uploads\/2025\/02\/7-scaled.jpg","datePublished":"2025-02-21T18:37:19+00:00","dateModified":"2026-02-12T12:26:18+00:00","breadcrumb":{"@id":"https:\/\/astrologelvan.com\/magaza\/urun\/rodonit-ozel-seri-kolye\/#breadcrumb"},"inLanguage":"tr","potentialAction":[{"@type":"ReadAction","target":["https:\/\/astrologelvan.com\/magaza\/urun\/rodonit-ozel-seri-kolye\/"]}]},{"@type":"ImageObject","inLanguage":"tr","@id":"https:\/\/astrologelvan.com\/magaza\/urun\/rodonit-ozel-seri-kolye\/#primaryimage","url":"https:\/\/astrologelvan.com\/magaza\/wp-content\/uploads\/2025\/02\/7-scaled.jpg","contentUrl":"https:\/\/astrologelvan.com\/magaza\/wp-content\/uploads\/2025\/02\/7-scaled.jpg","width":1707,"height":2560},{"@type":"BreadcrumbList","@id":"https:\/\/astrologelvan.com\/magaza\/urun\/rodonit-ozel-seri-kolye\/#breadcrumb","itemListElement":[{"@type":"ListItem","position":1,"name":"Anasayfa","item":"https:\/\/astrologelvan.com\/magaza\/"},{"@type":"ListItem","position":2,"name":"Ma\u011faza","item":"https:\/\/astrologelvan.com\/magaza\/magaza\/"},{"@type":"ListItem","position":3,"name":"Rodonit \u00d6zel Seri Kolye"}]},{"@type":"WebSite","@id":"https:\/\/astrologelvan.com\/magaza\/#website","url":"https:\/\/astrologelvan.com\/magaza\/","name":"Astrolog Elvan","description":"","potentialAction":[{"@type":"SearchAction","target":{"@type":"EntryPoint","urlTemplate":"https:\/\/astrologelvan.com\/magaza\/?s={search_term_string}"},"query-input":{"@type":"PropertyValueSpecification","valueRequired":true,"valueName":"search_term_string"}}],"inLanguage":"tr"}]}},"_links":{"self":[{"href":"https:\/\/astrologelvan.com\/magaza\/wp-json\/wp\/v2\/product\/51311","targetHints":{"allow":["GET"]}}],"collection":[{"href":"https:\/\/astrologelvan.com\/magaza\/wp-json\/wp\/v2\/product"}],"about":[{"href":"https:\/\/astrologelvan.com\/magaza\/wp-json\/wp\/v2\/types\/product"}],"replies":[{"embeddable":true,"href":"https:\/\/astrologelvan.com\/magaza\/wp-json\/wp\/v2\/comments?post=51311"}],"wp:featuredmedia":[{"embeddable":true,"href":"https:\/\/astrologelvan.com\/magaza\/wp-json\/wp\/v2\/media\/51312"}],"wp:attachment":[{"href":"https:\/\/astrologelvan.com\/magaza\/wp-json\/wp\/v2\/media?parent=51311"}],"wp:term":[{"taxonomy":"product_brand","embeddable":true,"href":"https:\/\/astrologelvan.com\/magaza\/wp-json\/wp\/v2\/product_brand?post=51311"},{"taxonomy":"product_cat","embeddable":true,"href":"https:\/\/astrologelvan.com\/magaza\/wp-json\/wp\/v2\/product_cat?post=51311"},{"taxonomy":"product_tag","embeddable":true,"href":"https:\/\/astrologelvan.com\/magaza\/wp-json\/wp\/v2\/product_tag?post=51311"}],"curies":[{"name":"wp","href":"https:\/\/api.w.org\/{rel}","templated":true}]}}