{"id":50963,"date":"2025-02-20T15:00:24","date_gmt":"2025-02-20T12:00:24","guid":{"rendered":"https:\/\/astrologelvan.com\/magaza\/?post_type=product&#038;p=50963"},"modified":"2025-10-06T08:15:44","modified_gmt":"2025-10-06T05:15:44","slug":"pembe-turmalin-kolye-ozel-seri","status":"publish","type":"product","link":"https:\/\/astrologelvan.com\/magaza\/urun\/pembe-turmalin-kolye-ozel-seri\/","title":{"rendered":"PEMBE TURMAL\u0130N KOLYE ( \u00d6zel Seri )"},"content":{"rendered":"","protected":false},"excerpt":{"rendered":"<p>Pembe Turmalin, nadir bulunan ve olduk\u00e7a de\u011ferli g\u00f6r\u00fclen bir do\u011falta\u015ft\u0131r. Ye\u015filden pembeye ge\u00e7i\u015fleri ta\u015f\u0131n ana \u00f6zelli\u011fidir ve orijinalli\u011fini g\u00f6sterir. Pembe Turmalin Kolye, k\u0131r\u0131lgan hissetti\u011fin d\u00f6nemlerde sana kucak a\u00e7an, saran bir dost gibi \u00e7al\u0131\u015f\u0131r. Sanki kalbine \u201cher \u015fey yoluna girecek\u201d diyormu\u015f gibi bir titre\u015fimi vard\u0131r. Kullan\u0131rken niyet etmek \u00e7ok \u00f6nemlidir; \u00f6rne\u011fin, \u201cKalbim sevgiyle dolsun, kendimi ve hayat\u0131 seveyim\u201d gibi bir niyetle takabilirsiniz. Ayr\u0131ca pembe turmalin ta\u015f\u0131, auran\u0131zda \u00e7ok g\u00fc\u00e7l\u00fc bir koruma kalkan\u0131 olu\u015fturur ve negatife ge\u00e7irmez olursunuz.<\/p>\n<p><strong>Do\u011fal ta\u015f oldu\u011fu i\u00e7in farkl\u0131 boy ve \u00f6l\u00e7\u00fclerde gelebilir.<\/strong><\/p>\n","protected":false},"featured_media":50964,"comment_status":"open","ping_status":"closed","template":"","meta":[],"product_brand":[],"product_cat":[502,26,255,129,643,227],"product_tag":[],"class_list":{"0":"post-50963","1":"product","2":"type-product","3":"status-publish","4":"has-post-thumbnail","6":"product_cat-dogal-tas-kolyeler","7":"product_cat-genel","8":"product_cat-gumus-kolye","9":"product_cat-ozel-kolye-serisi","10":"product_cat-pembe-turmalin-kolye-ozel-seri","11":"product_cat-turmalin-tasi","13":"first","14":"outofstock","15":"purchasable","16":"product-type-simple"},"yoast_head":"<!-- This site is optimized with the Yoast SEO plugin v27.2 - https:\/\/yoast.com\/product\/yoast-seo-wordpress\/ -->\n<title>PEMBE TURMAL\u0130N KOLYE ( \u00d6zel Seri ) - Astrolog Elvan<\/title>\n<meta name=\"robots\" content=\"index, follow, max-snippet:-1, max-image-preview:large, max-video-preview:-1\" \/>\n<link rel=\"canonical\" href=\"https:\/\/astrologelvan.com\/magaza\/urun\/pembe-turmalin-kolye-ozel-seri\/\" \/>\n<meta property=\"og:locale\" content=\"tr_TR\" \/>\n<meta property=\"og:type\" content=\"article\" \/>\n<meta property=\"og:title\" content=\"PEMBE TURMAL\u0130N KOLYE ( \u00d6zel Seri ) - Astrolog Elvan\" \/>\n<meta property=\"og:description\" content=\"Pembe Turmalin, nadir bulunan ve olduk\u00e7a de\u011ferli g\u00f6r\u00fclen bir do\u011falta\u015ft\u0131r. Ye\u015filden pembeye ge\u00e7i\u015fleri ta\u015f\u0131n ana \u00f6zelli\u011fidir ve orijinalli\u011fini g\u00f6sterir. Pembe Turmalin Kolye, k\u0131r\u0131lgan hissetti\u011fin d\u00f6nemlerde sana kucak a\u00e7an, saran bir dost gibi \u00e7al\u0131\u015f\u0131r. Sanki kalbine \u201cher \u015fey yoluna girecek\u201d diyormu\u015f gibi bir titre\u015fimi vard\u0131r. Kullan\u0131rken niyet etmek \u00e7ok \u00f6nemlidir; \u00f6rne\u011fin, \u201cKalbim sevgiyle dolsun, kendimi ve hayat\u0131 seveyim\u201d gibi bir niyetle takabilirsiniz. Ayr\u0131ca pembe turmalin ta\u015f\u0131, auran\u0131zda \u00e7ok g\u00fc\u00e7l\u00fc bir koruma kalkan\u0131 olu\u015fturur ve negatife ge\u00e7irmez olursunuz.  Do\u011fal ta\u015f oldu\u011fu i\u00e7in farkl\u0131 boy ve \u00f6l\u00e7\u00fclerde gelebilir.\" \/>\n<meta property=\"og:url\" content=\"https:\/\/astrologelvan.com\/magaza\/urun\/pembe-turmalin-kolye-ozel-seri\/\" \/>\n<meta property=\"og:site_name\" content=\"Astrolog Elvan\" \/>\n<meta property=\"article:modified_time\" content=\"2025-10-06T05:15:44+00:00\" \/>\n<meta property=\"og:image\" content=\"https:\/\/astrologelvan.com\/magaza\/wp-content\/uploads\/2025\/02\/turmalin-scaled.jpg\" \/>\n\t<meta property=\"og:image:width\" content=\"1707\" \/>\n\t<meta property=\"og:image:height\" content=\"2560\" \/>\n\t<meta property=\"og:image:type\" content=\"image\/jpeg\" \/>\n<meta name=\"twitter:card\" content=\"summary_large_image\" \/>\n<meta name=\"twitter:label1\" content=\"Tahmini okuma s\u00fcresi\" \/>\n\t<meta name=\"twitter:data1\" content=\"1 dakika\" \/>\n<script type=\"application\/ld+json\" class=\"yoast-schema-graph\">{\"@context\":\"https:\/\/schema.org\",\"@graph\":[{\"@type\":[\"WebPage\",\"ItemPage\"],\"@id\":\"https:\/\/astrologelvan.com\/magaza\/urun\/pembe-turmalin-kolye-ozel-seri\/\",\"url\":\"https:\/\/astrologelvan.com\/magaza\/urun\/pembe-turmalin-kolye-ozel-seri\/\",\"name\":\"PEMBE TURMAL\u0130N KOLYE ( \u00d6zel Seri ) - Astrolog Elvan\",\"isPartOf\":{\"@id\":\"https:\/\/astrologelvan.com\/magaza\/#website\"},\"primaryImageOfPage\":{\"@id\":\"https:\/\/astrologelvan.com\/magaza\/urun\/pembe-turmalin-kolye-ozel-seri\/#primaryimage\"},\"image\":{\"@id\":\"https:\/\/astrologelvan.com\/magaza\/urun\/pembe-turmalin-kolye-ozel-seri\/#primaryimage\"},\"thumbnailUrl\":\"https:\/\/astrologelvan.com\/magaza\/wp-content\/uploads\/2025\/02\/turmalin-scaled.jpg\",\"datePublished\":\"2025-02-20T12:00:24+00:00\",\"dateModified\":\"2025-10-06T05:15:44+00:00\",\"breadcrumb\":{\"@id\":\"https:\/\/astrologelvan.com\/magaza\/urun\/pembe-turmalin-kolye-ozel-seri\/#breadcrumb\"},\"inLanguage\":\"tr\",\"potentialAction\":[{\"@type\":\"ReadAction\",\"target\":[\"https:\/\/astrologelvan.com\/magaza\/urun\/pembe-turmalin-kolye-ozel-seri\/\"]}]},{\"@type\":\"ImageObject\",\"inLanguage\":\"tr\",\"@id\":\"https:\/\/astrologelvan.com\/magaza\/urun\/pembe-turmalin-kolye-ozel-seri\/#primaryimage\",\"url\":\"https:\/\/astrologelvan.com\/magaza\/wp-content\/uploads\/2025\/02\/turmalin-scaled.jpg\",\"contentUrl\":\"https:\/\/astrologelvan.com\/magaza\/wp-content\/uploads\/2025\/02\/turmalin-scaled.jpg\",\"width\":1707,\"height\":2560},{\"@type\":\"BreadcrumbList\",\"@id\":\"https:\/\/astrologelvan.com\/magaza\/urun\/pembe-turmalin-kolye-ozel-seri\/#breadcrumb\",\"itemListElement\":[{\"@type\":\"ListItem\",\"position\":1,\"name\":\"Anasayfa\",\"item\":\"https:\/\/astrologelvan.com\/magaza\/\"},{\"@type\":\"ListItem\",\"position\":2,\"name\":\"Ma\u011faza\",\"item\":\"https:\/\/astrologelvan.com\/magaza\/magaza\/\"},{\"@type\":\"ListItem\",\"position\":3,\"name\":\"PEMBE TURMAL\u0130N KOLYE ( \u00d6zel Seri )\"}]},{\"@type\":\"WebSite\",\"@id\":\"https:\/\/astrologelvan.com\/magaza\/#website\",\"url\":\"https:\/\/astrologelvan.com\/magaza\/\",\"name\":\"Astrolog Elvan\",\"description\":\"\",\"potentialAction\":[{\"@type\":\"SearchAction\",\"target\":{\"@type\":\"EntryPoint\",\"urlTemplate\":\"https:\/\/astrologelvan.com\/magaza\/?s={search_term_string}\"},\"query-input\":{\"@type\":\"PropertyValueSpecification\",\"valueRequired\":true,\"valueName\":\"search_term_string\"}}],\"inLanguage\":\"tr\"}]}<\/script>\n<!-- \/ Yoast SEO plugin. -->","yoast_head_json":{"title":"PEMBE TURMAL\u0130N KOLYE ( \u00d6zel Seri ) - Astrolog Elvan","robots":{"index":"index","follow":"follow","max-snippet":"max-snippet:-1","max-image-preview":"max-image-preview:large","max-video-preview":"max-video-preview:-1"},"canonical":"https:\/\/astrologelvan.com\/magaza\/urun\/pembe-turmalin-kolye-ozel-seri\/","og_locale":"tr_TR","og_type":"article","og_title":"PEMBE TURMAL\u0130N KOLYE ( \u00d6zel Seri ) - Astrolog Elvan","og_description":"Pembe Turmalin, nadir bulunan ve olduk\u00e7a de\u011ferli g\u00f6r\u00fclen bir do\u011falta\u015ft\u0131r. Ye\u015filden pembeye ge\u00e7i\u015fleri ta\u015f\u0131n ana \u00f6zelli\u011fidir ve orijinalli\u011fini g\u00f6sterir. Pembe Turmalin Kolye, k\u0131r\u0131lgan hissetti\u011fin d\u00f6nemlerde sana kucak a\u00e7an, saran bir dost gibi \u00e7al\u0131\u015f\u0131r. Sanki kalbine \u201cher \u015fey yoluna girecek\u201d diyormu\u015f gibi bir titre\u015fimi vard\u0131r. Kullan\u0131rken niyet etmek \u00e7ok \u00f6nemlidir; \u00f6rne\u011fin, \u201cKalbim sevgiyle dolsun, kendimi ve hayat\u0131 seveyim\u201d gibi bir niyetle takabilirsiniz. Ayr\u0131ca pembe turmalin ta\u015f\u0131, auran\u0131zda \u00e7ok g\u00fc\u00e7l\u00fc bir koruma kalkan\u0131 olu\u015fturur ve negatife ge\u00e7irmez olursunuz.  Do\u011fal ta\u015f oldu\u011fu i\u00e7in farkl\u0131 boy ve \u00f6l\u00e7\u00fclerde gelebilir.","og_url":"https:\/\/astrologelvan.com\/magaza\/urun\/pembe-turmalin-kolye-ozel-seri\/","og_site_name":"Astrolog Elvan","article_modified_time":"2025-10-06T05:15:44+00:00","og_image":[{"width":1707,"height":2560,"url":"https:\/\/astrologelvan.com\/magaza\/wp-content\/uploads\/2025\/02\/turmalin-scaled.jpg","type":"image\/jpeg"}],"twitter_card":"summary_large_image","twitter_misc":{"Tahmini okuma s\u00fcresi":"1 dakika"},"schema":{"@context":"https:\/\/schema.org","@graph":[{"@type":["WebPage","ItemPage"],"@id":"https:\/\/astrologelvan.com\/magaza\/urun\/pembe-turmalin-kolye-ozel-seri\/","url":"https:\/\/astrologelvan.com\/magaza\/urun\/pembe-turmalin-kolye-ozel-seri\/","name":"PEMBE TURMAL\u0130N KOLYE ( \u00d6zel Seri ) - Astrolog Elvan","isPartOf":{"@id":"https:\/\/astrologelvan.com\/magaza\/#website"},"primaryImageOfPage":{"@id":"https:\/\/astrologelvan.com\/magaza\/urun\/pembe-turmalin-kolye-ozel-seri\/#primaryimage"},"image":{"@id":"https:\/\/astrologelvan.com\/magaza\/urun\/pembe-turmalin-kolye-ozel-seri\/#primaryimage"},"thumbnailUrl":"https:\/\/astrologelvan.com\/magaza\/wp-content\/uploads\/2025\/02\/turmalin-scaled.jpg","datePublished":"2025-02-20T12:00:24+00:00","dateModified":"2025-10-06T05:15:44+00:00","breadcrumb":{"@id":"https:\/\/astrologelvan.com\/magaza\/urun\/pembe-turmalin-kolye-ozel-seri\/#breadcrumb"},"inLanguage":"tr","potentialAction":[{"@type":"ReadAction","target":["https:\/\/astrologelvan.com\/magaza\/urun\/pembe-turmalin-kolye-ozel-seri\/"]}]},{"@type":"ImageObject","inLanguage":"tr","@id":"https:\/\/astrologelvan.com\/magaza\/urun\/pembe-turmalin-kolye-ozel-seri\/#primaryimage","url":"https:\/\/astrologelvan.com\/magaza\/wp-content\/uploads\/2025\/02\/turmalin-scaled.jpg","contentUrl":"https:\/\/astrologelvan.com\/magaza\/wp-content\/uploads\/2025\/02\/turmalin-scaled.jpg","width":1707,"height":2560},{"@type":"BreadcrumbList","@id":"https:\/\/astrologelvan.com\/magaza\/urun\/pembe-turmalin-kolye-ozel-seri\/#breadcrumb","itemListElement":[{"@type":"ListItem","position":1,"name":"Anasayfa","item":"https:\/\/astrologelvan.com\/magaza\/"},{"@type":"ListItem","position":2,"name":"Ma\u011faza","item":"https:\/\/astrologelvan.com\/magaza\/magaza\/"},{"@type":"ListItem","position":3,"name":"PEMBE TURMAL\u0130N KOLYE ( \u00d6zel Seri )"}]},{"@type":"WebSite","@id":"https:\/\/astrologelvan.com\/magaza\/#website","url":"https:\/\/astrologelvan.com\/magaza\/","name":"Astrolog Elvan","description":"","potentialAction":[{"@type":"SearchAction","target":{"@type":"EntryPoint","urlTemplate":"https:\/\/astrologelvan.com\/magaza\/?s={search_term_string}"},"query-input":{"@type":"PropertyValueSpecification","valueRequired":true,"valueName":"search_term_string"}}],"inLanguage":"tr"}]}},"_links":{"self":[{"href":"https:\/\/astrologelvan.com\/magaza\/wp-json\/wp\/v2\/product\/50963","targetHints":{"allow":["GET"]}}],"collection":[{"href":"https:\/\/astrologelvan.com\/magaza\/wp-json\/wp\/v2\/product"}],"about":[{"href":"https:\/\/astrologelvan.com\/magaza\/wp-json\/wp\/v2\/types\/product"}],"replies":[{"embeddable":true,"href":"https:\/\/astrologelvan.com\/magaza\/wp-json\/wp\/v2\/comments?post=50963"}],"wp:featuredmedia":[{"embeddable":true,"href":"https:\/\/astrologelvan.com\/magaza\/wp-json\/wp\/v2\/media\/50964"}],"wp:attachment":[{"href":"https:\/\/astrologelvan.com\/magaza\/wp-json\/wp\/v2\/media?parent=50963"}],"wp:term":[{"taxonomy":"product_brand","embeddable":true,"href":"https:\/\/astrologelvan.com\/magaza\/wp-json\/wp\/v2\/product_brand?post=50963"},{"taxonomy":"product_cat","embeddable":true,"href":"https:\/\/astrologelvan.com\/magaza\/wp-json\/wp\/v2\/product_cat?post=50963"},{"taxonomy":"product_tag","embeddable":true,"href":"https:\/\/astrologelvan.com\/magaza\/wp-json\/wp\/v2\/product_tag?post=50963"}],"curies":[{"name":"wp","href":"https:\/\/api.w.org\/{rel}","templated":true}]}}