{"id":50475,"date":"2025-02-19T11:04:45","date_gmt":"2025-02-19T08:04:45","guid":{"rendered":"https:\/\/astrologelvan.com\/magaza\/?post_type=product&#038;p=50475"},"modified":"2025-10-06T08:15:44","modified_gmt":"2025-10-06T05:15:44","slug":"ideal-beden-ve-guzellik-atolyesi-hale-tagizade","status":"publish","type":"product","link":"https:\/\/astrologelvan.com\/magaza\/urun\/ideal-beden-ve-guzellik-atolyesi-hale-tagizade\/","title":{"rendered":"\u0130deal Beden ve G\u00fczellik At\u00f6lyesi | Hale Ta\u011f\u0131zade"},"content":{"rendered":"","protected":false},"excerpt":{"rendered":"<p>G\u00fczelli\u011fin ve sa\u011fl\u0131kl\u0131, fit bir bedenin s\u0131rr\u0131 bilin\u00e7alt\u0131 kodlar\u0131nda sakl\u0131!<br \/>\nBedeninizin do\u011fal dengesini bularak, kendinizi g\u00fczel ve hafif hissedece\u011finiz bir d\u00f6n\u00fc\u015f\u00fcm ba\u015flatmaya haz\u0131r m\u0131s\u0131n\u0131z?<\/p>\n<p><strong>Bu at\u00f6lyede neler var?<\/strong><br \/>\n\u2714\ufe0f ThetaHealing ile DNA ve h\u00fccre gen\u00e7le\u015ftirme aktivasyonu<br \/>\n\u2714\ufe0f Bilin\u00e7alt\u0131 teknikleriyle ideal bedene ula\u015fma yollar\u0131<br \/>\n\u2714\ufe0f Do\u011fal ta\u015flarla enerji dengeleme<br \/>\n\u2714\ufe0f G\u00fczellik meditasyonu ve rit\u00fceller<br \/>\n\u2714\ufe0f G\u00fczelli\u011fi destekleyen t\u00fcts\u00fcler ve ar\u0131nma \u00e7al\u0131\u015fmalar\u0131<br \/>\n\u2714\ufe0f Jean Adrienne Ar\u0131nma Sistemi (JAAS) ile blokajlar\u0131 temizleme<\/p>\n<p>\ud83d\udd39 Kendinizi aynada g\u00f6rd\u00fc\u011f\u00fcn\u00fczde mutlu hissetmek m\u00fcmk\u00fcn!<br \/>\n\ud83d\udd39 Ruhunuzdan ba\u015flayarak bedeninizi d\u00f6n\u00fc\u015ft\u00fcrmek i\u00e7in bu \u00f6zel \u00e7al\u0131\u015fmaya davetlisiniz!<\/p>\n<p><strong><em>At\u00f6lye 27 \u015eubat gecesi T\u00fcrkiye saati ile 20:00\u2019da zoom \u00fczerinden Hale Ta\u011f\u0131zade e\u015fli\u011finde canl\u0131 olarak yap\u0131lacak<\/em>.<\/strong><\/p>\n<p>Sipari\u015flerinizi olu\u015ftururken aktif kulland\u0131\u011f\u0131n\u0131z telefon numaran\u0131z\u0131 ve e-mail adresinizi girmelisiniz.<br \/>\n<strong>At\u00f6lye kat\u0131l\u0131m linkleri<\/strong>\u00a0<u>belirtti\u011finiz numaraya SMS olarak, belirtti\u011finiz e-mail adresine e-mail olarak g\u00f6nderilecektir.<\/u><br \/>\nSMS ve E-mail adresinizi do\u011fru yazd\u0131\u011f\u0131n\u0131za ve SMS ve E-mail kutunuzun dolu olmamas\u0131na dikkat ediniz.<\/p>\n<p>At\u00f6lye kay\u0131tlar\u0131 sat\u0131n alan ki\u015filere canl\u0131 yay\u0131n sonras\u0131ndaki g\u00fcnlerde yine ayn\u0131 kanallardan iletilecektir.<br \/>\n<strong>Her at\u00f6lye kayd\u0131 bir ki\u015fi i\u00e7in ge\u00e7erlidir, yasal olarak bir ba\u015fkas\u0131 ile payla\u015f\u0131lamaz.\u00a0<\/strong><\/p>\n<div class=\"sales-counter\" style=\" margin: 1em 0; padding: 10px; background-color: #fff; border: 1px solid #ddd;\">\u2728 87 Ki\u015fi Yerini Ay\u0131rtt\u0131!<\/div>\n","protected":false},"featured_media":50493,"comment_status":"open","ping_status":"closed","template":"","meta":[],"product_brand":[],"product_cat":[494],"product_tag":[496,634,635,631,636,633,632,500],"class_list":{"0":"post-50475","1":"product","2":"type-product","3":"status-publish","4":"has-post-thumbnail","6":"product_cat-atolyeler","7":"product_tag-atolye","8":"product_tag-beden","9":"product_tag-guzellik","10":"product_tag-hale","11":"product_tag-healing","12":"product_tag-ideal","13":"product_tag-tagizade","14":"product_tag-theta","16":"first","17":"outofstock","18":"virtual","19":"taxable","20":"purchasable","21":"product-type-simple"},"yoast_head":"<!-- This site is optimized with the Yoast SEO plugin v27.3 - https:\/\/yoast.com\/product\/yoast-seo-wordpress\/ -->\n<title>\u0130deal Beden ve G\u00fczellik At\u00f6lyesi | Hale Ta\u011f\u0131zade - Astrolog Elvan<\/title>\n<meta name=\"robots\" content=\"index, follow, max-snippet:-1, max-image-preview:large, max-video-preview:-1\" \/>\n<link rel=\"canonical\" href=\"https:\/\/astrologelvan.com\/magaza\/urun\/ideal-beden-ve-guzellik-atolyesi-hale-tagizade\/\" \/>\n<meta property=\"og:locale\" content=\"tr_TR\" \/>\n<meta property=\"og:type\" content=\"article\" \/>\n<meta property=\"og:title\" content=\"\u0130deal Beden ve G\u00fczellik At\u00f6lyesi | Hale Ta\u011f\u0131zade - Astrolog Elvan\" \/>\n<meta property=\"og:description\" content=\"G\u00fczelli\u011fin ve sa\u011fl\u0131kl\u0131, fit bir bedenin s\u0131rr\u0131 bilin\u00e7alt\u0131 kodlar\u0131nda sakl\u0131! Bedeninizin do\u011fal dengesini bularak, kendinizi g\u00fczel ve hafif hissedece\u011finiz bir d\u00f6n\u00fc\u015f\u00fcm ba\u015flatmaya haz\u0131r m\u0131s\u0131n\u0131z?  Bu at\u00f6lyede neler var? \u2714\ufe0f ThetaHealing ile DNA ve h\u00fccre gen\u00e7le\u015ftirme aktivasyonu \u2714\ufe0f Bilin\u00e7alt\u0131 teknikleriyle ideal bedene ula\u015fma yollar\u0131 \u2714\ufe0f Do\u011fal ta\u015flarla enerji dengeleme \u2714\ufe0f G\u00fczellik meditasyonu ve rit\u00fceller \u2714\ufe0f G\u00fczelli\u011fi destekleyen t\u00fcts\u00fcler ve ar\u0131nma \u00e7al\u0131\u015fmalar\u0131 \u2714\ufe0f Jean Adrienne Ar\u0131nma Sistemi (JAAS) ile blokajlar\u0131 temizleme  \ud83d\udd39 Kendinizi aynada g\u00f6rd\u00fc\u011f\u00fcn\u00fczde mutlu hissetmek m\u00fcmk\u00fcn! \ud83d\udd39 Ruhunuzdan ba\u015flayarak bedeninizi d\u00f6n\u00fc\u015ft\u00fcrmek i\u00e7in bu \u00f6zel \u00e7al\u0131\u015fmaya davetlisiniz!  At\u00f6lye 27 \u015eubat gecesi T\u00fcrkiye saati ile 20:00\u2019da zoom \u00fczerinden Hale Ta\u011f\u0131zade e\u015fli\u011finde canl\u0131 olarak yap\u0131lacak.  Sipari\u015flerinizi olu\u015ftururken aktif kulland\u0131\u011f\u0131n\u0131z telefon numaran\u0131z\u0131 ve e-mail adresinizi girmelisiniz. At\u00f6lye kat\u0131l\u0131m linkleri\u00a0belirtti\u011finiz numaraya SMS olarak, belirtti\u011finiz e-mail adresine e-mail olarak g\u00f6nderilecektir. SMS ve E-mail adresinizi do\u011fru yazd\u0131\u011f\u0131n\u0131za ve SMS ve E-mail kutunuzun dolu olmamas\u0131na dikkat ediniz.  At\u00f6lye kay\u0131tlar\u0131 sat\u0131n alan ki\u015filere canl\u0131 yay\u0131n sonras\u0131ndaki g\u00fcnlerde yine ayn\u0131 kanallardan iletilecektir. Her at\u00f6lye kayd\u0131 bir ki\u015fi i\u00e7in ge\u00e7erlidir, yasal olarak bir ba\u015fkas\u0131 ile payla\u015f\u0131lamaz.\u00a0\" \/>\n<meta property=\"og:url\" content=\"https:\/\/astrologelvan.com\/magaza\/urun\/ideal-beden-ve-guzellik-atolyesi-hale-tagizade\/\" \/>\n<meta property=\"og:site_name\" content=\"Astrolog Elvan\" \/>\n<meta property=\"article:modified_time\" content=\"2025-10-06T05:15:44+00:00\" \/>\n<meta property=\"og:image\" content=\"https:\/\/astrologelvan.com\/magaza\/wp-content\/uploads\/2025\/02\/Yeni_Mobilbanner.webp\" \/>\n\t<meta property=\"og:image:width\" content=\"946\" \/>\n\t<meta property=\"og:image:height\" content=\"1260\" \/>\n\t<meta property=\"og:image:type\" content=\"image\/webp\" \/>\n<meta name=\"twitter:card\" content=\"summary_large_image\" \/>\n<meta name=\"twitter:label1\" content=\"Tahmini okuma s\u00fcresi\" \/>\n\t<meta name=\"twitter:data1\" content=\"1 dakika\" \/>\n<script type=\"application\/ld+json\" class=\"yoast-schema-graph\">{\"@context\":\"https:\\\/\\\/schema.org\",\"@graph\":[{\"@type\":[\"WebPage\",\"ItemPage\"],\"@id\":\"https:\\\/\\\/astrologelvan.com\\\/magaza\\\/urun\\\/ideal-beden-ve-guzellik-atolyesi-hale-tagizade\\\/\",\"url\":\"https:\\\/\\\/astrologelvan.com\\\/magaza\\\/urun\\\/ideal-beden-ve-guzellik-atolyesi-hale-tagizade\\\/\",\"name\":\"\u0130deal Beden ve G\u00fczellik At\u00f6lyesi | Hale Ta\u011f\u0131zade - Astrolog Elvan\",\"isPartOf\":{\"@id\":\"https:\\\/\\\/astrologelvan.com\\\/magaza\\\/#website\"},\"primaryImageOfPage\":{\"@id\":\"https:\\\/\\\/astrologelvan.com\\\/magaza\\\/urun\\\/ideal-beden-ve-guzellik-atolyesi-hale-tagizade\\\/#primaryimage\"},\"image\":{\"@id\":\"https:\\\/\\\/astrologelvan.com\\\/magaza\\\/urun\\\/ideal-beden-ve-guzellik-atolyesi-hale-tagizade\\\/#primaryimage\"},\"thumbnailUrl\":\"https:\\\/\\\/astrologelvan.com\\\/magaza\\\/wp-content\\\/uploads\\\/2025\\\/02\\\/Yeni_Mobilbanner.webp\",\"datePublished\":\"2025-02-19T08:04:45+00:00\",\"dateModified\":\"2025-10-06T05:15:44+00:00\",\"breadcrumb\":{\"@id\":\"https:\\\/\\\/astrologelvan.com\\\/magaza\\\/urun\\\/ideal-beden-ve-guzellik-atolyesi-hale-tagizade\\\/#breadcrumb\"},\"inLanguage\":\"tr\",\"potentialAction\":[{\"@type\":\"ReadAction\",\"target\":[\"https:\\\/\\\/astrologelvan.com\\\/magaza\\\/urun\\\/ideal-beden-ve-guzellik-atolyesi-hale-tagizade\\\/\"]}]},{\"@type\":\"ImageObject\",\"inLanguage\":\"tr\",\"@id\":\"https:\\\/\\\/astrologelvan.com\\\/magaza\\\/urun\\\/ideal-beden-ve-guzellik-atolyesi-hale-tagizade\\\/#primaryimage\",\"url\":\"https:\\\/\\\/astrologelvan.com\\\/magaza\\\/wp-content\\\/uploads\\\/2025\\\/02\\\/Yeni_Mobilbanner.webp\",\"contentUrl\":\"https:\\\/\\\/astrologelvan.com\\\/magaza\\\/wp-content\\\/uploads\\\/2025\\\/02\\\/Yeni_Mobilbanner.webp\",\"width\":946,\"height\":1260},{\"@type\":\"BreadcrumbList\",\"@id\":\"https:\\\/\\\/astrologelvan.com\\\/magaza\\\/urun\\\/ideal-beden-ve-guzellik-atolyesi-hale-tagizade\\\/#breadcrumb\",\"itemListElement\":[{\"@type\":\"ListItem\",\"position\":1,\"name\":\"Anasayfa\",\"item\":\"https:\\\/\\\/astrologelvan.com\\\/magaza\\\/\"},{\"@type\":\"ListItem\",\"position\":2,\"name\":\"Ma\u011faza\",\"item\":\"https:\\\/\\\/astrologelvan.com\\\/magaza\\\/magaza\\\/\"},{\"@type\":\"ListItem\",\"position\":3,\"name\":\"\u0130deal Beden ve G\u00fczellik At\u00f6lyesi | Hale Ta\u011f\u0131zade\"}]},{\"@type\":\"WebSite\",\"@id\":\"https:\\\/\\\/astrologelvan.com\\\/magaza\\\/#website\",\"url\":\"https:\\\/\\\/astrologelvan.com\\\/magaza\\\/\",\"name\":\"Astrolog Elvan\",\"description\":\"\",\"potentialAction\":[{\"@type\":\"SearchAction\",\"target\":{\"@type\":\"EntryPoint\",\"urlTemplate\":\"https:\\\/\\\/astrologelvan.com\\\/magaza\\\/?s={search_term_string}\"},\"query-input\":{\"@type\":\"PropertyValueSpecification\",\"valueRequired\":true,\"valueName\":\"search_term_string\"}}],\"inLanguage\":\"tr\"}]}<\/script>\n<!-- \/ Yoast SEO plugin. -->","yoast_head_json":{"title":"\u0130deal Beden ve G\u00fczellik At\u00f6lyesi | Hale Ta\u011f\u0131zade - Astrolog Elvan","robots":{"index":"index","follow":"follow","max-snippet":"max-snippet:-1","max-image-preview":"max-image-preview:large","max-video-preview":"max-video-preview:-1"},"canonical":"https:\/\/astrologelvan.com\/magaza\/urun\/ideal-beden-ve-guzellik-atolyesi-hale-tagizade\/","og_locale":"tr_TR","og_type":"article","og_title":"\u0130deal Beden ve G\u00fczellik At\u00f6lyesi | Hale Ta\u011f\u0131zade - Astrolog Elvan","og_description":"G\u00fczelli\u011fin ve sa\u011fl\u0131kl\u0131, fit bir bedenin s\u0131rr\u0131 bilin\u00e7alt\u0131 kodlar\u0131nda sakl\u0131! Bedeninizin do\u011fal dengesini bularak, kendinizi g\u00fczel ve hafif hissedece\u011finiz bir d\u00f6n\u00fc\u015f\u00fcm ba\u015flatmaya haz\u0131r m\u0131s\u0131n\u0131z?  Bu at\u00f6lyede neler var? \u2714\ufe0f ThetaHealing ile DNA ve h\u00fccre gen\u00e7le\u015ftirme aktivasyonu \u2714\ufe0f Bilin\u00e7alt\u0131 teknikleriyle ideal bedene ula\u015fma yollar\u0131 \u2714\ufe0f Do\u011fal ta\u015flarla enerji dengeleme \u2714\ufe0f G\u00fczellik meditasyonu ve rit\u00fceller \u2714\ufe0f G\u00fczelli\u011fi destekleyen t\u00fcts\u00fcler ve ar\u0131nma \u00e7al\u0131\u015fmalar\u0131 \u2714\ufe0f Jean Adrienne Ar\u0131nma Sistemi (JAAS) ile blokajlar\u0131 temizleme  \ud83d\udd39 Kendinizi aynada g\u00f6rd\u00fc\u011f\u00fcn\u00fczde mutlu hissetmek m\u00fcmk\u00fcn! \ud83d\udd39 Ruhunuzdan ba\u015flayarak bedeninizi d\u00f6n\u00fc\u015ft\u00fcrmek i\u00e7in bu \u00f6zel \u00e7al\u0131\u015fmaya davetlisiniz!  At\u00f6lye 27 \u015eubat gecesi T\u00fcrkiye saati ile 20:00\u2019da zoom \u00fczerinden Hale Ta\u011f\u0131zade e\u015fli\u011finde canl\u0131 olarak yap\u0131lacak.  Sipari\u015flerinizi olu\u015ftururken aktif kulland\u0131\u011f\u0131n\u0131z telefon numaran\u0131z\u0131 ve e-mail adresinizi girmelisiniz. At\u00f6lye kat\u0131l\u0131m linkleri\u00a0belirtti\u011finiz numaraya SMS olarak, belirtti\u011finiz e-mail adresine e-mail olarak g\u00f6nderilecektir. SMS ve E-mail adresinizi do\u011fru yazd\u0131\u011f\u0131n\u0131za ve SMS ve E-mail kutunuzun dolu olmamas\u0131na dikkat ediniz.  At\u00f6lye kay\u0131tlar\u0131 sat\u0131n alan ki\u015filere canl\u0131 yay\u0131n sonras\u0131ndaki g\u00fcnlerde yine ayn\u0131 kanallardan iletilecektir. Her at\u00f6lye kayd\u0131 bir ki\u015fi i\u00e7in ge\u00e7erlidir, yasal olarak bir ba\u015fkas\u0131 ile payla\u015f\u0131lamaz.\u00a0","og_url":"https:\/\/astrologelvan.com\/magaza\/urun\/ideal-beden-ve-guzellik-atolyesi-hale-tagizade\/","og_site_name":"Astrolog Elvan","article_modified_time":"2025-10-06T05:15:44+00:00","og_image":[{"width":946,"height":1260,"url":"https:\/\/astrologelvan.com\/magaza\/wp-content\/uploads\/2025\/02\/Yeni_Mobilbanner.webp","type":"image\/webp"}],"twitter_card":"summary_large_image","twitter_misc":{"Tahmini okuma s\u00fcresi":"1 dakika"},"schema":{"@context":"https:\/\/schema.org","@graph":[{"@type":["WebPage","ItemPage"],"@id":"https:\/\/astrologelvan.com\/magaza\/urun\/ideal-beden-ve-guzellik-atolyesi-hale-tagizade\/","url":"https:\/\/astrologelvan.com\/magaza\/urun\/ideal-beden-ve-guzellik-atolyesi-hale-tagizade\/","name":"\u0130deal Beden ve G\u00fczellik At\u00f6lyesi | Hale Ta\u011f\u0131zade - Astrolog Elvan","isPartOf":{"@id":"https:\/\/astrologelvan.com\/magaza\/#website"},"primaryImageOfPage":{"@id":"https:\/\/astrologelvan.com\/magaza\/urun\/ideal-beden-ve-guzellik-atolyesi-hale-tagizade\/#primaryimage"},"image":{"@id":"https:\/\/astrologelvan.com\/magaza\/urun\/ideal-beden-ve-guzellik-atolyesi-hale-tagizade\/#primaryimage"},"thumbnailUrl":"https:\/\/astrologelvan.com\/magaza\/wp-content\/uploads\/2025\/02\/Yeni_Mobilbanner.webp","datePublished":"2025-02-19T08:04:45+00:00","dateModified":"2025-10-06T05:15:44+00:00","breadcrumb":{"@id":"https:\/\/astrologelvan.com\/magaza\/urun\/ideal-beden-ve-guzellik-atolyesi-hale-tagizade\/#breadcrumb"},"inLanguage":"tr","potentialAction":[{"@type":"ReadAction","target":["https:\/\/astrologelvan.com\/magaza\/urun\/ideal-beden-ve-guzellik-atolyesi-hale-tagizade\/"]}]},{"@type":"ImageObject","inLanguage":"tr","@id":"https:\/\/astrologelvan.com\/magaza\/urun\/ideal-beden-ve-guzellik-atolyesi-hale-tagizade\/#primaryimage","url":"https:\/\/astrologelvan.com\/magaza\/wp-content\/uploads\/2025\/02\/Yeni_Mobilbanner.webp","contentUrl":"https:\/\/astrologelvan.com\/magaza\/wp-content\/uploads\/2025\/02\/Yeni_Mobilbanner.webp","width":946,"height":1260},{"@type":"BreadcrumbList","@id":"https:\/\/astrologelvan.com\/magaza\/urun\/ideal-beden-ve-guzellik-atolyesi-hale-tagizade\/#breadcrumb","itemListElement":[{"@type":"ListItem","position":1,"name":"Anasayfa","item":"https:\/\/astrologelvan.com\/magaza\/"},{"@type":"ListItem","position":2,"name":"Ma\u011faza","item":"https:\/\/astrologelvan.com\/magaza\/magaza\/"},{"@type":"ListItem","position":3,"name":"\u0130deal Beden ve G\u00fczellik At\u00f6lyesi | Hale Ta\u011f\u0131zade"}]},{"@type":"WebSite","@id":"https:\/\/astrologelvan.com\/magaza\/#website","url":"https:\/\/astrologelvan.com\/magaza\/","name":"Astrolog Elvan","description":"","potentialAction":[{"@type":"SearchAction","target":{"@type":"EntryPoint","urlTemplate":"https:\/\/astrologelvan.com\/magaza\/?s={search_term_string}"},"query-input":{"@type":"PropertyValueSpecification","valueRequired":true,"valueName":"search_term_string"}}],"inLanguage":"tr"}]}},"_links":{"self":[{"href":"https:\/\/astrologelvan.com\/magaza\/wp-json\/wp\/v2\/product\/50475","targetHints":{"allow":["GET"]}}],"collection":[{"href":"https:\/\/astrologelvan.com\/magaza\/wp-json\/wp\/v2\/product"}],"about":[{"href":"https:\/\/astrologelvan.com\/magaza\/wp-json\/wp\/v2\/types\/product"}],"replies":[{"embeddable":true,"href":"https:\/\/astrologelvan.com\/magaza\/wp-json\/wp\/v2\/comments?post=50475"}],"wp:featuredmedia":[{"embeddable":true,"href":"https:\/\/astrologelvan.com\/magaza\/wp-json\/wp\/v2\/media\/50493"}],"wp:attachment":[{"href":"https:\/\/astrologelvan.com\/magaza\/wp-json\/wp\/v2\/media?parent=50475"}],"wp:term":[{"taxonomy":"product_brand","embeddable":true,"href":"https:\/\/astrologelvan.com\/magaza\/wp-json\/wp\/v2\/product_brand?post=50475"},{"taxonomy":"product_cat","embeddable":true,"href":"https:\/\/astrologelvan.com\/magaza\/wp-json\/wp\/v2\/product_cat?post=50475"},{"taxonomy":"product_tag","embeddable":true,"href":"https:\/\/astrologelvan.com\/magaza\/wp-json\/wp\/v2\/product_tag?post=50475"}],"curies":[{"name":"wp","href":"https:\/\/api.w.org\/{rel}","templated":true}]}}