{"id":50214,"date":"2025-02-18T18:27:34","date_gmt":"2025-02-18T15:27:34","guid":{"rendered":"https:\/\/astrologelvan.com\/magaza\/?post_type=product&#038;p=50214"},"modified":"2025-11-11T12:23:37","modified_gmt":"2025-11-11T09:23:37","slug":"cebrail-tasi-prehnit-kolye","status":"publish","type":"product","link":"https:\/\/astrologelvan.com\/magaza\/urun\/cebrail-tasi-prehnit-kolye\/","title":{"rendered":"Cebrail Ta\u015f\u0131 Prehnit Kolye"},"content":{"rendered":"","protected":false},"excerpt":{"rendered":"<p>Cebrail Ta\u015f\u0131, Prehnit ham kesim kolye madenden \u00e7\u0131kar\u0131ld\u0131\u011f\u0131 i\u015flenmemi\u015f ham haliyle \u015fimdi tasar\u0131m olarak sizlerle. Cebrail ta\u015f\u0131, akl\u0131n\u0131zdaki sorular\u0131n cevaplar\u0131n\u0131 takt\u0131\u011f\u0131n\u0131z s\u00fcre i\u00e7erisinde size ilahi mesajlarla, sembollerle, kar\u015f\u0131n\u0131za \u00e7\u0131kan insanlar\u0131n arac\u0131l\u0131\u011f\u0131yla getirir, ilahi bilgiyi yery\u00fcz\u00fcne getirdi\u011fi s\u00f6ylenir.<\/p>\n<p><strong>Do\u011fal ta\u015f oldu\u011fu i\u00e7in farkl\u0131 boy ve \u00f6l\u00e7\u00fclerde gelebilir.<\/strong><\/p>\n","protected":false},"featured_media":50216,"comment_status":"open","ping_status":"closed","template":"","meta":[],"product_brand":[],"product_cat":[637,502,52,26,255,129],"product_tag":[],"class_list":{"0":"post-50214","1":"product","2":"type-product","3":"status-publish","4":"has-post-thumbnail","6":"product_cat-cebrail-tasi-prehnit-kolye","7":"product_cat-dogal-tas-kolyeler","8":"product_cat-dogal-taslar","9":"product_cat-genel","10":"product_cat-gumus-kolye","11":"product_cat-ozel-kolye-serisi","13":"first","14":"instock","15":"purchasable","16":"product-type-simple"},"yoast_head":"<!-- This site is optimized with the Yoast SEO plugin v27.2 - https:\/\/yoast.com\/product\/yoast-seo-wordpress\/ -->\n<title>Cebrail Ta\u015f\u0131 Prehnit Kolye - Astrolog Elvan<\/title>\n<meta name=\"robots\" content=\"index, follow, max-snippet:-1, max-image-preview:large, max-video-preview:-1\" \/>\n<link rel=\"canonical\" href=\"https:\/\/astrologelvan.com\/magaza\/urun\/cebrail-tasi-prehnit-kolye\/\" \/>\n<meta property=\"og:locale\" content=\"tr_TR\" \/>\n<meta property=\"og:type\" content=\"article\" \/>\n<meta property=\"og:title\" content=\"Cebrail Ta\u015f\u0131 Prehnit Kolye - Astrolog Elvan\" \/>\n<meta property=\"og:description\" content=\"Cebrail Ta\u015f\u0131, Prehnit ham kesim kolye madenden \u00e7\u0131kar\u0131ld\u0131\u011f\u0131 i\u015flenmemi\u015f ham haliyle \u015fimdi tasar\u0131m olarak sizlerle. Cebrail ta\u015f\u0131, akl\u0131n\u0131zdaki sorular\u0131n cevaplar\u0131n\u0131 takt\u0131\u011f\u0131n\u0131z s\u00fcre i\u00e7erisinde size ilahi mesajlarla, sembollerle, kar\u015f\u0131n\u0131za \u00e7\u0131kan insanlar\u0131n arac\u0131l\u0131\u011f\u0131yla getirir, ilahi bilgiyi yery\u00fcz\u00fcne getirdi\u011fi s\u00f6ylenir.  Do\u011fal ta\u015f oldu\u011fu i\u00e7in farkl\u0131 boy ve \u00f6l\u00e7\u00fclerde gelebilir.\" \/>\n<meta property=\"og:url\" content=\"https:\/\/astrologelvan.com\/magaza\/urun\/cebrail-tasi-prehnit-kolye\/\" \/>\n<meta property=\"og:site_name\" content=\"Astrolog Elvan\" \/>\n<meta property=\"article:modified_time\" content=\"2025-11-11T09:23:37+00:00\" \/>\n<meta property=\"og:image\" content=\"https:\/\/astrologelvan.com\/magaza\/wp-content\/uploads\/2025\/02\/cebrail-kolye-scaled.jpg\" \/>\n\t<meta property=\"og:image:width\" content=\"1707\" \/>\n\t<meta property=\"og:image:height\" content=\"2560\" \/>\n\t<meta property=\"og:image:type\" content=\"image\/jpeg\" \/>\n<meta name=\"twitter:card\" content=\"summary_large_image\" \/>\n<meta name=\"twitter:label1\" content=\"Tahmini okuma s\u00fcresi\" \/>\n\t<meta name=\"twitter:data1\" content=\"1 dakika\" \/>\n<script type=\"application\/ld+json\" class=\"yoast-schema-graph\">{\"@context\":\"https:\/\/schema.org\",\"@graph\":[{\"@type\":[\"WebPage\",\"ItemPage\"],\"@id\":\"https:\/\/astrologelvan.com\/magaza\/urun\/cebrail-tasi-prehnit-kolye\/\",\"url\":\"https:\/\/astrologelvan.com\/magaza\/urun\/cebrail-tasi-prehnit-kolye\/\",\"name\":\"Cebrail Ta\u015f\u0131 Prehnit Kolye - Astrolog Elvan\",\"isPartOf\":{\"@id\":\"https:\/\/astrologelvan.com\/magaza\/#website\"},\"primaryImageOfPage\":{\"@id\":\"https:\/\/astrologelvan.com\/magaza\/urun\/cebrail-tasi-prehnit-kolye\/#primaryimage\"},\"image\":{\"@id\":\"https:\/\/astrologelvan.com\/magaza\/urun\/cebrail-tasi-prehnit-kolye\/#primaryimage\"},\"thumbnailUrl\":\"https:\/\/astrologelvan.com\/magaza\/wp-content\/uploads\/2025\/02\/cebrail-kolye-scaled.jpg\",\"datePublished\":\"2025-02-18T15:27:34+00:00\",\"dateModified\":\"2025-11-11T09:23:37+00:00\",\"breadcrumb\":{\"@id\":\"https:\/\/astrologelvan.com\/magaza\/urun\/cebrail-tasi-prehnit-kolye\/#breadcrumb\"},\"inLanguage\":\"tr\",\"potentialAction\":[{\"@type\":\"ReadAction\",\"target\":[\"https:\/\/astrologelvan.com\/magaza\/urun\/cebrail-tasi-prehnit-kolye\/\"]}]},{\"@type\":\"ImageObject\",\"inLanguage\":\"tr\",\"@id\":\"https:\/\/astrologelvan.com\/magaza\/urun\/cebrail-tasi-prehnit-kolye\/#primaryimage\",\"url\":\"https:\/\/astrologelvan.com\/magaza\/wp-content\/uploads\/2025\/02\/cebrail-kolye-scaled.jpg\",\"contentUrl\":\"https:\/\/astrologelvan.com\/magaza\/wp-content\/uploads\/2025\/02\/cebrail-kolye-scaled.jpg\",\"width\":1707,\"height\":2560},{\"@type\":\"BreadcrumbList\",\"@id\":\"https:\/\/astrologelvan.com\/magaza\/urun\/cebrail-tasi-prehnit-kolye\/#breadcrumb\",\"itemListElement\":[{\"@type\":\"ListItem\",\"position\":1,\"name\":\"Anasayfa\",\"item\":\"https:\/\/astrologelvan.com\/magaza\/\"},{\"@type\":\"ListItem\",\"position\":2,\"name\":\"Ma\u011faza\",\"item\":\"https:\/\/astrologelvan.com\/magaza\/magaza\/\"},{\"@type\":\"ListItem\",\"position\":3,\"name\":\"Cebrail Ta\u015f\u0131 Prehnit Kolye\"}]},{\"@type\":\"WebSite\",\"@id\":\"https:\/\/astrologelvan.com\/magaza\/#website\",\"url\":\"https:\/\/astrologelvan.com\/magaza\/\",\"name\":\"Astrolog Elvan\",\"description\":\"\",\"potentialAction\":[{\"@type\":\"SearchAction\",\"target\":{\"@type\":\"EntryPoint\",\"urlTemplate\":\"https:\/\/astrologelvan.com\/magaza\/?s={search_term_string}\"},\"query-input\":{\"@type\":\"PropertyValueSpecification\",\"valueRequired\":true,\"valueName\":\"search_term_string\"}}],\"inLanguage\":\"tr\"}]}<\/script>\n<!-- \/ Yoast SEO plugin. -->","yoast_head_json":{"title":"Cebrail Ta\u015f\u0131 Prehnit Kolye - Astrolog Elvan","robots":{"index":"index","follow":"follow","max-snippet":"max-snippet:-1","max-image-preview":"max-image-preview:large","max-video-preview":"max-video-preview:-1"},"canonical":"https:\/\/astrologelvan.com\/magaza\/urun\/cebrail-tasi-prehnit-kolye\/","og_locale":"tr_TR","og_type":"article","og_title":"Cebrail Ta\u015f\u0131 Prehnit Kolye - Astrolog Elvan","og_description":"Cebrail Ta\u015f\u0131, Prehnit ham kesim kolye madenden \u00e7\u0131kar\u0131ld\u0131\u011f\u0131 i\u015flenmemi\u015f ham haliyle \u015fimdi tasar\u0131m olarak sizlerle. Cebrail ta\u015f\u0131, akl\u0131n\u0131zdaki sorular\u0131n cevaplar\u0131n\u0131 takt\u0131\u011f\u0131n\u0131z s\u00fcre i\u00e7erisinde size ilahi mesajlarla, sembollerle, kar\u015f\u0131n\u0131za \u00e7\u0131kan insanlar\u0131n arac\u0131l\u0131\u011f\u0131yla getirir, ilahi bilgiyi yery\u00fcz\u00fcne getirdi\u011fi s\u00f6ylenir.  Do\u011fal ta\u015f oldu\u011fu i\u00e7in farkl\u0131 boy ve \u00f6l\u00e7\u00fclerde gelebilir.","og_url":"https:\/\/astrologelvan.com\/magaza\/urun\/cebrail-tasi-prehnit-kolye\/","og_site_name":"Astrolog Elvan","article_modified_time":"2025-11-11T09:23:37+00:00","og_image":[{"width":1707,"height":2560,"url":"https:\/\/astrologelvan.com\/magaza\/wp-content\/uploads\/2025\/02\/cebrail-kolye-scaled.jpg","type":"image\/jpeg"}],"twitter_card":"summary_large_image","twitter_misc":{"Tahmini okuma s\u00fcresi":"1 dakika"},"schema":{"@context":"https:\/\/schema.org","@graph":[{"@type":["WebPage","ItemPage"],"@id":"https:\/\/astrologelvan.com\/magaza\/urun\/cebrail-tasi-prehnit-kolye\/","url":"https:\/\/astrologelvan.com\/magaza\/urun\/cebrail-tasi-prehnit-kolye\/","name":"Cebrail Ta\u015f\u0131 Prehnit Kolye - Astrolog Elvan","isPartOf":{"@id":"https:\/\/astrologelvan.com\/magaza\/#website"},"primaryImageOfPage":{"@id":"https:\/\/astrologelvan.com\/magaza\/urun\/cebrail-tasi-prehnit-kolye\/#primaryimage"},"image":{"@id":"https:\/\/astrologelvan.com\/magaza\/urun\/cebrail-tasi-prehnit-kolye\/#primaryimage"},"thumbnailUrl":"https:\/\/astrologelvan.com\/magaza\/wp-content\/uploads\/2025\/02\/cebrail-kolye-scaled.jpg","datePublished":"2025-02-18T15:27:34+00:00","dateModified":"2025-11-11T09:23:37+00:00","breadcrumb":{"@id":"https:\/\/astrologelvan.com\/magaza\/urun\/cebrail-tasi-prehnit-kolye\/#breadcrumb"},"inLanguage":"tr","potentialAction":[{"@type":"ReadAction","target":["https:\/\/astrologelvan.com\/magaza\/urun\/cebrail-tasi-prehnit-kolye\/"]}]},{"@type":"ImageObject","inLanguage":"tr","@id":"https:\/\/astrologelvan.com\/magaza\/urun\/cebrail-tasi-prehnit-kolye\/#primaryimage","url":"https:\/\/astrologelvan.com\/magaza\/wp-content\/uploads\/2025\/02\/cebrail-kolye-scaled.jpg","contentUrl":"https:\/\/astrologelvan.com\/magaza\/wp-content\/uploads\/2025\/02\/cebrail-kolye-scaled.jpg","width":1707,"height":2560},{"@type":"BreadcrumbList","@id":"https:\/\/astrologelvan.com\/magaza\/urun\/cebrail-tasi-prehnit-kolye\/#breadcrumb","itemListElement":[{"@type":"ListItem","position":1,"name":"Anasayfa","item":"https:\/\/astrologelvan.com\/magaza\/"},{"@type":"ListItem","position":2,"name":"Ma\u011faza","item":"https:\/\/astrologelvan.com\/magaza\/magaza\/"},{"@type":"ListItem","position":3,"name":"Cebrail Ta\u015f\u0131 Prehnit Kolye"}]},{"@type":"WebSite","@id":"https:\/\/astrologelvan.com\/magaza\/#website","url":"https:\/\/astrologelvan.com\/magaza\/","name":"Astrolog Elvan","description":"","potentialAction":[{"@type":"SearchAction","target":{"@type":"EntryPoint","urlTemplate":"https:\/\/astrologelvan.com\/magaza\/?s={search_term_string}"},"query-input":{"@type":"PropertyValueSpecification","valueRequired":true,"valueName":"search_term_string"}}],"inLanguage":"tr"}]}},"_links":{"self":[{"href":"https:\/\/astrologelvan.com\/magaza\/wp-json\/wp\/v2\/product\/50214","targetHints":{"allow":["GET"]}}],"collection":[{"href":"https:\/\/astrologelvan.com\/magaza\/wp-json\/wp\/v2\/product"}],"about":[{"href":"https:\/\/astrologelvan.com\/magaza\/wp-json\/wp\/v2\/types\/product"}],"replies":[{"embeddable":true,"href":"https:\/\/astrologelvan.com\/magaza\/wp-json\/wp\/v2\/comments?post=50214"}],"wp:featuredmedia":[{"embeddable":true,"href":"https:\/\/astrologelvan.com\/magaza\/wp-json\/wp\/v2\/media\/50216"}],"wp:attachment":[{"href":"https:\/\/astrologelvan.com\/magaza\/wp-json\/wp\/v2\/media?parent=50214"}],"wp:term":[{"taxonomy":"product_brand","embeddable":true,"href":"https:\/\/astrologelvan.com\/magaza\/wp-json\/wp\/v2\/product_brand?post=50214"},{"taxonomy":"product_cat","embeddable":true,"href":"https:\/\/astrologelvan.com\/magaza\/wp-json\/wp\/v2\/product_cat?post=50214"},{"taxonomy":"product_tag","embeddable":true,"href":"https:\/\/astrologelvan.com\/magaza\/wp-json\/wp\/v2\/product_tag?post=50214"}],"curies":[{"name":"wp","href":"https:\/\/api.w.org\/{rel}","templated":true}]}}