{"id":48583,"date":"2025-02-13T18:06:17","date_gmt":"2025-02-13T15:06:17","guid":{"rendered":"https:\/\/astrologelvan.com\/magaza\/?post_type=product&#038;p=48583"},"modified":"2025-10-23T18:54:39","modified_gmt":"2025-10-23T15:54:39","slug":"ozel-seri-arizona-turkuaz-kolye","status":"publish","type":"product","link":"https:\/\/astrologelvan.com\/magaza\/urun\/ozel-seri-arizona-turkuaz-kolye\/","title":{"rendered":"\u00d6zel Seri Arizona Turkuaz Kolye"},"content":{"rendered":"<p>Zincir Uzunlu\u011fu: 45+15 CM<\/p>\n","protected":false},"excerpt":{"rendered":"<p>Arizona en de\u011ferli orjinali zor bulunan ta\u015flardan biridir. Bu \u00f6zel ta\u015f, pozitif enerji \u00e7ekti\u011fine, nazardan korudu\u011funa ve zihni berrakla\u015ft\u0131rd\u0131\u011f\u0131na inan\u0131lan g\u00fc\u00e7l\u00fc bir do\u011fal ta\u015ft\u0131r. Her biri benzersiz do\u011fal desenlere sahip Arizona Turkuaz\u0131 Kolye, do\u011fan\u0131n sundu\u011fu e\u015fsiz g\u00fczellikleri ta\u015f\u0131man\u0131z i\u00e7in tasarland\u0131.<\/p>\n<p><strong>Do\u011fal ta\u015f oldu\u011fu i\u00e7in farkl\u0131 boy ve \u00f6l\u00e7\u00fclerde gelebilir.<\/strong><\/p>\n","protected":false},"featured_media":48584,"comment_status":"open","ping_status":"closed","template":"","meta":[],"product_brand":[],"product_cat":[502,52,26,255,129,641,435],"product_tag":[],"class_list":{"0":"post-48583","1":"product","2":"type-product","3":"status-publish","4":"has-post-thumbnail","6":"product_cat-dogal-tas-kolyeler","7":"product_cat-dogal-taslar","8":"product_cat-genel","9":"product_cat-gumus-kolye","10":"product_cat-ozel-kolye-serisi","11":"product_cat-ozel-seri-arizona-turkuaz-kolye","12":"product_cat-firuze-tasi","14":"first","15":"instock","16":"purchasable","17":"product-type-simple"},"yoast_head":"<!-- This site is optimized with the Yoast SEO plugin v27.2 - https:\/\/yoast.com\/product\/yoast-seo-wordpress\/ -->\n<title>\u00d6zel Seri Arizona Turkuaz Kolye - Astrolog Elvan<\/title>\n<meta name=\"robots\" content=\"index, follow, max-snippet:-1, max-image-preview:large, max-video-preview:-1\" \/>\n<link rel=\"canonical\" href=\"https:\/\/astrologelvan.com\/magaza\/urun\/ozel-seri-arizona-turkuaz-kolye\/\" \/>\n<meta property=\"og:locale\" content=\"tr_TR\" \/>\n<meta property=\"og:type\" content=\"article\" \/>\n<meta property=\"og:title\" content=\"\u00d6zel Seri Arizona Turkuaz Kolye - Astrolog Elvan\" \/>\n<meta property=\"og:description\" content=\"Arizona en de\u011ferli orjinali zor bulunan ta\u015flardan biridir. Bu \u00f6zel ta\u015f, pozitif enerji \u00e7ekti\u011fine, nazardan korudu\u011funa ve zihni berrakla\u015ft\u0131rd\u0131\u011f\u0131na inan\u0131lan g\u00fc\u00e7l\u00fc bir do\u011fal ta\u015ft\u0131r. Her biri benzersiz do\u011fal desenlere sahip Arizona Turkuaz\u0131 Kolye, do\u011fan\u0131n sundu\u011fu e\u015fsiz g\u00fczellikleri ta\u015f\u0131man\u0131z i\u00e7in tasarland\u0131.  Do\u011fal ta\u015f oldu\u011fu i\u00e7in farkl\u0131 boy ve \u00f6l\u00e7\u00fclerde gelebilir.\" \/>\n<meta property=\"og:url\" content=\"https:\/\/astrologelvan.com\/magaza\/urun\/ozel-seri-arizona-turkuaz-kolye\/\" \/>\n<meta property=\"og:site_name\" content=\"Astrolog Elvan\" \/>\n<meta property=\"article:modified_time\" content=\"2025-10-23T15:54:39+00:00\" \/>\n<meta property=\"og:image\" content=\"https:\/\/astrologelvan.com\/magaza\/wp-content\/uploads\/2025\/02\/arizona-scaled.jpg\" \/>\n\t<meta property=\"og:image:width\" content=\"1707\" \/>\n\t<meta property=\"og:image:height\" content=\"2560\" \/>\n\t<meta property=\"og:image:type\" content=\"image\/jpeg\" \/>\n<meta name=\"twitter:card\" content=\"summary_large_image\" \/>\n<meta name=\"twitter:label1\" content=\"Tahmini okuma s\u00fcresi\" \/>\n\t<meta name=\"twitter:data1\" content=\"1 dakika\" \/>\n<script type=\"application\/ld+json\" class=\"yoast-schema-graph\">{\"@context\":\"https:\/\/schema.org\",\"@graph\":[{\"@type\":[\"WebPage\",\"ItemPage\"],\"@id\":\"https:\/\/astrologelvan.com\/magaza\/urun\/ozel-seri-arizona-turkuaz-kolye\/\",\"url\":\"https:\/\/astrologelvan.com\/magaza\/urun\/ozel-seri-arizona-turkuaz-kolye\/\",\"name\":\"\u00d6zel Seri Arizona Turkuaz Kolye - Astrolog Elvan\",\"isPartOf\":{\"@id\":\"https:\/\/astrologelvan.com\/magaza\/#website\"},\"primaryImageOfPage\":{\"@id\":\"https:\/\/astrologelvan.com\/magaza\/urun\/ozel-seri-arizona-turkuaz-kolye\/#primaryimage\"},\"image\":{\"@id\":\"https:\/\/astrologelvan.com\/magaza\/urun\/ozel-seri-arizona-turkuaz-kolye\/#primaryimage\"},\"thumbnailUrl\":\"https:\/\/astrologelvan.com\/magaza\/wp-content\/uploads\/2025\/02\/arizona-scaled.jpg\",\"datePublished\":\"2025-02-13T15:06:17+00:00\",\"dateModified\":\"2025-10-23T15:54:39+00:00\",\"breadcrumb\":{\"@id\":\"https:\/\/astrologelvan.com\/magaza\/urun\/ozel-seri-arizona-turkuaz-kolye\/#breadcrumb\"},\"inLanguage\":\"tr\",\"potentialAction\":[{\"@type\":\"ReadAction\",\"target\":[\"https:\/\/astrologelvan.com\/magaza\/urun\/ozel-seri-arizona-turkuaz-kolye\/\"]}]},{\"@type\":\"ImageObject\",\"inLanguage\":\"tr\",\"@id\":\"https:\/\/astrologelvan.com\/magaza\/urun\/ozel-seri-arizona-turkuaz-kolye\/#primaryimage\",\"url\":\"https:\/\/astrologelvan.com\/magaza\/wp-content\/uploads\/2025\/02\/arizona-scaled.jpg\",\"contentUrl\":\"https:\/\/astrologelvan.com\/magaza\/wp-content\/uploads\/2025\/02\/arizona-scaled.jpg\",\"width\":1707,\"height\":2560},{\"@type\":\"BreadcrumbList\",\"@id\":\"https:\/\/astrologelvan.com\/magaza\/urun\/ozel-seri-arizona-turkuaz-kolye\/#breadcrumb\",\"itemListElement\":[{\"@type\":\"ListItem\",\"position\":1,\"name\":\"Anasayfa\",\"item\":\"https:\/\/astrologelvan.com\/magaza\/\"},{\"@type\":\"ListItem\",\"position\":2,\"name\":\"Ma\u011faza\",\"item\":\"https:\/\/astrologelvan.com\/magaza\/magaza\/\"},{\"@type\":\"ListItem\",\"position\":3,\"name\":\"\u00d6zel Seri Arizona Turkuaz Kolye\"}]},{\"@type\":\"WebSite\",\"@id\":\"https:\/\/astrologelvan.com\/magaza\/#website\",\"url\":\"https:\/\/astrologelvan.com\/magaza\/\",\"name\":\"Astrolog Elvan\",\"description\":\"\",\"potentialAction\":[{\"@type\":\"SearchAction\",\"target\":{\"@type\":\"EntryPoint\",\"urlTemplate\":\"https:\/\/astrologelvan.com\/magaza\/?s={search_term_string}\"},\"query-input\":{\"@type\":\"PropertyValueSpecification\",\"valueRequired\":true,\"valueName\":\"search_term_string\"}}],\"inLanguage\":\"tr\"}]}<\/script>\n<!-- \/ Yoast SEO plugin. -->","yoast_head_json":{"title":"\u00d6zel Seri Arizona Turkuaz Kolye - Astrolog Elvan","robots":{"index":"index","follow":"follow","max-snippet":"max-snippet:-1","max-image-preview":"max-image-preview:large","max-video-preview":"max-video-preview:-1"},"canonical":"https:\/\/astrologelvan.com\/magaza\/urun\/ozel-seri-arizona-turkuaz-kolye\/","og_locale":"tr_TR","og_type":"article","og_title":"\u00d6zel Seri Arizona Turkuaz Kolye - Astrolog Elvan","og_description":"Arizona en de\u011ferli orjinali zor bulunan ta\u015flardan biridir. Bu \u00f6zel ta\u015f, pozitif enerji \u00e7ekti\u011fine, nazardan korudu\u011funa ve zihni berrakla\u015ft\u0131rd\u0131\u011f\u0131na inan\u0131lan g\u00fc\u00e7l\u00fc bir do\u011fal ta\u015ft\u0131r. Her biri benzersiz do\u011fal desenlere sahip Arizona Turkuaz\u0131 Kolye, do\u011fan\u0131n sundu\u011fu e\u015fsiz g\u00fczellikleri ta\u015f\u0131man\u0131z i\u00e7in tasarland\u0131.  Do\u011fal ta\u015f oldu\u011fu i\u00e7in farkl\u0131 boy ve \u00f6l\u00e7\u00fclerde gelebilir.","og_url":"https:\/\/astrologelvan.com\/magaza\/urun\/ozel-seri-arizona-turkuaz-kolye\/","og_site_name":"Astrolog Elvan","article_modified_time":"2025-10-23T15:54:39+00:00","og_image":[{"width":1707,"height":2560,"url":"https:\/\/astrologelvan.com\/magaza\/wp-content\/uploads\/2025\/02\/arizona-scaled.jpg","type":"image\/jpeg"}],"twitter_card":"summary_large_image","twitter_misc":{"Tahmini okuma s\u00fcresi":"1 dakika"},"schema":{"@context":"https:\/\/schema.org","@graph":[{"@type":["WebPage","ItemPage"],"@id":"https:\/\/astrologelvan.com\/magaza\/urun\/ozel-seri-arizona-turkuaz-kolye\/","url":"https:\/\/astrologelvan.com\/magaza\/urun\/ozel-seri-arizona-turkuaz-kolye\/","name":"\u00d6zel Seri Arizona Turkuaz Kolye - Astrolog Elvan","isPartOf":{"@id":"https:\/\/astrologelvan.com\/magaza\/#website"},"primaryImageOfPage":{"@id":"https:\/\/astrologelvan.com\/magaza\/urun\/ozel-seri-arizona-turkuaz-kolye\/#primaryimage"},"image":{"@id":"https:\/\/astrologelvan.com\/magaza\/urun\/ozel-seri-arizona-turkuaz-kolye\/#primaryimage"},"thumbnailUrl":"https:\/\/astrologelvan.com\/magaza\/wp-content\/uploads\/2025\/02\/arizona-scaled.jpg","datePublished":"2025-02-13T15:06:17+00:00","dateModified":"2025-10-23T15:54:39+00:00","breadcrumb":{"@id":"https:\/\/astrologelvan.com\/magaza\/urun\/ozel-seri-arizona-turkuaz-kolye\/#breadcrumb"},"inLanguage":"tr","potentialAction":[{"@type":"ReadAction","target":["https:\/\/astrologelvan.com\/magaza\/urun\/ozel-seri-arizona-turkuaz-kolye\/"]}]},{"@type":"ImageObject","inLanguage":"tr","@id":"https:\/\/astrologelvan.com\/magaza\/urun\/ozel-seri-arizona-turkuaz-kolye\/#primaryimage","url":"https:\/\/astrologelvan.com\/magaza\/wp-content\/uploads\/2025\/02\/arizona-scaled.jpg","contentUrl":"https:\/\/astrologelvan.com\/magaza\/wp-content\/uploads\/2025\/02\/arizona-scaled.jpg","width":1707,"height":2560},{"@type":"BreadcrumbList","@id":"https:\/\/astrologelvan.com\/magaza\/urun\/ozel-seri-arizona-turkuaz-kolye\/#breadcrumb","itemListElement":[{"@type":"ListItem","position":1,"name":"Anasayfa","item":"https:\/\/astrologelvan.com\/magaza\/"},{"@type":"ListItem","position":2,"name":"Ma\u011faza","item":"https:\/\/astrologelvan.com\/magaza\/magaza\/"},{"@type":"ListItem","position":3,"name":"\u00d6zel Seri Arizona Turkuaz Kolye"}]},{"@type":"WebSite","@id":"https:\/\/astrologelvan.com\/magaza\/#website","url":"https:\/\/astrologelvan.com\/magaza\/","name":"Astrolog Elvan","description":"","potentialAction":[{"@type":"SearchAction","target":{"@type":"EntryPoint","urlTemplate":"https:\/\/astrologelvan.com\/magaza\/?s={search_term_string}"},"query-input":{"@type":"PropertyValueSpecification","valueRequired":true,"valueName":"search_term_string"}}],"inLanguage":"tr"}]}},"_links":{"self":[{"href":"https:\/\/astrologelvan.com\/magaza\/wp-json\/wp\/v2\/product\/48583","targetHints":{"allow":["GET"]}}],"collection":[{"href":"https:\/\/astrologelvan.com\/magaza\/wp-json\/wp\/v2\/product"}],"about":[{"href":"https:\/\/astrologelvan.com\/magaza\/wp-json\/wp\/v2\/types\/product"}],"replies":[{"embeddable":true,"href":"https:\/\/astrologelvan.com\/magaza\/wp-json\/wp\/v2\/comments?post=48583"}],"wp:featuredmedia":[{"embeddable":true,"href":"https:\/\/astrologelvan.com\/magaza\/wp-json\/wp\/v2\/media\/48584"}],"wp:attachment":[{"href":"https:\/\/astrologelvan.com\/magaza\/wp-json\/wp\/v2\/media?parent=48583"}],"wp:term":[{"taxonomy":"product_brand","embeddable":true,"href":"https:\/\/astrologelvan.com\/magaza\/wp-json\/wp\/v2\/product_brand?post=48583"},{"taxonomy":"product_cat","embeddable":true,"href":"https:\/\/astrologelvan.com\/magaza\/wp-json\/wp\/v2\/product_cat?post=48583"},{"taxonomy":"product_tag","embeddable":true,"href":"https:\/\/astrologelvan.com\/magaza\/wp-json\/wp\/v2\/product_tag?post=48583"}],"curies":[{"name":"wp","href":"https:\/\/api.w.org\/{rel}","templated":true}]}}