{"id":48565,"date":"2025-02-13T17:17:24","date_gmt":"2025-02-13T14:17:24","guid":{"rendered":"https:\/\/astrologelvan.com\/magaza\/?post_type=product&#038;p=48565"},"modified":"2026-03-30T14:17:13","modified_gmt":"2026-03-30T11:17:13","slug":"nazar-ayeti-islemeli-bakir-bileklik","status":"publish","type":"product","link":"https:\/\/astrologelvan.com\/magaza\/urun\/nazar-ayeti-islemeli-bakir-bileklik\/","title":{"rendered":"Nazar Ayeti \u0130\u015flemeli Bak\u0131r Bileklik"},"content":{"rendered":"<p><strong>Bak\u0131r Bilekli\u011fin arka k\u0131sm\u0131 istedi\u011finiz \u00f6l\u00e7\u00fcde bile\u011finize g\u00f6re ayarlanmaktad\u0131r.<\/strong><\/p>\n<p><strong>Bak\u0131r do\u011fas\u0131 gere\u011fi hava ile temas etmesi veya \u0131s\u0131ya maruz kalmas\u0131 durumunda karar\u0131r. Ger\u00e7ek bak\u0131r zamanla kullan\u0131ld\u0131k\u00e7a renk de\u011fi\u015ftirerek daha eski bir g\u00f6r\u00fcnt\u00fcye b\u00fcr\u00fcn\u00fcr. Bak\u0131r bileziklerin zamanla kararmas\u0131 normal bir s\u00fcre\u00e7tir ve bak\u0131r\u0131n do\u011fal \u00f6zelliklerinden biridir.<\/strong><\/p>\n","protected":false},"excerpt":{"rendered":"<p>Bu \u00f6zel tasar\u0131m bileklik, Kalem Suresi 51-52. ayetleri ile manevi bir koruma sunar. Nazar ve k\u00f6t\u00fc enerjilerden korunmak isteyenler i\u00e7in \u00f6zel tasarlanan bu bileklik, tamamen el i\u015f\u00e7ili\u011fi ve do\u011fal bak\u0131rd\u0131r.<\/p>\n<p>Kalem Suresi 51-52. ayetleri (Nazar Duas\u0131)<\/p>\n<p>\u0648\u064e\u0627\u0650\u0646\u0652 \u064a\u064e\u0643\u064e\u0627\u062f\u064f \u0627\u0644\u0651\u064e\u0630\u06ea\u064a\u0646\u064e \u0643\u064e\u0641\u064e\u0631\u064f\u0648\u0627 \u0644\u064e\u064a\u064f\u0632\u0652\u0644\u0650\u0642\u064f\u0648\u0646\u064e\u0643\u064e \u0628\u0650\u0627\u064e\u0628\u0652\u0635\u064e\u0627\u0631\u0650\u0647\u0650\u0645\u0652 \u0644\u064e\u0645\u0651\u064e\u0627 \u0633\u064e\u0645\u0650\u0639\u064f\u0648\u0627 \u0627\u0644\u0630\u0651\u0650\u0643\u0652\u0631\u064e \u0648\u064e\u064a\u064e\u0642\u064f\u0648\u0644\u064f\u0648\u0646\u064e \u0627\u0650\u0646\u0651\u064e\u0647\u064f \u0644\u064e\u0645\u064e\u062c\u0652\u0646\u064f\u0648\u0646\u064c\u06e2<\/p>\n<p>\u0648\u064e\u0645\u064e\u0627 \u0647\u064f\u0648\u064e \u0627\u0650\u0644\u0651\u064e\u0627 \u0630\u0650\u0643\u0652\u0631\u064c \u0644\u0650\u0644\u0652\u0639\u064e\u0627\u0644\u064e\u0645\u06ea\u064a\u0646\u064e<\/p>\n<p>T\u00fcrk\u00e7e Meali:<\/p>\n<p>\u201cO ink\u00e2r edenler Zikr\u2019i (Kur\u2019an\u2019\u0131) i\u015fittikleri zaman, neredeyse seni g\u00f6zleriyle devirivereceklerdi. H\u00e2la da (kin ve hasetlerinden:) \u00abHi\u00e7 \u015f\u00fcphe yok o bir delidir\u00bb derler. Oysa o (Kur\u2019an), \u00e2lemler i\u00e7in ancak bir \u00f6\u011f\u00fctt\u00fcr.\u201d<\/p>\n","protected":false},"featured_media":48566,"comment_status":"open","ping_status":"closed","template":"","meta":[],"product_brand":[],"product_cat":[597],"product_tag":[],"class_list":{"0":"post-48565","1":"product","2":"type-product","3":"status-publish","4":"has-post-thumbnail","6":"product_cat-bakir-bileklik","8":"first","9":"outofstock","10":"taxable","11":"shipping-taxable","12":"purchasable","13":"product-type-simple"},"yoast_head":"<!-- This site is optimized with the Yoast SEO plugin v27.3 - https:\/\/yoast.com\/product\/yoast-seo-wordpress\/ -->\n<title>Nazar Ayeti \u0130\u015flemeli Bak\u0131r Bileklik - Astrolog Elvan<\/title>\n<meta name=\"robots\" content=\"index, follow, max-snippet:-1, max-image-preview:large, max-video-preview:-1\" \/>\n<link rel=\"canonical\" href=\"https:\/\/astrologelvan.com\/magaza\/urun\/nazar-ayeti-islemeli-bakir-bileklik\/\" \/>\n<meta property=\"og:locale\" content=\"tr_TR\" \/>\n<meta property=\"og:type\" content=\"article\" \/>\n<meta property=\"og:title\" content=\"Nazar Ayeti \u0130\u015flemeli Bak\u0131r Bileklik - Astrolog Elvan\" \/>\n<meta property=\"og:description\" content=\"Bu \u00f6zel tasar\u0131m bileklik, Kalem Suresi 51-52. ayetleri ile manevi bir koruma sunar. Nazar ve k\u00f6t\u00fc enerjilerden korunmak isteyenler i\u00e7in \u00f6zel tasarlanan bu bileklik, tamamen el i\u015f\u00e7ili\u011fi ve do\u011fal bak\u0131rd\u0131r.  Kalem Suresi 51-52. ayetleri (Nazar Duas\u0131)  \u0648\u064e\u0627\u0650\u0646\u0652 \u064a\u064e\u0643\u064e\u0627\u062f\u064f \u0627\u0644\u0651\u064e\u0630\u06ea\u064a\u0646\u064e \u0643\u064e\u0641\u064e\u0631\u064f\u0648\u0627 \u0644\u064e\u064a\u064f\u0632\u0652\u0644\u0650\u0642\u064f\u0648\u0646\u064e\u0643\u064e \u0628\u0650\u0627\u064e\u0628\u0652\u0635\u064e\u0627\u0631\u0650\u0647\u0650\u0645\u0652 \u0644\u064e\u0645\u0651\u064e\u0627 \u0633\u064e\u0645\u0650\u0639\u064f\u0648\u0627 \u0627\u0644\u0630\u0651\u0650\u0643\u0652\u0631\u064e \u0648\u064e\u064a\u064e\u0642\u064f\u0648\u0644\u064f\u0648\u0646\u064e \u0627\u0650\u0646\u0651\u064e\u0647\u064f \u0644\u064e\u0645\u064e\u062c\u0652\u0646\u064f\u0648\u0646\u064c\u06e2  \u0648\u064e\u0645\u064e\u0627 \u0647\u064f\u0648\u064e \u0627\u0650\u0644\u0651\u064e\u0627 \u0630\u0650\u0643\u0652\u0631\u064c \u0644\u0650\u0644\u0652\u0639\u064e\u0627\u0644\u064e\u0645\u06ea\u064a\u0646\u064e  T\u00fcrk\u00e7e Meali:  \u201cO ink\u00e2r edenler Zikr\u2019i (Kur\u2019an\u2019\u0131) i\u015fittikleri zaman, neredeyse seni g\u00f6zleriyle devirivereceklerdi. H\u00e2la da (kin ve hasetlerinden:) \u00abHi\u00e7 \u015f\u00fcphe yok o bir delidir\u00bb derler. Oysa o (Kur\u2019an), \u00e2lemler i\u00e7in ancak bir \u00f6\u011f\u00fctt\u00fcr.\u201d\" \/>\n<meta property=\"og:url\" content=\"https:\/\/astrologelvan.com\/magaza\/urun\/nazar-ayeti-islemeli-bakir-bileklik\/\" \/>\n<meta property=\"og:site_name\" content=\"Astrolog Elvan\" \/>\n<meta property=\"article:modified_time\" content=\"2026-03-30T11:17:13+00:00\" \/>\n<meta property=\"og:image\" content=\"https:\/\/astrologelvan.com\/magaza\/wp-content\/uploads\/2025\/02\/ayet-bakir.jpg\" \/>\n\t<meta property=\"og:image:width\" content=\"1066\" \/>\n\t<meta property=\"og:image:height\" content=\"1600\" \/>\n\t<meta property=\"og:image:type\" content=\"image\/jpeg\" \/>\n<meta name=\"twitter:card\" content=\"summary_large_image\" \/>\n<meta name=\"twitter:label1\" content=\"Tahmini okuma s\u00fcresi\" \/>\n\t<meta name=\"twitter:data1\" content=\"1 dakika\" \/>\n<script type=\"application\/ld+json\" class=\"yoast-schema-graph\">{\"@context\":\"https:\\\/\\\/schema.org\",\"@graph\":[{\"@type\":[\"WebPage\",\"ItemPage\"],\"@id\":\"https:\\\/\\\/astrologelvan.com\\\/magaza\\\/urun\\\/nazar-ayeti-islemeli-bakir-bileklik\\\/\",\"url\":\"https:\\\/\\\/astrologelvan.com\\\/magaza\\\/urun\\\/nazar-ayeti-islemeli-bakir-bileklik\\\/\",\"name\":\"Nazar Ayeti \u0130\u015flemeli Bak\u0131r Bileklik - Astrolog Elvan\",\"isPartOf\":{\"@id\":\"https:\\\/\\\/astrologelvan.com\\\/magaza\\\/#website\"},\"primaryImageOfPage\":{\"@id\":\"https:\\\/\\\/astrologelvan.com\\\/magaza\\\/urun\\\/nazar-ayeti-islemeli-bakir-bileklik\\\/#primaryimage\"},\"image\":{\"@id\":\"https:\\\/\\\/astrologelvan.com\\\/magaza\\\/urun\\\/nazar-ayeti-islemeli-bakir-bileklik\\\/#primaryimage\"},\"thumbnailUrl\":\"https:\\\/\\\/astrologelvan.com\\\/magaza\\\/wp-content\\\/uploads\\\/2025\\\/02\\\/ayet-bakir.jpg\",\"datePublished\":\"2025-02-13T14:17:24+00:00\",\"dateModified\":\"2026-03-30T11:17:13+00:00\",\"breadcrumb\":{\"@id\":\"https:\\\/\\\/astrologelvan.com\\\/magaza\\\/urun\\\/nazar-ayeti-islemeli-bakir-bileklik\\\/#breadcrumb\"},\"inLanguage\":\"tr\",\"potentialAction\":[{\"@type\":\"ReadAction\",\"target\":[\"https:\\\/\\\/astrologelvan.com\\\/magaza\\\/urun\\\/nazar-ayeti-islemeli-bakir-bileklik\\\/\"]}]},{\"@type\":\"ImageObject\",\"inLanguage\":\"tr\",\"@id\":\"https:\\\/\\\/astrologelvan.com\\\/magaza\\\/urun\\\/nazar-ayeti-islemeli-bakir-bileklik\\\/#primaryimage\",\"url\":\"https:\\\/\\\/astrologelvan.com\\\/magaza\\\/wp-content\\\/uploads\\\/2025\\\/02\\\/ayet-bakir.jpg\",\"contentUrl\":\"https:\\\/\\\/astrologelvan.com\\\/magaza\\\/wp-content\\\/uploads\\\/2025\\\/02\\\/ayet-bakir.jpg\",\"width\":1066,\"height\":1600},{\"@type\":\"BreadcrumbList\",\"@id\":\"https:\\\/\\\/astrologelvan.com\\\/magaza\\\/urun\\\/nazar-ayeti-islemeli-bakir-bileklik\\\/#breadcrumb\",\"itemListElement\":[{\"@type\":\"ListItem\",\"position\":1,\"name\":\"Anasayfa\",\"item\":\"https:\\\/\\\/astrologelvan.com\\\/magaza\\\/\"},{\"@type\":\"ListItem\",\"position\":2,\"name\":\"Ma\u011faza\",\"item\":\"https:\\\/\\\/astrologelvan.com\\\/magaza\\\/magaza\\\/\"},{\"@type\":\"ListItem\",\"position\":3,\"name\":\"Nazar Ayeti \u0130\u015flemeli Bak\u0131r Bileklik\"}]},{\"@type\":\"WebSite\",\"@id\":\"https:\\\/\\\/astrologelvan.com\\\/magaza\\\/#website\",\"url\":\"https:\\\/\\\/astrologelvan.com\\\/magaza\\\/\",\"name\":\"Astrolog Elvan\",\"description\":\"\",\"potentialAction\":[{\"@type\":\"SearchAction\",\"target\":{\"@type\":\"EntryPoint\",\"urlTemplate\":\"https:\\\/\\\/astrologelvan.com\\\/magaza\\\/?s={search_term_string}\"},\"query-input\":{\"@type\":\"PropertyValueSpecification\",\"valueRequired\":true,\"valueName\":\"search_term_string\"}}],\"inLanguage\":\"tr\"}]}<\/script>\n<!-- \/ Yoast SEO plugin. -->","yoast_head_json":{"title":"Nazar Ayeti \u0130\u015flemeli Bak\u0131r Bileklik - Astrolog Elvan","robots":{"index":"index","follow":"follow","max-snippet":"max-snippet:-1","max-image-preview":"max-image-preview:large","max-video-preview":"max-video-preview:-1"},"canonical":"https:\/\/astrologelvan.com\/magaza\/urun\/nazar-ayeti-islemeli-bakir-bileklik\/","og_locale":"tr_TR","og_type":"article","og_title":"Nazar Ayeti \u0130\u015flemeli Bak\u0131r Bileklik - Astrolog Elvan","og_description":"Bu \u00f6zel tasar\u0131m bileklik, Kalem Suresi 51-52. ayetleri ile manevi bir koruma sunar. Nazar ve k\u00f6t\u00fc enerjilerden korunmak isteyenler i\u00e7in \u00f6zel tasarlanan bu bileklik, tamamen el i\u015f\u00e7ili\u011fi ve do\u011fal bak\u0131rd\u0131r.  Kalem Suresi 51-52. ayetleri (Nazar Duas\u0131)  \u0648\u064e\u0627\u0650\u0646\u0652 \u064a\u064e\u0643\u064e\u0627\u062f\u064f \u0627\u0644\u0651\u064e\u0630\u06ea\u064a\u0646\u064e \u0643\u064e\u0641\u064e\u0631\u064f\u0648\u0627 \u0644\u064e\u064a\u064f\u0632\u0652\u0644\u0650\u0642\u064f\u0648\u0646\u064e\u0643\u064e \u0628\u0650\u0627\u064e\u0628\u0652\u0635\u064e\u0627\u0631\u0650\u0647\u0650\u0645\u0652 \u0644\u064e\u0645\u0651\u064e\u0627 \u0633\u064e\u0645\u0650\u0639\u064f\u0648\u0627 \u0627\u0644\u0630\u0651\u0650\u0643\u0652\u0631\u064e \u0648\u064e\u064a\u064e\u0642\u064f\u0648\u0644\u064f\u0648\u0646\u064e \u0627\u0650\u0646\u0651\u064e\u0647\u064f \u0644\u064e\u0645\u064e\u062c\u0652\u0646\u064f\u0648\u0646\u064c\u06e2  \u0648\u064e\u0645\u064e\u0627 \u0647\u064f\u0648\u064e \u0627\u0650\u0644\u0651\u064e\u0627 \u0630\u0650\u0643\u0652\u0631\u064c \u0644\u0650\u0644\u0652\u0639\u064e\u0627\u0644\u064e\u0645\u06ea\u064a\u0646\u064e  T\u00fcrk\u00e7e Meali:  \u201cO ink\u00e2r edenler Zikr\u2019i (Kur\u2019an\u2019\u0131) i\u015fittikleri zaman, neredeyse seni g\u00f6zleriyle devirivereceklerdi. H\u00e2la da (kin ve hasetlerinden:) \u00abHi\u00e7 \u015f\u00fcphe yok o bir delidir\u00bb derler. Oysa o (Kur\u2019an), \u00e2lemler i\u00e7in ancak bir \u00f6\u011f\u00fctt\u00fcr.\u201d","og_url":"https:\/\/astrologelvan.com\/magaza\/urun\/nazar-ayeti-islemeli-bakir-bileklik\/","og_site_name":"Astrolog Elvan","article_modified_time":"2026-03-30T11:17:13+00:00","og_image":[{"width":1066,"height":1600,"url":"https:\/\/astrologelvan.com\/magaza\/wp-content\/uploads\/2025\/02\/ayet-bakir.jpg","type":"image\/jpeg"}],"twitter_card":"summary_large_image","twitter_misc":{"Tahmini okuma s\u00fcresi":"1 dakika"},"schema":{"@context":"https:\/\/schema.org","@graph":[{"@type":["WebPage","ItemPage"],"@id":"https:\/\/astrologelvan.com\/magaza\/urun\/nazar-ayeti-islemeli-bakir-bileklik\/","url":"https:\/\/astrologelvan.com\/magaza\/urun\/nazar-ayeti-islemeli-bakir-bileklik\/","name":"Nazar Ayeti \u0130\u015flemeli Bak\u0131r Bileklik - Astrolog Elvan","isPartOf":{"@id":"https:\/\/astrologelvan.com\/magaza\/#website"},"primaryImageOfPage":{"@id":"https:\/\/astrologelvan.com\/magaza\/urun\/nazar-ayeti-islemeli-bakir-bileklik\/#primaryimage"},"image":{"@id":"https:\/\/astrologelvan.com\/magaza\/urun\/nazar-ayeti-islemeli-bakir-bileklik\/#primaryimage"},"thumbnailUrl":"https:\/\/astrologelvan.com\/magaza\/wp-content\/uploads\/2025\/02\/ayet-bakir.jpg","datePublished":"2025-02-13T14:17:24+00:00","dateModified":"2026-03-30T11:17:13+00:00","breadcrumb":{"@id":"https:\/\/astrologelvan.com\/magaza\/urun\/nazar-ayeti-islemeli-bakir-bileklik\/#breadcrumb"},"inLanguage":"tr","potentialAction":[{"@type":"ReadAction","target":["https:\/\/astrologelvan.com\/magaza\/urun\/nazar-ayeti-islemeli-bakir-bileklik\/"]}]},{"@type":"ImageObject","inLanguage":"tr","@id":"https:\/\/astrologelvan.com\/magaza\/urun\/nazar-ayeti-islemeli-bakir-bileklik\/#primaryimage","url":"https:\/\/astrologelvan.com\/magaza\/wp-content\/uploads\/2025\/02\/ayet-bakir.jpg","contentUrl":"https:\/\/astrologelvan.com\/magaza\/wp-content\/uploads\/2025\/02\/ayet-bakir.jpg","width":1066,"height":1600},{"@type":"BreadcrumbList","@id":"https:\/\/astrologelvan.com\/magaza\/urun\/nazar-ayeti-islemeli-bakir-bileklik\/#breadcrumb","itemListElement":[{"@type":"ListItem","position":1,"name":"Anasayfa","item":"https:\/\/astrologelvan.com\/magaza\/"},{"@type":"ListItem","position":2,"name":"Ma\u011faza","item":"https:\/\/astrologelvan.com\/magaza\/magaza\/"},{"@type":"ListItem","position":3,"name":"Nazar Ayeti \u0130\u015flemeli Bak\u0131r Bileklik"}]},{"@type":"WebSite","@id":"https:\/\/astrologelvan.com\/magaza\/#website","url":"https:\/\/astrologelvan.com\/magaza\/","name":"Astrolog Elvan","description":"","potentialAction":[{"@type":"SearchAction","target":{"@type":"EntryPoint","urlTemplate":"https:\/\/astrologelvan.com\/magaza\/?s={search_term_string}"},"query-input":{"@type":"PropertyValueSpecification","valueRequired":true,"valueName":"search_term_string"}}],"inLanguage":"tr"}]}},"_links":{"self":[{"href":"https:\/\/astrologelvan.com\/magaza\/wp-json\/wp\/v2\/product\/48565","targetHints":{"allow":["GET"]}}],"collection":[{"href":"https:\/\/astrologelvan.com\/magaza\/wp-json\/wp\/v2\/product"}],"about":[{"href":"https:\/\/astrologelvan.com\/magaza\/wp-json\/wp\/v2\/types\/product"}],"replies":[{"embeddable":true,"href":"https:\/\/astrologelvan.com\/magaza\/wp-json\/wp\/v2\/comments?post=48565"}],"wp:featuredmedia":[{"embeddable":true,"href":"https:\/\/astrologelvan.com\/magaza\/wp-json\/wp\/v2\/media\/48566"}],"wp:attachment":[{"href":"https:\/\/astrologelvan.com\/magaza\/wp-json\/wp\/v2\/media?parent=48565"}],"wp:term":[{"taxonomy":"product_brand","embeddable":true,"href":"https:\/\/astrologelvan.com\/magaza\/wp-json\/wp\/v2\/product_brand?post=48565"},{"taxonomy":"product_cat","embeddable":true,"href":"https:\/\/astrologelvan.com\/magaza\/wp-json\/wp\/v2\/product_cat?post=48565"},{"taxonomy":"product_tag","embeddable":true,"href":"https:\/\/astrologelvan.com\/magaza\/wp-json\/wp\/v2\/product_tag?post=48565"}],"curies":[{"name":"wp","href":"https:\/\/api.w.org\/{rel}","templated":true}]}}