{"id":47948,"date":"2025-02-12T13:04:24","date_gmt":"2025-02-12T10:04:24","guid":{"rendered":"https:\/\/astrologelvan.com\/magaza\/?post_type=product&#038;p=47948"},"modified":"2025-10-06T08:15:44","modified_gmt":"2025-10-06T05:15:44","slug":"bolluk-ve-bereket-atolyesi","status":"publish","type":"product","link":"https:\/\/astrologelvan.com\/magaza\/urun\/bolluk-ve-bereket-atolyesi\/","title":{"rendered":"Bolluk ve Bereket At\u00f6lyesi"},"content":{"rendered":"","protected":false},"excerpt":{"rendered":"<p>Bu at\u00f6lye sonunda kat\u0131l\u0131mc\u0131lar, bolluk ve bereket frekans\u0131na uyumlanarak hayatlar\u0131na daha fazla ak\u0131\u015f getirecekler.<\/p>\n<ul>\n<li>Bolluk bilincinin temelleri<\/li>\n<li>ThetaHealing ile bolluk enerjisine uyumlanma.<\/li>\n<li>Gruba jass dosyas\u0131 a\u00e7ma<\/li>\n<li>Bolluk ve bereket i\u00e7in g\u00fc\u00e7l\u00fc olumlamalar<\/li>\n<li>\u0130nan\u00e7 y\u00fcklemeleri (ThetaHealing ile)<\/li>\n<li>At\u00f6lye sonunda bir dilek k\u00e2\u011f\u0131d\u0131 ya da vizyon panosu haz\u0131rlat\u0131labilir.<\/li>\n<li>Bolluk enerjisini koruyacak bir niyet c\u00fcmlesi ile kapan\u0131\u015f.<\/li>\n<\/ul>\n<p><strong><em>At\u00f6lye 17 \u015eubat gecesi T\u00fcrkiye saati ile 20:00\u2019da zoom \u00fczerinden Bur\u00e7in Ko\u00e7lar e\u015fli\u011finde canl\u0131 olarak yap\u0131lacak<\/em>.<\/strong><\/p>\n<p>Sipari\u015flerinizi olu\u015ftururken aktif kulland\u0131\u011f\u0131n\u0131z telefon numaran\u0131z\u0131 ve e-mail adresinizi girmelisiniz.<br \/>\n<strong>At\u00f6lye kat\u0131l\u0131m linkleri<\/strong>\u00a0<u>belirtti\u011finiz numaraya SMS olarak, belirtti\u011finiz e-mail adresine e-mail olarak g\u00f6nderilecektir.<\/u><br \/>\nSMS ve E-mail adresinizi do\u011fru yazd\u0131\u011f\u0131n\u0131za ve SMS ve E-mail kutunuzun dolu olmamas\u0131na dikkat ediniz.<\/p>\n<p>At\u00f6lye kay\u0131tlar\u0131 sat\u0131n alan ki\u015filere canl\u0131 yay\u0131n sonras\u0131ndaki g\u00fcnlerde yine ayn\u0131 kanallardan iletilecektir.<br \/>\n<strong>Her at\u00f6lye kayd\u0131 bir ki\u015fi i\u00e7in ge\u00e7erlidir, yasal olarak bir ba\u015fkas\u0131 ile payla\u015f\u0131lamaz.\u00a0<\/strong><\/p>\n<p>&nbsp;<\/p>\n","protected":false},"featured_media":47953,"comment_status":"open","ping_status":"closed","template":"","meta":[],"product_brand":[],"product_cat":[494],"product_tag":[496,497,514,629,630],"class_list":{"0":"post-47948","1":"product","2":"type-product","3":"status-publish","4":"has-post-thumbnail","6":"product_cat-atolyeler","7":"product_tag-atolye","8":"product_tag-bereket","9":"product_tag-bolluk","10":"product_tag-burcin","11":"product_tag-koclar","13":"first","14":"outofstock","15":"virtual","16":"taxable","17":"purchasable","18":"product-type-simple"},"yoast_head":"<!-- This site is optimized with the Yoast SEO plugin v27.3 - https:\/\/yoast.com\/product\/yoast-seo-wordpress\/ -->\n<title>Bolluk ve Bereket At\u00f6lyesi - Astrolog Elvan<\/title>\n<meta name=\"robots\" content=\"index, follow, max-snippet:-1, max-image-preview:large, max-video-preview:-1\" \/>\n<link rel=\"canonical\" href=\"https:\/\/astrologelvan.com\/magaza\/urun\/bolluk-ve-bereket-atolyesi\/\" \/>\n<meta property=\"og:locale\" content=\"tr_TR\" \/>\n<meta property=\"og:type\" content=\"article\" \/>\n<meta property=\"og:title\" content=\"Bolluk ve Bereket At\u00f6lyesi - Astrolog Elvan\" \/>\n<meta property=\"og:description\" content=\"Bu at\u00f6lye sonunda kat\u0131l\u0131mc\u0131lar, bolluk ve bereket frekans\u0131na uyumlanarak hayatlar\u0131na daha fazla ak\u0131\u015f getirecekler.   Bolluk bilincinin temelleri  ThetaHealing ile bolluk enerjisine uyumlanma.  Gruba jass dosyas\u0131 a\u00e7ma  Bolluk ve bereket i\u00e7in g\u00fc\u00e7l\u00fc olumlamalar  \u0130nan\u00e7 y\u00fcklemeleri (ThetaHealing ile)  At\u00f6lye sonunda bir dilek k\u00e2\u011f\u0131d\u0131 ya da vizyon panosu haz\u0131rlat\u0131labilir.  Bolluk enerjisini koruyacak bir niyet c\u00fcmlesi ile kapan\u0131\u015f.  At\u00f6lye 17 \u015eubat gecesi T\u00fcrkiye saati ile 20:00\u2019da zoom \u00fczerinden Bur\u00e7in Ko\u00e7lar e\u015fli\u011finde canl\u0131 olarak yap\u0131lacak.  Sipari\u015flerinizi olu\u015ftururken aktif kulland\u0131\u011f\u0131n\u0131z telefon numaran\u0131z\u0131 ve e-mail adresinizi girmelisiniz. At\u00f6lye kat\u0131l\u0131m linkleri\u00a0belirtti\u011finiz numaraya SMS olarak, belirtti\u011finiz e-mail adresine e-mail olarak g\u00f6nderilecektir. SMS ve E-mail adresinizi do\u011fru yazd\u0131\u011f\u0131n\u0131za ve SMS ve E-mail kutunuzun dolu olmamas\u0131na dikkat ediniz.  At\u00f6lye kay\u0131tlar\u0131 sat\u0131n alan ki\u015filere canl\u0131 yay\u0131n sonras\u0131ndaki g\u00fcnlerde yine ayn\u0131 kanallardan iletilecektir. Her at\u00f6lye kayd\u0131 bir ki\u015fi i\u00e7in ge\u00e7erlidir, yasal olarak bir ba\u015fkas\u0131 ile payla\u015f\u0131lamaz.\u00a0  &nbsp;\" \/>\n<meta property=\"og:url\" content=\"https:\/\/astrologelvan.com\/magaza\/urun\/bolluk-ve-bereket-atolyesi\/\" \/>\n<meta property=\"og:site_name\" content=\"Astrolog Elvan\" \/>\n<meta property=\"article:modified_time\" content=\"2025-10-06T05:15:44+00:00\" \/>\n<meta property=\"og:image\" content=\"https:\/\/astrologelvan.com\/magaza\/wp-content\/uploads\/2025\/02\/banner2mobil.webp\" \/>\n\t<meta property=\"og:image:width\" content=\"1000\" \/>\n\t<meta property=\"og:image:height\" content=\"1300\" \/>\n\t<meta property=\"og:image:type\" content=\"image\/webp\" \/>\n<meta name=\"twitter:card\" content=\"summary_large_image\" \/>\n<meta name=\"twitter:label1\" content=\"Tahmini okuma s\u00fcresi\" \/>\n\t<meta name=\"twitter:data1\" content=\"1 dakika\" \/>\n<script type=\"application\/ld+json\" class=\"yoast-schema-graph\">{\"@context\":\"https:\\\/\\\/schema.org\",\"@graph\":[{\"@type\":[\"WebPage\",\"ItemPage\"],\"@id\":\"https:\\\/\\\/astrologelvan.com\\\/magaza\\\/urun\\\/bolluk-ve-bereket-atolyesi\\\/\",\"url\":\"https:\\\/\\\/astrologelvan.com\\\/magaza\\\/urun\\\/bolluk-ve-bereket-atolyesi\\\/\",\"name\":\"Bolluk ve Bereket At\u00f6lyesi - Astrolog Elvan\",\"isPartOf\":{\"@id\":\"https:\\\/\\\/astrologelvan.com\\\/magaza\\\/#website\"},\"primaryImageOfPage\":{\"@id\":\"https:\\\/\\\/astrologelvan.com\\\/magaza\\\/urun\\\/bolluk-ve-bereket-atolyesi\\\/#primaryimage\"},\"image\":{\"@id\":\"https:\\\/\\\/astrologelvan.com\\\/magaza\\\/urun\\\/bolluk-ve-bereket-atolyesi\\\/#primaryimage\"},\"thumbnailUrl\":\"https:\\\/\\\/astrologelvan.com\\\/magaza\\\/wp-content\\\/uploads\\\/2025\\\/02\\\/banner2mobil.webp\",\"datePublished\":\"2025-02-12T10:04:24+00:00\",\"dateModified\":\"2025-10-06T05:15:44+00:00\",\"breadcrumb\":{\"@id\":\"https:\\\/\\\/astrologelvan.com\\\/magaza\\\/urun\\\/bolluk-ve-bereket-atolyesi\\\/#breadcrumb\"},\"inLanguage\":\"tr\",\"potentialAction\":[{\"@type\":\"ReadAction\",\"target\":[\"https:\\\/\\\/astrologelvan.com\\\/magaza\\\/urun\\\/bolluk-ve-bereket-atolyesi\\\/\"]}]},{\"@type\":\"ImageObject\",\"inLanguage\":\"tr\",\"@id\":\"https:\\\/\\\/astrologelvan.com\\\/magaza\\\/urun\\\/bolluk-ve-bereket-atolyesi\\\/#primaryimage\",\"url\":\"https:\\\/\\\/astrologelvan.com\\\/magaza\\\/wp-content\\\/uploads\\\/2025\\\/02\\\/banner2mobil.webp\",\"contentUrl\":\"https:\\\/\\\/astrologelvan.com\\\/magaza\\\/wp-content\\\/uploads\\\/2025\\\/02\\\/banner2mobil.webp\",\"width\":1000,\"height\":1300},{\"@type\":\"BreadcrumbList\",\"@id\":\"https:\\\/\\\/astrologelvan.com\\\/magaza\\\/urun\\\/bolluk-ve-bereket-atolyesi\\\/#breadcrumb\",\"itemListElement\":[{\"@type\":\"ListItem\",\"position\":1,\"name\":\"Anasayfa\",\"item\":\"https:\\\/\\\/astrologelvan.com\\\/magaza\\\/\"},{\"@type\":\"ListItem\",\"position\":2,\"name\":\"Ma\u011faza\",\"item\":\"https:\\\/\\\/astrologelvan.com\\\/magaza\\\/magaza\\\/\"},{\"@type\":\"ListItem\",\"position\":3,\"name\":\"Bolluk ve Bereket At\u00f6lyesi\"}]},{\"@type\":\"WebSite\",\"@id\":\"https:\\\/\\\/astrologelvan.com\\\/magaza\\\/#website\",\"url\":\"https:\\\/\\\/astrologelvan.com\\\/magaza\\\/\",\"name\":\"Astrolog Elvan\",\"description\":\"\",\"potentialAction\":[{\"@type\":\"SearchAction\",\"target\":{\"@type\":\"EntryPoint\",\"urlTemplate\":\"https:\\\/\\\/astrologelvan.com\\\/magaza\\\/?s={search_term_string}\"},\"query-input\":{\"@type\":\"PropertyValueSpecification\",\"valueRequired\":true,\"valueName\":\"search_term_string\"}}],\"inLanguage\":\"tr\"}]}<\/script>\n<!-- \/ Yoast SEO plugin. -->","yoast_head_json":{"title":"Bolluk ve Bereket At\u00f6lyesi - Astrolog Elvan","robots":{"index":"index","follow":"follow","max-snippet":"max-snippet:-1","max-image-preview":"max-image-preview:large","max-video-preview":"max-video-preview:-1"},"canonical":"https:\/\/astrologelvan.com\/magaza\/urun\/bolluk-ve-bereket-atolyesi\/","og_locale":"tr_TR","og_type":"article","og_title":"Bolluk ve Bereket At\u00f6lyesi - Astrolog Elvan","og_description":"Bu at\u00f6lye sonunda kat\u0131l\u0131mc\u0131lar, bolluk ve bereket frekans\u0131na uyumlanarak hayatlar\u0131na daha fazla ak\u0131\u015f getirecekler.   Bolluk bilincinin temelleri  ThetaHealing ile bolluk enerjisine uyumlanma.  Gruba jass dosyas\u0131 a\u00e7ma  Bolluk ve bereket i\u00e7in g\u00fc\u00e7l\u00fc olumlamalar  \u0130nan\u00e7 y\u00fcklemeleri (ThetaHealing ile)  At\u00f6lye sonunda bir dilek k\u00e2\u011f\u0131d\u0131 ya da vizyon panosu haz\u0131rlat\u0131labilir.  Bolluk enerjisini koruyacak bir niyet c\u00fcmlesi ile kapan\u0131\u015f.  At\u00f6lye 17 \u015eubat gecesi T\u00fcrkiye saati ile 20:00\u2019da zoom \u00fczerinden Bur\u00e7in Ko\u00e7lar e\u015fli\u011finde canl\u0131 olarak yap\u0131lacak.  Sipari\u015flerinizi olu\u015ftururken aktif kulland\u0131\u011f\u0131n\u0131z telefon numaran\u0131z\u0131 ve e-mail adresinizi girmelisiniz. At\u00f6lye kat\u0131l\u0131m linkleri\u00a0belirtti\u011finiz numaraya SMS olarak, belirtti\u011finiz e-mail adresine e-mail olarak g\u00f6nderilecektir. SMS ve E-mail adresinizi do\u011fru yazd\u0131\u011f\u0131n\u0131za ve SMS ve E-mail kutunuzun dolu olmamas\u0131na dikkat ediniz.  At\u00f6lye kay\u0131tlar\u0131 sat\u0131n alan ki\u015filere canl\u0131 yay\u0131n sonras\u0131ndaki g\u00fcnlerde yine ayn\u0131 kanallardan iletilecektir. Her at\u00f6lye kayd\u0131 bir ki\u015fi i\u00e7in ge\u00e7erlidir, yasal olarak bir ba\u015fkas\u0131 ile payla\u015f\u0131lamaz.\u00a0  &nbsp;","og_url":"https:\/\/astrologelvan.com\/magaza\/urun\/bolluk-ve-bereket-atolyesi\/","og_site_name":"Astrolog Elvan","article_modified_time":"2025-10-06T05:15:44+00:00","og_image":[{"width":1000,"height":1300,"url":"https:\/\/astrologelvan.com\/magaza\/wp-content\/uploads\/2025\/02\/banner2mobil.webp","type":"image\/webp"}],"twitter_card":"summary_large_image","twitter_misc":{"Tahmini okuma s\u00fcresi":"1 dakika"},"schema":{"@context":"https:\/\/schema.org","@graph":[{"@type":["WebPage","ItemPage"],"@id":"https:\/\/astrologelvan.com\/magaza\/urun\/bolluk-ve-bereket-atolyesi\/","url":"https:\/\/astrologelvan.com\/magaza\/urun\/bolluk-ve-bereket-atolyesi\/","name":"Bolluk ve Bereket At\u00f6lyesi - Astrolog Elvan","isPartOf":{"@id":"https:\/\/astrologelvan.com\/magaza\/#website"},"primaryImageOfPage":{"@id":"https:\/\/astrologelvan.com\/magaza\/urun\/bolluk-ve-bereket-atolyesi\/#primaryimage"},"image":{"@id":"https:\/\/astrologelvan.com\/magaza\/urun\/bolluk-ve-bereket-atolyesi\/#primaryimage"},"thumbnailUrl":"https:\/\/astrologelvan.com\/magaza\/wp-content\/uploads\/2025\/02\/banner2mobil.webp","datePublished":"2025-02-12T10:04:24+00:00","dateModified":"2025-10-06T05:15:44+00:00","breadcrumb":{"@id":"https:\/\/astrologelvan.com\/magaza\/urun\/bolluk-ve-bereket-atolyesi\/#breadcrumb"},"inLanguage":"tr","potentialAction":[{"@type":"ReadAction","target":["https:\/\/astrologelvan.com\/magaza\/urun\/bolluk-ve-bereket-atolyesi\/"]}]},{"@type":"ImageObject","inLanguage":"tr","@id":"https:\/\/astrologelvan.com\/magaza\/urun\/bolluk-ve-bereket-atolyesi\/#primaryimage","url":"https:\/\/astrologelvan.com\/magaza\/wp-content\/uploads\/2025\/02\/banner2mobil.webp","contentUrl":"https:\/\/astrologelvan.com\/magaza\/wp-content\/uploads\/2025\/02\/banner2mobil.webp","width":1000,"height":1300},{"@type":"BreadcrumbList","@id":"https:\/\/astrologelvan.com\/magaza\/urun\/bolluk-ve-bereket-atolyesi\/#breadcrumb","itemListElement":[{"@type":"ListItem","position":1,"name":"Anasayfa","item":"https:\/\/astrologelvan.com\/magaza\/"},{"@type":"ListItem","position":2,"name":"Ma\u011faza","item":"https:\/\/astrologelvan.com\/magaza\/magaza\/"},{"@type":"ListItem","position":3,"name":"Bolluk ve Bereket At\u00f6lyesi"}]},{"@type":"WebSite","@id":"https:\/\/astrologelvan.com\/magaza\/#website","url":"https:\/\/astrologelvan.com\/magaza\/","name":"Astrolog Elvan","description":"","potentialAction":[{"@type":"SearchAction","target":{"@type":"EntryPoint","urlTemplate":"https:\/\/astrologelvan.com\/magaza\/?s={search_term_string}"},"query-input":{"@type":"PropertyValueSpecification","valueRequired":true,"valueName":"search_term_string"}}],"inLanguage":"tr"}]}},"_links":{"self":[{"href":"https:\/\/astrologelvan.com\/magaza\/wp-json\/wp\/v2\/product\/47948","targetHints":{"allow":["GET"]}}],"collection":[{"href":"https:\/\/astrologelvan.com\/magaza\/wp-json\/wp\/v2\/product"}],"about":[{"href":"https:\/\/astrologelvan.com\/magaza\/wp-json\/wp\/v2\/types\/product"}],"replies":[{"embeddable":true,"href":"https:\/\/astrologelvan.com\/magaza\/wp-json\/wp\/v2\/comments?post=47948"}],"wp:featuredmedia":[{"embeddable":true,"href":"https:\/\/astrologelvan.com\/magaza\/wp-json\/wp\/v2\/media\/47953"}],"wp:attachment":[{"href":"https:\/\/astrologelvan.com\/magaza\/wp-json\/wp\/v2\/media?parent=47948"}],"wp:term":[{"taxonomy":"product_brand","embeddable":true,"href":"https:\/\/astrologelvan.com\/magaza\/wp-json\/wp\/v2\/product_brand?post=47948"},{"taxonomy":"product_cat","embeddable":true,"href":"https:\/\/astrologelvan.com\/magaza\/wp-json\/wp\/v2\/product_cat?post=47948"},{"taxonomy":"product_tag","embeddable":true,"href":"https:\/\/astrologelvan.com\/magaza\/wp-json\/wp\/v2\/product_tag?post=47948"}],"curies":[{"name":"wp","href":"https:\/\/api.w.org\/{rel}","templated":true}]}}