{"id":4671,"date":"2024-03-22T18:28:55","date_gmt":"2024-03-22T15:28:55","guid":{"rendered":"https:\/\/astrologelvan.com\/magaza\/?post_type=product&#038;p=4671"},"modified":"2025-12-24T15:02:55","modified_gmt":"2025-12-24T12:02:55","slug":"kayac-form-sitrin-kolye","status":"publish","type":"product","link":"https:\/\/astrologelvan.com\/magaza\/urun\/kayac-form-sitrin-kolye\/","title":{"rendered":"KAYA\u00c7 FORM S\u0130TR\u0130N KOLYE"},"content":{"rendered":"<p><strong>\u00dcr\u00fcn \u00d6zellikleri:<\/strong><\/p>\n<p>Ta\u015f A\u011f\u0131rl\u0131\u011f\u0131: 11-15 Gram<\/p>\n<p>Do\u011fal Ta\u015f Sitrin Kolye<\/p>\n","protected":false},"excerpt":{"rendered":"<p>Hayat\u0131n\u0131za bolluk, bereket ve \u015fans\u0131 \u00e7ekin! Para ta\u015f\u0131 olarak da bilinen Sitrin kolyeyi kullanmaya ba\u015flad\u0131\u011f\u0131n\u0131z andan itibaren finansal a\u00e7\u0131dan f\u0131rsatlar\u0131 hayat\u0131n\u0131za \u00e7ekersiniz. Ada\u00e7ay\u0131 ile t\u00fcts\u00fcleyip, \u015fans ve berekete niyet ederek takabilirsiniz!<\/p>\n","protected":false},"featured_media":71342,"comment_status":"open","ping_status":"closed","template":"","meta":[],"product_brand":[],"product_cat":[26,65],"product_tag":[],"class_list":{"0":"post-4671","1":"product","2":"type-product","3":"status-publish","4":"has-post-thumbnail","6":"product_cat-genel","7":"product_cat-sitrin-dogal-tas","9":"first","10":"instock","11":"taxable","12":"shipping-taxable","13":"purchasable","14":"product-type-variable"},"yoast_head":"<!-- This site is optimized with the Yoast SEO plugin v27.3 - https:\/\/yoast.com\/product\/yoast-seo-wordpress\/ -->\n<title>KAYA\u00c7 FORM S\u0130TR\u0130N KOLYE - Astrolog Elvan<\/title>\n<meta name=\"robots\" content=\"index, follow, max-snippet:-1, max-image-preview:large, max-video-preview:-1\" \/>\n<link rel=\"canonical\" href=\"https:\/\/astrologelvan.com\/magaza\/urun\/kayac-form-sitrin-kolye\/\" \/>\n<meta property=\"og:locale\" content=\"tr_TR\" \/>\n<meta property=\"og:type\" content=\"article\" \/>\n<meta property=\"og:title\" content=\"KAYA\u00c7 FORM S\u0130TR\u0130N KOLYE - Astrolog Elvan\" \/>\n<meta property=\"og:description\" content=\"Hayat\u0131n\u0131za bolluk, bereket ve \u015fans\u0131 \u00e7ekin! Para ta\u015f\u0131 olarak da bilinen Sitrin kolyeyi kullanmaya ba\u015flad\u0131\u011f\u0131n\u0131z andan itibaren finansal a\u00e7\u0131dan f\u0131rsatlar\u0131 hayat\u0131n\u0131za \u00e7ekersiniz. Ada\u00e7ay\u0131 ile t\u00fcts\u00fcleyip, \u015fans ve berekete niyet ederek takabilirsiniz!\" \/>\n<meta property=\"og:url\" content=\"https:\/\/astrologelvan.com\/magaza\/urun\/kayac-form-sitrin-kolye\/\" \/>\n<meta property=\"og:site_name\" content=\"Astrolog Elvan\" \/>\n<meta property=\"article:modified_time\" content=\"2025-12-24T12:02:55+00:00\" \/>\n<meta property=\"og:image\" content=\"https:\/\/astrologelvan.com\/magaza\/wp-content\/uploads\/2024\/03\/1-16-1-1.jpg\" \/>\n\t<meta property=\"og:image:width\" content=\"1600\" \/>\n\t<meta property=\"og:image:height\" content=\"1600\" \/>\n\t<meta property=\"og:image:type\" content=\"image\/jpeg\" \/>\n<meta name=\"twitter:card\" content=\"summary_large_image\" \/>\n<meta name=\"twitter:label1\" content=\"Tahmini okuma s\u00fcresi\" \/>\n\t<meta name=\"twitter:data1\" content=\"1 dakika\" \/>\n<script type=\"application\/ld+json\" class=\"yoast-schema-graph\">{\"@context\":\"https:\\\/\\\/schema.org\",\"@graph\":[{\"@type\":[\"WebPage\",\"ItemPage\"],\"@id\":\"https:\\\/\\\/astrologelvan.com\\\/magaza\\\/urun\\\/kayac-form-sitrin-kolye\\\/\",\"url\":\"https:\\\/\\\/astrologelvan.com\\\/magaza\\\/urun\\\/kayac-form-sitrin-kolye\\\/\",\"name\":\"KAYA\u00c7 FORM S\u0130TR\u0130N KOLYE - Astrolog Elvan\",\"isPartOf\":{\"@id\":\"https:\\\/\\\/astrologelvan.com\\\/magaza\\\/#website\"},\"primaryImageOfPage\":{\"@id\":\"https:\\\/\\\/astrologelvan.com\\\/magaza\\\/urun\\\/kayac-form-sitrin-kolye\\\/#primaryimage\"},\"image\":{\"@id\":\"https:\\\/\\\/astrologelvan.com\\\/magaza\\\/urun\\\/kayac-form-sitrin-kolye\\\/#primaryimage\"},\"thumbnailUrl\":\"https:\\\/\\\/astrologelvan.com\\\/magaza\\\/wp-content\\\/uploads\\\/2024\\\/03\\\/1-16-1-1.jpg\",\"datePublished\":\"2024-03-22T15:28:55+00:00\",\"dateModified\":\"2025-12-24T12:02:55+00:00\",\"breadcrumb\":{\"@id\":\"https:\\\/\\\/astrologelvan.com\\\/magaza\\\/urun\\\/kayac-form-sitrin-kolye\\\/#breadcrumb\"},\"inLanguage\":\"tr\",\"potentialAction\":[{\"@type\":\"ReadAction\",\"target\":[\"https:\\\/\\\/astrologelvan.com\\\/magaza\\\/urun\\\/kayac-form-sitrin-kolye\\\/\"]}]},{\"@type\":\"ImageObject\",\"inLanguage\":\"tr\",\"@id\":\"https:\\\/\\\/astrologelvan.com\\\/magaza\\\/urun\\\/kayac-form-sitrin-kolye\\\/#primaryimage\",\"url\":\"https:\\\/\\\/astrologelvan.com\\\/magaza\\\/wp-content\\\/uploads\\\/2024\\\/03\\\/1-16-1-1.jpg\",\"contentUrl\":\"https:\\\/\\\/astrologelvan.com\\\/magaza\\\/wp-content\\\/uploads\\\/2024\\\/03\\\/1-16-1-1.jpg\",\"width\":1600,\"height\":1600},{\"@type\":\"BreadcrumbList\",\"@id\":\"https:\\\/\\\/astrologelvan.com\\\/magaza\\\/urun\\\/kayac-form-sitrin-kolye\\\/#breadcrumb\",\"itemListElement\":[{\"@type\":\"ListItem\",\"position\":1,\"name\":\"Anasayfa\",\"item\":\"https:\\\/\\\/astrologelvan.com\\\/magaza\\\/\"},{\"@type\":\"ListItem\",\"position\":2,\"name\":\"Ma\u011faza\",\"item\":\"https:\\\/\\\/astrologelvan.com\\\/magaza\\\/magaza\\\/\"},{\"@type\":\"ListItem\",\"position\":3,\"name\":\"KAYA\u00c7 FORM S\u0130TR\u0130N KOLYE\"}]},{\"@type\":\"WebSite\",\"@id\":\"https:\\\/\\\/astrologelvan.com\\\/magaza\\\/#website\",\"url\":\"https:\\\/\\\/astrologelvan.com\\\/magaza\\\/\",\"name\":\"Astrolog Elvan\",\"description\":\"\",\"potentialAction\":[{\"@type\":\"SearchAction\",\"target\":{\"@type\":\"EntryPoint\",\"urlTemplate\":\"https:\\\/\\\/astrologelvan.com\\\/magaza\\\/?s={search_term_string}\"},\"query-input\":{\"@type\":\"PropertyValueSpecification\",\"valueRequired\":true,\"valueName\":\"search_term_string\"}}],\"inLanguage\":\"tr\"}]}<\/script>\n<!-- \/ Yoast SEO plugin. -->","yoast_head_json":{"title":"KAYA\u00c7 FORM S\u0130TR\u0130N KOLYE - Astrolog Elvan","robots":{"index":"index","follow":"follow","max-snippet":"max-snippet:-1","max-image-preview":"max-image-preview:large","max-video-preview":"max-video-preview:-1"},"canonical":"https:\/\/astrologelvan.com\/magaza\/urun\/kayac-form-sitrin-kolye\/","og_locale":"tr_TR","og_type":"article","og_title":"KAYA\u00c7 FORM S\u0130TR\u0130N KOLYE - Astrolog Elvan","og_description":"Hayat\u0131n\u0131za bolluk, bereket ve \u015fans\u0131 \u00e7ekin! Para ta\u015f\u0131 olarak da bilinen Sitrin kolyeyi kullanmaya ba\u015flad\u0131\u011f\u0131n\u0131z andan itibaren finansal a\u00e7\u0131dan f\u0131rsatlar\u0131 hayat\u0131n\u0131za \u00e7ekersiniz. Ada\u00e7ay\u0131 ile t\u00fcts\u00fcleyip, \u015fans ve berekete niyet ederek takabilirsiniz!","og_url":"https:\/\/astrologelvan.com\/magaza\/urun\/kayac-form-sitrin-kolye\/","og_site_name":"Astrolog Elvan","article_modified_time":"2025-12-24T12:02:55+00:00","og_image":[{"width":1600,"height":1600,"url":"https:\/\/astrologelvan.com\/magaza\/wp-content\/uploads\/2024\/03\/1-16-1-1.jpg","type":"image\/jpeg"}],"twitter_card":"summary_large_image","twitter_misc":{"Tahmini okuma s\u00fcresi":"1 dakika"},"schema":{"@context":"https:\/\/schema.org","@graph":[{"@type":["WebPage","ItemPage"],"@id":"https:\/\/astrologelvan.com\/magaza\/urun\/kayac-form-sitrin-kolye\/","url":"https:\/\/astrologelvan.com\/magaza\/urun\/kayac-form-sitrin-kolye\/","name":"KAYA\u00c7 FORM S\u0130TR\u0130N KOLYE - Astrolog Elvan","isPartOf":{"@id":"https:\/\/astrologelvan.com\/magaza\/#website"},"primaryImageOfPage":{"@id":"https:\/\/astrologelvan.com\/magaza\/urun\/kayac-form-sitrin-kolye\/#primaryimage"},"image":{"@id":"https:\/\/astrologelvan.com\/magaza\/urun\/kayac-form-sitrin-kolye\/#primaryimage"},"thumbnailUrl":"https:\/\/astrologelvan.com\/magaza\/wp-content\/uploads\/2024\/03\/1-16-1-1.jpg","datePublished":"2024-03-22T15:28:55+00:00","dateModified":"2025-12-24T12:02:55+00:00","breadcrumb":{"@id":"https:\/\/astrologelvan.com\/magaza\/urun\/kayac-form-sitrin-kolye\/#breadcrumb"},"inLanguage":"tr","potentialAction":[{"@type":"ReadAction","target":["https:\/\/astrologelvan.com\/magaza\/urun\/kayac-form-sitrin-kolye\/"]}]},{"@type":"ImageObject","inLanguage":"tr","@id":"https:\/\/astrologelvan.com\/magaza\/urun\/kayac-form-sitrin-kolye\/#primaryimage","url":"https:\/\/astrologelvan.com\/magaza\/wp-content\/uploads\/2024\/03\/1-16-1-1.jpg","contentUrl":"https:\/\/astrologelvan.com\/magaza\/wp-content\/uploads\/2024\/03\/1-16-1-1.jpg","width":1600,"height":1600},{"@type":"BreadcrumbList","@id":"https:\/\/astrologelvan.com\/magaza\/urun\/kayac-form-sitrin-kolye\/#breadcrumb","itemListElement":[{"@type":"ListItem","position":1,"name":"Anasayfa","item":"https:\/\/astrologelvan.com\/magaza\/"},{"@type":"ListItem","position":2,"name":"Ma\u011faza","item":"https:\/\/astrologelvan.com\/magaza\/magaza\/"},{"@type":"ListItem","position":3,"name":"KAYA\u00c7 FORM S\u0130TR\u0130N KOLYE"}]},{"@type":"WebSite","@id":"https:\/\/astrologelvan.com\/magaza\/#website","url":"https:\/\/astrologelvan.com\/magaza\/","name":"Astrolog Elvan","description":"","potentialAction":[{"@type":"SearchAction","target":{"@type":"EntryPoint","urlTemplate":"https:\/\/astrologelvan.com\/magaza\/?s={search_term_string}"},"query-input":{"@type":"PropertyValueSpecification","valueRequired":true,"valueName":"search_term_string"}}],"inLanguage":"tr"}]}},"_links":{"self":[{"href":"https:\/\/astrologelvan.com\/magaza\/wp-json\/wp\/v2\/product\/4671","targetHints":{"allow":["GET"]}}],"collection":[{"href":"https:\/\/astrologelvan.com\/magaza\/wp-json\/wp\/v2\/product"}],"about":[{"href":"https:\/\/astrologelvan.com\/magaza\/wp-json\/wp\/v2\/types\/product"}],"replies":[{"embeddable":true,"href":"https:\/\/astrologelvan.com\/magaza\/wp-json\/wp\/v2\/comments?post=4671"}],"wp:featuredmedia":[{"embeddable":true,"href":"https:\/\/astrologelvan.com\/magaza\/wp-json\/wp\/v2\/media\/71342"}],"wp:attachment":[{"href":"https:\/\/astrologelvan.com\/magaza\/wp-json\/wp\/v2\/media?parent=4671"}],"wp:term":[{"taxonomy":"product_brand","embeddable":true,"href":"https:\/\/astrologelvan.com\/magaza\/wp-json\/wp\/v2\/product_brand?post=4671"},{"taxonomy":"product_cat","embeddable":true,"href":"https:\/\/astrologelvan.com\/magaza\/wp-json\/wp\/v2\/product_cat?post=4671"},{"taxonomy":"product_tag","embeddable":true,"href":"https:\/\/astrologelvan.com\/magaza\/wp-json\/wp\/v2\/product_tag?post=4671"}],"curies":[{"name":"wp","href":"https:\/\/api.w.org\/{rel}","templated":true}]}}