{"id":449,"date":"2024-02-28T02:24:13","date_gmt":"2024-02-27T23:24:13","guid":{"rendered":"https:\/\/astrologelvan.shop\/?post_type=product&#038;p=449"},"modified":"2025-10-06T08:14:52","modified_gmt":"2025-10-06T05:14:52","slug":"925-ayar-gumus-uzeri-altin-kaplama-zumrudu-anka-kusu-kolye-simurg-limited-edition","status":"publish","type":"product","link":"https:\/\/astrologelvan.com\/magaza\/urun\/925-ayar-gumus-uzeri-altin-kaplama-zumrudu-anka-kusu-kolye-simurg-limited-edition\/","title":{"rendered":"Z\u00dcMR\u00dcD\u00dc ANKA KU\u015eU KOLYE (S\u0130MURG) \u2013 LIMITED EDITION"},"content":{"rendered":"<p><strong>Anka ku\u015fu a\u011f\u0131rl\u0131\u011f\u0131 : 7gr<br \/>\n<\/strong><strong>Anka ku\u015fu cm : 4,5 cm boy<br \/>\n<\/strong><strong>Anka ku\u015fu en : 6 cm<br \/>\n<\/strong><strong>Zincir a\u011f\u0131rl\u0131\u011f\u0131 : 10 gr<br \/>\n<\/strong><strong>Zincir Uzunlu\u011fu : 55 cm<br \/>\n<\/strong><b>925 ayar g\u00fcm\u00fc\u015f \u00fczeri alt\u0131n kaplama<\/b><\/p>\n<p>&nbsp;<\/p>\n<p>Do\u011fal ta\u015f kolyelerimizin tasar\u0131mlar\u0131nda do\u011frudan cilde temas etmesini sa\u011fl\u0131yoruz. B\u00f6ylece do\u011fal ta\u015f kolyenizi takt\u0131k\u00e7a v\u00fccudunuzun titre\u015fimlerine ba\u011flan\u0131r ve size denge ve uyum getirir.<\/p>\n<p><b>G\u00fcm\u00fc\u015f kararmas\u0131 iadeye tabi de\u011fildir. Do\u011fal y\u00f6ntemlerle ya da sol\u00fcsyon kullanarak kararan g\u00fcm\u00fc\u015f\u00fc yeniden parlatman\u0131z m\u00fcmk\u00fcnd\u00fcr.<\/b><\/p>\n<p><strong>Tak\u0131lar\u0131n\u0131z\u0131n uzun s\u00fcre kullanabilmesi i\u00e7in; Parf\u00fcm, su, s\u0131v\u0131, dezenfektan, krem v.b. gibi maddelerle temas etmemesi, du\u015f-banyo s\u0131ras\u0131nda \u00e7\u0131kart\u0131lmas\u0131 gerekmektedir. Ki\u015finin ter-ten yap\u0131s\u0131na g\u00f6re de etkilenmektedir. Tak\u0131lar\u0131n\u0131z\u0131 kullanmad\u0131\u011f\u0131n\u0131z zamanlarda kesesinde saklaman\u0131z\u0131 \u00f6neririz.<\/strong><\/p>\n<p><strong>Do\u011fal ta\u015flar\u0131n belirli titre\u015fimlere ve frekanslara sahip oldu\u011fu bilinmektedir. Bu nedenle v\u00fccudumuzda ve auram\u0131zda birtak\u0131m iyi etkileri oldu\u011fu s\u00f6ylenmektedir. Ta\u015flar\u0131n \u00f6zelliklerinin bilimsel kesinli\u011fi yoktur. Astrologelvan ma\u011fazas\u0131ndaki t\u00fcm ta\u015flar orijinal, ger\u00e7ek do\u011fal ta\u015flard\u0131r. T\u0131bbi konularda doktora dan\u0131\u015fman\u0131z\u0131 tavsiye ederiz. Ta\u015flar\u0131n tedavi edici \u00f6zelli\u011fi yoktur, sadece ki\u015fisel enerjimizi y\u00fckseltmekte ve astrolojik olarak da temsil etti\u011fi gezegenlerin etkilerini artt\u0131rmakta oldu\u011fu kabul edilir. \u00d6rne\u011fin; pembe kuvars ta\u015f\u0131 a\u015fk ve sevgi gezegeni Ven\u00fcs&#8217;\u00fcn ta\u015f\u0131d\u0131r ve bu sebeple \u00fczerinde ta\u015f\u0131yan ki\u015finin a\u015fk ve sevgi frekans\u0131n\u0131 y\u00fckseltti\u011fi bilinir.<\/strong><\/p>\n","protected":false},"excerpt":{"rendered":"<p>Efsaneye g\u00f6re ku\u015flar\u0131n h\u00fck\u00fcmdar\u0131 olan ve Kaf Da\u011f\u0131\u2019nda ya\u015fayan Simurg, bilinen ad\u0131yla Z\u00fcmr\u00fcd\u00fc Anka Ku\u015fu, Pers mitolojisine aittir. Anka, hayat\u0131n kendisidir. \u00d6l\u00fcm ve yeniden do\u011fumu simgeler. Ruhun ham halini, yanmas\u0131n\u0131 ve pi\u015fmesini anlat\u0131r. Tekam\u00fcl yolculu\u011funda kazan\u0131lan g\u00fc\u00e7t\u00fcr.<\/p>\n<p>Bu efsanevi ku\u015f sembolizmlerinde simgelenen ba\u015fl\u0131ca anlamlar, spirit\u00fcel ayd\u0131nlanma ve reenkarnasyon olarak a\u00e7\u0131klan\u0131r.<\/p>\n<p>Anka ku\u015fu g\u00fcn\u00fcm\u00fczde bilin\u00e7alt\u0131 frekanslar\u0131 aras\u0131ndaki en y\u00fcksek seviyeyi ifade etmek i\u00e7in sembolize edilir.<\/p>\n<p>Anka ku\u015fu objesi kullan\u0131larak ki\u015finin isteklerine ve d\u00fc\u015f\u00fcnd\u00fcklerine ula\u015fmas\u0131 kar\u015f\u0131s\u0131nda hi\u00e7bir engel olmad\u0131\u011f\u0131n\u0131 d\u00fc\u015f\u00fcnd\u00fcren bir objedir.<\/p>\n<p><strong><a href=\"https:\/\/astrologelvan.com\/astroblog\/zumrudu-anka-efsanesi\/\">Z\u00fcmr\u00fcd\u00fc Anka (Simurg) Efsanesi<\/a><\/strong>ni \u00f6\u011frendikten sonra bu kolyenin hayat\u0131n\u0131zdaki anlam\u0131n\u0131 daha iyi ya\u015fayacaks\u0131n\u0131z.<\/p>\n","protected":false},"featured_media":4621,"comment_status":"open","ping_status":"closed","template":"","meta":[],"product_brand":[],"product_cat":[255,48,114],"product_tag":[303,304,305,306,39,290,307],"class_list":{"0":"post-449","1":"product","2":"type-product","3":"status-publish","4":"has-post-thumbnail","6":"product_cat-gumus-kolye","7":"product_cat-kolyeler","8":"product_cat-limited-edition","9":"product_tag-altin-kaplama-gumus-kolye","10":"product_tag-anka","11":"product_tag-anka-kusu","12":"product_tag-anka-kusu-kolye","13":"product_tag-astrolog-elvan","14":"product_tag-gumus-kolye","15":"product_tag-simurg","17":"first","18":"instock","19":"purchasable","20":"product-type-simple"},"yoast_head":"<!-- This site is optimized with the Yoast SEO plugin v27.3 - https:\/\/yoast.com\/product\/yoast-seo-wordpress\/ -->\n<title>Z\u00dcMR\u00dcD\u00dc ANKA KU\u015eU KOLYE (S\u0130MURG) \u2013 LIMITED EDITION - Astrolog Elvan<\/title>\n<meta name=\"robots\" content=\"index, follow, max-snippet:-1, max-image-preview:large, max-video-preview:-1\" \/>\n<link rel=\"canonical\" href=\"https:\/\/astrologelvan.com\/magaza\/urun\/925-ayar-gumus-uzeri-altin-kaplama-zumrudu-anka-kusu-kolye-simurg-limited-edition\/\" \/>\n<meta property=\"og:locale\" content=\"tr_TR\" \/>\n<meta property=\"og:type\" content=\"article\" \/>\n<meta property=\"og:title\" content=\"Z\u00dcMR\u00dcD\u00dc ANKA KU\u015eU KOLYE (S\u0130MURG) \u2013 LIMITED EDITION - Astrolog Elvan\" \/>\n<meta property=\"og:description\" content=\"Efsaneye g\u00f6re ku\u015flar\u0131n h\u00fck\u00fcmdar\u0131 olan ve Kaf Da\u011f\u0131\u2019nda ya\u015fayan Simurg, bilinen ad\u0131yla Z\u00fcmr\u00fcd\u00fc Anka Ku\u015fu, Pers mitolojisine aittir. Anka, hayat\u0131n kendisidir. \u00d6l\u00fcm ve yeniden do\u011fumu simgeler. Ruhun ham halini, yanmas\u0131n\u0131 ve pi\u015fmesini anlat\u0131r. Tekam\u00fcl yolculu\u011funda kazan\u0131lan g\u00fc\u00e7t\u00fcr.  Bu efsanevi ku\u015f sembolizmlerinde simgelenen ba\u015fl\u0131ca anlamlar, spirit\u00fcel ayd\u0131nlanma ve reenkarnasyon olarak a\u00e7\u0131klan\u0131r.  Anka ku\u015fu g\u00fcn\u00fcm\u00fczde bilin\u00e7alt\u0131 frekanslar\u0131 aras\u0131ndaki en y\u00fcksek seviyeyi ifade etmek i\u00e7in sembolize edilir.  Anka ku\u015fu objesi kullan\u0131larak ki\u015finin isteklerine ve d\u00fc\u015f\u00fcnd\u00fcklerine ula\u015fmas\u0131 kar\u015f\u0131s\u0131nda hi\u00e7bir engel olmad\u0131\u011f\u0131n\u0131 d\u00fc\u015f\u00fcnd\u00fcren bir objedir.  Z\u00fcmr\u00fcd\u00fc Anka (Simurg) Efsanesini \u00f6\u011frendikten sonra bu kolyenin hayat\u0131n\u0131zdaki anlam\u0131n\u0131 daha iyi ya\u015fayacaks\u0131n\u0131z.\" \/>\n<meta property=\"og:url\" content=\"https:\/\/astrologelvan.com\/magaza\/urun\/925-ayar-gumus-uzeri-altin-kaplama-zumrudu-anka-kusu-kolye-simurg-limited-edition\/\" \/>\n<meta property=\"og:site_name\" content=\"Astrolog Elvan\" \/>\n<meta property=\"article:modified_time\" content=\"2025-10-06T05:14:52+00:00\" \/>\n<meta property=\"og:image\" content=\"https:\/\/astrologelvan.com\/magaza\/wp-content\/uploads\/2024\/02\/1-31.jpg\" \/>\n\t<meta property=\"og:image:width\" content=\"1600\" \/>\n\t<meta property=\"og:image:height\" content=\"1600\" \/>\n\t<meta property=\"og:image:type\" content=\"image\/jpeg\" \/>\n<meta name=\"twitter:card\" content=\"summary_large_image\" \/>\n<meta name=\"twitter:label1\" content=\"Tahmini okuma s\u00fcresi\" \/>\n\t<meta name=\"twitter:data1\" content=\"2 dakika\" \/>\n<script type=\"application\/ld+json\" class=\"yoast-schema-graph\">{\"@context\":\"https:\\\/\\\/schema.org\",\"@graph\":[{\"@type\":[\"WebPage\",\"ItemPage\"],\"@id\":\"https:\\\/\\\/astrologelvan.com\\\/magaza\\\/urun\\\/925-ayar-gumus-uzeri-altin-kaplama-zumrudu-anka-kusu-kolye-simurg-limited-edition\\\/\",\"url\":\"https:\\\/\\\/astrologelvan.com\\\/magaza\\\/urun\\\/925-ayar-gumus-uzeri-altin-kaplama-zumrudu-anka-kusu-kolye-simurg-limited-edition\\\/\",\"name\":\"Z\u00dcMR\u00dcD\u00dc ANKA KU\u015eU KOLYE (S\u0130MURG) \u2013 LIMITED EDITION - Astrolog Elvan\",\"isPartOf\":{\"@id\":\"https:\\\/\\\/astrologelvan.com\\\/magaza\\\/#website\"},\"primaryImageOfPage\":{\"@id\":\"https:\\\/\\\/astrologelvan.com\\\/magaza\\\/urun\\\/925-ayar-gumus-uzeri-altin-kaplama-zumrudu-anka-kusu-kolye-simurg-limited-edition\\\/#primaryimage\"},\"image\":{\"@id\":\"https:\\\/\\\/astrologelvan.com\\\/magaza\\\/urun\\\/925-ayar-gumus-uzeri-altin-kaplama-zumrudu-anka-kusu-kolye-simurg-limited-edition\\\/#primaryimage\"},\"thumbnailUrl\":\"https:\\\/\\\/astrologelvan.com\\\/magaza\\\/wp-content\\\/uploads\\\/2024\\\/02\\\/1-31.jpg\",\"datePublished\":\"2024-02-27T23:24:13+00:00\",\"dateModified\":\"2025-10-06T05:14:52+00:00\",\"breadcrumb\":{\"@id\":\"https:\\\/\\\/astrologelvan.com\\\/magaza\\\/urun\\\/925-ayar-gumus-uzeri-altin-kaplama-zumrudu-anka-kusu-kolye-simurg-limited-edition\\\/#breadcrumb\"},\"inLanguage\":\"tr\",\"potentialAction\":[{\"@type\":\"ReadAction\",\"target\":[\"https:\\\/\\\/astrologelvan.com\\\/magaza\\\/urun\\\/925-ayar-gumus-uzeri-altin-kaplama-zumrudu-anka-kusu-kolye-simurg-limited-edition\\\/\"]}]},{\"@type\":\"ImageObject\",\"inLanguage\":\"tr\",\"@id\":\"https:\\\/\\\/astrologelvan.com\\\/magaza\\\/urun\\\/925-ayar-gumus-uzeri-altin-kaplama-zumrudu-anka-kusu-kolye-simurg-limited-edition\\\/#primaryimage\",\"url\":\"https:\\\/\\\/astrologelvan.com\\\/magaza\\\/wp-content\\\/uploads\\\/2024\\\/02\\\/1-31.jpg\",\"contentUrl\":\"https:\\\/\\\/astrologelvan.com\\\/magaza\\\/wp-content\\\/uploads\\\/2024\\\/02\\\/1-31.jpg\",\"width\":1600,\"height\":1600},{\"@type\":\"BreadcrumbList\",\"@id\":\"https:\\\/\\\/astrologelvan.com\\\/magaza\\\/urun\\\/925-ayar-gumus-uzeri-altin-kaplama-zumrudu-anka-kusu-kolye-simurg-limited-edition\\\/#breadcrumb\",\"itemListElement\":[{\"@type\":\"ListItem\",\"position\":1,\"name\":\"Anasayfa\",\"item\":\"https:\\\/\\\/astrologelvan.com\\\/magaza\\\/\"},{\"@type\":\"ListItem\",\"position\":2,\"name\":\"Ma\u011faza\",\"item\":\"https:\\\/\\\/astrologelvan.com\\\/magaza\\\/magaza\\\/\"},{\"@type\":\"ListItem\",\"position\":3,\"name\":\"Z\u00dcMR\u00dcD\u00dc ANKA KU\u015eU KOLYE (S\u0130MURG) \u2013 LIMITED EDITION\"}]},{\"@type\":\"WebSite\",\"@id\":\"https:\\\/\\\/astrologelvan.com\\\/magaza\\\/#website\",\"url\":\"https:\\\/\\\/astrologelvan.com\\\/magaza\\\/\",\"name\":\"Astrolog Elvan\",\"description\":\"\",\"potentialAction\":[{\"@type\":\"SearchAction\",\"target\":{\"@type\":\"EntryPoint\",\"urlTemplate\":\"https:\\\/\\\/astrologelvan.com\\\/magaza\\\/?s={search_term_string}\"},\"query-input\":{\"@type\":\"PropertyValueSpecification\",\"valueRequired\":true,\"valueName\":\"search_term_string\"}}],\"inLanguage\":\"tr\"}]}<\/script>\n<!-- \/ Yoast SEO plugin. -->","yoast_head_json":{"title":"Z\u00dcMR\u00dcD\u00dc ANKA KU\u015eU KOLYE (S\u0130MURG) \u2013 LIMITED EDITION - Astrolog Elvan","robots":{"index":"index","follow":"follow","max-snippet":"max-snippet:-1","max-image-preview":"max-image-preview:large","max-video-preview":"max-video-preview:-1"},"canonical":"https:\/\/astrologelvan.com\/magaza\/urun\/925-ayar-gumus-uzeri-altin-kaplama-zumrudu-anka-kusu-kolye-simurg-limited-edition\/","og_locale":"tr_TR","og_type":"article","og_title":"Z\u00dcMR\u00dcD\u00dc ANKA KU\u015eU KOLYE (S\u0130MURG) \u2013 LIMITED EDITION - Astrolog Elvan","og_description":"Efsaneye g\u00f6re ku\u015flar\u0131n h\u00fck\u00fcmdar\u0131 olan ve Kaf Da\u011f\u0131\u2019nda ya\u015fayan Simurg, bilinen ad\u0131yla Z\u00fcmr\u00fcd\u00fc Anka Ku\u015fu, Pers mitolojisine aittir. Anka, hayat\u0131n kendisidir. \u00d6l\u00fcm ve yeniden do\u011fumu simgeler. Ruhun ham halini, yanmas\u0131n\u0131 ve pi\u015fmesini anlat\u0131r. Tekam\u00fcl yolculu\u011funda kazan\u0131lan g\u00fc\u00e7t\u00fcr.  Bu efsanevi ku\u015f sembolizmlerinde simgelenen ba\u015fl\u0131ca anlamlar, spirit\u00fcel ayd\u0131nlanma ve reenkarnasyon olarak a\u00e7\u0131klan\u0131r.  Anka ku\u015fu g\u00fcn\u00fcm\u00fczde bilin\u00e7alt\u0131 frekanslar\u0131 aras\u0131ndaki en y\u00fcksek seviyeyi ifade etmek i\u00e7in sembolize edilir.  Anka ku\u015fu objesi kullan\u0131larak ki\u015finin isteklerine ve d\u00fc\u015f\u00fcnd\u00fcklerine ula\u015fmas\u0131 kar\u015f\u0131s\u0131nda hi\u00e7bir engel olmad\u0131\u011f\u0131n\u0131 d\u00fc\u015f\u00fcnd\u00fcren bir objedir.  Z\u00fcmr\u00fcd\u00fc Anka (Simurg) Efsanesini \u00f6\u011frendikten sonra bu kolyenin hayat\u0131n\u0131zdaki anlam\u0131n\u0131 daha iyi ya\u015fayacaks\u0131n\u0131z.","og_url":"https:\/\/astrologelvan.com\/magaza\/urun\/925-ayar-gumus-uzeri-altin-kaplama-zumrudu-anka-kusu-kolye-simurg-limited-edition\/","og_site_name":"Astrolog Elvan","article_modified_time":"2025-10-06T05:14:52+00:00","og_image":[{"width":1600,"height":1600,"url":"https:\/\/astrologelvan.com\/magaza\/wp-content\/uploads\/2024\/02\/1-31.jpg","type":"image\/jpeg"}],"twitter_card":"summary_large_image","twitter_misc":{"Tahmini okuma s\u00fcresi":"2 dakika"},"schema":{"@context":"https:\/\/schema.org","@graph":[{"@type":["WebPage","ItemPage"],"@id":"https:\/\/astrologelvan.com\/magaza\/urun\/925-ayar-gumus-uzeri-altin-kaplama-zumrudu-anka-kusu-kolye-simurg-limited-edition\/","url":"https:\/\/astrologelvan.com\/magaza\/urun\/925-ayar-gumus-uzeri-altin-kaplama-zumrudu-anka-kusu-kolye-simurg-limited-edition\/","name":"Z\u00dcMR\u00dcD\u00dc ANKA KU\u015eU KOLYE (S\u0130MURG) \u2013 LIMITED EDITION - Astrolog Elvan","isPartOf":{"@id":"https:\/\/astrologelvan.com\/magaza\/#website"},"primaryImageOfPage":{"@id":"https:\/\/astrologelvan.com\/magaza\/urun\/925-ayar-gumus-uzeri-altin-kaplama-zumrudu-anka-kusu-kolye-simurg-limited-edition\/#primaryimage"},"image":{"@id":"https:\/\/astrologelvan.com\/magaza\/urun\/925-ayar-gumus-uzeri-altin-kaplama-zumrudu-anka-kusu-kolye-simurg-limited-edition\/#primaryimage"},"thumbnailUrl":"https:\/\/astrologelvan.com\/magaza\/wp-content\/uploads\/2024\/02\/1-31.jpg","datePublished":"2024-02-27T23:24:13+00:00","dateModified":"2025-10-06T05:14:52+00:00","breadcrumb":{"@id":"https:\/\/astrologelvan.com\/magaza\/urun\/925-ayar-gumus-uzeri-altin-kaplama-zumrudu-anka-kusu-kolye-simurg-limited-edition\/#breadcrumb"},"inLanguage":"tr","potentialAction":[{"@type":"ReadAction","target":["https:\/\/astrologelvan.com\/magaza\/urun\/925-ayar-gumus-uzeri-altin-kaplama-zumrudu-anka-kusu-kolye-simurg-limited-edition\/"]}]},{"@type":"ImageObject","inLanguage":"tr","@id":"https:\/\/astrologelvan.com\/magaza\/urun\/925-ayar-gumus-uzeri-altin-kaplama-zumrudu-anka-kusu-kolye-simurg-limited-edition\/#primaryimage","url":"https:\/\/astrologelvan.com\/magaza\/wp-content\/uploads\/2024\/02\/1-31.jpg","contentUrl":"https:\/\/astrologelvan.com\/magaza\/wp-content\/uploads\/2024\/02\/1-31.jpg","width":1600,"height":1600},{"@type":"BreadcrumbList","@id":"https:\/\/astrologelvan.com\/magaza\/urun\/925-ayar-gumus-uzeri-altin-kaplama-zumrudu-anka-kusu-kolye-simurg-limited-edition\/#breadcrumb","itemListElement":[{"@type":"ListItem","position":1,"name":"Anasayfa","item":"https:\/\/astrologelvan.com\/magaza\/"},{"@type":"ListItem","position":2,"name":"Ma\u011faza","item":"https:\/\/astrologelvan.com\/magaza\/magaza\/"},{"@type":"ListItem","position":3,"name":"Z\u00dcMR\u00dcD\u00dc ANKA KU\u015eU KOLYE (S\u0130MURG) \u2013 LIMITED EDITION"}]},{"@type":"WebSite","@id":"https:\/\/astrologelvan.com\/magaza\/#website","url":"https:\/\/astrologelvan.com\/magaza\/","name":"Astrolog Elvan","description":"","potentialAction":[{"@type":"SearchAction","target":{"@type":"EntryPoint","urlTemplate":"https:\/\/astrologelvan.com\/magaza\/?s={search_term_string}"},"query-input":{"@type":"PropertyValueSpecification","valueRequired":true,"valueName":"search_term_string"}}],"inLanguage":"tr"}]}},"_links":{"self":[{"href":"https:\/\/astrologelvan.com\/magaza\/wp-json\/wp\/v2\/product\/449","targetHints":{"allow":["GET"]}}],"collection":[{"href":"https:\/\/astrologelvan.com\/magaza\/wp-json\/wp\/v2\/product"}],"about":[{"href":"https:\/\/astrologelvan.com\/magaza\/wp-json\/wp\/v2\/types\/product"}],"replies":[{"embeddable":true,"href":"https:\/\/astrologelvan.com\/magaza\/wp-json\/wp\/v2\/comments?post=449"}],"wp:featuredmedia":[{"embeddable":true,"href":"https:\/\/astrologelvan.com\/magaza\/wp-json\/wp\/v2\/media\/4621"}],"wp:attachment":[{"href":"https:\/\/astrologelvan.com\/magaza\/wp-json\/wp\/v2\/media?parent=449"}],"wp:term":[{"taxonomy":"product_brand","embeddable":true,"href":"https:\/\/astrologelvan.com\/magaza\/wp-json\/wp\/v2\/product_brand?post=449"},{"taxonomy":"product_cat","embeddable":true,"href":"https:\/\/astrologelvan.com\/magaza\/wp-json\/wp\/v2\/product_cat?post=449"},{"taxonomy":"product_tag","embeddable":true,"href":"https:\/\/astrologelvan.com\/magaza\/wp-json\/wp\/v2\/product_tag?post=449"}],"curies":[{"name":"wp","href":"https:\/\/api.w.org\/{rel}","templated":true}]}}