{"id":447,"date":"2024-02-28T02:24:13","date_gmt":"2024-02-27T23:24:13","guid":{"rendered":"https:\/\/astrologelvan.shop\/?post_type=product&#038;p=447"},"modified":"2025-10-06T08:14:52","modified_gmt":"2025-10-06T05:14:52","slug":"21-kilo-brezilya-dogal-tas-ametist-kaya","status":"publish","type":"product","link":"https:\/\/astrologelvan.com\/magaza\/urun\/21-kilo-brezilya-dogal-tas-ametist-kaya\/","title":{"rendered":"21 K\u0130LO BREZ\u0130LYA DO\u011eAL TA\u015e AMET\u0130ST KAYA"},"content":{"rendered":"<div dir=\"auto\">\n<p>Do\u011fal ta\u015f kolyelerimizin tasar\u0131mlar\u0131nda do\u011frudan cilde temas etmesini sa\u011fl\u0131yoruz. B\u00f6ylece do\u011fal ta\u015f kolyenizi takt\u0131k\u00e7a v\u00fccudunuzun titre\u015fimlerine ba\u011flan\u0131r ve size denge ve uyum getirir.<\/p>\n<p>&nbsp;<\/p>\n<p>&nbsp;<\/p>\n<p><strong style=\"color: var(--rz-text-color); font-family: var(--rz-font-family-primary);\">Do\u011fal ta\u015flar\u0131n belirli titre\u015fimlere ve frekanslara sahip oldu\u011fu bilinmektedir. Bu nedenle v\u00fccudumuzda ve auram\u0131zda birtak\u0131m iyi etkileri oldu\u011fu s\u00f6ylenmektedir. Ta\u015flar\u0131n \u00f6zelliklerinin bilimsel kesinli\u011fi yoktur. Astrologelvan ma\u011fazas\u0131ndaki t\u00fcm ta\u015flar orijinal, ger\u00e7ek do\u011fal ta\u015flard\u0131r. T\u0131bbi konularda doktora dan\u0131\u015fman\u0131z\u0131 tavsiye ederiz. Ta\u015flar\u0131n tedavi edici \u00f6zelli\u011fi yoktur, sadece ki\u015fisel enerjimizi y\u00fckseltmekte ve astrolojik olarak da temsil etti\u011fi gezegenlerin etkilerini artt\u0131rmakta oldu\u011fu kabul edilir. \u00d6rne\u011fin; pembe kuvars ta\u015f\u0131 a\u015fk ve sevgi gezegeni Ven\u00fcs&#8217;\u00fcn ta\u015f\u0131d\u0131r ve bu sebeple \u00fczerinde ta\u015f\u0131yan ki\u015finin a\u015fk ve sevgi frekans\u0131n\u0131 y\u00fckseltti\u011fi bilinir.<\/strong><\/p>\n<\/div>\n<div dir=\"auto\"><\/div>\n<div dir=\"auto\">\n<div class=\"product-description\">\n<div class=\"bt_bb_tabs bt_bb_style_simple bt_bb_shape_square\">\n<div class=\"bt_bb_tabs_tabs\">\n<div id=\"tab-description\" class=\"bt_bb_tab_item on\">\n<div class=\"bt_bb_tab_content\">\n<h3><strong>Ametist Ta\u015f\u0131<\/strong><\/h3>\n<p>Pozitif ol, odaklan, korkunu yen, sakinle\u015f \u2026<\/p>\n<p>Ametist ta\u015f\u0131 bilinen en eski do\u011fal ta\u015flardan biridir. Brezilya, Arjantin, ve di\u011fer Afrika \u00fclkelerinde Amestist ta\u015f\u0131 \u00e7\u0131kart\u0131l\u0131r. Kaliteli <strong><em>ametist kristali<\/em><\/strong> Hindistan ve Uruguay\u2019da olur.<\/p>\n<p>Ametist ta\u015f\u0131, eski medeniyetlerden g\u00fcn\u00fcm\u00fcze kadar bir\u00e7ok farkl\u0131 alanda kullan\u0131lm\u0131\u015ft\u0131r. Kraliyet d\u00f6nemlerinde m\u00fccevher, k\u00fcpe, y\u00fcz\u00fck \u00f6zellikle de ametist kolye olarak kullan\u0131lmaktad\u0131r. Soylular\u0131n ve kraliyet rengi olarak bilinen mor renginin do\u011fal bir ta\u015fta olmas\u0131 kullan\u0131m alanlar\u0131n\u0131 olduk\u00e7a geni\u015fletmi\u015ftir. Eski d\u00f6nemlerde ametist ta\u015f\u0131; yakut elmas kadar de\u011ferlidir.<strong>\u00a0<\/strong><\/p>\n<p>Eski \u00e7a\u011flardan bug\u00fcne kadar en \u00e7ok tercih edilen Ametist ta\u015f\u0131; rengi, parlakl\u0131\u011f\u0131 ve dekoratif kullan\u0131m\u0131n\u0131n yan\u0131 s\u0131ra faydalar\u0131ndan dolay\u0131da tercih edilmektedir.\u00a0 Ametist ta\u015f\u0131; do\u011fal ta\u015flar aras\u0131nda t\u00fcm ta\u015flarla, bur\u00e7lar aras\u0131nda ise her bur\u00e7 ile uyumludur ancak \u00f6zellikle ikizler, kova ve ba\u015fak bur\u00e7lar\u0131n\u0131n ta\u015f\u0131d\u0131r. Evrensel enerji ta\u015f\u0131 da diyebiliriz. Ametist ta\u00e7 ve al\u0131n \u00e7akras\u0131n\u0131 simgeler. Zihin arac\u0131l\u0131\u011f\u0131 ile bolluk ve bereketini \u00e7ekmenizi, evrenin sonsuz olumlu enerjisine kendinizi a\u00e7man\u0131z\u0131 temsil eder.<\/p>\n<h3>Ametist ta\u015f\u0131 neye iyi gelir ?<\/h3>\n<p>Korku, \u00f6fke, uyum sorunu ya\u015fad\u0131\u011f\u0131n\u0131z anlarda enerjinizi y\u00fckseltir, beyin sinir sistemi ve g\u00f6z sa\u011fl\u0131\u011f\u0131na iyi gelir, bedendeki fazla elektrik y\u00fck\u00fcn\u00fc dengeler, radyasyondan korur, odaklanmay\u0131 artt\u0131r. Do\u011fan\u0131n, evrenin e\u015fsiz ve benzersiz dengesinde sakinle\u015fmenizi sa\u011flar.<\/p>\n<h3>Ametist Nas\u0131l Temizlenir?<\/h3>\n<p>Do\u011fal ta\u015f kullan\u0131m\u0131nda bilinmesi gereken ilk kural \u201cher do\u011fal ta\u015f sahibine aittir\u201d do\u011fal ta\u015flar bulunduklar\u0131n alanlar\u0131n enerjisini \u00e7ektikleri gibi ta\u015fa dokunan ki\u015finin de enerjisini \u00fczerlerinde ta\u015f\u0131r. Bu nedenden dolay\u0131 do\u011fal ta\u015flar\u0131n\u0131z\u0131 kullanmadan \u00f6nce mutlaka temizlemeli, enerjisini n\u00f6trlemelisiniz. Akan suyun alt\u0131nda tutma, topraklama ya da ada\u00e7ay\u0131 ile t\u00fcts\u00fcleme (<a href=\"https:\/\/astrologelvan.com\/magaza\/urun\/istiridye-tutsuluk-ile-adacayi-tutsusu\/\">\u0130stiridye T\u00fcts\u00fcl\u00fck ile Ada\u00e7ay\u0131 T\u00fcts\u00fcs\u00fc | Astrolog Elvan<\/a>) y\u00f6ntemleri ile Ametist ta\u015f\u0131n\u0131z\u0131 temizleyebilirsiniz.<\/p>\n<h3>AMET\u0130ST TA\u015eI HAKKINDA EN \u00c7OK SORULAN SORULAR<\/h3>\n<p><strong>Ametist ne i\u015fe yarar: <\/strong>Olumsuz enerjiyi olumluya \u00e7evirir, sakinle\u015ftirir<strong>\u00a0<\/strong><\/p>\n<p><strong>Ametist nas\u0131l temizlenir:<\/strong> G\u00fcne\u015f enerjisi, topraklama, t\u00fcts\u00fcleme<\/p>\n<p><strong>Ametist hangi burcun ta\u015f\u0131:<\/strong> \u0130kizler, ba\u015fak ve kova bur\u00e7lar\u0131n\u0131n ta\u015f\u0131d\u0131r<\/p>\n<p><strong>Amestit nerede bulunur:<\/strong> Amerika, Brezilya, Afrika<\/p>\n<p><strong>Ametist neye iyi gelir:<\/strong> Beyin, sinir sistemi ve g\u00f6z sa\u011fl\u0131\u011f\u0131na iyi gelir<\/p>\n<p><strong>Ametist hangi \u00e7akra:<\/strong> Al\u0131n ve ta\u00e7 \u00e7akras\u0131n\u0131n ta\u015f\u0131d\u0131r<\/p>\n<p><strong>Ametist neyi simgeler:<\/strong> Olumlu enerjiyi kendine \u00e7ekmeyi simgeler.<\/p>\n<\/div>\n<\/div>\n<\/div>\n<\/div>\n<\/div>\n<\/div>\n","protected":false},"excerpt":{"rendered":"<ul>\n<li style=\"font-weight: 400;\">Radyasyondan ve negatif enerjiden korudu\u011fu bilinmektedir.<\/li>\n<li style=\"font-weight: 400;\">G\u00f6z sa\u011fl\u0131\u011f\u0131 i\u00e7in iyi geldi\u011fi bilinmektedir.<\/li>\n<li style=\"font-weight: 400;\">\u00d6fke, kin ve korkuyu yat\u0131\u015ft\u0131r\u0131r stresi giderir ve pozitif enerji verir.<\/li>\n<li style=\"font-weight: 400;\">Kalp rahats\u0131zl\u0131klar\u0131na faydal\u0131d\u0131r.<\/li>\n<li style=\"font-weight: 400;\">Do\u011fal bir sakinle\u015ftiricidir.<\/li>\n<li style=\"font-weight: 400;\">Negatif elektrik y\u00fck\u00fc ta\u015f\u0131d\u0131\u011f\u0131ndan dolay\u0131: bedendeki fazla elektrik y\u00fck\u00fcn\u00fc topraklayarak beyin g\u00fcc\u00fcn\u00fc y\u00fckseltti\u011fi d\u00fc\u015f\u00fcn\u00fclmektedir.<\/li>\n<li style=\"font-weight: 400;\">Bir meditasyon ta\u015f\u0131 oldu\u011fu d\u00fc\u015f\u00fcn\u00fclmektedir.<\/li>\n<li style=\"font-weight: 400;\">Odaklanmay\u0131 kuvvetlendirir.<\/li>\n<li style=\"font-weight: 400;\">En etkili oldu\u011fu faydalar\u0131 aras\u0131nda negatif enerjiyi pozitif enerjiye \u00e7evirmesi olarak d\u00fc\u015f\u00fcn\u00fclmektedir.<em><strong>Evlerinizin giri\u015fine ya da yatak odan\u0131za koyabilirsiniz.<\/strong><\/em><\/li>\n<\/ul>\n<h6 dir=\"auto\"><strong>21 K\u0130LOGRAM \/ <\/strong><\/h6>\n<p><strong>Y\u00fckseklik: 66 cm<\/strong><\/p>\n<div dir=\"auto\"><\/div>\n<div dir=\"auto\"><\/div>\n","protected":false},"featured_media":513,"comment_status":"open","ping_status":"closed","template":"","meta":[],"product_brand":[],"product_cat":[47,52,26],"product_tag":[295,296,225,39,297,192],"class_list":{"0":"post-447","1":"product","2":"type-product","3":"status-publish","4":"has-post-thumbnail","6":"product_cat-ametist-serisi","7":"product_cat-dogal-taslar","8":"product_cat-genel","9":"product_tag-25-kilo-dogal-ametist","10":"product_tag-ametist-kaya","11":"product_tag-ametist-tasi","12":"product_tag-astrolog-elvan","13":"product_tag-dogal-ametist-kaya","14":"product_tag-dogal-ametist-tasi","16":"first","17":"instock","18":"taxable","19":"shipping-taxable","20":"purchasable","21":"product-type-simple"},"yoast_head":"<!-- This site is optimized with the Yoast SEO plugin v27.3 - https:\/\/yoast.com\/product\/yoast-seo-wordpress\/ -->\n<title>21 K\u0130LO BREZ\u0130LYA DO\u011eAL TA\u015e AMET\u0130ST KAYA - Astrolog Elvan<\/title>\n<meta name=\"robots\" content=\"index, follow, max-snippet:-1, max-image-preview:large, max-video-preview:-1\" \/>\n<link rel=\"canonical\" href=\"https:\/\/astrologelvan.com\/magaza\/urun\/21-kilo-brezilya-dogal-tas-ametist-kaya\/\" \/>\n<meta property=\"og:locale\" content=\"tr_TR\" \/>\n<meta property=\"og:type\" content=\"article\" \/>\n<meta property=\"og:title\" content=\"21 K\u0130LO BREZ\u0130LYA DO\u011eAL TA\u015e AMET\u0130ST KAYA - Astrolog Elvan\" \/>\n<meta property=\"og:description\" content=\"Radyasyondan ve negatif enerjiden korudu\u011fu bilinmektedir.  G\u00f6z sa\u011fl\u0131\u011f\u0131 i\u00e7in iyi geldi\u011fi bilinmektedir.  \u00d6fke, kin ve korkuyu yat\u0131\u015ft\u0131r\u0131r stresi giderir ve pozitif enerji verir.  Kalp rahats\u0131zl\u0131klar\u0131na faydal\u0131d\u0131r.  Do\u011fal bir sakinle\u015ftiricidir.  Negatif elektrik y\u00fck\u00fc ta\u015f\u0131d\u0131\u011f\u0131ndan dolay\u0131: bedendeki fazla elektrik y\u00fck\u00fcn\u00fc topraklayarak beyin g\u00fcc\u00fcn\u00fc y\u00fckseltti\u011fi d\u00fc\u015f\u00fcn\u00fclmektedir.  Bir meditasyon ta\u015f\u0131 oldu\u011fu d\u00fc\u015f\u00fcn\u00fclmektedir.  Odaklanmay\u0131 kuvvetlendirir.  En etkili oldu\u011fu faydalar\u0131 aras\u0131nda negatif enerjiyi pozitif enerjiye \u00e7evirmesi olarak d\u00fc\u015f\u00fcn\u00fclmektedir.Evlerinizin giri\u015fine ya da yatak odan\u0131za koyabilirsiniz.  21 K\u0130LOGRAM \/  Y\u00fckseklik: 66 cm\" \/>\n<meta property=\"og:url\" content=\"https:\/\/astrologelvan.com\/magaza\/urun\/21-kilo-brezilya-dogal-tas-ametist-kaya\/\" \/>\n<meta property=\"og:site_name\" content=\"Astrolog Elvan\" \/>\n<meta property=\"article:modified_time\" content=\"2025-10-06T05:14:52+00:00\" \/>\n<meta property=\"og:image\" content=\"https:\/\/astrologelvan.com\/magaza\/wp-content\/uploads\/2024\/02\/IMG_0672.jpg\" \/>\n\t<meta property=\"og:image:width\" content=\"810\" \/>\n\t<meta property=\"og:image:height\" content=\"1080\" \/>\n\t<meta property=\"og:image:type\" content=\"image\/jpeg\" \/>\n<meta name=\"twitter:card\" content=\"summary_large_image\" \/>\n<meta name=\"twitter:label1\" content=\"Tahmini okuma s\u00fcresi\" \/>\n\t<meta name=\"twitter:data1\" content=\"3 dakika\" \/>\n<script type=\"application\/ld+json\" class=\"yoast-schema-graph\">{\"@context\":\"https:\\\/\\\/schema.org\",\"@graph\":[{\"@type\":[\"WebPage\",\"ItemPage\"],\"@id\":\"https:\\\/\\\/astrologelvan.com\\\/magaza\\\/urun\\\/21-kilo-brezilya-dogal-tas-ametist-kaya\\\/\",\"url\":\"https:\\\/\\\/astrologelvan.com\\\/magaza\\\/urun\\\/21-kilo-brezilya-dogal-tas-ametist-kaya\\\/\",\"name\":\"21 K\u0130LO BREZ\u0130LYA DO\u011eAL TA\u015e AMET\u0130ST KAYA - Astrolog Elvan\",\"isPartOf\":{\"@id\":\"https:\\\/\\\/astrologelvan.com\\\/magaza\\\/#website\"},\"primaryImageOfPage\":{\"@id\":\"https:\\\/\\\/astrologelvan.com\\\/magaza\\\/urun\\\/21-kilo-brezilya-dogal-tas-ametist-kaya\\\/#primaryimage\"},\"image\":{\"@id\":\"https:\\\/\\\/astrologelvan.com\\\/magaza\\\/urun\\\/21-kilo-brezilya-dogal-tas-ametist-kaya\\\/#primaryimage\"},\"thumbnailUrl\":\"https:\\\/\\\/astrologelvan.com\\\/magaza\\\/wp-content\\\/uploads\\\/2024\\\/02\\\/IMG_0672.jpg\",\"datePublished\":\"2024-02-27T23:24:13+00:00\",\"dateModified\":\"2025-10-06T05:14:52+00:00\",\"breadcrumb\":{\"@id\":\"https:\\\/\\\/astrologelvan.com\\\/magaza\\\/urun\\\/21-kilo-brezilya-dogal-tas-ametist-kaya\\\/#breadcrumb\"},\"inLanguage\":\"tr\",\"potentialAction\":[{\"@type\":\"ReadAction\",\"target\":[\"https:\\\/\\\/astrologelvan.com\\\/magaza\\\/urun\\\/21-kilo-brezilya-dogal-tas-ametist-kaya\\\/\"]}]},{\"@type\":\"ImageObject\",\"inLanguage\":\"tr\",\"@id\":\"https:\\\/\\\/astrologelvan.com\\\/magaza\\\/urun\\\/21-kilo-brezilya-dogal-tas-ametist-kaya\\\/#primaryimage\",\"url\":\"https:\\\/\\\/astrologelvan.com\\\/magaza\\\/wp-content\\\/uploads\\\/2024\\\/02\\\/IMG_0672.jpg\",\"contentUrl\":\"https:\\\/\\\/astrologelvan.com\\\/magaza\\\/wp-content\\\/uploads\\\/2024\\\/02\\\/IMG_0672.jpg\",\"width\":810,\"height\":1080},{\"@type\":\"BreadcrumbList\",\"@id\":\"https:\\\/\\\/astrologelvan.com\\\/magaza\\\/urun\\\/21-kilo-brezilya-dogal-tas-ametist-kaya\\\/#breadcrumb\",\"itemListElement\":[{\"@type\":\"ListItem\",\"position\":1,\"name\":\"Anasayfa\",\"item\":\"https:\\\/\\\/astrologelvan.com\\\/magaza\\\/\"},{\"@type\":\"ListItem\",\"position\":2,\"name\":\"Ma\u011faza\",\"item\":\"https:\\\/\\\/astrologelvan.com\\\/magaza\\\/magaza\\\/\"},{\"@type\":\"ListItem\",\"position\":3,\"name\":\"21 K\u0130LO BREZ\u0130LYA DO\u011eAL TA\u015e AMET\u0130ST KAYA\"}]},{\"@type\":\"WebSite\",\"@id\":\"https:\\\/\\\/astrologelvan.com\\\/magaza\\\/#website\",\"url\":\"https:\\\/\\\/astrologelvan.com\\\/magaza\\\/\",\"name\":\"Astrolog Elvan\",\"description\":\"\",\"potentialAction\":[{\"@type\":\"SearchAction\",\"target\":{\"@type\":\"EntryPoint\",\"urlTemplate\":\"https:\\\/\\\/astrologelvan.com\\\/magaza\\\/?s={search_term_string}\"},\"query-input\":{\"@type\":\"PropertyValueSpecification\",\"valueRequired\":true,\"valueName\":\"search_term_string\"}}],\"inLanguage\":\"tr\"}]}<\/script>\n<!-- \/ Yoast SEO plugin. -->","yoast_head_json":{"title":"21 K\u0130LO BREZ\u0130LYA DO\u011eAL TA\u015e AMET\u0130ST KAYA - Astrolog Elvan","robots":{"index":"index","follow":"follow","max-snippet":"max-snippet:-1","max-image-preview":"max-image-preview:large","max-video-preview":"max-video-preview:-1"},"canonical":"https:\/\/astrologelvan.com\/magaza\/urun\/21-kilo-brezilya-dogal-tas-ametist-kaya\/","og_locale":"tr_TR","og_type":"article","og_title":"21 K\u0130LO BREZ\u0130LYA DO\u011eAL TA\u015e AMET\u0130ST KAYA - Astrolog Elvan","og_description":"Radyasyondan ve negatif enerjiden korudu\u011fu bilinmektedir.  G\u00f6z sa\u011fl\u0131\u011f\u0131 i\u00e7in iyi geldi\u011fi bilinmektedir.  \u00d6fke, kin ve korkuyu yat\u0131\u015ft\u0131r\u0131r stresi giderir ve pozitif enerji verir.  Kalp rahats\u0131zl\u0131klar\u0131na faydal\u0131d\u0131r.  Do\u011fal bir sakinle\u015ftiricidir.  Negatif elektrik y\u00fck\u00fc ta\u015f\u0131d\u0131\u011f\u0131ndan dolay\u0131: bedendeki fazla elektrik y\u00fck\u00fcn\u00fc topraklayarak beyin g\u00fcc\u00fcn\u00fc y\u00fckseltti\u011fi d\u00fc\u015f\u00fcn\u00fclmektedir.  Bir meditasyon ta\u015f\u0131 oldu\u011fu d\u00fc\u015f\u00fcn\u00fclmektedir.  Odaklanmay\u0131 kuvvetlendirir.  En etkili oldu\u011fu faydalar\u0131 aras\u0131nda negatif enerjiyi pozitif enerjiye \u00e7evirmesi olarak d\u00fc\u015f\u00fcn\u00fclmektedir.Evlerinizin giri\u015fine ya da yatak odan\u0131za koyabilirsiniz.  21 K\u0130LOGRAM \/  Y\u00fckseklik: 66 cm","og_url":"https:\/\/astrologelvan.com\/magaza\/urun\/21-kilo-brezilya-dogal-tas-ametist-kaya\/","og_site_name":"Astrolog Elvan","article_modified_time":"2025-10-06T05:14:52+00:00","og_image":[{"width":810,"height":1080,"url":"https:\/\/astrologelvan.com\/magaza\/wp-content\/uploads\/2024\/02\/IMG_0672.jpg","type":"image\/jpeg"}],"twitter_card":"summary_large_image","twitter_misc":{"Tahmini okuma s\u00fcresi":"3 dakika"},"schema":{"@context":"https:\/\/schema.org","@graph":[{"@type":["WebPage","ItemPage"],"@id":"https:\/\/astrologelvan.com\/magaza\/urun\/21-kilo-brezilya-dogal-tas-ametist-kaya\/","url":"https:\/\/astrologelvan.com\/magaza\/urun\/21-kilo-brezilya-dogal-tas-ametist-kaya\/","name":"21 K\u0130LO BREZ\u0130LYA DO\u011eAL TA\u015e AMET\u0130ST KAYA - Astrolog Elvan","isPartOf":{"@id":"https:\/\/astrologelvan.com\/magaza\/#website"},"primaryImageOfPage":{"@id":"https:\/\/astrologelvan.com\/magaza\/urun\/21-kilo-brezilya-dogal-tas-ametist-kaya\/#primaryimage"},"image":{"@id":"https:\/\/astrologelvan.com\/magaza\/urun\/21-kilo-brezilya-dogal-tas-ametist-kaya\/#primaryimage"},"thumbnailUrl":"https:\/\/astrologelvan.com\/magaza\/wp-content\/uploads\/2024\/02\/IMG_0672.jpg","datePublished":"2024-02-27T23:24:13+00:00","dateModified":"2025-10-06T05:14:52+00:00","breadcrumb":{"@id":"https:\/\/astrologelvan.com\/magaza\/urun\/21-kilo-brezilya-dogal-tas-ametist-kaya\/#breadcrumb"},"inLanguage":"tr","potentialAction":[{"@type":"ReadAction","target":["https:\/\/astrologelvan.com\/magaza\/urun\/21-kilo-brezilya-dogal-tas-ametist-kaya\/"]}]},{"@type":"ImageObject","inLanguage":"tr","@id":"https:\/\/astrologelvan.com\/magaza\/urun\/21-kilo-brezilya-dogal-tas-ametist-kaya\/#primaryimage","url":"https:\/\/astrologelvan.com\/magaza\/wp-content\/uploads\/2024\/02\/IMG_0672.jpg","contentUrl":"https:\/\/astrologelvan.com\/magaza\/wp-content\/uploads\/2024\/02\/IMG_0672.jpg","width":810,"height":1080},{"@type":"BreadcrumbList","@id":"https:\/\/astrologelvan.com\/magaza\/urun\/21-kilo-brezilya-dogal-tas-ametist-kaya\/#breadcrumb","itemListElement":[{"@type":"ListItem","position":1,"name":"Anasayfa","item":"https:\/\/astrologelvan.com\/magaza\/"},{"@type":"ListItem","position":2,"name":"Ma\u011faza","item":"https:\/\/astrologelvan.com\/magaza\/magaza\/"},{"@type":"ListItem","position":3,"name":"21 K\u0130LO BREZ\u0130LYA DO\u011eAL TA\u015e AMET\u0130ST KAYA"}]},{"@type":"WebSite","@id":"https:\/\/astrologelvan.com\/magaza\/#website","url":"https:\/\/astrologelvan.com\/magaza\/","name":"Astrolog Elvan","description":"","potentialAction":[{"@type":"SearchAction","target":{"@type":"EntryPoint","urlTemplate":"https:\/\/astrologelvan.com\/magaza\/?s={search_term_string}"},"query-input":{"@type":"PropertyValueSpecification","valueRequired":true,"valueName":"search_term_string"}}],"inLanguage":"tr"}]}},"_links":{"self":[{"href":"https:\/\/astrologelvan.com\/magaza\/wp-json\/wp\/v2\/product\/447","targetHints":{"allow":["GET"]}}],"collection":[{"href":"https:\/\/astrologelvan.com\/magaza\/wp-json\/wp\/v2\/product"}],"about":[{"href":"https:\/\/astrologelvan.com\/magaza\/wp-json\/wp\/v2\/types\/product"}],"replies":[{"embeddable":true,"href":"https:\/\/astrologelvan.com\/magaza\/wp-json\/wp\/v2\/comments?post=447"}],"wp:featuredmedia":[{"embeddable":true,"href":"https:\/\/astrologelvan.com\/magaza\/wp-json\/wp\/v2\/media\/513"}],"wp:attachment":[{"href":"https:\/\/astrologelvan.com\/magaza\/wp-json\/wp\/v2\/media?parent=447"}],"wp:term":[{"taxonomy":"product_brand","embeddable":true,"href":"https:\/\/astrologelvan.com\/magaza\/wp-json\/wp\/v2\/product_brand?post=447"},{"taxonomy":"product_cat","embeddable":true,"href":"https:\/\/astrologelvan.com\/magaza\/wp-json\/wp\/v2\/product_cat?post=447"},{"taxonomy":"product_tag","embeddable":true,"href":"https:\/\/astrologelvan.com\/magaza\/wp-json\/wp\/v2\/product_tag?post=447"}],"curies":[{"name":"wp","href":"https:\/\/api.w.org\/{rel}","templated":true}]}}