{"id":43432,"date":"2025-02-06T21:27:23","date_gmt":"2025-02-06T18:27:23","guid":{"rendered":"https:\/\/astrologelvan.com\/magaza\/?post_type=product&#038;p=43432"},"modified":"2025-10-06T08:15:43","modified_gmt":"2025-10-06T05:15:43","slug":"su-set","status":"publish","type":"product","link":"https:\/\/astrologelvan.com\/magaza\/urun\/su-set\/","title":{"rendered":"Su Set"},"content":{"rendered":"","protected":false},"excerpt":{"rendered":"<p><strong>Madalyon Kalp Kolye &amp; Mavi Topaz Antik Tasar\u0131m Kolye<\/strong><\/p>\n<p>Erkeklere \u00f6zel tasarlad\u0131\u011f\u0131m\u0131z Mavi Topaz Antik Tasar\u0131m Kolye, ili\u015fkide huzur, bilgelik ve sadakati desteklerken, Madalyon Kalp Kolye di\u015filik ve cazibenizi g\u00fc\u00e7lendirecek. Tarihi esintiler ta\u015f\u0131yan zarif tasar\u0131m ve g\u00fc\u00e7l\u00fc enerjilerle, a\u015fk\u0131n\u0131z\u0131n ate\u015fini yak\u0131n.<br \/>\nMadalyon \u015feklindeki kolye tasar\u0131m\u0131m\u0131z a\u00e7\u0131l\u0131r kapan\u0131r \u00f6zellikte olup, sevdi\u011finizin ba\u015f harfini ki\u015fiye \u00f6zel beyaz mine i\u015flemesi ile kaz\u0131yabiliriz.<br \/>\nSe\u00e7eneklerden, sevdi\u011finizin ba\u015f harfini se\u00e7meniz yeterli.<\/p>\n","protected":false},"featured_media":43464,"comment_status":"open","ping_status":"closed","template":"","meta":[],"product_brand":[],"product_cat":[321,255,48],"product_tag":[],"class_list":{"0":"post-43432","1":"product","2":"type-product","3":"status-publish","4":"has-post-thumbnail","6":"product_cat-altin-kaplama-kolye","7":"product_cat-gumus-kolye","8":"product_cat-kolyeler","10":"first","11":"outofstock","12":"purchasable","13":"product-type-variable"},"yoast_head":"<!-- This site is optimized with the Yoast SEO plugin v27.3 - https:\/\/yoast.com\/product\/yoast-seo-wordpress\/ -->\n<title>Su Set - Astrolog Elvan<\/title>\n<meta name=\"robots\" content=\"index, follow, max-snippet:-1, max-image-preview:large, max-video-preview:-1\" \/>\n<link rel=\"canonical\" href=\"https:\/\/astrologelvan.com\/magaza\/urun\/su-set\/\" \/>\n<meta property=\"og:locale\" content=\"tr_TR\" \/>\n<meta property=\"og:type\" content=\"article\" \/>\n<meta property=\"og:title\" content=\"Su Set - Astrolog Elvan\" \/>\n<meta property=\"og:description\" content=\"Madalyon Kalp Kolye &amp; Mavi Topaz Antik Tasar\u0131m Kolye  Erkeklere \u00f6zel tasarlad\u0131\u011f\u0131m\u0131z Mavi Topaz Antik Tasar\u0131m Kolye, ili\u015fkide huzur, bilgelik ve sadakati desteklerken, Madalyon Kalp Kolye di\u015filik ve cazibenizi g\u00fc\u00e7lendirecek. Tarihi esintiler ta\u015f\u0131yan zarif tasar\u0131m ve g\u00fc\u00e7l\u00fc enerjilerle, a\u015fk\u0131n\u0131z\u0131n ate\u015fini yak\u0131n. Madalyon \u015feklindeki kolye tasar\u0131m\u0131m\u0131z a\u00e7\u0131l\u0131r kapan\u0131r \u00f6zellikte olup, sevdi\u011finizin ba\u015f harfini ki\u015fiye \u00f6zel beyaz mine i\u015flemesi ile kaz\u0131yabiliriz. Se\u00e7eneklerden, sevdi\u011finizin ba\u015f harfini se\u00e7meniz yeterli.\" \/>\n<meta property=\"og:url\" content=\"https:\/\/astrologelvan.com\/magaza\/urun\/su-set\/\" \/>\n<meta property=\"og:site_name\" content=\"Astrolog Elvan\" \/>\n<meta property=\"article:modified_time\" content=\"2025-10-06T05:15:43+00:00\" \/>\n<meta property=\"og:image\" content=\"https:\/\/astrologelvan.com\/magaza\/wp-content\/uploads\/2025\/02\/SET-3-scaled.jpg\" \/>\n\t<meta property=\"og:image:width\" content=\"1707\" \/>\n\t<meta property=\"og:image:height\" content=\"2560\" \/>\n\t<meta property=\"og:image:type\" content=\"image\/jpeg\" \/>\n<meta name=\"twitter:card\" content=\"summary_large_image\" \/>\n<meta name=\"twitter:label1\" content=\"Tahmini okuma s\u00fcresi\" \/>\n\t<meta name=\"twitter:data1\" content=\"1 dakika\" \/>\n<script type=\"application\/ld+json\" class=\"yoast-schema-graph\">{\"@context\":\"https:\\\/\\\/schema.org\",\"@graph\":[{\"@type\":[\"WebPage\",\"ItemPage\"],\"@id\":\"https:\\\/\\\/astrologelvan.com\\\/magaza\\\/urun\\\/su-set\\\/\",\"url\":\"https:\\\/\\\/astrologelvan.com\\\/magaza\\\/urun\\\/su-set\\\/\",\"name\":\"Su Set - Astrolog Elvan\",\"isPartOf\":{\"@id\":\"https:\\\/\\\/astrologelvan.com\\\/magaza\\\/#website\"},\"primaryImageOfPage\":{\"@id\":\"https:\\\/\\\/astrologelvan.com\\\/magaza\\\/urun\\\/su-set\\\/#primaryimage\"},\"image\":{\"@id\":\"https:\\\/\\\/astrologelvan.com\\\/magaza\\\/urun\\\/su-set\\\/#primaryimage\"},\"thumbnailUrl\":\"https:\\\/\\\/astrologelvan.com\\\/magaza\\\/wp-content\\\/uploads\\\/2025\\\/02\\\/SET-3-scaled.jpg\",\"datePublished\":\"2025-02-06T18:27:23+00:00\",\"dateModified\":\"2025-10-06T05:15:43+00:00\",\"breadcrumb\":{\"@id\":\"https:\\\/\\\/astrologelvan.com\\\/magaza\\\/urun\\\/su-set\\\/#breadcrumb\"},\"inLanguage\":\"tr\",\"potentialAction\":[{\"@type\":\"ReadAction\",\"target\":[\"https:\\\/\\\/astrologelvan.com\\\/magaza\\\/urun\\\/su-set\\\/\"]}]},{\"@type\":\"ImageObject\",\"inLanguage\":\"tr\",\"@id\":\"https:\\\/\\\/astrologelvan.com\\\/magaza\\\/urun\\\/su-set\\\/#primaryimage\",\"url\":\"https:\\\/\\\/astrologelvan.com\\\/magaza\\\/wp-content\\\/uploads\\\/2025\\\/02\\\/SET-3-scaled.jpg\",\"contentUrl\":\"https:\\\/\\\/astrologelvan.com\\\/magaza\\\/wp-content\\\/uploads\\\/2025\\\/02\\\/SET-3-scaled.jpg\",\"width\":1707,\"height\":2560},{\"@type\":\"BreadcrumbList\",\"@id\":\"https:\\\/\\\/astrologelvan.com\\\/magaza\\\/urun\\\/su-set\\\/#breadcrumb\",\"itemListElement\":[{\"@type\":\"ListItem\",\"position\":1,\"name\":\"Anasayfa\",\"item\":\"https:\\\/\\\/astrologelvan.com\\\/magaza\\\/\"},{\"@type\":\"ListItem\",\"position\":2,\"name\":\"Ma\u011faza\",\"item\":\"https:\\\/\\\/astrologelvan.com\\\/magaza\\\/magaza\\\/\"},{\"@type\":\"ListItem\",\"position\":3,\"name\":\"Su Set\"}]},{\"@type\":\"WebSite\",\"@id\":\"https:\\\/\\\/astrologelvan.com\\\/magaza\\\/#website\",\"url\":\"https:\\\/\\\/astrologelvan.com\\\/magaza\\\/\",\"name\":\"Astrolog Elvan\",\"description\":\"\",\"potentialAction\":[{\"@type\":\"SearchAction\",\"target\":{\"@type\":\"EntryPoint\",\"urlTemplate\":\"https:\\\/\\\/astrologelvan.com\\\/magaza\\\/?s={search_term_string}\"},\"query-input\":{\"@type\":\"PropertyValueSpecification\",\"valueRequired\":true,\"valueName\":\"search_term_string\"}}],\"inLanguage\":\"tr\"}]}<\/script>\n<!-- \/ Yoast SEO plugin. -->","yoast_head_json":{"title":"Su Set - Astrolog Elvan","robots":{"index":"index","follow":"follow","max-snippet":"max-snippet:-1","max-image-preview":"max-image-preview:large","max-video-preview":"max-video-preview:-1"},"canonical":"https:\/\/astrologelvan.com\/magaza\/urun\/su-set\/","og_locale":"tr_TR","og_type":"article","og_title":"Su Set - Astrolog Elvan","og_description":"Madalyon Kalp Kolye &amp; Mavi Topaz Antik Tasar\u0131m Kolye  Erkeklere \u00f6zel tasarlad\u0131\u011f\u0131m\u0131z Mavi Topaz Antik Tasar\u0131m Kolye, ili\u015fkide huzur, bilgelik ve sadakati desteklerken, Madalyon Kalp Kolye di\u015filik ve cazibenizi g\u00fc\u00e7lendirecek. Tarihi esintiler ta\u015f\u0131yan zarif tasar\u0131m ve g\u00fc\u00e7l\u00fc enerjilerle, a\u015fk\u0131n\u0131z\u0131n ate\u015fini yak\u0131n. Madalyon \u015feklindeki kolye tasar\u0131m\u0131m\u0131z a\u00e7\u0131l\u0131r kapan\u0131r \u00f6zellikte olup, sevdi\u011finizin ba\u015f harfini ki\u015fiye \u00f6zel beyaz mine i\u015flemesi ile kaz\u0131yabiliriz. Se\u00e7eneklerden, sevdi\u011finizin ba\u015f harfini se\u00e7meniz yeterli.","og_url":"https:\/\/astrologelvan.com\/magaza\/urun\/su-set\/","og_site_name":"Astrolog Elvan","article_modified_time":"2025-10-06T05:15:43+00:00","og_image":[{"width":1707,"height":2560,"url":"https:\/\/astrologelvan.com\/magaza\/wp-content\/uploads\/2025\/02\/SET-3-scaled.jpg","type":"image\/jpeg"}],"twitter_card":"summary_large_image","twitter_misc":{"Tahmini okuma s\u00fcresi":"1 dakika"},"schema":{"@context":"https:\/\/schema.org","@graph":[{"@type":["WebPage","ItemPage"],"@id":"https:\/\/astrologelvan.com\/magaza\/urun\/su-set\/","url":"https:\/\/astrologelvan.com\/magaza\/urun\/su-set\/","name":"Su Set - Astrolog Elvan","isPartOf":{"@id":"https:\/\/astrologelvan.com\/magaza\/#website"},"primaryImageOfPage":{"@id":"https:\/\/astrologelvan.com\/magaza\/urun\/su-set\/#primaryimage"},"image":{"@id":"https:\/\/astrologelvan.com\/magaza\/urun\/su-set\/#primaryimage"},"thumbnailUrl":"https:\/\/astrologelvan.com\/magaza\/wp-content\/uploads\/2025\/02\/SET-3-scaled.jpg","datePublished":"2025-02-06T18:27:23+00:00","dateModified":"2025-10-06T05:15:43+00:00","breadcrumb":{"@id":"https:\/\/astrologelvan.com\/magaza\/urun\/su-set\/#breadcrumb"},"inLanguage":"tr","potentialAction":[{"@type":"ReadAction","target":["https:\/\/astrologelvan.com\/magaza\/urun\/su-set\/"]}]},{"@type":"ImageObject","inLanguage":"tr","@id":"https:\/\/astrologelvan.com\/magaza\/urun\/su-set\/#primaryimage","url":"https:\/\/astrologelvan.com\/magaza\/wp-content\/uploads\/2025\/02\/SET-3-scaled.jpg","contentUrl":"https:\/\/astrologelvan.com\/magaza\/wp-content\/uploads\/2025\/02\/SET-3-scaled.jpg","width":1707,"height":2560},{"@type":"BreadcrumbList","@id":"https:\/\/astrologelvan.com\/magaza\/urun\/su-set\/#breadcrumb","itemListElement":[{"@type":"ListItem","position":1,"name":"Anasayfa","item":"https:\/\/astrologelvan.com\/magaza\/"},{"@type":"ListItem","position":2,"name":"Ma\u011faza","item":"https:\/\/astrologelvan.com\/magaza\/magaza\/"},{"@type":"ListItem","position":3,"name":"Su Set"}]},{"@type":"WebSite","@id":"https:\/\/astrologelvan.com\/magaza\/#website","url":"https:\/\/astrologelvan.com\/magaza\/","name":"Astrolog Elvan","description":"","potentialAction":[{"@type":"SearchAction","target":{"@type":"EntryPoint","urlTemplate":"https:\/\/astrologelvan.com\/magaza\/?s={search_term_string}"},"query-input":{"@type":"PropertyValueSpecification","valueRequired":true,"valueName":"search_term_string"}}],"inLanguage":"tr"}]}},"_links":{"self":[{"href":"https:\/\/astrologelvan.com\/magaza\/wp-json\/wp\/v2\/product\/43432","targetHints":{"allow":["GET"]}}],"collection":[{"href":"https:\/\/astrologelvan.com\/magaza\/wp-json\/wp\/v2\/product"}],"about":[{"href":"https:\/\/astrologelvan.com\/magaza\/wp-json\/wp\/v2\/types\/product"}],"replies":[{"embeddable":true,"href":"https:\/\/astrologelvan.com\/magaza\/wp-json\/wp\/v2\/comments?post=43432"}],"wp:featuredmedia":[{"embeddable":true,"href":"https:\/\/astrologelvan.com\/magaza\/wp-json\/wp\/v2\/media\/43464"}],"wp:attachment":[{"href":"https:\/\/astrologelvan.com\/magaza\/wp-json\/wp\/v2\/media?parent=43432"}],"wp:term":[{"taxonomy":"product_brand","embeddable":true,"href":"https:\/\/astrologelvan.com\/magaza\/wp-json\/wp\/v2\/product_brand?post=43432"},{"taxonomy":"product_cat","embeddable":true,"href":"https:\/\/astrologelvan.com\/magaza\/wp-json\/wp\/v2\/product_cat?post=43432"},{"taxonomy":"product_tag","embeddable":true,"href":"https:\/\/astrologelvan.com\/magaza\/wp-json\/wp\/v2\/product_tag?post=43432"}],"curies":[{"name":"wp","href":"https:\/\/api.w.org\/{rel}","templated":true}]}}