{"id":43399,"date":"2025-02-06T21:26:12","date_gmt":"2025-02-06T18:26:12","guid":{"rendered":"https:\/\/astrologelvan.com\/magaza\/?post_type=product&#038;p=43399"},"modified":"2025-10-06T08:15:40","modified_gmt":"2025-10-06T05:15:40","slug":"hava-set","status":"publish","type":"product","link":"https:\/\/astrologelvan.com\/magaza\/urun\/hava-set\/","title":{"rendered":"Hava Set"},"content":{"rendered":"","protected":false},"excerpt":{"rendered":"<p><strong>Madalyon Kalp Kolye &amp; Kubera Mantra Kolye<\/strong><\/p>\n<p>Zenginlik ve a\u015fk enerjisini bir arada ta\u015f\u0131y\u0131n! Kubera Para Mantras\u0131 Kolye, erkekler i\u00e7in bolluk, bereket ve finansal g\u00fcc\u00fcn\u00fc desteklerken, Madalyon Kalp Kolye kad\u0131nlarda cazibe ve di\u015fili\u011fi artt\u0131racak. Hem size hem de partnerinize a\u015fk\u0131n\u0131z\u0131 bereketle ta\u00e7land\u0131racak muhte\u015fem bir hediye seti .<br \/>\n\u0130li\u015fkinize bolluk ve a\u015fk\u0131 davet edin!<\/p>\n","protected":false},"featured_media":43604,"comment_status":"open","ping_status":"closed","template":"","meta":[],"product_brand":[],"product_cat":[321,255,48],"product_tag":[],"class_list":{"0":"post-43399","1":"product","2":"type-product","3":"status-publish","4":"has-post-thumbnail","6":"product_cat-altin-kaplama-kolye","7":"product_cat-gumus-kolye","8":"product_cat-kolyeler","10":"first","11":"outofstock","12":"purchasable","13":"product-type-variable"},"yoast_head":"<!-- This site is optimized with the Yoast SEO plugin v27.3 - https:\/\/yoast.com\/product\/yoast-seo-wordpress\/ -->\n<title>Hava Set - Astrolog Elvan<\/title>\n<meta name=\"robots\" content=\"index, follow, max-snippet:-1, max-image-preview:large, max-video-preview:-1\" \/>\n<link rel=\"canonical\" href=\"https:\/\/astrologelvan.com\/magaza\/urun\/hava-set\/\" \/>\n<meta property=\"og:locale\" content=\"tr_TR\" \/>\n<meta property=\"og:type\" content=\"article\" \/>\n<meta property=\"og:title\" content=\"Hava Set - Astrolog Elvan\" \/>\n<meta property=\"og:description\" content=\"Madalyon Kalp Kolye &amp; Kubera Mantra Kolye  Zenginlik ve a\u015fk enerjisini bir arada ta\u015f\u0131y\u0131n! Kubera Para Mantras\u0131 Kolye, erkekler i\u00e7in bolluk, bereket ve finansal g\u00fcc\u00fcn\u00fc desteklerken, Madalyon Kalp Kolye kad\u0131nlarda cazibe ve di\u015fili\u011fi artt\u0131racak. Hem size hem de partnerinize a\u015fk\u0131n\u0131z\u0131 bereketle ta\u00e7land\u0131racak muhte\u015fem bir hediye seti . \u0130li\u015fkinize bolluk ve a\u015fk\u0131 davet edin!\" \/>\n<meta property=\"og:url\" content=\"https:\/\/astrologelvan.com\/magaza\/urun\/hava-set\/\" \/>\n<meta property=\"og:site_name\" content=\"Astrolog Elvan\" \/>\n<meta property=\"article:modified_time\" content=\"2025-10-06T05:15:40+00:00\" \/>\n<meta property=\"og:image\" content=\"https:\/\/astrologelvan.com\/magaza\/wp-content\/uploads\/2025\/02\/Resim1-kopya.jpg\" \/>\n\t<meta property=\"og:image:width\" content=\"547\" \/>\n\t<meta property=\"og:image:height\" content=\"729\" \/>\n\t<meta property=\"og:image:type\" content=\"image\/jpeg\" \/>\n<meta name=\"twitter:card\" content=\"summary_large_image\" \/>\n<meta name=\"twitter:label1\" content=\"Tahmini okuma s\u00fcresi\" \/>\n\t<meta name=\"twitter:data1\" content=\"1 dakika\" \/>\n<script type=\"application\/ld+json\" class=\"yoast-schema-graph\">{\"@context\":\"https:\\\/\\\/schema.org\",\"@graph\":[{\"@type\":[\"WebPage\",\"ItemPage\"],\"@id\":\"https:\\\/\\\/astrologelvan.com\\\/magaza\\\/urun\\\/hava-set\\\/\",\"url\":\"https:\\\/\\\/astrologelvan.com\\\/magaza\\\/urun\\\/hava-set\\\/\",\"name\":\"Hava Set - Astrolog Elvan\",\"isPartOf\":{\"@id\":\"https:\\\/\\\/astrologelvan.com\\\/magaza\\\/#website\"},\"primaryImageOfPage\":{\"@id\":\"https:\\\/\\\/astrologelvan.com\\\/magaza\\\/urun\\\/hava-set\\\/#primaryimage\"},\"image\":{\"@id\":\"https:\\\/\\\/astrologelvan.com\\\/magaza\\\/urun\\\/hava-set\\\/#primaryimage\"},\"thumbnailUrl\":\"https:\\\/\\\/astrologelvan.com\\\/magaza\\\/wp-content\\\/uploads\\\/2025\\\/02\\\/Resim1-kopya.jpg\",\"datePublished\":\"2025-02-06T18:26:12+00:00\",\"dateModified\":\"2025-10-06T05:15:40+00:00\",\"breadcrumb\":{\"@id\":\"https:\\\/\\\/astrologelvan.com\\\/magaza\\\/urun\\\/hava-set\\\/#breadcrumb\"},\"inLanguage\":\"tr\",\"potentialAction\":[{\"@type\":\"ReadAction\",\"target\":[\"https:\\\/\\\/astrologelvan.com\\\/magaza\\\/urun\\\/hava-set\\\/\"]}]},{\"@type\":\"ImageObject\",\"inLanguage\":\"tr\",\"@id\":\"https:\\\/\\\/astrologelvan.com\\\/magaza\\\/urun\\\/hava-set\\\/#primaryimage\",\"url\":\"https:\\\/\\\/astrologelvan.com\\\/magaza\\\/wp-content\\\/uploads\\\/2025\\\/02\\\/Resim1-kopya.jpg\",\"contentUrl\":\"https:\\\/\\\/astrologelvan.com\\\/magaza\\\/wp-content\\\/uploads\\\/2025\\\/02\\\/Resim1-kopya.jpg\",\"width\":547,\"height\":729},{\"@type\":\"BreadcrumbList\",\"@id\":\"https:\\\/\\\/astrologelvan.com\\\/magaza\\\/urun\\\/hava-set\\\/#breadcrumb\",\"itemListElement\":[{\"@type\":\"ListItem\",\"position\":1,\"name\":\"Anasayfa\",\"item\":\"https:\\\/\\\/astrologelvan.com\\\/magaza\\\/\"},{\"@type\":\"ListItem\",\"position\":2,\"name\":\"Ma\u011faza\",\"item\":\"https:\\\/\\\/astrologelvan.com\\\/magaza\\\/magaza\\\/\"},{\"@type\":\"ListItem\",\"position\":3,\"name\":\"Hava Set\"}]},{\"@type\":\"WebSite\",\"@id\":\"https:\\\/\\\/astrologelvan.com\\\/magaza\\\/#website\",\"url\":\"https:\\\/\\\/astrologelvan.com\\\/magaza\\\/\",\"name\":\"Astrolog Elvan\",\"description\":\"\",\"potentialAction\":[{\"@type\":\"SearchAction\",\"target\":{\"@type\":\"EntryPoint\",\"urlTemplate\":\"https:\\\/\\\/astrologelvan.com\\\/magaza\\\/?s={search_term_string}\"},\"query-input\":{\"@type\":\"PropertyValueSpecification\",\"valueRequired\":true,\"valueName\":\"search_term_string\"}}],\"inLanguage\":\"tr\"}]}<\/script>\n<!-- \/ Yoast SEO plugin. -->","yoast_head_json":{"title":"Hava Set - Astrolog Elvan","robots":{"index":"index","follow":"follow","max-snippet":"max-snippet:-1","max-image-preview":"max-image-preview:large","max-video-preview":"max-video-preview:-1"},"canonical":"https:\/\/astrologelvan.com\/magaza\/urun\/hava-set\/","og_locale":"tr_TR","og_type":"article","og_title":"Hava Set - Astrolog Elvan","og_description":"Madalyon Kalp Kolye &amp; Kubera Mantra Kolye  Zenginlik ve a\u015fk enerjisini bir arada ta\u015f\u0131y\u0131n! Kubera Para Mantras\u0131 Kolye, erkekler i\u00e7in bolluk, bereket ve finansal g\u00fcc\u00fcn\u00fc desteklerken, Madalyon Kalp Kolye kad\u0131nlarda cazibe ve di\u015fili\u011fi artt\u0131racak. Hem size hem de partnerinize a\u015fk\u0131n\u0131z\u0131 bereketle ta\u00e7land\u0131racak muhte\u015fem bir hediye seti . \u0130li\u015fkinize bolluk ve a\u015fk\u0131 davet edin!","og_url":"https:\/\/astrologelvan.com\/magaza\/urun\/hava-set\/","og_site_name":"Astrolog Elvan","article_modified_time":"2025-10-06T05:15:40+00:00","og_image":[{"width":547,"height":729,"url":"https:\/\/astrologelvan.com\/magaza\/wp-content\/uploads\/2025\/02\/Resim1-kopya.jpg","type":"image\/jpeg"}],"twitter_card":"summary_large_image","twitter_misc":{"Tahmini okuma s\u00fcresi":"1 dakika"},"schema":{"@context":"https:\/\/schema.org","@graph":[{"@type":["WebPage","ItemPage"],"@id":"https:\/\/astrologelvan.com\/magaza\/urun\/hava-set\/","url":"https:\/\/astrologelvan.com\/magaza\/urun\/hava-set\/","name":"Hava Set - Astrolog Elvan","isPartOf":{"@id":"https:\/\/astrologelvan.com\/magaza\/#website"},"primaryImageOfPage":{"@id":"https:\/\/astrologelvan.com\/magaza\/urun\/hava-set\/#primaryimage"},"image":{"@id":"https:\/\/astrologelvan.com\/magaza\/urun\/hava-set\/#primaryimage"},"thumbnailUrl":"https:\/\/astrologelvan.com\/magaza\/wp-content\/uploads\/2025\/02\/Resim1-kopya.jpg","datePublished":"2025-02-06T18:26:12+00:00","dateModified":"2025-10-06T05:15:40+00:00","breadcrumb":{"@id":"https:\/\/astrologelvan.com\/magaza\/urun\/hava-set\/#breadcrumb"},"inLanguage":"tr","potentialAction":[{"@type":"ReadAction","target":["https:\/\/astrologelvan.com\/magaza\/urun\/hava-set\/"]}]},{"@type":"ImageObject","inLanguage":"tr","@id":"https:\/\/astrologelvan.com\/magaza\/urun\/hava-set\/#primaryimage","url":"https:\/\/astrologelvan.com\/magaza\/wp-content\/uploads\/2025\/02\/Resim1-kopya.jpg","contentUrl":"https:\/\/astrologelvan.com\/magaza\/wp-content\/uploads\/2025\/02\/Resim1-kopya.jpg","width":547,"height":729},{"@type":"BreadcrumbList","@id":"https:\/\/astrologelvan.com\/magaza\/urun\/hava-set\/#breadcrumb","itemListElement":[{"@type":"ListItem","position":1,"name":"Anasayfa","item":"https:\/\/astrologelvan.com\/magaza\/"},{"@type":"ListItem","position":2,"name":"Ma\u011faza","item":"https:\/\/astrologelvan.com\/magaza\/magaza\/"},{"@type":"ListItem","position":3,"name":"Hava Set"}]},{"@type":"WebSite","@id":"https:\/\/astrologelvan.com\/magaza\/#website","url":"https:\/\/astrologelvan.com\/magaza\/","name":"Astrolog Elvan","description":"","potentialAction":[{"@type":"SearchAction","target":{"@type":"EntryPoint","urlTemplate":"https:\/\/astrologelvan.com\/magaza\/?s={search_term_string}"},"query-input":{"@type":"PropertyValueSpecification","valueRequired":true,"valueName":"search_term_string"}}],"inLanguage":"tr"}]}},"_links":{"self":[{"href":"https:\/\/astrologelvan.com\/magaza\/wp-json\/wp\/v2\/product\/43399","targetHints":{"allow":["GET"]}}],"collection":[{"href":"https:\/\/astrologelvan.com\/magaza\/wp-json\/wp\/v2\/product"}],"about":[{"href":"https:\/\/astrologelvan.com\/magaza\/wp-json\/wp\/v2\/types\/product"}],"replies":[{"embeddable":true,"href":"https:\/\/astrologelvan.com\/magaza\/wp-json\/wp\/v2\/comments?post=43399"}],"wp:featuredmedia":[{"embeddable":true,"href":"https:\/\/astrologelvan.com\/magaza\/wp-json\/wp\/v2\/media\/43604"}],"wp:attachment":[{"href":"https:\/\/astrologelvan.com\/magaza\/wp-json\/wp\/v2\/media?parent=43399"}],"wp:term":[{"taxonomy":"product_brand","embeddable":true,"href":"https:\/\/astrologelvan.com\/magaza\/wp-json\/wp\/v2\/product_brand?post=43399"},{"taxonomy":"product_cat","embeddable":true,"href":"https:\/\/astrologelvan.com\/magaza\/wp-json\/wp\/v2\/product_cat?post=43399"},{"taxonomy":"product_tag","embeddable":true,"href":"https:\/\/astrologelvan.com\/magaza\/wp-json\/wp\/v2\/product_tag?post=43399"}],"curies":[{"name":"wp","href":"https:\/\/api.w.org\/{rel}","templated":true}]}}