{"id":43335,"date":"2025-02-06T21:28:40","date_gmt":"2025-02-06T18:28:40","guid":{"rendered":"https:\/\/astrologelvan.com\/magaza\/?post_type=product&#038;p=43335"},"modified":"2025-10-06T08:15:38","modified_gmt":"2025-10-06T05:15:38","slug":"ates-set","status":"publish","type":"product","link":"https:\/\/astrologelvan.com\/magaza\/urun\/ates-set\/","title":{"rendered":"Ate\u015f Set"},"content":{"rendered":"","protected":false},"excerpt":{"rendered":"<p><strong>Madalyon Kalp Kolye &amp; Lav Ta\u015f\u0131 Bileklik<\/strong><\/p>\n<p>Tutkunun ve G\u00fcc\u00fcn Bulu\u015fmas\u0131<br \/>\nVolkanik arazilerdeki so\u011fuyan lav ak\u0131nt\u0131lar\u0131 ile olu\u015fan Lav Ta\u015f\u0131 Bileklik, erkekler i\u00e7in g\u00fcc\u00fc sembolize eden, eril enerjiyi dengeleyen bir do\u011fal ta\u015ft\u0131r. Madalyon Kalp Kolye ise kad\u0131nda a\u015fk\u0131 ve di\u015fili\u011fi anlat\u0131r. Eril ve di\u015filin birle\u015fiminden olu\u015fan bu set hem size hem de sevgilinize muhte\u015fem bir hediye olacak. A\u015fk\u0131n ve birlikteli\u011fin g\u00fcc\u00fcn\u00fc ke\u015ffedi<\/p>\n","protected":false},"featured_media":43336,"comment_status":"open","ping_status":"closed","template":"","meta":[],"product_brand":[],"product_cat":[255,48],"product_tag":[],"class_list":{"0":"post-43335","1":"product","2":"type-product","3":"status-publish","4":"has-post-thumbnail","6":"product_cat-gumus-kolye","7":"product_cat-kolyeler","9":"first","10":"outofstock","11":"purchasable","12":"product-type-variable"},"yoast_head":"<!-- This site is optimized with the Yoast SEO plugin v27.2 - https:\/\/yoast.com\/product\/yoast-seo-wordpress\/ -->\n<title>Ate\u015f Set - Astrolog Elvan<\/title>\n<meta name=\"robots\" content=\"index, follow, max-snippet:-1, max-image-preview:large, max-video-preview:-1\" \/>\n<link rel=\"canonical\" href=\"https:\/\/astrologelvan.com\/magaza\/urun\/ates-set\/\" \/>\n<meta property=\"og:locale\" content=\"tr_TR\" \/>\n<meta property=\"og:type\" content=\"article\" \/>\n<meta property=\"og:title\" content=\"Ate\u015f Set - Astrolog Elvan\" \/>\n<meta property=\"og:description\" content=\"Madalyon Kalp Kolye &amp; Lav Ta\u015f\u0131 Bileklik  Tutkunun ve G\u00fcc\u00fcn Bulu\u015fmas\u0131 Volkanik arazilerdeki so\u011fuyan lav ak\u0131nt\u0131lar\u0131 ile olu\u015fan Lav Ta\u015f\u0131 Bileklik, erkekler i\u00e7in g\u00fcc\u00fc sembolize eden, eril enerjiyi dengeleyen bir do\u011fal ta\u015ft\u0131r. Madalyon Kalp Kolye ise kad\u0131nda a\u015fk\u0131 ve di\u015fili\u011fi anlat\u0131r. Eril ve di\u015filin birle\u015fiminden olu\u015fan bu set hem size hem de sevgilinize muhte\u015fem bir hediye olacak. A\u015fk\u0131n ve birlikteli\u011fin g\u00fcc\u00fcn\u00fc ke\u015ffedi\" \/>\n<meta property=\"og:url\" content=\"https:\/\/astrologelvan.com\/magaza\/urun\/ates-set\/\" \/>\n<meta property=\"og:site_name\" content=\"Astrolog Elvan\" \/>\n<meta property=\"article:modified_time\" content=\"2025-10-06T05:15:38+00:00\" \/>\n<meta property=\"og:image\" content=\"https:\/\/astrologelvan.com\/magaza\/wp-content\/uploads\/2025\/02\/SET-1-scaled.jpg\" \/>\n\t<meta property=\"og:image:width\" content=\"1707\" \/>\n\t<meta property=\"og:image:height\" content=\"2560\" \/>\n\t<meta property=\"og:image:type\" content=\"image\/jpeg\" \/>\n<meta name=\"twitter:card\" content=\"summary_large_image\" \/>\n<meta name=\"twitter:label1\" content=\"Tahmini okuma s\u00fcresi\" \/>\n\t<meta name=\"twitter:data1\" content=\"1 dakika\" \/>\n<script type=\"application\/ld+json\" class=\"yoast-schema-graph\">{\"@context\":\"https:\/\/schema.org\",\"@graph\":[{\"@type\":[\"WebPage\",\"ItemPage\"],\"@id\":\"https:\/\/astrologelvan.com\/magaza\/urun\/ates-set\/\",\"url\":\"https:\/\/astrologelvan.com\/magaza\/urun\/ates-set\/\",\"name\":\"Ate\u015f Set - Astrolog Elvan\",\"isPartOf\":{\"@id\":\"https:\/\/astrologelvan.com\/magaza\/#website\"},\"primaryImageOfPage\":{\"@id\":\"https:\/\/astrologelvan.com\/magaza\/urun\/ates-set\/#primaryimage\"},\"image\":{\"@id\":\"https:\/\/astrologelvan.com\/magaza\/urun\/ates-set\/#primaryimage\"},\"thumbnailUrl\":\"https:\/\/astrologelvan.com\/magaza\/wp-content\/uploads\/2025\/02\/SET-1-scaled.jpg\",\"datePublished\":\"2025-02-06T18:28:40+00:00\",\"dateModified\":\"2025-10-06T05:15:38+00:00\",\"breadcrumb\":{\"@id\":\"https:\/\/astrologelvan.com\/magaza\/urun\/ates-set\/#breadcrumb\"},\"inLanguage\":\"tr\",\"potentialAction\":[{\"@type\":\"ReadAction\",\"target\":[\"https:\/\/astrologelvan.com\/magaza\/urun\/ates-set\/\"]}]},{\"@type\":\"ImageObject\",\"inLanguage\":\"tr\",\"@id\":\"https:\/\/astrologelvan.com\/magaza\/urun\/ates-set\/#primaryimage\",\"url\":\"https:\/\/astrologelvan.com\/magaza\/wp-content\/uploads\/2025\/02\/SET-1-scaled.jpg\",\"contentUrl\":\"https:\/\/astrologelvan.com\/magaza\/wp-content\/uploads\/2025\/02\/SET-1-scaled.jpg\",\"width\":1707,\"height\":2560},{\"@type\":\"BreadcrumbList\",\"@id\":\"https:\/\/astrologelvan.com\/magaza\/urun\/ates-set\/#breadcrumb\",\"itemListElement\":[{\"@type\":\"ListItem\",\"position\":1,\"name\":\"Anasayfa\",\"item\":\"https:\/\/astrologelvan.com\/magaza\/\"},{\"@type\":\"ListItem\",\"position\":2,\"name\":\"Ma\u011faza\",\"item\":\"https:\/\/astrologelvan.com\/magaza\/magaza\/\"},{\"@type\":\"ListItem\",\"position\":3,\"name\":\"Ate\u015f Set\"}]},{\"@type\":\"WebSite\",\"@id\":\"https:\/\/astrologelvan.com\/magaza\/#website\",\"url\":\"https:\/\/astrologelvan.com\/magaza\/\",\"name\":\"Astrolog Elvan\",\"description\":\"\",\"potentialAction\":[{\"@type\":\"SearchAction\",\"target\":{\"@type\":\"EntryPoint\",\"urlTemplate\":\"https:\/\/astrologelvan.com\/magaza\/?s={search_term_string}\"},\"query-input\":{\"@type\":\"PropertyValueSpecification\",\"valueRequired\":true,\"valueName\":\"search_term_string\"}}],\"inLanguage\":\"tr\"}]}<\/script>\n<!-- \/ Yoast SEO plugin. -->","yoast_head_json":{"title":"Ate\u015f Set - Astrolog Elvan","robots":{"index":"index","follow":"follow","max-snippet":"max-snippet:-1","max-image-preview":"max-image-preview:large","max-video-preview":"max-video-preview:-1"},"canonical":"https:\/\/astrologelvan.com\/magaza\/urun\/ates-set\/","og_locale":"tr_TR","og_type":"article","og_title":"Ate\u015f Set - Astrolog Elvan","og_description":"Madalyon Kalp Kolye &amp; Lav Ta\u015f\u0131 Bileklik  Tutkunun ve G\u00fcc\u00fcn Bulu\u015fmas\u0131 Volkanik arazilerdeki so\u011fuyan lav ak\u0131nt\u0131lar\u0131 ile olu\u015fan Lav Ta\u015f\u0131 Bileklik, erkekler i\u00e7in g\u00fcc\u00fc sembolize eden, eril enerjiyi dengeleyen bir do\u011fal ta\u015ft\u0131r. Madalyon Kalp Kolye ise kad\u0131nda a\u015fk\u0131 ve di\u015fili\u011fi anlat\u0131r. Eril ve di\u015filin birle\u015fiminden olu\u015fan bu set hem size hem de sevgilinize muhte\u015fem bir hediye olacak. A\u015fk\u0131n ve birlikteli\u011fin g\u00fcc\u00fcn\u00fc ke\u015ffedi","og_url":"https:\/\/astrologelvan.com\/magaza\/urun\/ates-set\/","og_site_name":"Astrolog Elvan","article_modified_time":"2025-10-06T05:15:38+00:00","og_image":[{"width":1707,"height":2560,"url":"https:\/\/astrologelvan.com\/magaza\/wp-content\/uploads\/2025\/02\/SET-1-scaled.jpg","type":"image\/jpeg"}],"twitter_card":"summary_large_image","twitter_misc":{"Tahmini okuma s\u00fcresi":"1 dakika"},"schema":{"@context":"https:\/\/schema.org","@graph":[{"@type":["WebPage","ItemPage"],"@id":"https:\/\/astrologelvan.com\/magaza\/urun\/ates-set\/","url":"https:\/\/astrologelvan.com\/magaza\/urun\/ates-set\/","name":"Ate\u015f Set - Astrolog Elvan","isPartOf":{"@id":"https:\/\/astrologelvan.com\/magaza\/#website"},"primaryImageOfPage":{"@id":"https:\/\/astrologelvan.com\/magaza\/urun\/ates-set\/#primaryimage"},"image":{"@id":"https:\/\/astrologelvan.com\/magaza\/urun\/ates-set\/#primaryimage"},"thumbnailUrl":"https:\/\/astrologelvan.com\/magaza\/wp-content\/uploads\/2025\/02\/SET-1-scaled.jpg","datePublished":"2025-02-06T18:28:40+00:00","dateModified":"2025-10-06T05:15:38+00:00","breadcrumb":{"@id":"https:\/\/astrologelvan.com\/magaza\/urun\/ates-set\/#breadcrumb"},"inLanguage":"tr","potentialAction":[{"@type":"ReadAction","target":["https:\/\/astrologelvan.com\/magaza\/urun\/ates-set\/"]}]},{"@type":"ImageObject","inLanguage":"tr","@id":"https:\/\/astrologelvan.com\/magaza\/urun\/ates-set\/#primaryimage","url":"https:\/\/astrologelvan.com\/magaza\/wp-content\/uploads\/2025\/02\/SET-1-scaled.jpg","contentUrl":"https:\/\/astrologelvan.com\/magaza\/wp-content\/uploads\/2025\/02\/SET-1-scaled.jpg","width":1707,"height":2560},{"@type":"BreadcrumbList","@id":"https:\/\/astrologelvan.com\/magaza\/urun\/ates-set\/#breadcrumb","itemListElement":[{"@type":"ListItem","position":1,"name":"Anasayfa","item":"https:\/\/astrologelvan.com\/magaza\/"},{"@type":"ListItem","position":2,"name":"Ma\u011faza","item":"https:\/\/astrologelvan.com\/magaza\/magaza\/"},{"@type":"ListItem","position":3,"name":"Ate\u015f Set"}]},{"@type":"WebSite","@id":"https:\/\/astrologelvan.com\/magaza\/#website","url":"https:\/\/astrologelvan.com\/magaza\/","name":"Astrolog Elvan","description":"","potentialAction":[{"@type":"SearchAction","target":{"@type":"EntryPoint","urlTemplate":"https:\/\/astrologelvan.com\/magaza\/?s={search_term_string}"},"query-input":{"@type":"PropertyValueSpecification","valueRequired":true,"valueName":"search_term_string"}}],"inLanguage":"tr"}]}},"_links":{"self":[{"href":"https:\/\/astrologelvan.com\/magaza\/wp-json\/wp\/v2\/product\/43335","targetHints":{"allow":["GET"]}}],"collection":[{"href":"https:\/\/astrologelvan.com\/magaza\/wp-json\/wp\/v2\/product"}],"about":[{"href":"https:\/\/astrologelvan.com\/magaza\/wp-json\/wp\/v2\/types\/product"}],"replies":[{"embeddable":true,"href":"https:\/\/astrologelvan.com\/magaza\/wp-json\/wp\/v2\/comments?post=43335"}],"wp:featuredmedia":[{"embeddable":true,"href":"https:\/\/astrologelvan.com\/magaza\/wp-json\/wp\/v2\/media\/43336"}],"wp:attachment":[{"href":"https:\/\/astrologelvan.com\/magaza\/wp-json\/wp\/v2\/media?parent=43335"}],"wp:term":[{"taxonomy":"product_brand","embeddable":true,"href":"https:\/\/astrologelvan.com\/magaza\/wp-json\/wp\/v2\/product_brand?post=43335"},{"taxonomy":"product_cat","embeddable":true,"href":"https:\/\/astrologelvan.com\/magaza\/wp-json\/wp\/v2\/product_cat?post=43335"},{"taxonomy":"product_tag","embeddable":true,"href":"https:\/\/astrologelvan.com\/magaza\/wp-json\/wp\/v2\/product_tag?post=43335"}],"curies":[{"name":"wp","href":"https:\/\/api.w.org\/{rel}","templated":true}]}}