{"id":43293,"date":"2025-02-06T20:49:58","date_gmt":"2025-02-06T17:49:58","guid":{"rendered":"https:\/\/astrologelvan.com\/magaza\/?post_type=product&#038;p=43293"},"modified":"2025-10-09T19:37:23","modified_gmt":"2025-10-09T16:37:23","slug":"madalyon-kalp-kolye","status":"publish","type":"product","link":"https:\/\/astrologelvan.com\/magaza\/urun\/madalyon-kalp-kolye\/","title":{"rendered":"Madalyon Kalp Kolye"},"content":{"rendered":"","protected":false},"excerpt":{"rendered":"<p>A\u015fk\u0131n ve tutkunun rengi k\u0131rm\u0131z\u0131 zirkon ta\u015f ile s\u00fcslenmi\u015f Madalyon Kalp Kolye ile sevginizi kalbinizde ta\u015f\u0131y\u0131n. Bu \u00f6zel tasar\u0131m kolye ile kalp \u00e7akran\u0131z\u0131n \u0131\u015f\u0131ldamas\u0131na izin verin! Kolye tam kalp \u00e7akras\u0131 hizan\u0131za gelmektedir. Ayr\u0131ca madalyon \u015feklindeki kolye tasar\u0131m\u0131m\u0131z a\u00e7\u0131l\u0131r kapan\u0131r \u00f6zellikte olup, sevdi\u011finizin ba\u015f harfini ki\u015fiye \u00f6zel beyaz mine i\u015flemesi ile kaz\u0131yabiliriz. Se\u00e7eneklerden, sevdi\u011finizin ba\u015f harfini se\u00e7meniz yeterli.<\/p>\n","protected":false},"featured_media":43299,"comment_status":"open","ping_status":"closed","template":"","meta":[],"product_brand":[],"product_cat":[321,255,48],"product_tag":[],"class_list":{"0":"post-43293","1":"product","2":"type-product","3":"status-publish","4":"has-post-thumbnail","6":"product_cat-altin-kaplama-kolye","7":"product_cat-gumus-kolye","8":"product_cat-kolyeler","10":"first","11":"outofstock","12":"purchasable","13":"product-type-variable"},"yoast_head":"<!-- This site is optimized with the Yoast SEO plugin v27.3 - https:\/\/yoast.com\/product\/yoast-seo-wordpress\/ -->\n<title>Madalyon Kalp Kolye - Astrolog Elvan<\/title>\n<meta name=\"robots\" content=\"index, follow, max-snippet:-1, max-image-preview:large, max-video-preview:-1\" \/>\n<link rel=\"canonical\" href=\"https:\/\/astrologelvan.com\/magaza\/urun\/madalyon-kalp-kolye\/\" \/>\n<meta property=\"og:locale\" content=\"tr_TR\" \/>\n<meta property=\"og:type\" content=\"article\" \/>\n<meta property=\"og:title\" content=\"Madalyon Kalp Kolye - Astrolog Elvan\" \/>\n<meta property=\"og:description\" content=\"A\u015fk\u0131n ve tutkunun rengi k\u0131rm\u0131z\u0131 zirkon ta\u015f ile s\u00fcslenmi\u015f Madalyon Kalp Kolye ile sevginizi kalbinizde ta\u015f\u0131y\u0131n. Bu \u00f6zel tasar\u0131m kolye ile kalp \u00e7akran\u0131z\u0131n \u0131\u015f\u0131ldamas\u0131na izin verin! Kolye tam kalp \u00e7akras\u0131 hizan\u0131za gelmektedir. Ayr\u0131ca madalyon \u015feklindeki kolye tasar\u0131m\u0131m\u0131z a\u00e7\u0131l\u0131r kapan\u0131r \u00f6zellikte olup, sevdi\u011finizin ba\u015f harfini ki\u015fiye \u00f6zel beyaz mine i\u015flemesi ile kaz\u0131yabiliriz. Se\u00e7eneklerden, sevdi\u011finizin ba\u015f harfini se\u00e7meniz yeterli.\" \/>\n<meta property=\"og:url\" content=\"https:\/\/astrologelvan.com\/magaza\/urun\/madalyon-kalp-kolye\/\" \/>\n<meta property=\"og:site_name\" content=\"Astrolog Elvan\" \/>\n<meta property=\"article:modified_time\" content=\"2025-10-09T16:37:23+00:00\" \/>\n<meta property=\"og:image\" content=\"https:\/\/astrologelvan.com\/magaza\/wp-content\/uploads\/2025\/02\/YAKUT-4-scaled.jpg\" \/>\n\t<meta property=\"og:image:width\" content=\"1707\" \/>\n\t<meta property=\"og:image:height\" content=\"2560\" \/>\n\t<meta property=\"og:image:type\" content=\"image\/jpeg\" \/>\n<meta name=\"twitter:card\" content=\"summary_large_image\" \/>\n<meta name=\"twitter:label1\" content=\"Tahmini okuma s\u00fcresi\" \/>\n\t<meta name=\"twitter:data1\" content=\"1 dakika\" \/>\n<script type=\"application\/ld+json\" class=\"yoast-schema-graph\">{\"@context\":\"https:\\\/\\\/schema.org\",\"@graph\":[{\"@type\":[\"WebPage\",\"ItemPage\"],\"@id\":\"https:\\\/\\\/astrologelvan.com\\\/magaza\\\/urun\\\/madalyon-kalp-kolye\\\/\",\"url\":\"https:\\\/\\\/astrologelvan.com\\\/magaza\\\/urun\\\/madalyon-kalp-kolye\\\/\",\"name\":\"Madalyon Kalp Kolye - Astrolog Elvan\",\"isPartOf\":{\"@id\":\"https:\\\/\\\/astrologelvan.com\\\/magaza\\\/#website\"},\"primaryImageOfPage\":{\"@id\":\"https:\\\/\\\/astrologelvan.com\\\/magaza\\\/urun\\\/madalyon-kalp-kolye\\\/#primaryimage\"},\"image\":{\"@id\":\"https:\\\/\\\/astrologelvan.com\\\/magaza\\\/urun\\\/madalyon-kalp-kolye\\\/#primaryimage\"},\"thumbnailUrl\":\"https:\\\/\\\/astrologelvan.com\\\/magaza\\\/wp-content\\\/uploads\\\/2025\\\/02\\\/YAKUT-4-scaled.jpg\",\"datePublished\":\"2025-02-06T17:49:58+00:00\",\"dateModified\":\"2025-10-09T16:37:23+00:00\",\"breadcrumb\":{\"@id\":\"https:\\\/\\\/astrologelvan.com\\\/magaza\\\/urun\\\/madalyon-kalp-kolye\\\/#breadcrumb\"},\"inLanguage\":\"tr\",\"potentialAction\":[{\"@type\":\"ReadAction\",\"target\":[\"https:\\\/\\\/astrologelvan.com\\\/magaza\\\/urun\\\/madalyon-kalp-kolye\\\/\"]}]},{\"@type\":\"ImageObject\",\"inLanguage\":\"tr\",\"@id\":\"https:\\\/\\\/astrologelvan.com\\\/magaza\\\/urun\\\/madalyon-kalp-kolye\\\/#primaryimage\",\"url\":\"https:\\\/\\\/astrologelvan.com\\\/magaza\\\/wp-content\\\/uploads\\\/2025\\\/02\\\/YAKUT-4-scaled.jpg\",\"contentUrl\":\"https:\\\/\\\/astrologelvan.com\\\/magaza\\\/wp-content\\\/uploads\\\/2025\\\/02\\\/YAKUT-4-scaled.jpg\",\"width\":1707,\"height\":2560},{\"@type\":\"BreadcrumbList\",\"@id\":\"https:\\\/\\\/astrologelvan.com\\\/magaza\\\/urun\\\/madalyon-kalp-kolye\\\/#breadcrumb\",\"itemListElement\":[{\"@type\":\"ListItem\",\"position\":1,\"name\":\"Anasayfa\",\"item\":\"https:\\\/\\\/astrologelvan.com\\\/magaza\\\/\"},{\"@type\":\"ListItem\",\"position\":2,\"name\":\"Ma\u011faza\",\"item\":\"https:\\\/\\\/astrologelvan.com\\\/magaza\\\/magaza\\\/\"},{\"@type\":\"ListItem\",\"position\":3,\"name\":\"Madalyon Kalp Kolye\"}]},{\"@type\":\"WebSite\",\"@id\":\"https:\\\/\\\/astrologelvan.com\\\/magaza\\\/#website\",\"url\":\"https:\\\/\\\/astrologelvan.com\\\/magaza\\\/\",\"name\":\"Astrolog Elvan\",\"description\":\"\",\"potentialAction\":[{\"@type\":\"SearchAction\",\"target\":{\"@type\":\"EntryPoint\",\"urlTemplate\":\"https:\\\/\\\/astrologelvan.com\\\/magaza\\\/?s={search_term_string}\"},\"query-input\":{\"@type\":\"PropertyValueSpecification\",\"valueRequired\":true,\"valueName\":\"search_term_string\"}}],\"inLanguage\":\"tr\"}]}<\/script>\n<!-- \/ Yoast SEO plugin. -->","yoast_head_json":{"title":"Madalyon Kalp Kolye - Astrolog Elvan","robots":{"index":"index","follow":"follow","max-snippet":"max-snippet:-1","max-image-preview":"max-image-preview:large","max-video-preview":"max-video-preview:-1"},"canonical":"https:\/\/astrologelvan.com\/magaza\/urun\/madalyon-kalp-kolye\/","og_locale":"tr_TR","og_type":"article","og_title":"Madalyon Kalp Kolye - Astrolog Elvan","og_description":"A\u015fk\u0131n ve tutkunun rengi k\u0131rm\u0131z\u0131 zirkon ta\u015f ile s\u00fcslenmi\u015f Madalyon Kalp Kolye ile sevginizi kalbinizde ta\u015f\u0131y\u0131n. Bu \u00f6zel tasar\u0131m kolye ile kalp \u00e7akran\u0131z\u0131n \u0131\u015f\u0131ldamas\u0131na izin verin! Kolye tam kalp \u00e7akras\u0131 hizan\u0131za gelmektedir. Ayr\u0131ca madalyon \u015feklindeki kolye tasar\u0131m\u0131m\u0131z a\u00e7\u0131l\u0131r kapan\u0131r \u00f6zellikte olup, sevdi\u011finizin ba\u015f harfini ki\u015fiye \u00f6zel beyaz mine i\u015flemesi ile kaz\u0131yabiliriz. Se\u00e7eneklerden, sevdi\u011finizin ba\u015f harfini se\u00e7meniz yeterli.","og_url":"https:\/\/astrologelvan.com\/magaza\/urun\/madalyon-kalp-kolye\/","og_site_name":"Astrolog Elvan","article_modified_time":"2025-10-09T16:37:23+00:00","og_image":[{"width":1707,"height":2560,"url":"https:\/\/astrologelvan.com\/magaza\/wp-content\/uploads\/2025\/02\/YAKUT-4-scaled.jpg","type":"image\/jpeg"}],"twitter_card":"summary_large_image","twitter_misc":{"Tahmini okuma s\u00fcresi":"1 dakika"},"schema":{"@context":"https:\/\/schema.org","@graph":[{"@type":["WebPage","ItemPage"],"@id":"https:\/\/astrologelvan.com\/magaza\/urun\/madalyon-kalp-kolye\/","url":"https:\/\/astrologelvan.com\/magaza\/urun\/madalyon-kalp-kolye\/","name":"Madalyon Kalp Kolye - Astrolog Elvan","isPartOf":{"@id":"https:\/\/astrologelvan.com\/magaza\/#website"},"primaryImageOfPage":{"@id":"https:\/\/astrologelvan.com\/magaza\/urun\/madalyon-kalp-kolye\/#primaryimage"},"image":{"@id":"https:\/\/astrologelvan.com\/magaza\/urun\/madalyon-kalp-kolye\/#primaryimage"},"thumbnailUrl":"https:\/\/astrologelvan.com\/magaza\/wp-content\/uploads\/2025\/02\/YAKUT-4-scaled.jpg","datePublished":"2025-02-06T17:49:58+00:00","dateModified":"2025-10-09T16:37:23+00:00","breadcrumb":{"@id":"https:\/\/astrologelvan.com\/magaza\/urun\/madalyon-kalp-kolye\/#breadcrumb"},"inLanguage":"tr","potentialAction":[{"@type":"ReadAction","target":["https:\/\/astrologelvan.com\/magaza\/urun\/madalyon-kalp-kolye\/"]}]},{"@type":"ImageObject","inLanguage":"tr","@id":"https:\/\/astrologelvan.com\/magaza\/urun\/madalyon-kalp-kolye\/#primaryimage","url":"https:\/\/astrologelvan.com\/magaza\/wp-content\/uploads\/2025\/02\/YAKUT-4-scaled.jpg","contentUrl":"https:\/\/astrologelvan.com\/magaza\/wp-content\/uploads\/2025\/02\/YAKUT-4-scaled.jpg","width":1707,"height":2560},{"@type":"BreadcrumbList","@id":"https:\/\/astrologelvan.com\/magaza\/urun\/madalyon-kalp-kolye\/#breadcrumb","itemListElement":[{"@type":"ListItem","position":1,"name":"Anasayfa","item":"https:\/\/astrologelvan.com\/magaza\/"},{"@type":"ListItem","position":2,"name":"Ma\u011faza","item":"https:\/\/astrologelvan.com\/magaza\/magaza\/"},{"@type":"ListItem","position":3,"name":"Madalyon Kalp Kolye"}]},{"@type":"WebSite","@id":"https:\/\/astrologelvan.com\/magaza\/#website","url":"https:\/\/astrologelvan.com\/magaza\/","name":"Astrolog Elvan","description":"","potentialAction":[{"@type":"SearchAction","target":{"@type":"EntryPoint","urlTemplate":"https:\/\/astrologelvan.com\/magaza\/?s={search_term_string}"},"query-input":{"@type":"PropertyValueSpecification","valueRequired":true,"valueName":"search_term_string"}}],"inLanguage":"tr"}]}},"_links":{"self":[{"href":"https:\/\/astrologelvan.com\/magaza\/wp-json\/wp\/v2\/product\/43293","targetHints":{"allow":["GET"]}}],"collection":[{"href":"https:\/\/astrologelvan.com\/magaza\/wp-json\/wp\/v2\/product"}],"about":[{"href":"https:\/\/astrologelvan.com\/magaza\/wp-json\/wp\/v2\/types\/product"}],"replies":[{"embeddable":true,"href":"https:\/\/astrologelvan.com\/magaza\/wp-json\/wp\/v2\/comments?post=43293"}],"wp:featuredmedia":[{"embeddable":true,"href":"https:\/\/astrologelvan.com\/magaza\/wp-json\/wp\/v2\/media\/43299"}],"wp:attachment":[{"href":"https:\/\/astrologelvan.com\/magaza\/wp-json\/wp\/v2\/media?parent=43293"}],"wp:term":[{"taxonomy":"product_brand","embeddable":true,"href":"https:\/\/astrologelvan.com\/magaza\/wp-json\/wp\/v2\/product_brand?post=43293"},{"taxonomy":"product_cat","embeddable":true,"href":"https:\/\/astrologelvan.com\/magaza\/wp-json\/wp\/v2\/product_cat?post=43293"},{"taxonomy":"product_tag","embeddable":true,"href":"https:\/\/astrologelvan.com\/magaza\/wp-json\/wp\/v2\/product_tag?post=43293"}],"curies":[{"name":"wp","href":"https:\/\/api.w.org\/{rel}","templated":true}]}}