{"id":421,"date":"2024-02-28T02:22:52","date_gmt":"2024-02-27T23:22:52","guid":{"rendered":"https:\/\/astrologelvan.shop\/?post_type=product&#038;p=421"},"modified":"2026-01-12T23:24:12","modified_gmt":"2026-01-12T20:24:12","slug":"florit-hayat-agaci-kolye-sinav-tasi","status":"publish","type":"product","link":"https:\/\/astrologelvan.com\/magaza\/urun\/florit-hayat-agaci-kolye-sinav-tasi\/","title":{"rendered":"FLOR\u0130T HAYAT A\u011eACI KOLYE (SINAV TA\u015eI)"},"content":{"rendered":"<p>Do\u011fal ta\u015f kolyelerimizin tasar\u0131mlar\u0131nda do\u011frudan cilde temas etmesini sa\u011fl\u0131yoruz. B\u00f6ylece do\u011fal ta\u015f kolyenizi takt\u0131k\u00e7a v\u00fccudunuzun titre\u015fimlerine ba\u011flan\u0131r ve size denge ve uyum getirir.<\/p>\n<p>&nbsp;<\/p>\n<p>&nbsp;<\/p>\n<p><strong>Tak\u0131lar\u0131n\u0131z\u0131n uzun s\u00fcre kullanabilmesi i\u00e7in; Parf\u00fcm, su, s\u0131v\u0131, dezenfektan, krem v.b. gibi maddelerle temas etmemesi, du\u015f-banyo s\u0131ras\u0131nda \u00e7\u0131kart\u0131lmas\u0131 gerekmektedir. Ki\u015finin ter-ten yap\u0131s\u0131na g\u00f6re de etkilenmektedir. Tak\u0131lar\u0131n\u0131z\u0131 kullanmad\u0131\u011f\u0131n\u0131z zamanlarda kesesinde saklaman\u0131z\u0131 \u00f6neririz.<\/strong><\/p>\n<p><strong>Do\u011fal ta\u015flar\u0131n belirli titre\u015fimlere ve frekanslara sahip oldu\u011fu bilinmektedir. Bu nedenle v\u00fccudumuzda ve auram\u0131zda birtak\u0131m iyi etkileri oldu\u011fu s\u00f6ylenmektedir. Ta\u015flar\u0131n \u00f6zelliklerinin bilimsel kesinli\u011fi yoktur. Astrologelvan ma\u011fazas\u0131ndaki t\u00fcm ta\u015flar orijinal, ger\u00e7ek do\u011fal ta\u015flard\u0131r. T\u0131bbi konularda doktora dan\u0131\u015fman\u0131z\u0131 tavsiye ederiz. Ta\u015flar\u0131n tedavi edici \u00f6zelli\u011fi yoktur, sadece ki\u015fisel enerjimizi y\u00fckseltmekte ve astrolojik olarak da temsil etti\u011fi gezegenlerin etkilerini artt\u0131rmakta oldu\u011fu kabul edilir. \u00d6rne\u011fin; pembe kuvars ta\u015f\u0131 a\u015fk ve sevgi gezegeni Ven\u00fcs&#8217;\u00fcn ta\u015f\u0131d\u0131r ve bu sebeple \u00fczerinde ta\u015f\u0131yan ki\u015finin a\u015fk ve sevgi frekans\u0131n\u0131 y\u00fckseltti\u011fi bilinir.<\/strong><\/p>\n<p>&nbsp;<\/p>\n","protected":false},"excerpt":{"rendered":"<p><strong>Florit Ta\u015f\u0131;<span class=\"Apple-converted-space\">\u00a0<\/span><\/strong><\/p>\n<p>Zihni dengeleyen, sakinle\u015ftiren, odaklanman\u0131z\u0131 sa\u011flayan bir do\u011fal ta\u015ft\u0131r.<span class=\"Apple-converted-space\">\u00a0<\/span><\/p>\n<p>\u00d6zellikle s\u0131nav zaman\u0131 \u00f6\u011frencilerin konsantrasyonunu artt\u0131rmaya yarayan en etkili ta\u015flardan biridir.<\/p>\n<p>Yery\u00fcz\u00fcndeki en renkli mineraldir. Amerika, Kanada, Meksika, \u00c7in, Peru, \u0130spanya, \u0130ngiltere, Almanya, Macaristan, Polonya, Norve\u00e7, \u00c7ek ve G\u00fcney Afrika\u2019da \u00e7\u0131kart\u0131l\u0131r.<\/p>\n<p>Ta\u015f\u0131n i\u00e7eri\u011finde florin ve kalsiyum flor\u00fcr bulunmaktad\u0131r. Sertlik derecesi 4\u2019t\u00fcr, narin bir ta\u015ft\u0131r. O y\u00fczdem tuzlu su, sirkeli su ve deniz suyu ile y\u0131kamay\u0131n. Ta\u015f\u0131n\u0131z\u0131 temizlemek isterseniz sadece ada\u00e7ay\u0131 t\u00fcts\u00fcs\u00fc yapman\u0131z yeterlidir. Florit ta\u015f\u0131, canl\u0131 g\u00f6kku\u015fa\u011f\u0131 renklerine sahiptir.<\/p>\n<p>Florit ta\u015f\u0131, ba\u015f a\u011fr\u0131s\u0131n\u0131 yat\u0131\u015ft\u0131rmada yard\u0131mc\u0131 bir ta\u015ft\u0131r. Sezgileri g\u00fc\u00e7lendirir. Kalp \u00e7akras\u0131n\u0131 dengeler, fiziksel beden sa\u011fl\u0131\u011f\u0131n\u0131 korumaya yard\u0131mc\u0131d\u0131r. \u00d6zellikle di\u015f ve kemik sa\u011fl\u0131\u011f\u0131.<span class=\"Apple-converted-space\">\u00a0 <\/span>\u0130yi haberleri ve olumlu f\u0131rsatlar\u0131 g\u00f6rmek ad\u0131na \u015fans\u0131n\u0131z\u0131 a\u00e7an bir ta\u015f oldu\u011fu s\u00f6ylenir. Stres an\u0131nda ki\u015fiyi dengeler.<\/p>\n","protected":false},"featured_media":10187,"comment_status":"open","ping_status":"closed","template":"","meta":[],"product_brand":[],"product_cat":[103,26,48],"product_tag":[39,272,273,274,275,276,277,278],"class_list":{"0":"post-421","1":"product","2":"type-product","3":"status-publish","4":"has-post-thumbnail","6":"product_cat-florit-tasi","7":"product_cat-genel","8":"product_cat-kolyeler","9":"product_tag-astrolog-elvan","10":"product_tag-dogal-florit-tasi","11":"product_tag-dogal-florit-tasi-kolye","12":"product_tag-dogal-tas-yasam-agaci","13":"product_tag-florit-tasi-hayat-agaci","14":"product_tag-florit-tasi-kolye","15":"product_tag-hayat-agaci-kolye","16":"product_tag-yasam-agaci-kolye","18":"first","19":"outofstock","20":"taxable","21":"shipping-taxable","22":"purchasable","23":"product-type-simple"},"yoast_head":"<!-- This site is optimized with the Yoast SEO plugin v27.2 - https:\/\/yoast.com\/product\/yoast-seo-wordpress\/ -->\n<title>FLOR\u0130T HAYAT A\u011eACI KOLYE (SINAV TA\u015eI) - Astrolog Elvan<\/title>\n<meta name=\"robots\" content=\"index, follow, max-snippet:-1, max-image-preview:large, max-video-preview:-1\" \/>\n<link rel=\"canonical\" href=\"https:\/\/astrologelvan.com\/magaza\/urun\/florit-hayat-agaci-kolye-sinav-tasi\/\" \/>\n<meta property=\"og:locale\" content=\"tr_TR\" \/>\n<meta property=\"og:type\" content=\"article\" \/>\n<meta property=\"og:title\" content=\"FLOR\u0130T HAYAT A\u011eACI KOLYE (SINAV TA\u015eI) - Astrolog Elvan\" \/>\n<meta property=\"og:description\" content=\"Florit Ta\u015f\u0131;\u00a0  Zihni dengeleyen, sakinle\u015ftiren, odaklanman\u0131z\u0131 sa\u011flayan bir do\u011fal ta\u015ft\u0131r.\u00a0  \u00d6zellikle s\u0131nav zaman\u0131 \u00f6\u011frencilerin konsantrasyonunu artt\u0131rmaya yarayan en etkili ta\u015flardan biridir.  Yery\u00fcz\u00fcndeki en renkli mineraldir. Amerika, Kanada, Meksika, \u00c7in, Peru, \u0130spanya, \u0130ngiltere, Almanya, Macaristan, Polonya, Norve\u00e7, \u00c7ek ve G\u00fcney Afrika\u2019da \u00e7\u0131kart\u0131l\u0131r.  Ta\u015f\u0131n i\u00e7eri\u011finde florin ve kalsiyum flor\u00fcr bulunmaktad\u0131r. Sertlik derecesi 4\u2019t\u00fcr, narin bir ta\u015ft\u0131r. O y\u00fczdem tuzlu su, sirkeli su ve deniz suyu ile y\u0131kamay\u0131n. Ta\u015f\u0131n\u0131z\u0131 temizlemek isterseniz sadece ada\u00e7ay\u0131 t\u00fcts\u00fcs\u00fc yapman\u0131z yeterlidir. Florit ta\u015f\u0131, canl\u0131 g\u00f6kku\u015fa\u011f\u0131 renklerine sahiptir.  Florit ta\u015f\u0131, ba\u015f a\u011fr\u0131s\u0131n\u0131 yat\u0131\u015ft\u0131rmada yard\u0131mc\u0131 bir ta\u015ft\u0131r. Sezgileri g\u00fc\u00e7lendirir. Kalp \u00e7akras\u0131n\u0131 dengeler, fiziksel beden sa\u011fl\u0131\u011f\u0131n\u0131 korumaya yard\u0131mc\u0131d\u0131r. \u00d6zellikle di\u015f ve kemik sa\u011fl\u0131\u011f\u0131.\u00a0 \u0130yi haberleri ve olumlu f\u0131rsatlar\u0131 g\u00f6rmek ad\u0131na \u015fans\u0131n\u0131z\u0131 a\u00e7an bir ta\u015f oldu\u011fu s\u00f6ylenir. Stres an\u0131nda ki\u015fiyi dengeler.\" \/>\n<meta property=\"og:url\" content=\"https:\/\/astrologelvan.com\/magaza\/urun\/florit-hayat-agaci-kolye-sinav-tasi\/\" \/>\n<meta property=\"og:site_name\" content=\"Astrolog Elvan\" \/>\n<meta property=\"article:modified_time\" content=\"2026-01-12T20:24:12+00:00\" \/>\n<meta property=\"og:image\" content=\"https:\/\/astrologelvan.com\/magaza\/wp-content\/uploads\/2024\/02\/1-121-scaled.jpg\" \/>\n\t<meta property=\"og:image:width\" content=\"2560\" \/>\n\t<meta property=\"og:image:height\" content=\"2560\" \/>\n\t<meta property=\"og:image:type\" content=\"image\/jpeg\" \/>\n<meta name=\"twitter:card\" content=\"summary_large_image\" \/>\n<meta name=\"twitter:label1\" content=\"Tahmini okuma s\u00fcresi\" \/>\n\t<meta name=\"twitter:data1\" content=\"2 dakika\" \/>\n<script type=\"application\/ld+json\" class=\"yoast-schema-graph\">{\"@context\":\"https:\/\/schema.org\",\"@graph\":[{\"@type\":[\"WebPage\",\"ItemPage\"],\"@id\":\"https:\/\/astrologelvan.com\/magaza\/urun\/florit-hayat-agaci-kolye-sinav-tasi\/\",\"url\":\"https:\/\/astrologelvan.com\/magaza\/urun\/florit-hayat-agaci-kolye-sinav-tasi\/\",\"name\":\"FLOR\u0130T HAYAT A\u011eACI KOLYE (SINAV TA\u015eI) - Astrolog Elvan\",\"isPartOf\":{\"@id\":\"https:\/\/astrologelvan.com\/magaza\/#website\"},\"primaryImageOfPage\":{\"@id\":\"https:\/\/astrologelvan.com\/magaza\/urun\/florit-hayat-agaci-kolye-sinav-tasi\/#primaryimage\"},\"image\":{\"@id\":\"https:\/\/astrologelvan.com\/magaza\/urun\/florit-hayat-agaci-kolye-sinav-tasi\/#primaryimage\"},\"thumbnailUrl\":\"https:\/\/astrologelvan.com\/magaza\/wp-content\/uploads\/2024\/02\/1-121-scaled.jpg\",\"datePublished\":\"2024-02-27T23:22:52+00:00\",\"dateModified\":\"2026-01-12T20:24:12+00:00\",\"breadcrumb\":{\"@id\":\"https:\/\/astrologelvan.com\/magaza\/urun\/florit-hayat-agaci-kolye-sinav-tasi\/#breadcrumb\"},\"inLanguage\":\"tr\",\"potentialAction\":[{\"@type\":\"ReadAction\",\"target\":[\"https:\/\/astrologelvan.com\/magaza\/urun\/florit-hayat-agaci-kolye-sinav-tasi\/\"]}]},{\"@type\":\"ImageObject\",\"inLanguage\":\"tr\",\"@id\":\"https:\/\/astrologelvan.com\/magaza\/urun\/florit-hayat-agaci-kolye-sinav-tasi\/#primaryimage\",\"url\":\"https:\/\/astrologelvan.com\/magaza\/wp-content\/uploads\/2024\/02\/1-121-scaled.jpg\",\"contentUrl\":\"https:\/\/astrologelvan.com\/magaza\/wp-content\/uploads\/2024\/02\/1-121-scaled.jpg\",\"width\":2560,\"height\":2560},{\"@type\":\"BreadcrumbList\",\"@id\":\"https:\/\/astrologelvan.com\/magaza\/urun\/florit-hayat-agaci-kolye-sinav-tasi\/#breadcrumb\",\"itemListElement\":[{\"@type\":\"ListItem\",\"position\":1,\"name\":\"Anasayfa\",\"item\":\"https:\/\/astrologelvan.com\/magaza\/\"},{\"@type\":\"ListItem\",\"position\":2,\"name\":\"Ma\u011faza\",\"item\":\"https:\/\/astrologelvan.com\/magaza\/magaza\/\"},{\"@type\":\"ListItem\",\"position\":3,\"name\":\"FLOR\u0130T HAYAT A\u011eACI KOLYE (SINAV TA\u015eI)\"}]},{\"@type\":\"WebSite\",\"@id\":\"https:\/\/astrologelvan.com\/magaza\/#website\",\"url\":\"https:\/\/astrologelvan.com\/magaza\/\",\"name\":\"Astrolog Elvan\",\"description\":\"\",\"potentialAction\":[{\"@type\":\"SearchAction\",\"target\":{\"@type\":\"EntryPoint\",\"urlTemplate\":\"https:\/\/astrologelvan.com\/magaza\/?s={search_term_string}\"},\"query-input\":{\"@type\":\"PropertyValueSpecification\",\"valueRequired\":true,\"valueName\":\"search_term_string\"}}],\"inLanguage\":\"tr\"}]}<\/script>\n<!-- \/ Yoast SEO plugin. -->","yoast_head_json":{"title":"FLOR\u0130T HAYAT A\u011eACI KOLYE (SINAV TA\u015eI) - Astrolog Elvan","robots":{"index":"index","follow":"follow","max-snippet":"max-snippet:-1","max-image-preview":"max-image-preview:large","max-video-preview":"max-video-preview:-1"},"canonical":"https:\/\/astrologelvan.com\/magaza\/urun\/florit-hayat-agaci-kolye-sinav-tasi\/","og_locale":"tr_TR","og_type":"article","og_title":"FLOR\u0130T HAYAT A\u011eACI KOLYE (SINAV TA\u015eI) - Astrolog Elvan","og_description":"Florit Ta\u015f\u0131;\u00a0  Zihni dengeleyen, sakinle\u015ftiren, odaklanman\u0131z\u0131 sa\u011flayan bir do\u011fal ta\u015ft\u0131r.\u00a0  \u00d6zellikle s\u0131nav zaman\u0131 \u00f6\u011frencilerin konsantrasyonunu artt\u0131rmaya yarayan en etkili ta\u015flardan biridir.  Yery\u00fcz\u00fcndeki en renkli mineraldir. Amerika, Kanada, Meksika, \u00c7in, Peru, \u0130spanya, \u0130ngiltere, Almanya, Macaristan, Polonya, Norve\u00e7, \u00c7ek ve G\u00fcney Afrika\u2019da \u00e7\u0131kart\u0131l\u0131r.  Ta\u015f\u0131n i\u00e7eri\u011finde florin ve kalsiyum flor\u00fcr bulunmaktad\u0131r. Sertlik derecesi 4\u2019t\u00fcr, narin bir ta\u015ft\u0131r. O y\u00fczdem tuzlu su, sirkeli su ve deniz suyu ile y\u0131kamay\u0131n. Ta\u015f\u0131n\u0131z\u0131 temizlemek isterseniz sadece ada\u00e7ay\u0131 t\u00fcts\u00fcs\u00fc yapman\u0131z yeterlidir. Florit ta\u015f\u0131, canl\u0131 g\u00f6kku\u015fa\u011f\u0131 renklerine sahiptir.  Florit ta\u015f\u0131, ba\u015f a\u011fr\u0131s\u0131n\u0131 yat\u0131\u015ft\u0131rmada yard\u0131mc\u0131 bir ta\u015ft\u0131r. Sezgileri g\u00fc\u00e7lendirir. Kalp \u00e7akras\u0131n\u0131 dengeler, fiziksel beden sa\u011fl\u0131\u011f\u0131n\u0131 korumaya yard\u0131mc\u0131d\u0131r. \u00d6zellikle di\u015f ve kemik sa\u011fl\u0131\u011f\u0131.\u00a0 \u0130yi haberleri ve olumlu f\u0131rsatlar\u0131 g\u00f6rmek ad\u0131na \u015fans\u0131n\u0131z\u0131 a\u00e7an bir ta\u015f oldu\u011fu s\u00f6ylenir. Stres an\u0131nda ki\u015fiyi dengeler.","og_url":"https:\/\/astrologelvan.com\/magaza\/urun\/florit-hayat-agaci-kolye-sinav-tasi\/","og_site_name":"Astrolog Elvan","article_modified_time":"2026-01-12T20:24:12+00:00","og_image":[{"width":2560,"height":2560,"url":"https:\/\/astrologelvan.com\/magaza\/wp-content\/uploads\/2024\/02\/1-121-scaled.jpg","type":"image\/jpeg"}],"twitter_card":"summary_large_image","twitter_misc":{"Tahmini okuma s\u00fcresi":"2 dakika"},"schema":{"@context":"https:\/\/schema.org","@graph":[{"@type":["WebPage","ItemPage"],"@id":"https:\/\/astrologelvan.com\/magaza\/urun\/florit-hayat-agaci-kolye-sinav-tasi\/","url":"https:\/\/astrologelvan.com\/magaza\/urun\/florit-hayat-agaci-kolye-sinav-tasi\/","name":"FLOR\u0130T HAYAT A\u011eACI KOLYE (SINAV TA\u015eI) - Astrolog Elvan","isPartOf":{"@id":"https:\/\/astrologelvan.com\/magaza\/#website"},"primaryImageOfPage":{"@id":"https:\/\/astrologelvan.com\/magaza\/urun\/florit-hayat-agaci-kolye-sinav-tasi\/#primaryimage"},"image":{"@id":"https:\/\/astrologelvan.com\/magaza\/urun\/florit-hayat-agaci-kolye-sinav-tasi\/#primaryimage"},"thumbnailUrl":"https:\/\/astrologelvan.com\/magaza\/wp-content\/uploads\/2024\/02\/1-121-scaled.jpg","datePublished":"2024-02-27T23:22:52+00:00","dateModified":"2026-01-12T20:24:12+00:00","breadcrumb":{"@id":"https:\/\/astrologelvan.com\/magaza\/urun\/florit-hayat-agaci-kolye-sinav-tasi\/#breadcrumb"},"inLanguage":"tr","potentialAction":[{"@type":"ReadAction","target":["https:\/\/astrologelvan.com\/magaza\/urun\/florit-hayat-agaci-kolye-sinav-tasi\/"]}]},{"@type":"ImageObject","inLanguage":"tr","@id":"https:\/\/astrologelvan.com\/magaza\/urun\/florit-hayat-agaci-kolye-sinav-tasi\/#primaryimage","url":"https:\/\/astrologelvan.com\/magaza\/wp-content\/uploads\/2024\/02\/1-121-scaled.jpg","contentUrl":"https:\/\/astrologelvan.com\/magaza\/wp-content\/uploads\/2024\/02\/1-121-scaled.jpg","width":2560,"height":2560},{"@type":"BreadcrumbList","@id":"https:\/\/astrologelvan.com\/magaza\/urun\/florit-hayat-agaci-kolye-sinav-tasi\/#breadcrumb","itemListElement":[{"@type":"ListItem","position":1,"name":"Anasayfa","item":"https:\/\/astrologelvan.com\/magaza\/"},{"@type":"ListItem","position":2,"name":"Ma\u011faza","item":"https:\/\/astrologelvan.com\/magaza\/magaza\/"},{"@type":"ListItem","position":3,"name":"FLOR\u0130T HAYAT A\u011eACI KOLYE (SINAV TA\u015eI)"}]},{"@type":"WebSite","@id":"https:\/\/astrologelvan.com\/magaza\/#website","url":"https:\/\/astrologelvan.com\/magaza\/","name":"Astrolog Elvan","description":"","potentialAction":[{"@type":"SearchAction","target":{"@type":"EntryPoint","urlTemplate":"https:\/\/astrologelvan.com\/magaza\/?s={search_term_string}"},"query-input":{"@type":"PropertyValueSpecification","valueRequired":true,"valueName":"search_term_string"}}],"inLanguage":"tr"}]}},"_links":{"self":[{"href":"https:\/\/astrologelvan.com\/magaza\/wp-json\/wp\/v2\/product\/421","targetHints":{"allow":["GET"]}}],"collection":[{"href":"https:\/\/astrologelvan.com\/magaza\/wp-json\/wp\/v2\/product"}],"about":[{"href":"https:\/\/astrologelvan.com\/magaza\/wp-json\/wp\/v2\/types\/product"}],"replies":[{"embeddable":true,"href":"https:\/\/astrologelvan.com\/magaza\/wp-json\/wp\/v2\/comments?post=421"}],"wp:featuredmedia":[{"embeddable":true,"href":"https:\/\/astrologelvan.com\/magaza\/wp-json\/wp\/v2\/media\/10187"}],"wp:attachment":[{"href":"https:\/\/astrologelvan.com\/magaza\/wp-json\/wp\/v2\/media?parent=421"}],"wp:term":[{"taxonomy":"product_brand","embeddable":true,"href":"https:\/\/astrologelvan.com\/magaza\/wp-json\/wp\/v2\/product_brand?post=421"},{"taxonomy":"product_cat","embeddable":true,"href":"https:\/\/astrologelvan.com\/magaza\/wp-json\/wp\/v2\/product_cat?post=421"},{"taxonomy":"product_tag","embeddable":true,"href":"https:\/\/astrologelvan.com\/magaza\/wp-json\/wp\/v2\/product_tag?post=421"}],"curies":[{"name":"wp","href":"https:\/\/api.w.org\/{rel}","templated":true}]}}