{"id":41814,"date":"2025-02-04T14:49:37","date_gmt":"2025-02-04T11:49:37","guid":{"rendered":"https:\/\/astrologelvan.com\/magaza\/?post_type=product&#038;p=41814"},"modified":"2025-10-06T08:15:35","modified_gmt":"2025-10-06T05:15:35","slug":"hayalindeki-aski-yarat-manifest-atolyesi","status":"publish","type":"product","link":"https:\/\/astrologelvan.com\/magaza\/urun\/hayalindeki-aski-yarat-manifest-atolyesi\/","title":{"rendered":"Hayalindeki A\u015fk\u0131 Yarat!  Manifest At\u00f6lyesi"},"content":{"rendered":"","protected":false},"excerpt":{"rendered":"<div id=\"timer-1635544386\" class=\"ux-timer dark\" data-text-plural=\"t\" data-text-hour=\"Saat\" data-text-day=\"G\u00fcn\" data-text-week=\"week\" data-text-min=\"Dakika\" data-text-sec=\"Saniye\" data-text-hour-p=\"\" data-text-day-p=\"\" data-text-week-p=\"\" data-text-min-p=\"\" data-text-sec-p=\"\" data-countdown=\"2025\/2\/10 21:00\"><span>&nbsp;<div class=\"loading-spin dark centered\"><\/div><strong>&nbsp;<\/strong><\/span><\/div>\n<style>\n#timer-1635544386 {\n  font-size: 239%;\n}\n#timer-1635544386 span {\n  background-color: #9134b0;\n}\n<\/style>\n\n<strong>Ay ve Ven\u00fcs trinesi g\u00f6ky\u00fcz\u00fcnde aktifken harika bir a\u015fk at\u00f6lyesi yapaca\u011f\u0131z.<\/strong> Bilin\u00e7alt\u0131 bazen, a\u015fk i\u00e7in bedel \u00f6demesi gerekti\u011fine inanm\u0131\u015ft\u0131r, bazen para kazand\u0131\u011f\u0131n\u0131zda a\u015fk\u0131n sanki bir diyet gibi verilmesi gerekti\u011fine inanm\u0131\u015ft\u0131r, bazen de eski sevgilinizin ruh par\u00e7as\u0131 hala sizde oldu\u011fu i\u00e7in a\u015fk\u0131 bulamazs\u0131n\u0131z. Gelse de h\u0131zla ge\u00e7er gider.<\/p>\n<p>\u0130\u015fte bu at\u00f6lyede a\u015fka dair negatif k\u00f6k inan\u00e7lar\u0131 temizleyece\u011fiz, eski sevgili, e\u015f ile ruh par\u00e7an\u0131z\u0131 ay\u0131raca\u011f\u0131z. Ve sonras\u0131nda muhte\u015fem bir partner yarat\u0131m\u0131 yapaca\u011f\u0131z. A\u015fka lay\u0131ks\u0131n, bu do\u011fu\u015ftan hakk\u0131n, sevilmek kolay m\u00fcmk\u00fcn ve g\u00fcvenli e\u011fer bunlar\u0131n Yaradan tan\u0131m\u0131n\u0131 bilmek istersen 10 \u015eubat gecesi seni a\u015fk at\u00f6lyesine bekliyorum!<\/p>\n<p><span style=\"color: #ed1c24\"><strong>KATILIM SINIRLIDIR.<\/strong><\/span><\/p>\n<p><strong><em>At\u00f6lye 10 \u015eubat gecesi T\u00fcrkiye saati ile 21:00\u2019da zoom \u00fczerinden Astrolog Elvan e\u015fli\u011finde canl\u0131 olarak yap\u0131lacak<\/em>.<\/strong><\/p>\n<p>Sipari\u015flerinizi olu\u015ftururken aktif kulland\u0131\u011f\u0131n\u0131z telefon numaran\u0131z\u0131 ve e-mail adresinizi girmelisiniz.<br \/>\n<strong>At\u00f6lye kat\u0131l\u0131m linkleri<\/strong>\u00a0<u>belirtti\u011finiz numaraya SMS olarak, belirtti\u011finiz e-mail adresine e-mail olarak g\u00f6nderilecektir.<\/u><br \/>\nSMS ve E-mail adresinizi do\u011fru yazd\u0131\u011f\u0131n\u0131za ve SMS ve E-mail kutunuzun dolu olmamas\u0131na dikkat ediniz.<\/p>\n<p>At\u00f6lye kay\u0131tlar\u0131 sat\u0131n alan ki\u015filere canl\u0131 yay\u0131n sonras\u0131ndaki g\u00fcnlerde yine ayn\u0131 kanallardan iletilecektir.<br \/>\n<strong>Her at\u00f6lye kayd\u0131 bir ki\u015fi i\u00e7in ge\u00e7erlidir, yasal olarak bir ba\u015fkas\u0131 ile payla\u015f\u0131lamaz.\u00a0<\/strong><\/p>\n","protected":false},"featured_media":47045,"comment_status":"open","ping_status":"closed","template":"","meta":[],"product_brand":[],"product_cat":[494],"product_tag":[594,524,595,496,593,592],"class_list":{"0":"post-41814","1":"product","2":"type-product","3":"status-publish","4":"has-post-thumbnail","6":"product_cat-atolyeler","7":"product_tag-594","8":"product_tag-ask","9":"product_tag-astrolog","10":"product_tag-atolye","11":"product_tag-hayal","12":"product_tag-manifest","14":"first","15":"outofstock","16":"taxable","17":"shipping-taxable","18":"purchasable","19":"product-type-variable"},"yoast_head":"<!-- This site is optimized with the Yoast SEO plugin v27.3 - https:\/\/yoast.com\/product\/yoast-seo-wordpress\/ -->\n<title>Hayalindeki A\u015fk\u0131 Yarat! Manifest At\u00f6lyesi - Astrolog Elvan<\/title>\n<meta name=\"robots\" content=\"index, follow, max-snippet:-1, max-image-preview:large, max-video-preview:-1\" \/>\n<link rel=\"canonical\" href=\"https:\/\/astrologelvan.com\/magaza\/urun\/hayalindeki-aski-yarat-manifest-atolyesi\/\" \/>\n<meta property=\"og:locale\" content=\"tr_TR\" \/>\n<meta property=\"og:type\" content=\"article\" \/>\n<meta property=\"og:title\" content=\"Hayalindeki A\u015fk\u0131 Yarat! Manifest At\u00f6lyesi - Astrolog Elvan\" \/>\n<meta property=\"og:description\" content=\"Ay ve Ven\u00fcs trinesi g\u00f6ky\u00fcz\u00fcnde aktifken harika bir a\u015fk at\u00f6lyesi yapaca\u011f\u0131z. Bilin\u00e7alt\u0131 bazen, a\u015fk i\u00e7in bedel \u00f6demesi gerekti\u011fine inanm\u0131\u015ft\u0131r, bazen para kazand\u0131\u011f\u0131n\u0131zda a\u015fk\u0131n sanki bir diyet gibi verilmesi gerekti\u011fine inanm\u0131\u015ft\u0131r, bazen de eski sevgilinizin ruh par\u00e7as\u0131 hala sizde oldu\u011fu i\u00e7in a\u015fk\u0131 bulamazs\u0131n\u0131z. Gelse de h\u0131zla ge\u00e7er gider.  \u0130\u015fte bu at\u00f6lyede a\u015fka dair negatif k\u00f6k inan\u00e7lar\u0131 temizleyece\u011fiz, eski sevgili, e\u015f ile ruh par\u00e7an\u0131z\u0131 ay\u0131raca\u011f\u0131z. Ve sonras\u0131nda muhte\u015fem bir partner yarat\u0131m\u0131 yapaca\u011f\u0131z. A\u015fka lay\u0131ks\u0131n, bu do\u011fu\u015ftan hakk\u0131n, sevilmek kolay m\u00fcmk\u00fcn ve g\u00fcvenli e\u011fer bunlar\u0131n Yaradan tan\u0131m\u0131n\u0131 bilmek istersen 10 \u015eubat gecesi seni a\u015fk at\u00f6lyesine bekliyorum!  KATILIM SINIRLIDIR.  At\u00f6lye 10 \u015eubat gecesi T\u00fcrkiye saati ile 21:00\u2019da zoom \u00fczerinden Astrolog Elvan e\u015fli\u011finde canl\u0131 olarak yap\u0131lacak.  Sipari\u015flerinizi olu\u015ftururken aktif kulland\u0131\u011f\u0131n\u0131z telefon numaran\u0131z\u0131 ve e-mail adresinizi girmelisiniz. At\u00f6lye kat\u0131l\u0131m linkleri\u00a0belirtti\u011finiz numaraya SMS olarak, belirtti\u011finiz e-mail adresine e-mail olarak g\u00f6nderilecektir. SMS ve E-mail adresinizi do\u011fru yazd\u0131\u011f\u0131n\u0131za ve SMS ve E-mail kutunuzun dolu olmamas\u0131na dikkat ediniz.  At\u00f6lye kay\u0131tlar\u0131 sat\u0131n alan ki\u015filere canl\u0131 yay\u0131n sonras\u0131ndaki g\u00fcnlerde yine ayn\u0131 kanallardan iletilecektir. Her at\u00f6lye kayd\u0131 bir ki\u015fi i\u00e7in ge\u00e7erlidir, yasal olarak bir ba\u015fkas\u0131 ile payla\u015f\u0131lamaz.\u00a0\" \/>\n<meta property=\"og:url\" content=\"https:\/\/astrologelvan.com\/magaza\/urun\/hayalindeki-aski-yarat-manifest-atolyesi\/\" \/>\n<meta property=\"og:site_name\" content=\"Astrolog Elvan\" \/>\n<meta property=\"article:modified_time\" content=\"2025-10-06T05:15:35+00:00\" \/>\n<meta property=\"og:image\" content=\"https:\/\/astrologelvan.com\/magaza\/wp-content\/uploads\/2025\/02\/Elvan-Mobil-Slider-5-1.webp\" \/>\n\t<meta property=\"og:image:width\" content=\"1000\" \/>\n\t<meta property=\"og:image:height\" content=\"1300\" \/>\n\t<meta property=\"og:image:type\" content=\"image\/webp\" \/>\n<meta name=\"twitter:card\" content=\"summary_large_image\" \/>\n<meta name=\"twitter:label1\" content=\"Tahmini okuma s\u00fcresi\" \/>\n\t<meta name=\"twitter:data1\" content=\"1 dakika\" \/>\n<script type=\"application\/ld+json\" class=\"yoast-schema-graph\">{\"@context\":\"https:\\\/\\\/schema.org\",\"@graph\":[{\"@type\":[\"WebPage\",\"ItemPage\"],\"@id\":\"https:\\\/\\\/astrologelvan.com\\\/magaza\\\/urun\\\/hayalindeki-aski-yarat-manifest-atolyesi\\\/\",\"url\":\"https:\\\/\\\/astrologelvan.com\\\/magaza\\\/urun\\\/hayalindeki-aski-yarat-manifest-atolyesi\\\/\",\"name\":\"Hayalindeki A\u015fk\u0131 Yarat! Manifest At\u00f6lyesi - Astrolog Elvan\",\"isPartOf\":{\"@id\":\"https:\\\/\\\/astrologelvan.com\\\/magaza\\\/#website\"},\"primaryImageOfPage\":{\"@id\":\"https:\\\/\\\/astrologelvan.com\\\/magaza\\\/urun\\\/hayalindeki-aski-yarat-manifest-atolyesi\\\/#primaryimage\"},\"image\":{\"@id\":\"https:\\\/\\\/astrologelvan.com\\\/magaza\\\/urun\\\/hayalindeki-aski-yarat-manifest-atolyesi\\\/#primaryimage\"},\"thumbnailUrl\":\"https:\\\/\\\/astrologelvan.com\\\/magaza\\\/wp-content\\\/uploads\\\/2025\\\/02\\\/Elvan-Mobil-Slider-5-1.webp\",\"datePublished\":\"2025-02-04T11:49:37+00:00\",\"dateModified\":\"2025-10-06T05:15:35+00:00\",\"breadcrumb\":{\"@id\":\"https:\\\/\\\/astrologelvan.com\\\/magaza\\\/urun\\\/hayalindeki-aski-yarat-manifest-atolyesi\\\/#breadcrumb\"},\"inLanguage\":\"tr\",\"potentialAction\":[{\"@type\":\"ReadAction\",\"target\":[\"https:\\\/\\\/astrologelvan.com\\\/magaza\\\/urun\\\/hayalindeki-aski-yarat-manifest-atolyesi\\\/\"]}]},{\"@type\":\"ImageObject\",\"inLanguage\":\"tr\",\"@id\":\"https:\\\/\\\/astrologelvan.com\\\/magaza\\\/urun\\\/hayalindeki-aski-yarat-manifest-atolyesi\\\/#primaryimage\",\"url\":\"https:\\\/\\\/astrologelvan.com\\\/magaza\\\/wp-content\\\/uploads\\\/2025\\\/02\\\/Elvan-Mobil-Slider-5-1.webp\",\"contentUrl\":\"https:\\\/\\\/astrologelvan.com\\\/magaza\\\/wp-content\\\/uploads\\\/2025\\\/02\\\/Elvan-Mobil-Slider-5-1.webp\",\"width\":1000,\"height\":1300},{\"@type\":\"BreadcrumbList\",\"@id\":\"https:\\\/\\\/astrologelvan.com\\\/magaza\\\/urun\\\/hayalindeki-aski-yarat-manifest-atolyesi\\\/#breadcrumb\",\"itemListElement\":[{\"@type\":\"ListItem\",\"position\":1,\"name\":\"Anasayfa\",\"item\":\"https:\\\/\\\/astrologelvan.com\\\/magaza\\\/\"},{\"@type\":\"ListItem\",\"position\":2,\"name\":\"Ma\u011faza\",\"item\":\"https:\\\/\\\/astrologelvan.com\\\/magaza\\\/magaza\\\/\"},{\"@type\":\"ListItem\",\"position\":3,\"name\":\"Hayalindeki A\u015fk\u0131 Yarat! Manifest At\u00f6lyesi\"}]},{\"@type\":\"WebSite\",\"@id\":\"https:\\\/\\\/astrologelvan.com\\\/magaza\\\/#website\",\"url\":\"https:\\\/\\\/astrologelvan.com\\\/magaza\\\/\",\"name\":\"Astrolog Elvan\",\"description\":\"\",\"potentialAction\":[{\"@type\":\"SearchAction\",\"target\":{\"@type\":\"EntryPoint\",\"urlTemplate\":\"https:\\\/\\\/astrologelvan.com\\\/magaza\\\/?s={search_term_string}\"},\"query-input\":{\"@type\":\"PropertyValueSpecification\",\"valueRequired\":true,\"valueName\":\"search_term_string\"}}],\"inLanguage\":\"tr\"}]}<\/script>\n<!-- \/ Yoast SEO plugin. -->","yoast_head_json":{"title":"Hayalindeki A\u015fk\u0131 Yarat! Manifest At\u00f6lyesi - Astrolog Elvan","robots":{"index":"index","follow":"follow","max-snippet":"max-snippet:-1","max-image-preview":"max-image-preview:large","max-video-preview":"max-video-preview:-1"},"canonical":"https:\/\/astrologelvan.com\/magaza\/urun\/hayalindeki-aski-yarat-manifest-atolyesi\/","og_locale":"tr_TR","og_type":"article","og_title":"Hayalindeki A\u015fk\u0131 Yarat! Manifest At\u00f6lyesi - Astrolog Elvan","og_description":"Ay ve Ven\u00fcs trinesi g\u00f6ky\u00fcz\u00fcnde aktifken harika bir a\u015fk at\u00f6lyesi yapaca\u011f\u0131z. Bilin\u00e7alt\u0131 bazen, a\u015fk i\u00e7in bedel \u00f6demesi gerekti\u011fine inanm\u0131\u015ft\u0131r, bazen para kazand\u0131\u011f\u0131n\u0131zda a\u015fk\u0131n sanki bir diyet gibi verilmesi gerekti\u011fine inanm\u0131\u015ft\u0131r, bazen de eski sevgilinizin ruh par\u00e7as\u0131 hala sizde oldu\u011fu i\u00e7in a\u015fk\u0131 bulamazs\u0131n\u0131z. Gelse de h\u0131zla ge\u00e7er gider.  \u0130\u015fte bu at\u00f6lyede a\u015fka dair negatif k\u00f6k inan\u00e7lar\u0131 temizleyece\u011fiz, eski sevgili, e\u015f ile ruh par\u00e7an\u0131z\u0131 ay\u0131raca\u011f\u0131z. Ve sonras\u0131nda muhte\u015fem bir partner yarat\u0131m\u0131 yapaca\u011f\u0131z. A\u015fka lay\u0131ks\u0131n, bu do\u011fu\u015ftan hakk\u0131n, sevilmek kolay m\u00fcmk\u00fcn ve g\u00fcvenli e\u011fer bunlar\u0131n Yaradan tan\u0131m\u0131n\u0131 bilmek istersen 10 \u015eubat gecesi seni a\u015fk at\u00f6lyesine bekliyorum!  KATILIM SINIRLIDIR.  At\u00f6lye 10 \u015eubat gecesi T\u00fcrkiye saati ile 21:00\u2019da zoom \u00fczerinden Astrolog Elvan e\u015fli\u011finde canl\u0131 olarak yap\u0131lacak.  Sipari\u015flerinizi olu\u015ftururken aktif kulland\u0131\u011f\u0131n\u0131z telefon numaran\u0131z\u0131 ve e-mail adresinizi girmelisiniz. At\u00f6lye kat\u0131l\u0131m linkleri\u00a0belirtti\u011finiz numaraya SMS olarak, belirtti\u011finiz e-mail adresine e-mail olarak g\u00f6nderilecektir. SMS ve E-mail adresinizi do\u011fru yazd\u0131\u011f\u0131n\u0131za ve SMS ve E-mail kutunuzun dolu olmamas\u0131na dikkat ediniz.  At\u00f6lye kay\u0131tlar\u0131 sat\u0131n alan ki\u015filere canl\u0131 yay\u0131n sonras\u0131ndaki g\u00fcnlerde yine ayn\u0131 kanallardan iletilecektir. Her at\u00f6lye kayd\u0131 bir ki\u015fi i\u00e7in ge\u00e7erlidir, yasal olarak bir ba\u015fkas\u0131 ile payla\u015f\u0131lamaz.\u00a0","og_url":"https:\/\/astrologelvan.com\/magaza\/urun\/hayalindeki-aski-yarat-manifest-atolyesi\/","og_site_name":"Astrolog Elvan","article_modified_time":"2025-10-06T05:15:35+00:00","og_image":[{"width":1000,"height":1300,"url":"https:\/\/astrologelvan.com\/magaza\/wp-content\/uploads\/2025\/02\/Elvan-Mobil-Slider-5-1.webp","type":"image\/webp"}],"twitter_card":"summary_large_image","twitter_misc":{"Tahmini okuma s\u00fcresi":"1 dakika"},"schema":{"@context":"https:\/\/schema.org","@graph":[{"@type":["WebPage","ItemPage"],"@id":"https:\/\/astrologelvan.com\/magaza\/urun\/hayalindeki-aski-yarat-manifest-atolyesi\/","url":"https:\/\/astrologelvan.com\/magaza\/urun\/hayalindeki-aski-yarat-manifest-atolyesi\/","name":"Hayalindeki A\u015fk\u0131 Yarat! Manifest At\u00f6lyesi - Astrolog Elvan","isPartOf":{"@id":"https:\/\/astrologelvan.com\/magaza\/#website"},"primaryImageOfPage":{"@id":"https:\/\/astrologelvan.com\/magaza\/urun\/hayalindeki-aski-yarat-manifest-atolyesi\/#primaryimage"},"image":{"@id":"https:\/\/astrologelvan.com\/magaza\/urun\/hayalindeki-aski-yarat-manifest-atolyesi\/#primaryimage"},"thumbnailUrl":"https:\/\/astrologelvan.com\/magaza\/wp-content\/uploads\/2025\/02\/Elvan-Mobil-Slider-5-1.webp","datePublished":"2025-02-04T11:49:37+00:00","dateModified":"2025-10-06T05:15:35+00:00","breadcrumb":{"@id":"https:\/\/astrologelvan.com\/magaza\/urun\/hayalindeki-aski-yarat-manifest-atolyesi\/#breadcrumb"},"inLanguage":"tr","potentialAction":[{"@type":"ReadAction","target":["https:\/\/astrologelvan.com\/magaza\/urun\/hayalindeki-aski-yarat-manifest-atolyesi\/"]}]},{"@type":"ImageObject","inLanguage":"tr","@id":"https:\/\/astrologelvan.com\/magaza\/urun\/hayalindeki-aski-yarat-manifest-atolyesi\/#primaryimage","url":"https:\/\/astrologelvan.com\/magaza\/wp-content\/uploads\/2025\/02\/Elvan-Mobil-Slider-5-1.webp","contentUrl":"https:\/\/astrologelvan.com\/magaza\/wp-content\/uploads\/2025\/02\/Elvan-Mobil-Slider-5-1.webp","width":1000,"height":1300},{"@type":"BreadcrumbList","@id":"https:\/\/astrologelvan.com\/magaza\/urun\/hayalindeki-aski-yarat-manifest-atolyesi\/#breadcrumb","itemListElement":[{"@type":"ListItem","position":1,"name":"Anasayfa","item":"https:\/\/astrologelvan.com\/magaza\/"},{"@type":"ListItem","position":2,"name":"Ma\u011faza","item":"https:\/\/astrologelvan.com\/magaza\/magaza\/"},{"@type":"ListItem","position":3,"name":"Hayalindeki A\u015fk\u0131 Yarat! Manifest At\u00f6lyesi"}]},{"@type":"WebSite","@id":"https:\/\/astrologelvan.com\/magaza\/#website","url":"https:\/\/astrologelvan.com\/magaza\/","name":"Astrolog Elvan","description":"","potentialAction":[{"@type":"SearchAction","target":{"@type":"EntryPoint","urlTemplate":"https:\/\/astrologelvan.com\/magaza\/?s={search_term_string}"},"query-input":{"@type":"PropertyValueSpecification","valueRequired":true,"valueName":"search_term_string"}}],"inLanguage":"tr"}]}},"_links":{"self":[{"href":"https:\/\/astrologelvan.com\/magaza\/wp-json\/wp\/v2\/product\/41814","targetHints":{"allow":["GET"]}}],"collection":[{"href":"https:\/\/astrologelvan.com\/magaza\/wp-json\/wp\/v2\/product"}],"about":[{"href":"https:\/\/astrologelvan.com\/magaza\/wp-json\/wp\/v2\/types\/product"}],"replies":[{"embeddable":true,"href":"https:\/\/astrologelvan.com\/magaza\/wp-json\/wp\/v2\/comments?post=41814"}],"wp:featuredmedia":[{"embeddable":true,"href":"https:\/\/astrologelvan.com\/magaza\/wp-json\/wp\/v2\/media\/47045"}],"wp:attachment":[{"href":"https:\/\/astrologelvan.com\/magaza\/wp-json\/wp\/v2\/media?parent=41814"}],"wp:term":[{"taxonomy":"product_brand","embeddable":true,"href":"https:\/\/astrologelvan.com\/magaza\/wp-json\/wp\/v2\/product_brand?post=41814"},{"taxonomy":"product_cat","embeddable":true,"href":"https:\/\/astrologelvan.com\/magaza\/wp-json\/wp\/v2\/product_cat?post=41814"},{"taxonomy":"product_tag","embeddable":true,"href":"https:\/\/astrologelvan.com\/magaza\/wp-json\/wp\/v2\/product_tag?post=41814"}],"curies":[{"name":"wp","href":"https:\/\/api.w.org\/{rel}","templated":true}]}}