{"id":418,"date":"2024-02-28T02:22:52","date_gmt":"2024-02-27T23:22:52","guid":{"rendered":"https:\/\/astrologelvan.shop\/?post_type=product&#038;p=418"},"modified":"2025-10-06T08:14:52","modified_gmt":"2025-10-06T05:14:52","slug":"pirlanta-kesim-zebercet-peridot-kolye-ancient-edition","status":"publish","type":"product","link":"https:\/\/astrologelvan.com\/magaza\/urun\/pirlanta-kesim-zebercet-peridot-kolye-ancient-edition\/","title":{"rendered":"PIRLANTA KES\u0130M ZEBERCET (PER\u0130DOT) KOLYE (ANC\u0130ENT EDITION)"},"content":{"rendered":"<div dir=\"auto\">\n<p style=\"font-weight: 400;\">\u00dcr\u00fcn \u00d6zellikleri<\/p>\n<p style=\"font-weight: 400;\">925 Ayar g\u00fcm\u00fc\u015f \u00fczeri alt\u0131n kaplama<\/p>\n<p style=\"font-weight: 400;\">Mont\u00fcr el i\u015f\u00e7ili\u011fidir<\/p>\n<p style=\"font-weight: 400;\">2 Gr G\u00fcm\u00fc\u015f<\/p>\n<p style=\"font-weight: 400;\">0.7 Gr Ta\u015f a\u011f\u0131rl\u0131\u011f\u0131<\/p>\n<p style=\"font-weight: 400;\">45 Cm Zincir uzunlu\u011fu<\/p>\n<p>Do\u011fal ta\u015f kolyelerimizin tasar\u0131mlar\u0131nda do\u011frudan cilde temas etmesini sa\u011fl\u0131yoruz. B\u00f6ylece do\u011fal ta\u015f kolyenizi takt\u0131k\u00e7a v\u00fccudunuzun titre\u015fimlerine ba\u011flan\u0131r ve size denge ve uyum getirir.<\/p>\n<p><strong>Tak\u0131lar\u0131n\u0131z\u0131n uzun s\u00fcre kullanabilmesi i\u00e7in; Parf\u00fcm, su, s\u0131v\u0131, dezenfektan, krem v.b. gibi maddelerle temas etmemesi, du\u015f-banyo s\u0131ras\u0131nda \u00e7\u0131kart\u0131lmas\u0131 gerekmektedir. Ki\u015finin ter-ten yap\u0131s\u0131na g\u00f6re de etkilenmektedir. Tak\u0131lar\u0131n\u0131z\u0131 kullanmad\u0131\u011f\u0131n\u0131z zamanlarda kesesinde saklaman\u0131z\u0131 \u00f6neririz.<\/strong><\/p>\n<p><strong>Do\u011fal ta\u015flar\u0131n belirli titre\u015fimlere ve frekanslara sahip oldu\u011fu bilinmektedir. Bu nedenle v\u00fccudumuzda ve auram\u0131zda birtak\u0131m iyi etkileri oldu\u011fu s\u00f6ylenmektedir. Ta\u015flar\u0131n \u00f6zelliklerinin bilimsel kesinli\u011fi yoktur. Astrologelvan ma\u011fazas\u0131ndaki t\u00fcm ta\u015flar orijinal, ger\u00e7ek do\u011fal ta\u015flard\u0131r. T\u0131bbi konularda doktora dan\u0131\u015fman\u0131z\u0131 tavsiye ederiz. Ta\u015flar\u0131n tedavi edici \u00f6zelli\u011fi yoktur, sadece ki\u015fisel enerjimizi y\u00fckseltmekte ve astrolojik olarak da temsil etti\u011fi gezegenlerin etkilerini artt\u0131rmakta oldu\u011fu kabul edilir. \u00d6rne\u011fin; pembe kuvars ta\u015f\u0131 a\u015fk ve sevgi gezegeni Ven\u00fcs&#8217;\u00fcn ta\u015f\u0131d\u0131r ve bu sebeple \u00fczerinde ta\u015f\u0131yan ki\u015finin a\u015fk ve sevgi frekans\u0131n\u0131 y\u00fckseltti\u011fi bilinir.<\/strong><\/p>\n<p>&nbsp;<\/p>\n<\/div>\n<div dir=\"auto\">\n<div class=\"product-description\">\n<div class=\"bt_bb_tabs bt_bb_style_simple bt_bb_shape_square\">\n<div class=\"bt_bb_tabs_tabs\">\n<div id=\"tab-description\" class=\"bt_bb_tab_item on\">\n<div class=\"bt_bb_tab_content\">\n<div class=\"bt_bb_wrapper\">\n<p>&nbsp;<\/p>\n<\/div>\n<\/div>\n<\/div>\n<\/div>\n<\/div>\n<\/div>\n<\/div>\n<p><img loading=\"lazy\" decoding=\"async\" class=\"aligncenter size-full wp-image-22006\" src=\"https:\/\/astrologelvan.com\/magaza\/wp-content\/uploads\/2021\/08\/AE-Limited-edition.png\" alt=\"\" width=\"816\" height=\"162\" \/><\/p>\n<p class=\"p1\">\n","protected":false},"excerpt":{"rendered":"<p style=\"font-weight: 400;\">Eski \u00e7a\u011flarda k\u00f6t\u00fc ruhlar\u0131 kovucu ta\u015f olarak kullan\u0131lm\u0131\u015ft\u0131r. Enerjisi \u00e7ok y\u00fcksel bir ta\u015ft\u0131r ve ABD, Brezilya, M\u0131s\u0131r, \u0130rlanda, Rusya, Sri Lanka ve Kanarya Adalar\u0131\u2019nda \u00e7\u0131kar\u0131lmaktad\u0131r. Peridot ismi, K\u0131z\u0131ldeniz yak\u0131nlar\u0131ndaki bir adadan gelmektedir.<\/p>\n<p style=\"font-weight: 400;\">Halk aras\u0131ndaki ismi y\u0131lanta\u015f\u0131\u2019d\u0131r. Bu nefis \u0131\u015f\u0131lt\u0131daki ye\u015fil ta\u015f direk olarak kalp \u00e7akras\u0131 ile ba\u011flant\u0131l\u0131d\u0131r. Ki\u015finin kendini sevmesini ve evrensel sevgiyi ve a\u015fk\u0131 ya\u015famas\u0131n\u0131 sa\u011flar.<\/p>\n<p style=\"font-weight: 400;\">Par\u0131ldayan enerjisi ile M\u0131s\u0131r Krali\u00e7esi Kleopatra\u2019n\u0131n en sevdi\u011fi ta\u015flardand\u0131r. Antik zamanlarda, iktidarda olanlar sayg\u0131 g\u00f6rmek i\u00e7in bu peridot ta\u015f\u0131n\u0131 kullan\u0131rlard\u0131. Y\u00fcksek rahipler, bu ta\u015f\u0131n k\u00f6t\u00fc ruhlara kar\u015f\u0131 koruyucu oldu\u011funu s\u00f6ylerdi. Yery\u00fcz\u00fcnde \u00e7\u0131kar\u0131lan en de\u011ferli ve enerjisi g\u00fc\u00e7l\u00fc ta\u015flardan biridir. Avucunuzun i\u00e7erisine ald\u0131\u011f\u0131n\u0131zda siz de bu duyguyu hissedeceksiniz.<\/p>\n<p>&nbsp;<\/p>\n","protected":false},"featured_media":485,"comment_status":"open","ping_status":"closed","template":"","meta":[],"product_brand":[],"product_cat":[250,114,251],"product_tag":[39,236,252,40,63,116,253,254],"class_list":{"0":"post-418","1":"product","2":"type-product","3":"status-publish","4":"has-post-thumbnail","6":"product_cat-ancient-series","7":"product_cat-limited-edition","8":"product_cat-zebercet-peridot-tasi","9":"product_tag-astrolog-elvan","10":"product_tag-astrologelvan","11":"product_tag-damla-form-zebercet","12":"product_tag-dogal-tas","13":"product_tag-dogal-tas-kolye","14":"product_tag-limited-edition","15":"product_tag-zebercet-kolye","16":"product_tag-zebercet-tasi-kolye","18":"first","19":"outofstock","20":"taxable","21":"shipping-taxable","22":"purchasable","23":"product-type-simple"},"yoast_head":"<!-- This site is optimized with the Yoast SEO plugin v27.3 - https:\/\/yoast.com\/product\/yoast-seo-wordpress\/ -->\n<title>PIRLANTA KES\u0130M ZEBERCET (PER\u0130DOT) KOLYE (ANC\u0130ENT EDITION) - Astrolog Elvan<\/title>\n<meta name=\"robots\" content=\"index, follow, max-snippet:-1, max-image-preview:large, max-video-preview:-1\" \/>\n<link rel=\"canonical\" href=\"https:\/\/astrologelvan.com\/magaza\/urun\/pirlanta-kesim-zebercet-peridot-kolye-ancient-edition\/\" \/>\n<meta property=\"og:locale\" content=\"tr_TR\" \/>\n<meta property=\"og:type\" content=\"article\" \/>\n<meta property=\"og:title\" content=\"PIRLANTA KES\u0130M ZEBERCET (PER\u0130DOT) KOLYE (ANC\u0130ENT EDITION) - Astrolog Elvan\" \/>\n<meta property=\"og:description\" content=\"Eski \u00e7a\u011flarda k\u00f6t\u00fc ruhlar\u0131 kovucu ta\u015f olarak kullan\u0131lm\u0131\u015ft\u0131r. Enerjisi \u00e7ok y\u00fcksel bir ta\u015ft\u0131r ve ABD, Brezilya, M\u0131s\u0131r, \u0130rlanda, Rusya, Sri Lanka ve Kanarya Adalar\u0131\u2019nda \u00e7\u0131kar\u0131lmaktad\u0131r. Peridot ismi, K\u0131z\u0131ldeniz yak\u0131nlar\u0131ndaki bir adadan gelmektedir. Halk aras\u0131ndaki ismi y\u0131lanta\u015f\u0131\u2019d\u0131r. Bu nefis \u0131\u015f\u0131lt\u0131daki ye\u015fil ta\u015f direk olarak kalp \u00e7akras\u0131 ile ba\u011flant\u0131l\u0131d\u0131r. Ki\u015finin kendini sevmesini ve evrensel sevgiyi ve a\u015fk\u0131 ya\u015famas\u0131n\u0131 sa\u011flar. Par\u0131ldayan enerjisi ile M\u0131s\u0131r Krali\u00e7esi Kleopatra\u2019n\u0131n en sevdi\u011fi ta\u015flardand\u0131r. Antik zamanlarda, iktidarda olanlar sayg\u0131 g\u00f6rmek i\u00e7in bu peridot ta\u015f\u0131n\u0131 kullan\u0131rlard\u0131. Y\u00fcksek rahipler, bu ta\u015f\u0131n k\u00f6t\u00fc ruhlara kar\u015f\u0131 koruyucu oldu\u011funu s\u00f6ylerdi. Yery\u00fcz\u00fcnde \u00e7\u0131kar\u0131lan en de\u011ferli ve enerjisi g\u00fc\u00e7l\u00fc ta\u015flardan biridir. Avucunuzun i\u00e7erisine ald\u0131\u011f\u0131n\u0131zda siz de bu duyguyu hissedeceksiniz. &nbsp;\" \/>\n<meta property=\"og:url\" content=\"https:\/\/astrologelvan.com\/magaza\/urun\/pirlanta-kesim-zebercet-peridot-kolye-ancient-edition\/\" \/>\n<meta property=\"og:site_name\" content=\"Astrolog Elvan\" \/>\n<meta property=\"article:modified_time\" content=\"2025-10-06T05:14:52+00:00\" \/>\n<meta property=\"og:image\" content=\"https:\/\/astrologelvan.com\/magaza\/wp-content\/uploads\/2024\/02\/Limited-Edition-925-Ayar-gumus-uzeri-altin-kaplama-Zebercet-Peridot-min-scaled-1.jpg\" \/>\n\t<meta property=\"og:image:width\" content=\"2560\" \/>\n\t<meta property=\"og:image:height\" content=\"2560\" \/>\n\t<meta property=\"og:image:type\" content=\"image\/jpeg\" \/>\n<meta name=\"twitter:card\" content=\"summary_large_image\" \/>\n<meta name=\"twitter:label1\" content=\"Tahmini okuma s\u00fcresi\" \/>\n\t<meta name=\"twitter:data1\" content=\"2 dakika\" \/>\n<script type=\"application\/ld+json\" class=\"yoast-schema-graph\">{\"@context\":\"https:\\\/\\\/schema.org\",\"@graph\":[{\"@type\":[\"WebPage\",\"ItemPage\"],\"@id\":\"https:\\\/\\\/astrologelvan.com\\\/magaza\\\/urun\\\/pirlanta-kesim-zebercet-peridot-kolye-ancient-edition\\\/\",\"url\":\"https:\\\/\\\/astrologelvan.com\\\/magaza\\\/urun\\\/pirlanta-kesim-zebercet-peridot-kolye-ancient-edition\\\/\",\"name\":\"PIRLANTA KES\u0130M ZEBERCET (PER\u0130DOT) KOLYE (ANC\u0130ENT EDITION) - Astrolog Elvan\",\"isPartOf\":{\"@id\":\"https:\\\/\\\/astrologelvan.com\\\/magaza\\\/#website\"},\"primaryImageOfPage\":{\"@id\":\"https:\\\/\\\/astrologelvan.com\\\/magaza\\\/urun\\\/pirlanta-kesim-zebercet-peridot-kolye-ancient-edition\\\/#primaryimage\"},\"image\":{\"@id\":\"https:\\\/\\\/astrologelvan.com\\\/magaza\\\/urun\\\/pirlanta-kesim-zebercet-peridot-kolye-ancient-edition\\\/#primaryimage\"},\"thumbnailUrl\":\"https:\\\/\\\/astrologelvan.com\\\/magaza\\\/wp-content\\\/uploads\\\/2024\\\/02\\\/Limited-Edition-925-Ayar-gumus-uzeri-altin-kaplama-Zebercet-Peridot-min-scaled-1.jpg\",\"datePublished\":\"2024-02-27T23:22:52+00:00\",\"dateModified\":\"2025-10-06T05:14:52+00:00\",\"breadcrumb\":{\"@id\":\"https:\\\/\\\/astrologelvan.com\\\/magaza\\\/urun\\\/pirlanta-kesim-zebercet-peridot-kolye-ancient-edition\\\/#breadcrumb\"},\"inLanguage\":\"tr\",\"potentialAction\":[{\"@type\":\"ReadAction\",\"target\":[\"https:\\\/\\\/astrologelvan.com\\\/magaza\\\/urun\\\/pirlanta-kesim-zebercet-peridot-kolye-ancient-edition\\\/\"]}]},{\"@type\":\"ImageObject\",\"inLanguage\":\"tr\",\"@id\":\"https:\\\/\\\/astrologelvan.com\\\/magaza\\\/urun\\\/pirlanta-kesim-zebercet-peridot-kolye-ancient-edition\\\/#primaryimage\",\"url\":\"https:\\\/\\\/astrologelvan.com\\\/magaza\\\/wp-content\\\/uploads\\\/2024\\\/02\\\/Limited-Edition-925-Ayar-gumus-uzeri-altin-kaplama-Zebercet-Peridot-min-scaled-1.jpg\",\"contentUrl\":\"https:\\\/\\\/astrologelvan.com\\\/magaza\\\/wp-content\\\/uploads\\\/2024\\\/02\\\/Limited-Edition-925-Ayar-gumus-uzeri-altin-kaplama-Zebercet-Peridot-min-scaled-1.jpg\",\"width\":2560,\"height\":2560},{\"@type\":\"BreadcrumbList\",\"@id\":\"https:\\\/\\\/astrologelvan.com\\\/magaza\\\/urun\\\/pirlanta-kesim-zebercet-peridot-kolye-ancient-edition\\\/#breadcrumb\",\"itemListElement\":[{\"@type\":\"ListItem\",\"position\":1,\"name\":\"Anasayfa\",\"item\":\"https:\\\/\\\/astrologelvan.com\\\/magaza\\\/\"},{\"@type\":\"ListItem\",\"position\":2,\"name\":\"Ma\u011faza\",\"item\":\"https:\\\/\\\/astrologelvan.com\\\/magaza\\\/magaza\\\/\"},{\"@type\":\"ListItem\",\"position\":3,\"name\":\"PIRLANTA KES\u0130M ZEBERCET (PER\u0130DOT) KOLYE (ANC\u0130ENT EDITION)\"}]},{\"@type\":\"WebSite\",\"@id\":\"https:\\\/\\\/astrologelvan.com\\\/magaza\\\/#website\",\"url\":\"https:\\\/\\\/astrologelvan.com\\\/magaza\\\/\",\"name\":\"Astrolog Elvan\",\"description\":\"\",\"potentialAction\":[{\"@type\":\"SearchAction\",\"target\":{\"@type\":\"EntryPoint\",\"urlTemplate\":\"https:\\\/\\\/astrologelvan.com\\\/magaza\\\/?s={search_term_string}\"},\"query-input\":{\"@type\":\"PropertyValueSpecification\",\"valueRequired\":true,\"valueName\":\"search_term_string\"}}],\"inLanguage\":\"tr\"}]}<\/script>\n<!-- \/ Yoast SEO plugin. -->","yoast_head_json":{"title":"PIRLANTA KES\u0130M ZEBERCET (PER\u0130DOT) KOLYE (ANC\u0130ENT EDITION) - Astrolog Elvan","robots":{"index":"index","follow":"follow","max-snippet":"max-snippet:-1","max-image-preview":"max-image-preview:large","max-video-preview":"max-video-preview:-1"},"canonical":"https:\/\/astrologelvan.com\/magaza\/urun\/pirlanta-kesim-zebercet-peridot-kolye-ancient-edition\/","og_locale":"tr_TR","og_type":"article","og_title":"PIRLANTA KES\u0130M ZEBERCET (PER\u0130DOT) KOLYE (ANC\u0130ENT EDITION) - Astrolog Elvan","og_description":"Eski \u00e7a\u011flarda k\u00f6t\u00fc ruhlar\u0131 kovucu ta\u015f olarak kullan\u0131lm\u0131\u015ft\u0131r. Enerjisi \u00e7ok y\u00fcksel bir ta\u015ft\u0131r ve ABD, Brezilya, M\u0131s\u0131r, \u0130rlanda, Rusya, Sri Lanka ve Kanarya Adalar\u0131\u2019nda \u00e7\u0131kar\u0131lmaktad\u0131r. Peridot ismi, K\u0131z\u0131ldeniz yak\u0131nlar\u0131ndaki bir adadan gelmektedir. Halk aras\u0131ndaki ismi y\u0131lanta\u015f\u0131\u2019d\u0131r. Bu nefis \u0131\u015f\u0131lt\u0131daki ye\u015fil ta\u015f direk olarak kalp \u00e7akras\u0131 ile ba\u011flant\u0131l\u0131d\u0131r. Ki\u015finin kendini sevmesini ve evrensel sevgiyi ve a\u015fk\u0131 ya\u015famas\u0131n\u0131 sa\u011flar. Par\u0131ldayan enerjisi ile M\u0131s\u0131r Krali\u00e7esi Kleopatra\u2019n\u0131n en sevdi\u011fi ta\u015flardand\u0131r. Antik zamanlarda, iktidarda olanlar sayg\u0131 g\u00f6rmek i\u00e7in bu peridot ta\u015f\u0131n\u0131 kullan\u0131rlard\u0131. Y\u00fcksek rahipler, bu ta\u015f\u0131n k\u00f6t\u00fc ruhlara kar\u015f\u0131 koruyucu oldu\u011funu s\u00f6ylerdi. Yery\u00fcz\u00fcnde \u00e7\u0131kar\u0131lan en de\u011ferli ve enerjisi g\u00fc\u00e7l\u00fc ta\u015flardan biridir. Avucunuzun i\u00e7erisine ald\u0131\u011f\u0131n\u0131zda siz de bu duyguyu hissedeceksiniz. &nbsp;","og_url":"https:\/\/astrologelvan.com\/magaza\/urun\/pirlanta-kesim-zebercet-peridot-kolye-ancient-edition\/","og_site_name":"Astrolog Elvan","article_modified_time":"2025-10-06T05:14:52+00:00","og_image":[{"width":2560,"height":2560,"url":"https:\/\/astrologelvan.com\/magaza\/wp-content\/uploads\/2024\/02\/Limited-Edition-925-Ayar-gumus-uzeri-altin-kaplama-Zebercet-Peridot-min-scaled-1.jpg","type":"image\/jpeg"}],"twitter_card":"summary_large_image","twitter_misc":{"Tahmini okuma s\u00fcresi":"2 dakika"},"schema":{"@context":"https:\/\/schema.org","@graph":[{"@type":["WebPage","ItemPage"],"@id":"https:\/\/astrologelvan.com\/magaza\/urun\/pirlanta-kesim-zebercet-peridot-kolye-ancient-edition\/","url":"https:\/\/astrologelvan.com\/magaza\/urun\/pirlanta-kesim-zebercet-peridot-kolye-ancient-edition\/","name":"PIRLANTA KES\u0130M ZEBERCET (PER\u0130DOT) KOLYE (ANC\u0130ENT EDITION) - Astrolog Elvan","isPartOf":{"@id":"https:\/\/astrologelvan.com\/magaza\/#website"},"primaryImageOfPage":{"@id":"https:\/\/astrologelvan.com\/magaza\/urun\/pirlanta-kesim-zebercet-peridot-kolye-ancient-edition\/#primaryimage"},"image":{"@id":"https:\/\/astrologelvan.com\/magaza\/urun\/pirlanta-kesim-zebercet-peridot-kolye-ancient-edition\/#primaryimage"},"thumbnailUrl":"https:\/\/astrologelvan.com\/magaza\/wp-content\/uploads\/2024\/02\/Limited-Edition-925-Ayar-gumus-uzeri-altin-kaplama-Zebercet-Peridot-min-scaled-1.jpg","datePublished":"2024-02-27T23:22:52+00:00","dateModified":"2025-10-06T05:14:52+00:00","breadcrumb":{"@id":"https:\/\/astrologelvan.com\/magaza\/urun\/pirlanta-kesim-zebercet-peridot-kolye-ancient-edition\/#breadcrumb"},"inLanguage":"tr","potentialAction":[{"@type":"ReadAction","target":["https:\/\/astrologelvan.com\/magaza\/urun\/pirlanta-kesim-zebercet-peridot-kolye-ancient-edition\/"]}]},{"@type":"ImageObject","inLanguage":"tr","@id":"https:\/\/astrologelvan.com\/magaza\/urun\/pirlanta-kesim-zebercet-peridot-kolye-ancient-edition\/#primaryimage","url":"https:\/\/astrologelvan.com\/magaza\/wp-content\/uploads\/2024\/02\/Limited-Edition-925-Ayar-gumus-uzeri-altin-kaplama-Zebercet-Peridot-min-scaled-1.jpg","contentUrl":"https:\/\/astrologelvan.com\/magaza\/wp-content\/uploads\/2024\/02\/Limited-Edition-925-Ayar-gumus-uzeri-altin-kaplama-Zebercet-Peridot-min-scaled-1.jpg","width":2560,"height":2560},{"@type":"BreadcrumbList","@id":"https:\/\/astrologelvan.com\/magaza\/urun\/pirlanta-kesim-zebercet-peridot-kolye-ancient-edition\/#breadcrumb","itemListElement":[{"@type":"ListItem","position":1,"name":"Anasayfa","item":"https:\/\/astrologelvan.com\/magaza\/"},{"@type":"ListItem","position":2,"name":"Ma\u011faza","item":"https:\/\/astrologelvan.com\/magaza\/magaza\/"},{"@type":"ListItem","position":3,"name":"PIRLANTA KES\u0130M ZEBERCET (PER\u0130DOT) KOLYE (ANC\u0130ENT EDITION)"}]},{"@type":"WebSite","@id":"https:\/\/astrologelvan.com\/magaza\/#website","url":"https:\/\/astrologelvan.com\/magaza\/","name":"Astrolog Elvan","description":"","potentialAction":[{"@type":"SearchAction","target":{"@type":"EntryPoint","urlTemplate":"https:\/\/astrologelvan.com\/magaza\/?s={search_term_string}"},"query-input":{"@type":"PropertyValueSpecification","valueRequired":true,"valueName":"search_term_string"}}],"inLanguage":"tr"}]}},"_links":{"self":[{"href":"https:\/\/astrologelvan.com\/magaza\/wp-json\/wp\/v2\/product\/418","targetHints":{"allow":["GET"]}}],"collection":[{"href":"https:\/\/astrologelvan.com\/magaza\/wp-json\/wp\/v2\/product"}],"about":[{"href":"https:\/\/astrologelvan.com\/magaza\/wp-json\/wp\/v2\/types\/product"}],"replies":[{"embeddable":true,"href":"https:\/\/astrologelvan.com\/magaza\/wp-json\/wp\/v2\/comments?post=418"}],"wp:featuredmedia":[{"embeddable":true,"href":"https:\/\/astrologelvan.com\/magaza\/wp-json\/wp\/v2\/media\/485"}],"wp:attachment":[{"href":"https:\/\/astrologelvan.com\/magaza\/wp-json\/wp\/v2\/media?parent=418"}],"wp:term":[{"taxonomy":"product_brand","embeddable":true,"href":"https:\/\/astrologelvan.com\/magaza\/wp-json\/wp\/v2\/product_brand?post=418"},{"taxonomy":"product_cat","embeddable":true,"href":"https:\/\/astrologelvan.com\/magaza\/wp-json\/wp\/v2\/product_cat?post=418"},{"taxonomy":"product_tag","embeddable":true,"href":"https:\/\/astrologelvan.com\/magaza\/wp-json\/wp\/v2\/product_tag?post=418"}],"curies":[{"name":"wp","href":"https:\/\/api.w.org\/{rel}","templated":true}]}}