{"id":407,"date":"2024-02-28T02:21:42","date_gmt":"2024-02-27T23:21:42","guid":{"rendered":"https:\/\/astrologelvan.shop\/?post_type=product&#038;p=407"},"modified":"2025-10-06T08:14:52","modified_gmt":"2025-10-06T05:14:52","slug":"hidirellez-rituel-kiti","status":"publish","type":"product","link":"https:\/\/astrologelvan.com\/magaza\/urun\/hidirellez-rituel-kiti\/","title":{"rendered":"HIDIRELLEZ R\u0130T\u00dcEL K\u0130T\u0130"},"content":{"rendered":"","protected":false},"excerpt":{"rendered":"<h5><strong>5 May\u0131s&#8217;\u0131 6 May\u0131s&#8217;a ba\u011flayan gece yap\u0131lacakt\u0131r. <\/strong><\/h5>\n<h5><strong>H\u0131d\u0131rellez ruhunuza ve hayat\u0131n\u0131za \u0131\u015f\u0131k tutsun. Mucizeler sizi bulsun. <\/strong><\/p>\n<p><strong>7-7-7<\/strong><\/h5>\n<p>Kitin i\u00e7erisinde 5 May\u0131s gecesi ihtiyac\u0131n\u0131z olan her \u015fey var! \u00d6nce defne yapra\u011f\u0131 ile t\u00fcts\u00fc yap\u0131yoruz. Neden mi?<\/p>\n<p>Defne yapra\u011f\u0131 Daphne isimli bir su perisinden ilham al\u0131r mitolojide. Peri k\u0131z\u0131 Daphne, Apollo\u2019dan ka\u00e7arken Gaia\u2019ya (Toprak ana ) \u201cBeni koru ve \u00fczerimi \u00f6rt\u201d der. Toprak ana dile\u011fini kabul eder ve periyi bir defne a\u011fac\u0131na d\u00f6n\u00fc\u015ft\u00fcr\u00fcr, Daphne\u2019ye a\u015f\u0131k olan Apollo da defne a\u011fac\u0131n\u0131 kutsar ve der ki : \u201cBundan sonra sen benim ba\u015f tac\u0131ms\u0131n ve dileklerin ger\u00e7ek olaca\u011f\u0131 ilk anda g\u00f6rd\u00fckleri bitki defne a\u011fac\u0131 olacak\u201d<\/p>\n<p>Sonra niyetimizi dileyip, k\u0131rm\u0131z\u0131 mumu yak\u0131yoruz. Ve meleksa\u00e7\u0131 kolyemizi enerjimizi y\u00fckseltmek ad\u0131na tak\u0131yoruz. Niyetinizi yazarken en ba\u015fa \u201cAllah\u2019\u0131n izniyle, y\u00fcksek benli\u011fim\u201d demeyi unutmay\u0131n.<\/p>\n<p>Bozuk param\u0131z\u0131 ve kilidimizi k\u0131rm\u0131z\u0131 keseye koyup, niyetlerimizi yazd\u0131\u011f\u0131m\u0131z ka\u011f\u0131d\u0131m\u0131z\u0131 kesenin i\u00e7ine atal\u0131m ve 5 May\u0131s gecesi bir g\u00fcl dal\u0131na asal\u0131m. \u201cH\u0131z\u0131r ve \u0130lyas (A.S.) yolumuza yard\u0131mc\u0131 olsun. Dileklerimizi dualar\u0131m\u0131z\u0131 g\u00f6rs\u00fcn\u201d niyetini edelim. Ve eve gelince iki dal g\u00fcl\u00fc de t\u00fcts\u00fcleyelim.<\/p>\n<p>H\u0131drellez sabah\u0131, kesenin i\u00e7indeki bozuk paray\u0131 al\u0131p, bir y\u0131l boyunca c\u00fczdan\u0131m\u0131zda saklayal\u0131m. Bereket olsun. Kilidi ve anahtar\u0131 keseden \u00e7\u0131kar\u0131p, ba\u015f\u0131m\u0131z\u0131n \u00fczerinde gezdirip; \u201cT\u0131kal\u0131 olan t\u00fcm i\u015flerim a\u00e7\u0131ld\u0131, baht\u0131m, talihim a\u00e7\u0131ld\u0131\u201d diyerek bir suya, denize b\u0131rakal\u0131m. Oldu, oldu, oldu!<\/p>\n","protected":false},"featured_media":469,"comment_status":"open","ping_status":"closed","template":"","meta":[],"product_brand":[],"product_cat":[35],"product_tag":[39,241,242,243,41],"class_list":{"0":"post-407","1":"product","2":"type-product","3":"status-publish","4":"has-post-thumbnail","6":"product_cat-rituel-kitleri","7":"product_tag-astrolog-elvan","8":"product_tag-hidirellez","9":"product_tag-hidirellez-ritueli","10":"product_tag-rituel","11":"product_tag-rituel-kiti","13":"first","14":"outofstock","15":"taxable","16":"shipping-taxable","17":"purchasable","18":"product-type-simple"},"yoast_head":"<!-- This site is optimized with the Yoast SEO plugin v27.3 - https:\/\/yoast.com\/product\/yoast-seo-wordpress\/ -->\n<title>HIDIRELLEZ R\u0130T\u00dcEL K\u0130T\u0130 - Astrolog Elvan<\/title>\n<meta name=\"robots\" content=\"index, follow, max-snippet:-1, max-image-preview:large, max-video-preview:-1\" \/>\n<link rel=\"canonical\" href=\"https:\/\/astrologelvan.com\/magaza\/urun\/hidirellez-rituel-kiti\/\" \/>\n<meta property=\"og:locale\" content=\"tr_TR\" \/>\n<meta property=\"og:type\" content=\"article\" \/>\n<meta property=\"og:title\" content=\"HIDIRELLEZ R\u0130T\u00dcEL K\u0130T\u0130 - Astrolog Elvan\" \/>\n<meta property=\"og:description\" content=\"5 May\u0131s&#039;\u0131 6 May\u0131s&#039;a ba\u011flayan gece yap\u0131lacakt\u0131r.  H\u0131d\u0131rellez ruhunuza ve hayat\u0131n\u0131za \u0131\u015f\u0131k tutsun. Mucizeler sizi bulsun.  7-7-7 Kitin i\u00e7erisinde 5 May\u0131s gecesi ihtiyac\u0131n\u0131z olan her \u015fey var! \u00d6nce defne yapra\u011f\u0131 ile t\u00fcts\u00fc yap\u0131yoruz. Neden mi? Defne yapra\u011f\u0131 Daphne isimli bir su perisinden ilham al\u0131r mitolojide. Peri k\u0131z\u0131 Daphne, Apollo\u2019dan ka\u00e7arken Gaia\u2019ya (Toprak ana ) \u201cBeni koru ve \u00fczerimi \u00f6rt\u201d der. Toprak ana dile\u011fini kabul eder ve periyi bir defne a\u011fac\u0131na d\u00f6n\u00fc\u015ft\u00fcr\u00fcr, Daphne\u2019ye a\u015f\u0131k olan Apollo da defne a\u011fac\u0131n\u0131 kutsar ve der ki : \u201cBundan sonra sen benim ba\u015f tac\u0131ms\u0131n ve dileklerin ger\u00e7ek olaca\u011f\u0131 ilk anda g\u00f6rd\u00fckleri bitki defne a\u011fac\u0131 olacak\u201d  Sonra niyetimizi dileyip, k\u0131rm\u0131z\u0131 mumu yak\u0131yoruz. Ve meleksa\u00e7\u0131 kolyemizi enerjimizi y\u00fckseltmek ad\u0131na tak\u0131yoruz. Niyetinizi yazarken en ba\u015fa \u201cAllah\u2019\u0131n izniyle, y\u00fcksek benli\u011fim\u201d demeyi unutmay\u0131n.  Bozuk param\u0131z\u0131 ve kilidimizi k\u0131rm\u0131z\u0131 keseye koyup, niyetlerimizi yazd\u0131\u011f\u0131m\u0131z ka\u011f\u0131d\u0131m\u0131z\u0131 kesenin i\u00e7ine atal\u0131m ve 5 May\u0131s gecesi bir g\u00fcl dal\u0131na asal\u0131m. \u201cH\u0131z\u0131r ve \u0130lyas (A.S.) yolumuza yard\u0131mc\u0131 olsun. Dileklerimizi dualar\u0131m\u0131z\u0131 g\u00f6rs\u00fcn\u201d niyetini edelim. Ve eve gelince iki dal g\u00fcl\u00fc de t\u00fcts\u00fcleyelim.  H\u0131drellez sabah\u0131, kesenin i\u00e7indeki bozuk paray\u0131 al\u0131p, bir y\u0131l boyunca c\u00fczdan\u0131m\u0131zda saklayal\u0131m. Bereket olsun. Kilidi ve anahtar\u0131 keseden \u00e7\u0131kar\u0131p, ba\u015f\u0131m\u0131z\u0131n \u00fczerinde gezdirip; \u201cT\u0131kal\u0131 olan t\u00fcm i\u015flerim a\u00e7\u0131ld\u0131, baht\u0131m, talihim a\u00e7\u0131ld\u0131\u201d diyerek bir suya, denize b\u0131rakal\u0131m. Oldu, oldu, oldu!\" \/>\n<meta property=\"og:url\" content=\"https:\/\/astrologelvan.com\/magaza\/urun\/hidirellez-rituel-kiti\/\" \/>\n<meta property=\"og:site_name\" content=\"Astrolog Elvan\" \/>\n<meta property=\"article:modified_time\" content=\"2025-10-06T05:14:52+00:00\" \/>\n<meta property=\"og:image\" content=\"https:\/\/astrologelvan.com\/magaza\/wp-content\/uploads\/2024\/02\/hidirellez.jpg\" \/>\n\t<meta property=\"og:image:width\" content=\"1080\" \/>\n\t<meta property=\"og:image:height\" content=\"1343\" \/>\n\t<meta property=\"og:image:type\" content=\"image\/jpeg\" \/>\n<meta name=\"twitter:card\" content=\"summary_large_image\" \/>\n<script type=\"application\/ld+json\" class=\"yoast-schema-graph\">{\"@context\":\"https:\\\/\\\/schema.org\",\"@graph\":[{\"@type\":[\"WebPage\",\"ItemPage\"],\"@id\":\"https:\\\/\\\/astrologelvan.com\\\/magaza\\\/urun\\\/hidirellez-rituel-kiti\\\/\",\"url\":\"https:\\\/\\\/astrologelvan.com\\\/magaza\\\/urun\\\/hidirellez-rituel-kiti\\\/\",\"name\":\"HIDIRELLEZ R\u0130T\u00dcEL K\u0130T\u0130 - Astrolog Elvan\",\"isPartOf\":{\"@id\":\"https:\\\/\\\/astrologelvan.com\\\/magaza\\\/#website\"},\"primaryImageOfPage\":{\"@id\":\"https:\\\/\\\/astrologelvan.com\\\/magaza\\\/urun\\\/hidirellez-rituel-kiti\\\/#primaryimage\"},\"image\":{\"@id\":\"https:\\\/\\\/astrologelvan.com\\\/magaza\\\/urun\\\/hidirellez-rituel-kiti\\\/#primaryimage\"},\"thumbnailUrl\":\"https:\\\/\\\/astrologelvan.com\\\/magaza\\\/wp-content\\\/uploads\\\/2024\\\/02\\\/hidirellez.jpg\",\"datePublished\":\"2024-02-27T23:21:42+00:00\",\"dateModified\":\"2025-10-06T05:14:52+00:00\",\"breadcrumb\":{\"@id\":\"https:\\\/\\\/astrologelvan.com\\\/magaza\\\/urun\\\/hidirellez-rituel-kiti\\\/#breadcrumb\"},\"inLanguage\":\"tr\",\"potentialAction\":[{\"@type\":\"ReadAction\",\"target\":[\"https:\\\/\\\/astrologelvan.com\\\/magaza\\\/urun\\\/hidirellez-rituel-kiti\\\/\"]}]},{\"@type\":\"ImageObject\",\"inLanguage\":\"tr\",\"@id\":\"https:\\\/\\\/astrologelvan.com\\\/magaza\\\/urun\\\/hidirellez-rituel-kiti\\\/#primaryimage\",\"url\":\"https:\\\/\\\/astrologelvan.com\\\/magaza\\\/wp-content\\\/uploads\\\/2024\\\/02\\\/hidirellez.jpg\",\"contentUrl\":\"https:\\\/\\\/astrologelvan.com\\\/magaza\\\/wp-content\\\/uploads\\\/2024\\\/02\\\/hidirellez.jpg\",\"width\":1080,\"height\":1343},{\"@type\":\"BreadcrumbList\",\"@id\":\"https:\\\/\\\/astrologelvan.com\\\/magaza\\\/urun\\\/hidirellez-rituel-kiti\\\/#breadcrumb\",\"itemListElement\":[{\"@type\":\"ListItem\",\"position\":1,\"name\":\"Anasayfa\",\"item\":\"https:\\\/\\\/astrologelvan.com\\\/magaza\\\/\"},{\"@type\":\"ListItem\",\"position\":2,\"name\":\"Ma\u011faza\",\"item\":\"https:\\\/\\\/astrologelvan.com\\\/magaza\\\/magaza\\\/\"},{\"@type\":\"ListItem\",\"position\":3,\"name\":\"HIDIRELLEZ R\u0130T\u00dcEL K\u0130T\u0130\"}]},{\"@type\":\"WebSite\",\"@id\":\"https:\\\/\\\/astrologelvan.com\\\/magaza\\\/#website\",\"url\":\"https:\\\/\\\/astrologelvan.com\\\/magaza\\\/\",\"name\":\"Astrolog Elvan\",\"description\":\"\",\"potentialAction\":[{\"@type\":\"SearchAction\",\"target\":{\"@type\":\"EntryPoint\",\"urlTemplate\":\"https:\\\/\\\/astrologelvan.com\\\/magaza\\\/?s={search_term_string}\"},\"query-input\":{\"@type\":\"PropertyValueSpecification\",\"valueRequired\":true,\"valueName\":\"search_term_string\"}}],\"inLanguage\":\"tr\"}]}<\/script>\n<!-- \/ Yoast SEO plugin. -->","yoast_head_json":{"title":"HIDIRELLEZ R\u0130T\u00dcEL K\u0130T\u0130 - Astrolog Elvan","robots":{"index":"index","follow":"follow","max-snippet":"max-snippet:-1","max-image-preview":"max-image-preview:large","max-video-preview":"max-video-preview:-1"},"canonical":"https:\/\/astrologelvan.com\/magaza\/urun\/hidirellez-rituel-kiti\/","og_locale":"tr_TR","og_type":"article","og_title":"HIDIRELLEZ R\u0130T\u00dcEL K\u0130T\u0130 - Astrolog Elvan","og_description":"5 May\u0131s'\u0131 6 May\u0131s'a ba\u011flayan gece yap\u0131lacakt\u0131r.  H\u0131d\u0131rellez ruhunuza ve hayat\u0131n\u0131za \u0131\u015f\u0131k tutsun. Mucizeler sizi bulsun.  7-7-7 Kitin i\u00e7erisinde 5 May\u0131s gecesi ihtiyac\u0131n\u0131z olan her \u015fey var! \u00d6nce defne yapra\u011f\u0131 ile t\u00fcts\u00fc yap\u0131yoruz. Neden mi? Defne yapra\u011f\u0131 Daphne isimli bir su perisinden ilham al\u0131r mitolojide. Peri k\u0131z\u0131 Daphne, Apollo\u2019dan ka\u00e7arken Gaia\u2019ya (Toprak ana ) \u201cBeni koru ve \u00fczerimi \u00f6rt\u201d der. Toprak ana dile\u011fini kabul eder ve periyi bir defne a\u011fac\u0131na d\u00f6n\u00fc\u015ft\u00fcr\u00fcr, Daphne\u2019ye a\u015f\u0131k olan Apollo da defne a\u011fac\u0131n\u0131 kutsar ve der ki : \u201cBundan sonra sen benim ba\u015f tac\u0131ms\u0131n ve dileklerin ger\u00e7ek olaca\u011f\u0131 ilk anda g\u00f6rd\u00fckleri bitki defne a\u011fac\u0131 olacak\u201d  Sonra niyetimizi dileyip, k\u0131rm\u0131z\u0131 mumu yak\u0131yoruz. Ve meleksa\u00e7\u0131 kolyemizi enerjimizi y\u00fckseltmek ad\u0131na tak\u0131yoruz. Niyetinizi yazarken en ba\u015fa \u201cAllah\u2019\u0131n izniyle, y\u00fcksek benli\u011fim\u201d demeyi unutmay\u0131n.  Bozuk param\u0131z\u0131 ve kilidimizi k\u0131rm\u0131z\u0131 keseye koyup, niyetlerimizi yazd\u0131\u011f\u0131m\u0131z ka\u011f\u0131d\u0131m\u0131z\u0131 kesenin i\u00e7ine atal\u0131m ve 5 May\u0131s gecesi bir g\u00fcl dal\u0131na asal\u0131m. \u201cH\u0131z\u0131r ve \u0130lyas (A.S.) yolumuza yard\u0131mc\u0131 olsun. Dileklerimizi dualar\u0131m\u0131z\u0131 g\u00f6rs\u00fcn\u201d niyetini edelim. Ve eve gelince iki dal g\u00fcl\u00fc de t\u00fcts\u00fcleyelim.  H\u0131drellez sabah\u0131, kesenin i\u00e7indeki bozuk paray\u0131 al\u0131p, bir y\u0131l boyunca c\u00fczdan\u0131m\u0131zda saklayal\u0131m. Bereket olsun. Kilidi ve anahtar\u0131 keseden \u00e7\u0131kar\u0131p, ba\u015f\u0131m\u0131z\u0131n \u00fczerinde gezdirip; \u201cT\u0131kal\u0131 olan t\u00fcm i\u015flerim a\u00e7\u0131ld\u0131, baht\u0131m, talihim a\u00e7\u0131ld\u0131\u201d diyerek bir suya, denize b\u0131rakal\u0131m. Oldu, oldu, oldu!","og_url":"https:\/\/astrologelvan.com\/magaza\/urun\/hidirellez-rituel-kiti\/","og_site_name":"Astrolog Elvan","article_modified_time":"2025-10-06T05:14:52+00:00","og_image":[{"width":1080,"height":1343,"url":"https:\/\/astrologelvan.com\/magaza\/wp-content\/uploads\/2024\/02\/hidirellez.jpg","type":"image\/jpeg"}],"twitter_card":"summary_large_image","schema":{"@context":"https:\/\/schema.org","@graph":[{"@type":["WebPage","ItemPage"],"@id":"https:\/\/astrologelvan.com\/magaza\/urun\/hidirellez-rituel-kiti\/","url":"https:\/\/astrologelvan.com\/magaza\/urun\/hidirellez-rituel-kiti\/","name":"HIDIRELLEZ R\u0130T\u00dcEL K\u0130T\u0130 - Astrolog Elvan","isPartOf":{"@id":"https:\/\/astrologelvan.com\/magaza\/#website"},"primaryImageOfPage":{"@id":"https:\/\/astrologelvan.com\/magaza\/urun\/hidirellez-rituel-kiti\/#primaryimage"},"image":{"@id":"https:\/\/astrologelvan.com\/magaza\/urun\/hidirellez-rituel-kiti\/#primaryimage"},"thumbnailUrl":"https:\/\/astrologelvan.com\/magaza\/wp-content\/uploads\/2024\/02\/hidirellez.jpg","datePublished":"2024-02-27T23:21:42+00:00","dateModified":"2025-10-06T05:14:52+00:00","breadcrumb":{"@id":"https:\/\/astrologelvan.com\/magaza\/urun\/hidirellez-rituel-kiti\/#breadcrumb"},"inLanguage":"tr","potentialAction":[{"@type":"ReadAction","target":["https:\/\/astrologelvan.com\/magaza\/urun\/hidirellez-rituel-kiti\/"]}]},{"@type":"ImageObject","inLanguage":"tr","@id":"https:\/\/astrologelvan.com\/magaza\/urun\/hidirellez-rituel-kiti\/#primaryimage","url":"https:\/\/astrologelvan.com\/magaza\/wp-content\/uploads\/2024\/02\/hidirellez.jpg","contentUrl":"https:\/\/astrologelvan.com\/magaza\/wp-content\/uploads\/2024\/02\/hidirellez.jpg","width":1080,"height":1343},{"@type":"BreadcrumbList","@id":"https:\/\/astrologelvan.com\/magaza\/urun\/hidirellez-rituel-kiti\/#breadcrumb","itemListElement":[{"@type":"ListItem","position":1,"name":"Anasayfa","item":"https:\/\/astrologelvan.com\/magaza\/"},{"@type":"ListItem","position":2,"name":"Ma\u011faza","item":"https:\/\/astrologelvan.com\/magaza\/magaza\/"},{"@type":"ListItem","position":3,"name":"HIDIRELLEZ R\u0130T\u00dcEL K\u0130T\u0130"}]},{"@type":"WebSite","@id":"https:\/\/astrologelvan.com\/magaza\/#website","url":"https:\/\/astrologelvan.com\/magaza\/","name":"Astrolog Elvan","description":"","potentialAction":[{"@type":"SearchAction","target":{"@type":"EntryPoint","urlTemplate":"https:\/\/astrologelvan.com\/magaza\/?s={search_term_string}"},"query-input":{"@type":"PropertyValueSpecification","valueRequired":true,"valueName":"search_term_string"}}],"inLanguage":"tr"}]}},"_links":{"self":[{"href":"https:\/\/astrologelvan.com\/magaza\/wp-json\/wp\/v2\/product\/407","targetHints":{"allow":["GET"]}}],"collection":[{"href":"https:\/\/astrologelvan.com\/magaza\/wp-json\/wp\/v2\/product"}],"about":[{"href":"https:\/\/astrologelvan.com\/magaza\/wp-json\/wp\/v2\/types\/product"}],"replies":[{"embeddable":true,"href":"https:\/\/astrologelvan.com\/magaza\/wp-json\/wp\/v2\/comments?post=407"}],"wp:featuredmedia":[{"embeddable":true,"href":"https:\/\/astrologelvan.com\/magaza\/wp-json\/wp\/v2\/media\/469"}],"wp:attachment":[{"href":"https:\/\/astrologelvan.com\/magaza\/wp-json\/wp\/v2\/media?parent=407"}],"wp:term":[{"taxonomy":"product_brand","embeddable":true,"href":"https:\/\/astrologelvan.com\/magaza\/wp-json\/wp\/v2\/product_brand?post=407"},{"taxonomy":"product_cat","embeddable":true,"href":"https:\/\/astrologelvan.com\/magaza\/wp-json\/wp\/v2\/product_cat?post=407"},{"taxonomy":"product_tag","embeddable":true,"href":"https:\/\/astrologelvan.com\/magaza\/wp-json\/wp\/v2\/product_tag?post=407"}],"curies":[{"name":"wp","href":"https:\/\/api.w.org\/{rel}","templated":true}]}}