{"id":388,"date":"2024-02-28T02:20:14","date_gmt":"2024-02-27T23:20:14","guid":{"rendered":"https:\/\/astrologelvan.shop\/?post_type=product&#038;p=388"},"modified":"2026-03-26T00:46:31","modified_gmt":"2026-03-25T21:46:31","slug":"turmalin-tasi-pandul","status":"publish","type":"product","link":"https:\/\/astrologelvan.com\/magaza\/urun\/turmalin-tasi-pandul\/","title":{"rendered":"TURMAL\u0130N TA\u015eI PAND\u00dcL"},"content":{"rendered":"<p><strong>\u00dcr\u00fcn\u00fcn\u00fcz\u00fcn uzun s\u00fcre kullanabilmesi i\u00e7in; Parf\u00fcm, su, s\u0131v\u0131, dezenfektan, krem v.b. gibi maddelerle temas etmemesi gerekmektedir. \u00dcr\u00fcnlerinizi kullanmad\u0131\u011f\u0131n\u0131z zamanlarda kesesinde saklaman\u0131z\u0131 \u00f6neririz.<\/strong><\/p>\n<p><strong>Do\u011fal ta\u015flar\u0131n belirli titre\u015fimlere ve frekanslara sahip oldu\u011fu bilinmektedir. Bu nedenle v\u00fccudumuzda ve auram\u0131zda birtak\u0131m iyi etkileri oldu\u011fu s\u00f6ylenmektedir. Ta\u015flar\u0131n \u00f6zelliklerinin bilimsel kesinli\u011fi yoktur. Astrologelvan ma\u011fazas\u0131ndaki t\u00fcm ta\u015flar orijinal, ger\u00e7ek do\u011fal ta\u015flard\u0131r. T\u0131bbi konularda doktora dan\u0131\u015fman\u0131z\u0131 tavsiye ederiz. Ta\u015flar\u0131n tedavi edici \u00f6zelli\u011fi yoktur, sadece ki\u015fisel enerjimizi y\u00fckseltmekte ve astrolojik olarak da temsil etti\u011fi gezegenlerin etkilerini artt\u0131rmakta oldu\u011fu kabul edilir. \u00d6rne\u011fin; pembe kuvars ta\u015f\u0131 a\u015fk ve sevgi gezegeni Ven\u00fcs\u2019\u00fcn ta\u015f\u0131d\u0131r ve bu sebeple \u00fczerinde ta\u015f\u0131yan ki\u015finin a\u015fk ve sevgi frekans\u0131n\u0131 y\u00fckseltti\u011fi bilinir.<\/strong><\/p>\n","protected":false},"excerpt":{"rendered":"<p>Siyah Turmalin ta\u015f\u0131; \u00e7ok g\u00fc\u00e7l\u00fc bir koruma ta\u015f\u0131d\u0131r. Negatif t\u00fcm varl\u0131klara kar\u015f\u0131 kalkan g\u00f6revi g\u00f6r\u00fcr. Her bur\u00e7 \u00fczerinde ta\u015f\u0131yabilir. Siyaht\u0131r ama g\u00f6kku\u015fa\u011f\u0131ndaki t\u00fcm renklerin biraraya nedeniyle siyah g\u00f6r\u00fcn\u00fcr. Ondan 7 \u00e7akra \u00fczerinde de etkili \u00e7al\u0131\u015f\u0131r. Ruhsal olarak k\u00f6t\u00fc hissetti\u011finizde, enerji dengelemek i\u00e7in \u00fczerinizde ta\u015f\u0131yabilirsiniz. Haftada bir ada\u00e7ay\u0131 t\u00fcts\u00fcs\u00fc ile temizleyin.<\/p>\n<p>&nbsp;<\/p>\n","protected":false},"featured_media":8284,"comment_status":"open","ping_status":"closed","template":"","meta":[],"product_brand":[],"product_cat":[214],"product_tag":[39,40,216,228,219,229,230,231],"class_list":{"0":"post-388","1":"product","2":"type-product","3":"status-publish","4":"has-post-thumbnail","6":"product_cat-pandul","7":"product_tag-astrolog-elvan","8":"product_tag-dogal-tas","9":"product_tag-dogal-tas-pandul","10":"product_tag-dogal-turmalin-tasi","11":"product_tag-pandul","12":"product_tag-termalin-tasi","13":"product_tag-turmalin","14":"product_tag-turmalin-tasi-pandul","16":"first","17":"instock","18":"taxable","19":"shipping-taxable","20":"purchasable","21":"product-type-simple"},"yoast_head":"<!-- This site is optimized with the Yoast SEO plugin v27.3 - https:\/\/yoast.com\/product\/yoast-seo-wordpress\/ -->\n<title>TURMAL\u0130N TA\u015eI PAND\u00dcL - Astrolog Elvan<\/title>\n<meta name=\"robots\" content=\"index, follow, max-snippet:-1, max-image-preview:large, max-video-preview:-1\" \/>\n<link rel=\"canonical\" href=\"https:\/\/astrologelvan.com\/magaza\/urun\/turmalin-tasi-pandul\/\" \/>\n<meta property=\"og:locale\" content=\"tr_TR\" \/>\n<meta property=\"og:type\" content=\"article\" \/>\n<meta property=\"og:title\" content=\"TURMAL\u0130N TA\u015eI PAND\u00dcL - Astrolog Elvan\" \/>\n<meta property=\"og:description\" content=\"Siyah Turmalin ta\u015f\u0131; \u00e7ok g\u00fc\u00e7l\u00fc bir koruma ta\u015f\u0131d\u0131r. Negatif t\u00fcm varl\u0131klara kar\u015f\u0131 kalkan g\u00f6revi g\u00f6r\u00fcr. Her bur\u00e7 \u00fczerinde ta\u015f\u0131yabilir. Siyaht\u0131r ama g\u00f6kku\u015fa\u011f\u0131ndaki t\u00fcm renklerin biraraya nedeniyle siyah g\u00f6r\u00fcn\u00fcr. Ondan 7 \u00e7akra \u00fczerinde de etkili \u00e7al\u0131\u015f\u0131r. Ruhsal olarak k\u00f6t\u00fc hissetti\u011finizde, enerji dengelemek i\u00e7in \u00fczerinizde ta\u015f\u0131yabilirsiniz. Haftada bir ada\u00e7ay\u0131 t\u00fcts\u00fcs\u00fc ile temizleyin.  &nbsp;\" \/>\n<meta property=\"og:url\" content=\"https:\/\/astrologelvan.com\/magaza\/urun\/turmalin-tasi-pandul\/\" \/>\n<meta property=\"og:site_name\" content=\"Astrolog Elvan\" \/>\n<meta property=\"article:modified_time\" content=\"2026-03-25T21:46:31+00:00\" \/>\n<meta property=\"og:image\" content=\"https:\/\/astrologelvan.com\/magaza\/wp-content\/uploads\/2024\/02\/1-88-scaled.jpg\" \/>\n\t<meta property=\"og:image:width\" content=\"2560\" \/>\n\t<meta property=\"og:image:height\" content=\"2560\" \/>\n\t<meta property=\"og:image:type\" content=\"image\/jpeg\" \/>\n<meta name=\"twitter:card\" content=\"summary_large_image\" \/>\n<meta name=\"twitter:label1\" content=\"Tahmini okuma s\u00fcresi\" \/>\n\t<meta name=\"twitter:data1\" content=\"1 dakika\" \/>\n<script type=\"application\/ld+json\" class=\"yoast-schema-graph\">{\"@context\":\"https:\\\/\\\/schema.org\",\"@graph\":[{\"@type\":[\"WebPage\",\"ItemPage\"],\"@id\":\"https:\\\/\\\/astrologelvan.com\\\/magaza\\\/urun\\\/turmalin-tasi-pandul\\\/\",\"url\":\"https:\\\/\\\/astrologelvan.com\\\/magaza\\\/urun\\\/turmalin-tasi-pandul\\\/\",\"name\":\"TURMAL\u0130N TA\u015eI PAND\u00dcL - Astrolog Elvan\",\"isPartOf\":{\"@id\":\"https:\\\/\\\/astrologelvan.com\\\/magaza\\\/#website\"},\"primaryImageOfPage\":{\"@id\":\"https:\\\/\\\/astrologelvan.com\\\/magaza\\\/urun\\\/turmalin-tasi-pandul\\\/#primaryimage\"},\"image\":{\"@id\":\"https:\\\/\\\/astrologelvan.com\\\/magaza\\\/urun\\\/turmalin-tasi-pandul\\\/#primaryimage\"},\"thumbnailUrl\":\"https:\\\/\\\/astrologelvan.com\\\/magaza\\\/wp-content\\\/uploads\\\/2024\\\/02\\\/1-88-scaled.jpg\",\"datePublished\":\"2024-02-27T23:20:14+00:00\",\"dateModified\":\"2026-03-25T21:46:31+00:00\",\"breadcrumb\":{\"@id\":\"https:\\\/\\\/astrologelvan.com\\\/magaza\\\/urun\\\/turmalin-tasi-pandul\\\/#breadcrumb\"},\"inLanguage\":\"tr\",\"potentialAction\":[{\"@type\":\"ReadAction\",\"target\":[\"https:\\\/\\\/astrologelvan.com\\\/magaza\\\/urun\\\/turmalin-tasi-pandul\\\/\"]}]},{\"@type\":\"ImageObject\",\"inLanguage\":\"tr\",\"@id\":\"https:\\\/\\\/astrologelvan.com\\\/magaza\\\/urun\\\/turmalin-tasi-pandul\\\/#primaryimage\",\"url\":\"https:\\\/\\\/astrologelvan.com\\\/magaza\\\/wp-content\\\/uploads\\\/2024\\\/02\\\/1-88-scaled.jpg\",\"contentUrl\":\"https:\\\/\\\/astrologelvan.com\\\/magaza\\\/wp-content\\\/uploads\\\/2024\\\/02\\\/1-88-scaled.jpg\",\"width\":2560,\"height\":2560},{\"@type\":\"BreadcrumbList\",\"@id\":\"https:\\\/\\\/astrologelvan.com\\\/magaza\\\/urun\\\/turmalin-tasi-pandul\\\/#breadcrumb\",\"itemListElement\":[{\"@type\":\"ListItem\",\"position\":1,\"name\":\"Anasayfa\",\"item\":\"https:\\\/\\\/astrologelvan.com\\\/magaza\\\/\"},{\"@type\":\"ListItem\",\"position\":2,\"name\":\"Ma\u011faza\",\"item\":\"https:\\\/\\\/astrologelvan.com\\\/magaza\\\/magaza\\\/\"},{\"@type\":\"ListItem\",\"position\":3,\"name\":\"TURMAL\u0130N TA\u015eI PAND\u00dcL\"}]},{\"@type\":\"WebSite\",\"@id\":\"https:\\\/\\\/astrologelvan.com\\\/magaza\\\/#website\",\"url\":\"https:\\\/\\\/astrologelvan.com\\\/magaza\\\/\",\"name\":\"Astrolog Elvan\",\"description\":\"\",\"potentialAction\":[{\"@type\":\"SearchAction\",\"target\":{\"@type\":\"EntryPoint\",\"urlTemplate\":\"https:\\\/\\\/astrologelvan.com\\\/magaza\\\/?s={search_term_string}\"},\"query-input\":{\"@type\":\"PropertyValueSpecification\",\"valueRequired\":true,\"valueName\":\"search_term_string\"}}],\"inLanguage\":\"tr\"}]}<\/script>\n<!-- \/ Yoast SEO plugin. -->","yoast_head_json":{"title":"TURMAL\u0130N TA\u015eI PAND\u00dcL - Astrolog Elvan","robots":{"index":"index","follow":"follow","max-snippet":"max-snippet:-1","max-image-preview":"max-image-preview:large","max-video-preview":"max-video-preview:-1"},"canonical":"https:\/\/astrologelvan.com\/magaza\/urun\/turmalin-tasi-pandul\/","og_locale":"tr_TR","og_type":"article","og_title":"TURMAL\u0130N TA\u015eI PAND\u00dcL - Astrolog Elvan","og_description":"Siyah Turmalin ta\u015f\u0131; \u00e7ok g\u00fc\u00e7l\u00fc bir koruma ta\u015f\u0131d\u0131r. Negatif t\u00fcm varl\u0131klara kar\u015f\u0131 kalkan g\u00f6revi g\u00f6r\u00fcr. Her bur\u00e7 \u00fczerinde ta\u015f\u0131yabilir. Siyaht\u0131r ama g\u00f6kku\u015fa\u011f\u0131ndaki t\u00fcm renklerin biraraya nedeniyle siyah g\u00f6r\u00fcn\u00fcr. Ondan 7 \u00e7akra \u00fczerinde de etkili \u00e7al\u0131\u015f\u0131r. Ruhsal olarak k\u00f6t\u00fc hissetti\u011finizde, enerji dengelemek i\u00e7in \u00fczerinizde ta\u015f\u0131yabilirsiniz. Haftada bir ada\u00e7ay\u0131 t\u00fcts\u00fcs\u00fc ile temizleyin.  &nbsp;","og_url":"https:\/\/astrologelvan.com\/magaza\/urun\/turmalin-tasi-pandul\/","og_site_name":"Astrolog Elvan","article_modified_time":"2026-03-25T21:46:31+00:00","og_image":[{"width":2560,"height":2560,"url":"https:\/\/astrologelvan.com\/magaza\/wp-content\/uploads\/2024\/02\/1-88-scaled.jpg","type":"image\/jpeg"}],"twitter_card":"summary_large_image","twitter_misc":{"Tahmini okuma s\u00fcresi":"1 dakika"},"schema":{"@context":"https:\/\/schema.org","@graph":[{"@type":["WebPage","ItemPage"],"@id":"https:\/\/astrologelvan.com\/magaza\/urun\/turmalin-tasi-pandul\/","url":"https:\/\/astrologelvan.com\/magaza\/urun\/turmalin-tasi-pandul\/","name":"TURMAL\u0130N TA\u015eI PAND\u00dcL - Astrolog Elvan","isPartOf":{"@id":"https:\/\/astrologelvan.com\/magaza\/#website"},"primaryImageOfPage":{"@id":"https:\/\/astrologelvan.com\/magaza\/urun\/turmalin-tasi-pandul\/#primaryimage"},"image":{"@id":"https:\/\/astrologelvan.com\/magaza\/urun\/turmalin-tasi-pandul\/#primaryimage"},"thumbnailUrl":"https:\/\/astrologelvan.com\/magaza\/wp-content\/uploads\/2024\/02\/1-88-scaled.jpg","datePublished":"2024-02-27T23:20:14+00:00","dateModified":"2026-03-25T21:46:31+00:00","breadcrumb":{"@id":"https:\/\/astrologelvan.com\/magaza\/urun\/turmalin-tasi-pandul\/#breadcrumb"},"inLanguage":"tr","potentialAction":[{"@type":"ReadAction","target":["https:\/\/astrologelvan.com\/magaza\/urun\/turmalin-tasi-pandul\/"]}]},{"@type":"ImageObject","inLanguage":"tr","@id":"https:\/\/astrologelvan.com\/magaza\/urun\/turmalin-tasi-pandul\/#primaryimage","url":"https:\/\/astrologelvan.com\/magaza\/wp-content\/uploads\/2024\/02\/1-88-scaled.jpg","contentUrl":"https:\/\/astrologelvan.com\/magaza\/wp-content\/uploads\/2024\/02\/1-88-scaled.jpg","width":2560,"height":2560},{"@type":"BreadcrumbList","@id":"https:\/\/astrologelvan.com\/magaza\/urun\/turmalin-tasi-pandul\/#breadcrumb","itemListElement":[{"@type":"ListItem","position":1,"name":"Anasayfa","item":"https:\/\/astrologelvan.com\/magaza\/"},{"@type":"ListItem","position":2,"name":"Ma\u011faza","item":"https:\/\/astrologelvan.com\/magaza\/magaza\/"},{"@type":"ListItem","position":3,"name":"TURMAL\u0130N TA\u015eI PAND\u00dcL"}]},{"@type":"WebSite","@id":"https:\/\/astrologelvan.com\/magaza\/#website","url":"https:\/\/astrologelvan.com\/magaza\/","name":"Astrolog Elvan","description":"","potentialAction":[{"@type":"SearchAction","target":{"@type":"EntryPoint","urlTemplate":"https:\/\/astrologelvan.com\/magaza\/?s={search_term_string}"},"query-input":{"@type":"PropertyValueSpecification","valueRequired":true,"valueName":"search_term_string"}}],"inLanguage":"tr"}]}},"_links":{"self":[{"href":"https:\/\/astrologelvan.com\/magaza\/wp-json\/wp\/v2\/product\/388","targetHints":{"allow":["GET"]}}],"collection":[{"href":"https:\/\/astrologelvan.com\/magaza\/wp-json\/wp\/v2\/product"}],"about":[{"href":"https:\/\/astrologelvan.com\/magaza\/wp-json\/wp\/v2\/types\/product"}],"replies":[{"embeddable":true,"href":"https:\/\/astrologelvan.com\/magaza\/wp-json\/wp\/v2\/comments?post=388"}],"wp:featuredmedia":[{"embeddable":true,"href":"https:\/\/astrologelvan.com\/magaza\/wp-json\/wp\/v2\/media\/8284"}],"wp:attachment":[{"href":"https:\/\/astrologelvan.com\/magaza\/wp-json\/wp\/v2\/media?parent=388"}],"wp:term":[{"taxonomy":"product_brand","embeddable":true,"href":"https:\/\/astrologelvan.com\/magaza\/wp-json\/wp\/v2\/product_brand?post=388"},{"taxonomy":"product_cat","embeddable":true,"href":"https:\/\/astrologelvan.com\/magaza\/wp-json\/wp\/v2\/product_cat?post=388"},{"taxonomy":"product_tag","embeddable":true,"href":"https:\/\/astrologelvan.com\/magaza\/wp-json\/wp\/v2\/product_tag?post=388"}],"curies":[{"name":"wp","href":"https:\/\/api.w.org\/{rel}","templated":true}]}}