{"id":38527,"date":"2025-01-27T14:50:17","date_gmt":"2025-01-27T11:50:17","guid":{"rendered":"https:\/\/astrologelvan.com\/magaza\/?post_type=product&#038;p=38527"},"modified":"2025-10-09T19:37:57","modified_gmt":"2025-10-09T16:37:57","slug":"thorun-cekici-canta-aksesuari-anahtarlik","status":"publish","type":"product","link":"https:\/\/astrologelvan.com\/magaza\/urun\/thorun-cekici-canta-aksesuari-anahtarlik\/","title":{"rendered":"Thor&#8217;un \u00c7ekici (\u00c7anta Aksesuar\u0131 &#038;amp"},"content":{"rendered":"<p>Materyal Pirin\u00e7 Kaplama<\/p>\n","protected":false},"excerpt":{"rendered":"<p>Erkekler i\u00e7in \u00fcretti\u011fimiz bu anahtarl\u0131k ve \u00e7anta aksesuar\u0131, Thor&#8217;un \u00e7ekicinde Thor, \u00f6nemli bir \u0130skandinav tanr\u0131s\u0131d\u0131r. G\u00f6k g\u00fcr\u00fclt\u00fcs\u00fc, g\u00fc\u00e7 ve koruma tanr\u0131s\u0131 olarak bilinir. Thor&#8217;un \u00e7ekici sembol\u00fc, erkeklere g\u00fc\u00e7, denge ve koruma verecektir. Sevdi\u011finiz bir erke\u011fe hediye edebilirsiniz. Mutlaka yan\u0131nda ta\u015f\u0131mas\u0131 \u00f6nerilir.<\/p>\n","protected":false},"featured_media":38540,"comment_status":"open","ping_status":"closed","template":"","meta":[],"product_brand":[],"product_cat":[568],"product_tag":[],"class_list":{"0":"post-38527","1":"product","2":"type-product","3":"status-publish","4":"has-post-thumbnail","6":"product_cat-anahtarliklar","8":"first","9":"outofstock","10":"taxable","11":"shipping-taxable","12":"purchasable","13":"product-type-simple"},"yoast_head":"<!-- This site is optimized with the Yoast SEO plugin v27.3 - https:\/\/yoast.com\/product\/yoast-seo-wordpress\/ -->\n<title>Thor&#039;un \u00c7ekici (\u00c7anta Aksesuar\u0131 &amp;amp - Astrolog Elvan<\/title>\n<meta name=\"robots\" content=\"index, follow, max-snippet:-1, max-image-preview:large, max-video-preview:-1\" \/>\n<link rel=\"canonical\" href=\"https:\/\/astrologelvan.com\/magaza\/urun\/thorun-cekici-canta-aksesuari-anahtarlik\/\" \/>\n<meta property=\"og:locale\" content=\"tr_TR\" \/>\n<meta property=\"og:type\" content=\"article\" \/>\n<meta property=\"og:title\" content=\"Thor&#039;un \u00c7ekici (\u00c7anta Aksesuar\u0131 &amp;amp - Astrolog Elvan\" \/>\n<meta property=\"og:description\" content=\"Erkekler i\u00e7in \u00fcretti\u011fimiz bu anahtarl\u0131k ve \u00e7anta aksesuar\u0131, Thor&#039;un \u00e7ekicinde Thor, \u00f6nemli bir \u0130skandinav tanr\u0131s\u0131d\u0131r. G\u00f6k g\u00fcr\u00fclt\u00fcs\u00fc, g\u00fc\u00e7 ve koruma tanr\u0131s\u0131 olarak bilinir. Thor&#039;un \u00e7ekici sembol\u00fc, erkeklere g\u00fc\u00e7, denge ve koruma verecektir. Sevdi\u011finiz bir erke\u011fe hediye edebilirsiniz. Mutlaka yan\u0131nda ta\u015f\u0131mas\u0131 \u00f6nerilir.\" \/>\n<meta property=\"og:url\" content=\"https:\/\/astrologelvan.com\/magaza\/urun\/thorun-cekici-canta-aksesuari-anahtarlik\/\" \/>\n<meta property=\"og:site_name\" content=\"Astrolog Elvan\" \/>\n<meta property=\"article:modified_time\" content=\"2025-10-09T16:37:57+00:00\" \/>\n<meta property=\"og:image\" content=\"https:\/\/astrologelvan.com\/magaza\/wp-content\/uploads\/2025\/01\/CEKIC-FOTO.jpg\" \/>\n\t<meta property=\"og:image:width\" content=\"2400\" \/>\n\t<meta property=\"og:image:height\" content=\"2400\" \/>\n\t<meta property=\"og:image:type\" content=\"image\/jpeg\" \/>\n<meta name=\"twitter:card\" content=\"summary_large_image\" \/>\n<meta name=\"twitter:label1\" content=\"Tahmini okuma s\u00fcresi\" \/>\n\t<meta name=\"twitter:data1\" content=\"1 dakika\" \/>\n<script type=\"application\/ld+json\" class=\"yoast-schema-graph\">{\"@context\":\"https:\\\/\\\/schema.org\",\"@graph\":[{\"@type\":[\"WebPage\",\"ItemPage\"],\"@id\":\"https:\\\/\\\/astrologelvan.com\\\/magaza\\\/urun\\\/thorun-cekici-canta-aksesuari-anahtarlik\\\/\",\"url\":\"https:\\\/\\\/astrologelvan.com\\\/magaza\\\/urun\\\/thorun-cekici-canta-aksesuari-anahtarlik\\\/\",\"name\":\"Thor'un \u00c7ekici (\u00c7anta Aksesuar\u0131 &amp - Astrolog Elvan\",\"isPartOf\":{\"@id\":\"https:\\\/\\\/astrologelvan.com\\\/magaza\\\/#website\"},\"primaryImageOfPage\":{\"@id\":\"https:\\\/\\\/astrologelvan.com\\\/magaza\\\/urun\\\/thorun-cekici-canta-aksesuari-anahtarlik\\\/#primaryimage\"},\"image\":{\"@id\":\"https:\\\/\\\/astrologelvan.com\\\/magaza\\\/urun\\\/thorun-cekici-canta-aksesuari-anahtarlik\\\/#primaryimage\"},\"thumbnailUrl\":\"https:\\\/\\\/astrologelvan.com\\\/magaza\\\/wp-content\\\/uploads\\\/2025\\\/01\\\/CEKIC-FOTO.jpg\",\"datePublished\":\"2025-01-27T11:50:17+00:00\",\"dateModified\":\"2025-10-09T16:37:57+00:00\",\"breadcrumb\":{\"@id\":\"https:\\\/\\\/astrologelvan.com\\\/magaza\\\/urun\\\/thorun-cekici-canta-aksesuari-anahtarlik\\\/#breadcrumb\"},\"inLanguage\":\"tr\",\"potentialAction\":[{\"@type\":\"ReadAction\",\"target\":[\"https:\\\/\\\/astrologelvan.com\\\/magaza\\\/urun\\\/thorun-cekici-canta-aksesuari-anahtarlik\\\/\"]}]},{\"@type\":\"ImageObject\",\"inLanguage\":\"tr\",\"@id\":\"https:\\\/\\\/astrologelvan.com\\\/magaza\\\/urun\\\/thorun-cekici-canta-aksesuari-anahtarlik\\\/#primaryimage\",\"url\":\"https:\\\/\\\/astrologelvan.com\\\/magaza\\\/wp-content\\\/uploads\\\/2025\\\/01\\\/CEKIC-FOTO.jpg\",\"contentUrl\":\"https:\\\/\\\/astrologelvan.com\\\/magaza\\\/wp-content\\\/uploads\\\/2025\\\/01\\\/CEKIC-FOTO.jpg\",\"width\":2400,\"height\":2400},{\"@type\":\"BreadcrumbList\",\"@id\":\"https:\\\/\\\/astrologelvan.com\\\/magaza\\\/urun\\\/thorun-cekici-canta-aksesuari-anahtarlik\\\/#breadcrumb\",\"itemListElement\":[{\"@type\":\"ListItem\",\"position\":1,\"name\":\"Anasayfa\",\"item\":\"https:\\\/\\\/astrologelvan.com\\\/magaza\\\/\"},{\"@type\":\"ListItem\",\"position\":2,\"name\":\"Ma\u011faza\",\"item\":\"https:\\\/\\\/astrologelvan.com\\\/magaza\\\/magaza\\\/\"},{\"@type\":\"ListItem\",\"position\":3,\"name\":\"Thor&#8217;un \u00c7ekici (\u00c7anta Aksesuar\u0131 &#038;amp\"}]},{\"@type\":\"WebSite\",\"@id\":\"https:\\\/\\\/astrologelvan.com\\\/magaza\\\/#website\",\"url\":\"https:\\\/\\\/astrologelvan.com\\\/magaza\\\/\",\"name\":\"Astrolog Elvan\",\"description\":\"\",\"potentialAction\":[{\"@type\":\"SearchAction\",\"target\":{\"@type\":\"EntryPoint\",\"urlTemplate\":\"https:\\\/\\\/astrologelvan.com\\\/magaza\\\/?s={search_term_string}\"},\"query-input\":{\"@type\":\"PropertyValueSpecification\",\"valueRequired\":true,\"valueName\":\"search_term_string\"}}],\"inLanguage\":\"tr\"}]}<\/script>\n<!-- \/ Yoast SEO plugin. -->","yoast_head_json":{"title":"Thor'un \u00c7ekici (\u00c7anta Aksesuar\u0131 &amp - Astrolog Elvan","robots":{"index":"index","follow":"follow","max-snippet":"max-snippet:-1","max-image-preview":"max-image-preview:large","max-video-preview":"max-video-preview:-1"},"canonical":"https:\/\/astrologelvan.com\/magaza\/urun\/thorun-cekici-canta-aksesuari-anahtarlik\/","og_locale":"tr_TR","og_type":"article","og_title":"Thor'un \u00c7ekici (\u00c7anta Aksesuar\u0131 &amp - Astrolog Elvan","og_description":"Erkekler i\u00e7in \u00fcretti\u011fimiz bu anahtarl\u0131k ve \u00e7anta aksesuar\u0131, Thor'un \u00e7ekicinde Thor, \u00f6nemli bir \u0130skandinav tanr\u0131s\u0131d\u0131r. G\u00f6k g\u00fcr\u00fclt\u00fcs\u00fc, g\u00fc\u00e7 ve koruma tanr\u0131s\u0131 olarak bilinir. Thor'un \u00e7ekici sembol\u00fc, erkeklere g\u00fc\u00e7, denge ve koruma verecektir. Sevdi\u011finiz bir erke\u011fe hediye edebilirsiniz. Mutlaka yan\u0131nda ta\u015f\u0131mas\u0131 \u00f6nerilir.","og_url":"https:\/\/astrologelvan.com\/magaza\/urun\/thorun-cekici-canta-aksesuari-anahtarlik\/","og_site_name":"Astrolog Elvan","article_modified_time":"2025-10-09T16:37:57+00:00","og_image":[{"width":2400,"height":2400,"url":"https:\/\/astrologelvan.com\/magaza\/wp-content\/uploads\/2025\/01\/CEKIC-FOTO.jpg","type":"image\/jpeg"}],"twitter_card":"summary_large_image","twitter_misc":{"Tahmini okuma s\u00fcresi":"1 dakika"},"schema":{"@context":"https:\/\/schema.org","@graph":[{"@type":["WebPage","ItemPage"],"@id":"https:\/\/astrologelvan.com\/magaza\/urun\/thorun-cekici-canta-aksesuari-anahtarlik\/","url":"https:\/\/astrologelvan.com\/magaza\/urun\/thorun-cekici-canta-aksesuari-anahtarlik\/","name":"Thor'un \u00c7ekici (\u00c7anta Aksesuar\u0131 &amp - Astrolog Elvan","isPartOf":{"@id":"https:\/\/astrologelvan.com\/magaza\/#website"},"primaryImageOfPage":{"@id":"https:\/\/astrologelvan.com\/magaza\/urun\/thorun-cekici-canta-aksesuari-anahtarlik\/#primaryimage"},"image":{"@id":"https:\/\/astrologelvan.com\/magaza\/urun\/thorun-cekici-canta-aksesuari-anahtarlik\/#primaryimage"},"thumbnailUrl":"https:\/\/astrologelvan.com\/magaza\/wp-content\/uploads\/2025\/01\/CEKIC-FOTO.jpg","datePublished":"2025-01-27T11:50:17+00:00","dateModified":"2025-10-09T16:37:57+00:00","breadcrumb":{"@id":"https:\/\/astrologelvan.com\/magaza\/urun\/thorun-cekici-canta-aksesuari-anahtarlik\/#breadcrumb"},"inLanguage":"tr","potentialAction":[{"@type":"ReadAction","target":["https:\/\/astrologelvan.com\/magaza\/urun\/thorun-cekici-canta-aksesuari-anahtarlik\/"]}]},{"@type":"ImageObject","inLanguage":"tr","@id":"https:\/\/astrologelvan.com\/magaza\/urun\/thorun-cekici-canta-aksesuari-anahtarlik\/#primaryimage","url":"https:\/\/astrologelvan.com\/magaza\/wp-content\/uploads\/2025\/01\/CEKIC-FOTO.jpg","contentUrl":"https:\/\/astrologelvan.com\/magaza\/wp-content\/uploads\/2025\/01\/CEKIC-FOTO.jpg","width":2400,"height":2400},{"@type":"BreadcrumbList","@id":"https:\/\/astrologelvan.com\/magaza\/urun\/thorun-cekici-canta-aksesuari-anahtarlik\/#breadcrumb","itemListElement":[{"@type":"ListItem","position":1,"name":"Anasayfa","item":"https:\/\/astrologelvan.com\/magaza\/"},{"@type":"ListItem","position":2,"name":"Ma\u011faza","item":"https:\/\/astrologelvan.com\/magaza\/magaza\/"},{"@type":"ListItem","position":3,"name":"Thor&#8217;un \u00c7ekici (\u00c7anta Aksesuar\u0131 &#038;amp"}]},{"@type":"WebSite","@id":"https:\/\/astrologelvan.com\/magaza\/#website","url":"https:\/\/astrologelvan.com\/magaza\/","name":"Astrolog Elvan","description":"","potentialAction":[{"@type":"SearchAction","target":{"@type":"EntryPoint","urlTemplate":"https:\/\/astrologelvan.com\/magaza\/?s={search_term_string}"},"query-input":{"@type":"PropertyValueSpecification","valueRequired":true,"valueName":"search_term_string"}}],"inLanguage":"tr"}]}},"_links":{"self":[{"href":"https:\/\/astrologelvan.com\/magaza\/wp-json\/wp\/v2\/product\/38527","targetHints":{"allow":["GET"]}}],"collection":[{"href":"https:\/\/astrologelvan.com\/magaza\/wp-json\/wp\/v2\/product"}],"about":[{"href":"https:\/\/astrologelvan.com\/magaza\/wp-json\/wp\/v2\/types\/product"}],"replies":[{"embeddable":true,"href":"https:\/\/astrologelvan.com\/magaza\/wp-json\/wp\/v2\/comments?post=38527"}],"wp:featuredmedia":[{"embeddable":true,"href":"https:\/\/astrologelvan.com\/magaza\/wp-json\/wp\/v2\/media\/38540"}],"wp:attachment":[{"href":"https:\/\/astrologelvan.com\/magaza\/wp-json\/wp\/v2\/media?parent=38527"}],"wp:term":[{"taxonomy":"product_brand","embeddable":true,"href":"https:\/\/astrologelvan.com\/magaza\/wp-json\/wp\/v2\/product_brand?post=38527"},{"taxonomy":"product_cat","embeddable":true,"href":"https:\/\/astrologelvan.com\/magaza\/wp-json\/wp\/v2\/product_cat?post=38527"},{"taxonomy":"product_tag","embeddable":true,"href":"https:\/\/astrologelvan.com\/magaza\/wp-json\/wp\/v2\/product_tag?post=38527"}],"curies":[{"name":"wp","href":"https:\/\/api.w.org\/{rel}","templated":true}]}}