{"id":38522,"date":"2025-01-27T14:22:48","date_gmt":"2025-01-27T11:22:48","guid":{"rendered":"https:\/\/astrologelvan.com\/magaza\/?post_type=product&#038;p=38522"},"modified":"2026-04-03T14:50:00","modified_gmt":"2026-04-03T11:50:00","slug":"deniz-ati-ruh-esi-canta-aksesuari-anahtarlik","status":"publish","type":"product","link":"https:\/\/astrologelvan.com\/magaza\/urun\/deniz-ati-ruh-esi-canta-aksesuari-anahtarlik\/","title":{"rendered":"Deniz At\u0131 (Ruh E\u015fi)  (\u00c7anta Aksesuar\u0131 Anahtarl\u0131k)"},"content":{"rendered":"<p>Materyal Pirin\u00e7 Kaplama<\/p>\n","protected":false},"excerpt":{"rendered":"<p>Deniz atlar\u0131 evrenin tek e\u015fli canl\u0131lar\u0131d\u0131r. Hem tek e\u015flilik hem de sadakat ile ba\u011flant\u0131l\u0131 \u00e7al\u0131\u015f\u0131r. Hayat\u0131nda tek e\u015fli, dengeli bir ili\u015fki ve ilahi ruh e\u015fi arayan bu anahtarl\u0131k ve \u00e7anta aksesuar\u0131n\u0131 kullanabilir.<\/p>\n","protected":false},"featured_media":38523,"comment_status":"open","ping_status":"closed","template":"","meta":[],"product_brand":[],"product_cat":[568],"product_tag":[],"class_list":{"0":"post-38522","1":"product","2":"type-product","3":"status-publish","4":"has-post-thumbnail","6":"product_cat-anahtarliklar","8":"first","9":"instock","10":"taxable","11":"shipping-taxable","12":"purchasable","13":"product-type-simple"},"yoast_head":"<!-- This site is optimized with the Yoast SEO plugin v27.3 - https:\/\/yoast.com\/product\/yoast-seo-wordpress\/ -->\n<title>Deniz At\u0131 (Ruh E\u015fi) (\u00c7anta Aksesuar\u0131 Anahtarl\u0131k) - Astrolog Elvan<\/title>\n<meta name=\"robots\" content=\"index, follow, max-snippet:-1, max-image-preview:large, max-video-preview:-1\" \/>\n<link rel=\"canonical\" href=\"https:\/\/astrologelvan.com\/magaza\/urun\/deniz-ati-ruh-esi-canta-aksesuari-anahtarlik\/\" \/>\n<meta property=\"og:locale\" content=\"tr_TR\" \/>\n<meta property=\"og:type\" content=\"article\" \/>\n<meta property=\"og:title\" content=\"Deniz At\u0131 (Ruh E\u015fi) (\u00c7anta Aksesuar\u0131 Anahtarl\u0131k) - Astrolog Elvan\" \/>\n<meta property=\"og:description\" content=\"Deniz atlar\u0131 evrenin tek e\u015fli canl\u0131lar\u0131d\u0131r. Hem tek e\u015flilik hem de sadakat ile ba\u011flant\u0131l\u0131 \u00e7al\u0131\u015f\u0131r. Hayat\u0131nda tek e\u015fli, dengeli bir ili\u015fki ve ilahi ruh e\u015fi arayan bu anahtarl\u0131k ve \u00e7anta aksesuar\u0131n\u0131 kullanabilir.\" \/>\n<meta property=\"og:url\" content=\"https:\/\/astrologelvan.com\/magaza\/urun\/deniz-ati-ruh-esi-canta-aksesuari-anahtarlik\/\" \/>\n<meta property=\"og:site_name\" content=\"Astrolog Elvan\" \/>\n<meta property=\"article:modified_time\" content=\"2026-04-03T11:50:00+00:00\" \/>\n<meta property=\"og:image\" content=\"https:\/\/astrologelvan.com\/magaza\/wp-content\/uploads\/2025\/01\/DENIZ-ATI-FOTO.jpg\" \/>\n\t<meta property=\"og:image:width\" content=\"2400\" \/>\n\t<meta property=\"og:image:height\" content=\"2400\" \/>\n\t<meta property=\"og:image:type\" content=\"image\/jpeg\" \/>\n<meta name=\"twitter:card\" content=\"summary_large_image\" \/>\n<meta name=\"twitter:label1\" content=\"Tahmini okuma s\u00fcresi\" \/>\n\t<meta name=\"twitter:data1\" content=\"1 dakika\" \/>\n<script type=\"application\/ld+json\" class=\"yoast-schema-graph\">{\"@context\":\"https:\\\/\\\/schema.org\",\"@graph\":[{\"@type\":[\"WebPage\",\"ItemPage\"],\"@id\":\"https:\\\/\\\/astrologelvan.com\\\/magaza\\\/urun\\\/deniz-ati-ruh-esi-canta-aksesuari-anahtarlik\\\/\",\"url\":\"https:\\\/\\\/astrologelvan.com\\\/magaza\\\/urun\\\/deniz-ati-ruh-esi-canta-aksesuari-anahtarlik\\\/\",\"name\":\"Deniz At\u0131 (Ruh E\u015fi) (\u00c7anta Aksesuar\u0131 Anahtarl\u0131k) - Astrolog Elvan\",\"isPartOf\":{\"@id\":\"https:\\\/\\\/astrologelvan.com\\\/magaza\\\/#website\"},\"primaryImageOfPage\":{\"@id\":\"https:\\\/\\\/astrologelvan.com\\\/magaza\\\/urun\\\/deniz-ati-ruh-esi-canta-aksesuari-anahtarlik\\\/#primaryimage\"},\"image\":{\"@id\":\"https:\\\/\\\/astrologelvan.com\\\/magaza\\\/urun\\\/deniz-ati-ruh-esi-canta-aksesuari-anahtarlik\\\/#primaryimage\"},\"thumbnailUrl\":\"https:\\\/\\\/astrologelvan.com\\\/magaza\\\/wp-content\\\/uploads\\\/2025\\\/01\\\/DENIZ-ATI-FOTO.jpg\",\"datePublished\":\"2025-01-27T11:22:48+00:00\",\"dateModified\":\"2026-04-03T11:50:00+00:00\",\"breadcrumb\":{\"@id\":\"https:\\\/\\\/astrologelvan.com\\\/magaza\\\/urun\\\/deniz-ati-ruh-esi-canta-aksesuari-anahtarlik\\\/#breadcrumb\"},\"inLanguage\":\"tr\",\"potentialAction\":[{\"@type\":\"ReadAction\",\"target\":[\"https:\\\/\\\/astrologelvan.com\\\/magaza\\\/urun\\\/deniz-ati-ruh-esi-canta-aksesuari-anahtarlik\\\/\"]}]},{\"@type\":\"ImageObject\",\"inLanguage\":\"tr\",\"@id\":\"https:\\\/\\\/astrologelvan.com\\\/magaza\\\/urun\\\/deniz-ati-ruh-esi-canta-aksesuari-anahtarlik\\\/#primaryimage\",\"url\":\"https:\\\/\\\/astrologelvan.com\\\/magaza\\\/wp-content\\\/uploads\\\/2025\\\/01\\\/DENIZ-ATI-FOTO.jpg\",\"contentUrl\":\"https:\\\/\\\/astrologelvan.com\\\/magaza\\\/wp-content\\\/uploads\\\/2025\\\/01\\\/DENIZ-ATI-FOTO.jpg\",\"width\":2400,\"height\":2400},{\"@type\":\"BreadcrumbList\",\"@id\":\"https:\\\/\\\/astrologelvan.com\\\/magaza\\\/urun\\\/deniz-ati-ruh-esi-canta-aksesuari-anahtarlik\\\/#breadcrumb\",\"itemListElement\":[{\"@type\":\"ListItem\",\"position\":1,\"name\":\"Anasayfa\",\"item\":\"https:\\\/\\\/astrologelvan.com\\\/magaza\\\/\"},{\"@type\":\"ListItem\",\"position\":2,\"name\":\"Ma\u011faza\",\"item\":\"https:\\\/\\\/astrologelvan.com\\\/magaza\\\/magaza\\\/\"},{\"@type\":\"ListItem\",\"position\":3,\"name\":\"Deniz At\u0131 (Ruh E\u015fi) (\u00c7anta Aksesuar\u0131 Anahtarl\u0131k)\"}]},{\"@type\":\"WebSite\",\"@id\":\"https:\\\/\\\/astrologelvan.com\\\/magaza\\\/#website\",\"url\":\"https:\\\/\\\/astrologelvan.com\\\/magaza\\\/\",\"name\":\"Astrolog Elvan\",\"description\":\"\",\"potentialAction\":[{\"@type\":\"SearchAction\",\"target\":{\"@type\":\"EntryPoint\",\"urlTemplate\":\"https:\\\/\\\/astrologelvan.com\\\/magaza\\\/?s={search_term_string}\"},\"query-input\":{\"@type\":\"PropertyValueSpecification\",\"valueRequired\":true,\"valueName\":\"search_term_string\"}}],\"inLanguage\":\"tr\"}]}<\/script>\n<!-- \/ Yoast SEO plugin. -->","yoast_head_json":{"title":"Deniz At\u0131 (Ruh E\u015fi) (\u00c7anta Aksesuar\u0131 Anahtarl\u0131k) - Astrolog Elvan","robots":{"index":"index","follow":"follow","max-snippet":"max-snippet:-1","max-image-preview":"max-image-preview:large","max-video-preview":"max-video-preview:-1"},"canonical":"https:\/\/astrologelvan.com\/magaza\/urun\/deniz-ati-ruh-esi-canta-aksesuari-anahtarlik\/","og_locale":"tr_TR","og_type":"article","og_title":"Deniz At\u0131 (Ruh E\u015fi) (\u00c7anta Aksesuar\u0131 Anahtarl\u0131k) - Astrolog Elvan","og_description":"Deniz atlar\u0131 evrenin tek e\u015fli canl\u0131lar\u0131d\u0131r. Hem tek e\u015flilik hem de sadakat ile ba\u011flant\u0131l\u0131 \u00e7al\u0131\u015f\u0131r. Hayat\u0131nda tek e\u015fli, dengeli bir ili\u015fki ve ilahi ruh e\u015fi arayan bu anahtarl\u0131k ve \u00e7anta aksesuar\u0131n\u0131 kullanabilir.","og_url":"https:\/\/astrologelvan.com\/magaza\/urun\/deniz-ati-ruh-esi-canta-aksesuari-anahtarlik\/","og_site_name":"Astrolog Elvan","article_modified_time":"2026-04-03T11:50:00+00:00","og_image":[{"width":2400,"height":2400,"url":"https:\/\/astrologelvan.com\/magaza\/wp-content\/uploads\/2025\/01\/DENIZ-ATI-FOTO.jpg","type":"image\/jpeg"}],"twitter_card":"summary_large_image","twitter_misc":{"Tahmini okuma s\u00fcresi":"1 dakika"},"schema":{"@context":"https:\/\/schema.org","@graph":[{"@type":["WebPage","ItemPage"],"@id":"https:\/\/astrologelvan.com\/magaza\/urun\/deniz-ati-ruh-esi-canta-aksesuari-anahtarlik\/","url":"https:\/\/astrologelvan.com\/magaza\/urun\/deniz-ati-ruh-esi-canta-aksesuari-anahtarlik\/","name":"Deniz At\u0131 (Ruh E\u015fi) (\u00c7anta Aksesuar\u0131 Anahtarl\u0131k) - Astrolog Elvan","isPartOf":{"@id":"https:\/\/astrologelvan.com\/magaza\/#website"},"primaryImageOfPage":{"@id":"https:\/\/astrologelvan.com\/magaza\/urun\/deniz-ati-ruh-esi-canta-aksesuari-anahtarlik\/#primaryimage"},"image":{"@id":"https:\/\/astrologelvan.com\/magaza\/urun\/deniz-ati-ruh-esi-canta-aksesuari-anahtarlik\/#primaryimage"},"thumbnailUrl":"https:\/\/astrologelvan.com\/magaza\/wp-content\/uploads\/2025\/01\/DENIZ-ATI-FOTO.jpg","datePublished":"2025-01-27T11:22:48+00:00","dateModified":"2026-04-03T11:50:00+00:00","breadcrumb":{"@id":"https:\/\/astrologelvan.com\/magaza\/urun\/deniz-ati-ruh-esi-canta-aksesuari-anahtarlik\/#breadcrumb"},"inLanguage":"tr","potentialAction":[{"@type":"ReadAction","target":["https:\/\/astrologelvan.com\/magaza\/urun\/deniz-ati-ruh-esi-canta-aksesuari-anahtarlik\/"]}]},{"@type":"ImageObject","inLanguage":"tr","@id":"https:\/\/astrologelvan.com\/magaza\/urun\/deniz-ati-ruh-esi-canta-aksesuari-anahtarlik\/#primaryimage","url":"https:\/\/astrologelvan.com\/magaza\/wp-content\/uploads\/2025\/01\/DENIZ-ATI-FOTO.jpg","contentUrl":"https:\/\/astrologelvan.com\/magaza\/wp-content\/uploads\/2025\/01\/DENIZ-ATI-FOTO.jpg","width":2400,"height":2400},{"@type":"BreadcrumbList","@id":"https:\/\/astrologelvan.com\/magaza\/urun\/deniz-ati-ruh-esi-canta-aksesuari-anahtarlik\/#breadcrumb","itemListElement":[{"@type":"ListItem","position":1,"name":"Anasayfa","item":"https:\/\/astrologelvan.com\/magaza\/"},{"@type":"ListItem","position":2,"name":"Ma\u011faza","item":"https:\/\/astrologelvan.com\/magaza\/magaza\/"},{"@type":"ListItem","position":3,"name":"Deniz At\u0131 (Ruh E\u015fi) (\u00c7anta Aksesuar\u0131 Anahtarl\u0131k)"}]},{"@type":"WebSite","@id":"https:\/\/astrologelvan.com\/magaza\/#website","url":"https:\/\/astrologelvan.com\/magaza\/","name":"Astrolog Elvan","description":"","potentialAction":[{"@type":"SearchAction","target":{"@type":"EntryPoint","urlTemplate":"https:\/\/astrologelvan.com\/magaza\/?s={search_term_string}"},"query-input":{"@type":"PropertyValueSpecification","valueRequired":true,"valueName":"search_term_string"}}],"inLanguage":"tr"}]}},"_links":{"self":[{"href":"https:\/\/astrologelvan.com\/magaza\/wp-json\/wp\/v2\/product\/38522","targetHints":{"allow":["GET"]}}],"collection":[{"href":"https:\/\/astrologelvan.com\/magaza\/wp-json\/wp\/v2\/product"}],"about":[{"href":"https:\/\/astrologelvan.com\/magaza\/wp-json\/wp\/v2\/types\/product"}],"replies":[{"embeddable":true,"href":"https:\/\/astrologelvan.com\/magaza\/wp-json\/wp\/v2\/comments?post=38522"}],"wp:featuredmedia":[{"embeddable":true,"href":"https:\/\/astrologelvan.com\/magaza\/wp-json\/wp\/v2\/media\/38523"}],"wp:attachment":[{"href":"https:\/\/astrologelvan.com\/magaza\/wp-json\/wp\/v2\/media?parent=38522"}],"wp:term":[{"taxonomy":"product_brand","embeddable":true,"href":"https:\/\/astrologelvan.com\/magaza\/wp-json\/wp\/v2\/product_brand?post=38522"},{"taxonomy":"product_cat","embeddable":true,"href":"https:\/\/astrologelvan.com\/magaza\/wp-json\/wp\/v2\/product_cat?post=38522"},{"taxonomy":"product_tag","embeddable":true,"href":"https:\/\/astrologelvan.com\/magaza\/wp-json\/wp\/v2\/product_tag?post=38522"}],"curies":[{"name":"wp","href":"https:\/\/api.w.org\/{rel}","templated":true}]}}