{"id":38518,"date":"2025-01-27T13:59:36","date_gmt":"2025-01-27T10:59:36","guid":{"rendered":"https:\/\/astrologelvan.com\/magaza\/?post_type=product&#038;p=38518"},"modified":"2026-02-25T23:33:49","modified_gmt":"2026-02-25T20:33:49","slug":"cifte-mutluluk-canta-aksesuari-anahtarlik","status":"publish","type":"product","link":"https:\/\/astrologelvan.com\/magaza\/urun\/cifte-mutluluk-canta-aksesuari-anahtarlik\/","title":{"rendered":"\u00c7ifte Mutluluk (\u00c7anta Aksesuar\u0131 Anahtarl\u0131k)"},"content":{"rendered":"<p>Materyal Pirin\u00e7 Kaplama<\/p>\n","protected":false},"excerpt":{"rendered":"<p>Bu bal\u0131k \u015feklindeki \u00e7ifte mutluluk sembol\u00fc, hayatta hem a\u015fk ve ili\u015fkide dengede olman\u0131z\u0131 hem de servet ak\u0131\u015f\u0131n\u0131z\u0131n h\u0131zlanmas\u0131na niyetle tak\u0131l\u0131r.<\/p>\n","protected":false},"featured_media":38519,"comment_status":"open","ping_status":"closed","template":"","meta":[],"product_brand":[],"product_cat":[568],"product_tag":[],"class_list":{"0":"post-38518","1":"product","2":"type-product","3":"status-publish","4":"has-post-thumbnail","6":"product_cat-anahtarliklar","8":"first","9":"outofstock","10":"taxable","11":"shipping-taxable","12":"purchasable","13":"product-type-simple"},"yoast_head":"<!-- This site is optimized with the Yoast SEO plugin v27.3 - https:\/\/yoast.com\/product\/yoast-seo-wordpress\/ -->\n<title>\u00c7ifte Mutluluk (\u00c7anta Aksesuar\u0131 Anahtarl\u0131k) - Astrolog Elvan<\/title>\n<meta name=\"robots\" content=\"index, follow, max-snippet:-1, max-image-preview:large, max-video-preview:-1\" \/>\n<link rel=\"canonical\" href=\"https:\/\/astrologelvan.com\/magaza\/urun\/cifte-mutluluk-canta-aksesuari-anahtarlik\/\" \/>\n<meta property=\"og:locale\" content=\"tr_TR\" \/>\n<meta property=\"og:type\" content=\"article\" \/>\n<meta property=\"og:title\" content=\"\u00c7ifte Mutluluk (\u00c7anta Aksesuar\u0131 Anahtarl\u0131k) - Astrolog Elvan\" \/>\n<meta property=\"og:description\" content=\"Bu bal\u0131k \u015feklindeki \u00e7ifte mutluluk sembol\u00fc, hayatta hem a\u015fk ve ili\u015fkide dengede olman\u0131z\u0131 hem de servet ak\u0131\u015f\u0131n\u0131z\u0131n h\u0131zlanmas\u0131na niyetle tak\u0131l\u0131r.\" \/>\n<meta property=\"og:url\" content=\"https:\/\/astrologelvan.com\/magaza\/urun\/cifte-mutluluk-canta-aksesuari-anahtarlik\/\" \/>\n<meta property=\"og:site_name\" content=\"Astrolog Elvan\" \/>\n<meta property=\"article:modified_time\" content=\"2026-02-25T20:33:49+00:00\" \/>\n<meta property=\"og:image\" content=\"https:\/\/astrologelvan.com\/magaza\/wp-content\/uploads\/2025\/01\/BALIK-FOTO.jpg\" \/>\n\t<meta property=\"og:image:width\" content=\"2400\" \/>\n\t<meta property=\"og:image:height\" content=\"2400\" \/>\n\t<meta property=\"og:image:type\" content=\"image\/jpeg\" \/>\n<meta name=\"twitter:card\" content=\"summary_large_image\" \/>\n<meta name=\"twitter:label1\" content=\"Tahmini okuma s\u00fcresi\" \/>\n\t<meta name=\"twitter:data1\" content=\"1 dakika\" \/>\n<script type=\"application\/ld+json\" class=\"yoast-schema-graph\">{\"@context\":\"https:\\\/\\\/schema.org\",\"@graph\":[{\"@type\":[\"WebPage\",\"ItemPage\"],\"@id\":\"https:\\\/\\\/astrologelvan.com\\\/magaza\\\/urun\\\/cifte-mutluluk-canta-aksesuari-anahtarlik\\\/\",\"url\":\"https:\\\/\\\/astrologelvan.com\\\/magaza\\\/urun\\\/cifte-mutluluk-canta-aksesuari-anahtarlik\\\/\",\"name\":\"\u00c7ifte Mutluluk (\u00c7anta Aksesuar\u0131 Anahtarl\u0131k) - Astrolog Elvan\",\"isPartOf\":{\"@id\":\"https:\\\/\\\/astrologelvan.com\\\/magaza\\\/#website\"},\"primaryImageOfPage\":{\"@id\":\"https:\\\/\\\/astrologelvan.com\\\/magaza\\\/urun\\\/cifte-mutluluk-canta-aksesuari-anahtarlik\\\/#primaryimage\"},\"image\":{\"@id\":\"https:\\\/\\\/astrologelvan.com\\\/magaza\\\/urun\\\/cifte-mutluluk-canta-aksesuari-anahtarlik\\\/#primaryimage\"},\"thumbnailUrl\":\"https:\\\/\\\/astrologelvan.com\\\/magaza\\\/wp-content\\\/uploads\\\/2025\\\/01\\\/BALIK-FOTO.jpg\",\"datePublished\":\"2025-01-27T10:59:36+00:00\",\"dateModified\":\"2026-02-25T20:33:49+00:00\",\"breadcrumb\":{\"@id\":\"https:\\\/\\\/astrologelvan.com\\\/magaza\\\/urun\\\/cifte-mutluluk-canta-aksesuari-anahtarlik\\\/#breadcrumb\"},\"inLanguage\":\"tr\",\"potentialAction\":[{\"@type\":\"ReadAction\",\"target\":[\"https:\\\/\\\/astrologelvan.com\\\/magaza\\\/urun\\\/cifte-mutluluk-canta-aksesuari-anahtarlik\\\/\"]}]},{\"@type\":\"ImageObject\",\"inLanguage\":\"tr\",\"@id\":\"https:\\\/\\\/astrologelvan.com\\\/magaza\\\/urun\\\/cifte-mutluluk-canta-aksesuari-anahtarlik\\\/#primaryimage\",\"url\":\"https:\\\/\\\/astrologelvan.com\\\/magaza\\\/wp-content\\\/uploads\\\/2025\\\/01\\\/BALIK-FOTO.jpg\",\"contentUrl\":\"https:\\\/\\\/astrologelvan.com\\\/magaza\\\/wp-content\\\/uploads\\\/2025\\\/01\\\/BALIK-FOTO.jpg\",\"width\":2400,\"height\":2400},{\"@type\":\"BreadcrumbList\",\"@id\":\"https:\\\/\\\/astrologelvan.com\\\/magaza\\\/urun\\\/cifte-mutluluk-canta-aksesuari-anahtarlik\\\/#breadcrumb\",\"itemListElement\":[{\"@type\":\"ListItem\",\"position\":1,\"name\":\"Anasayfa\",\"item\":\"https:\\\/\\\/astrologelvan.com\\\/magaza\\\/\"},{\"@type\":\"ListItem\",\"position\":2,\"name\":\"Ma\u011faza\",\"item\":\"https:\\\/\\\/astrologelvan.com\\\/magaza\\\/magaza\\\/\"},{\"@type\":\"ListItem\",\"position\":3,\"name\":\"\u00c7ifte Mutluluk (\u00c7anta Aksesuar\u0131 Anahtarl\u0131k)\"}]},{\"@type\":\"WebSite\",\"@id\":\"https:\\\/\\\/astrologelvan.com\\\/magaza\\\/#website\",\"url\":\"https:\\\/\\\/astrologelvan.com\\\/magaza\\\/\",\"name\":\"Astrolog Elvan\",\"description\":\"\",\"potentialAction\":[{\"@type\":\"SearchAction\",\"target\":{\"@type\":\"EntryPoint\",\"urlTemplate\":\"https:\\\/\\\/astrologelvan.com\\\/magaza\\\/?s={search_term_string}\"},\"query-input\":{\"@type\":\"PropertyValueSpecification\",\"valueRequired\":true,\"valueName\":\"search_term_string\"}}],\"inLanguage\":\"tr\"}]}<\/script>\n<!-- \/ Yoast SEO plugin. -->","yoast_head_json":{"title":"\u00c7ifte Mutluluk (\u00c7anta Aksesuar\u0131 Anahtarl\u0131k) - Astrolog Elvan","robots":{"index":"index","follow":"follow","max-snippet":"max-snippet:-1","max-image-preview":"max-image-preview:large","max-video-preview":"max-video-preview:-1"},"canonical":"https:\/\/astrologelvan.com\/magaza\/urun\/cifte-mutluluk-canta-aksesuari-anahtarlik\/","og_locale":"tr_TR","og_type":"article","og_title":"\u00c7ifte Mutluluk (\u00c7anta Aksesuar\u0131 Anahtarl\u0131k) - Astrolog Elvan","og_description":"Bu bal\u0131k \u015feklindeki \u00e7ifte mutluluk sembol\u00fc, hayatta hem a\u015fk ve ili\u015fkide dengede olman\u0131z\u0131 hem de servet ak\u0131\u015f\u0131n\u0131z\u0131n h\u0131zlanmas\u0131na niyetle tak\u0131l\u0131r.","og_url":"https:\/\/astrologelvan.com\/magaza\/urun\/cifte-mutluluk-canta-aksesuari-anahtarlik\/","og_site_name":"Astrolog Elvan","article_modified_time":"2026-02-25T20:33:49+00:00","og_image":[{"width":2400,"height":2400,"url":"https:\/\/astrologelvan.com\/magaza\/wp-content\/uploads\/2025\/01\/BALIK-FOTO.jpg","type":"image\/jpeg"}],"twitter_card":"summary_large_image","twitter_misc":{"Tahmini okuma s\u00fcresi":"1 dakika"},"schema":{"@context":"https:\/\/schema.org","@graph":[{"@type":["WebPage","ItemPage"],"@id":"https:\/\/astrologelvan.com\/magaza\/urun\/cifte-mutluluk-canta-aksesuari-anahtarlik\/","url":"https:\/\/astrologelvan.com\/magaza\/urun\/cifte-mutluluk-canta-aksesuari-anahtarlik\/","name":"\u00c7ifte Mutluluk (\u00c7anta Aksesuar\u0131 Anahtarl\u0131k) - Astrolog Elvan","isPartOf":{"@id":"https:\/\/astrologelvan.com\/magaza\/#website"},"primaryImageOfPage":{"@id":"https:\/\/astrologelvan.com\/magaza\/urun\/cifte-mutluluk-canta-aksesuari-anahtarlik\/#primaryimage"},"image":{"@id":"https:\/\/astrologelvan.com\/magaza\/urun\/cifte-mutluluk-canta-aksesuari-anahtarlik\/#primaryimage"},"thumbnailUrl":"https:\/\/astrologelvan.com\/magaza\/wp-content\/uploads\/2025\/01\/BALIK-FOTO.jpg","datePublished":"2025-01-27T10:59:36+00:00","dateModified":"2026-02-25T20:33:49+00:00","breadcrumb":{"@id":"https:\/\/astrologelvan.com\/magaza\/urun\/cifte-mutluluk-canta-aksesuari-anahtarlik\/#breadcrumb"},"inLanguage":"tr","potentialAction":[{"@type":"ReadAction","target":["https:\/\/astrologelvan.com\/magaza\/urun\/cifte-mutluluk-canta-aksesuari-anahtarlik\/"]}]},{"@type":"ImageObject","inLanguage":"tr","@id":"https:\/\/astrologelvan.com\/magaza\/urun\/cifte-mutluluk-canta-aksesuari-anahtarlik\/#primaryimage","url":"https:\/\/astrologelvan.com\/magaza\/wp-content\/uploads\/2025\/01\/BALIK-FOTO.jpg","contentUrl":"https:\/\/astrologelvan.com\/magaza\/wp-content\/uploads\/2025\/01\/BALIK-FOTO.jpg","width":2400,"height":2400},{"@type":"BreadcrumbList","@id":"https:\/\/astrologelvan.com\/magaza\/urun\/cifte-mutluluk-canta-aksesuari-anahtarlik\/#breadcrumb","itemListElement":[{"@type":"ListItem","position":1,"name":"Anasayfa","item":"https:\/\/astrologelvan.com\/magaza\/"},{"@type":"ListItem","position":2,"name":"Ma\u011faza","item":"https:\/\/astrologelvan.com\/magaza\/magaza\/"},{"@type":"ListItem","position":3,"name":"\u00c7ifte Mutluluk (\u00c7anta Aksesuar\u0131 Anahtarl\u0131k)"}]},{"@type":"WebSite","@id":"https:\/\/astrologelvan.com\/magaza\/#website","url":"https:\/\/astrologelvan.com\/magaza\/","name":"Astrolog Elvan","description":"","potentialAction":[{"@type":"SearchAction","target":{"@type":"EntryPoint","urlTemplate":"https:\/\/astrologelvan.com\/magaza\/?s={search_term_string}"},"query-input":{"@type":"PropertyValueSpecification","valueRequired":true,"valueName":"search_term_string"}}],"inLanguage":"tr"}]}},"_links":{"self":[{"href":"https:\/\/astrologelvan.com\/magaza\/wp-json\/wp\/v2\/product\/38518","targetHints":{"allow":["GET"]}}],"collection":[{"href":"https:\/\/astrologelvan.com\/magaza\/wp-json\/wp\/v2\/product"}],"about":[{"href":"https:\/\/astrologelvan.com\/magaza\/wp-json\/wp\/v2\/types\/product"}],"replies":[{"embeddable":true,"href":"https:\/\/astrologelvan.com\/magaza\/wp-json\/wp\/v2\/comments?post=38518"}],"wp:featuredmedia":[{"embeddable":true,"href":"https:\/\/astrologelvan.com\/magaza\/wp-json\/wp\/v2\/media\/38519"}],"wp:attachment":[{"href":"https:\/\/astrologelvan.com\/magaza\/wp-json\/wp\/v2\/media?parent=38518"}],"wp:term":[{"taxonomy":"product_brand","embeddable":true,"href":"https:\/\/astrologelvan.com\/magaza\/wp-json\/wp\/v2\/product_brand?post=38518"},{"taxonomy":"product_cat","embeddable":true,"href":"https:\/\/astrologelvan.com\/magaza\/wp-json\/wp\/v2\/product_cat?post=38518"},{"taxonomy":"product_tag","embeddable":true,"href":"https:\/\/astrologelvan.com\/magaza\/wp-json\/wp\/v2\/product_tag?post=38518"}],"curies":[{"name":"wp","href":"https:\/\/api.w.org\/{rel}","templated":true}]}}