{"id":37969,"date":"2025-01-24T20:12:23","date_gmt":"2025-01-24T17:12:23","guid":{"rendered":"https:\/\/astrologelvan.com\/magaza\/?post_type=product&#038;p=37969"},"modified":"2025-10-23T18:54:39","modified_gmt":"2025-10-23T15:54:39","slug":"turkuaz-bileklik-erkek-2","status":"publish","type":"product","link":"https:\/\/astrologelvan.com\/magaza\/urun\/turkuaz-bileklik-erkek-2\/","title":{"rendered":"TURKUAZ B\u0130LEKL\u0130K <\/BR>( ERKEK )"},"content":{"rendered":"<p>8 MM<\/p>\n<p>DO\u011eAL TA\u015e<\/p>\n","protected":false},"excerpt":{"rendered":"<p><strong>Nazar kalkan\u0131<\/strong><\/p>\n<p>Turkuaz, antik d\u00f6nemlerden bu yana bar\u0131\u015f\u0131, korumay\u0131 ve ileti\u015fimi temsil eder. Ruhsal anlamda denge sa\u011flayan bu ta\u015f, hayat\u0131n\u0131za i\u00e7sel huzur ve \u015fans getirmesiyle bilinir. Nazara ve negatif enerjilere kar\u015f\u0131 koruyucudur.<\/p>\n<ul>\n<li>\u0130leti\u015fim ve \u0130fade: Kendinizi daha net ifade etmenize ve ba\u015fkalar\u0131yla g\u00fc\u00e7l\u00fc ba\u011flar kurman\u0131za yard\u0131mc\u0131 olur.<\/li>\n<li>Ruhsal Denge: Duygusal ini\u015f \u00e7\u0131k\u0131\u015flar\u0131 yat\u0131\u015ft\u0131r\u0131r, i\u00e7 huzuru art\u0131r\u0131r<\/li>\n<\/ul>\n","protected":false},"featured_media":37970,"comment_status":"open","ping_status":"closed","template":"","meta":[],"product_brand":[],"product_cat":[508,26,435],"product_tag":[],"class_list":{"0":"post-37969","1":"product","2":"type-product","3":"status-publish","4":"has-post-thumbnail","6":"product_cat-erkek-bileklikler","7":"product_cat-genel","8":"product_cat-firuze-tasi","10":"first","11":"outofstock","12":"taxable","13":"shipping-taxable","14":"purchasable","15":"product-type-simple"},"yoast_head":"<!-- This site is optimized with the Yoast SEO plugin v27.3 - https:\/\/yoast.com\/product\/yoast-seo-wordpress\/ -->\n<title>TURKUAZ B\u0130LEKL\u0130K ( ERKEK ) - Astrolog Elvan<\/title>\n<meta name=\"robots\" content=\"index, follow, max-snippet:-1, max-image-preview:large, max-video-preview:-1\" \/>\n<link rel=\"canonical\" href=\"https:\/\/astrologelvan.com\/magaza\/urun\/turkuaz-bileklik-erkek-2\/\" \/>\n<meta property=\"og:locale\" content=\"tr_TR\" \/>\n<meta property=\"og:type\" content=\"article\" \/>\n<meta property=\"og:title\" content=\"TURKUAZ B\u0130LEKL\u0130K ( ERKEK ) - Astrolog Elvan\" \/>\n<meta property=\"og:description\" content=\"Nazar kalkan\u0131  Turkuaz, antik d\u00f6nemlerden bu yana bar\u0131\u015f\u0131, korumay\u0131 ve ileti\u015fimi temsil eder. Ruhsal anlamda denge sa\u011flayan bu ta\u015f, hayat\u0131n\u0131za i\u00e7sel huzur ve \u015fans getirmesiyle bilinir. Nazara ve negatif enerjilere kar\u015f\u0131 koruyucudur.   \u0130leti\u015fim ve \u0130fade: Kendinizi daha net ifade etmenize ve ba\u015fkalar\u0131yla g\u00fc\u00e7l\u00fc ba\u011flar kurman\u0131za yard\u0131mc\u0131 olur.  Ruhsal Denge: Duygusal ini\u015f \u00e7\u0131k\u0131\u015flar\u0131 yat\u0131\u015ft\u0131r\u0131r, i\u00e7 huzuru art\u0131r\u0131r\" \/>\n<meta property=\"og:url\" content=\"https:\/\/astrologelvan.com\/magaza\/urun\/turkuaz-bileklik-erkek-2\/\" \/>\n<meta property=\"og:site_name\" content=\"Astrolog Elvan\" \/>\n<meta property=\"article:modified_time\" content=\"2025-10-23T15:54:39+00:00\" \/>\n<meta property=\"og:image\" content=\"https:\/\/astrologelvan.com\/magaza\/wp-content\/uploads\/2025\/01\/IMG_8664.jpg\" \/>\n\t<meta property=\"og:image:width\" content=\"2400\" \/>\n\t<meta property=\"og:image:height\" content=\"2400\" \/>\n\t<meta property=\"og:image:type\" content=\"image\/jpeg\" \/>\n<meta name=\"twitter:card\" content=\"summary_large_image\" \/>\n<meta name=\"twitter:label1\" content=\"Tahmini okuma s\u00fcresi\" \/>\n\t<meta name=\"twitter:data1\" content=\"1 dakika\" \/>\n<script type=\"application\/ld+json\" class=\"yoast-schema-graph\">{\"@context\":\"https:\\\/\\\/schema.org\",\"@graph\":[{\"@type\":[\"WebPage\",\"ItemPage\"],\"@id\":\"https:\\\/\\\/astrologelvan.com\\\/magaza\\\/urun\\\/turkuaz-bileklik-erkek-2\\\/\",\"url\":\"https:\\\/\\\/astrologelvan.com\\\/magaza\\\/urun\\\/turkuaz-bileklik-erkek-2\\\/\",\"name\":\"TURKUAZ B\u0130LEKL\u0130K ( ERKEK ) - Astrolog Elvan\",\"isPartOf\":{\"@id\":\"https:\\\/\\\/astrologelvan.com\\\/magaza\\\/#website\"},\"primaryImageOfPage\":{\"@id\":\"https:\\\/\\\/astrologelvan.com\\\/magaza\\\/urun\\\/turkuaz-bileklik-erkek-2\\\/#primaryimage\"},\"image\":{\"@id\":\"https:\\\/\\\/astrologelvan.com\\\/magaza\\\/urun\\\/turkuaz-bileklik-erkek-2\\\/#primaryimage\"},\"thumbnailUrl\":\"https:\\\/\\\/astrologelvan.com\\\/magaza\\\/wp-content\\\/uploads\\\/2025\\\/01\\\/IMG_8664.jpg\",\"datePublished\":\"2025-01-24T17:12:23+00:00\",\"dateModified\":\"2025-10-23T15:54:39+00:00\",\"breadcrumb\":{\"@id\":\"https:\\\/\\\/astrologelvan.com\\\/magaza\\\/urun\\\/turkuaz-bileklik-erkek-2\\\/#breadcrumb\"},\"inLanguage\":\"tr\",\"potentialAction\":[{\"@type\":\"ReadAction\",\"target\":[\"https:\\\/\\\/astrologelvan.com\\\/magaza\\\/urun\\\/turkuaz-bileklik-erkek-2\\\/\"]}]},{\"@type\":\"ImageObject\",\"inLanguage\":\"tr\",\"@id\":\"https:\\\/\\\/astrologelvan.com\\\/magaza\\\/urun\\\/turkuaz-bileklik-erkek-2\\\/#primaryimage\",\"url\":\"https:\\\/\\\/astrologelvan.com\\\/magaza\\\/wp-content\\\/uploads\\\/2025\\\/01\\\/IMG_8664.jpg\",\"contentUrl\":\"https:\\\/\\\/astrologelvan.com\\\/magaza\\\/wp-content\\\/uploads\\\/2025\\\/01\\\/IMG_8664.jpg\",\"width\":2400,\"height\":2400},{\"@type\":\"BreadcrumbList\",\"@id\":\"https:\\\/\\\/astrologelvan.com\\\/magaza\\\/urun\\\/turkuaz-bileklik-erkek-2\\\/#breadcrumb\",\"itemListElement\":[{\"@type\":\"ListItem\",\"position\":1,\"name\":\"Anasayfa\",\"item\":\"https:\\\/\\\/astrologelvan.com\\\/magaza\\\/\"},{\"@type\":\"ListItem\",\"position\":2,\"name\":\"Ma\u011faza\",\"item\":\"https:\\\/\\\/astrologelvan.com\\\/magaza\\\/magaza\\\/\"},{\"@type\":\"ListItem\",\"position\":3,\"name\":\"TURKUAZ B\u0130LEKL\u0130K ( ERKEK )\"}]},{\"@type\":\"WebSite\",\"@id\":\"https:\\\/\\\/astrologelvan.com\\\/magaza\\\/#website\",\"url\":\"https:\\\/\\\/astrologelvan.com\\\/magaza\\\/\",\"name\":\"Astrolog Elvan\",\"description\":\"\",\"potentialAction\":[{\"@type\":\"SearchAction\",\"target\":{\"@type\":\"EntryPoint\",\"urlTemplate\":\"https:\\\/\\\/astrologelvan.com\\\/magaza\\\/?s={search_term_string}\"},\"query-input\":{\"@type\":\"PropertyValueSpecification\",\"valueRequired\":true,\"valueName\":\"search_term_string\"}}],\"inLanguage\":\"tr\"}]}<\/script>\n<!-- \/ Yoast SEO plugin. -->","yoast_head_json":{"title":"TURKUAZ B\u0130LEKL\u0130K ( ERKEK ) - Astrolog Elvan","robots":{"index":"index","follow":"follow","max-snippet":"max-snippet:-1","max-image-preview":"max-image-preview:large","max-video-preview":"max-video-preview:-1"},"canonical":"https:\/\/astrologelvan.com\/magaza\/urun\/turkuaz-bileklik-erkek-2\/","og_locale":"tr_TR","og_type":"article","og_title":"TURKUAZ B\u0130LEKL\u0130K ( ERKEK ) - Astrolog Elvan","og_description":"Nazar kalkan\u0131  Turkuaz, antik d\u00f6nemlerden bu yana bar\u0131\u015f\u0131, korumay\u0131 ve ileti\u015fimi temsil eder. Ruhsal anlamda denge sa\u011flayan bu ta\u015f, hayat\u0131n\u0131za i\u00e7sel huzur ve \u015fans getirmesiyle bilinir. Nazara ve negatif enerjilere kar\u015f\u0131 koruyucudur.   \u0130leti\u015fim ve \u0130fade: Kendinizi daha net ifade etmenize ve ba\u015fkalar\u0131yla g\u00fc\u00e7l\u00fc ba\u011flar kurman\u0131za yard\u0131mc\u0131 olur.  Ruhsal Denge: Duygusal ini\u015f \u00e7\u0131k\u0131\u015flar\u0131 yat\u0131\u015ft\u0131r\u0131r, i\u00e7 huzuru art\u0131r\u0131r","og_url":"https:\/\/astrologelvan.com\/magaza\/urun\/turkuaz-bileklik-erkek-2\/","og_site_name":"Astrolog Elvan","article_modified_time":"2025-10-23T15:54:39+00:00","og_image":[{"width":2400,"height":2400,"url":"https:\/\/astrologelvan.com\/magaza\/wp-content\/uploads\/2025\/01\/IMG_8664.jpg","type":"image\/jpeg"}],"twitter_card":"summary_large_image","twitter_misc":{"Tahmini okuma s\u00fcresi":"1 dakika"},"schema":{"@context":"https:\/\/schema.org","@graph":[{"@type":["WebPage","ItemPage"],"@id":"https:\/\/astrologelvan.com\/magaza\/urun\/turkuaz-bileklik-erkek-2\/","url":"https:\/\/astrologelvan.com\/magaza\/urun\/turkuaz-bileklik-erkek-2\/","name":"TURKUAZ B\u0130LEKL\u0130K ( ERKEK ) - Astrolog Elvan","isPartOf":{"@id":"https:\/\/astrologelvan.com\/magaza\/#website"},"primaryImageOfPage":{"@id":"https:\/\/astrologelvan.com\/magaza\/urun\/turkuaz-bileklik-erkek-2\/#primaryimage"},"image":{"@id":"https:\/\/astrologelvan.com\/magaza\/urun\/turkuaz-bileklik-erkek-2\/#primaryimage"},"thumbnailUrl":"https:\/\/astrologelvan.com\/magaza\/wp-content\/uploads\/2025\/01\/IMG_8664.jpg","datePublished":"2025-01-24T17:12:23+00:00","dateModified":"2025-10-23T15:54:39+00:00","breadcrumb":{"@id":"https:\/\/astrologelvan.com\/magaza\/urun\/turkuaz-bileklik-erkek-2\/#breadcrumb"},"inLanguage":"tr","potentialAction":[{"@type":"ReadAction","target":["https:\/\/astrologelvan.com\/magaza\/urun\/turkuaz-bileklik-erkek-2\/"]}]},{"@type":"ImageObject","inLanguage":"tr","@id":"https:\/\/astrologelvan.com\/magaza\/urun\/turkuaz-bileklik-erkek-2\/#primaryimage","url":"https:\/\/astrologelvan.com\/magaza\/wp-content\/uploads\/2025\/01\/IMG_8664.jpg","contentUrl":"https:\/\/astrologelvan.com\/magaza\/wp-content\/uploads\/2025\/01\/IMG_8664.jpg","width":2400,"height":2400},{"@type":"BreadcrumbList","@id":"https:\/\/astrologelvan.com\/magaza\/urun\/turkuaz-bileklik-erkek-2\/#breadcrumb","itemListElement":[{"@type":"ListItem","position":1,"name":"Anasayfa","item":"https:\/\/astrologelvan.com\/magaza\/"},{"@type":"ListItem","position":2,"name":"Ma\u011faza","item":"https:\/\/astrologelvan.com\/magaza\/magaza\/"},{"@type":"ListItem","position":3,"name":"TURKUAZ B\u0130LEKL\u0130K ( ERKEK )"}]},{"@type":"WebSite","@id":"https:\/\/astrologelvan.com\/magaza\/#website","url":"https:\/\/astrologelvan.com\/magaza\/","name":"Astrolog Elvan","description":"","potentialAction":[{"@type":"SearchAction","target":{"@type":"EntryPoint","urlTemplate":"https:\/\/astrologelvan.com\/magaza\/?s={search_term_string}"},"query-input":{"@type":"PropertyValueSpecification","valueRequired":true,"valueName":"search_term_string"}}],"inLanguage":"tr"}]}},"_links":{"self":[{"href":"https:\/\/astrologelvan.com\/magaza\/wp-json\/wp\/v2\/product\/37969","targetHints":{"allow":["GET"]}}],"collection":[{"href":"https:\/\/astrologelvan.com\/magaza\/wp-json\/wp\/v2\/product"}],"about":[{"href":"https:\/\/astrologelvan.com\/magaza\/wp-json\/wp\/v2\/types\/product"}],"replies":[{"embeddable":true,"href":"https:\/\/astrologelvan.com\/magaza\/wp-json\/wp\/v2\/comments?post=37969"}],"wp:featuredmedia":[{"embeddable":true,"href":"https:\/\/astrologelvan.com\/magaza\/wp-json\/wp\/v2\/media\/37970"}],"wp:attachment":[{"href":"https:\/\/astrologelvan.com\/magaza\/wp-json\/wp\/v2\/media?parent=37969"}],"wp:term":[{"taxonomy":"product_brand","embeddable":true,"href":"https:\/\/astrologelvan.com\/magaza\/wp-json\/wp\/v2\/product_brand?post=37969"},{"taxonomy":"product_cat","embeddable":true,"href":"https:\/\/astrologelvan.com\/magaza\/wp-json\/wp\/v2\/product_cat?post=37969"},{"taxonomy":"product_tag","embeddable":true,"href":"https:\/\/astrologelvan.com\/magaza\/wp-json\/wp\/v2\/product_tag?post=37969"}],"curies":[{"name":"wp","href":"https:\/\/api.w.org\/{rel}","templated":true}]}}