{"id":37935,"date":"2025-01-24T18:13:14","date_gmt":"2025-01-24T15:13:14","guid":{"rendered":"https:\/\/astrologelvan.com\/magaza\/?post_type=product&#038;p=37935"},"modified":"2026-03-30T14:17:13","modified_gmt":"2026-03-30T11:17:13","slug":"ayet-el-kursi-bakir-bileklik","status":"publish","type":"product","link":"https:\/\/astrologelvan.com\/magaza\/urun\/ayet-el-kursi-bakir-bileklik\/","title":{"rendered":"AYET-EL K\u00dcRS\u0130 BAKIR B\u0130LEKL\u0130K"},"content":{"rendered":"<p>Bak\u0131r do\u011fas\u0131 gere\u011fi hava ile temas etmesi veya \u0131s\u0131ya maruz kalmas\u0131 durumunda karar\u0131r. Ger\u00e7ek bak\u0131r zamanla kullan\u0131ld\u0131k\u00e7a renk de\u011fi\u015ftirerek daha eski bir g\u00f6r\u00fcnt\u00fcye b\u00fcr\u00fcn\u00fcr. Bak\u0131r bileziklerin zamanla kararmas\u0131 normal bir s\u00fcre\u00e7tir ve bak\u0131r\u0131n do\u011fal \u00f6zelliklerinden biridir.<\/p>\n","protected":false},"excerpt":{"rendered":"<p><strong>Koruyucu G\u00fc\u00e7<\/strong><\/p>\n<p>Bu \u00f6zel tasar\u0131m bak\u0131r bileklik, Kur\u2019an-\u0131 Kerim\u2019in en g\u00fc\u00e7l\u00fc ayetlerinden biri olan Ayet-el K\u00fcrsi\u2019yi ta\u015f\u0131r. \u015e\u0131kl\u0131\u011f\u0131yla dikkat \u00e7ekerken, manevi koruma ve huzur arayanlar i\u00e7in \u00f6zel olarak haz\u0131rlanm\u0131\u015ft\u0131r. Bak\u0131r\u0131n do\u011fal enerjisi ve Ayet-el K\u00fcrsi\u2019nin anlam\u0131 birle\u015ferek size hem zarif bir aksesuar hem de g\u00fc\u00e7l\u00fc bir manevi destek sunar. El i\u015f\u00e7ili\u011fi ile \u00fcretilmi\u015f bu bileklik, \u00fczerindeki detayl\u0131 i\u015flemelerle manevi bir de\u011fer ta\u015f\u0131r. Enerji dengeleyici, negatif enerjiyi uzakla\u015ft\u0131r\u0131r. Her daim korundu\u011funuzu ve g\u00fcvende oldu\u011funuzu hissettirir.<\/p>\n<p>Ayet-el K\u00fcrsi (Bakara Suresi, 255. Ayet) \u0130slam dininde \u00e7ok \u00f6nemli bir duad\u0131r.<\/p>\n<p>\u0627\u0644\u0644\u0651\u0670\u0647\u064f \u0644\u064e\u0627 \u0625\u0650\u0644\u0670\u0647\u064e \u0625\u0650\u0644\u0651\u064e\u0627 \u0647\u064f\u0648\u064e \u0627\u0644\u0652\u062d\u064e\u064a\u0651\u064f \u0627\u0644\u0652\u0642\u064e\u064a\u0651\u064f\u0648\u0645\u064f\u06da \u0644\u064e\u0627 \u062a\u064e\u0623\u0652\u062e\u064f\u0630\u064f\u0647\u064f \u0633\u0650\u0646\u064e\u0629\u064c \u0648\u064e\u0644\u064e\u0627 \u0646\u064e\u0648\u0652\u0645\u064c\u06da \u0644\u064e\u0647\u064f \u0645\u064e\u0627 \u0641\u0650\u0649 \u0627\u0644\u0633\u0651\u064e\u0645\u0670\u0648\u064e\u0627\u062a\u0650 \u0648\u064e\u0645\u064e\u0627 \u0641\u0650\u0649 \u0627\u0644\u0652\u0627\u064e\u0631\u0652\u0636\u0650\u06dc \u0645\u064e\u0646\u0652 \u0630\u064e\u0627 \u0627\u0644\u0651\u064e\u0630\u0656\u0649 \u064a\u064e\u0634\u0652\u0641\u064e\u0639\u064f \u0639\u0650\u0646\u0652\u062f\u064e\u0647\u064f \u0627\u0650\u0644\u0651\u064e\u0627 \u0628\u0650\u0627\u0650\u0630\u0652\u0646\u0650\u0647\u0656\u06da \u064a\u064e\u0639\u0652\u0644\u064e\u0645\u064f \u0645\u064e\u0627 \u0628\u064e\u064a\u0652\u0646\u064e \u0627\u064e\u064a\u0652\u062f\u0656\u064a\u0647\u0650\u0645\u0652 \u0648\u064e\u0645\u064e\u0627 \u062e\u064e\u0644\u0652\u0641\u064e\u0647\u064f\u0645\u0652\u06da \u0648\u064e\u0644\u064e\u0627 \u064a\u064f\u062d\u0656\u064a\u0637\u064f\u0648\u0646\u064e \u0628\u0650\u0634\u064e\u064a\u0652\u0621\u064d \u0645\u0650\u0646\u0652 \u0639\u0650\u0644\u0652\u0645\u0650\u0647\u0656 \u0627\u0650\u0644\u0651\u064e\u0627 \u0628\u0650\u0645\u064e\u0627 \u0634\u064e\u0627\u0621\u064e\u06da \u0648\u064e\u0633\u0650\u0639\u064e \u0643\u064f\u0631\u0652\u0633\u0650\u064a\u0651\u064f\u0647\u064f \u0627\u0644\u0633\u0651\u064e\u0645\u0670\u0648\u064e\u0627\u062a\u0650 \u0648\u064e\u0627\u0644\u0652\u0627\u064e\u0631\u0652\u0636\u064e\u06da \u0648\u064e\u0644\u064e\u0627 \u064a\u064e\u0624\u064f\u062f\u064f\u0647\u064f \u062d\u0650\u0641\u0652\u0638\u064f\u0647\u064f\u0645\u064e\u0627\u06da \u0648\u064e\u0647\u064f\u0648\u064e \u0627\u0644\u0652\u0639\u064e\u0644\u0650\u0649\u0651\u064f \u0627\u0644\u0652\u0639\u064e\u0638\u0656\u064a\u0645\u064f<\/p>\n<p>T\u00fcrk\u00e7e Meali:<\/p>\n<p>\u201cAllah, O\u2019ndan ba\u015fka hi\u00e7bir il\u00e2h yoktur. O, daima diri ve yarat\u0131klar\u0131n\u0131 koruyup y\u00f6neten bir zatd\u0131r. O\u2019nu ne bir uyuklama tutabilir ne de bir uyku. G\u00f6klerde ve yerde ne varsa O\u2019nundur. \u0130zni olmadan, huzurunda \u015fefaat edecek kimdir? O, kullar\u0131n\u0131n yapt\u0131klar\u0131n\u0131 ve yapacaklar\u0131n\u0131 bilir. Onlar, O\u2019nun ilminden, kendisinin diledi\u011fi kadar\u0131ndan ba\u015fka bir \u015fey kavrayamazlar. O\u2019nun k\u00fcrs\u00fcs\u00fc g\u00f6kleri ve yeri ku\u015fatm\u0131\u015ft\u0131r. Onlar\u0131 koruyup g\u00f6zetmek O\u2019na a\u011f\u0131r gelmez. O, y\u00fccedir, b\u00fcy\u00fckt\u00fcr.\u201d<\/p>\n","protected":false},"featured_media":37936,"comment_status":"open","ping_status":"closed","template":"","meta":[],"product_brand":[],"product_cat":[597,26],"product_tag":[],"class_list":{"0":"post-37935","1":"product","2":"type-product","3":"status-publish","4":"has-post-thumbnail","6":"product_cat-bakir-bileklik","7":"product_cat-genel","9":"first","10":"instock","11":"taxable","12":"shipping-taxable","13":"purchasable","14":"product-type-simple"},"yoast_head":"<!-- This site is optimized with the Yoast SEO plugin v27.3 - https:\/\/yoast.com\/product\/yoast-seo-wordpress\/ -->\n<title>AYET-EL K\u00dcRS\u0130 BAKIR B\u0130LEKL\u0130K - Astrolog Elvan<\/title>\n<meta name=\"robots\" content=\"index, follow, max-snippet:-1, max-image-preview:large, max-video-preview:-1\" \/>\n<link rel=\"canonical\" href=\"https:\/\/astrologelvan.com\/magaza\/urun\/ayet-el-kursi-bakir-bileklik\/\" \/>\n<meta property=\"og:locale\" content=\"tr_TR\" \/>\n<meta property=\"og:type\" content=\"article\" \/>\n<meta property=\"og:title\" content=\"AYET-EL K\u00dcRS\u0130 BAKIR B\u0130LEKL\u0130K - Astrolog Elvan\" \/>\n<meta property=\"og:description\" content=\"Koruyucu G\u00fc\u00e7  Bu \u00f6zel tasar\u0131m bak\u0131r bileklik, Kur\u2019an-\u0131 Kerim\u2019in en g\u00fc\u00e7l\u00fc ayetlerinden biri olan Ayet-el K\u00fcrsi\u2019yi ta\u015f\u0131r. \u015e\u0131kl\u0131\u011f\u0131yla dikkat \u00e7ekerken, manevi koruma ve huzur arayanlar i\u00e7in \u00f6zel olarak haz\u0131rlanm\u0131\u015ft\u0131r. Bak\u0131r\u0131n do\u011fal enerjisi ve Ayet-el K\u00fcrsi\u2019nin anlam\u0131 birle\u015ferek size hem zarif bir aksesuar hem de g\u00fc\u00e7l\u00fc bir manevi destek sunar. El i\u015f\u00e7ili\u011fi ile \u00fcretilmi\u015f bu bileklik, \u00fczerindeki detayl\u0131 i\u015flemelerle manevi bir de\u011fer ta\u015f\u0131r. Enerji dengeleyici, negatif enerjiyi uzakla\u015ft\u0131r\u0131r. Her daim korundu\u011funuzu ve g\u00fcvende oldu\u011funuzu hissettirir.  Ayet-el K\u00fcrsi (Bakara Suresi, 255. Ayet) \u0130slam dininde \u00e7ok \u00f6nemli bir duad\u0131r.  \u0627\u0644\u0644\u0651\u0670\u0647\u064f \u0644\u064e\u0627 \u0625\u0650\u0644\u0670\u0647\u064e \u0625\u0650\u0644\u0651\u064e\u0627 \u0647\u064f\u0648\u064e \u0627\u0644\u0652\u062d\u064e\u064a\u0651\u064f \u0627\u0644\u0652\u0642\u064e\u064a\u0651\u064f\u0648\u0645\u064f\u06da \u0644\u064e\u0627 \u062a\u064e\u0623\u0652\u062e\u064f\u0630\u064f\u0647\u064f \u0633\u0650\u0646\u064e\u0629\u064c \u0648\u064e\u0644\u064e\u0627 \u0646\u064e\u0648\u0652\u0645\u064c\u06da \u0644\u064e\u0647\u064f \u0645\u064e\u0627 \u0641\u0650\u0649 \u0627\u0644\u0633\u0651\u064e\u0645\u0670\u0648\u064e\u0627\u062a\u0650 \u0648\u064e\u0645\u064e\u0627 \u0641\u0650\u0649 \u0627\u0644\u0652\u0627\u064e\u0631\u0652\u0636\u0650\u06dc \u0645\u064e\u0646\u0652 \u0630\u064e\u0627 \u0627\u0644\u0651\u064e\u0630\u0656\u0649 \u064a\u064e\u0634\u0652\u0641\u064e\u0639\u064f \u0639\u0650\u0646\u0652\u062f\u064e\u0647\u064f \u0627\u0650\u0644\u0651\u064e\u0627 \u0628\u0650\u0627\u0650\u0630\u0652\u0646\u0650\u0647\u0656\u06da \u064a\u064e\u0639\u0652\u0644\u064e\u0645\u064f \u0645\u064e\u0627 \u0628\u064e\u064a\u0652\u0646\u064e \u0627\u064e\u064a\u0652\u062f\u0656\u064a\u0647\u0650\u0645\u0652 \u0648\u064e\u0645\u064e\u0627 \u062e\u064e\u0644\u0652\u0641\u064e\u0647\u064f\u0645\u0652\u06da \u0648\u064e\u0644\u064e\u0627 \u064a\u064f\u062d\u0656\u064a\u0637\u064f\u0648\u0646\u064e \u0628\u0650\u0634\u064e\u064a\u0652\u0621\u064d \u0645\u0650\u0646\u0652 \u0639\u0650\u0644\u0652\u0645\u0650\u0647\u0656 \u0627\u0650\u0644\u0651\u064e\u0627 \u0628\u0650\u0645\u064e\u0627 \u0634\u064e\u0627\u0621\u064e\u06da \u0648\u064e\u0633\u0650\u0639\u064e \u0643\u064f\u0631\u0652\u0633\u0650\u064a\u0651\u064f\u0647\u064f \u0627\u0644\u0633\u0651\u064e\u0645\u0670\u0648\u064e\u0627\u062a\u0650 \u0648\u064e\u0627\u0644\u0652\u0627\u064e\u0631\u0652\u0636\u064e\u06da \u0648\u064e\u0644\u064e\u0627 \u064a\u064e\u0624\u064f\u062f\u064f\u0647\u064f \u062d\u0650\u0641\u0652\u0638\u064f\u0647\u064f\u0645\u064e\u0627\u06da \u0648\u064e\u0647\u064f\u0648\u064e \u0627\u0644\u0652\u0639\u064e\u0644\u0650\u0649\u0651\u064f \u0627\u0644\u0652\u0639\u064e\u0638\u0656\u064a\u0645\u064f  T\u00fcrk\u00e7e Meali:  \u201cAllah, O\u2019ndan ba\u015fka hi\u00e7bir il\u00e2h yoktur. O, daima diri ve yarat\u0131klar\u0131n\u0131 koruyup y\u00f6neten bir zatd\u0131r. O\u2019nu ne bir uyuklama tutabilir ne de bir uyku. G\u00f6klerde ve yerde ne varsa O\u2019nundur. \u0130zni olmadan, huzurunda \u015fefaat edecek kimdir? O, kullar\u0131n\u0131n yapt\u0131klar\u0131n\u0131 ve yapacaklar\u0131n\u0131 bilir. Onlar, O\u2019nun ilminden, kendisinin diledi\u011fi kadar\u0131ndan ba\u015fka bir \u015fey kavrayamazlar. O\u2019nun k\u00fcrs\u00fcs\u00fc g\u00f6kleri ve yeri ku\u015fatm\u0131\u015ft\u0131r. Onlar\u0131 koruyup g\u00f6zetmek O\u2019na a\u011f\u0131r gelmez. O, y\u00fccedir, b\u00fcy\u00fckt\u00fcr.\u201d\" \/>\n<meta property=\"og:url\" content=\"https:\/\/astrologelvan.com\/magaza\/urun\/ayet-el-kursi-bakir-bileklik\/\" \/>\n<meta property=\"og:site_name\" content=\"Astrolog Elvan\" \/>\n<meta property=\"article:modified_time\" content=\"2026-03-30T11:17:13+00:00\" \/>\n<meta property=\"og:image\" content=\"https:\/\/astrologelvan.com\/magaza\/wp-content\/uploads\/2025\/01\/bakir_bileklik_dua-scaled.jpg\" \/>\n\t<meta property=\"og:image:width\" content=\"1707\" \/>\n\t<meta property=\"og:image:height\" content=\"2560\" \/>\n\t<meta property=\"og:image:type\" content=\"image\/jpeg\" \/>\n<meta name=\"twitter:card\" content=\"summary_large_image\" \/>\n<meta name=\"twitter:label1\" content=\"Tahmini okuma s\u00fcresi\" \/>\n\t<meta name=\"twitter:data1\" content=\"1 dakika\" \/>\n<script type=\"application\/ld+json\" class=\"yoast-schema-graph\">{\"@context\":\"https:\\\/\\\/schema.org\",\"@graph\":[{\"@type\":[\"WebPage\",\"ItemPage\"],\"@id\":\"https:\\\/\\\/astrologelvan.com\\\/magaza\\\/urun\\\/ayet-el-kursi-bakir-bileklik\\\/\",\"url\":\"https:\\\/\\\/astrologelvan.com\\\/magaza\\\/urun\\\/ayet-el-kursi-bakir-bileklik\\\/\",\"name\":\"AYET-EL K\u00dcRS\u0130 BAKIR B\u0130LEKL\u0130K - Astrolog Elvan\",\"isPartOf\":{\"@id\":\"https:\\\/\\\/astrologelvan.com\\\/magaza\\\/#website\"},\"primaryImageOfPage\":{\"@id\":\"https:\\\/\\\/astrologelvan.com\\\/magaza\\\/urun\\\/ayet-el-kursi-bakir-bileklik\\\/#primaryimage\"},\"image\":{\"@id\":\"https:\\\/\\\/astrologelvan.com\\\/magaza\\\/urun\\\/ayet-el-kursi-bakir-bileklik\\\/#primaryimage\"},\"thumbnailUrl\":\"https:\\\/\\\/astrologelvan.com\\\/magaza\\\/wp-content\\\/uploads\\\/2025\\\/01\\\/bakir_bileklik_dua-scaled.jpg\",\"datePublished\":\"2025-01-24T15:13:14+00:00\",\"dateModified\":\"2026-03-30T11:17:13+00:00\",\"breadcrumb\":{\"@id\":\"https:\\\/\\\/astrologelvan.com\\\/magaza\\\/urun\\\/ayet-el-kursi-bakir-bileklik\\\/#breadcrumb\"},\"inLanguage\":\"tr\",\"potentialAction\":[{\"@type\":\"ReadAction\",\"target\":[\"https:\\\/\\\/astrologelvan.com\\\/magaza\\\/urun\\\/ayet-el-kursi-bakir-bileklik\\\/\"]}]},{\"@type\":\"ImageObject\",\"inLanguage\":\"tr\",\"@id\":\"https:\\\/\\\/astrologelvan.com\\\/magaza\\\/urun\\\/ayet-el-kursi-bakir-bileklik\\\/#primaryimage\",\"url\":\"https:\\\/\\\/astrologelvan.com\\\/magaza\\\/wp-content\\\/uploads\\\/2025\\\/01\\\/bakir_bileklik_dua-scaled.jpg\",\"contentUrl\":\"https:\\\/\\\/astrologelvan.com\\\/magaza\\\/wp-content\\\/uploads\\\/2025\\\/01\\\/bakir_bileklik_dua-scaled.jpg\",\"width\":1707,\"height\":2560},{\"@type\":\"BreadcrumbList\",\"@id\":\"https:\\\/\\\/astrologelvan.com\\\/magaza\\\/urun\\\/ayet-el-kursi-bakir-bileklik\\\/#breadcrumb\",\"itemListElement\":[{\"@type\":\"ListItem\",\"position\":1,\"name\":\"Anasayfa\",\"item\":\"https:\\\/\\\/astrologelvan.com\\\/magaza\\\/\"},{\"@type\":\"ListItem\",\"position\":2,\"name\":\"Ma\u011faza\",\"item\":\"https:\\\/\\\/astrologelvan.com\\\/magaza\\\/magaza\\\/\"},{\"@type\":\"ListItem\",\"position\":3,\"name\":\"AYET-EL K\u00dcRS\u0130 BAKIR B\u0130LEKL\u0130K\"}]},{\"@type\":\"WebSite\",\"@id\":\"https:\\\/\\\/astrologelvan.com\\\/magaza\\\/#website\",\"url\":\"https:\\\/\\\/astrologelvan.com\\\/magaza\\\/\",\"name\":\"Astrolog Elvan\",\"description\":\"\",\"potentialAction\":[{\"@type\":\"SearchAction\",\"target\":{\"@type\":\"EntryPoint\",\"urlTemplate\":\"https:\\\/\\\/astrologelvan.com\\\/magaza\\\/?s={search_term_string}\"},\"query-input\":{\"@type\":\"PropertyValueSpecification\",\"valueRequired\":true,\"valueName\":\"search_term_string\"}}],\"inLanguage\":\"tr\"}]}<\/script>\n<!-- \/ Yoast SEO plugin. -->","yoast_head_json":{"title":"AYET-EL K\u00dcRS\u0130 BAKIR B\u0130LEKL\u0130K - Astrolog Elvan","robots":{"index":"index","follow":"follow","max-snippet":"max-snippet:-1","max-image-preview":"max-image-preview:large","max-video-preview":"max-video-preview:-1"},"canonical":"https:\/\/astrologelvan.com\/magaza\/urun\/ayet-el-kursi-bakir-bileklik\/","og_locale":"tr_TR","og_type":"article","og_title":"AYET-EL K\u00dcRS\u0130 BAKIR B\u0130LEKL\u0130K - Astrolog Elvan","og_description":"Koruyucu G\u00fc\u00e7  Bu \u00f6zel tasar\u0131m bak\u0131r bileklik, Kur\u2019an-\u0131 Kerim\u2019in en g\u00fc\u00e7l\u00fc ayetlerinden biri olan Ayet-el K\u00fcrsi\u2019yi ta\u015f\u0131r. \u015e\u0131kl\u0131\u011f\u0131yla dikkat \u00e7ekerken, manevi koruma ve huzur arayanlar i\u00e7in \u00f6zel olarak haz\u0131rlanm\u0131\u015ft\u0131r. Bak\u0131r\u0131n do\u011fal enerjisi ve Ayet-el K\u00fcrsi\u2019nin anlam\u0131 birle\u015ferek size hem zarif bir aksesuar hem de g\u00fc\u00e7l\u00fc bir manevi destek sunar. El i\u015f\u00e7ili\u011fi ile \u00fcretilmi\u015f bu bileklik, \u00fczerindeki detayl\u0131 i\u015flemelerle manevi bir de\u011fer ta\u015f\u0131r. Enerji dengeleyici, negatif enerjiyi uzakla\u015ft\u0131r\u0131r. Her daim korundu\u011funuzu ve g\u00fcvende oldu\u011funuzu hissettirir.  Ayet-el K\u00fcrsi (Bakara Suresi, 255. Ayet) \u0130slam dininde \u00e7ok \u00f6nemli bir duad\u0131r.  \u0627\u0644\u0644\u0651\u0670\u0647\u064f \u0644\u064e\u0627 \u0625\u0650\u0644\u0670\u0647\u064e \u0625\u0650\u0644\u0651\u064e\u0627 \u0647\u064f\u0648\u064e \u0627\u0644\u0652\u062d\u064e\u064a\u0651\u064f \u0627\u0644\u0652\u0642\u064e\u064a\u0651\u064f\u0648\u0645\u064f\u06da \u0644\u064e\u0627 \u062a\u064e\u0623\u0652\u062e\u064f\u0630\u064f\u0647\u064f \u0633\u0650\u0646\u064e\u0629\u064c \u0648\u064e\u0644\u064e\u0627 \u0646\u064e\u0648\u0652\u0645\u064c\u06da \u0644\u064e\u0647\u064f \u0645\u064e\u0627 \u0641\u0650\u0649 \u0627\u0644\u0633\u0651\u064e\u0645\u0670\u0648\u064e\u0627\u062a\u0650 \u0648\u064e\u0645\u064e\u0627 \u0641\u0650\u0649 \u0627\u0644\u0652\u0627\u064e\u0631\u0652\u0636\u0650\u06dc \u0645\u064e\u0646\u0652 \u0630\u064e\u0627 \u0627\u0644\u0651\u064e\u0630\u0656\u0649 \u064a\u064e\u0634\u0652\u0641\u064e\u0639\u064f \u0639\u0650\u0646\u0652\u062f\u064e\u0647\u064f \u0627\u0650\u0644\u0651\u064e\u0627 \u0628\u0650\u0627\u0650\u0630\u0652\u0646\u0650\u0647\u0656\u06da \u064a\u064e\u0639\u0652\u0644\u064e\u0645\u064f \u0645\u064e\u0627 \u0628\u064e\u064a\u0652\u0646\u064e \u0627\u064e\u064a\u0652\u062f\u0656\u064a\u0647\u0650\u0645\u0652 \u0648\u064e\u0645\u064e\u0627 \u062e\u064e\u0644\u0652\u0641\u064e\u0647\u064f\u0645\u0652\u06da \u0648\u064e\u0644\u064e\u0627 \u064a\u064f\u062d\u0656\u064a\u0637\u064f\u0648\u0646\u064e \u0628\u0650\u0634\u064e\u064a\u0652\u0621\u064d \u0645\u0650\u0646\u0652 \u0639\u0650\u0644\u0652\u0645\u0650\u0647\u0656 \u0627\u0650\u0644\u0651\u064e\u0627 \u0628\u0650\u0645\u064e\u0627 \u0634\u064e\u0627\u0621\u064e\u06da \u0648\u064e\u0633\u0650\u0639\u064e \u0643\u064f\u0631\u0652\u0633\u0650\u064a\u0651\u064f\u0647\u064f \u0627\u0644\u0633\u0651\u064e\u0645\u0670\u0648\u064e\u0627\u062a\u0650 \u0648\u064e\u0627\u0644\u0652\u0627\u064e\u0631\u0652\u0636\u064e\u06da \u0648\u064e\u0644\u064e\u0627 \u064a\u064e\u0624\u064f\u062f\u064f\u0647\u064f \u062d\u0650\u0641\u0652\u0638\u064f\u0647\u064f\u0645\u064e\u0627\u06da \u0648\u064e\u0647\u064f\u0648\u064e \u0627\u0644\u0652\u0639\u064e\u0644\u0650\u0649\u0651\u064f \u0627\u0644\u0652\u0639\u064e\u0638\u0656\u064a\u0645\u064f  T\u00fcrk\u00e7e Meali:  \u201cAllah, O\u2019ndan ba\u015fka hi\u00e7bir il\u00e2h yoktur. O, daima diri ve yarat\u0131klar\u0131n\u0131 koruyup y\u00f6neten bir zatd\u0131r. O\u2019nu ne bir uyuklama tutabilir ne de bir uyku. G\u00f6klerde ve yerde ne varsa O\u2019nundur. \u0130zni olmadan, huzurunda \u015fefaat edecek kimdir? O, kullar\u0131n\u0131n yapt\u0131klar\u0131n\u0131 ve yapacaklar\u0131n\u0131 bilir. Onlar, O\u2019nun ilminden, kendisinin diledi\u011fi kadar\u0131ndan ba\u015fka bir \u015fey kavrayamazlar. O\u2019nun k\u00fcrs\u00fcs\u00fc g\u00f6kleri ve yeri ku\u015fatm\u0131\u015ft\u0131r. Onlar\u0131 koruyup g\u00f6zetmek O\u2019na a\u011f\u0131r gelmez. O, y\u00fccedir, b\u00fcy\u00fckt\u00fcr.\u201d","og_url":"https:\/\/astrologelvan.com\/magaza\/urun\/ayet-el-kursi-bakir-bileklik\/","og_site_name":"Astrolog Elvan","article_modified_time":"2026-03-30T11:17:13+00:00","og_image":[{"width":1707,"height":2560,"url":"https:\/\/astrologelvan.com\/magaza\/wp-content\/uploads\/2025\/01\/bakir_bileklik_dua-scaled.jpg","type":"image\/jpeg"}],"twitter_card":"summary_large_image","twitter_misc":{"Tahmini okuma s\u00fcresi":"1 dakika"},"schema":{"@context":"https:\/\/schema.org","@graph":[{"@type":["WebPage","ItemPage"],"@id":"https:\/\/astrologelvan.com\/magaza\/urun\/ayet-el-kursi-bakir-bileklik\/","url":"https:\/\/astrologelvan.com\/magaza\/urun\/ayet-el-kursi-bakir-bileklik\/","name":"AYET-EL K\u00dcRS\u0130 BAKIR B\u0130LEKL\u0130K - Astrolog Elvan","isPartOf":{"@id":"https:\/\/astrologelvan.com\/magaza\/#website"},"primaryImageOfPage":{"@id":"https:\/\/astrologelvan.com\/magaza\/urun\/ayet-el-kursi-bakir-bileklik\/#primaryimage"},"image":{"@id":"https:\/\/astrologelvan.com\/magaza\/urun\/ayet-el-kursi-bakir-bileklik\/#primaryimage"},"thumbnailUrl":"https:\/\/astrologelvan.com\/magaza\/wp-content\/uploads\/2025\/01\/bakir_bileklik_dua-scaled.jpg","datePublished":"2025-01-24T15:13:14+00:00","dateModified":"2026-03-30T11:17:13+00:00","breadcrumb":{"@id":"https:\/\/astrologelvan.com\/magaza\/urun\/ayet-el-kursi-bakir-bileklik\/#breadcrumb"},"inLanguage":"tr","potentialAction":[{"@type":"ReadAction","target":["https:\/\/astrologelvan.com\/magaza\/urun\/ayet-el-kursi-bakir-bileklik\/"]}]},{"@type":"ImageObject","inLanguage":"tr","@id":"https:\/\/astrologelvan.com\/magaza\/urun\/ayet-el-kursi-bakir-bileklik\/#primaryimage","url":"https:\/\/astrologelvan.com\/magaza\/wp-content\/uploads\/2025\/01\/bakir_bileklik_dua-scaled.jpg","contentUrl":"https:\/\/astrologelvan.com\/magaza\/wp-content\/uploads\/2025\/01\/bakir_bileklik_dua-scaled.jpg","width":1707,"height":2560},{"@type":"BreadcrumbList","@id":"https:\/\/astrologelvan.com\/magaza\/urun\/ayet-el-kursi-bakir-bileklik\/#breadcrumb","itemListElement":[{"@type":"ListItem","position":1,"name":"Anasayfa","item":"https:\/\/astrologelvan.com\/magaza\/"},{"@type":"ListItem","position":2,"name":"Ma\u011faza","item":"https:\/\/astrologelvan.com\/magaza\/magaza\/"},{"@type":"ListItem","position":3,"name":"AYET-EL K\u00dcRS\u0130 BAKIR B\u0130LEKL\u0130K"}]},{"@type":"WebSite","@id":"https:\/\/astrologelvan.com\/magaza\/#website","url":"https:\/\/astrologelvan.com\/magaza\/","name":"Astrolog Elvan","description":"","potentialAction":[{"@type":"SearchAction","target":{"@type":"EntryPoint","urlTemplate":"https:\/\/astrologelvan.com\/magaza\/?s={search_term_string}"},"query-input":{"@type":"PropertyValueSpecification","valueRequired":true,"valueName":"search_term_string"}}],"inLanguage":"tr"}]}},"_links":{"self":[{"href":"https:\/\/astrologelvan.com\/magaza\/wp-json\/wp\/v2\/product\/37935","targetHints":{"allow":["GET"]}}],"collection":[{"href":"https:\/\/astrologelvan.com\/magaza\/wp-json\/wp\/v2\/product"}],"about":[{"href":"https:\/\/astrologelvan.com\/magaza\/wp-json\/wp\/v2\/types\/product"}],"replies":[{"embeddable":true,"href":"https:\/\/astrologelvan.com\/magaza\/wp-json\/wp\/v2\/comments?post=37935"}],"wp:featuredmedia":[{"embeddable":true,"href":"https:\/\/astrologelvan.com\/magaza\/wp-json\/wp\/v2\/media\/37936"}],"wp:attachment":[{"href":"https:\/\/astrologelvan.com\/magaza\/wp-json\/wp\/v2\/media?parent=37935"}],"wp:term":[{"taxonomy":"product_brand","embeddable":true,"href":"https:\/\/astrologelvan.com\/magaza\/wp-json\/wp\/v2\/product_brand?post=37935"},{"taxonomy":"product_cat","embeddable":true,"href":"https:\/\/astrologelvan.com\/magaza\/wp-json\/wp\/v2\/product_cat?post=37935"},{"taxonomy":"product_tag","embeddable":true,"href":"https:\/\/astrologelvan.com\/magaza\/wp-json\/wp\/v2\/product_tag?post=37935"}],"curies":[{"name":"wp","href":"https:\/\/api.w.org\/{rel}","templated":true}]}}