{"id":379,"date":"2024-02-28T02:19:36","date_gmt":"2024-02-27T23:19:36","guid":{"rendered":"https:\/\/astrologelvan.shop\/?post_type=product&#038;p=379"},"modified":"2026-02-02T16:08:16","modified_gmt":"2026-02-02T13:08:16","slug":"kristal-beyaz-kuvars-tasi-pandul","status":"publish","type":"product","link":"https:\/\/astrologelvan.com\/magaza\/urun\/kristal-beyaz-kuvars-tasi-pandul\/","title":{"rendered":"KR\u0130STAL (BEYAZ) KUVARS TA\u015eI PAND\u00dcL"},"content":{"rendered":"<p><strong>\u00dcr\u00fcn\u00fcn\u00fcz\u00fcn uzun s\u00fcre kullanabilmesi i\u00e7in; Parf\u00fcm, su, s\u0131v\u0131, dezenfektan, krem v.b. gibi maddelerle temas etmemesi gerekmektedir. \u00dcr\u00fcnlerinizi kullanmad\u0131\u011f\u0131n\u0131z zamanlarda kesesinde saklaman\u0131z\u0131 \u00f6neririz.<\/strong><\/p>\n<p><strong>Do\u011fal ta\u015flar\u0131n belirli titre\u015fimlere ve frekanslara sahip oldu\u011fu bilinmektedir. Bu nedenle v\u00fccudumuzda ve auram\u0131zda birtak\u0131m iyi etkileri oldu\u011fu s\u00f6ylenmektedir. Ta\u015flar\u0131n \u00f6zelliklerinin bilimsel kesinli\u011fi yoktur. Astrologelvan ma\u011fazas\u0131ndaki t\u00fcm ta\u015flar orijinal, ger\u00e7ek do\u011fal ta\u015flard\u0131r. T\u0131bbi konularda doktora dan\u0131\u015fman\u0131z\u0131 tavsiye ederiz. Ta\u015flar\u0131n tedavi edici \u00f6zelli\u011fi yoktur, sadece ki\u015fisel enerjimizi y\u00fckseltmekte ve astrolojik olarak da temsil etti\u011fi gezegenlerin etkilerini artt\u0131rmakta oldu\u011fu kabul edilir. \u00d6rne\u011fin; pembe kuvars ta\u015f\u0131 a\u015fk ve sevgi gezegeni Ven\u00fcs\u2019\u00fcn ta\u015f\u0131d\u0131r ve bu sebeple \u00fczerinde ta\u015f\u0131yan ki\u015finin a\u015fk ve sevgi frekans\u0131n\u0131 y\u00fckseltti\u011fi bilinir.<\/strong><\/p>\n<p>&nbsp;<\/p>\n<h3>Kristal Kuvars (Beyaz Kuvars) Ta\u015f\u0131, \u00d6zellikleri ve Faydalar\u0131<\/h3>\n<p class=\"p1\">Her rit\u00fcelin ve enerji \u00e7al\u0131\u015fmas\u0131n\u0131n olmazsa olmaz\u0131d\u0131r. Kuvars ailesinin en bilinen do\u011fal ta\u015f\u0131d\u0131r. 7 \u00e7akra \u00e7al\u0131\u015fmas\u0131 i\u00e7in de kullan\u0131labilir. Auran\u0131zdaki enerji alan\u0131ndaki blokajlar\u0131 dengelemek i\u00e7in kullan\u0131l\u0131r. Ruhsal ve bedensel tedavi edici \u00f6zelliklere sahip bir ta\u015ft\u0131r. Bir\u00e7ok \u00fclkede kuvarsa rastlanmas\u0131na ra\u011fmen kuvars en yayg\u0131n olarak Brezilya ve Madagaskar\u2019da bulunur. Olduk\u00e7a sert bir ta\u015f oldu\u011fundan tuzlu suyla temizleyebilirsiniz. Sertlik derecesi 7\u2019dir.<\/p>\n<p class=\"p1\">\u00d6fke, korku, k\u0131skan\u00e7l\u0131k, su\u00e7luluk gibi negatif duygulardan ar\u0131nd\u0131r\u0131r.<span class=\"Apple-converted-space\">\u00a0 <\/span>Stresten korunmaya yard\u0131mc\u0131 olur. \u00d6zellikle sinir sistemi \u00fczerinde etkisi vard\u0131r. Sinir sistemini yat\u0131\u015ft\u0131r\u0131r ve ki\u015finin rahatlamas\u0131na yard\u0131mc\u0131 olur.<\/p>\n","protected":false},"excerpt":{"rendered":"<p>V\u00fccudunuzdaki enerji dengesini sa\u011flayan en temel kristaldir. Orta\u00a0 \u00c7a\u011f\u2019da krallar ve soylular gizli g\u00fcc\u00fcne inand\u0131klar\u0131 kuvars kristallerini k\u0131l\u0131\u00e7 kabzalar\u0131n\u0131n ya da k\u0131yafetlerinin \u00fczerinde ta\u015f\u0131rd\u0131. T\u00fcm \u00e7akralar i\u00e7in kullan\u0131l\u0131r. Enerji d\u00fc\u015f\u00fckl\u00fc\u011f\u00fcn\u00fc dengeler. Negatif enerjiyi temizler. T\u00fcm meditasyon ve rit\u00fcellerinizde kullanabilirsiniz.<\/p>\n<p>&nbsp;<\/p>\n","protected":false},"featured_media":8288,"comment_status":"open","ping_status":"closed","template":"","meta":[],"product_brand":[],"product_cat":[9554,214],"product_tag":[39,215,40,216,217,218,219],"class_list":{"0":"post-379","1":"product","2":"type-product","3":"status-publish","4":"has-post-thumbnail","6":"product_cat-beyaz-kuvars","7":"product_cat-pandul","8":"product_tag-astrolog-elvan","9":"product_tag-beyaz-kuvars","10":"product_tag-dogal-tas","11":"product_tag-dogal-tas-pandul","12":"product_tag-kristal-kuvars","13":"product_tag-kristal-kuvars-pandul","14":"product_tag-pandul","16":"first","17":"instock","18":"taxable","19":"shipping-taxable","20":"purchasable","21":"product-type-simple"},"yoast_head":"<!-- This site is optimized with the Yoast SEO plugin v27.3 - https:\/\/yoast.com\/product\/yoast-seo-wordpress\/ -->\n<title>KR\u0130STAL (BEYAZ) KUVARS TA\u015eI PAND\u00dcL - Astrolog Elvan<\/title>\n<meta name=\"robots\" content=\"index, follow, max-snippet:-1, max-image-preview:large, max-video-preview:-1\" \/>\n<link rel=\"canonical\" href=\"https:\/\/astrologelvan.com\/magaza\/urun\/kristal-beyaz-kuvars-tasi-pandul\/\" \/>\n<meta property=\"og:locale\" content=\"tr_TR\" \/>\n<meta property=\"og:type\" content=\"article\" \/>\n<meta property=\"og:title\" content=\"KR\u0130STAL (BEYAZ) KUVARS TA\u015eI PAND\u00dcL - Astrolog Elvan\" \/>\n<meta property=\"og:description\" content=\"V\u00fccudunuzdaki enerji dengesini sa\u011flayan en temel kristaldir. Orta\u00a0 \u00c7a\u011f\u2019da krallar ve soylular gizli g\u00fcc\u00fcne inand\u0131klar\u0131 kuvars kristallerini k\u0131l\u0131\u00e7 kabzalar\u0131n\u0131n ya da k\u0131yafetlerinin \u00fczerinde ta\u015f\u0131rd\u0131. T\u00fcm \u00e7akralar i\u00e7in kullan\u0131l\u0131r. Enerji d\u00fc\u015f\u00fckl\u00fc\u011f\u00fcn\u00fc dengeler. Negatif enerjiyi temizler. T\u00fcm meditasyon ve rit\u00fcellerinizde kullanabilirsiniz.  &nbsp;\" \/>\n<meta property=\"og:url\" content=\"https:\/\/astrologelvan.com\/magaza\/urun\/kristal-beyaz-kuvars-tasi-pandul\/\" \/>\n<meta property=\"og:site_name\" content=\"Astrolog Elvan\" \/>\n<meta property=\"article:modified_time\" content=\"2026-02-02T13:08:16+00:00\" \/>\n<meta property=\"og:image\" content=\"https:\/\/astrologelvan.com\/magaza\/wp-content\/uploads\/2024\/02\/1-90-scaled.jpg\" \/>\n\t<meta property=\"og:image:width\" content=\"2560\" \/>\n\t<meta property=\"og:image:height\" content=\"2560\" \/>\n\t<meta property=\"og:image:type\" content=\"image\/jpeg\" \/>\n<meta name=\"twitter:card\" content=\"summary_large_image\" \/>\n<meta name=\"twitter:label1\" content=\"Tahmini okuma s\u00fcresi\" \/>\n\t<meta name=\"twitter:data1\" content=\"2 dakika\" \/>\n<script type=\"application\/ld+json\" class=\"yoast-schema-graph\">{\"@context\":\"https:\\\/\\\/schema.org\",\"@graph\":[{\"@type\":[\"WebPage\",\"ItemPage\"],\"@id\":\"https:\\\/\\\/astrologelvan.com\\\/magaza\\\/urun\\\/kristal-beyaz-kuvars-tasi-pandul\\\/\",\"url\":\"https:\\\/\\\/astrologelvan.com\\\/magaza\\\/urun\\\/kristal-beyaz-kuvars-tasi-pandul\\\/\",\"name\":\"KR\u0130STAL (BEYAZ) KUVARS TA\u015eI PAND\u00dcL - Astrolog Elvan\",\"isPartOf\":{\"@id\":\"https:\\\/\\\/astrologelvan.com\\\/magaza\\\/#website\"},\"primaryImageOfPage\":{\"@id\":\"https:\\\/\\\/astrologelvan.com\\\/magaza\\\/urun\\\/kristal-beyaz-kuvars-tasi-pandul\\\/#primaryimage\"},\"image\":{\"@id\":\"https:\\\/\\\/astrologelvan.com\\\/magaza\\\/urun\\\/kristal-beyaz-kuvars-tasi-pandul\\\/#primaryimage\"},\"thumbnailUrl\":\"https:\\\/\\\/astrologelvan.com\\\/magaza\\\/wp-content\\\/uploads\\\/2024\\\/02\\\/1-90-scaled.jpg\",\"datePublished\":\"2024-02-27T23:19:36+00:00\",\"dateModified\":\"2026-02-02T13:08:16+00:00\",\"breadcrumb\":{\"@id\":\"https:\\\/\\\/astrologelvan.com\\\/magaza\\\/urun\\\/kristal-beyaz-kuvars-tasi-pandul\\\/#breadcrumb\"},\"inLanguage\":\"tr\",\"potentialAction\":[{\"@type\":\"ReadAction\",\"target\":[\"https:\\\/\\\/astrologelvan.com\\\/magaza\\\/urun\\\/kristal-beyaz-kuvars-tasi-pandul\\\/\"]}]},{\"@type\":\"ImageObject\",\"inLanguage\":\"tr\",\"@id\":\"https:\\\/\\\/astrologelvan.com\\\/magaza\\\/urun\\\/kristal-beyaz-kuvars-tasi-pandul\\\/#primaryimage\",\"url\":\"https:\\\/\\\/astrologelvan.com\\\/magaza\\\/wp-content\\\/uploads\\\/2024\\\/02\\\/1-90-scaled.jpg\",\"contentUrl\":\"https:\\\/\\\/astrologelvan.com\\\/magaza\\\/wp-content\\\/uploads\\\/2024\\\/02\\\/1-90-scaled.jpg\",\"width\":2560,\"height\":2560},{\"@type\":\"BreadcrumbList\",\"@id\":\"https:\\\/\\\/astrologelvan.com\\\/magaza\\\/urun\\\/kristal-beyaz-kuvars-tasi-pandul\\\/#breadcrumb\",\"itemListElement\":[{\"@type\":\"ListItem\",\"position\":1,\"name\":\"Anasayfa\",\"item\":\"https:\\\/\\\/astrologelvan.com\\\/magaza\\\/\"},{\"@type\":\"ListItem\",\"position\":2,\"name\":\"Ma\u011faza\",\"item\":\"https:\\\/\\\/astrologelvan.com\\\/magaza\\\/magaza\\\/\"},{\"@type\":\"ListItem\",\"position\":3,\"name\":\"KR\u0130STAL (BEYAZ) KUVARS TA\u015eI PAND\u00dcL\"}]},{\"@type\":\"WebSite\",\"@id\":\"https:\\\/\\\/astrologelvan.com\\\/magaza\\\/#website\",\"url\":\"https:\\\/\\\/astrologelvan.com\\\/magaza\\\/\",\"name\":\"Astrolog Elvan\",\"description\":\"\",\"potentialAction\":[{\"@type\":\"SearchAction\",\"target\":{\"@type\":\"EntryPoint\",\"urlTemplate\":\"https:\\\/\\\/astrologelvan.com\\\/magaza\\\/?s={search_term_string}\"},\"query-input\":{\"@type\":\"PropertyValueSpecification\",\"valueRequired\":true,\"valueName\":\"search_term_string\"}}],\"inLanguage\":\"tr\"}]}<\/script>\n<!-- \/ Yoast SEO plugin. -->","yoast_head_json":{"title":"KR\u0130STAL (BEYAZ) KUVARS TA\u015eI PAND\u00dcL - Astrolog Elvan","robots":{"index":"index","follow":"follow","max-snippet":"max-snippet:-1","max-image-preview":"max-image-preview:large","max-video-preview":"max-video-preview:-1"},"canonical":"https:\/\/astrologelvan.com\/magaza\/urun\/kristal-beyaz-kuvars-tasi-pandul\/","og_locale":"tr_TR","og_type":"article","og_title":"KR\u0130STAL (BEYAZ) KUVARS TA\u015eI PAND\u00dcL - Astrolog Elvan","og_description":"V\u00fccudunuzdaki enerji dengesini sa\u011flayan en temel kristaldir. Orta\u00a0 \u00c7a\u011f\u2019da krallar ve soylular gizli g\u00fcc\u00fcne inand\u0131klar\u0131 kuvars kristallerini k\u0131l\u0131\u00e7 kabzalar\u0131n\u0131n ya da k\u0131yafetlerinin \u00fczerinde ta\u015f\u0131rd\u0131. T\u00fcm \u00e7akralar i\u00e7in kullan\u0131l\u0131r. Enerji d\u00fc\u015f\u00fckl\u00fc\u011f\u00fcn\u00fc dengeler. Negatif enerjiyi temizler. T\u00fcm meditasyon ve rit\u00fcellerinizde kullanabilirsiniz.  &nbsp;","og_url":"https:\/\/astrologelvan.com\/magaza\/urun\/kristal-beyaz-kuvars-tasi-pandul\/","og_site_name":"Astrolog Elvan","article_modified_time":"2026-02-02T13:08:16+00:00","og_image":[{"width":2560,"height":2560,"url":"https:\/\/astrologelvan.com\/magaza\/wp-content\/uploads\/2024\/02\/1-90-scaled.jpg","type":"image\/jpeg"}],"twitter_card":"summary_large_image","twitter_misc":{"Tahmini okuma s\u00fcresi":"2 dakika"},"schema":{"@context":"https:\/\/schema.org","@graph":[{"@type":["WebPage","ItemPage"],"@id":"https:\/\/astrologelvan.com\/magaza\/urun\/kristal-beyaz-kuvars-tasi-pandul\/","url":"https:\/\/astrologelvan.com\/magaza\/urun\/kristal-beyaz-kuvars-tasi-pandul\/","name":"KR\u0130STAL (BEYAZ) KUVARS TA\u015eI PAND\u00dcL - Astrolog Elvan","isPartOf":{"@id":"https:\/\/astrologelvan.com\/magaza\/#website"},"primaryImageOfPage":{"@id":"https:\/\/astrologelvan.com\/magaza\/urun\/kristal-beyaz-kuvars-tasi-pandul\/#primaryimage"},"image":{"@id":"https:\/\/astrologelvan.com\/magaza\/urun\/kristal-beyaz-kuvars-tasi-pandul\/#primaryimage"},"thumbnailUrl":"https:\/\/astrologelvan.com\/magaza\/wp-content\/uploads\/2024\/02\/1-90-scaled.jpg","datePublished":"2024-02-27T23:19:36+00:00","dateModified":"2026-02-02T13:08:16+00:00","breadcrumb":{"@id":"https:\/\/astrologelvan.com\/magaza\/urun\/kristal-beyaz-kuvars-tasi-pandul\/#breadcrumb"},"inLanguage":"tr","potentialAction":[{"@type":"ReadAction","target":["https:\/\/astrologelvan.com\/magaza\/urun\/kristal-beyaz-kuvars-tasi-pandul\/"]}]},{"@type":"ImageObject","inLanguage":"tr","@id":"https:\/\/astrologelvan.com\/magaza\/urun\/kristal-beyaz-kuvars-tasi-pandul\/#primaryimage","url":"https:\/\/astrologelvan.com\/magaza\/wp-content\/uploads\/2024\/02\/1-90-scaled.jpg","contentUrl":"https:\/\/astrologelvan.com\/magaza\/wp-content\/uploads\/2024\/02\/1-90-scaled.jpg","width":2560,"height":2560},{"@type":"BreadcrumbList","@id":"https:\/\/astrologelvan.com\/magaza\/urun\/kristal-beyaz-kuvars-tasi-pandul\/#breadcrumb","itemListElement":[{"@type":"ListItem","position":1,"name":"Anasayfa","item":"https:\/\/astrologelvan.com\/magaza\/"},{"@type":"ListItem","position":2,"name":"Ma\u011faza","item":"https:\/\/astrologelvan.com\/magaza\/magaza\/"},{"@type":"ListItem","position":3,"name":"KR\u0130STAL (BEYAZ) KUVARS TA\u015eI PAND\u00dcL"}]},{"@type":"WebSite","@id":"https:\/\/astrologelvan.com\/magaza\/#website","url":"https:\/\/astrologelvan.com\/magaza\/","name":"Astrolog Elvan","description":"","potentialAction":[{"@type":"SearchAction","target":{"@type":"EntryPoint","urlTemplate":"https:\/\/astrologelvan.com\/magaza\/?s={search_term_string}"},"query-input":{"@type":"PropertyValueSpecification","valueRequired":true,"valueName":"search_term_string"}}],"inLanguage":"tr"}]}},"_links":{"self":[{"href":"https:\/\/astrologelvan.com\/magaza\/wp-json\/wp\/v2\/product\/379","targetHints":{"allow":["GET"]}}],"collection":[{"href":"https:\/\/astrologelvan.com\/magaza\/wp-json\/wp\/v2\/product"}],"about":[{"href":"https:\/\/astrologelvan.com\/magaza\/wp-json\/wp\/v2\/types\/product"}],"replies":[{"embeddable":true,"href":"https:\/\/astrologelvan.com\/magaza\/wp-json\/wp\/v2\/comments?post=379"}],"wp:featuredmedia":[{"embeddable":true,"href":"https:\/\/astrologelvan.com\/magaza\/wp-json\/wp\/v2\/media\/8288"}],"wp:attachment":[{"href":"https:\/\/astrologelvan.com\/magaza\/wp-json\/wp\/v2\/media?parent=379"}],"wp:term":[{"taxonomy":"product_brand","embeddable":true,"href":"https:\/\/astrologelvan.com\/magaza\/wp-json\/wp\/v2\/product_brand?post=379"},{"taxonomy":"product_cat","embeddable":true,"href":"https:\/\/astrologelvan.com\/magaza\/wp-json\/wp\/v2\/product_cat?post=379"},{"taxonomy":"product_tag","embeddable":true,"href":"https:\/\/astrologelvan.com\/magaza\/wp-json\/wp\/v2\/product_tag?post=379"}],"curies":[{"name":"wp","href":"https:\/\/api.w.org\/{rel}","templated":true}]}}