{"id":37675,"date":"2025-01-23T17:17:58","date_gmt":"2025-01-23T14:17:58","guid":{"rendered":"https:\/\/astrologelvan.com\/magaza\/?post_type=product&#038;p=37675"},"modified":"2026-04-01T01:52:18","modified_gmt":"2026-03-31T22:52:18","slug":"golden-healer-bileklik","status":"publish","type":"product","link":"https:\/\/astrologelvan.com\/magaza\/urun\/golden-healer-bileklik\/","title":{"rendered":"GOLDEN HEALER B\u0130LEKL\u0130K"},"content":{"rendered":"","protected":false},"excerpt":{"rendered":"<p><strong>ThetaHealing veya ba\u015fka \u015fifa teknikleri uygulayan herkesin takmas\u0131 gereken o ta\u015f.<\/strong><\/p>\n<p>Golden Healer \u015fifa alman\u0131n ve tan\u0131kl\u0131k etmenin bedel \u00f6detece\u011fine dair inan\u00e7lar\u0131n\u0131z\u0131 nazik\u00e7e d\u00f6n\u00fc\u015ft\u00fcrerek, sizin kolayl\u0131kla \u015fifalanman\u0131z\u0131 sa\u011flayacak olan bu ta\u015f her \u015fifac\u0131da bulunmas\u0131 gerekir.<br \/>\n\u00d6zellikle hayat\u0131n\u0131zda i\u00e7 \u0131\u015f\u0131\u011f\u0131n\u0131za ihtiya\u00e7 duydu\u011funuz ve ruhsal b\u00fcy\u00fcme d\u00f6nemlerinizde ilahi yolunuzla merkezlenmeyi, kolayl\u0131kla ilerlemenizi kolayla\u015ft\u0131r\u0131r. Ta\u015f\u0131n i\u00e7erisindeki alt\u0131n \u0131\u015f\u0131lt\u0131lar hayat\u0131n\u0131za maddi manevi refah\u0131 \u00e7ekmenize sebep olur.<\/p>\n<p>&nbsp;<\/p>\n","protected":false},"featured_media":71345,"comment_status":"open","ping_status":"closed","template":"","meta":[],"product_brand":[],"product_cat":[258,259,26],"product_tag":[],"class_list":{"0":"post-37675","1":"product","2":"type-product","3":"status-publish","4":"has-post-thumbnail","6":"product_cat-bileklik","7":"product_cat-bileklikler","8":"product_cat-genel","10":"first","11":"instock","12":"taxable","13":"shipping-taxable","14":"purchasable","15":"product-type-simple"},"yoast_head":"<!-- This site is optimized with the Yoast SEO plugin v27.3 - https:\/\/yoast.com\/product\/yoast-seo-wordpress\/ -->\n<title>GOLDEN HEALER B\u0130LEKL\u0130K - Astrolog Elvan<\/title>\n<meta name=\"robots\" content=\"index, follow, max-snippet:-1, max-image-preview:large, max-video-preview:-1\" \/>\n<link rel=\"canonical\" href=\"https:\/\/astrologelvan.com\/magaza\/urun\/golden-healer-bileklik\/\" \/>\n<meta property=\"og:locale\" content=\"tr_TR\" \/>\n<meta property=\"og:type\" content=\"article\" \/>\n<meta property=\"og:title\" content=\"GOLDEN HEALER B\u0130LEKL\u0130K - Astrolog Elvan\" \/>\n<meta property=\"og:description\" content=\"ThetaHealing veya ba\u015fka \u015fifa teknikleri uygulayan herkesin takmas\u0131 gereken o ta\u015f.  Golden Healer \u015fifa alman\u0131n ve tan\u0131kl\u0131k etmenin bedel \u00f6detece\u011fine dair inan\u00e7lar\u0131n\u0131z\u0131 nazik\u00e7e d\u00f6n\u00fc\u015ft\u00fcrerek, sizin kolayl\u0131kla \u015fifalanman\u0131z\u0131 sa\u011flayacak olan bu ta\u015f her \u015fifac\u0131da bulunmas\u0131 gerekir. \u00d6zellikle hayat\u0131n\u0131zda i\u00e7 \u0131\u015f\u0131\u011f\u0131n\u0131za ihtiya\u00e7 duydu\u011funuz ve ruhsal b\u00fcy\u00fcme d\u00f6nemlerinizde ilahi yolunuzla merkezlenmeyi, kolayl\u0131kla ilerlemenizi kolayla\u015ft\u0131r\u0131r. Ta\u015f\u0131n i\u00e7erisindeki alt\u0131n \u0131\u015f\u0131lt\u0131lar hayat\u0131n\u0131za maddi manevi refah\u0131 \u00e7ekmenize sebep olur.  &nbsp;\" \/>\n<meta property=\"og:url\" content=\"https:\/\/astrologelvan.com\/magaza\/urun\/golden-healer-bileklik\/\" \/>\n<meta property=\"og:site_name\" content=\"Astrolog Elvan\" \/>\n<meta property=\"article:modified_time\" content=\"2026-03-31T22:52:18+00:00\" \/>\n<meta property=\"og:image\" content=\"https:\/\/astrologelvan.com\/magaza\/wp-content\/uploads\/2025\/01\/7.png\" \/>\n\t<meta property=\"og:image:width\" content=\"1375\" \/>\n\t<meta property=\"og:image:height\" content=\"2063\" \/>\n\t<meta property=\"og:image:type\" content=\"image\/png\" \/>\n<meta name=\"twitter:card\" content=\"summary_large_image\" \/>\n<meta name=\"twitter:label1\" content=\"Tahmini okuma s\u00fcresi\" \/>\n\t<meta name=\"twitter:data1\" content=\"1 dakika\" \/>\n<script type=\"application\/ld+json\" class=\"yoast-schema-graph\">{\"@context\":\"https:\\\/\\\/schema.org\",\"@graph\":[{\"@type\":[\"WebPage\",\"ItemPage\"],\"@id\":\"https:\\\/\\\/astrologelvan.com\\\/magaza\\\/urun\\\/golden-healer-bileklik\\\/\",\"url\":\"https:\\\/\\\/astrologelvan.com\\\/magaza\\\/urun\\\/golden-healer-bileklik\\\/\",\"name\":\"GOLDEN HEALER B\u0130LEKL\u0130K - Astrolog Elvan\",\"isPartOf\":{\"@id\":\"https:\\\/\\\/astrologelvan.com\\\/magaza\\\/#website\"},\"primaryImageOfPage\":{\"@id\":\"https:\\\/\\\/astrologelvan.com\\\/magaza\\\/urun\\\/golden-healer-bileklik\\\/#primaryimage\"},\"image\":{\"@id\":\"https:\\\/\\\/astrologelvan.com\\\/magaza\\\/urun\\\/golden-healer-bileklik\\\/#primaryimage\"},\"thumbnailUrl\":\"https:\\\/\\\/astrologelvan.com\\\/magaza\\\/wp-content\\\/uploads\\\/2025\\\/01\\\/7.png\",\"datePublished\":\"2025-01-23T14:17:58+00:00\",\"dateModified\":\"2026-03-31T22:52:18+00:00\",\"breadcrumb\":{\"@id\":\"https:\\\/\\\/astrologelvan.com\\\/magaza\\\/urun\\\/golden-healer-bileklik\\\/#breadcrumb\"},\"inLanguage\":\"tr\",\"potentialAction\":[{\"@type\":\"ReadAction\",\"target\":[\"https:\\\/\\\/astrologelvan.com\\\/magaza\\\/urun\\\/golden-healer-bileklik\\\/\"]}]},{\"@type\":\"ImageObject\",\"inLanguage\":\"tr\",\"@id\":\"https:\\\/\\\/astrologelvan.com\\\/magaza\\\/urun\\\/golden-healer-bileklik\\\/#primaryimage\",\"url\":\"https:\\\/\\\/astrologelvan.com\\\/magaza\\\/wp-content\\\/uploads\\\/2025\\\/01\\\/7.png\",\"contentUrl\":\"https:\\\/\\\/astrologelvan.com\\\/magaza\\\/wp-content\\\/uploads\\\/2025\\\/01\\\/7.png\",\"width\":1375,\"height\":2063},{\"@type\":\"BreadcrumbList\",\"@id\":\"https:\\\/\\\/astrologelvan.com\\\/magaza\\\/urun\\\/golden-healer-bileklik\\\/#breadcrumb\",\"itemListElement\":[{\"@type\":\"ListItem\",\"position\":1,\"name\":\"Anasayfa\",\"item\":\"https:\\\/\\\/astrologelvan.com\\\/magaza\\\/\"},{\"@type\":\"ListItem\",\"position\":2,\"name\":\"Ma\u011faza\",\"item\":\"https:\\\/\\\/astrologelvan.com\\\/magaza\\\/magaza\\\/\"},{\"@type\":\"ListItem\",\"position\":3,\"name\":\"GOLDEN HEALER B\u0130LEKL\u0130K\"}]},{\"@type\":\"WebSite\",\"@id\":\"https:\\\/\\\/astrologelvan.com\\\/magaza\\\/#website\",\"url\":\"https:\\\/\\\/astrologelvan.com\\\/magaza\\\/\",\"name\":\"Astrolog Elvan\",\"description\":\"\",\"potentialAction\":[{\"@type\":\"SearchAction\",\"target\":{\"@type\":\"EntryPoint\",\"urlTemplate\":\"https:\\\/\\\/astrologelvan.com\\\/magaza\\\/?s={search_term_string}\"},\"query-input\":{\"@type\":\"PropertyValueSpecification\",\"valueRequired\":true,\"valueName\":\"search_term_string\"}}],\"inLanguage\":\"tr\"}]}<\/script>\n<!-- \/ Yoast SEO plugin. -->","yoast_head_json":{"title":"GOLDEN HEALER B\u0130LEKL\u0130K - Astrolog Elvan","robots":{"index":"index","follow":"follow","max-snippet":"max-snippet:-1","max-image-preview":"max-image-preview:large","max-video-preview":"max-video-preview:-1"},"canonical":"https:\/\/astrologelvan.com\/magaza\/urun\/golden-healer-bileklik\/","og_locale":"tr_TR","og_type":"article","og_title":"GOLDEN HEALER B\u0130LEKL\u0130K - Astrolog Elvan","og_description":"ThetaHealing veya ba\u015fka \u015fifa teknikleri uygulayan herkesin takmas\u0131 gereken o ta\u015f.  Golden Healer \u015fifa alman\u0131n ve tan\u0131kl\u0131k etmenin bedel \u00f6detece\u011fine dair inan\u00e7lar\u0131n\u0131z\u0131 nazik\u00e7e d\u00f6n\u00fc\u015ft\u00fcrerek, sizin kolayl\u0131kla \u015fifalanman\u0131z\u0131 sa\u011flayacak olan bu ta\u015f her \u015fifac\u0131da bulunmas\u0131 gerekir. \u00d6zellikle hayat\u0131n\u0131zda i\u00e7 \u0131\u015f\u0131\u011f\u0131n\u0131za ihtiya\u00e7 duydu\u011funuz ve ruhsal b\u00fcy\u00fcme d\u00f6nemlerinizde ilahi yolunuzla merkezlenmeyi, kolayl\u0131kla ilerlemenizi kolayla\u015ft\u0131r\u0131r. Ta\u015f\u0131n i\u00e7erisindeki alt\u0131n \u0131\u015f\u0131lt\u0131lar hayat\u0131n\u0131za maddi manevi refah\u0131 \u00e7ekmenize sebep olur.  &nbsp;","og_url":"https:\/\/astrologelvan.com\/magaza\/urun\/golden-healer-bileklik\/","og_site_name":"Astrolog Elvan","article_modified_time":"2026-03-31T22:52:18+00:00","og_image":[{"width":1375,"height":2063,"url":"https:\/\/astrologelvan.com\/magaza\/wp-content\/uploads\/2025\/01\/7.png","type":"image\/png"}],"twitter_card":"summary_large_image","twitter_misc":{"Tahmini okuma s\u00fcresi":"1 dakika"},"schema":{"@context":"https:\/\/schema.org","@graph":[{"@type":["WebPage","ItemPage"],"@id":"https:\/\/astrologelvan.com\/magaza\/urun\/golden-healer-bileklik\/","url":"https:\/\/astrologelvan.com\/magaza\/urun\/golden-healer-bileklik\/","name":"GOLDEN HEALER B\u0130LEKL\u0130K - Astrolog Elvan","isPartOf":{"@id":"https:\/\/astrologelvan.com\/magaza\/#website"},"primaryImageOfPage":{"@id":"https:\/\/astrologelvan.com\/magaza\/urun\/golden-healer-bileklik\/#primaryimage"},"image":{"@id":"https:\/\/astrologelvan.com\/magaza\/urun\/golden-healer-bileklik\/#primaryimage"},"thumbnailUrl":"https:\/\/astrologelvan.com\/magaza\/wp-content\/uploads\/2025\/01\/7.png","datePublished":"2025-01-23T14:17:58+00:00","dateModified":"2026-03-31T22:52:18+00:00","breadcrumb":{"@id":"https:\/\/astrologelvan.com\/magaza\/urun\/golden-healer-bileklik\/#breadcrumb"},"inLanguage":"tr","potentialAction":[{"@type":"ReadAction","target":["https:\/\/astrologelvan.com\/magaza\/urun\/golden-healer-bileklik\/"]}]},{"@type":"ImageObject","inLanguage":"tr","@id":"https:\/\/astrologelvan.com\/magaza\/urun\/golden-healer-bileklik\/#primaryimage","url":"https:\/\/astrologelvan.com\/magaza\/wp-content\/uploads\/2025\/01\/7.png","contentUrl":"https:\/\/astrologelvan.com\/magaza\/wp-content\/uploads\/2025\/01\/7.png","width":1375,"height":2063},{"@type":"BreadcrumbList","@id":"https:\/\/astrologelvan.com\/magaza\/urun\/golden-healer-bileklik\/#breadcrumb","itemListElement":[{"@type":"ListItem","position":1,"name":"Anasayfa","item":"https:\/\/astrologelvan.com\/magaza\/"},{"@type":"ListItem","position":2,"name":"Ma\u011faza","item":"https:\/\/astrologelvan.com\/magaza\/magaza\/"},{"@type":"ListItem","position":3,"name":"GOLDEN HEALER B\u0130LEKL\u0130K"}]},{"@type":"WebSite","@id":"https:\/\/astrologelvan.com\/magaza\/#website","url":"https:\/\/astrologelvan.com\/magaza\/","name":"Astrolog Elvan","description":"","potentialAction":[{"@type":"SearchAction","target":{"@type":"EntryPoint","urlTemplate":"https:\/\/astrologelvan.com\/magaza\/?s={search_term_string}"},"query-input":{"@type":"PropertyValueSpecification","valueRequired":true,"valueName":"search_term_string"}}],"inLanguage":"tr"}]}},"_links":{"self":[{"href":"https:\/\/astrologelvan.com\/magaza\/wp-json\/wp\/v2\/product\/37675","targetHints":{"allow":["GET"]}}],"collection":[{"href":"https:\/\/astrologelvan.com\/magaza\/wp-json\/wp\/v2\/product"}],"about":[{"href":"https:\/\/astrologelvan.com\/magaza\/wp-json\/wp\/v2\/types\/product"}],"replies":[{"embeddable":true,"href":"https:\/\/astrologelvan.com\/magaza\/wp-json\/wp\/v2\/comments?post=37675"}],"wp:featuredmedia":[{"embeddable":true,"href":"https:\/\/astrologelvan.com\/magaza\/wp-json\/wp\/v2\/media\/71345"}],"wp:attachment":[{"href":"https:\/\/astrologelvan.com\/magaza\/wp-json\/wp\/v2\/media?parent=37675"}],"wp:term":[{"taxonomy":"product_brand","embeddable":true,"href":"https:\/\/astrologelvan.com\/magaza\/wp-json\/wp\/v2\/product_brand?post=37675"},{"taxonomy":"product_cat","embeddable":true,"href":"https:\/\/astrologelvan.com\/magaza\/wp-json\/wp\/v2\/product_cat?post=37675"},{"taxonomy":"product_tag","embeddable":true,"href":"https:\/\/astrologelvan.com\/magaza\/wp-json\/wp\/v2\/product_tag?post=37675"}],"curies":[{"name":"wp","href":"https:\/\/api.w.org\/{rel}","templated":true}]}}