{"id":37344,"date":"2025-01-20T17:15:00","date_gmt":"2025-01-20T14:15:00","guid":{"rendered":"https:\/\/astrologelvan.com\/magaza\/?post_type=product&#038;p=37344"},"modified":"2026-01-06T16:17:18","modified_gmt":"2026-01-06T13:17:18","slug":"scarab-sans-tilsimi-erkek-kolye-ozel-tasarim","status":"publish","type":"product","link":"https:\/\/astrologelvan.com\/magaza\/urun\/scarab-sans-tilsimi-erkek-kolye-ozel-tasarim\/","title":{"rendered":"SCARAB \u015eANS TILSIMI ERKEK KOLYE (\u00d6ZEL TASARIM)"},"content":{"rendered":"","protected":false},"excerpt":{"rendered":"<p>Antik M\u0131s\u0131r\u2019\u0131n en temel ve neredeyse her lahidin her s\u00fctunun \u00fczerine i\u015flenmi\u015f sembol\u00fc kutsal Scarab sizinle bulu\u015fmay\u0131 haz\u0131r. Scarab (Bok b\u00f6ce\u011fi) yeniden do\u011fu\u015fun, dirili\u015fin, d\u00f6n\u00fc\u015f\u00fcm\u00fcn ve b\u00fcy\u00fcmenin simgeleriydi. \u0130nsanlar iyi \u015fans ve koruma i\u00e7in scarab muskalar\u0131 takarlard\u0131. \u00d6l\u00fclerin bedenleri, \u00f6b\u00fcr d\u00fcnyaya g\u00fcvenli bir \u015fekilde seyahat edebilmeleri ve sonraki d\u00fcnyaya ge\u00e7ebilmeleri i\u00e7in scarab\u2019larla s\u00fcslenirdi.<\/p>\n<p>Peki Ant\u0131k M\u0131s\u0131r\u2019da neden bu kadar \u00f6nemliydi bu muskalar? \u00c7\u00fcnk\u00fc e\u011fer yeniden do\u011farsan sonsuza kadar ya\u015fayaca\u011f\u0131na inan\u0131l\u0131rd\u0131. Bok b\u00f6ce\u011fi sembol\u00fcnden yap\u0131lan t\u0131ls\u0131m, kutsal b\u00f6ce\u011fin g\u00fcc\u00fcn\u00fc onu takana \u00f6d\u00fcn\u00e7 verirdi. Bu t\u0131ls\u0131m\u0131n, hem bu d\u00fcnyan\u0131n hem de sonraki d\u00fcnyan\u0131n tehlikelerine kar\u015f\u0131 sihirli bir koruma sa\u011flad\u0131\u011f\u0131 d\u00fc\u015f\u00fcn\u00fcl\u00fcrd\u00fc.<\/p>\n<p>Bu kutsal scarab, \u00f6zenli ellerde sizin i\u00e7in tasarland\u0131. Scarab\u2019\u0131n bilgeli\u011fini, de\u011fi\u015fime direnmeden kazanman\u0131n g\u00fcc\u00fcn\u00fc, \u015fans\u0131, ve her t\u00fcrl\u00fc negatif etkiye kalkan olmas\u0131n\u0131 kolyeyi \u00fczerinizde ta\u015f\u0131d\u0131\u011f\u0131n\u0131z her an hissedeceksiniz.<\/p>\n","protected":false},"featured_media":37345,"comment_status":"open","ping_status":"closed","template":"","meta":[],"product_brand":[],"product_cat":[465,347,26],"product_tag":[],"class_list":{"0":"post-37344","1":"product","2":"type-product","3":"status-publish","4":"has-post-thumbnail","6":"product_cat-erkek-kolyeler","7":"product_cat-erkekler-icin-dogal-taslar","8":"product_cat-genel","10":"first","11":"instock","12":"purchasable","13":"product-type-simple"},"yoast_head":"<!-- This site is optimized with the Yoast SEO plugin v27.3 - https:\/\/yoast.com\/product\/yoast-seo-wordpress\/ -->\n<title>SCARAB \u015eANS TILSIMI ERKEK KOLYE (\u00d6ZEL TASARIM) - Astrolog Elvan<\/title>\n<meta name=\"robots\" content=\"index, follow, max-snippet:-1, max-image-preview:large, max-video-preview:-1\" \/>\n<link rel=\"canonical\" href=\"https:\/\/astrologelvan.com\/magaza\/urun\/scarab-sans-tilsimi-erkek-kolye-ozel-tasarim\/\" \/>\n<meta property=\"og:locale\" content=\"tr_TR\" \/>\n<meta property=\"og:type\" content=\"article\" \/>\n<meta property=\"og:title\" content=\"SCARAB \u015eANS TILSIMI ERKEK KOLYE (\u00d6ZEL TASARIM) - Astrolog Elvan\" \/>\n<meta property=\"og:description\" content=\"Antik M\u0131s\u0131r\u2019\u0131n en temel ve neredeyse her lahidin her s\u00fctunun \u00fczerine i\u015flenmi\u015f sembol\u00fc kutsal Scarab sizinle bulu\u015fmay\u0131 haz\u0131r. Scarab (Bok b\u00f6ce\u011fi) yeniden do\u011fu\u015fun, dirili\u015fin, d\u00f6n\u00fc\u015f\u00fcm\u00fcn ve b\u00fcy\u00fcmenin simgeleriydi. \u0130nsanlar iyi \u015fans ve koruma i\u00e7in scarab muskalar\u0131 takarlard\u0131. \u00d6l\u00fclerin bedenleri, \u00f6b\u00fcr d\u00fcnyaya g\u00fcvenli bir \u015fekilde seyahat edebilmeleri ve sonraki d\u00fcnyaya ge\u00e7ebilmeleri i\u00e7in scarab\u2019larla s\u00fcslenirdi.  Peki Ant\u0131k M\u0131s\u0131r\u2019da neden bu kadar \u00f6nemliydi bu muskalar? \u00c7\u00fcnk\u00fc e\u011fer yeniden do\u011farsan sonsuza kadar ya\u015fayaca\u011f\u0131na inan\u0131l\u0131rd\u0131. Bok b\u00f6ce\u011fi sembol\u00fcnden yap\u0131lan t\u0131ls\u0131m, kutsal b\u00f6ce\u011fin g\u00fcc\u00fcn\u00fc onu takana \u00f6d\u00fcn\u00e7 verirdi. Bu t\u0131ls\u0131m\u0131n, hem bu d\u00fcnyan\u0131n hem de sonraki d\u00fcnyan\u0131n tehlikelerine kar\u015f\u0131 sihirli bir koruma sa\u011flad\u0131\u011f\u0131 d\u00fc\u015f\u00fcn\u00fcl\u00fcrd\u00fc.  Bu kutsal scarab, \u00f6zenli ellerde sizin i\u00e7in tasarland\u0131. Scarab\u2019\u0131n bilgeli\u011fini, de\u011fi\u015fime direnmeden kazanman\u0131n g\u00fcc\u00fcn\u00fc, \u015fans\u0131, ve her t\u00fcrl\u00fc negatif etkiye kalkan olmas\u0131n\u0131 kolyeyi \u00fczerinizde ta\u015f\u0131d\u0131\u011f\u0131n\u0131z her an hissedeceksiniz.\" \/>\n<meta property=\"og:url\" content=\"https:\/\/astrologelvan.com\/magaza\/urun\/scarab-sans-tilsimi-erkek-kolye-ozel-tasarim\/\" \/>\n<meta property=\"og:site_name\" content=\"Astrolog Elvan\" \/>\n<meta property=\"article:modified_time\" content=\"2026-01-06T13:17:18+00:00\" \/>\n<meta property=\"og:image\" content=\"https:\/\/astrologelvan.com\/magaza\/wp-content\/uploads\/2025\/01\/bocek_kolye-scaled.jpg\" \/>\n\t<meta property=\"og:image:width\" content=\"1707\" \/>\n\t<meta property=\"og:image:height\" content=\"2560\" \/>\n\t<meta property=\"og:image:type\" content=\"image\/jpeg\" \/>\n<meta name=\"twitter:card\" content=\"summary_large_image\" \/>\n<meta name=\"twitter:label1\" content=\"Tahmini okuma s\u00fcresi\" \/>\n\t<meta name=\"twitter:data1\" content=\"1 dakika\" \/>\n<script type=\"application\/ld+json\" class=\"yoast-schema-graph\">{\"@context\":\"https:\\\/\\\/schema.org\",\"@graph\":[{\"@type\":[\"WebPage\",\"ItemPage\"],\"@id\":\"https:\\\/\\\/astrologelvan.com\\\/magaza\\\/urun\\\/scarab-sans-tilsimi-erkek-kolye-ozel-tasarim\\\/\",\"url\":\"https:\\\/\\\/astrologelvan.com\\\/magaza\\\/urun\\\/scarab-sans-tilsimi-erkek-kolye-ozel-tasarim\\\/\",\"name\":\"SCARAB \u015eANS TILSIMI ERKEK KOLYE (\u00d6ZEL TASARIM) - Astrolog Elvan\",\"isPartOf\":{\"@id\":\"https:\\\/\\\/astrologelvan.com\\\/magaza\\\/#website\"},\"primaryImageOfPage\":{\"@id\":\"https:\\\/\\\/astrologelvan.com\\\/magaza\\\/urun\\\/scarab-sans-tilsimi-erkek-kolye-ozel-tasarim\\\/#primaryimage\"},\"image\":{\"@id\":\"https:\\\/\\\/astrologelvan.com\\\/magaza\\\/urun\\\/scarab-sans-tilsimi-erkek-kolye-ozel-tasarim\\\/#primaryimage\"},\"thumbnailUrl\":\"https:\\\/\\\/astrologelvan.com\\\/magaza\\\/wp-content\\\/uploads\\\/2025\\\/01\\\/bocek_kolye-scaled.jpg\",\"datePublished\":\"2025-01-20T14:15:00+00:00\",\"dateModified\":\"2026-01-06T13:17:18+00:00\",\"breadcrumb\":{\"@id\":\"https:\\\/\\\/astrologelvan.com\\\/magaza\\\/urun\\\/scarab-sans-tilsimi-erkek-kolye-ozel-tasarim\\\/#breadcrumb\"},\"inLanguage\":\"tr\",\"potentialAction\":[{\"@type\":\"ReadAction\",\"target\":[\"https:\\\/\\\/astrologelvan.com\\\/magaza\\\/urun\\\/scarab-sans-tilsimi-erkek-kolye-ozel-tasarim\\\/\"]}]},{\"@type\":\"ImageObject\",\"inLanguage\":\"tr\",\"@id\":\"https:\\\/\\\/astrologelvan.com\\\/magaza\\\/urun\\\/scarab-sans-tilsimi-erkek-kolye-ozel-tasarim\\\/#primaryimage\",\"url\":\"https:\\\/\\\/astrologelvan.com\\\/magaza\\\/wp-content\\\/uploads\\\/2025\\\/01\\\/bocek_kolye-scaled.jpg\",\"contentUrl\":\"https:\\\/\\\/astrologelvan.com\\\/magaza\\\/wp-content\\\/uploads\\\/2025\\\/01\\\/bocek_kolye-scaled.jpg\",\"width\":1707,\"height\":2560},{\"@type\":\"BreadcrumbList\",\"@id\":\"https:\\\/\\\/astrologelvan.com\\\/magaza\\\/urun\\\/scarab-sans-tilsimi-erkek-kolye-ozel-tasarim\\\/#breadcrumb\",\"itemListElement\":[{\"@type\":\"ListItem\",\"position\":1,\"name\":\"Anasayfa\",\"item\":\"https:\\\/\\\/astrologelvan.com\\\/magaza\\\/\"},{\"@type\":\"ListItem\",\"position\":2,\"name\":\"Ma\u011faza\",\"item\":\"https:\\\/\\\/astrologelvan.com\\\/magaza\\\/magaza\\\/\"},{\"@type\":\"ListItem\",\"position\":3,\"name\":\"SCARAB \u015eANS TILSIMI ERKEK KOLYE (\u00d6ZEL TASARIM)\"}]},{\"@type\":\"WebSite\",\"@id\":\"https:\\\/\\\/astrologelvan.com\\\/magaza\\\/#website\",\"url\":\"https:\\\/\\\/astrologelvan.com\\\/magaza\\\/\",\"name\":\"Astrolog Elvan\",\"description\":\"\",\"potentialAction\":[{\"@type\":\"SearchAction\",\"target\":{\"@type\":\"EntryPoint\",\"urlTemplate\":\"https:\\\/\\\/astrologelvan.com\\\/magaza\\\/?s={search_term_string}\"},\"query-input\":{\"@type\":\"PropertyValueSpecification\",\"valueRequired\":true,\"valueName\":\"search_term_string\"}}],\"inLanguage\":\"tr\"}]}<\/script>\n<!-- \/ Yoast SEO plugin. -->","yoast_head_json":{"title":"SCARAB \u015eANS TILSIMI ERKEK KOLYE (\u00d6ZEL TASARIM) - Astrolog Elvan","robots":{"index":"index","follow":"follow","max-snippet":"max-snippet:-1","max-image-preview":"max-image-preview:large","max-video-preview":"max-video-preview:-1"},"canonical":"https:\/\/astrologelvan.com\/magaza\/urun\/scarab-sans-tilsimi-erkek-kolye-ozel-tasarim\/","og_locale":"tr_TR","og_type":"article","og_title":"SCARAB \u015eANS TILSIMI ERKEK KOLYE (\u00d6ZEL TASARIM) - Astrolog Elvan","og_description":"Antik M\u0131s\u0131r\u2019\u0131n en temel ve neredeyse her lahidin her s\u00fctunun \u00fczerine i\u015flenmi\u015f sembol\u00fc kutsal Scarab sizinle bulu\u015fmay\u0131 haz\u0131r. Scarab (Bok b\u00f6ce\u011fi) yeniden do\u011fu\u015fun, dirili\u015fin, d\u00f6n\u00fc\u015f\u00fcm\u00fcn ve b\u00fcy\u00fcmenin simgeleriydi. \u0130nsanlar iyi \u015fans ve koruma i\u00e7in scarab muskalar\u0131 takarlard\u0131. \u00d6l\u00fclerin bedenleri, \u00f6b\u00fcr d\u00fcnyaya g\u00fcvenli bir \u015fekilde seyahat edebilmeleri ve sonraki d\u00fcnyaya ge\u00e7ebilmeleri i\u00e7in scarab\u2019larla s\u00fcslenirdi.  Peki Ant\u0131k M\u0131s\u0131r\u2019da neden bu kadar \u00f6nemliydi bu muskalar? \u00c7\u00fcnk\u00fc e\u011fer yeniden do\u011farsan sonsuza kadar ya\u015fayaca\u011f\u0131na inan\u0131l\u0131rd\u0131. Bok b\u00f6ce\u011fi sembol\u00fcnden yap\u0131lan t\u0131ls\u0131m, kutsal b\u00f6ce\u011fin g\u00fcc\u00fcn\u00fc onu takana \u00f6d\u00fcn\u00e7 verirdi. Bu t\u0131ls\u0131m\u0131n, hem bu d\u00fcnyan\u0131n hem de sonraki d\u00fcnyan\u0131n tehlikelerine kar\u015f\u0131 sihirli bir koruma sa\u011flad\u0131\u011f\u0131 d\u00fc\u015f\u00fcn\u00fcl\u00fcrd\u00fc.  Bu kutsal scarab, \u00f6zenli ellerde sizin i\u00e7in tasarland\u0131. Scarab\u2019\u0131n bilgeli\u011fini, de\u011fi\u015fime direnmeden kazanman\u0131n g\u00fcc\u00fcn\u00fc, \u015fans\u0131, ve her t\u00fcrl\u00fc negatif etkiye kalkan olmas\u0131n\u0131 kolyeyi \u00fczerinizde ta\u015f\u0131d\u0131\u011f\u0131n\u0131z her an hissedeceksiniz.","og_url":"https:\/\/astrologelvan.com\/magaza\/urun\/scarab-sans-tilsimi-erkek-kolye-ozel-tasarim\/","og_site_name":"Astrolog Elvan","article_modified_time":"2026-01-06T13:17:18+00:00","og_image":[{"width":1707,"height":2560,"url":"https:\/\/astrologelvan.com\/magaza\/wp-content\/uploads\/2025\/01\/bocek_kolye-scaled.jpg","type":"image\/jpeg"}],"twitter_card":"summary_large_image","twitter_misc":{"Tahmini okuma s\u00fcresi":"1 dakika"},"schema":{"@context":"https:\/\/schema.org","@graph":[{"@type":["WebPage","ItemPage"],"@id":"https:\/\/astrologelvan.com\/magaza\/urun\/scarab-sans-tilsimi-erkek-kolye-ozel-tasarim\/","url":"https:\/\/astrologelvan.com\/magaza\/urun\/scarab-sans-tilsimi-erkek-kolye-ozel-tasarim\/","name":"SCARAB \u015eANS TILSIMI ERKEK KOLYE (\u00d6ZEL TASARIM) - Astrolog Elvan","isPartOf":{"@id":"https:\/\/astrologelvan.com\/magaza\/#website"},"primaryImageOfPage":{"@id":"https:\/\/astrologelvan.com\/magaza\/urun\/scarab-sans-tilsimi-erkek-kolye-ozel-tasarim\/#primaryimage"},"image":{"@id":"https:\/\/astrologelvan.com\/magaza\/urun\/scarab-sans-tilsimi-erkek-kolye-ozel-tasarim\/#primaryimage"},"thumbnailUrl":"https:\/\/astrologelvan.com\/magaza\/wp-content\/uploads\/2025\/01\/bocek_kolye-scaled.jpg","datePublished":"2025-01-20T14:15:00+00:00","dateModified":"2026-01-06T13:17:18+00:00","breadcrumb":{"@id":"https:\/\/astrologelvan.com\/magaza\/urun\/scarab-sans-tilsimi-erkek-kolye-ozel-tasarim\/#breadcrumb"},"inLanguage":"tr","potentialAction":[{"@type":"ReadAction","target":["https:\/\/astrologelvan.com\/magaza\/urun\/scarab-sans-tilsimi-erkek-kolye-ozel-tasarim\/"]}]},{"@type":"ImageObject","inLanguage":"tr","@id":"https:\/\/astrologelvan.com\/magaza\/urun\/scarab-sans-tilsimi-erkek-kolye-ozel-tasarim\/#primaryimage","url":"https:\/\/astrologelvan.com\/magaza\/wp-content\/uploads\/2025\/01\/bocek_kolye-scaled.jpg","contentUrl":"https:\/\/astrologelvan.com\/magaza\/wp-content\/uploads\/2025\/01\/bocek_kolye-scaled.jpg","width":1707,"height":2560},{"@type":"BreadcrumbList","@id":"https:\/\/astrologelvan.com\/magaza\/urun\/scarab-sans-tilsimi-erkek-kolye-ozel-tasarim\/#breadcrumb","itemListElement":[{"@type":"ListItem","position":1,"name":"Anasayfa","item":"https:\/\/astrologelvan.com\/magaza\/"},{"@type":"ListItem","position":2,"name":"Ma\u011faza","item":"https:\/\/astrologelvan.com\/magaza\/magaza\/"},{"@type":"ListItem","position":3,"name":"SCARAB \u015eANS TILSIMI ERKEK KOLYE (\u00d6ZEL TASARIM)"}]},{"@type":"WebSite","@id":"https:\/\/astrologelvan.com\/magaza\/#website","url":"https:\/\/astrologelvan.com\/magaza\/","name":"Astrolog Elvan","description":"","potentialAction":[{"@type":"SearchAction","target":{"@type":"EntryPoint","urlTemplate":"https:\/\/astrologelvan.com\/magaza\/?s={search_term_string}"},"query-input":{"@type":"PropertyValueSpecification","valueRequired":true,"valueName":"search_term_string"}}],"inLanguage":"tr"}]}},"_links":{"self":[{"href":"https:\/\/astrologelvan.com\/magaza\/wp-json\/wp\/v2\/product\/37344","targetHints":{"allow":["GET"]}}],"collection":[{"href":"https:\/\/astrologelvan.com\/magaza\/wp-json\/wp\/v2\/product"}],"about":[{"href":"https:\/\/astrologelvan.com\/magaza\/wp-json\/wp\/v2\/types\/product"}],"replies":[{"embeddable":true,"href":"https:\/\/astrologelvan.com\/magaza\/wp-json\/wp\/v2\/comments?post=37344"}],"wp:featuredmedia":[{"embeddable":true,"href":"https:\/\/astrologelvan.com\/magaza\/wp-json\/wp\/v2\/media\/37345"}],"wp:attachment":[{"href":"https:\/\/astrologelvan.com\/magaza\/wp-json\/wp\/v2\/media?parent=37344"}],"wp:term":[{"taxonomy":"product_brand","embeddable":true,"href":"https:\/\/astrologelvan.com\/magaza\/wp-json\/wp\/v2\/product_brand?post=37344"},{"taxonomy":"product_cat","embeddable":true,"href":"https:\/\/astrologelvan.com\/magaza\/wp-json\/wp\/v2\/product_cat?post=37344"},{"taxonomy":"product_tag","embeddable":true,"href":"https:\/\/astrologelvan.com\/magaza\/wp-json\/wp\/v2\/product_tag?post=37344"}],"curies":[{"name":"wp","href":"https:\/\/api.w.org\/{rel}","templated":true}]}}