{"id":372,"date":"2024-02-28T02:19:13","date_gmt":"2024-02-27T23:19:13","guid":{"rendered":"https:\/\/astrologelvan.shop\/?post_type=product&#038;p=372"},"modified":"2025-12-01T09:24:45","modified_gmt":"2025-12-01T06:24:45","slug":"hayat-agaci-obsidyen-kolye","status":"publish","type":"product","link":"https:\/\/astrologelvan.com\/magaza\/urun\/hayat-agaci-obsidyen-kolye\/","title":{"rendered":"HAYAT A\u011eACI OBS\u0130DYEN KOLYE"},"content":{"rendered":"<p>Do\u011fal ta\u015f kolyelerimizin tasar\u0131mlar\u0131nda do\u011frudan cilde temas etmesini sa\u011fl\u0131yoruz. B\u00f6ylece do\u011fal ta\u015f kolyenizi takt\u0131k\u00e7a v\u00fccudunuzun titre\u015fimlerine ba\u011flan\u0131r ve size denge ve uyum getirir.<\/p>\n<p>&nbsp;<\/p>\n<p>&nbsp;<\/p>\n<p><strong>Tak\u0131lar\u0131n\u0131z\u0131n uzun s\u00fcre kullanabilmesi i\u00e7in; Parf\u00fcm, su, s\u0131v\u0131, dezenfektan, krem v.b. gibi maddelerle temas etmemesi, du\u015f-banyo s\u0131ras\u0131nda \u00e7\u0131kart\u0131lmas\u0131 gerekmektedir. Ki\u015finin ter-ten yap\u0131s\u0131na g\u00f6re de etkilenmektedir. Tak\u0131lar\u0131n\u0131z\u0131 kullanmad\u0131\u011f\u0131n\u0131z zamanlarda kesesinde saklaman\u0131z\u0131 \u00f6neririz.<\/strong><\/p>\n<p><strong>Do\u011fal ta\u015flar\u0131n belirli titre\u015fimlere ve frekanslara sahip oldu\u011fu bilinmektedir. Bu nedenle v\u00fccudumuzda ve auram\u0131zda birtak\u0131m iyi etkileri oldu\u011fu s\u00f6ylenmektedir. Ta\u015flar\u0131n \u00f6zelliklerinin bilimsel kesinli\u011fi yoktur. Astrologelvan ma\u011fazas\u0131ndaki t\u00fcm ta\u015flar orijinal, ger\u00e7ek do\u011fal ta\u015flard\u0131r. T\u0131bbi konularda doktora dan\u0131\u015fman\u0131z\u0131 tavsiye ederiz. Ta\u015flar\u0131n tedavi edici \u00f6zelli\u011fi yoktur, sadece ki\u015fisel enerjimizi y\u00fckseltmekte ve astrolojik olarak da temsil etti\u011fi gezegenlerin etkilerini artt\u0131rmakta oldu\u011fu kabul edilir. \u00d6rne\u011fin; pembe kuvars ta\u015f\u0131 a\u015fk ve sevgi gezegeni Ven\u00fcs&#8217;\u00fcn ta\u015f\u0131d\u0131r ve bu sebeple \u00fczerinde ta\u015f\u0131yan ki\u015finin a\u015fk ve sevgi frekans\u0131n\u0131 y\u00fckseltti\u011fi bilinir.<\/strong><\/p>\n","protected":false},"excerpt":{"rendered":"<p>G\u00fc\u00e7l\u00fc enerjisiyle koruyucu ta\u015f olarak da bilinen obsidyen; ki\u015filerin bilin\u00e7alt\u0131nda bulunan g\u00f6lge benliklerini, korkular\u0131n\u0131 ve zay\u0131fl\u0131klar\u0131n\u0131 serbest b\u0131rakmas\u0131na yard\u0131mc\u0131 olur. Ki\u015fiyi ger\u00e7ek benli\u011fi ile y\u00fczle\u015fmeye zorlar. Negatif enerjileri serbest b\u0131rak\u0131r. Koruyucudur ve de\u011fi\u015fim s\u0131ras\u0131nda destek sa\u011flar. Olumsuz d\u00fc\u015f\u00fcnceleri da\u011f\u0131t\u0131r.<\/p>\n<p>&nbsp;<\/p>\n","protected":false},"featured_media":8345,"comment_status":"open","ping_status":"closed","template":"","meta":[],"product_brand":[],"product_cat":[48,207],"product_tag":[39,208,40,63,209,210,211,212,213],"class_list":{"0":"post-372","1":"product","2":"type-product","3":"status-publish","4":"has-post-thumbnail","6":"product_cat-kolyeler","7":"product_cat-obsidyen-tasi","8":"product_tag-astrolog-elvan","9":"product_tag-dogal-obsidyen-tasi-kolye","10":"product_tag-dogal-tas","11":"product_tag-dogal-tas-kolye","12":"product_tag-hayat-agaci","13":"product_tag-hayat-agaci-dogal-tas-kolye","14":"product_tag-hayat-agaci-obsidyen","15":"product_tag-obsidyen-tasi","16":"product_tag-yasam-agaci","18":"first","19":"instock","20":"taxable","21":"shipping-taxable","22":"purchasable","23":"product-type-simple"},"yoast_head":"<!-- This site is optimized with the Yoast SEO plugin v27.3 - https:\/\/yoast.com\/product\/yoast-seo-wordpress\/ -->\n<title>HAYAT A\u011eACI OBS\u0130DYEN KOLYE - Astrolog Elvan<\/title>\n<meta name=\"robots\" content=\"index, follow, max-snippet:-1, max-image-preview:large, max-video-preview:-1\" \/>\n<link rel=\"canonical\" href=\"https:\/\/astrologelvan.com\/magaza\/urun\/hayat-agaci-obsidyen-kolye\/\" \/>\n<meta property=\"og:locale\" content=\"tr_TR\" \/>\n<meta property=\"og:type\" content=\"article\" \/>\n<meta property=\"og:title\" content=\"HAYAT A\u011eACI OBS\u0130DYEN KOLYE - Astrolog Elvan\" \/>\n<meta property=\"og:description\" content=\"G\u00fc\u00e7l\u00fc enerjisiyle koruyucu ta\u015f olarak da bilinen obsidyen; ki\u015filerin bilin\u00e7alt\u0131nda bulunan g\u00f6lge benliklerini, korkular\u0131n\u0131 ve zay\u0131fl\u0131klar\u0131n\u0131 serbest b\u0131rakmas\u0131na yard\u0131mc\u0131 olur. Ki\u015fiyi ger\u00e7ek benli\u011fi ile y\u00fczle\u015fmeye zorlar. Negatif enerjileri serbest b\u0131rak\u0131r. Koruyucudur ve de\u011fi\u015fim s\u0131ras\u0131nda destek sa\u011flar. Olumsuz d\u00fc\u015f\u00fcnceleri da\u011f\u0131t\u0131r.  &nbsp;\" \/>\n<meta property=\"og:url\" content=\"https:\/\/astrologelvan.com\/magaza\/urun\/hayat-agaci-obsidyen-kolye\/\" \/>\n<meta property=\"og:site_name\" content=\"Astrolog Elvan\" \/>\n<meta property=\"article:modified_time\" content=\"2025-12-01T06:24:45+00:00\" \/>\n<meta property=\"og:image\" content=\"https:\/\/astrologelvan.com\/magaza\/wp-content\/uploads\/2024\/02\/1-112-scaled.jpg\" \/>\n\t<meta property=\"og:image:width\" content=\"2560\" \/>\n\t<meta property=\"og:image:height\" content=\"2560\" \/>\n\t<meta property=\"og:image:type\" content=\"image\/jpeg\" \/>\n<meta name=\"twitter:card\" content=\"summary_large_image\" \/>\n<meta name=\"twitter:label1\" content=\"Tahmini okuma s\u00fcresi\" \/>\n\t<meta name=\"twitter:data1\" content=\"2 dakika\" \/>\n<script type=\"application\/ld+json\" class=\"yoast-schema-graph\">{\"@context\":\"https:\\\/\\\/schema.org\",\"@graph\":[{\"@type\":[\"WebPage\",\"ItemPage\"],\"@id\":\"https:\\\/\\\/astrologelvan.com\\\/magaza\\\/urun\\\/hayat-agaci-obsidyen-kolye\\\/\",\"url\":\"https:\\\/\\\/astrologelvan.com\\\/magaza\\\/urun\\\/hayat-agaci-obsidyen-kolye\\\/\",\"name\":\"HAYAT A\u011eACI OBS\u0130DYEN KOLYE - Astrolog Elvan\",\"isPartOf\":{\"@id\":\"https:\\\/\\\/astrologelvan.com\\\/magaza\\\/#website\"},\"primaryImageOfPage\":{\"@id\":\"https:\\\/\\\/astrologelvan.com\\\/magaza\\\/urun\\\/hayat-agaci-obsidyen-kolye\\\/#primaryimage\"},\"image\":{\"@id\":\"https:\\\/\\\/astrologelvan.com\\\/magaza\\\/urun\\\/hayat-agaci-obsidyen-kolye\\\/#primaryimage\"},\"thumbnailUrl\":\"https:\\\/\\\/astrologelvan.com\\\/magaza\\\/wp-content\\\/uploads\\\/2024\\\/02\\\/1-112-scaled.jpg\",\"datePublished\":\"2024-02-27T23:19:13+00:00\",\"dateModified\":\"2025-12-01T06:24:45+00:00\",\"breadcrumb\":{\"@id\":\"https:\\\/\\\/astrologelvan.com\\\/magaza\\\/urun\\\/hayat-agaci-obsidyen-kolye\\\/#breadcrumb\"},\"inLanguage\":\"tr\",\"potentialAction\":[{\"@type\":\"ReadAction\",\"target\":[\"https:\\\/\\\/astrologelvan.com\\\/magaza\\\/urun\\\/hayat-agaci-obsidyen-kolye\\\/\"]}]},{\"@type\":\"ImageObject\",\"inLanguage\":\"tr\",\"@id\":\"https:\\\/\\\/astrologelvan.com\\\/magaza\\\/urun\\\/hayat-agaci-obsidyen-kolye\\\/#primaryimage\",\"url\":\"https:\\\/\\\/astrologelvan.com\\\/magaza\\\/wp-content\\\/uploads\\\/2024\\\/02\\\/1-112-scaled.jpg\",\"contentUrl\":\"https:\\\/\\\/astrologelvan.com\\\/magaza\\\/wp-content\\\/uploads\\\/2024\\\/02\\\/1-112-scaled.jpg\",\"width\":2560,\"height\":2560},{\"@type\":\"BreadcrumbList\",\"@id\":\"https:\\\/\\\/astrologelvan.com\\\/magaza\\\/urun\\\/hayat-agaci-obsidyen-kolye\\\/#breadcrumb\",\"itemListElement\":[{\"@type\":\"ListItem\",\"position\":1,\"name\":\"Anasayfa\",\"item\":\"https:\\\/\\\/astrologelvan.com\\\/magaza\\\/\"},{\"@type\":\"ListItem\",\"position\":2,\"name\":\"Ma\u011faza\",\"item\":\"https:\\\/\\\/astrologelvan.com\\\/magaza\\\/magaza\\\/\"},{\"@type\":\"ListItem\",\"position\":3,\"name\":\"HAYAT A\u011eACI OBS\u0130DYEN KOLYE\"}]},{\"@type\":\"WebSite\",\"@id\":\"https:\\\/\\\/astrologelvan.com\\\/magaza\\\/#website\",\"url\":\"https:\\\/\\\/astrologelvan.com\\\/magaza\\\/\",\"name\":\"Astrolog Elvan\",\"description\":\"\",\"potentialAction\":[{\"@type\":\"SearchAction\",\"target\":{\"@type\":\"EntryPoint\",\"urlTemplate\":\"https:\\\/\\\/astrologelvan.com\\\/magaza\\\/?s={search_term_string}\"},\"query-input\":{\"@type\":\"PropertyValueSpecification\",\"valueRequired\":true,\"valueName\":\"search_term_string\"}}],\"inLanguage\":\"tr\"}]}<\/script>\n<!-- \/ Yoast SEO plugin. -->","yoast_head_json":{"title":"HAYAT A\u011eACI OBS\u0130DYEN KOLYE - Astrolog Elvan","robots":{"index":"index","follow":"follow","max-snippet":"max-snippet:-1","max-image-preview":"max-image-preview:large","max-video-preview":"max-video-preview:-1"},"canonical":"https:\/\/astrologelvan.com\/magaza\/urun\/hayat-agaci-obsidyen-kolye\/","og_locale":"tr_TR","og_type":"article","og_title":"HAYAT A\u011eACI OBS\u0130DYEN KOLYE - Astrolog Elvan","og_description":"G\u00fc\u00e7l\u00fc enerjisiyle koruyucu ta\u015f olarak da bilinen obsidyen; ki\u015filerin bilin\u00e7alt\u0131nda bulunan g\u00f6lge benliklerini, korkular\u0131n\u0131 ve zay\u0131fl\u0131klar\u0131n\u0131 serbest b\u0131rakmas\u0131na yard\u0131mc\u0131 olur. Ki\u015fiyi ger\u00e7ek benli\u011fi ile y\u00fczle\u015fmeye zorlar. Negatif enerjileri serbest b\u0131rak\u0131r. Koruyucudur ve de\u011fi\u015fim s\u0131ras\u0131nda destek sa\u011flar. Olumsuz d\u00fc\u015f\u00fcnceleri da\u011f\u0131t\u0131r.  &nbsp;","og_url":"https:\/\/astrologelvan.com\/magaza\/urun\/hayat-agaci-obsidyen-kolye\/","og_site_name":"Astrolog Elvan","article_modified_time":"2025-12-01T06:24:45+00:00","og_image":[{"width":2560,"height":2560,"url":"https:\/\/astrologelvan.com\/magaza\/wp-content\/uploads\/2024\/02\/1-112-scaled.jpg","type":"image\/jpeg"}],"twitter_card":"summary_large_image","twitter_misc":{"Tahmini okuma s\u00fcresi":"2 dakika"},"schema":{"@context":"https:\/\/schema.org","@graph":[{"@type":["WebPage","ItemPage"],"@id":"https:\/\/astrologelvan.com\/magaza\/urun\/hayat-agaci-obsidyen-kolye\/","url":"https:\/\/astrologelvan.com\/magaza\/urun\/hayat-agaci-obsidyen-kolye\/","name":"HAYAT A\u011eACI OBS\u0130DYEN KOLYE - Astrolog Elvan","isPartOf":{"@id":"https:\/\/astrologelvan.com\/magaza\/#website"},"primaryImageOfPage":{"@id":"https:\/\/astrologelvan.com\/magaza\/urun\/hayat-agaci-obsidyen-kolye\/#primaryimage"},"image":{"@id":"https:\/\/astrologelvan.com\/magaza\/urun\/hayat-agaci-obsidyen-kolye\/#primaryimage"},"thumbnailUrl":"https:\/\/astrologelvan.com\/magaza\/wp-content\/uploads\/2024\/02\/1-112-scaled.jpg","datePublished":"2024-02-27T23:19:13+00:00","dateModified":"2025-12-01T06:24:45+00:00","breadcrumb":{"@id":"https:\/\/astrologelvan.com\/magaza\/urun\/hayat-agaci-obsidyen-kolye\/#breadcrumb"},"inLanguage":"tr","potentialAction":[{"@type":"ReadAction","target":["https:\/\/astrologelvan.com\/magaza\/urun\/hayat-agaci-obsidyen-kolye\/"]}]},{"@type":"ImageObject","inLanguage":"tr","@id":"https:\/\/astrologelvan.com\/magaza\/urun\/hayat-agaci-obsidyen-kolye\/#primaryimage","url":"https:\/\/astrologelvan.com\/magaza\/wp-content\/uploads\/2024\/02\/1-112-scaled.jpg","contentUrl":"https:\/\/astrologelvan.com\/magaza\/wp-content\/uploads\/2024\/02\/1-112-scaled.jpg","width":2560,"height":2560},{"@type":"BreadcrumbList","@id":"https:\/\/astrologelvan.com\/magaza\/urun\/hayat-agaci-obsidyen-kolye\/#breadcrumb","itemListElement":[{"@type":"ListItem","position":1,"name":"Anasayfa","item":"https:\/\/astrologelvan.com\/magaza\/"},{"@type":"ListItem","position":2,"name":"Ma\u011faza","item":"https:\/\/astrologelvan.com\/magaza\/magaza\/"},{"@type":"ListItem","position":3,"name":"HAYAT A\u011eACI OBS\u0130DYEN KOLYE"}]},{"@type":"WebSite","@id":"https:\/\/astrologelvan.com\/magaza\/#website","url":"https:\/\/astrologelvan.com\/magaza\/","name":"Astrolog Elvan","description":"","potentialAction":[{"@type":"SearchAction","target":{"@type":"EntryPoint","urlTemplate":"https:\/\/astrologelvan.com\/magaza\/?s={search_term_string}"},"query-input":{"@type":"PropertyValueSpecification","valueRequired":true,"valueName":"search_term_string"}}],"inLanguage":"tr"}]}},"_links":{"self":[{"href":"https:\/\/astrologelvan.com\/magaza\/wp-json\/wp\/v2\/product\/372","targetHints":{"allow":["GET"]}}],"collection":[{"href":"https:\/\/astrologelvan.com\/magaza\/wp-json\/wp\/v2\/product"}],"about":[{"href":"https:\/\/astrologelvan.com\/magaza\/wp-json\/wp\/v2\/types\/product"}],"replies":[{"embeddable":true,"href":"https:\/\/astrologelvan.com\/magaza\/wp-json\/wp\/v2\/comments?post=372"}],"wp:featuredmedia":[{"embeddable":true,"href":"https:\/\/astrologelvan.com\/magaza\/wp-json\/wp\/v2\/media\/8345"}],"wp:attachment":[{"href":"https:\/\/astrologelvan.com\/magaza\/wp-json\/wp\/v2\/media?parent=372"}],"wp:term":[{"taxonomy":"product_brand","embeddable":true,"href":"https:\/\/astrologelvan.com\/magaza\/wp-json\/wp\/v2\/product_brand?post=372"},{"taxonomy":"product_cat","embeddable":true,"href":"https:\/\/astrologelvan.com\/magaza\/wp-json\/wp\/v2\/product_cat?post=372"},{"taxonomy":"product_tag","embeddable":true,"href":"https:\/\/astrologelvan.com\/magaza\/wp-json\/wp\/v2\/product_tag?post=372"}],"curies":[{"name":"wp","href":"https:\/\/api.w.org\/{rel}","templated":true}]}}